{"id":38483,"date":"2025-05-17T09:19:05","date_gmt":"2025-05-17T02:19:05","guid":{"rendered":"https:\/\/havamall.vn\/?post_type=product&#038;p=38483"},"modified":"2025-11-03T13:51:07","modified_gmt":"2025-11-03T06:51:07","slug":"keo-toffifee-caramel-mem-nhan-socola-hat-de-125g-a-hazelnut-in-caramel-with-creamy-nougat-and-chocolate","status":"publish","type":"product","link":"https:\/\/havamall.vn\/en\/shop\/keo-toffifee-caramel-mem-nhan-socola-hat-de-125g-a-hazelnut-in-caramel-with-creamy-nougat-and-chocolate\/","title":{"rendered":"K\u1eb9o Toffifee Caramel M\u1ec1m Nh\u00e2n Socola H\u1ea1t D\u1ebb 125g &#8211; A Hazelnut in Caramel with Creamy Nougat and Chocolate"},"content":{"rendered":"<h3><strong>TH\u00d4NG TIN S\u1ea2N PH\u1ea8M<\/strong><\/h3>\n<table>\n<tbody>\n<tr>\n<td>Th\u01b0\u01a1ng hi\u1ec7u<\/td>\n<td>Toffifee<\/td>\n<\/tr>\n<tr>\n<td>Xu\u1ea5t X\u1ee9<\/td>\n<td>\u0110\u1ee9c<\/td>\n<\/tr>\n<tr>\n<td>Th\u00e0nh ph\u1ea7n<\/td>\n<td>\n<p data-start=\"1054\" data-end=\"1149\">Xem tr\u00ean bao b\u00ec<\/p>\n<\/td>\n<\/tr>\n<tr>\n<td>H\u1ea1n s\u1eed d\u1ee5ng<\/td>\n<td>Xem tr\u00ean bao b\u00ec<\/td>\n<\/tr>\n<tr>\n<td>B\u1ea3o qu\u1ea3n<\/td>\n<td>B\u1ea3o qu\u1ea3n n\u01a1i kh\u00f4 r\u00e1o, tr\u00e1nh \u00e1nh n\u1eafng tr\u1ef1c ti\u1ebfp v\u00e0 nhi\u1ec7t \u0111\u1ed9 cao<\/td>\n<\/tr>\n<tr>\n<td>Kh\u1ed1i l\u01b0\u1ee3ng t\u1ecbnh<\/td>\n<td>125g<\/td>\n<\/tr>\n<\/tbody>\n<\/table>\n<p data-sourcepos=\"12:1-12:350\"><strong>\u0110\u1ee9c<\/strong> l\u00e0 qu\u00ea h\u01b0\u01a1ng c\u1ee7a nhi\u1ec1u th\u01b0\u01a1ng hi\u1ec7u b\u00e1nh k\u1eb9o n\u1ed5i ti\u1ebfng th\u1ebf gi\u1edbi, trong s\u1ed1 \u0111\u00f3 <strong>Toffifee<\/strong> l\u00e0 m\u1ed9t vi\u00ean k\u1eb9o \u0111\u1ed9c \u0111\u00e1o mang \u0111\u1ebfn tr\u1ea3i nghi\u1ec7m h\u01b0\u01a1ng v\u1ecb ph\u1ee9c h\u1ee3p kh\u00f3 qu\u00ean. Ra \u0111\u1eddi d\u01b0\u1edbi s\u1ef1 b\u1ea3o tr\u1ee3 c\u1ee7a t\u1eadp \u0111o\u00e0n Storck, Toffifee nhanh ch\u00f3ng t\u1ea1o d\u1ef1ng t\u00ean tu\u1ed5i nh\u1edd s\u1ef1 k\u1ebft h\u1ee3p \u0111\u1ea7y s\u00e1ng t\u1ea1o c\u1ee7a c\u00e1c th\u00e0nh ph\u1ea7n h\u1ea3o h\u1ea1ng, tr\u1edf th\u00e0nh m\u00f3n k\u1eb9o y\u00eau th\u00edch c\u1ee7a nhi\u1ec1u th\u1ebf h\u1ec7 tr\u00ean to\u00e0n c\u1ea7u.<\/p>\n<p data-sourcepos=\"12:1-12:350\"><img fetchpriority=\"high\" decoding=\"async\" class=\"aligncenter\" src=\"https:\/\/scontent.fsgn19-1.fna.fbcdn.net\/v\/t39.30808-6\/480827283_1058733862936007_4029507674487057740_n.jpg?_nc_cat=108&amp;ccb=1-7&amp;_nc_sid=f727a1&amp;_nc_ohc=3j2-xx_uP-AQ7kNvwF3ZavM&amp;_nc_oc=Admh_NRvQixYTGOtHbhwPIsnqQA-1NoHcVov2EZCaPROy2D6XnVVBJx5LT8GGeouQPzeaLqyVfibZJvHRnppzmDQ&amp;_nc_zt=23&amp;_nc_ht=scontent.fsgn19-1.fna&amp;_nc_gid=RVqSWQY9iQrcR5jpnNMc1w&amp;oh=00_AfJGVnPmMDpoVZEQkdtrXYVuzgvtfYVzd8sgamo2mj9fRw&amp;oe=682C6E23\" width=\"881\" height=\"881\" \/><\/p>\n<p data-sourcepos=\"14:1-14:162\"><strong>Toffifee<\/strong> kh\u00f4ng gi\u1ed1ng b\u1ea5t k\u1ef3 lo\u1ea1i k\u1eb9o n\u00e0o kh\u00e1c. M\u1ed7i vi\u00ean k\u1eb9o l\u00e0 m\u1ed9t &#8220;t\u00e1c ph\u1ea9m&#8221; v\u1edbi c\u1ea5u tr\u00fac g\u1ed3m b\u1ed1n l\u1edbp h\u01b0\u01a1ng v\u1ecb v\u00e0 k\u1ebft c\u1ea5u kh\u00e1c bi\u1ec7t, h\u00f2a quy\u1ec7n ho\u00e0n h\u1ea3o v\u1edbi nhau:<\/p>\n<ul data-sourcepos=\"16:1-20:0\">\n<li data-sourcepos=\"16:1-16:63\"><strong>H\u1ea1t d\u1ebb nguy\u00ean h\u1ea1t:<\/strong> Gi\u00f2n b\u00f9i v\u00e0 l\u00e0 trung t\u00e2m c\u1ee7a vi\u00ean k\u1eb9o.<\/li>\n<li data-sourcepos=\"17:1-17:71\"><strong>L\u1edbp caramel:<\/strong> Bao b\u1ecdc h\u1ea1t d\u1ebb, t\u1ea1o v\u1ecb ng\u1ecdt v\u00e0 \u0111\u1ed9 dai nh\u1eb9 \u0111\u1eb7c tr\u01b0ng.<\/li>\n<li data-sourcepos=\"18:1-18:63\"><strong>Kem Nougat:<\/strong> L\u1edbp kem m\u1ec1m m\u1ecbn, ng\u1ecdt ng\u00e0o ph\u00eda tr\u00ean caramel.<\/li>\n<li data-sourcepos=\"19:1-20:0\"><strong>Gi\u1ecdt s\u00f4 c\u00f4 la:<\/strong> \u0110i\u1ec3m nh\u1ea5n cu\u1ed1i c\u00f9ng, m\u1ed9t gi\u1ecdt s\u00f4 c\u00f4 la s\u1eefa ho\u1eb7c \u0111en (t\u00f9y lo\u1ea1i) \u0111\u1eb7t tr\u00ean c\u00f9ng, ho\u00e0n thi\u1ec7n h\u01b0\u01a1ng v\u1ecb.<\/li>\n<\/ul>\n<p data-sourcepos=\"21:1-21:266\">S\u1ef1 k\u1ebft h\u1ee3p n\u00e0y t\u1ea1o n\u00ean m\u1ed9t tr\u1ea3i nghi\u1ec7m v\u1ecb gi\u00e1c v\u00e0 <strong>k\u1ebft c\u1ea5u \u0111a t\u1ea7ng<\/strong>: t\u1eeb c\u00e1i gi\u00f2n r\u1ee5m c\u1ee7a <strong>h\u1ea1t d\u1ebb<\/strong>, d\u1ebbo dai c\u1ee7a <strong>caramel<\/strong>, m\u1ecbn m\u00e0ng c\u1ee7a <strong>nougat<\/strong>, \u0111\u1ebfn v\u1ecb ng\u1ecdt ng\u00e0o tan ch\u1ea3y c\u1ee7a <strong>s\u00f4 c\u00f4 la<\/strong>. M\u1ed7i l\u1ea7n c\u1eafn l\u00e0 m\u1ed9t kh\u00e1m ph\u00e1 m\u1edbi v\u1ec1 h\u01b0\u01a1ng v\u1ecb, khi\u1ebfn b\u1ea1n kh\u00f4ng th\u1ec3 d\u1eebng l\u1ea1i ch\u1ec9 \u1edf m\u1ed9t vi\u00ean.<\/p>\n<p data-sourcepos=\"21:1-21:266\"><img decoding=\"async\" class=\"aligncenter wp-image-39633\" src=\"https:\/\/havamall.com\/wp-content\/uploads\/2025\/05\/278386513_378303960855780_6603332314554724163_n.jpg\" alt=\"\" width=\"884\" height=\"978\" \/><\/p>\n<p data-sourcepos=\"23:1-23:20\"><span style=\"font-size: 14pt\"><strong>\u0110\u1eb6C \u0110I\u1ec2M N\u1ed4I B\u1eacT<\/strong><\/span><\/p>\n<ul data-sourcepos=\"25:1-30:0\">\n<li data-sourcepos=\"25:1-25:80\"><strong>C\u1ea5u tr\u00fac \u0111\u1ed9c \u0111\u00e1o:<\/strong> S\u1ef1 k\u1ebft h\u1ee3p 4 trong 1: h\u1ea1t d\u1ebb, caramel, nougat, s\u00f4 c\u00f4 la.<\/li>\n<li data-sourcepos=\"26:1-26:87\"><strong>H\u01b0\u01a1ng v\u1ecb ph\u1ee9c h\u1ee3p:<\/strong> Ng\u1ecdt ng\u00e0o, b\u00e9o ng\u1eady, b\u00f9i b\u00f9i t\u1eeb c\u00e1c th\u00e0nh ph\u1ea7n ch\u1ea5t l\u01b0\u1ee3ng cao.<\/li>\n<li data-sourcepos=\"27:1-27:57\"><strong>K\u1ebft c\u1ea5u \u0111a d\u1ea1ng:<\/strong> Gi\u00f2n, dai, m\u1ecbn, tan ch\u1ea3y c\u00f9ng l\u00fac.<\/li>\n<li data-sourcepos=\"28:1-28:100\"><strong>S\u1ea3n xu\u1ea5t t\u1ea1i \u0110\u1ee9c:<\/strong> \u0110\u1ea3m b\u1ea3o ti\u00eau chu\u1ea9n ch\u1ea5t l\u01b0\u1ee3ng nghi\u00eam ng\u1eb7t c\u1ee7a \u0110\u1ee9c (Quality Made in Germany).<\/li>\n<li data-sourcepos=\"29:1-30:0\"><strong>\u0110\u00f3ng g\u00f3i ti\u1ec7n l\u1ee3i:<\/strong> M\u1ed7i vi\u00ean k\u1eb9o \u0111\u01b0\u1ee3c \u0111\u1eb7t trong khu\u00f4n ri\u00eang v\u00e0 h\u1ed9p gi\u1ea5y ch\u1eafc ch\u1eafn, d\u1ec5 b\u1ea3o qu\u1ea3n v\u00e0 chia s\u1ebb.<\/li>\n<\/ul>\n<p><img decoding=\"async\" class=\"aligncenter\" src=\"https:\/\/havamall.com\/wp-content\/uploads\/2025\/05\/81rON4so9XL.jpg\" width=\"887\" height=\"592\" \/><\/p>\n<p data-sourcepos=\"31:1-31:62\"><span style=\"font-size: 14pt\"><strong>Th\u01b0\u1edfng th\u1ee9c Toffifee \u2013 Kho\u1ea3nh kh\u1eafc ng\u1ecdt ng\u00e0o cho ri\u00eang b\u1ea1n<\/strong><\/span><\/p>\n<ul data-sourcepos=\"35:1-39:0\">\n<li data-sourcepos=\"35:1-35:89\"><strong>\u0102n v\u1eb7t h\u00e0ng ng\u00e0y:<\/strong> M\u1ed9t v\u00e0i vi\u00ean Toffifee l\u00e0 m\u00f3n \u0103n nh\u1eb9 tuy\u1ec7t v\u1eddi gi\u1eefa c\u00e1c b\u1eefa ch\u00ednh.<\/li>\n<li data-sourcepos=\"36:1-36:86\"><strong>Khi u\u1ed1ng c\u00e0 ph\u00ea ho\u1eb7c tr\u00e0:<\/strong> V\u1ecb ng\u1ecdt b\u00e9o c\u1ee7a k\u1eb9o r\u1ea5t h\u1ee3p khi d\u00f9ng k\u00e8m \u0111\u1ed3 u\u1ed1ng n\u00f3ng.<\/li>\n<li data-sourcepos=\"37:1-37:94\"><strong>Qu\u00e0 t\u1eb7ng \u00fd ngh\u0129a:<\/strong> H\u1ed9p Toffifee l\u00e0 m\u00f3n qu\u00e0 \u0111\u01a1n gi\u1ea3n nh\u01b0ng tinh t\u1ebf, ph\u00f9 h\u1ee3p cho nhi\u1ec1u d\u1ecbp.<\/li>\n<li data-sourcepos=\"38:1-39:0\"><strong>Chia s\u1ebb:<\/strong> C\u1ea5u tr\u00fac h\u1ed9p ti\u1ec7n l\u1ee3i gi\u00fap b\u1ea1n d\u1ec5 d\u00e0ng chia s\u1ebb nh\u1eefng vi\u00ean k\u1eb9o ngon l\u00e0nh n\u00e0y.<\/li>\n<\/ul>\n<p><img loading=\"lazy\" decoding=\"async\" class=\"aligncenter wp-image-39634\" src=\"https:\/\/havamall.com\/wp-content\/uploads\/2025\/05\/TOFFIFEE-BIG-NIGHT-IN-5.jpg\" alt=\"\" width=\"890\" height=\"890\" \/><\/p>\n<p data-sourcepos=\"40:1-40:282\">V\u1edbi <strong>K\u1eb9o H\u1ea1t D\u1ebb Ph\u1ee7 Caramel, Nougat v\u00e0 S\u00f4 C\u00f4 La Toffifee 125g &#8211; Toffifee<\/strong>, b\u1ea1n s\u1ebd \u0111\u01b0\u1ee3c tr\u1ea3i nghi\u1ec7m h\u01b0\u01a1ng v\u1ecb k\u1eb9o ch\u00e2u \u00c2u \u0111\u1ed9c \u0111\u00e1o, l\u00e0 s\u1ef1 h\u00f2a quy\u1ec7n \u0111\u1ea7y tinh t\u1ebf c\u1ee7a nh\u1eefng nguy\u00ean li\u1ec7u \u0111\u01b0\u1ee3c y\u00eau th\u00edch. H\u00e3y th\u1eed Toffifee ngay h\u00f4m nay \u0111\u1ec3 kh\u00e1m ph\u00e1 s\u1ef1 ph\u1ee9c t\u1ea1p v\u00e0 h\u1ea5p d\u1eabn trong t\u1eebng vi\u00ean k\u1eb9o! S\u1ea3n ph\u1ea9m hi\u1ec7n \u0111\u00e3 c\u00f3 m\u1eb7t t\u1ea1i\u00a0<strong>Havamall<\/strong>.<\/p>","protected":false},"excerpt":{"rendered":"<p>TH\u00d4NG TIN S\u1ea2N PH\u1ea8M Th\u01b0\u01a1ng hi\u1ec7u Toffifee Xu\u1ea5t X\u1ee9 \u0110\u1ee9c Th\u00e0nh ph\u1ea7n Xem tr\u00ean bao b\u00ec H\u1ea1n s\u1eed d\u1ee5ng Xem<\/p>","protected":false},"featured_media":38484,"comment_status":"open","ping_status":"closed","template":"","meta":[],"product_brand":[],"product_cat":[682,133],"product_tag":[],"class_list":{"0":"post-38483","1":"product","2":"type-product","3":"status-publish","4":"has-post-thumbnail","6":"product_cat-nhap-khau-duc","7":"product_cat-banh-keo-chocolate","9":"first","10":"instock","11":"shipping-taxable","12":"purchasable","13":"product-type-simple"},"_links":{"self":[{"href":"https:\/\/havamall.vn\/en\/wp-json\/wp\/v2\/product\/38483"}],"collection":[{"href":"https:\/\/havamall.vn\/en\/wp-json\/wp\/v2\/product"}],"about":[{"href":"https:\/\/havamall.vn\/en\/wp-json\/wp\/v2\/types\/product"}],"replies":[{"embeddable":true,"href":"https:\/\/havamall.vn\/en\/wp-json\/wp\/v2\/comments?post=38483"}],"version-history":[{"count":0,"href":"https:\/\/havamall.vn\/en\/wp-json\/wp\/v2\/product\/38483\/revisions"}],"wp:featuredmedia":[{"embeddable":true,"href":"https:\/\/havamall.vn\/en\/wp-json\/wp\/v2\/media\/38484"}],"wp:attachment":[{"href":"https:\/\/havamall.vn\/en\/wp-json\/wp\/v2\/media?parent=38483"}],"wp:term":[{"taxonomy":"product_brand","embeddable":true,"href":"https:\/\/havamall.vn\/en\/wp-json\/wp\/v2\/product_brand?post=38483"},{"taxonomy":"product_cat","embeddable":true,"href":"https:\/\/havamall.vn\/en\/wp-json\/wp\/v2\/product_cat?post=38483"},{"taxonomy":"product_tag","embeddable":true,"href":"https:\/\/havamall.vn\/en\/wp-json\/wp\/v2\/product_tag?post=38483"}],"curies":[{"name":"wp","href":"https:\/\/api.w.org\/{rel}","templated":true}]}}