{"id":38479,"date":"2025-05-16T17:26:54","date_gmt":"2025-05-16T10:26:54","guid":{"rendered":"https:\/\/havamall.vn\/?post_type=product&#038;p=38479"},"modified":"2025-08-01T14:22:36","modified_gmt":"2025-08-01T07:22:36","slug":"keo-marshmallow-deo-xop-haribo-175g-haribo-chamallows-pink-white","status":"publish","type":"product","link":"https:\/\/havamall.vn\/en\/shop\/keo-marshmallow-deo-xop-haribo-175g-haribo-chamallows-pink-white\/","title":{"rendered":"K\u1eb9o Marshmallow D\u1ebbo X\u1ed1p Haribo (70g\/150g) \u2013 Haribo Chamallows Pink &amp; White"},"content":{"rendered":"<h3><strong>TH\u00d4NG TIN S\u1ea2N PH\u1ea8M<\/strong><\/h3>\n<table style=\"width: 52.2797%;height: 201px\">\n<tbody>\n<tr>\n<td>Th\u01b0\u01a1ng hi\u1ec7u<\/td>\n<td>Haribo<\/td>\n<\/tr>\n<tr>\n<td>Xu\u1ea5t X\u1ee9<\/td>\n<td>\u0110\u1ee9c<\/td>\n<\/tr>\n<tr>\n<td>Th\u00e0nh ph\u1ea7n<\/td>\n<td>\n<p data-start=\"1054\" data-end=\"1149\">Xem tr\u00ean bao b\u00ec<\/p>\n<\/td>\n<\/tr>\n<tr>\n<td>H\u1ea1n s\u1eed d\u1ee5ng<\/td>\n<td>Xem tr\u00ean bao b\u00ec<\/td>\n<\/tr>\n<tr>\n<td>B\u1ea3o qu\u1ea3n<\/td>\n<td>B\u1ea3o qu\u1ea3n n\u01a1i kh\u00f4 r\u00e1o, tr\u00e1nh \u00e1nh n\u1eafng tr\u1ef1c ti\u1ebfp v\u00e0 nhi\u1ec7t \u0111\u1ed9 cao<\/td>\n<\/tr>\n<tr>\n<td>Kh\u1ed1i l\u01b0\u1ee3ng t\u1ecbnh<\/td>\n<td>70g\/150g<\/td>\n<\/tr>\n<\/tbody>\n<\/table>\n<p data-sourcepos=\"12:1-12:375\">Haribo, th\u01b0\u01a1ng hi\u1ec7u k\u1eb9o d\u1ebbo huy\u1ec1n tho\u1ea1i t\u1eeb \u0110\u1ee9c v\u1edbi l\u1ecbch s\u1eed h\u01a1n m\u1ed9t th\u1ebf k\u1ef7, kh\u00f4ng ch\u1ec9 n\u1ed5i ti\u1ebfng v\u1edbi nh\u1eefng ch\u00fa G\u1ea5u V\u00e0ng Goldbears m\u00e0 c\u00f2n chinh ph\u1ee5c tr\u00e1i tim ng\u01b0\u1eddi y\u00eau k\u1eb9o tr\u00ean to\u00e0n th\u1ebf gi\u1edbi b\u1eb1ng d\u00f2ng s\u1ea3n ph\u1ea9m Marshmallow m\u1ec1m m\u1ea1i, x\u1ed1p nh\u1eb9. Mang tinh th\u1ea7n &#8220;Happy World of Haribo&#8221;, k\u1eb9o Marshmallow Chamallows l\u00e0 bi\u1ec3u t\u01b0\u1ee3ng c\u1ee7a s\u1ef1 ng\u1ecdt ng\u00e0o, vui t\u01b0\u01a1i v\u00e0 nh\u1eefng kho\u1ea3nh kh\u1eafc th\u01b0 gi\u00e3n.<\/p>\n<p data-sourcepos=\"12:1-12:375\"><img fetchpriority=\"high\" decoding=\"async\" class=\"aligncenter\" src=\"https:\/\/haribohappyworld.com\/_next\/image?url=%2F_next%2Fstatic%2Fmedia%2Fimg_logo1_3x.40635f0a.png&amp;w=3840&amp;q=75\" alt=\"HARIBO | Happy World in Jeju\" width=\"804\" height=\"363\" \/><\/p>\n<p data-sourcepos=\"14:1-14:382\">Trong th\u1ebf gi\u1edbi k\u1eb9o Marshmallow \u0111a d\u1ea1ng c\u1ee7a Haribo, Chamallows H\u1ed3ng Tr\u1eafng l\u00e0 m\u1ed9t trong nh\u1eefng l\u1ef1a ch\u1ecdn \u0111\u01b0\u1ee3c y\u00eau th\u00edch nh\u1ea5t. Kh\u00e1c bi\u1ec7t v\u1edbi k\u1eb9o d\u1ebbo dai, Marshmallow Haribo mang \u0111\u1ebfn m\u1ed9t tr\u1ea3i nghi\u1ec7m ho\u00e0n to\u00e0n kh\u00e1c bi\u1ec7t: c\u1ef1c k\u1ef3 m\u1ec1m m\u1ea1i, tan ch\u1ea3y nh\u1eb9 nh\u00e0ng trong mi\u1ec7ng, nh\u01b0 nh\u1eefng vi\u00ean m\u00e2y ng\u1ecdt ng\u00e0o. M\u00e0u s\u1eafc h\u1ed3ng v\u00e0 tr\u1eafng \u0111an xen t\u1ea1o n\u00ean v\u1ebb ngo\u00e0i \u0111\u00e1ng y\u00eau, h\u1ea5p d\u1eabn, \u0111\u1eb7c bi\u1ec7t l\u00e0 v\u1edbi tr\u1ebb nh\u1ecf.<\/p>\n<p data-sourcepos=\"16:1-16:448\"><strong>K\u1eb9o Marshmallow Haribo Chamallows<\/strong> \u0111\u01b0\u1ee3c l\u00e0m t\u1eeb c\u00e1c nguy\u00ean li\u1ec7u c\u01a1 b\u1ea3n nh\u01b0 \u0111\u01b0\u1eddng, siro glucose, gelatin v\u00e0 h\u01b0\u01a1ng vani t\u1ef1 nhi\u00ean, kh\u00f4ng ch\u1ee9a ph\u1ea9m m\u00e0u nh\u00e2n t\u1ea1o theo ti\u00eau chu\u1ea9n ch\u00e2u \u00c2u. \u0110i\u1ec3m l\u00e0m n\u00ean s\u1ef1 \u0111\u1eb7c bi\u1ec7t c\u1ee7a lo\u1ea1i k\u1eb9o n\u00e0y ch\u00ednh l\u00e0 k\u1ebft c\u1ea5u <strong>si\u00eau m\u1ec1m, x\u1ed1p, nh\u1eb9 t\u00eanh<\/strong>. Khi cho v\u00e0o mi\u1ec7ng, k\u1eb9o tan ra r\u1ea5t nhanh, \u0111\u1ec3 l\u1ea1i v\u1ecb ng\u1ecdt d\u1ecbu v\u00e0 h\u01b0\u01a1ng vani thoang tho\u1ea3ng. S\u1ef1 k\u1ebft h\u1ee3p m\u00e0u s\u1eafc h\u1ed3ng tr\u1eafng kh\u00f4ng ch\u1ec9 \u0111\u1eb9p m\u1eaft m\u00e0 c\u00f2n t\u0103ng th\u00eam s\u1ef1 th\u00fa v\u1ecb khi th\u01b0\u1edfng th\u1ee9c.<\/p>\n<p data-sourcepos=\"16:1-16:448\"><img decoding=\"async\" class=\"aligncenter\" src=\"https:\/\/havamall.com\/wp-content\/uploads\/2025\/05\/8150VFZZLpL.jpg\" width=\"832\" height=\"640\" \/><\/p>\n<p data-sourcepos=\"18:1-18:20\"><strong>\u0110\u1eb6C \u0110I\u1ec2M N\u1ed4I B\u1eacT<\/strong><\/p>\n<ul data-sourcepos=\"20:1-25:0\">\n<li data-sourcepos=\"20:1-20:91\"><strong>K\u1ebft c\u1ea5u m\u1ec1m m\u1ea1i, x\u1ed1p nh\u1eb9:<\/strong> \u0110\u1eb7c tr\u01b0ng c\u1ee7a Marshmallow ch\u1ea5t l\u01b0\u1ee3ng cao, tan ch\u1ea3y d\u1ec5 d\u00e0ng.<\/li>\n<li data-sourcepos=\"21:1-21:94\"><strong>H\u01b0\u01a1ng v\u1ecb ng\u1ecdt d\u1ecbu v\u00e0 vani:<\/strong> V\u1ecb ng\u1ecdt thanh tho\u00e1t, kh\u00f4ng g\u1eaft, k\u1ebft h\u1ee3p h\u01b0\u01a1ng vani th\u01a1m l\u1eebng.<\/li>\n<li data-sourcepos=\"22:1-22:79\"><strong>M\u00e0u s\u1eafc h\u1ed3ng tr\u1eafng b\u1eaft m\u1eaft:<\/strong> T\u1ea1o h\u00ecnh vi\u00ean k\u1eb9o xinh x\u1eafn, h\u1ea5p d\u1eabn th\u1ecb gi\u00e1c.<\/li>\n<li data-sourcepos=\"23:1-23:66\"><strong>Th\u01b0\u01a1ng hi\u1ec7u Haribo uy t\u00edn:<\/strong> \u0110\u1ea3m b\u1ea3o ch\u1ea5t l\u01b0\u1ee3ng v\u00e0 s\u1ef1 an to\u00e0n.<\/li>\n<li data-sourcepos=\"24:1-25:0\"><strong>\u0110a d\u1ea1ng c\u00e1ch th\u01b0\u1edfng th\u1ee9c:<\/strong> C\u00f3 th\u1ec3 \u0103n tr\u1ef1c ti\u1ebfp ho\u1eb7c d\u00f9ng trong nhi\u1ec1u m\u00f3n kh\u00e1c.<\/li>\n<\/ul>\n<p><img decoding=\"async\" class=\"aligncenter\" src=\"https:\/\/havamall.com\/wp-content\/uploads\/2025\/05\/61RS1a9MpjL.jpg\" alt=\"Haribo Chamallows Marshmallows 140g bag sweets : Amazon.co.uk: Grocery\" width=\"838\" height=\"644\" \/><\/p>\n<p data-sourcepos=\"26:1-26:75\"><strong>Th\u01b0\u1edfng th\u1ee9c K\u1eb9o Marshmallow Haribo Chamallows theo nhi\u1ec1u c\u00e1ch s\u00e1ng t\u1ea1o:<\/strong><\/p>\n<p data-sourcepos=\"28:1-28:130\">K\u1eb9o Marshmallow Haribo Chamallows H\u1ed3ng Tr\u1eafng kh\u00f4ng ch\u1ec9 \u0111\u1ec3 \u0103n kh\u00f4ng, m\u00e0 c\u00f2n l\u00e0 nguy\u00ean li\u1ec7u tuy\u1ec7t v\u1eddi cho nhi\u1ec1u m\u00f3n \u0103n v\u00e0 th\u1ee9c u\u1ed1ng:<\/p>\n<ul data-sourcepos=\"30:1-35:0\">\n<li data-sourcepos=\"30:1-30:70\"><strong>\u0102n tr\u1ef1c ti\u1ebfp:<\/strong> Th\u01b0\u1edfng th\u1ee9c \u0111\u1ed9 m\u1ec1m x\u1ed1p v\u00e0 v\u1ecb ng\u1ecdt d\u1ecbu ngay t\u1eeb g\u00f3i.<\/li>\n<li data-sourcepos=\"31:1-31:142\"><strong>Pha Cacao\/Socola n\u00f3ng:<\/strong> Th\u1ea3 v\u00e0i vi\u00ean Marshmallow v\u00e0o c\u1ed1c Cacao\/Socola n\u00f3ng h\u1ed5i, k\u1eb9o s\u1ebd tan ch\u1ea3y t\u1ea1o l\u1edbp b\u1ecdt m\u1ec1m v\u00e0 t\u0103ng th\u00eam v\u1ecb b\u00e9o ng\u1eady.<\/li>\n<\/ul>\n<p><img loading=\"lazy\" decoding=\"async\" class=\"aligncenter\" src=\"https:\/\/scontent.fsgn8-3.fna.fbcdn.net\/v\/t1.6435-9\/148922091_2728957530688663_9194685189314781691_n.jpg?_nc_cat=110&amp;ccb=1-7&amp;_nc_sid=3a1ebe&amp;_nc_ohc=W6CRZdiPQE0Q7kNvwEkG-2-&amp;_nc_oc=Adn02DDThKZo8LbPUokc-TD1h0aq20yBDRWCAA54XJHL3BvCW43W76NgOiNosc2-C1K7LcKOjDMz0uUiqv9WdvBr&amp;_nc_zt=23&amp;_nc_ht=scontent.fsgn8-3.fna&amp;_nc_gid=fejZh2rBY04mANfuWiQirg&amp;oh=00_AfIqsX3wDagwYYPj3_6JVYLCWfv-BDZaTZgvIm-CrHn12g&amp;oe=684D2FFF\" alt=\"Kh\u00f4ng c\u00f3 m\u00f4 t\u1ea3 \u1ea3nh.\" width=\"842\" height=\"842\" \/><\/p>\n<ul data-sourcepos=\"30:1-35:0\">\n<li data-sourcepos=\"32:1-32:140\"><strong>N\u01b0\u1edbng Marshmallow:<\/strong> N\u01b0\u1edbng tr\u00ean l\u1eeda nh\u1ecf (nh\u01b0 khi \u0111i c\u1eafm tr\u1ea1i) \u0111\u1ec3 l\u1edbp ngo\u00e0i h\u01a1i ch\u00e1y x\u00e9m, gi\u00f2n nh\u1eb9 c\u00f2n b\u00ean trong ch\u1ea3y ra, c\u1ef1c k\u1ef3 h\u1ea5p d\u1eabn!<\/li>\n<li data-sourcepos=\"33:1-33:104\"><strong>Trang tr\u00ed m\u00f3n tr\u00e1ng mi\u1ec7ng:<\/strong> D\u00f9ng \u0111\u1ec3 trang tr\u00ed b\u00e1nh kem, cupcake, pudding, ho\u1eb7c l\u00e0m topping cho kem.<\/li>\n<li data-sourcepos=\"34:1-35:0\"><strong>L\u00e0m nguy\u00ean li\u1ec7u:<\/strong> S\u1eed d\u1ee5ng trong c\u00e1c c\u00f4ng th\u1ee9c l\u00e0m b\u00e1nh nh\u01b0 Rice Krispie Treats (b\u00e1nh g\u1ea1o x\u1ed1p k\u1eb9o Marshmallow), ho\u1eb7c th\u00eam v\u00e0o c\u00e1c lo\u1ea1i b\u00e1nh n\u01b0\u1edbng kh\u00e1c.<\/li>\n<\/ul>\n<p><img loading=\"lazy\" decoding=\"async\" class=\"aligncenter wp-image-39626\" src=\"https:\/\/havamall.com\/wp-content\/uploads\/2025\/05\/image.jpg\" alt=\"\" width=\"846\" height=\"563\" \/><\/p>\n<p data-sourcepos=\"36:1-36:270\">V\u1edbi <strong>K\u1eb9o Marshmallow Haribo Chamallows H\u1ed3ng Tr\u1eafng <\/strong>, b\u1ea1n s\u1ebd \u0111\u01b0\u1ee3c \u0111\u1eafm ch\u00ecm trong v\u1ecb ng\u1ecdt ng\u00e0o, m\u1ec1m m\u1ea1i nh\u01b0 m\u00e2y, mang l\u1ea1i ni\u1ec1m vui cho c\u1ea3 tr\u1ebb nh\u1ecf v\u00e0 ng\u01b0\u1eddi l\u1edbn. H\u00e3y \u0111\u1ec3 nh\u1eefng vi\u00ean k\u1eb9o \u0111\u00e1ng y\u00eau n\u00e0y l\u00e0m phong ph\u00fa th\u00eam nh\u1eefng kho\u1ea3nh kh\u1eafc ng\u1ecdt ng\u00e0o trong cu\u1ed9c s\u1ed1ng c\u1ee7a b\u1ea1n! \u00a0S\u1ea3n ph\u1ea9m hi\u1ec7n \u0111\u00e3 c\u00f3 m\u1eb7t t\u1ea1i\u00a0<strong>Havamall<\/strong>.<\/p>","protected":false},"excerpt":{"rendered":"<p>TH\u00d4NG TIN S\u1ea2N PH\u1ea8M Th\u01b0\u01a1ng hi\u1ec7u Haribo Xu\u1ea5t X\u1ee9 \u0110\u1ee9c Th\u00e0nh ph\u1ea7n Xem tr\u00ean bao b\u00ec H\u1ea1n s\u1eed d\u1ee5ng Xem<\/p>","protected":false},"featured_media":38480,"comment_status":"open","ping_status":"closed","template":"","meta":[],"product_brand":[],"product_cat":[682,133],"product_tag":[],"class_list":{"0":"post-38479","1":"product","2":"type-product","3":"status-publish","4":"has-post-thumbnail","6":"product_cat-nhap-khau-duc","7":"product_cat-banh-keo-chocolate","9":"first","10":"instock","11":"sale","12":"shipping-taxable","13":"purchasable","14":"product-type-variable"},"_links":{"self":[{"href":"https:\/\/havamall.vn\/en\/wp-json\/wp\/v2\/product\/38479"}],"collection":[{"href":"https:\/\/havamall.vn\/en\/wp-json\/wp\/v2\/product"}],"about":[{"href":"https:\/\/havamall.vn\/en\/wp-json\/wp\/v2\/types\/product"}],"replies":[{"embeddable":true,"href":"https:\/\/havamall.vn\/en\/wp-json\/wp\/v2\/comments?post=38479"}],"version-history":[{"count":0,"href":"https:\/\/havamall.vn\/en\/wp-json\/wp\/v2\/product\/38479\/revisions"}],"wp:featuredmedia":[{"embeddable":true,"href":"https:\/\/havamall.vn\/en\/wp-json\/wp\/v2\/media\/38480"}],"wp:attachment":[{"href":"https:\/\/havamall.vn\/en\/wp-json\/wp\/v2\/media?parent=38479"}],"wp:term":[{"taxonomy":"product_brand","embeddable":true,"href":"https:\/\/havamall.vn\/en\/wp-json\/wp\/v2\/product_brand?post=38479"},{"taxonomy":"product_cat","embeddable":true,"href":"https:\/\/havamall.vn\/en\/wp-json\/wp\/v2\/product_cat?post=38479"},{"taxonomy":"product_tag","embeddable":true,"href":"https:\/\/havamall.vn\/en\/wp-json\/wp\/v2\/product_tag?post=38479"}],"curies":[{"name":"wp","href":"https:\/\/api.w.org\/{rel}","templated":true}]}}