{"id":38476,"date":"2025-05-16T17:25:17","date_gmt":"2025-05-16T10:25:17","guid":{"rendered":"https:\/\/havamall.vn\/?post_type=product&#038;p=38476"},"modified":"2025-07-24T09:34:16","modified_gmt":"2025-07-24T02:34:16","slug":"keo-so-co-la-den-nhan-toffee-deo-riesen-135g-riesen-dark-chocolate-chewy-toffee","status":"publish","type":"product","link":"https:\/\/havamall.vn\/en\/shop\/keo-so-co-la-den-nhan-toffee-deo-riesen-135g-riesen-dark-chocolate-chewy-toffee\/","title":{"rendered":"K\u1eb9o S\u00f4 C\u00f4 La \u0110en Nh\u00e2n Toffee D\u1ebbo Riesen 150g &#8211; Riesen Dark Chocolate Chewy Toffee"},"content":{"rendered":"<h2><strong>TH\u00d4NG TIN CHUNG<\/strong><\/h2>\n<table>\n<tbody>\n<tr>\n<td>Th\u01b0\u01a1ng hi\u1ec7u<\/td>\n<td>RIESEN<\/td>\n<\/tr>\n<tr>\n<td>Xu\u1ea5t x\u1ee9<\/td>\n<td>\u0110\u1ee9c<\/td>\n<\/tr>\n<tr>\n<td>Th\u00e0nh ph\u1ea7n<\/td>\n<td>Xem tr\u00ean bao b\u00ec<\/td>\n<\/tr>\n<tr>\n<td>H\u1ea1n s\u1eed d\u1ee5ng<\/td>\n<td>Xem tr\u00ean Bao b\u00ec<\/td>\n<\/tr>\n<tr>\n<td>B\u1ea3o qu\u1ea3n<\/td>\n<td>B\u1ea3o qu\u1ea3n n\u01a1i kh\u00f4 r\u00e1o, tho\u00e1ng m\u00e1t, tr\u00e1nh n\u01a1i c\u00f3 \u0111\u1ed9 cao ho\u1eb7c ti\u1ebfp x\u00fac tr\u1ef1c ti\u1ebfp v\u1edbi \u00e1nh n\u1eafng m\u1eb7t tr\u1eddi.<\/td>\n<\/tr>\n<tr>\n<td>\u00a0Kh\u1ed1i l\u01b0\u1ee3ng<\/td>\n<td>150g<\/td>\n<\/tr>\n<\/tbody>\n<\/table>\n<p data-sourcepos=\"12:1-12:406\"><strong>Riesen<\/strong>, m\u1ed9t c\u00e1i t\u00ean quen thu\u1ed9c trong th\u1ebf gi\u1edbi b\u00e1nh k\u1eb9o qu\u1ed1c t\u1ebf, l\u00e0 s\u1ea3n ph\u1ea9m c\u1ee7a t\u1eadp \u0111o\u00e0n Storck danh ti\u1ebfng t\u1eeb \u0110\u1ee9c. N\u1ed5i ti\u1ebfng v\u1edbi vi\u1ec7c t\u1ea1o ra nh\u1eefng lo\u1ea1i k\u1eb9o s\u00f4 c\u00f4 la v\u00e0 toffee ch\u1ea5t l\u01b0\u1ee3ng cao, Riesen \u0111\u00e3 chinh ph\u1ee5c kh\u1ea9u v\u1ecb c\u1ee7a ng\u01b0\u1eddi ti\u00eau d\u00f9ng to\u00e0n c\u1ea7u b\u1eb1ng s\u1ef1 k\u1ebft h\u1ee3p \u0111\u1ed9c \u0111\u00e1o v\u00e0 h\u01b0\u01a1ng v\u1ecb \u0111\u1eadm \u0111\u00e0. V\u1edbi l\u1ecbch s\u1eed ph\u00e1t tri\u1ec3n b\u1ec1n v\u1eefng, Riesen t\u1ef1 h\u00e0o mang \u0111\u1ebfn nh\u1eefng kho\u1ea3nh kh\u1eafc th\u01b0\u1edfng th\u1ee9c k\u1eb9o \u0111\u1ea7y th\u00fa v\u1ecb v\u00e0 \u0111\u00e1ng nh\u1edb.<\/p>\n<p data-sourcepos=\"12:1-12:406\"><img fetchpriority=\"high\" decoding=\"async\" class=\"aligncenter\" src=\"https:\/\/havamall.com\/wp-content\/uploads\/2025\/05\/f9f9a22d3ca2b29e13a6b2907b63cefa.jpg\" alt=\"[STORCK] RIESEN Chocolate chewy toffee Mega pack 900g - SAMKYOUNG\" width=\"876\" height=\"876\" \/><\/p>\n<p data-sourcepos=\"14:1-14:452\">S\u1ea3n ph\u1ea9m \u0111\u1eb7c tr\u01b0ng l\u00e0m n\u00ean t\u00ean tu\u1ed5i c\u1ee7a Riesen ch\u00ednh l\u00e0 <strong>K\u1eb9o S\u00f4 C\u00f4 La \u0110en Nh\u00e2n Toffee Dai.<\/strong> \u0110\u00e2y kh\u00f4ng ch\u1ec9 l\u00e0 m\u1ed9t vi\u00ean k\u1eb9o \u0111\u01a1n thu\u1ea7n m\u00e0 l\u00e0 s\u1ef1 h\u00f2a quy\u1ec7n tinh t\u1ebf gi\u1eefa l\u1edbp s\u00f4 c\u00f4 la \u0111en \u0111\u1eadm v\u1ecb b\u00ean ngo\u00e0i v\u00e0 nh\u00e2n toffee dai d\u1ebbo b\u00e9o ng\u1eady b\u00ean trong. Ra m\u1eaft v\u1edbi \u00fd t\u01b0\u1edfng mang \u0111\u1ebfn tr\u1ea3i nghi\u1ec7m s\u00f4 c\u00f4 la ch\u00e2n th\u1ef1c k\u1ebft h\u1ee3p v\u1edbi k\u1ebft c\u1ea5u k\u1eb9o toffee truy\u1ec1n th\u1ed1ng, Riesen Dark Chocolate Chewy Toffee nhanh ch\u00f3ng \u0111\u01b0\u1ee3c y\u00eau th\u00edch nh\u1edd h\u01b0\u01a1ng v\u1ecb m\u00e3nh li\u1ec7t v\u00e0 c\u1ea3m gi\u00e1c nhai th\u00fa v\u1ecb.<\/p>\n<p data-sourcepos=\"14:1-14:452\"><img decoding=\"async\" class=\"aligncenter\" src=\"https:\/\/havamall.com\/wp-content\/uploads\/2025\/05\/keo_socola_riesen_3_f1f0cdddbf6040a584dab19ebe8e1883.jpg\" alt=\"K\u1eb9o S\u00f4 c\u00f4 la h\u1ea3o h\u1ea1ng Riesen nh\u1eadp kh\u1ea9u \u0110\u1ee9c th\u01a1m ngon v\u00f4 c\u00f9ng - T\u00fai 377 \u2013 Gia D\u1ee5ng Ch\u00e2u \u00c2u\" width=\"880\" height=\"880\" \/><\/p>\n<p data-sourcepos=\"16:1-16:410\">K\u1eb9o Riesen l\u00e0 s\u1ef1 k\u1ebft h\u1ee3p c\u1ee7a l\u1edbp <strong>s\u00f4 c\u00f4 la \u0111en nguy\u00ean b\u1ea3n Gavoa Cacao Blend<\/strong> gi\u00e0u h\u01b0\u01a1ng v\u1ecb bao b\u1ecdc l\u1ea5y ph\u1ea7n <strong>nh\u00e2n toffee dai, ng\u1ecdt ng\u00e0o<\/strong>. M\u1ed7i vi\u00ean k\u1eb9o l\u00e0 m\u1ed9t s\u1ef1 t\u01b0\u01a1ng ph\u1ea3n \u0111\u1ea7y l\u00f4i cu\u1ed1n: v\u1ecb \u0111\u1eafng nh\u1eb9, s\u00e2u l\u1eafng c\u1ee7a s\u00f4 c\u00f4 la \u0111en h\u00f2a quy\u1ec7n v\u1edbi v\u1ecb ng\u1ecdt ng\u00e0o, b\u00e9o ng\u1eady c\u1ee7a toffee. K\u1ebft c\u1ea5u c\u0169ng l\u00e0 m\u1ed9t \u0111i\u1ec3m nh\u1ea5n \u0111\u1eb7c bi\u1ec7t, t\u1eeb l\u1edbp s\u00f4 c\u00f4 la r\u1eafn ch\u1eafc ban \u0111\u1ea7u \u0111\u1ebfn ph\u1ea7n nh\u00e2n toffee m\u1ec1m d\u1ebbo, dai ngon tan d\u1ea7n trong mi\u1ec7ng.<\/p>\n<p data-sourcepos=\"16:1-16:410\"><img decoding=\"async\" class=\"aligncenter\" src=\"https:\/\/havamall.com\/wp-content\/uploads\/2025\/05\/472789379-1012272667593474-6254127495474233930-n.jpg\" width=\"888\" height=\"931\" \/><\/p>\n<p data-sourcepos=\"18:1-18:20\"><span style=\"font-size: 14pt\"><strong>\u0110\u1eb6C \u0110I\u1ec2M N\u1ed4I B\u1eacT<\/strong><\/span><\/p>\n<ul data-sourcepos=\"20:1-25:0\">\n<li data-sourcepos=\"20:1-20:124\"><strong>S\u00f4 c\u00f4 la \u0111en \u0111\u1eadm v\u1ecb:<\/strong> S\u1eed d\u1ee5ng h\u1ed7n h\u1ee3p cacao Gavoa nguy\u00ean b\u1ea3n, mang \u0111\u1ebfn h\u01b0\u01a1ng v\u1ecb s\u00f4 c\u00f4 la \u0111en ch\u00e2n th\u1ef1c, kh\u00f4ng qu\u00e1 ng\u1ecdt.<\/li>\n<li data-sourcepos=\"21:1-21:106\"><strong>Nh\u00e2n Toffee dai d\u1ebbo:<\/strong> Nh\u00e2n k\u1eb9o b\u00e9o ng\u1eady, c\u00f3 \u0111\u1ed9 dai \u0111\u1eb7c tr\u01b0ng, t\u1ea1o c\u1ea3m gi\u00e1c th\u00edch th\u00fa khi th\u01b0\u1edfng th\u1ee9c.<\/li>\n<li data-sourcepos=\"22:1-22:122\"><strong>K\u1ebft h\u1ee3p h\u01b0\u01a1ng v\u1ecb t\u01b0\u01a1ng ph\u1ea3n:<\/strong> V\u1ecb \u0111\u1eafng nh\u1eb9 c\u1ee7a s\u00f4 c\u00f4 la v\u00e0 v\u1ecb ng\u1ecdt ng\u00e0o c\u1ee7a toffee b\u1ed5 sung cho nhau m\u1ed9t c\u00e1ch ho\u00e0n h\u1ea3o.<\/li>\n<li data-sourcepos=\"23:1-23:89\"><strong>Tr\u1ea3i nghi\u1ec7m nhai th\u00fa v\u1ecb:<\/strong> K\u1ebft c\u1ea5u dai c\u1ee7a toffee khi\u1ebfn b\u1ea1n mu\u1ed1n th\u01b0\u1edfng th\u1ee9c l\u00e2u h\u01a1n.<\/li>\n<li data-sourcepos=\"24:1-25:0\"><strong>Th\u01b0\u01a1ng hi\u1ec7u uy t\u00edn t\u1eeb \u0110\u1ee9c:<\/strong> \u0110\u1ea3m b\u1ea3o ch\u1ea5t l\u01b0\u1ee3ng theo ti\u00eau chu\u1ea9n ch\u00e2u \u00c2u.<\/li>\n<\/ul>\n<p><img loading=\"lazy\" decoding=\"async\" class=\"aligncenter\" src=\"https:\/\/havamall.com\/wp-content\/uploads\/2025\/05\/473223233-1012272697593471-1382171287872806770-n.jpg\" alt=\"K\u1eb9o Socola \u0111en Riesen 105g [T\u1ebeT] | T\u1ed5ng Kho T\u00f4m Fruits\" width=\"914\" height=\"958\" \/><\/p>\n<p data-sourcepos=\"26:1-26:55\"><span style=\"font-size: 14pt\"><strong>Th\u01b0\u1edfng th\u1ee9c K\u1eb9o S\u00f4 C\u00f4 La \u0110en Nh\u00e2n Toffee Dai Riesen<\/strong><\/span><\/p>\n<ul data-sourcepos=\"30:1-34:0\">\n<li data-sourcepos=\"30:1-30:93\"><strong>Th\u01b0\u1edfng th\u1ee9c tr\u1ef1c ti\u1ebfp:<\/strong> Ch\u1ec9 c\u1ea7n b\u00f3c v\u1ecf v\u00e0 t\u1eadn h\u01b0\u1edfng s\u1ef1 h\u00f2a quy\u1ec7n c\u1ee7a s\u00f4 c\u00f4 la v\u00e0 toffee.<\/li>\n<li data-sourcepos=\"31:1-31:82\"><strong>Gi\u1ea3i t\u1ecfa c\u01a1n th\u00e8m ng\u1ecdt:<\/strong> M\u1ed9t v\u00e0i vi\u00ean k\u1eb9o \u0111\u1ee7 \u0111\u1ec3 l\u00e0m h\u00e0i l\u00f2ng v\u1ecb gi\u00e1c c\u1ee7a b\u1ea1n.<\/li>\n<li data-sourcepos=\"32:1-32:120\"><strong>Chia s\u1ebb c\u00f9ng b\u1ea1n b\u00e8:<\/strong> G\u00f3i k\u1eb9o Riesen r\u1ea5t ph\u00f9 h\u1ee3p \u0111\u1ec3 c\u00f9ng nhau th\u01b0\u1edfng th\u1ee9c trong nh\u1eefng cu\u1ed9c tr\u00f2 chuy\u1ec7n hay xem phim.<\/li>\n<li data-sourcepos=\"33:1-34:0\"><strong>Mang theo b\u00ean m\u00ecnh:<\/strong> K\u1eb9o \u0111\u01b0\u1ee3c \u0111\u00f3ng g\u00f3i ri\u00eang t\u1eebng vi\u00ean, ti\u1ec7n l\u1ee3i \u0111\u1ec3 mang \u0111i l\u00e0m, \u0111i h\u1ecdc hay du l\u1ecbch.<\/li>\n<\/ul>\n<p><img loading=\"lazy\" decoding=\"async\" class=\"aligncenter\" src=\"https:\/\/havamall.com\/wp-content\/uploads\/2025\/05\/523cfab355679f2b90d40d9fe41db4f0_1715316244.jpg\" alt=\"STORCK] RIESEN Chocolate chewy toffee Mega pack 900g - SAMKYOUNG\" width=\"910\" height=\"564\" \/><\/p>\n<p data-sourcepos=\"35:1-35:221\">V\u1edbi K\u1eb9o S\u00f4 C\u00f4 La \u0110en Nh\u00e2n Toffee Dai Riesen, b\u1ea1n s\u1ebd \u0111\u01b0\u1ee3c tr\u1ea3i nghi\u1ec7m h\u01b0\u01a1ng v\u1ecb s\u00f4 c\u00f4 la v\u00e0 toffee theo m\u1ed9t c\u00e1ch ho\u00e0n to\u00e0n m\u1edbi l\u1ea1 v\u00e0 h\u1ea5p d\u1eabn. \u0110\u00e2y ch\u1eafc ch\u1eafn s\u1ebd l\u00e0 m\u00f3n k\u1eb9o y\u00eau th\u00edch c\u1ee7a nh\u1eefng ai \u0111am m\u00ea s\u00f4 c\u00f4 la \u0111en v\u00e0 toffee!<\/p>\n","protected":false},"excerpt":{"rendered":"<p>TH\u00d4NG TIN CHUNG Th\u01b0\u01a1ng hi\u1ec7u RIESEN Xu\u1ea5t x\u1ee9 \u0110\u1ee9c Th\u00e0nh ph\u1ea7n Xem tr\u00ean bao b\u00ec H\u1ea1n s\u1eed d\u1ee5ng Xem tr\u00ean<\/p>","protected":false},"featured_media":38477,"comment_status":"open","ping_status":"closed","template":"","meta":[],"product_brand":[],"product_cat":[682,133],"product_tag":[],"class_list":{"0":"post-38476","1":"product","2":"type-product","3":"status-publish","4":"has-post-thumbnail","6":"product_cat-nhap-khau-duc","7":"product_cat-banh-keo-chocolate","9":"first","10":"instock","11":"sale","12":"shipping-taxable","13":"purchasable","14":"product-type-simple"},"_links":{"self":[{"href":"https:\/\/havamall.vn\/en\/wp-json\/wp\/v2\/product\/38476"}],"collection":[{"href":"https:\/\/havamall.vn\/en\/wp-json\/wp\/v2\/product"}],"about":[{"href":"https:\/\/havamall.vn\/en\/wp-json\/wp\/v2\/types\/product"}],"replies":[{"embeddable":true,"href":"https:\/\/havamall.vn\/en\/wp-json\/wp\/v2\/comments?post=38476"}],"version-history":[{"count":0,"href":"https:\/\/havamall.vn\/en\/wp-json\/wp\/v2\/product\/38476\/revisions"}],"wp:featuredmedia":[{"embeddable":true,"href":"https:\/\/havamall.vn\/en\/wp-json\/wp\/v2\/media\/38477"}],"wp:attachment":[{"href":"https:\/\/havamall.vn\/en\/wp-json\/wp\/v2\/media?parent=38476"}],"wp:term":[{"taxonomy":"product_brand","embeddable":true,"href":"https:\/\/havamall.vn\/en\/wp-json\/wp\/v2\/product_brand?post=38476"},{"taxonomy":"product_cat","embeddable":true,"href":"https:\/\/havamall.vn\/en\/wp-json\/wp\/v2\/product_cat?post=38476"},{"taxonomy":"product_tag","embeddable":true,"href":"https:\/\/havamall.vn\/en\/wp-json\/wp\/v2\/product_tag?post=38476"}],"curies":[{"name":"wp","href":"https:\/\/api.w.org\/{rel}","templated":true}]}}