{"id":38472,"date":"2025-05-16T17:23:35","date_gmt":"2025-05-16T10:23:35","guid":{"rendered":"https:\/\/havamall.vn\/?post_type=product&#038;p=38472"},"modified":"2025-05-16T17:23:35","modified_gmt":"2025-05-16T10:23:35","slug":"dua-chuot-ngam-chua-ngot-kuhne-hu-180g-kuhne-cornichons-with-mild-sweet-note","status":"publish","type":"product","link":"https:\/\/havamall.vn\/en\/shop\/dua-chuot-ngam-chua-ngot-kuhne-hu-180g-kuhne-cornichons-with-mild-sweet-note\/","title":{"rendered":"D\u01b0a Chu\u1ed9t Ng\u00e2m Chua Ng\u1ecdt K\u00fchne H\u0169 180g &#8211; K\u00fchne Cornichons With Mild-sweet Note"},"content":{"rendered":"<h2><strong>TH\u00d4NG TIN CHUNG<\/strong><\/h2>\n<table>\n<tbody>\n<tr>\n<td>Th\u01b0\u01a1ng hi\u1ec7u<\/td>\n<td>K\u00fchne<\/td>\n<\/tr>\n<tr>\n<td>Xu\u1ea5t x\u1ee9<\/td>\n<td>\u0110\u1ee9c<\/td>\n<\/tr>\n<tr>\n<td>Th\u00e0nh ph\u1ea7n<\/td>\n<td>Xem tr\u1ef1c ti\u1ebfp tr\u00ean bao b\u00ec<\/td>\n<\/tr>\n<tr>\n<td>H\u1ea1n s\u1eed d\u1ee5ng<\/td>\n<td>Xem tr\u00ean Bao b\u00ec<\/td>\n<\/tr>\n<tr>\n<td>B\u1ea3o qu\u1ea3n<\/td>\n<td>B\u1ea3o qu\u1ea3n n\u01a1i kh\u00f4 r\u00e1o, tho\u00e1ng m\u00e1t, tr\u00e1nh n\u01a1i c\u00f3 \u0111\u1ed9 cao ho\u1eb7c ti\u1ebfp x\u00fac tr\u1ef1c ti\u1ebfp v\u1edbi \u00e1nh n\u1eafng m\u1eb7t tr\u1eddi.<\/td>\n<\/tr>\n<tr>\n<td>\u00a0Kh\u1ed1i l\u01b0\u1ee3ng<\/td>\n<td>180g<\/td>\n<\/tr>\n<\/tbody>\n<\/table>\n<p data-sourcepos=\"15:1-15:343\">Trong th\u1ebf gi\u1edbi \u1ea9m th\u1ef1c, c\u00f3 nh\u1eefng m\u00f3n \u0103n k\u00e8m tuy nh\u1ecf b\u00e9 nh\u01b0ng l\u1ea1i c\u00f3 kh\u1ea3 n\u0103ng n\u00e2ng t\u1ea7m h\u01b0\u01a1ng v\u1ecb t\u1ed5ng th\u1ec3 c\u1ee7a c\u1ea3 b\u1eefa \u0103n. D\u01b0a chu\u1ed9t mu\u1ed1i (pickles) ch\u00ednh l\u00e0 m\u1ed9t trong s\u1ed1 \u0111\u00f3. V\u1edbi v\u1ecb chua d\u1ecbu, gi\u00f2n s\u1ea7n s\u1eadt \u0111\u1ea7y s\u1ea3ng kho\u00e1i, d\u01b0a chu\u1ed9t mu\u1ed1i kh\u00f4ng ch\u1ec9 k\u00edch th\u00edch v\u1ecb gi\u00e1c m\u00e0 c\u00f2n gi\u00fap c\u00e2n b\u1eb1ng h\u01b0\u01a1ng v\u1ecb, \u0111\u1eb7c bi\u1ec7t khi \u0103n c\u00f9ng c\u00e1c m\u00f3n gi\u00e0u \u0111\u1ea1m ho\u1eb7c ch\u1ea5t b\u00e9o.<\/p>\n<p data-sourcepos=\"17:1-17:319\">C\u00f9ng kh\u00e1m ph\u00e1 m\u1ed9t s\u1ea3n ph\u1ea9m d\u01b0a chu\u1ed9t mu\u1ed1i r\u1ea5t \u0111\u01b0\u1ee3c \u01b0a chu\u1ed9ng tr\u00ean th\u1ecb tr\u01b0\u1eddng: <strong>D\u01b0a chu\u1ed9t mu\u1ed1i Cornichons K\u00fchne v\u1edbi mild-sweet note<\/strong>. K\u00fchne l\u00e0 m\u1ed9t th\u01b0\u01a1ng hi\u1ec7u danh ti\u1ebfng \u0111\u1ebfn t\u1eeb \u0110\u1ee9c, n\u1ed5i ti\u1ebfng v\u1edbi c\u00e1c s\u1ea3n ph\u1ea9m d\u01b0a chua v\u00e0 salad ch\u1ea5t l\u01b0\u1ee3ng cao, \u0111\u01b0\u1ee3c s\u1ea3n xu\u1ea5t theo ti\u00eau chu\u1ea9n nghi\u00eam ng\u1eb7t c\u1ee7a ch\u00e2u \u00c2u.<\/p>\n<p data-sourcepos=\"17:1-17:319\"><img fetchpriority=\"high\" decoding=\"async\" class=\"aligncenter\" src=\"https:\/\/havamall.com\/wp-content\/uploads\/2025\/05\/Cornichon_HERO_082720_11037_VOG_final.jpg\" alt=\"Cornichons Are a Not-Very-Fancy Fancy Snack | Epicurious\" width=\"814\" height=\"458\" \/><\/p>\n<p data-sourcepos=\"19:1-19:483\">S\u1ea3n ph\u1ea9m<strong> Cornichons K\u00fchne<\/strong> l\u00e0 nh\u1eefng qu\u1ea3 d\u01b0a chu\u1ed9t non \u0111\u01b0\u1ee3c ch\u1ecdn l\u1ecdc k\u1ef9 l\u01b0\u1ee1ng, ng\u00e2m trong dung d\u1ecbch mu\u1ed1i chua ng\u1ecdt \u0111\u1eb7c tr\u01b0ng c\u00f9ng v\u1edbi c\u00e1c lo\u1ea1i gia v\u1ecb nh\u01b0 h\u1ea1t m\u00f9 t\u1ea1t, th\u00ec l\u00e0&#8230; \u0110i\u1ec3m \u0111\u1eb7c bi\u1ec7t c\u1ee7a d\u00f2ng &#8220;mild-sweet note&#8221; (v\u1ecb chua ng\u1ecdt d\u1ecbu) n\u00e0y l\u00e0 s\u1ef1 c\u00e2n b\u1eb1ng h\u00e0i h\u00f2a gi\u1eefa v\u1ecb chua thanh truy\u1ec1n th\u1ed1ng c\u1ee7a d\u01b0a mu\u1ed1i v\u00e0 m\u1ed9t ch\u00fat ng\u1ecdt nh\u1eb9 nh\u00e0ng, t\u1ea1o n\u00ean h\u01b0\u01a1ng v\u1ecb d\u1ec5 \u0103n, ph\u00f9 h\u1ee3p v\u1edbi kh\u1ea9u v\u1ecb c\u1ee7a nhi\u1ec1u ng\u01b0\u1eddi. Nh\u1eefng qu\u1ea3 d\u01b0a chu\u1ed9t gi\u1eef \u0111\u01b0\u1ee3c \u0111\u1ed9 gi\u00f2n t\u1ef1 nhi\u00ean, mang l\u1ea1i c\u1ea3m gi\u00e1c th\u00fa v\u1ecb khi th\u01b0\u1edfng th\u1ee9c.<\/p>\n<p data-sourcepos=\"19:1-19:483\"><img decoding=\"async\" class=\"aligncenter wp-image-39611\" src=\"https:\/\/havamall.com\/wp-content\/uploads\/2025\/05\/homemade-canned-dill-pickles-13-scaled-1.png\" alt=\"\" width=\"828\" height=\"1242\" \/><\/p>\n<p data-sourcepos=\"21:1-21:36\"><span style=\"font-size: 14pt\"><strong>C\u00f4ng D\u1ee5ng \u0110a D\u1ea1ng Trong \u1ea8m Th\u1ef1c:<\/strong><\/span><\/p>\n<ul data-sourcepos=\"25:1-30:0\">\n<li data-sourcepos=\"25:1-25:177\"><strong>\u0102n k\u00e8m m\u00f3n ch\u00ednh:<\/strong> \u0110\u00e2y l\u00e0 c\u00e1ch d\u00f9ng ph\u1ed5 bi\u1ebfn nh\u1ea5t. V\u1ecb chua ng\u1ecdt c\u1ee7a Cornichons gi\u00fap c\u00e2n b\u1eb1ng v\u1ecb b\u00e9o ng\u1eady c\u1ee7a c\u00e1c m\u00f3n chi\u00ean, n\u01b0\u1edbng, th\u1ecbt ngu\u1ed9i ho\u1eb7c c\u00e1c m\u00f3n \u0103n gi\u00e0u \u0111\u1ea1m kh\u00e1c.<\/li>\n<li data-sourcepos=\"26:1-26:154\"><strong>Th\u00eam v\u00e0o Sandwich v\u00e0 Burger:<\/strong> Th\u00e1i l\u00e1t ho\u1eb7c \u0111\u1ec3 nguy\u00ean qu\u1ea3 Cornichons v\u00e0o sandwich, burger s\u1ebd t\u0103ng th\u00eam \u0111\u1ed9 gi\u00f2n, v\u1ecb chua ng\u1ecdt v\u00e0 h\u01b0\u01a1ng th\u01a1m \u0111\u1eb7c tr\u01b0ng.<\/li>\n<li data-sourcepos=\"27:1-27:114\"><strong>L\u00e0m Salad:<\/strong> Th\u00e1i h\u1ea1t l\u1ef1u Cornichons v\u00e0 th\u00eam v\u00e0o c\u00e1c m\u00f3n salad tr\u1ed9n gi\u00fap t\u0103ng th\u00eam h\u01b0\u01a1ng v\u1ecb v\u00e0 k\u1ebft c\u1ea5u th\u00fa v\u1ecb.<\/li>\n<li data-sourcepos=\"28:1-28:169\"><strong>\u0110\u0129a th\u1ecbt ngu\u1ed9i (Charcuterie Board):<\/strong> Cornichons l\u00e0 th\u00e0nh ph\u1ea7n kh\u00f4ng th\u1ec3 thi\u1ebfu trong c\u00e1c \u0111\u0129a th\u1ecbt ngu\u1ed9i ki\u1ec3u \u00c2u, gi\u00fap l\u00e0m s\u1ea1ch v\u1ecb gi\u00e1c gi\u1eefa c\u00e1c lo\u1ea1i th\u1ecbt v\u00e0 ph\u00f4 mai.<\/li>\n<li data-sourcepos=\"29:1-30:0\"><strong>\u0102n v\u1eb7t:<\/strong> V\u1edbi v\u1ecb chua ng\u1ecdt h\u1ea5p d\u1eabn v\u00e0 \u0111\u1ed9 gi\u00f2n ngon, Cornichons c\u0169ng c\u00f3 th\u1ec3 l\u00e0 m\u00f3n \u0103n v\u1eb7t th\u00fa v\u1ecb.<\/li>\n<\/ul>\n<p><img decoding=\"async\" class=\"aligncenter\" src=\"https:\/\/havamall.com\/wp-content\/uploads\/2025\/05\/Cornichons_RomanceWeb__98138.1722528604.jpg\" alt=\"Cornichons | DeLallo\" width=\"828\" height=\"828\" \/><\/p>\n<p data-sourcepos=\"31:1-31:38\"><span style=\"font-size: 14pt\"><strong>T\u1ea1i Sao N\u00ean Ch\u1ecdn Cornichons K\u00fchne?<\/strong><\/span><\/p>\n<ul data-sourcepos=\"33:1-37:0\">\n<li data-sourcepos=\"33:1-33:114\"><strong>Th\u01b0\u01a1ng hi\u1ec7u uy t\u00edn:<\/strong> K\u00fchne l\u00e0 th\u01b0\u01a1ng hi\u1ec7u l\u00e2u \u0111\u1eddi v\u00e0 \u0111\u01b0\u1ee3c tin c\u1eady v\u1edbi kinh nghi\u1ec7m s\u1ea3n xu\u1ea5t d\u01b0a chua h\u00e0ng \u0111\u1ea7u.<\/li>\n<li data-sourcepos=\"34:1-34:143\"><strong>Ch\u1ea5t l\u01b0\u1ee3ng \u0111\u1ea3m b\u1ea3o:<\/strong> S\u1ea3n ph\u1ea9m \u0111\u01b0\u1ee3c l\u00e0m t\u1eeb nguy\u00ean li\u1ec7u ch\u1ecdn l\u1ecdc v\u00e0 quy tr\u00ecnh s\u1ea3n xu\u1ea5t hi\u1ec7n \u0111\u1ea1i, \u0111\u1ea3m b\u1ea3o h\u01b0\u01a1ng v\u1ecb v\u00e0 \u0111\u1ed9 gi\u00f2n ngon \u0111\u1ed3ng nh\u1ea5t.<\/li>\n<li data-sourcepos=\"35:1-35:97\"><strong>H\u01b0\u01a1ng v\u1ecb h\u00e0i h\u00f2a:<\/strong> V\u1ecb chua ng\u1ecdt d\u1ecbu nh\u1eb9 &#8220;mild-sweet note&#8221; d\u1ec5 \u0103n v\u00e0 ph\u00f9 h\u1ee3p v\u1edbi nhi\u1ec1u m\u00f3n \u0103n.<\/li>\n<li data-sourcepos=\"36:1-37:0\"><strong>Ti\u1ec7n l\u1ee3i:<\/strong> \u0110\u00f3ng g\u00f3i trong h\u0169 th\u1ee7y tinh gi\u00fap b\u1ea3o qu\u1ea3n t\u1ed1t v\u00e0 d\u1ec5 d\u00e0ng s\u1eed d\u1ee5ng.<\/li>\n<\/ul>\n<p><img loading=\"lazy\" decoding=\"async\" class=\"aligncenter\" src=\"https:\/\/havamall.com\/wp-content\/uploads\/2025\/05\/are-cornichons-good-for-you-1698159674.jpg\" alt=\"Cornichons Are More Than Just Tiny Pickles\" width=\"835\" height=\"469\" \/><\/p>\n<p data-sourcepos=\"38:1-38:18\"><span style=\"font-size: 14pt\"><strong>C\u00e1ch B\u1ea3o Qu\u1ea3n:<\/strong><\/span><\/p>\n<p data-sourcepos=\"40:1-40:205\">B\u1ea3o qu\u1ea3n n\u01a1i kh\u00f4 r\u00e1o, tho\u00e1ng m\u00e1t, tr\u00e1nh \u00e1nh n\u1eafng tr\u1ef1c ti\u1ebfp. Sau khi m\u1edf n\u1eafp, \u0111\u1eady k\u00edn v\u00e0 b\u1ea3o qu\u1ea3n trong ng\u0103n m\u00e1t t\u1ee7 l\u1ea1nh. \u0110\u1ea3m b\u1ea3o d\u01b0a chu\u1ed9t lu\u00f4n ng\u1eadp trong ph\u1ea7n n\u01b0\u1edbc mu\u1ed1i \u0111\u1ec3 gi\u1eef \u0111\u1ed9 gi\u00f2n v\u00e0 h\u01b0\u01a1ng v\u1ecb t\u1ed1t nh\u1ea5t.<\/p>\n<p data-sourcepos=\"42:1-42:196\">V\u1edbi h\u01b0\u01a1ng v\u1ecb chua ng\u1ecdt c\u00e2n b\u1eb1ng v\u00e0 \u0111\u1ed9 gi\u00f2n ngon kh\u00f3 c\u01b0\u1ee1ng, D\u01b0a chu\u1ed9t mu\u1ed1i Cornichons K\u00fchne ch\u1eafc ch\u1eafn s\u1ebd l\u00e0 m\u00f3n \u0103n k\u00e8m y\u00eau th\u00edch, mang \u0111\u1ebfn n\u00e9t ch\u1ea5m ph\u00e1 s\u1ea3ng kho\u00e1i v\u00e0 tinh t\u1ebf cho m\u1ecdi b\u1eefa \u0103n c\u1ee7a b\u1ea1n. S\u1ea3n ph\u1ea9m hi\u1ec7n \u0111\u00e3 c\u00f3 m\u1eb7t t\u1ea1i Havamall.<\/p>","protected":false},"excerpt":{"rendered":"<p>TH\u00d4NG TIN CHUNG Th\u01b0\u01a1ng hi\u1ec7u K\u00fchne Xu\u1ea5t x\u1ee9 \u0110\u1ee9c Th\u00e0nh ph\u1ea7n Xem tr\u1ef1c ti\u1ebfp tr\u00ean bao b\u00ec H\u1ea1n s\u1eed d\u1ee5ng<\/p>","protected":false},"featured_media":38473,"comment_status":"open","ping_status":"closed","template":"","meta":[],"product_brand":[],"product_cat":[682,143],"product_tag":[],"class_list":{"0":"post-38472","1":"product","2":"type-product","3":"status-publish","4":"has-post-thumbnail","6":"product_cat-nhap-khau-duc","7":"product_cat-thuc-pham-dong-hop","9":"first","10":"instock","11":"sale","12":"shipping-taxable","13":"purchasable","14":"product-type-simple"},"_links":{"self":[{"href":"https:\/\/havamall.vn\/en\/wp-json\/wp\/v2\/product\/38472"}],"collection":[{"href":"https:\/\/havamall.vn\/en\/wp-json\/wp\/v2\/product"}],"about":[{"href":"https:\/\/havamall.vn\/en\/wp-json\/wp\/v2\/types\/product"}],"replies":[{"embeddable":true,"href":"https:\/\/havamall.vn\/en\/wp-json\/wp\/v2\/comments?post=38472"}],"version-history":[{"count":0,"href":"https:\/\/havamall.vn\/en\/wp-json\/wp\/v2\/product\/38472\/revisions"}],"wp:featuredmedia":[{"embeddable":true,"href":"https:\/\/havamall.vn\/en\/wp-json\/wp\/v2\/media\/38473"}],"wp:attachment":[{"href":"https:\/\/havamall.vn\/en\/wp-json\/wp\/v2\/media?parent=38472"}],"wp:term":[{"taxonomy":"product_brand","embeddable":true,"href":"https:\/\/havamall.vn\/en\/wp-json\/wp\/v2\/product_brand?post=38472"},{"taxonomy":"product_cat","embeddable":true,"href":"https:\/\/havamall.vn\/en\/wp-json\/wp\/v2\/product_cat?post=38472"},{"taxonomy":"product_tag","embeddable":true,"href":"https:\/\/havamall.vn\/en\/wp-json\/wp\/v2\/product_tag?post=38472"}],"curies":[{"name":"wp","href":"https:\/\/api.w.org\/{rel}","templated":true}]}}