{"id":38469,"date":"2025-05-16T17:21:24","date_gmt":"2025-05-16T10:21:24","guid":{"rendered":"https:\/\/havamall.vn\/?post_type=product&#038;p=38469"},"modified":"2025-05-16T17:21:24","modified_gmt":"2025-05-16T10:21:24","slug":"mu-tat-dijon-truyen-thong-maille-215g-maille-dijon-originale","status":"publish","type":"product","link":"https:\/\/havamall.vn\/en\/shop\/mu-tat-dijon-truyen-thong-maille-215g-maille-dijon-originale\/","title":{"rendered":"M\u00f9 T\u1ea1t Dijon Truy\u1ec1n Th\u1ed1ng Maille 215g \u2013 Maille Dijon Originale"},"content":{"rendered":"<div><strong>TH\u00d4NG TIN CHUNG<\/strong><\/div>\n<div>\n<table style=\"width: 55.677%;height: 175px\">\n<tbody>\n<tr style=\"height: 56px\">\n<td style=\"height: 56px\">Th\u01b0\u01a1ng hi\u1ec7u<\/td>\n<td style=\"height: 56px\">\n<p data-pm-slice=\"1 1 []\">Maile<\/p>\n<\/td>\n<\/tr>\n<tr style=\"height: 24px\">\n<td style=\"height: 24px\">Xu\u1ea5t x\u1ee9<\/td>\n<td style=\"height: 24px\">Ph\u00e1p<\/td>\n<\/tr>\n<tr style=\"height: 23px\">\n<td style=\"height: 23px\">Th\u00e0nh ph\u1ea7n<\/td>\n<td style=\"height: 23px\">\n<p data-pm-slice=\"1 1 []\">Xem tr\u1ef1c ti\u1ebfp tr\u00ean bao b\u00ec<\/p>\n<\/td>\n<\/tr>\n<tr style=\"height: 24px\">\n<td style=\"height: 24px\">H\u1ea1n s\u1eed d\u1ee5ng<\/td>\n<td style=\"height: 24px\">Xem tr\u1ef1c ti\u1ebfp tr\u00ean bao b\u00ec<\/td>\n<\/tr>\n<tr style=\"height: 24px\">\n<td style=\"height: 24px\">B\u1ea3o qu\u1ea3n<\/td>\n<td style=\"height: 24px\">\u0110\u1ec3 n\u01a1i kh\u00f4 r\u00e1o, tho\u00e1ng m\u00e1t, tr\u00e1nh \u00e1nh n\u1eafng tr\u1ef1c ti\u1ebfp<\/td>\n<\/tr>\n<tr style=\"height: 24px\">\n<td style=\"height: 24px\">Kh\u1ed1i l\u01b0\u1ee3ng<\/td>\n<td style=\"height: 24px\">215g<\/td>\n<\/tr>\n<\/tbody>\n<\/table>\n<p data-sourcepos=\"15:1-15:472\">Khi nh\u1eafc \u0111\u1ebfn \u1ea9m th\u1ef1c Ph\u00e1p, b\u00ean c\u1ea1nh nh\u1eefng m\u00f3n \u0103n c\u1ea7u k\u1ef3 hay c\u00e1c lo\u1ea1i ph\u00f4 mai h\u1ea3o h\u1ea1ng, kh\u00f4ng th\u1ec3 kh\u00f4ng k\u1ec3 \u0111\u1ebfn m\u00f9 t\u1ea1t Dijon \u2013 m\u1ed9t lo\u1ea1i gia v\u1ecb kinh \u0111i\u1ec3n \u0111\u00e3 l\u00e0m n\u00ean t\u00ean tu\u1ed5i cho nhi\u1ec1u c\u00f4ng th\u1ee9c n\u01b0\u1edbc s\u1ed1t v\u00e0 m\u00f3n \u0103n tr\u1ee9 danh. B\u1eaft ngu\u1ed3n t\u1eeb v\u00f9ng Dijon thu\u1ed9c Burgundy, Ph\u00e1p, m\u00f9 t\u1ea1t Dijon n\u1ed5i ti\u1ebfng v\u1edbi h\u01b0\u01a1ng v\u1ecb cay n\u1ed3ng \u0111\u1eb7c tr\u01b0ng v\u00e0 \u0111\u1ed9 m\u1ecbn m\u00e0ng tinh t\u1ebf. Tr\u1ea3i qua h\u00e0ng th\u1ebf k\u1ef7, n\u00f3 \u0111\u00e3 tr\u1edf th\u00e0nh m\u1ed9t ph\u1ea7n kh\u00f4ng th\u1ec3 thi\u1ebfu trong c\u00e1c c\u0103n b\u1ebfp chuy\u00ean nghi\u1ec7p l\u1eabn gia \u0111\u00ecnh tr\u00ean kh\u1eafp th\u1ebf gi\u1edbi.<\/p>\n<p data-sourcepos=\"19:1-19:511\">Th\u01b0\u01a1ng hi\u1ec7u Maille l\u00e0 m\u1ed9t t\u01b0\u1ee3ng \u0111\u00e0i trong th\u1ebf gi\u1edbi m\u00f9 t\u1ea1t, v\u1edbi l\u1ecbch s\u1eed h\u00ecnh th\u00e0nh v\u00e0 ph\u00e1t tri\u1ec3n k\u00e9o d\u00e0i h\u01a1n 260 n\u0103m, k\u1ec3 t\u1eeb n\u0103m 1747. \u0110\u01b0\u1ee3c th\u00e0nh l\u1eadp b\u1edfi Antoine-Claude Maille, m\u1ed9t nh\u00e0 s\u1ea3n xu\u1ea5t gi\u1ea5m v\u00e0 m\u00f9 t\u1ea1t t\u00e0i ba, Maille nhanh ch\u00f3ng tr\u1edf th\u00e0nh nh\u00e0 cung c\u1ea5p ch\u00ednh th\u1ee9c cho c\u00e1c ho\u00e0ng gia Ph\u00e1p v\u00e0 \u00c1o. V\u1edbi b\u00ed quy\u1ebft s\u1ea3n xu\u1ea5t truy\u1ec1n th\u1ed1ng \u0111\u01b0\u1ee3c g\u00ecn gi\u1eef qua nhi\u1ec1u th\u1ebf h\u1ec7 v\u00e0 cam k\u1ebft s\u1eed d\u1ee5ng nguy\u00ean li\u1ec7u t\u1ed1t nh\u1ea5t, Maille \u0111\u00e3 kh\u1eb3ng \u0111\u1ecbnh v\u1ecb th\u1ebf l\u00e0 m\u1ed9t trong nh\u1eefng th\u01b0\u01a1ng hi\u1ec7u m\u00f9 t\u1ea1t cao c\u1ea5p v\u00e0 \u0111\u01b0\u1ee3c k\u00ednh tr\u1ecdng nh\u1ea5t th\u1ebf gi\u1edbi.<\/p>\n<p data-sourcepos=\"19:1-19:511\"><img fetchpriority=\"high\" decoding=\"async\" class=\"aligncenter wp-image-39604\" src=\"https:\/\/havamall.com\/wp-content\/uploads\/2025\/05\/https___hypebeast.com_image_2021_12_maille-mikes-hot-honey-hot-honey-dijon-release-006.jpg\" alt=\"\" width=\"809\" height=\"647\" \/><\/p>\n<p data-sourcepos=\"21:1-21:47\"><span style=\"font-size: 14pt\"><strong>Maille Dijon Originale \u2013 H\u01b0\u01a1ng V\u1ecb Kinh \u0110i\u1ec3n<\/strong><\/span><\/p>\n<p data-sourcepos=\"23:1-23:166\">M\u00f9 t\u1ea1t Dijon Truy\u1ec1n Th\u1ed1ng Maille Dijon Originale l\u00e0 s\u1ea3n ph\u1ea9m \u0111\u1eb7c tr\u01b0ng v\u00e0 b\u00e1n ch\u1ea1y nh\u1ea5t c\u1ee7a th\u01b0\u01a1ng hi\u1ec7u n\u00e0y. N\u00f3 th\u1ec3 hi\u1ec7n tr\u1ecdn v\u1eb9n h\u01b0\u01a1ng v\u1ecb kinh \u0111i\u1ec3n c\u1ee7a m\u00f9 t\u1ea1t Dijon:<\/p>\n<ul data-sourcepos=\"25:1-28:0\">\n<li data-sourcepos=\"25:1-25:210\"><strong>H\u01b0\u01a1ng v\u1ecb:<\/strong> Cay n\u1ed3ng, the nh\u1eb9, k\u1ebft h\u1ee3p v\u1edbi v\u1ecb chua thanh \u0111\u1eb7c tr\u01b0ng c\u1ee7a gi\u1ea5m ho\u1eb7c r\u01b0\u1ee3u vang tr\u1eafng (th\u00e0nh ph\u1ea7n truy\u1ec1n th\u1ed1ng). V\u1ecb cay n\u00e0y th\u01b0\u1eddng b\u00f9ng l\u00ean nhanh ch\u00f3ng v\u00e0 tan \u0111i, kh\u00f4ng k\u00e9o d\u00e0i nh\u01b0 v\u1ecb cay c\u1ee7a \u1edbt.<\/li>\n<li data-sourcepos=\"26:1-26:92\"><strong>K\u1ebft c\u1ea5u:<\/strong> M\u1ecbn m\u00e0ng, \u0111\u1ed3ng nh\u1ea5t, d\u1ec5 d\u00e0ng h\u00f2a quy\u1ec7n v\u00e0o c\u00e1c lo\u1ea1i n\u01b0\u1edbc s\u1ed1t v\u00e0 h\u1ed7n h\u1ee3p kh\u00e1c.<\/li>\n<li data-sourcepos=\"27:1-28:0\"><strong>M\u00e0u s\u1eafc:<\/strong> V\u00e0ng nh\u1ea1t \u0111\u1eb7c tr\u01b0ng.<\/li>\n<\/ul>\n<p data-sourcepos=\"29:1-29:193\"><img decoding=\"async\" class=\"aligncenter wp-image-39600\" src=\"https:\/\/havamall.com\/wp-content\/uploads\/2025\/05\/91I5-U3ATML._AC_UF8941000_QL80_.jpg\" alt=\"\" width=\"812\" height=\"812\" \/><\/p>\n<p data-sourcepos=\"31:1-31:54\"><span style=\"font-size: 14pt\"><strong>\u0110i\u1ec3m n\u1ed5i b\u1eadt c\u1ee7a M\u00f9 T\u1ea1t Dijon Truy\u1ec1n Th\u1ed1ng Maille:<\/strong><\/span><\/p>\n<ul data-sourcepos=\"33:1-37:0\">\n<li data-sourcepos=\"33:1-33:104\"><strong>L\u1ecbch s\u1eed l\u00e2u \u0111\u1eddi v\u00e0 uy t\u00edn:<\/strong> Th\u01b0\u01a1ng hi\u1ec7u Maille v\u1edbi h\u01a1n 260 n\u0103m kinh nghi\u1ec7m s\u1ea3n xu\u1ea5t m\u00f9 t\u1ea1t cao c\u1ea5p.<\/li>\n<li data-sourcepos=\"34:1-34:72\"><strong>H\u01b0\u01a1ng v\u1ecb chu\u1ea9n m\u1ef1c Dijon:<\/strong> Cay n\u1ed3ng \u0111\u1eb7c tr\u01b0ng, c\u00e2n b\u1eb1ng v\u00e0 tinh t\u1ebf.<\/li>\n<li data-sourcepos=\"35:1-35:74\"><strong>Th\u00e0nh ph\u1ea7n ch\u1ea5t l\u01b0\u1ee3ng:<\/strong> S\u1eed d\u1ee5ng nguy\u00ean li\u1ec7u \u0111\u01b0\u1ee3c tuy\u1ec3n ch\u1ecdn k\u1ef9 l\u01b0\u1ee1ng.<\/li>\n<li data-sourcepos=\"36:1-37:0\"><strong>\u0110a n\u0103ng trong \u1ee9ng d\u1ee5ng:<\/strong> L\u00e0 gia v\u1ecb kh\u00f4ng th\u1ec3 thi\u1ebfu trong nhi\u1ec1u m\u00f3n \u0103n.<\/li>\n<\/ul>\n<p><img decoding=\"async\" class=\"aligncenter wp-image-39601\" src=\"https:\/\/havamall.com\/wp-content\/uploads\/2025\/05\/487505354_9346914045437162_1779853064875534105_n.jpg\" alt=\"\" width=\"822\" height=\"1027\" \/><\/p>\n<p data-sourcepos=\"38:1-38:59\"><span style=\"font-size: 14pt\"><strong>Th\u01b0\u1edfng th\u1ee9c M\u00f9 T\u1ea1t Dijon Maille theo phong c\u00e1ch c\u1ee7a b\u1ea1n<\/strong><\/span><\/p>\n<ul data-sourcepos=\"42:1-47:0\">\n<li data-sourcepos=\"42:1-42:141\"><strong>L\u00e0m n\u01b0\u1edbc x\u1ed1t salad (Vinaigrette):<\/strong> Tr\u1ed9n m\u00f9 t\u1ea1t v\u1edbi d\u1ea7u olive, gi\u1ea5m, mu\u1ed1i, ti\u00eau \u0111\u1ec3 t\u1ea1o ra lo\u1ea1i s\u1ed1t Vinaigrette c\u1ed5 \u0111i\u1ec3n cho c\u00e1c m\u00f3n salad.<\/li>\n<li data-sourcepos=\"43:1-43:123\"><strong>\u01af\u1edbp th\u1ecbt c\u00e1:<\/strong> S\u1eed d\u1ee5ng l\u00e0m th\u00e0nh ph\u1ea7n trong c\u00e1c c\u00f4ng th\u1ee9c n\u01b0\u1edbc s\u1ed1t \u01b0\u1edbp cho th\u1ecbt gia c\u1ea7m, th\u1ecbt \u0111\u1ecf ho\u1eb7c c\u00e1 n\u01b0\u1edbng\/\u00e1p ch\u1ea3o.<\/li>\n<\/ul>\n<p><img loading=\"lazy\" decoding=\"async\" class=\"aligncenter wp-image-39602\" src=\"https:\/\/havamall.com\/wp-content\/uploads\/2025\/05\/481289167_1051493590335614_7075226173363918778_n.jpg\" alt=\"\" width=\"833\" height=\"833\" \/><\/p>\n<ul data-sourcepos=\"42:1-47:0\">\n<li data-sourcepos=\"44:1-44:112\"><strong>L\u00e0m n\u01b0\u1edbc s\u1ed1t:<\/strong> Th\u00eam v\u00e0o c\u00e1c lo\u1ea1i n\u01b0\u1edbc s\u1ed1t kem, s\u1ed1t b\u01a1, ho\u1eb7c s\u1ed1t cho m\u00f3n Steak \u0111\u1ec3 t\u0103ng th\u00eam h\u01b0\u01a1ng v\u1ecb \u0111\u1eadm \u0111\u00e0.<\/li>\n<li data-sourcepos=\"45:1-45:100\"><strong>\u0102n k\u00e8m tr\u1ef1c ti\u1ebfp:<\/strong> Ph\u1ebft v\u00e0o sandwich, burger, ho\u1eb7c d\u00f9ng l\u00e0m n\u01b0\u1edbc ch\u1ea5m cho x\u00fac x\u00edch, th\u1ecbt ngu\u1ed9i.<\/li>\n<li data-sourcepos=\"46:1-47:0\"><strong>Trong c\u00e1c m\u00f3n h\u1ea7m\/s\u00fap:<\/strong> M\u1ed9t ch\u00fat m\u00f9 t\u1ea1t Dijon c\u00f3 th\u1ec3 l\u00e0m t\u0103ng chi\u1ec1u s\u00e2u h\u01b0\u01a1ng v\u1ecb cho c\u00e1c m\u00f3n h\u1ea7m ho\u1eb7c s\u00fap.<\/li>\n<\/ul>\n<p><img loading=\"lazy\" decoding=\"async\" class=\"aligncenter wp-image-39603\" src=\"https:\/\/havamall.com\/wp-content\/uploads\/2025\/05\/473801463_1149538313203884_3347215083686466056_n.jpg\" alt=\"\" width=\"835\" height=\"1114\" \/><\/p>\n<p data-sourcepos=\"48:1-48:236\">V\u1edbi <strong>M\u00f9 T\u1ea1t Dijon Truy\u1ec1n Th\u1ed1ng Maille Dijon Originale 215g<\/strong>, b\u1ea1n d\u1ec5 d\u00e0ng mang n\u00e9t tinh hoa \u1ea9m th\u1ef1c Ph\u00e1p v\u00e0o c\u0103n b\u1ebfp c\u1ee7a m\u00ecnh. T\u1eeb nh\u1eefng m\u00f3n salad \u0111\u01a1n gi\u1ea3n \u0111\u1ebfn c\u00e1c c\u00f4ng th\u1ee9c ph\u1ee9c t\u1ea1p, lo\u1ea1i m\u00f9 t\u1ea1t n\u00e0y s\u1ebd n\u00e2ng t\u1ea7m h\u01b0\u01a1ng v\u1ecb cho m\u1ecdi m\u00f3n \u0103n. S\u1ea3n ph\u1ea9m hi\u1ec7n \u0111\u00e3 c\u00f3 m\u1eb7t t\u1ea1i Havamall.<\/p>\n<\/div>","protected":false},"excerpt":{"rendered":"<p>TH\u00d4NG TIN CHUNG Th\u01b0\u01a1ng hi\u1ec7u Maile Xu\u1ea5t x\u1ee9 Ph\u00e1p Th\u00e0nh ph\u1ea7n Xem tr\u1ef1c ti\u1ebfp tr\u00ean bao b\u00ec H\u1ea1n s\u1eed d\u1ee5ng<\/p>","protected":false},"featured_media":38470,"comment_status":"open","ping_status":"closed","template":"","meta":[],"product_brand":[],"product_cat":[595,671,154,143],"product_tag":[],"class_list":{"0":"post-38469","1":"product","2":"type-product","3":"status-publish","4":"has-post-thumbnail","6":"product_cat-gia-vi-va-che-bien","7":"product_cat-nhap-khau-phap","8":"product_cat-gia-vi","9":"product_cat-thuc-pham-dong-hop","11":"first","12":"instock","13":"sale","14":"shipping-taxable","15":"purchasable","16":"product-type-simple"},"_links":{"self":[{"href":"https:\/\/havamall.vn\/en\/wp-json\/wp\/v2\/product\/38469"}],"collection":[{"href":"https:\/\/havamall.vn\/en\/wp-json\/wp\/v2\/product"}],"about":[{"href":"https:\/\/havamall.vn\/en\/wp-json\/wp\/v2\/types\/product"}],"replies":[{"embeddable":true,"href":"https:\/\/havamall.vn\/en\/wp-json\/wp\/v2\/comments?post=38469"}],"version-history":[{"count":0,"href":"https:\/\/havamall.vn\/en\/wp-json\/wp\/v2\/product\/38469\/revisions"}],"wp:featuredmedia":[{"embeddable":true,"href":"https:\/\/havamall.vn\/en\/wp-json\/wp\/v2\/media\/38470"}],"wp:attachment":[{"href":"https:\/\/havamall.vn\/en\/wp-json\/wp\/v2\/media?parent=38469"}],"wp:term":[{"taxonomy":"product_brand","embeddable":true,"href":"https:\/\/havamall.vn\/en\/wp-json\/wp\/v2\/product_brand?post=38469"},{"taxonomy":"product_cat","embeddable":true,"href":"https:\/\/havamall.vn\/en\/wp-json\/wp\/v2\/product_cat?post=38469"},{"taxonomy":"product_tag","embeddable":true,"href":"https:\/\/havamall.vn\/en\/wp-json\/wp\/v2\/product_tag?post=38469"}],"curies":[{"name":"wp","href":"https:\/\/api.w.org\/{rel}","templated":true}]}}