{"id":38458,"date":"2025-05-16T15:33:36","date_gmt":"2025-05-16T08:33:36","guid":{"rendered":"https:\/\/havamall.vn\/?post_type=product&#038;p=38458"},"modified":"2025-05-16T15:33:36","modified_gmt":"2025-05-16T08:33:36","slug":"bot-dau-nanh-rang-nguyen-chat-kinako-goi-80g-gishi-brand","status":"publish","type":"product","link":"https:\/\/havamall.vn\/en\/shop\/bot-dau-nanh-rang-nguyen-chat-kinako-goi-80g-gishi-brand\/","title":{"rendered":"B\u1ed9t \u0110\u1eadu N\u00e0nh Rang Nguy\u00ean Ch\u1ea5t (Kinako) G\u00f3i 80g \u2013 Gishi BRAND"},"content":{"rendered":"<h2><strong>TH\u00d4NG TIN CHUNG<\/strong><\/h2>\n<table>\n<tbody>\n<tr>\n<td>Th\u01b0\u01a1ng hi\u1ec7u<\/td>\n<td>Gishi BRAND<\/td>\n<\/tr>\n<tr>\n<td>Xu\u1ea5t x\u1ee9<\/td>\n<td>Nh\u1eadt B\u1ea3n<\/td>\n<\/tr>\n<tr>\n<td>Th\u00e0nh ph\u1ea7n<\/td>\n<td>Xem tr\u00ean bao b\u00ec<\/td>\n<\/tr>\n<tr>\n<td>H\u1ea1n s\u1eed d\u1ee5ng<\/td>\n<td>Xem tr\u00ean Bao b\u00ec<\/td>\n<\/tr>\n<tr>\n<td>B\u1ea3o qu\u1ea3n<\/td>\n<td>B\u1ea3o qu\u1ea3n n\u01a1i kh\u00f4 r\u00e1o, tho\u00e1ng m\u00e1t, tr\u00e1nh n\u01a1i c\u00f3 \u0111\u1ed9 cao ho\u1eb7c ti\u1ebfp x\u00fac tr\u1ef1c ti\u1ebfp v\u1edbi \u00e1nh n\u1eafng m\u1eb7t tr\u1eddi.<\/td>\n<\/tr>\n<tr>\n<td>\u00a0Kh\u1ed1i l\u01b0\u1ee3ng<\/td>\n<td>80g<\/td>\n<\/tr>\n<\/tbody>\n<\/table>\n<p data-sourcepos=\"21:1-21:446\">\u0110\u1ebfn t\u1eeb Nh\u1eadt B\u1ea3n,\u00a0<strong>Gishi BRAND<\/strong>\u00a0l\u00e0 m\u1ed9t th\u01b0\u01a1ng hi\u1ec7u thu\u1ed9c s\u1edf h\u1eefu c\u1ee7a Maebara Seifun Co., Ltd., m\u1ed9t c\u00f4ng ty chuy\u00ean s\u1ea3n xu\u1ea5t c\u00e1c lo\u1ea1i b\u1ed9t v\u00e0 ng\u0169 c\u1ed1c. V\u1edbi kinh nghi\u1ec7m v\u00e0 quy tr\u00ecnh s\u1ea3n xu\u1ea5t chu\u1ea9n m\u1ef1c c\u1ee7a Nh\u1eadt B\u1ea3n, Maebara Seifun cam k\u1ebft mang \u0111\u1ebfn nh\u1eefng s\u1ea3n ph\u1ea9m b\u1ed9t ch\u1ea5t l\u01b0\u1ee3ng cao, gi\u1eef tr\u1ecdn v\u1eb9n h\u01b0\u01a1ng v\u1ecb t\u1ef1 nhi\u00ean v\u00e0 gi\u00e1 tr\u1ecb dinh d\u01b0\u1ee1ng.\u00a0<strong>B\u1ed9t \u0111\u1eadu n\u00e0nh rang Kinako<\/strong>\u00a0c\u1ee7a Gishi BRAND l\u00e0 m\u1ed9t minh ch\u1ee9ng cho s\u1ef1 t\u1ec9 m\u1ec9 v\u00e0 tinh t\u1ebf trong \u1ea9m th\u1ef1c truy\u1ec1n th\u1ed1ng Nh\u1eadt B\u1ea3n.<\/p>\n<p data-sourcepos=\"25:1-25:255\"><strong>B\u1ed9t \u0110\u1eadu N\u00e0nh Rang Kinako<\/strong>\u00a0mang m\u1ed9t h\u01b0\u01a1ng v\u1ecb\u00a0<strong>th\u01a1m b\u00f9i, b\u00e9o ng\u1eady \u0111\u1eb7c tr\u01b0ng<\/strong>\u00a0v\u00e0 m\u1ed9t ch\u00fat\u00a0<strong>ng\u1ecdt d\u1ecbu t\u1ef1 nhi\u00ean<\/strong>. \u0110\u00e2y l\u00e0 h\u01b0\u01a1ng v\u1ecb \u1ea5m \u00e1p, d\u1ec5 ch\u1ecbu \u0111\u01b0\u1ee3c t\u1ea1o ra t\u1eeb qu\u00e1 tr\u00ecnh rang ch\u00edn nh\u1eefng h\u1ea1t \u0111\u1eadu n\u00e0nh ch\u1ea5t l\u01b0\u1ee3ng cao.<\/p>\n<p data-sourcepos=\"25:1-25:255\"><img fetchpriority=\"high\" decoding=\"async\" class=\"aligncenter  wp-image-39591\" src=\"https:\/\/havamall.com\/wp-content\/uploads\/2025\/05\/about-tencha-tea-leaves-that-become-matcha-529295.png\" alt=\"\" width=\"810\" height=\"810\" \/><\/p>\n<p data-sourcepos=\"27:1-27:363\">Kh\u00f4ng ch\u1ec9 ngon mi\u1ec7ng, Kinako c\u00f2n l\u00e0 ngu\u1ed3n cung c\u1ea5p\u00a0<strong>protein th\u1ef1c v\u1eadt d\u1ed3i d\u00e0o, ch\u1ea5t x\u01a1, vitamin v\u00e0 kho\u00e1ng ch\u1ea5t<\/strong>. \u0110\u01b0\u1ee3c l\u00e0m t\u1eeb 100% \u0111\u1eadu n\u00e0nh, s\u1ea3n ph\u1ea9m n\u00e0y l\u00e0 m\u1ed9t l\u1ef1a ch\u1ecdn tuy\u1ec7t v\u1eddi \u0111\u1ec3 b\u1ed5 sung dinh d\u01b0\u1ee1ng v\u00e0o ch\u1ebf \u0111\u1ed9 \u0103n u\u1ed1ng h\u00e0ng ng\u00e0y, \u0111\u1eb7c bi\u1ec7t ph\u00f9 h\u1ee3p cho ng\u01b0\u1eddi \u0103n chay, ng\u01b0\u1eddi mu\u1ed1n t\u0103ng c\u01b0\u1eddng protein ho\u1eb7c \u0111\u01a1n gi\u1ea3n l\u00e0 t\u00ecm ki\u1ebfm m\u1ed9t nguy\u00ean li\u1ec7u th\u01a1m ngon v\u00e0 l\u00e0nh m\u1ea1nh.<\/p>\n<p data-sourcepos=\"29:1-29:21\"><strong>Th\u00e0nh ph\u1ea7n ch\u00ednh:<\/strong><\/p>\n<ul data-sourcepos=\"31:1-32:0\">\n<li data-sourcepos=\"31:1-32:0\"><strong>100% \u0110\u1eadu n\u00e0nh:<\/strong>\u00a0\u0110\u1eadu n\u00e0nh \u0111\u01b0\u1ee3c ch\u1ecdn l\u1ecdc k\u1ef9 l\u01b0\u1ee1ng, rang ch\u00edn v\u00e0 xay m\u1ecbn, t\u1ea1o n\u00ean h\u01b0\u01a1ng v\u1ecb \u0111\u1eb7c tr\u01b0ng v\u00e0 gi\u00e1 tr\u1ecb dinh d\u01b0\u1ee1ng cao c\u1ee7a Kinako.<\/li>\n<\/ul>\n<p><img decoding=\"async\" class=\"aligncenter\" src=\"https:\/\/havamall.com\/wp-content\/uploads\/2025\/05\/30820439_m.jpg\" alt=\"What is Kinako and How to Enjoy It \u2013 Yunomi.life\" width=\"844\" height=\"563\" \/><\/p>\n<p data-sourcepos=\"33:1-33:105\"><strong>B\u1ed9t \u0110\u1eadu N\u00e0nh Rang (Kinako) Gishi BRAND c\u00f3 th\u1ec3 \u0111\u01b0\u1ee3c s\u1eed d\u1ee5ng linh ho\u1ea1t trong nhi\u1ec1u m\u00f3n \u0103n v\u00e0 th\u1ee9c u\u1ed1ng:<\/strong><\/p>\n<ul data-sourcepos=\"35:1-40:0\">\n<li data-sourcepos=\"35:1-35:145\"><strong>R\u1eafc l\u00ean Mochi v\u00e0 Dango:<\/strong>\u00a0\u0110\u00e2y l\u00e0 c\u00e1ch d\u00f9ng truy\u1ec1n th\u1ed1ng v\u00e0 ph\u1ed5 bi\u1ebfn nh\u1ea5t c\u1ee7a Kinako, t\u1ea1o n\u00ean m\u00f3n b\u00e1nh m\u1ec1m d\u1ebbo h\u00f2a quy\u1ec7n v\u1edbi l\u1edbp b\u1ed9t th\u01a1m b\u00f9i.<\/li>\n<li data-sourcepos=\"36:1-36:120\"><strong>Topping cho m\u00f3n tr\u00e1ng mi\u1ec7ng:<\/strong>\u00a0R\u1eafc l\u00ean kem, s\u1eefa chua, pudding ho\u1eb7c c\u00e1c lo\u1ea1i ch\u00e8 \u0111\u1ec3 t\u0103ng th\u00eam h\u01b0\u01a1ng v\u1ecb v\u00e0 \u0111\u1ed9 h\u1ea5p d\u1eabn.<\/li>\n<\/ul>\n<p><img decoding=\"async\" class=\"aligncenter\" src=\"https:\/\/havamall.com\/wp-content\/uploads\/2025\/05\/3186718109_bfd65b67ee_b.jpg\" alt=\"mitarashi dango with kinako | grilled mochi with roasted soy\u2026 | Flickr\" width=\"854\" height=\"641\" \/><\/p>\n<ul data-sourcepos=\"35:1-40:0\">\n<li data-sourcepos=\"37:1-37:147\"><strong>Pha ch\u1ebf \u0111\u1ed3 u\u1ed1ng:<\/strong>\u00a0Th\u00eam v\u00e0o s\u1eefa t\u01b0\u01a1i, s\u1eefa \u0111\u1eadu n\u00e0nh, sinh t\u1ed1 ho\u1eb7c c\u00e1c lo\u1ea1i \u0111\u1ed3 u\u1ed1ng n\u00f3ng\/l\u1ea1nh \u0111\u1ec3 b\u1ed5 sung dinh d\u01b0\u1ee1ng v\u00e0 t\u1ea1o v\u1ecb b\u00e9o ng\u1eady th\u01a1m ngon.<\/li>\n<li data-sourcepos=\"38:1-38:124\"><strong>Nguy\u00ean li\u1ec7u l\u00e0m b\u00e1nh:<\/strong>\u00a0S\u1eed d\u1ee5ng trong c\u00e1c c\u00f4ng th\u1ee9c l\u00e0m b\u00e1nh quy, b\u00e1nh ng\u1ecdt, ho\u1eb7c th\u00eam v\u00e0o b\u1ed9t l\u00e0m b\u00e1nh pancake, waffle.<\/li>\n<li data-sourcepos=\"39:1-40:0\"><strong>R\u1eafc l\u00ean c\u01a1m ho\u1eb7c ch\u00e1o:<\/strong>\u00a0M\u1ed9t c\u00e1ch \u0111\u01a1n gi\u1ea3n \u0111\u1ec3 t\u0103ng c\u01b0\u1eddng dinh d\u01b0\u1ee1ng v\u00e0 h\u01b0\u01a1ng v\u1ecb cho b\u1eefa \u0103n h\u00e0ng ng\u00e0y.<\/li>\n<\/ul>\n<p><img loading=\"lazy\" decoding=\"async\" class=\"aligncenter  wp-image-39592\" src=\"https:\/\/havamall.com\/wp-content\/uploads\/2025\/05\/Kinako-Milk-6798-III.jpg\" alt=\"\" width=\"856\" height=\"856\" \/><\/p>\n<p data-sourcepos=\"41:1-41:65\"><strong>M\u00f3n ngon v\u1edbi Kinako: Mochi B\u1ecdc Kinako (\u5b89\u500d\u5ddd\u3082\u3061 \u2013 Abekawa Mochi)<\/strong><\/p>\n<p data-sourcepos=\"43:1-43:449\">Mochi B\u1ecdc Kinako, hay c\u00f2n g\u1ecdi l\u00e0 Abekawa Mochi, l\u00e0 m\u1ed9t m\u00f3n tr\u00e1ng mi\u1ec7ng truy\u1ec1n th\u1ed1ng \u0111\u01a1n gi\u1ea3n nh\u01b0ng v\u00f4 c\u00f9ng \u0111\u01b0\u1ee3c y\u00eau th\u00edch t\u1ea1i Nh\u1eadt B\u1ea3n. Nh\u1eefng vi\u00ean Mochi d\u1ebbo th\u01a1m \u0111\u01b0\u1ee3c lu\u1ed9c ho\u1eb7c h\u1ea5p ch\u00edn, sau \u0111\u00f3 nhanh ch\u00f3ng l\u0103n qua l\u1edbp B\u1ed9t \u0110\u1eadu N\u00e0nh Rang Kinako tr\u1ed9n v\u1edbi \u0111\u01b0\u1eddng. V\u1ecb ng\u1ecdt d\u1ecbu c\u1ee7a \u0111\u01b0\u1eddng k\u1ebft h\u1ee3p v\u1edbi h\u01b0\u01a1ng th\u01a1m b\u00f9i b\u00e9o c\u1ee7a Kinako bao quanh vi\u00ean Mochi m\u1ec1m dai t\u1ea1o n\u00ean m\u1ed9t tr\u1ea3i nghi\u1ec7m v\u1ecb gi\u00e1c tinh t\u1ebf, l\u00e0 n\u00e9t \u0111\u1eb7c tr\u01b0ng kh\u00f4ng th\u1ec3 thi\u1ebfu trong \u1ea9m th\u1ef1c Nh\u1eadt B\u1ea3n.<\/p>\n<p data-sourcepos=\"43:1-43:449\"><img loading=\"lazy\" decoding=\"async\" class=\"aligncenter\" src=\"https:\/\/havamall.com\/wp-content\/uploads\/2025\/05\/qkkpp0o9u4b.jpg\" alt=\"\u9759\u5ca1\u540d\u7269\u300c\u5b89\u500d\u5ddd\u9905\u300d\u3063\u3066\uff1f\u7279\u5fb4\u3084\u304a\u5bb6\u3067\u4f5c\u308c\u308b\u30ec\u30b7\u30d4\u3092\u3054\u7d39\u4ecb | \u30c7\u30ea\u30c3\u30b7\u30e5\u30ad\u30c3\u30c1\u30f3\" width=\"867\" height=\"578\" \/><\/p>\n<p data-sourcepos=\"45:1-45:262\"><strong>B\u1ed9t \u0110\u1eadu N\u00e0nh Rang Nguy\u00ean Ch\u1ea5t (Kinako) \u2013 Gishi BRAND 80g<\/strong>\u00a0\u2013 m\u1ed9t nguy\u00ean li\u1ec7u \u0111a n\u0103ng mang \u0111\u1eadm h\u01b0\u01a1ng v\u1ecb truy\u1ec1n th\u1ed1ng Nh\u1eadt B\u1ea3n, v\u1eeba ngon mi\u1ec7ng l\u1ea1i gi\u00e0u dinh d\u01b0\u1ee1ng. H\u00e3y th\u00eam Kinako v\u00e0o c\u0103n b\u1ebfp c\u1ee7a b\u1ea1n \u0111\u1ec3 kh\u00e1m ph\u00e1 nh\u1eefng s\u00e1ng t\u1ea1o \u1ea9m th\u1ef1c m\u1edbi l\u1ea1 v\u00e0 t\u1ed1t cho s\u1ee9c kh\u1ecfe, s\u1ea3n ph\u1ea9m \u0111\u00e3 c\u00f3 m\u1eb7t t\u1ea1i Havamall !<\/p>","protected":false},"excerpt":{"rendered":"<p>TH\u00d4NG TIN CHUNG Th\u01b0\u01a1ng hi\u1ec7u Gishi BRAND Xu\u1ea5t x\u1ee9 Nh\u1eadt B\u1ea3n Th\u00e0nh ph\u1ea7n Xem tr\u00ean bao b\u00ec H\u1ea1n s\u1eed d\u1ee5ng<\/p>","protected":false},"featured_media":38459,"comment_status":"open","ping_status":"closed","template":"","meta":[],"product_brand":[],"product_cat":[255,675,134],"product_tag":[],"class_list":{"0":"post-38458","1":"product","2":"type-product","3":"status-publish","4":"has-post-thumbnail","6":"product_cat-nguyen-lieu-lam-banh","7":"product_cat-nhap-khau-nhat-ban","8":"product_cat-thucpham-saykho","10":"first","11":"instock","12":"sale","13":"shipping-taxable","14":"purchasable","15":"product-type-simple"},"_links":{"self":[{"href":"https:\/\/havamall.vn\/en\/wp-json\/wp\/v2\/product\/38458"}],"collection":[{"href":"https:\/\/havamall.vn\/en\/wp-json\/wp\/v2\/product"}],"about":[{"href":"https:\/\/havamall.vn\/en\/wp-json\/wp\/v2\/types\/product"}],"replies":[{"embeddable":true,"href":"https:\/\/havamall.vn\/en\/wp-json\/wp\/v2\/comments?post=38458"}],"version-history":[{"count":0,"href":"https:\/\/havamall.vn\/en\/wp-json\/wp\/v2\/product\/38458\/revisions"}],"wp:featuredmedia":[{"embeddable":true,"href":"https:\/\/havamall.vn\/en\/wp-json\/wp\/v2\/media\/38459"}],"wp:attachment":[{"href":"https:\/\/havamall.vn\/en\/wp-json\/wp\/v2\/media?parent=38458"}],"wp:term":[{"taxonomy":"product_brand","embeddable":true,"href":"https:\/\/havamall.vn\/en\/wp-json\/wp\/v2\/product_brand?post=38458"},{"taxonomy":"product_cat","embeddable":true,"href":"https:\/\/havamall.vn\/en\/wp-json\/wp\/v2\/product_cat?post=38458"},{"taxonomy":"product_tag","embeddable":true,"href":"https:\/\/havamall.vn\/en\/wp-json\/wp\/v2\/product_tag?post=38458"}],"curies":[{"name":"wp","href":"https:\/\/api.w.org\/{rel}","templated":true}]}}