{"id":38454,"date":"2025-05-12T16:44:57","date_gmt":"2025-05-12T09:44:57","guid":{"rendered":"https:\/\/havamall.vn\/?post_type=product&#038;p=38454"},"modified":"2025-05-12T16:44:57","modified_gmt":"2025-05-12T09:44:57","slug":"choi-tre-danh-matcha-chasen-chasen-bamboo-matcha-whisk","status":"publish","type":"product","link":"https:\/\/havamall.vn\/en\/shop\/choi-tre-danh-matcha-chasen-chasen-bamboo-matcha-whisk\/","title":{"rendered":"Ch\u1ed5i Tre \u0110\u00e1nh Matcha (Chasen) \u2013 Chasen \/ Bamboo Matcha Whisk"},"content":{"rendered":"<p data-sourcepos=\"7:1-7:323\">V\u1edbi s\u1ef1 ph\u1ed5 bi\u1ebfn ng\u00e0y c\u00e0ng t\u0103ng c\u1ee7a matcha, nhi\u1ec1u ng\u01b0\u1eddi \u0111\u00e3 b\u1eaft \u0111\u1ea7u t\u00ecm hi\u1ec3u s\u00e2u h\u01a1n v\u1ec1 c\u00e1ch th\u01b0\u1edfng th\u1ee9c lo\u1ea1i tr\u00e0 xanh \u0111\u1eb7c bi\u1ec7t n\u00e0y m\u1ed9t c\u00e1ch tr\u1ecdn v\u1eb9n nh\u1ea5t. V\u00e0 khi n\u00f3i \u0111\u1ebfn pha ch\u1ebf matcha theo phong c\u00e1ch truy\u1ec1n th\u1ed1ng, c\u00f3 m\u1ed9t d\u1ee5ng c\u1ee5 \u0111\u00f3ng vai tr\u00f2 kh\u00f4ng th\u1ec3 thay th\u1ebf: chi\u1ebfc Chasen (\u8336\u7b45) \u2013 hay c\u00f2n g\u1ecdi l\u00e0 ch\u1ed5i \u0111\u00e1nh matcha b\u1eb1ng tre.<\/p>\n<p data-sourcepos=\"7:1-7:323\"><img fetchpriority=\"high\" decoding=\"async\" class=\"aligncenter\" src=\"https:\/\/havamall.com\/wp-content\/uploads\/2025\/05\/matchaful-accessories-collection.jpg\" alt=\"Matcha Tools \u2013 Matchaful\" width=\"935\" height=\"468\" \/><\/p>\n<p data-sourcepos=\"11:1-11:254\">Chasen l\u00e0 m\u1ed9t d\u1ee5ng c\u1ee5 truy\u1ec1n th\u1ed1ng c\u1ee7a Nh\u1eadt B\u1ea3n, \u0111\u01b0\u1ee3c \u0111i\u00eau kh\u1eafc th\u1ee7 c\u00f4ng t\u1eeb m\u1ed9t m\u1ea3nh tre duy nh\u1ea5t. Ph\u1ea7n \u0111\u1ea7u c\u1ee7a chasen \u0111\u01b0\u1ee3c ch\u1ebb th\u00e0nh h\u00e0ng ch\u1ee5c, th\u1eadm ch\u00ed h\u00e0ng tr\u0103m nan tre nh\u1ecf v\u00e0 m\u1ea3nh, t\u1ea1o n\u00ean h\u00ecnh d\u00e1ng \u0111\u1eb7c tr\u01b0ng nh\u01b0 m\u1ed9t chi\u1ebfc ch\u1ed5i ho\u1eb7c b\u00e0n ch\u1ea3i m\u1ec1m m\u1ea1i.<\/p>\n<p data-sourcepos=\"11:1-11:254\"><img decoding=\"async\" class=\"aligncenter\" src=\"https:\/\/havamall.com\/wp-content\/uploads\/2025\/05\/Shiage.png\" alt=\"Bamboo and the Art of Chasen Making \u2013 Yunomi.life\" width=\"943\" height=\"625\" \/><\/p>\n<p data-sourcepos=\"13:1-13:423\">Trong Tr\u00e0 \u0111\u1ea1o Nh\u1eadt B\u1ea3n (Chanoyu), Chasen l\u00e0 m\u1ed9t trong nh\u1eefng d\u1ee5ng c\u1ee5 c\u1ed1t l\u00f5i, thi\u1ebft y\u1ebfu \u0111\u1ec3 pha ch\u1ebf matcha. C\u00f4ng d\u1ee5ng ch\u00ednh c\u1ee7a n\u00f3 l\u00e0 \u0111\u00e1nh tan b\u1ed9t matcha m\u1ecbn v\u00e0o n\u01b0\u1edbc n\u00f3ng v\u00e0 t\u1ea1o ra m\u1ed9t l\u1edbp b\u1ecdt m\u1ecbn m\u00e0ng, \u0111\u1ed3ng nh\u1ea5t tr\u00ean b\u1ec1 m\u1eb7t tr\u00e0 (\u0111\u1eb7c bi\u1ec7t l\u00e0 khi pha Usucha \u2013 tr\u00e0 lo\u00e3ng). Kh\u00f4ng c\u00f3 d\u1ee5ng c\u1ee5 n\u00e0o kh\u00e1c, k\u1ec3 c\u1ea3 c\u00e1c lo\u1ea1i que khu\u1ea5y hay m\u00e1y \u0111\u00e1nh tr\u1ee9ng th\u00f4ng th\u01b0\u1eddng, c\u00f3 th\u1ec3 t\u1ea1o ra \u0111\u01b0\u1ee3c k\u1ebft c\u1ea5u v\u00e0 \u0111\u1ed9 m\u1ecbn l\u00fd t\u01b0\u1edfng cho matcha nh\u01b0 Chasen.<\/p>\n<p data-sourcepos=\"13:1-13:423\"><img decoding=\"async\" class=\"aligncenter\" src=\"https:\/\/havamall.com\/wp-content\/uploads\/2025\/05\/Matcha_Zubehoer_collection_header_40df4dbc-a708-4895-8926-a79a5e96681b.jpg\" alt=\"Authentic Matcha Tools &amp; Accessories | Shop at PAPER &amp; TEA\" width=\"947\" height=\"631\" \/><\/p>\n<p data-sourcepos=\"15:1-15:31\"><strong>T\u1ea1i Sao C\u1ea7n S\u1eed D\u1ee5ng Chasen?<\/strong><\/p>\n<p data-sourcepos=\"17:1-17:70\">Vi\u1ec7c s\u1eed d\u1ee5ng Chasen mang l\u1ea1i nhi\u1ec1u l\u1ee3i \u00edch \u0111\u00e1ng k\u1ec3 khi pha ch\u1ebf matcha:<\/p>\n<ul data-sourcepos=\"19:1-24:0\">\n<li data-sourcepos=\"19:1-19:139\"><strong>\u0110\u00e1nh tan b\u1ed9t ho\u00e0n h\u1ea3o:<\/strong>\u00a0Chasen gi\u00fap ph\u00e1 v\u1ee1 ho\u00e0n to\u00e0n c\u00e1c c\u1ee5c b\u1ed9t matcha, \u0111\u1ea3m b\u1ea3o b\u1ed9t \u0111\u01b0\u1ee3c ph\u00e2n t\u00e1n \u0111\u1ec1u trong n\u01b0\u1edbc, kh\u00f4ng c\u00f2n l\u1eafng c\u1eb7n.<\/li>\n<li data-sourcepos=\"20:1-20:262\"><strong>T\u1ea1o l\u1edbp b\u1ecdt (Crema) m\u1ecbn m\u00e0ng:<\/strong>\u00a0C\u00e1c nan tre m\u1ea3nh v\u00e0 linh ho\u1ea1t c\u1ee7a Chasen t\u1ea1o ra ma s\u00e1t v\u00e0 \u0111\u01b0a kh\u00f4ng kh\u00ed v\u00e0o tr\u00e0 m\u1ed9t c\u00e1ch hi\u1ec7u qu\u1ea3, t\u1ea1o n\u00ean l\u1edbp b\u1ecdt \u0111\u1eb7c tr\u01b0ng (g\u1ecdi l\u00e0 crema) tr\u00ean b\u1ec1 m\u1eb7t Usucha. L\u1edbp b\u1ecdt n\u00e0y kh\u00f4ng ch\u1ec9 \u0111\u1eb9p m\u1eaft m\u00e0 c\u00f2n gi\u00fap h\u01b0\u01a1ng v\u1ecb tr\u00e0 \u00eam d\u1ecbu h\u01a1n.<\/li>\n<li data-sourcepos=\"21:1-21:168\"><strong>N\u00e2ng cao h\u01b0\u01a1ng v\u1ecb v\u00e0 m\u00f9i th\u01a1m:<\/strong>\u00a0Qu\u00e1 tr\u00ecnh \u0111\u00e1nh tr\u00e0 b\u1eb1ng Chasen gi\u00fap gi\u1ea3i ph\u00f3ng c\u00e1c h\u1ee3p ch\u1ea5t h\u01b0\u01a1ng th\u01a1m trong b\u1ed9t matcha, l\u00e0m t\u0103ng tr\u1ea3i nghi\u1ec7m v\u1ecb gi\u00e1c v\u00e0 kh\u1ee9u gi\u00e1c.<\/li>\n<li data-sourcepos=\"22:1-22:114\"><strong>K\u1ebft c\u1ea5u \u0111\u1ed3ng nh\u1ea5t:<\/strong>\u00a0Gi\u00fap tr\u00e0 c\u00f3 k\u1ebft c\u1ea5u m\u1ecbn m\u00e0ng, d\u1ec5 ch\u1ecbu khi th\u01b0\u1edfng th\u1ee9c, kh\u00f4ng b\u1ecb c\u1ea3m gi\u00e1c l\u1ee3n c\u1ee3n c\u1ee7a b\u1ed9t.<\/li>\n<li data-sourcepos=\"23:1-24:0\"><strong>Tr\u00e1nh v\u1ecb kim lo\u1ea1i:<\/strong>\u00a0Kh\u00e1c v\u1edbi c\u00e1c d\u1ee5ng c\u1ee5 kim lo\u1ea1i c\u00f3 th\u1ec3 ph\u1ea3n \u1ee9ng nh\u1eb9 v\u1edbi matcha v\u00e0 \u1ea3nh h\u01b0\u1edfng \u0111\u1ebfn h\u01b0\u01a1ng v\u1ecb, Chasen b\u1eb1ng tre ho\u00e0n to\u00e0n trung t\u00ednh.<\/li>\n<\/ul>\n<p><img loading=\"lazy\" decoding=\"async\" class=\"aligncenter\" src=\"https:\/\/havamall.com\/wp-content\/uploads\/2025\/05\/81uscr4mYL.jpg\" alt=\"Mua 10-Pcs Matcha Kit Set, Whisk and Bowl with Spout &amp; Measuring Spoon, Japanese Tea Making Tools tr\u00ean Amazon M\u1ef9 ch\u00ednh h\u00e3ng 2025 | Fado\" width=\"952\" height=\"952\" \/><\/p>\n<p data-sourcepos=\"25:1-25:38\"><strong>C\u00e1ch S\u1eed D\u1ee5ng Chasen \u0110\u1ec3 Pha Matcha:<\/strong><\/p>\n<ol data-sourcepos=\"29:1-36:0\">\n<li data-sourcepos=\"29:1-29:93\">Cho l\u01b0\u1ee3ng b\u1ed9t\u00a0<a href=\"https:\/\/havamall.com\/shop\/bot-matcha-huong-nhai-nechi-100g-matcha-powder-jasmine-flavor-nechi\/\" target=\"_blank\" rel=\"noopener\">matcha<\/a>\u00a0v\u1eeba \u0111\u1ee7 (th\u01b0\u1eddng 2-4g) v\u00e0o b\u00e1t tr\u00e0 (Chawan) \u0111\u00e3 \u0111\u01b0\u1ee3c l\u00e0m \u1ea5m v\u00e0 lau kh\u00f4.<\/li>\n<li data-sourcepos=\"30:1-30:70\">Th\u00eam m\u1ed9t \u00edt n\u01b0\u1edbc n\u00f3ng (kho\u1ea3ng 70-80\u00b0C) v\u00e0o b\u00e1t, \u0111\u1ee7 \u0111\u1ec3 l\u00e0m \u01b0\u1edbt b\u1ed9t.<\/li>\n<li data-sourcepos=\"31:1-31:68\">D\u00f9ng Chasen \u0111\u00e1nh nh\u1eb9 cho b\u1ed9t tan h\u1ebft, t\u1ea1o th\u00e0nh m\u1ed9t h\u1ed7n h\u1ee3p s\u1ec7t.<\/li>\n<li data-sourcepos=\"32:1-32:41\">Th\u00eam l\u01b0\u1ee3ng n\u01b0\u1edbc n\u00f3ng c\u00f2n l\u1ea1i v\u00e0o b\u00e1t.<\/li>\n<li data-sourcepos=\"33:1-33:164\">Gi\u1eef Chasen th\u1eb3ng v\u00e0 b\u1eaft \u0111\u1ea7u \u0111\u00e1nh tr\u00e0 b\u1eb1ng chuy\u1ec3n \u0111\u1ed9ng nhanh, d\u1ee9t kho\u00e1t theo h\u00ecnh ch\u1eef \u2018W\u2019 ho\u1eb7c \u2018M\u2019 tr\u00ean b\u1ec1 m\u1eb7t b\u00e1t. C\u1ed1 g\u1eafng kh\u00f4ng \u1ea5n m\u1ea1nh \u0111\u1ea7u ch\u1ed5i xu\u1ed1ng \u0111\u00e1y b\u00e1t.<\/li>\n<li data-sourcepos=\"34:1-34:62\">\u0110\u00e1nh li\u00ean t\u1ee5c cho \u0111\u1ebfn khi tr\u00e0 n\u1ed5i b\u1ecdt m\u1ecbn \u0111\u1ec1u kh\u1eafp b\u1ec1 m\u1eb7t.<\/li>\n<li data-sourcepos=\"35:1-36:0\">Tr\u01b0\u1edbc khi k\u1ebft th\u00fac, \u0111\u01b0a Chasen di chuy\u1ec3n ch\u1eadm v\u00f2ng quanh b\u00e1t v\u00e0 nh\u1ea5c nh\u1eb9 l\u00ean t\u1eeb gi\u1eefa \u0111\u1ec3 l\u00e0m tan c\u00e1c b\u1ecdt kh\u00ed l\u1edbn h\u01a1n, t\u1ea1o l\u1edbp b\u1ecdt m\u1ecbn \u0111\u1eb9p.<\/li>\n<\/ol>\n<p><img loading=\"lazy\" decoding=\"async\" class=\"aligncenter\" src=\"https:\/\/havamall.com\/wp-content\/uploads\/2025\/05\/Gingerbread-Matcha-Latte-process-shots.jpg\" alt=\"Gingerbread Matcha Latte | Natalie's Health\" width=\"963\" height=\"1444\" \/><\/p>\n<p data-sourcepos=\"37:1-37:30\"><strong>B\u1ea3o Qu\u1ea3n Chasen \u0110\u00fang C\u00e1ch:<\/strong><\/p>\n<p data-sourcepos=\"39:1-39:73\">Chasen l\u00e0 d\u1ee5ng c\u1ee5 tinh t\u1ebf c\u1ea7n \u0111\u01b0\u1ee3c ch\u0103m s\u00f3c c\u1ea9n th\u1eadn \u0111\u1ec3 k\u00e9o d\u00e0i tu\u1ed5i th\u1ecd:<\/p>\n<ul data-sourcepos=\"41:1-45:0\">\n<li data-sourcepos=\"41:1-41:215\"><strong>R\u1eeda s\u1ea1ch ngay sau khi d\u00f9ng:<\/strong>\u00a0Tr\u00e1ng s\u1ea1ch Chasen d\u01b0\u1edbi v\u00f2i n\u01b0\u1edbc \u1ea5m ngay l\u1eadp t\u1ee9c sau khi s\u1eed d\u1ee5ng. Kh\u00f4ng d\u00f9ng x\u00e0 ph\u00f2ng ho\u1eb7c ch\u1ea5t t\u1ea9y r\u1eeda v\u00ec ch\u00fang c\u00f3 th\u1ec3 b\u00e1m l\u1ea1i v\u00e0 \u1ea3nh h\u01b0\u1edfng \u0111\u1ebfn h\u01b0\u01a1ng v\u1ecb tr\u00e0, \u0111\u1ed3ng th\u1eddi l\u00e0m h\u1ecfng tre.<\/li>\n<li data-sourcepos=\"42:1-42:352\"><strong>T\u1ea1o d\u00e1ng v\u00e0 ph\u01a1i kh\u00f4:<\/strong>\u00a0Sau khi r\u1eeda, nh\u1eb9 nh\u00e0ng ch\u1ec9nh l\u1ea1i d\u00e1ng c\u00e1c nan tre. C\u00e1ch t\u1ed1t nh\u1ea5t \u0111\u1ec3 ph\u01a1i kh\u00f4 Chasen l\u00e0 \u0111\u1eb7t n\u00f3 l\u00ean gi\u00e1 \u0111\u1ee1 Chasen chuy\u00ean d\u1ee5ng (g\u1ecdi l\u00e0 Kusenaoshi ho\u1eb7c Chasen Tate). Gi\u00e1 \u0111\u1ee1 n\u00e0y gi\u00fap gi\u1eef d\u00e1ng Chasen, cho ph\u00e9p kh\u00f4ng kh\u00ed l\u01b0u th\u00f4ng v\u00e0 ng\u0103n ng\u1eeba n\u1ea5m m\u1ed1c. N\u1ebfu kh\u00f4ng c\u00f3 gi\u00e1 \u0111\u1ee1, h\u00e3y \u0111\u1eb7t Chasen d\u1ef1ng \u0111\u1ee9ng tr\u00ean \u0111\u1ebf c\u1ee7a n\u00f3 \u1edf n\u01a1i tho\u00e1ng kh\u00ed.<\/li>\n<li data-sourcepos=\"43:1-43:98\"><strong>Tr\u00e1nh va \u0111\u1eadp m\u1ea1nh:<\/strong>\u00a0C\u00e1c nan tre r\u1ea5t m\u1ea3nh, d\u1ec5 g\u00e3y n\u1ebfu b\u1ecb va \u0111\u1eadp m\u1ea1nh ho\u1eb7c s\u1eed d\u1ee5ng qu\u00e1 th\u00f4 b\u1ea1o.<\/li>\n<li data-sourcepos=\"44:1-45:0\"><strong>Ki\u1ec3m tra th\u01b0\u1eddng xuy\u00ean:<\/strong>\u00a0Theo th\u1eddi gian s\u1eed d\u1ee5ng, c\u00e1c nan tre \u1edf \u0111\u1ea7u Chasen c\u00f3 th\u1ec3 b\u1ecb cong, g\u00e3y ho\u1eb7c s\u1eddn. Khi Chasen \u0111\u00e3 b\u1ecb h\u01b0 h\u1ea1i nhi\u1ec1u v\u00e0 kh\u00f4ng c\u00f2n hi\u1ec7u qu\u1ea3 \u0111\u1ec3 \u0111\u00e1nh tr\u00e0, \u0111\u00f3 l\u00e0 l\u00fac b\u1ea1n n\u00ean thay th\u1ebf.<\/li>\n<\/ul>\n<p><img loading=\"lazy\" decoding=\"async\" class=\"aligncenter\" src=\"https:\/\/havamall.com\/wp-content\/uploads\/2025\/05\/17_14071e9d-3f44-42e3-be8c-722b68e152ab_1080x.png.jpg\" alt=\"JENKI MATCHA BAMBOO WHISK\" width=\"969\" height=\"969\" \/><\/p>\n<p data-sourcepos=\"46:1-46:261\">S\u1edf h\u1eefu m\u1ed9t chi\u1ebfc Chasen l\u00e0 b\u01b0\u1edbc \u0111\u1ea7u ti\u00ean \u0111\u1ec3 b\u1ea1n tr\u1ea3i nghi\u1ec7m tr\u1ecdn v\u1eb9n ngh\u1ec7 thu\u1eadt v\u00e0 h\u01b0\u01a1ng v\u1ecb \u0111\u00edch th\u1ef1c c\u1ee7a matcha, v\u00ed d\u1ee5 nh\u01b0 khi k\u1ebft h\u1ee3p v\u1edbi\u00a0<a href=\"https:\/\/havamall.com\/shop\/bot-matcha-huong-nhai-nechi-100g-matcha-powder-jasmine-flavor-nechi\/\" target=\"_blank\" rel=\"noopener\"><strong>B\u1ed9t Matcha H\u01b0\u01a1ng Nh\u00e0i Nechi<\/strong><\/a>. H\u00e3y n\u00e2ng niu d\u1ee5ng c\u1ee5 \u0111\u1eb7c bi\u1ec7t n\u00e0y \u0111\u1ec3 m\u1ed7i l\u1ea7n pha tr\u00e0 l\u00e0 m\u1ed9t kho\u1ea3nh kh\u1eafc th\u01b0 th\u00e1i v\u00e0 tinh t\u1ebf.<\/p>","protected":false},"excerpt":{"rendered":"<p>V\u1edbi s\u1ef1 ph\u1ed5 bi\u1ebfn ng\u00e0y c\u00e0ng t\u0103ng c\u1ee7a matcha, nhi\u1ec1u ng\u01b0\u1eddi \u0111\u00e3 b\u1eaft \u0111\u1ea7u t\u00ecm hi\u1ec3u s\u00e2u h\u01a1n v\u1ec1 c\u00e1ch<\/p>","protected":false},"featured_media":38455,"comment_status":"open","ping_status":"closed","template":"","meta":[],"product_brand":[],"product_cat":[393,675,35],"product_tag":[],"class_list":{"0":"post-38454","1":"product","2":"type-product","3":"status-publish","4":"has-post-thumbnail","6":"product_cat-bep-phong-an","7":"product_cat-nhap-khau-nhat-ban","8":"product_cat-nha-cua-doi-song","10":"first","11":"instock","12":"sale","13":"shipping-taxable","14":"purchasable","15":"product-type-simple"},"_links":{"self":[{"href":"https:\/\/havamall.vn\/en\/wp-json\/wp\/v2\/product\/38454"}],"collection":[{"href":"https:\/\/havamall.vn\/en\/wp-json\/wp\/v2\/product"}],"about":[{"href":"https:\/\/havamall.vn\/en\/wp-json\/wp\/v2\/types\/product"}],"replies":[{"embeddable":true,"href":"https:\/\/havamall.vn\/en\/wp-json\/wp\/v2\/comments?post=38454"}],"version-history":[{"count":0,"href":"https:\/\/havamall.vn\/en\/wp-json\/wp\/v2\/product\/38454\/revisions"}],"wp:featuredmedia":[{"embeddable":true,"href":"https:\/\/havamall.vn\/en\/wp-json\/wp\/v2\/media\/38455"}],"wp:attachment":[{"href":"https:\/\/havamall.vn\/en\/wp-json\/wp\/v2\/media?parent=38454"}],"wp:term":[{"taxonomy":"product_brand","embeddable":true,"href":"https:\/\/havamall.vn\/en\/wp-json\/wp\/v2\/product_brand?post=38454"},{"taxonomy":"product_cat","embeddable":true,"href":"https:\/\/havamall.vn\/en\/wp-json\/wp\/v2\/product_cat?post=38454"},{"taxonomy":"product_tag","embeddable":true,"href":"https:\/\/havamall.vn\/en\/wp-json\/wp\/v2\/product_tag?post=38454"}],"curies":[{"name":"wp","href":"https:\/\/api.w.org\/{rel}","templated":true}]}}