{"id":38447,"date":"2025-05-12T15:05:11","date_gmt":"2025-05-12T08:05:11","guid":{"rendered":"https:\/\/havamall.vn\/?post_type=product&#038;p=38447"},"modified":"2025-08-25T16:06:40","modified_gmt":"2025-08-25T09:06:40","slug":"bot-matcha-huong-nhai-nechi-100g-matcha-powder-jasmine-flavor-nechi","status":"publish","type":"product","link":"https:\/\/havamall.vn\/en\/shop\/bot-matcha-huong-nhai-nechi-100g-matcha-powder-jasmine-flavor-nechi\/","title":{"rendered":"B\u1ed9t Matcha H\u01b0\u01a1ng Nh\u00e0i Nechi 100g &#8211; Matcha Powder Jasmine Flavor Nechi"},"content":{"rendered":"<p style=\"text-align: justify\" data-sourcepos=\"7:1-7:550\">Trong th\u1ebf gi\u1edbi \u0111\u1ed3 u\u1ed1ng v\u00e0 \u1ea9m th\u1ef1c hi\u1ec7n \u0111\u1ea1i, Matcha \u0111\u00e3 v\u00e0 \u0111ang kh\u1eb3ng \u0111\u1ecbnh v\u1ecb th\u1ebf c\u1ee7a m\u00ecnh nh\u01b0 m\u1ed9t &#8220;si\u00eau th\u1ef1c ph\u1ea9m&#8221; kh\u00f4ng ch\u1ec9 b\u1edfi m\u00e0u xanh ng\u1ecdc b\u00edch cu\u1ed1n h\u00fat m\u00e0 c\u00f2n b\u1edfi nh\u1eefng l\u1ee3i \u00edch s\u1ee9c kh\u1ecfe tuy\u1ec7t v\u1eddi v\u00e0 h\u01b0\u01a1ng v\u1ecb \u0111\u1ed9c \u0111\u00e1o. Kh\u00e1c v\u1edbi tr\u00e0 xanh th\u00f4ng th\u01b0\u1eddng, matcha \u0111\u01b0\u1ee3c l\u00e0m t\u1eeb l\u00e1 tr\u00e0 non Shade-grown (che n\u1eafng) v\u00e0 nghi\u1ec1n th\u00e0nh b\u1ed9t m\u1ecbn, gi\u1eef tr\u1ecdn v\u1eb9n h\u00e0m l\u01b0\u1ee3ng dinh d\u01b0\u1ee1ng c\u00f9ng n\u0103ng l\u01b0\u1ee3ng t\u1ec9nh t\u00e1o nh\u01b0ng \u00eam d\u1ecbu. T\u1eeb nh\u1eefng t\u00e1ch tr\u00e0 truy\u1ec1n th\u1ed1ng, matcha ng\u00e0y nay \u0111\u00e3 len l\u1ecfi v\u00e0o m\u1ecdi ng\u00f3c ng\u00e1ch c\u1ee7a cu\u1ed9c s\u1ed1ng \u1ea9m th\u1ef1c, t\u1eeb latte, sinh t\u1ed1 \u0111\u1ebfn c\u00e1c m\u00f3n b\u00e1nh ng\u1ecdt, m\u1eb7n.<\/p>\n<p data-sourcepos=\"7:1-7:550\"><img fetchpriority=\"high\" decoding=\"async\" class=\"aligncenter\" src=\"https:\/\/havamall.com\/wp-content\/uploads\/2025\/05\/ito02.jpg\" alt=\"Ito En Tea Farm\" width=\"916\" height=\"687\" \/><\/p>\n<p style=\"text-align: justify\" data-sourcepos=\"9:1-9:335\">H\u00f2a m\u00ecnh v\u00e0o xu h\u01b0\u1edbng th\u01b0\u1edfng th\u1ee9c matcha \u0111\u1ea7y tinh t\u1ebf, th\u01b0\u01a1ng hi\u1ec7u <strong>Nechi<\/strong> mang \u0111\u1ebfn cho b\u1ea1n nh\u1eefng s\u1ea3n ph\u1ea9m b\u1ed9t matcha ch\u1ea5t l\u01b0\u1ee3ng, \u0111\u01b0\u1ee3c ch\u1ecdn l\u1ecdc k\u1ef9 l\u01b0\u1ee1ng \u0111\u1ec3 \u0111\u1ea3m b\u1ea3o h\u01b0\u01a1ng v\u1ecb v\u00e0 dinh d\u01b0\u1ee1ng t\u1ed1t nh\u1ea5t. V\u1edbi mong mu\u1ed1n t\u1ea1o ra nh\u1eefng tr\u1ea3i nghi\u1ec7m m\u1edbi l\u1ea1 v\u00e0 h\u1ea5p d\u1eabn, Nechi \u0111\u00e3 k\u1ebft h\u1ee3p n\u00e9t truy\u1ec1n th\u1ed1ng c\u1ee7a matcha v\u1edbi h\u01b0\u01a1ng th\u01a1m d\u1ecbu d\u00e0ng, quy\u1ebfn r\u0169.<\/p>\n<p data-sourcepos=\"9:1-9:335\"><img decoding=\"async\" class=\"aligncenter\" src=\"https:\/\/scontent.fsgn19-1.fna.fbcdn.net\/v\/t39.30808-6\/487139210_1086896460134212_4820138037913232594_n.jpg?_nc_cat=105&amp;ccb=1-7&amp;_nc_sid=127cfc&amp;_nc_ohc=0uC_O_eOLgwQ7kNvwG_82Pm&amp;_nc_oc=Adm08XSRCF5K_Wjb8FfP3kXT8DOUGwXnMBEoRKZMwIqohj8gGSHtgpHT1-sQysPm-77KKjUMhnI6Q5uAGkZQegH9&amp;_nc_zt=23&amp;_nc_ht=scontent.fsgn19-1.fna&amp;_nc_gid=gWnaQSI2sZ8VBxk7qj4UwQ&amp;oh=00_AfInLzyLq-6JkLNT3beryHlE-dTBXQ97ZNIVxEzIhoVZFg&amp;oe=68278B58\" alt=\"Kh\u00f4ng c\u00f3 m\u00f4 t\u1ea3 \u1ea3nh.\" width=\"917\" height=\"611\" \/><\/p>\n<p style=\"text-align: justify\" data-sourcepos=\"11:1-11:396\"><strong>B\u1ed9t\u00a0Matcha H\u01b0\u01a1ng Nh\u00e0i Nechi 100g<\/strong> \u2013 s\u1ef1 k\u1ebft h\u1ee3p \u0111\u1ed9c \u0111\u00e1o gi\u1eefa v\u1ecb ch\u00e1t nh\u1eb9 \u0111\u1eb7c tr\u01b0ng c\u1ee7a matcha nguy\u00ean ch\u1ea5t v\u00e0 h\u01b0\u01a1ng th\u01a1m thanh khi\u1ebft c\u1ee7a hoa nh\u00e0i. S\u1ea3n ph\u1ea9m \u0111\u01b0\u1ee3c \u0111\u00f3ng g\u00f3i ti\u1ec7n l\u1ee3i trong t\u00fai 100g, d\u1ea1ng b\u1ed9t m\u1ecbn d\u1ec5 d\u00e0ng h\u00f2a tan v\u00e0 s\u1eed d\u1ee5ng. \u0110\u00e2y ch\u1eafc ch\u1eafn s\u1ebd l\u00e0 ngu\u1ed3n c\u1ea3m h\u1ee9ng m\u1edbi cho nh\u1eefng s\u00e1ng t\u1ea1o \u1ea9m th\u1ef1c v\u00e0 \u0111\u1ed3 u\u1ed1ng c\u1ee7a b\u1ea1n, mang \u0111\u1ebfn m\u1ed9t l\u00e0n gi\u00f3 m\u1edbi \u0111\u1ea7y thi v\u1ecb.<\/p>\n<p data-sourcepos=\"11:1-11:396\"><img decoding=\"async\" class=\"aligncenter\" src=\"https:\/\/havamall.com\/wp-content\/uploads\/2025\/05\/z6494559476323_dc41f7a2e9031fe20a86a3beb0be736a.jpg\" alt=\"B\u1ed9t Matcha H\u01b0\u01a1ng Nh\u00e0i Nechi t\u00fai 100g\" width=\"908\" height=\"908\" \/><\/p>\n<p data-sourcepos=\"13:1-13:22\"><span style=\"font-size: 18pt\"><strong>H\u01b0\u1edbng D\u1eabn S\u1eed D\u1ee5ng:<\/strong><\/span><\/p>\n<ul data-sourcepos=\"17:1-19:0\">\n<li data-sourcepos=\"17:1-17:267\"><strong>Pha \u0111\u1ed3 u\u1ed1ng:<\/strong> Cho kho\u1ea3ng 2-3g b\u1ed9t matcha v\u00e0o b\u00e1t ho\u1eb7c ly. Th\u00eam m\u1ed9t \u00edt n\u01b0\u1edbc n\u00f3ng (kho\u1ea3ng 70-80\u00b0C, kh\u00f4ng d\u00f9ng n\u01b0\u1edbc s\u00f4i) v\u00e0 d\u00f9ng ch\u1ed5i chasen (ho\u1eb7c \u0111\u00e1nh tr\u1ee9ng nh\u1ecf) \u0111\u00e1nh tan b\u1ed9t cho \u0111\u1ebfn khi m\u1ecbn v\u00e0 n\u1ed5i b\u1ecdt kh\u00ed nh\u1ecf. Sau \u0111\u00f3, th\u00eam l\u01b0\u1ee3ng n\u01b0\u1edbc n\u00f3ng\/l\u1ea1nh ho\u1eb7c s\u1eefa t\u00f9y th\u00edch.<\/li>\n<li data-sourcepos=\"18:1-19:0\"><strong>Ch\u1ebf bi\u1ebfn m\u00f3n \u0103n:<\/strong> R\u00e2y b\u1ed9t matcha v\u00e0 tr\u1ed9n \u0111\u1ec1u v\u1edbi c\u00e1c nguy\u00ean li\u1ec7u kh\u00f4 kh\u00e1c khi l\u00e0m b\u00e1nh, kem, pudding ho\u1eb7c c\u00e1c m\u00f3n tr\u00e1ng mi\u1ec7ng kh\u00e1c theo c\u00f4ng th\u1ee9c.<\/li>\n<\/ul>\n<p><img loading=\"lazy\" decoding=\"async\" class=\"aligncenter wp-image-39547\" src=\"https:\/\/havamall.com\/wp-content\/uploads\/2025\/05\/matcha-lava-cake-scaled-1.jpg\" alt=\"\" width=\"902\" height=\"576\" \/><\/p>\n<p data-sourcepos=\"20:1-20:50\"><span style=\"font-size: 18pt\"><strong>C\u00f4ng Th\u1ee9c \u0110\u01a1n Gi\u1ea3n: Matcha Latte H\u01b0\u01a1ng Nh\u00e0i \u0110\u00e1<\/strong><\/span><\/p>\n<p data-sourcepos=\"24:1-24:16\"><strong>Nguy\u00ean li\u1ec7u:<\/strong><\/p>\n<ul data-sourcepos=\"26:1-31:0\">\n<li data-sourcepos=\"26:1-26:32\">3g B\u1ed9t Matcha H\u01b0\u01a1ng Nh\u00e0i Nechi<\/li>\n<li data-sourcepos=\"27:1-27:33\">30ml n\u01b0\u1edbc n\u00f3ng (kho\u1ea3ng 70-80\u00b0C)<\/li>\n<li data-sourcepos=\"28:1-28:47\">150ml s\u1eefa t\u01b0\u01a1i (c\u00f3 th\u1ec3 d\u00f9ng s\u1eefa h\u1ea1t t\u00f9y ch\u1ecdn)<\/li>\n<li data-sourcepos=\"29:1-29:29\">\u0110\u01b0\u1eddng ho\u1eb7c siro t\u00f9y kh\u1ea9u v\u1ecb<\/li>\n<li data-sourcepos=\"30:1-31:0\">\u0110\u00e1 vi\u00ean<\/li>\n<\/ul>\n<p data-sourcepos=\"32:1-32:13\"><strong>C\u00e1ch l\u00e0m:<\/strong><\/p>\n<ol data-sourcepos=\"34:1-39:0\">\n<li data-sourcepos=\"34:1-34:143\">Cho 3g b\u1ed9t Matcha H\u01b0\u01a1ng Nh\u00e0i Nechi v\u00e0o b\u00e1t. Th\u00eam 30ml n\u01b0\u1edbc n\u00f3ng v\u00e0 d\u00f9ng ch\u1ed5i \u0111\u00e1nh tan b\u1ed9t cho \u0111\u1ebfn khi kh\u00f4ng c\u00f2n v\u00f3n c\u1ee5c v\u00e0 c\u00f3 l\u1edbp b\u1ecdt m\u1ecfng.<\/li>\n<li data-sourcepos=\"35:1-35:67\">Th\u00eam \u0111\u01b0\u1eddng ho\u1eb7c siro v\u00e0o h\u1ed7n h\u1ee3p matcha \u0111\u00e3 \u0111\u00e1nh tan, khu\u1ea5y \u0111\u1ec1u.<\/li>\n<\/ol>\n<p><img loading=\"lazy\" decoding=\"async\" class=\"aligncenter wp-image-39548\" src=\"https:\/\/havamall.com\/wp-content\/uploads\/2025\/05\/Matcha-Latte-Recipe-3.jpg\" alt=\"\" width=\"881\" height=\"1309\" \/><\/p>\n<ol data-sourcepos=\"34:1-39:0\">\n<li data-sourcepos=\"36:1-36:37\">R\u00f3t s\u1eefa t\u01b0\u01a1i v\u00e0o ly ch\u1ee9a \u0111\u00e1 vi\u00ean.<\/li>\n<li data-sourcepos=\"37:1-37:53\">T\u1eeb t\u1eeb r\u00f3t h\u1ed7n h\u1ee3p matcha \u0111\u00e3 pha l\u00ean tr\u00ean l\u1edbp s\u1eefa.<\/li>\n<li data-sourcepos=\"38:1-39:0\">Khu\u1ea5y nh\u1eb9 tr\u01b0\u1edbc khi th\u01b0\u1edfng th\u1ee9c \u0111\u1ec3 c\u00e1c l\u1edbp h\u00f2a quy\u1ec7n v\u00e0o nhau, t\u1eadn h\u01b0\u1edfng h\u01b0\u01a1ng v\u1ecb \u0111\u1eb7c tr\u01b0ng c\u1ee7a matcha k\u1ebft h\u1ee3p v\u1edbi h\u01b0\u01a1ng nh\u00e0i thanh tho\u00e1t.<\/li>\n<\/ol>\n<p><img loading=\"lazy\" decoding=\"async\" class=\"aligncenter wp-image-39549\" src=\"https:\/\/havamall.com\/wp-content\/uploads\/2025\/05\/Iced-Matcha-Latte-Recipe-4.jpg\" alt=\"\" width=\"879\" height=\"1299\" \/><\/p>\n<p data-sourcepos=\"40:1-40:47\"><span style=\"font-size: 18pt\"><strong>C\u00e1ch B\u1ea3o Qu\u1ea3n B\u1ed9t Matcha Gi\u1eef M\u00e0u Xanh T\u01b0\u01a1i:<\/strong><\/span><\/p>\n<p data-sourcepos=\"42:1-42:201\">M\u00e0u xanh \u0111\u1eb7c tr\u01b0ng v\u00e0 h\u01b0\u01a1ng v\u1ecb c\u1ee7a matcha r\u1ea5t d\u1ec5 b\u1ecb \u1ea3nh h\u01b0\u1edfng b\u1edfi c\u00e1c y\u1ebfu t\u1ed1 m\u00f4i tr\u01b0\u1eddng. \u0110\u1ec3 gi\u1eef cho B\u1ed9t Matcha H\u01b0\u01a1ng Nh\u00e0i Nechi lu\u00f4n t\u01b0\u01a1i ngon v\u00e0 gi\u1eef \u0111\u01b0\u1ee3c m\u00e0u xanh \u0111\u1eb9p m\u1eaft, h\u00e3y l\u01b0u \u00fd c\u00e1ch b\u1ea3o qu\u1ea3n sau:<\/p>\n<ul data-sourcepos=\"44:1-48:0\">\n<li data-sourcepos=\"44:1-44:208\"><strong>Tr\u00e1nh \u00e1nh s\u00e1ng:<\/strong> \u00c1nh s\u00e1ng (\u0111\u1eb7c bi\u1ec7t l\u00e0 \u00e1nh n\u1eafng tr\u1ef1c ti\u1ebfp) l\u00e0 k\u1ebb th\u00f9 s\u1ed1 m\u1ed9t c\u1ee7a matcha, khi\u1ebfn b\u1ed9t nhanh ch\u00f3ng b\u1ecb oxy h\u00f3a v\u00e0 m\u1ea5t m\u00e0u. Lu\u00f4n b\u1ea3o qu\u1ea3n b\u1ed9t trong t\u00fai\/h\u1ed9p k\u00edn, kh\u00f4ng trong su\u1ed1t v\u00e0 \u0111\u1ec3 \u1edf n\u01a1i t\u1ed1i.<\/li>\n<li data-sourcepos=\"45:1-45:234\"><strong>Tr\u00e1nh kh\u00f4ng kh\u00ed:<\/strong> Kh\u00f4ng kh\u00ed ch\u1ee9a oxy, l\u00e0m matcha b\u1ecb oxy h\u00f3a v\u00e0 l\u00e0m gi\u1ea3m ch\u1ea5t l\u01b0\u1ee3ng. Sau m\u1ed7i l\u1ea7n s\u1eed d\u1ee5ng, h\u00e3y \u0111\u1ea3m b\u1ea3o t\u00fai\/h\u1ed9p \u0111\u1ef1ng \u0111\u01b0\u1ee3c \u0111\u00f3ng k\u00edn ho\u00e0n to\u00e0n, h\u00fat ch\u00e2n kh\u00f4ng (n\u1ebfu c\u00f3 th\u1ec3) ho\u1eb7c \u00e9p h\u1ebft kh\u00f4ng kh\u00ed ra ngo\u00e0i tr\u01b0\u1edbc khi \u0111\u00f3ng.<\/li>\n<li data-sourcepos=\"46:1-46:159\"><strong>Tr\u00e1nh \u0111\u1ed9 \u1ea9m:<\/strong> \u0110\u1ed9 \u1ea9m s\u1ebd l\u00e0m b\u1ed9t matcha v\u00f3n c\u1ee5c v\u00e0 gi\u1ea3m ch\u1ea5t l\u01b0\u1ee3ng. Lu\u00f4n d\u00f9ng th\u00eca kh\u00f4 r\u00e1o \u0111\u1ec3 l\u1ea5y b\u1ed9t v\u00e0 \u0111\u00f3ng k\u00edn ngay sau khi d\u00f9ng. B\u1ea3o qu\u1ea3n \u1edf n\u01a1i kh\u00f4 r\u00e1o.<\/li>\n<li data-sourcepos=\"47:1-48:0\"><strong>Tr\u00e1nh nhi\u1ec7t \u0111\u1ed9 cao:<\/strong> Nhi\u1ec7t \u0111\u1ed9 cao c\u0169ng g\u00f3p ph\u1ea7n l\u00e0m matcha b\u1ecb bi\u1ebfn \u0111\u1ed5i. T\u1ed1t nh\u1ea5t n\u00ean b\u1ea3o qu\u1ea3n b\u1ed9t matcha trong ng\u0103n m\u00e1t t\u1ee7 l\u1ea1nh sau khi \u0111\u00e3 m\u1edf bao b\u00ec.<\/li>\n<\/ul>\n<p><img loading=\"lazy\" decoding=\"async\" class=\"aligncenter wp-image-39550\" src=\"https:\/\/havamall.com\/wp-content\/uploads\/2025\/05\/rine-website-5.jpg\" alt=\"\" width=\"873\" height=\"943\" \/><\/p>\n<p data-sourcepos=\"49:1-49:150\">B\u1eb1ng c\u00e1ch tu\u00e2n th\u1ee7 c\u00e1c nguy\u00ean t\u1eafc b\u1ea3o qu\u1ea3n tr\u00ean, b\u1ea1n c\u00f3 th\u1ec3 k\u00e9o d\u00e0i tu\u1ed5i th\u1ecd v\u00e0 gi\u1eef \u0111\u01b0\u1ee3c ch\u1ea5t l\u01b0\u1ee3ng t\u1ed1t nh\u1ea5t cho B\u1ed9t Matcha H\u01b0\u01a1ng Nh\u00e0i Nechi c\u1ee7a m\u00ecnh. S\u1ea3n ph\u1ea9m hi\u1ec7n \u0111\u00e3 c\u00f3 m\u1eb7t t\u1ea1i Havamall.<\/p>","protected":false},"excerpt":{"rendered":"<p>Trong th\u1ebf gi\u1edbi \u0111\u1ed3 u\u1ed1ng v\u00e0 \u1ea9m th\u1ef1c hi\u1ec7n \u0111\u1ea1i, Matcha \u0111\u00e3 v\u00e0 \u0111ang kh\u1eb3ng \u0111\u1ecbnh v\u1ecb th\u1ebf c\u1ee7a m\u00ecnh<\/p>","protected":false},"featured_media":38448,"comment_status":"open","ping_status":"closed","template":"","meta":[],"product_brand":[],"product_cat":[255,131],"product_tag":[],"class_list":{"0":"post-38447","1":"product","2":"type-product","3":"status-publish","4":"has-post-thumbnail","6":"product_cat-nguyen-lieu-lam-banh","7":"product_cat-nguyen-lieu-lam-bep","9":"first","10":"outofstock","11":"sale","12":"shipping-taxable","13":"purchasable","14":"product-type-simple"},"_links":{"self":[{"href":"https:\/\/havamall.vn\/en\/wp-json\/wp\/v2\/product\/38447"}],"collection":[{"href":"https:\/\/havamall.vn\/en\/wp-json\/wp\/v2\/product"}],"about":[{"href":"https:\/\/havamall.vn\/en\/wp-json\/wp\/v2\/types\/product"}],"replies":[{"embeddable":true,"href":"https:\/\/havamall.vn\/en\/wp-json\/wp\/v2\/comments?post=38447"}],"version-history":[{"count":0,"href":"https:\/\/havamall.vn\/en\/wp-json\/wp\/v2\/product\/38447\/revisions"}],"wp:featuredmedia":[{"embeddable":true,"href":"https:\/\/havamall.vn\/en\/wp-json\/wp\/v2\/media\/38448"}],"wp:attachment":[{"href":"https:\/\/havamall.vn\/en\/wp-json\/wp\/v2\/media?parent=38447"}],"wp:term":[{"taxonomy":"product_brand","embeddable":true,"href":"https:\/\/havamall.vn\/en\/wp-json\/wp\/v2\/product_brand?post=38447"},{"taxonomy":"product_cat","embeddable":true,"href":"https:\/\/havamall.vn\/en\/wp-json\/wp\/v2\/product_cat?post=38447"},{"taxonomy":"product_tag","embeddable":true,"href":"https:\/\/havamall.vn\/en\/wp-json\/wp\/v2\/product_tag?post=38447"}],"curies":[{"name":"wp","href":"https:\/\/api.w.org\/{rel}","templated":true}]}}