{"id":38440,"date":"2025-05-12T13:45:31","date_gmt":"2025-05-12T06:45:31","guid":{"rendered":"https:\/\/havamall.vn\/?post_type=product&#038;p=38440"},"modified":"2025-05-12T13:45:39","modified_gmt":"2025-05-12T06:45:39","slug":"xuc-xich-vong-hun-khoi-cherkizovo-350g-cherkizovo-warsaw-traditional-ring-sausage","status":"publish","type":"product","link":"https:\/\/havamall.vn\/en\/shop\/xuc-xich-vong-hun-khoi-cherkizovo-350g-cherkizovo-warsaw-traditional-ring-sausage\/","title":{"rendered":"X\u00fac X\u00edch V\u00f2ng Hun Kh\u00f3i Cherkizovo 350g \u2013 Cherkizovo Warsaw Traditional Ring Sausage"},"content":{"rendered":"<h2 class=\"product-detail__specs-title\"><strong>TH\u00d4NG TIN CHUNG<\/strong><\/h2>\n<div id=\"js-product-detail__specs\" class=\"product-detail__specs\">\n<div class=\"row\">\n<div class=\"col-sm-12\">\n<div class=\"product-specs__table\">\n<table>\n<tbody>\n<tr>\n<td class=\"specs-table__property\">Th\u01b0\u01a1ng hi\u1ec7u<\/td>\n<td>Cherkizovo<\/td>\n<\/tr>\n<tr>\n<td class=\"specs-table__property\">Xu\u1ea5t x\u1ee9<\/td>\n<td class=\"specs-table__value\">Nga<\/td>\n<\/tr>\n<tr>\n<td class=\"specs-table__property\">H\u1ea1n s\u1eed d\u1ee5ng<\/td>\n<td class=\"specs-table__value\">6 th\u00e1ng k\u1ec3 t\u1eeb ng\u00e0y s\u1ea3n xu\u1ea5t<\/td>\n<\/tr>\n<tr>\n<td class=\"specs-table__property\">H\u01b0\u1edbng d\u1eabn s\u1eed d\u1ee5ng<\/td>\n<td class=\"specs-table__value\">D\u00f9ng tr\u1ef1c ti\u1ebfp ho\u1eb7c ch\u1ebf bi\u1ebfn c\u00e1c m\u00f3n \u0103n<\/td>\n<\/tr>\n<tr>\n<td class=\"specs-table__property\">H\u01b0\u1edbng d\u1eabn b\u1ea3o qu\u1ea3n<\/td>\n<td class=\"w-full border-2 border-DEFAULT px-4 py-2\">\n<div class=\"text-justify\">B\u1ea3o qu\u1ea3n n\u01a1i kh\u00f4 r\u00e1o, tho\u00e1ng m\u00e1t ho\u1eb7c trong ng\u0103n m\u00e1t t\u1ee7 l\u1ea1nh. Sau khi m\u1edf bao b\u00ec n\u00ean b\u1ea3o qu\u1ea3n l\u1ea1nh v\u00e0 d\u00f9ng h\u1ebft trong v\u00e0i ng\u00e0y.<\/div>\n<\/td>\n<\/tr>\n<tr>\n<td class=\"specs-table__property\">Th\u00e0nh ph\u1ea7n nguy\u00ean li\u1ec7u<\/td>\n<td class=\"w-full border-2 border-DEFAULT px-4 py-2\">\n<div class=\"text-justify\">Xem tr\u00ean bao b\u00ec s\u1ea3n ph\u1ea9m<\/div>\n<\/td>\n<\/tr>\n<tr>\n<td class=\"specs-table__property\">Kh\u1ed1i l\u01b0\u1ee3ng<\/td>\n<td class=\"specs-table__value\">350g<\/td>\n<\/tr>\n<\/tbody>\n<\/table>\n<p data-sourcepos=\"16:1-16:261\">Cherkizovo l\u00e0 m\u1ed9t th\u01b0\u01a1ng hi\u1ec7u h\u00e0ng \u0111\u1ea7u \u0111\u1ebfn t\u1eeb Nga, n\u1ed5i ti\u1ebfng v\u1edbi c\u00e1c s\u1ea3n ph\u1ea9m th\u1ecbt ch\u1ebf bi\u1ebfn ch\u1ea5t l\u01b0\u1ee3ng cao. V\u1edbi b\u1ec1 d\u00e0y kinh nghi\u1ec7m, Cherkizovo cam k\u1ebft mang \u0111\u1ebfn nh\u1eefng s\u1ea3n ph\u1ea9m t\u01b0\u01a1i ngon v\u00e0 \u0111\u1ea3m b\u1ea3o an to\u00e0n v\u1ec7 sinh th\u1ef1c ph\u1ea9m cho ng\u01b0\u1eddi ti\u00eau d\u00f9ng tr\u00ean to\u00e0n th\u1ebf gi\u1edbi.<\/p>\n<p data-sourcepos=\"16:1-16:261\"><img fetchpriority=\"high\" decoding=\"async\" class=\"aligncenter\" src=\"https:\/\/havamall.com\/wp-content\/uploads\/2025\/05\/cherkizovo_01-1.jpg\" alt=\"\u041c\u0430\u0441\u0448\u0442\u0430\u0431\u043d\u044b\u0439 \u0440\u0435\u0441\u0442\u0430\u0439\u043b\u0438\u043d\u0433 \u0434\u043b\u044f \u0431\u0440\u0435\u043d\u0434\u0430 \u00ab\u0427\u0435\u0440\u043a\u0438\u0437\u043e\u0432\u043e\u00bb \u2014 \u043a\u0435\u0439\u0441 \u0431\u0440\u0435\u043d\u0434\u0438\u043d\u0433\u043e\u0432\u043e\u0433\u043e \u0430\u0433\u0435\u043d\u0442\u0441\u0442\u0432\u0430  Heads\" width=\"912\" height=\"513\" \/><\/p>\n<p data-sourcepos=\"18:1-18:347\">X\u00fac X\u00edch V\u00f2ng Cherkizovo \u0111\u01b0\u1ee3c s\u1ea3n xu\u1ea5t t\u1eeb ngu\u1ed3n th\u1ecbt tuy\u1ec3n ch\u1ecdn k\u1ef9 l\u01b0\u1ee1ng theo c\u00f4ng th\u1ee9c truy\u1ec1n th\u1ed1ng c\u1ee7a Nga. S\u1ea3n ph\u1ea9m s\u1eed d\u1ee5ng nguy\u00ean li\u1ec7u t\u1eeb nh\u1eefng n\u00f4ng tr\u1ea1i s\u1ea1ch, \u0111\u1ea3m b\u1ea3o ch\u1ea5t l\u01b0\u1ee3ng t\u1eeb kh\u00e2u ch\u0103n nu\u00f4i \u0111\u1ebfn qu\u00e1 tr\u00ecnh ch\u1ebf bi\u1ebfn theo ti\u00eau chu\u1ea9n nghi\u00eam ng\u1eb7t. H\u00ecnh d\u1ea1ng v\u00f2ng \u0111\u1eb7c tr\u01b0ng c\u00f9ng v\u1edbi h\u01b0\u01a1ng v\u1ecb \u0111\u1eadm \u0111\u00e0 l\u00e0 \u0111i\u1ec3m nh\u1ea5n kh\u00f3 qu\u00ean c\u1ee7a lo\u1ea1i x\u00fac x\u00edch n\u00e0y.<\/p>\n<p data-sourcepos=\"18:1-18:347\"><img decoding=\"async\" class=\"aligncenter\" src=\"https:\/\/havamall.com\/wp-content\/uploads\/2025\/05\/4864f517eeba1c76cab5f33a9ef7e2b4.jpg\" width=\"917\" height=\"688\" \/><\/p>\n<p data-sourcepos=\"20:1-20:467\">X\u00fac X\u00edch V\u00f2ng Cherkizovo l\u00e0 l\u1ef1a ch\u1ecdn tuy\u1ec7t v\u1eddi cho nh\u1eefng ai y\u00eau th\u00edch h\u01b0\u01a1ng v\u1ecb x\u00fac x\u00edch ki\u1ec3u Nga truy\u1ec1n th\u1ed1ng. V\u1edbi c\u00e2y x\u00fac x\u00edch h\u00ecnh v\u00f2ng \u0111\u1eb9p m\u1eaft, b\u1ea1n c\u00f3 th\u1ec3 d\u1ec5 d\u00e0ng th\u00e1i l\u00e1t \u0111\u1ec3 \u0103n tr\u1ef1c ti\u1ebfp, k\u1eb9p b\u00e1nh m\u00ec, l\u00e0m pizza, ho\u1eb7c s\u1eed d\u1ee5ng l\u00e0m nguy\u00ean li\u1ec7u cho nhi\u1ec1u m\u00f3n \u0103n kh\u00e1c nh\u01b0 salad, m\u00ec \u1ed1ng, hay c\u00e1c m\u00f3n x\u00e0o n\u1ea5u. S\u1ea3n ph\u1ea9m mang \u0111\u1ebfn tr\u1ea3i nghi\u1ec7m \u1ea9m th\u1ef1c phong ph\u00fa, v\u1edbi s\u1ef1 h\u00f2a quy\u1ec7n gi\u1eefa v\u1ecb ngon c\u1ee7a th\u1ecbt, \u0111\u1ed9 dai gi\u00f2n v\u1eeba ph\u1ea3i c\u00f9ng h\u01b0\u01a1ng th\u01a1m \u0111\u1eb7c tr\u01b0ng c\u1ee7a gia v\u1ecb truy\u1ec1n th\u1ed1ng.<\/p>\n<p data-sourcepos=\"20:1-20:467\"><img decoding=\"async\" class=\"aligncenter\" src=\"https:\/\/havamall.com\/wp-content\/uploads\/2025\/05\/EveSmallgoodsPolishRingsausage.jpg\" alt=\"Polish Ring Sausage \u2014 Eve Smallgoods\" width=\"924\" height=\"693\" \/><\/p>\n<p data-sourcepos=\"22:1-22:20\"><strong>\u0110\u1eb7c \u0111i\u1ec3m n\u1ed5i b\u1eadt<\/strong><\/p>\n<ul>\n<li><strong>H\u01b0\u01a1ng v\u1ecb truy\u1ec1n th\u1ed1ng \u0111\u1eb7c tr\u01b0ng:<\/strong>\u00a0X\u00fac X\u00edch V\u00f2ng Cherkizovo mang h\u01b0\u01a1ng v\u1ecb \u0111\u1eadm \u0111\u00e0, th\u01a1m ngon \u0111\u1eb7c tr\u01b0ng c\u1ee7a x\u00fac x\u00edch Nga, \u0111\u01b0\u1ee3c t\u1ea1o n\u00ean t\u1eeb c\u00f4ng th\u1ee9c l\u00e2u \u0111\u1eddi v\u00e0 qu\u00e1 tr\u00ecnh ch\u1ebf bi\u1ebfn k\u1ef9 l\u01b0\u1ee1ng.<\/li>\n<li data-sourcepos=\"24:1-24:110\"><strong>K\u1ebft c\u1ea5u h\u1ea5p d\u1eabn:<\/strong>\u00a0S\u1ea3n ph\u1ea9m c\u00f3 \u0111\u1ed9 dai gi\u00f2n v\u1eeba ph\u1ea3i, kh\u00f4ng b\u1ecb b\u1edf, t\u1ea1o c\u1ea3m gi\u00e1c ngon mi\u1ec7ng khi th\u01b0\u1edfng th\u1ee9c.<\/li>\n<li data-sourcepos=\"25:1-25:153\"><strong>Ti\u1ec7n l\u1ee3i v\u00e0 \u0111a d\u1ee5ng:<\/strong>\u00a0D\u1ea1ng x\u00fac x\u00edch v\u00f2ng d\u1ec5 d\u00e0ng th\u00e1i l\u00e1t m\u1ecfng ho\u1eb7c d\u00e0y t\u00f9y \u00fd, ti\u1ec7n l\u1ee3i cho vi\u1ec7c s\u1eed d\u1ee5ng tr\u1ef1c ti\u1ebfp ho\u1eb7c ch\u1ebf bi\u1ebfn \u0111a d\u1ea1ng c\u00e1c m\u00f3n \u0103n.<\/li>\n<li data-sourcepos=\"26:1-27:0\"><strong>\u0110\u00f3ng g\u00f3i ti\u1ec7n l\u1ee3i:<\/strong>\u00a0S\u1ea3n ph\u1ea9m \u0111\u01b0\u1ee3c \u0111\u00f3ng g\u00f3i k\u1ef9 l\u01b0\u1ee1ng, gi\u00fap b\u1ea3o qu\u1ea3n t\u1ed1t ch\u1ea5t l\u01b0\u1ee3ng v\u00e0 h\u01b0\u01a1ng v\u1ecb.<\/li>\n<\/ul>\n<p><img loading=\"lazy\" decoding=\"async\" class=\"aligncenter\" src=\"https:\/\/havamall.com\/wp-content\/uploads\/2025\/05\/ring-sausage.jpg\" alt=\"Ring Sausage (Kie\u0142basa wiankowa)\" width=\"930\" height=\"620\" \/><\/p>\n<p data-sourcepos=\"28:1-28:22\"><strong>L\u1ee3i \u00edch dinh d\u01b0\u1ee1ng<\/strong><\/p>\n<ul data-sourcepos=\"29:1-33:0\">\n<li data-sourcepos=\"29:1-29:158\"><strong>Ngu\u1ed3n protein d\u1ed3i d\u00e0o:<\/strong>\u00a0X\u00fac x\u00edch cung c\u1ea5p l\u01b0\u1ee3ng protein ch\u1ea5t l\u01b0\u1ee3ng cao, c\u1ea7n thi\u1ebft cho vi\u1ec7c x\u00e2y d\u1ef1ng v\u00e0 ph\u1ee5c h\u1ed3i c\u01a1 b\u1eafp, duy tr\u00ec c\u00e1c ch\u1ee9c n\u0103ng c\u1ee7a c\u01a1 th\u1ec3.<\/li>\n<li data-sourcepos=\"30:1-30:124\"><strong>Cung c\u1ea5p n\u0103ng l\u01b0\u1ee3ng:<\/strong>\u00a0S\u1ea3n ph\u1ea9m ch\u1ee9a ch\u1ea5t b\u00e9o v\u00e0 calo, l\u00e0 ngu\u1ed3n n\u0103ng l\u01b0\u1ee3ng t\u1ee9c th\u00ec gi\u00fap b\u1ea1n duy tr\u00ec ho\u1ea1t \u0111\u1ed9ng h\u00e0ng ng\u00e0y.<\/li>\n<li data-sourcepos=\"31:1-31:143\"><strong>B\u1ed5 sung kho\u00e1ng ch\u1ea5t:<\/strong>\u00a0X\u00fac x\u00edch c\u00f3 ch\u1ee9a c\u00e1c kho\u00e1ng ch\u1ea5t nh\u01b0 s\u1eaft v\u00e0 k\u1ebdm, h\u1ed7 tr\u1ee3 h\u1ec7 mi\u1ec5n d\u1ecbch kh\u1ecfe m\u1ea1nh v\u00e0 c\u00e1c qu\u00e1 tr\u00ecnh sinh h\u1ecdc quan tr\u1ecdng.<\/li>\n<li data-sourcepos=\"32:1-33:0\"><strong>Ch\u1ee9a vitamin nh\u00f3m B:<\/strong>\u00a0Cung c\u1ea5p c\u00e1c vitamin nh\u00f3m B (nh\u01b0 B6, B12) h\u1ed7 tr\u1ee3 ch\u1ee9c n\u0103ng chuy\u1ec3n h\u00f3a n\u0103ng l\u01b0\u1ee3ng v\u00e0 h\u1ec7 th\u1ea7n kinh.<\/li>\n<\/ul>\n<p><img loading=\"lazy\" decoding=\"async\" class=\"aligncenter\" src=\"https:\/\/havamall.com\/wp-content\/uploads\/2025\/05\/iStock-1227585661.jpg\" alt=\"Schiff's Smoked Haba\u00f1ero Polish Sausage - Schiff's Direct\" width=\"942\" height=\"572\" \/><\/p>\n<p data-sourcepos=\"34:1-36:320\"><strong>Havamall \u2013 ph\u00e2n ph\u1ed1i c\u00e1c s\u1ea3n ph\u1ea9m ch\u00ednh h\u00e3ng, ch\u1ea5t l\u01b0\u1ee3ng<\/strong><\/p>\n<p data-sourcepos=\"34:1-36:320\">V\u1edbi kinh nghi\u1ec7m trong ng\u00e0nh nh\u1eadp kh\u1ea9u v\u00e0 ph\u00e2n ph\u1ed1i th\u1ef1c ph\u1ea9m, \u0111\u1ed3 u\u1ed1ng v\u00e0 nguy\u00ean li\u1ec7u th\u1ef1c ph\u1ea9m, C\u00f4ng ty Havamall Vi\u1ec7t Nam l\u00e0 m\u1ed9t trong nh\u1eefng \u0111\u01a1n v\u1ecb cung \u1ee9ng s\u1ea3n ph\u1ea9m h\u00e0ng \u0111\u1ea7u cho c\u00e1c \u0111\u1ed1i t\u00e1c chuy\u00ean nghi\u1ec7p, danh ti\u1ebfng tr\u00ean kh\u1eafp c\u1ea3 n\u01b0\u1edbc.<\/p>\n<p data-sourcepos=\"34:1-36:320\">C\u00e1c s\u1ea3n ph\u1ea9m do C\u00f4ng ty Havamall Vi\u1ec7t Nam ph\u00e2n ph\u1ed1i \u0111\u1ec1u \u0111\u01b0\u1ee3c nh\u1eadp kh\u1ea9u t\u1eeb ch\u00e2u \u00c2u, ch\u00e2u \u00dac, \u0111\u1ea3m b\u1ea3o c\u00e1c ti\u00eau chu\u1ea9n v\u1ec1 v\u1ec7 sinh an to\u00e0n th\u1ef1c ph\u1ea9m kh\u1eaft khe nh\u01b0 HACCP, ISO. V\u1edbi h\u1ec7 th\u1ed1ng chi nh\u00e1nh, kho v\u1eadn tr\u1ea3i d\u00e0i kh\u1eafp Vi\u1ec7t Nam, C\u00f4ng ty Havamall Vi\u1ec7t Nam c\u00f3 th\u1ec3 \u0111\u00e1p \u1ee9ng \u0111\u01b0\u1ee3c nhu c\u1ea7u v\u1ec1 s\u1ed1 l\u01b0\u1ee3ng v\u00e0 ch\u1ea5t l\u01b0\u1ee3ng c\u1ee7a kh\u00e1ch h\u00e0ng.<\/p>\n<\/div>\n<\/div>\n<\/div>\n<\/div>","protected":false},"excerpt":{"rendered":"<p>TH\u00d4NG TIN CHUNG Th\u01b0\u01a1ng hi\u1ec7u Cherkizovo Xu\u1ea5t x\u1ee9 Nga H\u1ea1n s\u1eed d\u1ee5ng 6 th\u00e1ng k\u1ec3 t\u1eeb ng\u00e0y s\u1ea3n xu\u1ea5t H\u01b0\u1edbng<\/p>","protected":false},"featured_media":38441,"comment_status":"open","ping_status":"closed","template":"","meta":[],"product_brand":[],"product_cat":[673,275],"product_tag":[],"class_list":{"0":"post-38440","1":"product","2":"type-product","3":"status-publish","4":"has-post-thumbnail","6":"product_cat-nhap-khau-nga","7":"product_cat-thuc-pham-dong-lanh","9":"first","10":"instock","11":"sale","12":"shipping-taxable","13":"purchasable","14":"product-type-simple"},"_links":{"self":[{"href":"https:\/\/havamall.vn\/en\/wp-json\/wp\/v2\/product\/38440"}],"collection":[{"href":"https:\/\/havamall.vn\/en\/wp-json\/wp\/v2\/product"}],"about":[{"href":"https:\/\/havamall.vn\/en\/wp-json\/wp\/v2\/types\/product"}],"replies":[{"embeddable":true,"href":"https:\/\/havamall.vn\/en\/wp-json\/wp\/v2\/comments?post=38440"}],"version-history":[{"count":0,"href":"https:\/\/havamall.vn\/en\/wp-json\/wp\/v2\/product\/38440\/revisions"}],"wp:featuredmedia":[{"embeddable":true,"href":"https:\/\/havamall.vn\/en\/wp-json\/wp\/v2\/media\/38441"}],"wp:attachment":[{"href":"https:\/\/havamall.vn\/en\/wp-json\/wp\/v2\/media?parent=38440"}],"wp:term":[{"taxonomy":"product_brand","embeddable":true,"href":"https:\/\/havamall.vn\/en\/wp-json\/wp\/v2\/product_brand?post=38440"},{"taxonomy":"product_cat","embeddable":true,"href":"https:\/\/havamall.vn\/en\/wp-json\/wp\/v2\/product_cat?post=38440"},{"taxonomy":"product_tag","embeddable":true,"href":"https:\/\/havamall.vn\/en\/wp-json\/wp\/v2\/product_tag?post=38440"}],"curies":[{"name":"wp","href":"https:\/\/api.w.org\/{rel}","templated":true}]}}