{"id":38437,"date":"2025-05-12T13:43:31","date_gmt":"2025-05-12T06:43:31","guid":{"rendered":"https:\/\/havamall.vn\/?post_type=product&#038;p=38437"},"modified":"2025-08-25T16:15:49","modified_gmt":"2025-08-25T09:15:49","slug":"xuc-xich-vong-hun-khoi-krakovskaya-miratorg-430g-miratorg-krakovskaya","status":"publish","type":"product","link":"https:\/\/havamall.vn\/en\/shop\/xuc-xich-vong-hun-khoi-krakovskaya-miratorg-430g-miratorg-krakovskaya\/","title":{"rendered":"X\u00fac X\u00edch V\u00f2ng Hun Kh\u00f3i Krakovskaya Miratorg 430g \u2013 Miratorg Krakovskaya"},"content":{"rendered":"<h2><strong>TH\u00d4NG TIN CHUNG<\/strong><\/h2>\n<table>\n<tbody>\n<tr>\n<td>Nh\u00e0 s\u1ea3n xu\u1ea5t<\/td>\n<td>Miratorg<\/td>\n<\/tr>\n<tr>\n<td>Xu\u1ea5t x\u1ee9<\/td>\n<td>Nga<\/td>\n<\/tr>\n<tr>\n<td>Th\u00e0nh ph\u1ea7n<\/td>\n<td>Xem tr\u1ee9c ti\u1ebfp tr\u00ean bao b\u00ec<\/td>\n<\/tr>\n<tr>\n<td>Quy c\u00e1ch \u0111\u00f3ng g\u00f3i<\/td>\n<td>430g<\/td>\n<\/tr>\n<tr>\n<td>B\u1ea3o qu\u1ea3n<\/td>\n<td>\u00a0B\u1ea3o qu\u1ea3n n\u01a1i kh\u00f4 r\u00e1o, tho\u00e1ng m\u00e1t ho\u1eb7c trong ng\u0103n m\u00e1t t\u1ee7 l\u1ea1nh. Sau khi m\u1edf bao b\u00ec n\u00ean b\u1ea3o qu\u1ea3n l\u1ea1nh v\u00e0 d\u00f9ng h\u1ebft trong v\u00e0i ng\u00e0y.<\/td>\n<\/tr>\n<tr>\n<td>H\u01b0\u1edbng d\u1eabn s\u1eed d\u1ee5ng<\/td>\n<td>D\u00f9ng x\u00fac x\u00edch tr\u1ef1c ti\u1ebfp ho\u1eb7c \u0103n k\u00e8m v\u1edbi b\u00e1nh m\u00ec, khoai t\u00e2y,\u2026<\/td>\n<\/tr>\n<\/tbody>\n<\/table>\n<p data-sourcepos=\"16:1-16:339\">Miratorg l\u00e0 m\u1ed9t trong nh\u1eefng t\u1eadp \u0111o\u00e0n n\u00f4ng nghi\u1ec7p v\u00e0 th\u1ef1c ph\u1ea9m h\u00e0ng \u0111\u1ea7u t\u1ea1i Nga, n\u1ed5i ti\u1ebfng v\u1edbi quy tr\u00ecnh s\u1ea3n xu\u1ea5t kh\u00e9p k\u00edn t\u1eeb trang tr\u1ea1i \u0111\u1ebfn b\u00e0n \u0103n, \u0111\u1ea3m b\u1ea3o ch\u1ea5t l\u01b0\u1ee3ng v\u00e0 \u0111\u1ed9 t\u01b0\u01a1i ngon c\u1ee7a s\u1ea3n ph\u1ea9m. V\u1edbi kinh nghi\u1ec7m v\u00e0 c\u00f4ng ngh\u1ec7 hi\u1ec7n \u0111\u1ea1i, Miratorg mang \u0111\u1ebfn nh\u1eefng s\u1ea3n ph\u1ea9m th\u1ecbt ch\u1ebf bi\u1ebfn chu\u1ea9n m\u1ef1c, \u0111\u01b0\u1ee3c tin d\u00f9ng t\u1ea1i Nga v\u00e0 nhi\u1ec1u qu\u1ed1c gia kh\u00e1c.<\/p>\n<p data-sourcepos=\"18:1-18:345\">X\u00fac X\u00edch Krakovskaya Miratorg l\u00e0 lo\u1ea1i x\u00fac x\u00edch b\u00e1n x\u00f4ng kh\u00f3i \u0111\u01b0\u1ee3c s\u1ea3n xu\u1ea5t theo ti\u00eau chu\u1ea9n GOST nghi\u00eam ng\u1eb7t c\u1ee7a Nga. S\u1ea3n ph\u1ea9m n\u00e0y \u0111\u01b0\u1ee3c l\u00e0m t\u1eeb ngu\u1ed3n th\u1ecbt heo v\u00e0 th\u1ecbt b\u00f2 tuy\u1ec3n ch\u1ecdn, k\u1ebft h\u1ee3p v\u1edbi c\u00e1c lo\u1ea1i gia v\u1ecb truy\u1ec1n th\u1ed1ng, mang \u0111\u1ebfn h\u01b0\u01a1ng v\u1ecb \u0111\u1eb7c tr\u01b0ng kh\u00f4ng th\u1ec3 nh\u1ea7m l\u1eabn. Qu\u00e1 tr\u00ecnh x\u00f4ng kh\u00f3i nh\u1eb9 nh\u00e0ng t\u1ea1o n\u00ean m\u00e0u s\u1eafc h\u1ea5p d\u1eabn v\u00e0 m\u00f9i th\u01a1m quy\u1ebfn r\u0169.<\/p>\n<p data-sourcepos=\"18:1-18:345\"><img fetchpriority=\"high\" decoding=\"async\" class=\"aligncenter wp-image-39518\" src=\"https:\/\/havamall.com\/wp-content\/uploads\/2025\/05\/470899519_18036547712359083_3254325553113850165_n-1.png\" alt=\"\" width=\"835\" height=\"835\" \/><\/p>\n<p data-sourcepos=\"20:1-20:396\">X\u00fac X\u00edch Krakovskaya Miratorg l\u00e0 l\u1ef1a ch\u1ecdn l\u00fd t\u01b0\u1edfng cho b\u1eefa \u0103n gia \u0111\u00ecnh, b\u1eefa ti\u1ec7c nh\u1eb9 hay c\u00e1c m\u00f3n \u0103n nhanh ti\u1ec7n l\u1ee3i. B\u1ea1n c\u00f3 th\u1ec3 d\u1ec5 d\u00e0ng th\u00e1i l\u00e1t \u0111\u1ec3 \u0103n ngu\u1ed9i, k\u1eb9p v\u00e0o b\u00e1nh m\u00ec, th\u00eam v\u00e0o salad, ho\u1eb7c s\u1eed d\u1ee5ng l\u00e0m nguy\u00ean li\u1ec7u cho c\u00e1c m\u00f3n x\u00e0o, n\u1ea5u s\u00fap, l\u1ea9u \u0111\u1ec3 t\u0103ng th\u00eam h\u01b0\u01a1ng v\u1ecb \u0111\u1eadm \u0111\u00e0. V\u1edbi c\u00e2y x\u00fac x\u00edch kh\u1ed1i l\u01b0\u1ee3ng 430g, s\u1ea3n ph\u1ea9m ph\u00f9 h\u1ee3p cho nhi\u1ec1u m\u1ee5c \u0111\u00edch s\u1eed d\u1ee5ng v\u00e0 \u0111\u1ee7 cho c\u1ea3 gia \u0111\u00ecnh c\u00f9ng th\u01b0\u1edfng th\u1ee9c.<\/p>\n<p data-sourcepos=\"20:1-20:396\"><img decoding=\"async\" class=\"aligncenter\" src=\"https:\/\/havamall.com\/wp-content\/uploads\/2025\/05\/463758734_1540682313505932_2248564819305332636_n.jpg\" alt=\"X\u00daC X\u00cdCH V\u00d2NG HUN KH\u00d3I NGA 1KG\" width=\"843\" height=\"843\" \/><\/p>\n<p data-sourcepos=\"22:1-22:20\"><strong>\u0110\u1eb7c \u0111i\u1ec3m n\u1ed5i b\u1eadt<\/strong><\/p>\n<ul data-sourcepos=\"23:1-27:0\">\n<li data-sourcepos=\"23:1-23:153\"><strong>H\u01b0\u01a1ng v\u1ecb chu\u1ea9n GOST Nga:<\/strong>\u00a0S\u1ea3n xu\u1ea5t theo ti\u00eau chu\u1ea9n GOST truy\u1ec1n th\u1ed1ng c\u1ee7a Nga, mang \u0111\u1ebfn h\u01b0\u01a1ng v\u1ecb x\u00fac x\u00edch b\u00e1n x\u00f4ng kh\u00f3i \u0111\u1eb7c tr\u01b0ng, \u0111\u1eadm \u0111\u00e0, th\u01a1m ngon.<\/li>\n<li data-sourcepos=\"24:1-24:121\"><strong>K\u1ebft c\u1ea5u dai ngon:<\/strong>\u00a0X\u00fac x\u00edch c\u00f3 \u0111\u1ed9 dai, gi\u00f2n s\u1ea7n s\u1eadt v\u1eeba ph\u1ea3i, kh\u00f4ng qu\u00e1 m\u1ec1m hay qu\u00e1 kh\u00f4, t\u1ea1o c\u1ea3m gi\u00e1c th\u00fa v\u1ecb khi \u0103n.<\/li>\n<li data-sourcepos=\"25:1-25:117\"><strong>Th\u00e0nh ph\u1ea7n ch\u1ea5t l\u01b0\u1ee3ng:<\/strong>\u00a0\u0110\u01b0\u1ee3c l\u00e0m t\u1eeb th\u1ecbt heo v\u00e0 th\u1ecbt b\u00f2 tuy\u1ec3n ch\u1ecdn, \u0111\u1ea3m b\u1ea3o ngu\u1ed3n g\u1ed1c v\u00e0 ch\u1ea5t l\u01b0\u1ee3ng nguy\u00ean li\u1ec7u.<\/li>\n<li data-sourcepos=\"26:1-27:0\"><strong>\u0110a d\u1ea1ng c\u00e1ch d\u00f9ng:<\/strong>\u00a0Ph\u00f9 h\u1ee3p \u0103n tr\u1ef1c ti\u1ebfp, ch\u1ebf bi\u1ebfn c\u00e1c m\u00f3n \u0103n n\u00f3ng ho\u1eb7c ngu\u1ed9i.<\/li>\n<\/ul>\n<p><img decoding=\"async\" class=\"aligncenter wp-image-39519\" src=\"https:\/\/havamall.com\/wp-content\/uploads\/2025\/05\/487334710_638406428945099_599586442375472853_n.jpg\" alt=\"\" width=\"847\" height=\"605\" \/><\/p>\n<p data-sourcepos=\"28:1-28:22\"><strong>L\u1ee3i \u00edch dinh d\u01b0\u1ee1ng<\/strong><\/p>\n<ul data-sourcepos=\"29:1-32:0\">\n<li data-sourcepos=\"29:1-29:96\"><strong>Cung c\u1ea5p Protein:<\/strong>\u00a0L\u00e0 ngu\u1ed3n protein d\u1ed3i d\u00e0o, h\u1ed7 tr\u1ee3 ph\u00e1t tri\u1ec3n v\u00e0 duy tr\u00ec c\u01a1 b\u1eafp kh\u1ecfe m\u1ea1nh.<\/li>\n<li data-sourcepos=\"30:1-30:75\"><strong>Ngu\u1ed3n N\u0103ng L\u01b0\u1ee3ng:<\/strong>\u00a0Cung c\u1ea5p n\u0103ng l\u01b0\u1ee3ng c\u1ea7n thi\u1ebft cho c\u01a1 th\u1ec3 ho\u1ea1t \u0111\u1ed9ng.<\/li>\n<li data-sourcepos=\"31:1-32:0\"><strong>B\u1ed5 sung D\u01b0\u1ee1ng ch\u1ea5t:<\/strong>\u00a0Ch\u1ee9a c\u00e1c kho\u00e1ng ch\u1ea5t nh\u01b0 s\u1eaft v\u00e0 k\u1ebdm, c\u00f9ng m\u1ed9t s\u1ed1 vitamin nh\u00f3m B h\u1ed7 tr\u1ee3 s\u1ee9c kh\u1ecfe t\u1ed5ng th\u1ec3.<\/li>\n<\/ul>\n<p><img loading=\"lazy\" decoding=\"async\" class=\"aligncenter\" src=\"https:\/\/havamall.com\/wp-content\/uploads\/2025\/05\/spanish-chorizo-smoked.jpg\" alt=\"And rice recipes smoked sweet outlet sausage\" width=\"856\" height=\"567\" \/><\/p>\n<p data-sourcepos=\"34:1-36:320\"><strong>Havamall \u2013 ph\u00e2n ph\u1ed1i c\u00e1c s\u1ea3n ph\u1ea9m ch\u00ednh h\u00e3ng, ch\u1ea5t l\u01b0\u1ee3ng<\/strong><\/p>\n<p data-sourcepos=\"34:1-36:320\">V\u1edbi kinh nghi\u1ec7m trong ng\u00e0nh nh\u1eadp kh\u1ea9u v\u00e0 ph\u00e2n ph\u1ed1i th\u1ef1c ph\u1ea9m, \u0111\u1ed3 u\u1ed1ng v\u00e0 nguy\u00ean li\u1ec7u th\u1ef1c ph\u1ea9m, C\u00f4ng ty Havamall Vi\u1ec7t Nam l\u00e0 m\u1ed9t trong nh\u1eefng \u0111\u01a1n v\u1ecb cung \u1ee9ng s\u1ea3n ph\u1ea9m h\u00e0ng \u0111\u1ea7u cho c\u00e1c \u0111\u1ed1i t\u00e1c chuy\u00ean nghi\u1ec7p, danh ti\u1ebfng tr\u00ean kh\u1eafp c\u1ea3 n\u01b0\u1edbc.<\/p>\n<p data-sourcepos=\"34:1-36:320\">C\u00e1c s\u1ea3n ph\u1ea9m do C\u00f4ng ty Havamall Vi\u1ec7t Nam ph\u00e2n ph\u1ed1i \u0111\u1ec1u \u0111\u01b0\u1ee3c nh\u1eadp kh\u1ea9u t\u1eeb ch\u00e2u \u00c2u, ch\u00e2u \u00dac, \u0111\u1ea3m b\u1ea3o c\u00e1c ti\u00eau chu\u1ea9n v\u1ec1 v\u1ec7 sinh an to\u00e0n th\u1ef1c ph\u1ea9m kh\u1eaft khe nh\u01b0 HACCP, ISO. V\u1edbi h\u1ec7 th\u1ed1ng chi nh\u00e1nh, kho v\u1eadn tr\u1ea3i d\u00e0i kh\u1eafp Vi\u1ec7t Nam, C\u00f4ng ty Havamall Vi\u1ec7t Nam c\u00f3 th\u1ec3 \u0111\u00e1p \u1ee9ng \u0111\u01b0\u1ee3c nhu c\u1ea7u v\u1ec1 s\u1ed1 l\u01b0\u1ee3ng v\u00e0 ch\u1ea5t l\u01b0\u1ee3ng c\u1ee7a kh\u00e1ch h\u00e0ng.<\/p>","protected":false},"excerpt":{"rendered":"<p>TH\u00d4NG TIN CHUNG Nh\u00e0 s\u1ea3n xu\u1ea5t Miratorg Xu\u1ea5t x\u1ee9 Nga Th\u00e0nh ph\u1ea7n Xem tr\u1ee9c ti\u1ebfp tr\u00ean bao b\u00ec Quy c\u00e1ch<\/p>","protected":false},"featured_media":38438,"comment_status":"open","ping_status":"closed","template":"","meta":[],"product_brand":[],"product_cat":[673,275],"product_tag":[],"class_list":{"0":"post-38437","1":"product","2":"type-product","3":"status-publish","4":"has-post-thumbnail","6":"product_cat-nhap-khau-nga","7":"product_cat-thuc-pham-dong-lanh","9":"first","10":"outofstock","11":"sale","12":"shipping-taxable","13":"purchasable","14":"product-type-simple"},"_links":{"self":[{"href":"https:\/\/havamall.vn\/en\/wp-json\/wp\/v2\/product\/38437"}],"collection":[{"href":"https:\/\/havamall.vn\/en\/wp-json\/wp\/v2\/product"}],"about":[{"href":"https:\/\/havamall.vn\/en\/wp-json\/wp\/v2\/types\/product"}],"replies":[{"embeddable":true,"href":"https:\/\/havamall.vn\/en\/wp-json\/wp\/v2\/comments?post=38437"}],"version-history":[{"count":0,"href":"https:\/\/havamall.vn\/en\/wp-json\/wp\/v2\/product\/38437\/revisions"}],"wp:featuredmedia":[{"embeddable":true,"href":"https:\/\/havamall.vn\/en\/wp-json\/wp\/v2\/media\/38438"}],"wp:attachment":[{"href":"https:\/\/havamall.vn\/en\/wp-json\/wp\/v2\/media?parent=38437"}],"wp:term":[{"taxonomy":"product_brand","embeddable":true,"href":"https:\/\/havamall.vn\/en\/wp-json\/wp\/v2\/product_brand?post=38437"},{"taxonomy":"product_cat","embeddable":true,"href":"https:\/\/havamall.vn\/en\/wp-json\/wp\/v2\/product_cat?post=38437"},{"taxonomy":"product_tag","embeddable":true,"href":"https:\/\/havamall.vn\/en\/wp-json\/wp\/v2\/product_tag?post=38437"}],"curies":[{"name":"wp","href":"https:\/\/api.w.org\/{rel}","templated":true}]}}