{"id":38430,"date":"2025-05-12T13:37:46","date_gmt":"2025-05-12T06:37:46","guid":{"rendered":"https:\/\/havamall.vn\/?post_type=product&#038;p=38430"},"modified":"2025-08-19T13:53:53","modified_gmt":"2025-08-19T06:53:53","slug":"salami-moc-fuet-casademont-150g-fuet-extra-casademont","status":"publish","type":"product","link":"https:\/\/havamall.vn\/en\/shop\/salami-moc-fuet-casademont-150g-fuet-extra-casademont\/","title":{"rendered":"Salami m\u1ed1c Fuet Casademont 150g &#8211; Fuet Extra Casademont"},"content":{"rendered":"<h2 class=\"product-detail__specs-title\"><strong>TH\u00d4NG TIN CHUNG<\/strong><\/h2>\n<div id=\"js-product-detail__specs\" class=\"product-detail__specs\">\n<div class=\"row\">\n<div class=\"col-sm-12\">\n<div class=\"product-specs__table\">\n<table style=\"width: 54.3028%;height: 242px\">\n<tbody>\n<tr>\n<td class=\"specs-table__property\" style=\"width: 36.6316%\">Th\u01b0\u01a1ng hi\u1ec7u<\/td>\n<td style=\"width: 92.8421%\">Casademont<\/td>\n<\/tr>\n<tr>\n<td class=\"specs-table__property\" style=\"width: 36.6316%\">Xu\u1ea5t x\u1ee9<\/td>\n<td class=\"specs-table__value\" style=\"width: 92.8421%\">T\u00e2y Ban Nha<\/td>\n<\/tr>\n<tr>\n<td class=\"specs-table__property\" style=\"width: 36.6316%\">H\u1ea1n s\u1eed d\u1ee5ng<\/td>\n<td class=\"specs-table__value\" style=\"width: 92.8421%\">6 th\u00e1ng k\u1ec3 t\u1eeb ng\u00e0y s\u1ea3n xu\u1ea5t<\/td>\n<\/tr>\n<tr>\n<td class=\"specs-table__property\" style=\"width: 36.6316%\">H\u01b0\u1edbng d\u1eabn s\u1eed d\u1ee5ng<\/td>\n<td class=\"specs-table__value\" style=\"width: 92.8421%\">D\u00f9ng tr\u1ef1c ti\u1ebfp b\u1eb1ng c\u00e1ch th\u00e1i l\u00e1t m\u1ecfng, \u0103n k\u00e8m b\u00e1nh m\u00ec, ph\u00f4 mai ho\u1eb7c ch\u1ebf bi\u1ebfn c\u00e1c m\u00f3n tapas, khai v\u1ecb.<\/td>\n<\/tr>\n<tr>\n<td class=\"specs-table__property\" style=\"width: 36.6316%\">H\u01b0\u1edbng d\u1eabn b\u1ea3o qu\u1ea3n<\/td>\n<td class=\"w-full border-2 border-DEFAULT px-4 py-2\" style=\"width: 92.8421%\">\n<div class=\"text-justify\">B\u1ea3o qu\u1ea3n n\u01a1i kh\u00f4 r\u00e1o, tho\u00e1ng m\u00e1t.<\/div>\n<\/td>\n<\/tr>\n<tr>\n<td class=\"specs-table__property\" style=\"width: 36.6316%\">Th\u00e0nh ph\u1ea7n nguy\u00ean li\u1ec7u<\/td>\n<td class=\"w-full border-2 border-DEFAULT px-4 py-2\" style=\"width: 92.8421%\">\n<div class=\"text-justify\">Xem tr\u00ean bao b\u00ec s\u1ea3n ph\u1ea9m<\/div>\n<\/td>\n<\/tr>\n<tr>\n<td class=\"specs-table__property\" style=\"width: 36.6316%\">Kh\u1ed1i l\u01b0\u1ee3ng<\/td>\n<td class=\"specs-table__value\" style=\"width: 92.8421%\">150g<\/td>\n<\/tr>\n<\/tbody>\n<\/table>\n<div><\/div>\n<div>\n<p data-sourcepos=\"13:1-13:301\">Casademont l\u00e0 m\u1ed9t th\u01b0\u01a1ng hi\u1ec7u danh ti\u1ebfng \u0111\u1ebfn t\u1eeb T\u00e2y Ban Nha, chuy\u00ean v\u1ec1 c\u00e1c s\u1ea3n ph\u1ea9m th\u1ecbt ngu\u1ed9i v\u00e0 x\u00fac x\u00edch kh\u00f4 ch\u1ea5t l\u01b0\u1ee3ng cao, \u0111\u01b0\u1ee3c s\u1ea3n xu\u1ea5t theo c\u00f4ng th\u1ee9c truy\u1ec1n th\u1ed1ng. V\u1edbi kinh nghi\u1ec7m l\u00e2u \u0111\u1eddi v\u00e0 cam k\u1ebft v\u1ec1 ch\u1ea5t l\u01b0\u1ee3ng, Casademont \u0111\u00e3 tr\u1edf th\u00e0nh l\u1ef1a ch\u1ecdn y\u00eau th\u00edch c\u1ee7a nhi\u1ec1u gia \u0111\u00ecnh tr\u00ean kh\u1eafp th\u1ebf gi\u1edbi.<\/p>\n<p data-sourcepos=\"15:1-15:295\">Salami m\u1ed1c Fuet Casademont \u0111\u01b0\u1ee3c s\u1ea3n xu\u1ea5t theo c\u00f4ng th\u1ee9c truy\u1ec1n th\u1ed1ng c\u1ee7a v\u00f9ng Catalonia, s\u1eed d\u1ee5ng ngu\u1ed3n th\u1ecbt heo ch\u1ea5t l\u01b0\u1ee3ng cao tuy\u1ec3n ch\u1ecdn k\u1ef9 l\u01b0\u1ee1ng. S\u1ea3n ph\u1ea9m tr\u1ea3i qua qu\u00e1 tr\u00ecnh \u1ee7 v\u00e0 l\u00e0m kh\u00f4 t\u1ef1 nhi\u00ean, h\u00ecnh th\u00e0nh l\u1edbp m\u1ed1c tr\u1eafng \u0111\u1eb7c tr\u01b0ng b\u00ean ngo\u00e0i, \u0111\u1ea3m b\u1ea3o ch\u1ea5t l\u01b0\u1ee3ng v\u00e0 h\u01b0\u01a1ng v\u1ecb \u0111\u00edch th\u1ef1c c\u1ee7a Fuet.<\/p>\n<p data-sourcepos=\"15:1-15:295\"><img fetchpriority=\"high\" decoding=\"async\" class=\"aligncenter wp-image-39533 size-full\" src=\"https:\/\/havamall.com\/wp-content\/uploads\/2025\/05\/61347454-93c9-4895-9ed5-e9b2d7102688-e1747025719267.jpg\" alt=\"\" width=\"753\" height=\"920\" \/><\/p>\n<p data-sourcepos=\"17:1-17:575\">Salami m\u1ed1c Fuet Casademont l\u00e0 l\u1ef1a ch\u1ecdn ho\u00e0n h\u1ea3o cho nh\u1eefng ai y\u00eau th\u00edch h\u01b0\u01a1ng v\u1ecb \u0111\u1eb7c tr\u01b0ng c\u1ee7a lo\u1ea1i x\u00fac x\u00edch kh\u00f4 Fuet tr\u1ee9 danh c\u1ee7a T\u00e2y Ban Nha. V\u1edbi d\u1ea1ng thanh \u0111\u1eb7c tr\u01b0ng v\u00e0 l\u1edbp m\u1ed1c t\u1ef1 nhi\u00ean b\u00ean ngo\u00e0i, s\u1ea3n ph\u1ea9m r\u1ea5t d\u1ec5 d\u00e0ng th\u00e1i l\u00e1t m\u1ecfng \u0111\u1ec3 d\u00f9ng tr\u1ef1c ti\u1ebfp ho\u1eb7c k\u1ebft h\u1ee3p trong nhi\u1ec1u m\u00f3n \u0103n kh\u00e1c nhau, t\u1eeb khai v\u1ecb, tapas, \u0111\u1ebfn \u0103n k\u00e8m b\u00e1nh m\u00ec ho\u1eb7c trong c\u00e1c \u0111\u0129a th\u1ecbt ngu\u1ed9i t\u1ed5ng h\u1ee3p. S\u1ea3n ph\u1ea9m mang \u0111\u1ebfn tr\u1ea3i nghi\u1ec7m \u1ea9m th\u1ef1c T\u00e2y Ban Nha \u0111\u00edch th\u1ef1c, v\u1edbi s\u1ef1 k\u1ebft h\u1ee3p ho\u00e0n h\u1ea3o gi\u1eefa h\u01b0\u01a1ng v\u1ecb th\u1ecbt heo \u0111\u1eadm \u0111\u00e0, gia v\u1ecb tinh t\u1ebf v\u00e0 v\u1ecb \u0111\u1eb7c tr\u01b0ng c\u1ee7a l\u1edbp m\u1ed1c t\u1ef1 nhi\u00ean \u0111\u01b0\u1ee3c h\u00ecnh th\u00e0nh trong qu\u00e1 tr\u00ecnh \u1ee7.<\/p>\n<p data-sourcepos=\"17:1-17:575\"><img decoding=\"async\" class=\"aligncenter wp-image-39534\" src=\"https:\/\/havamall.com\/wp-content\/uploads\/2025\/05\/fuet_spanissimo_delikatessen_i1.jpg\" alt=\"\" width=\"764\" height=\"586\" \/><\/p>\n<p data-sourcepos=\"19:1-19:20\"><strong>\u0110\u1eb7c \u0111i\u1ec3m n\u1ed5i b\u1eadt<\/strong><\/p>\n<ul data-sourcepos=\"21:1-25:0\">\n<li data-sourcepos=\"21:1-21:223\"><strong>H\u01b0\u01a1ng v\u1ecb truy\u1ec1n th\u1ed1ng Fuet:<\/strong> S\u1ea3n ph\u1ea9m c\u00f3 v\u1ecb th\u01a1m ngon \u0111\u1eb7c tr\u01b0ng c\u1ee7a x\u00fac x\u00edch kh\u00f4 Fuet truy\u1ec1n th\u1ed1ng c\u1ee7a Catalonia, v\u1edbi s\u1ef1 k\u1ebft h\u1ee3p h\u00e0i h\u00f2a gi\u1eefa th\u1ecbt heo v\u00e0 gia v\u1ecb, c\u00f9ng l\u1edbp m\u1ed1c t\u1ef1 nhi\u00ean b\u00ean ngo\u00e0i gi\u00fap t\u0103ng th\u00eam h\u01b0\u01a1ng v\u1ecb.<\/li>\n<li data-sourcepos=\"22:1-22:104\"><strong>\u0110\u1ed9 m\u1ec1m m\u1ecbn v\u00e0 dai nh\u1eb9:<\/strong> S\u1ea3n ph\u1ea9m c\u00f3 \u0111\u1ed9 m\u1ec1m m\u1ecbn \u0111\u1eb7c tr\u01b0ng c\u1ee7a Fuet, d\u1ec5 d\u00e0ng th\u00e1i l\u00e1t v\u00e0 th\u01b0\u1edfng th\u1ee9c.<\/li>\n<li data-sourcepos=\"23:1-23:135\"><strong>Ti\u1ec7n l\u1ee3i v\u00e0 \u0111a n\u0103ng:<\/strong> D\u1ea1ng thanh d\u1ec5 d\u00e0ng th\u00e1i l\u00e1t m\u1ecfng t\u00f9y \u00fd, ph\u00f9 h\u1ee3p cho c\u00e1c b\u1eefa \u0103n nh\u1eb9, khai v\u1ecb, tapas ho\u1eb7c \u0103n k\u00e8m c\u00e1c m\u00f3n kh\u00e1c.<\/li>\n<li data-sourcepos=\"24:1-25:0\"><strong>Ch\u1ea5t l\u01b0\u1ee3ng chu\u1ea9n T\u00e2y Ban Nha:<\/strong> S\u1ea3n ph\u1ea9m \u0111\u01b0\u1ee3c s\u1ea3n xu\u1ea5t theo c\u00f4ng th\u1ee9c v\u00e0 ti\u00eau chu\u1ea9n ch\u1ea5t l\u01b0\u1ee3ng c\u1ee7a T\u00e2y Ban Nha, mang \u0111\u1ebfn h\u01b0\u01a1ng v\u1ecb \u0111\u00edch th\u1ef1c.<\/li>\n<\/ul>\n<p><img decoding=\"async\" class=\"aligncenter wp-image-39535\" src=\"https:\/\/havamall.com\/wp-content\/uploads\/2025\/05\/468219586_1270206114288914_7748144350461223328_n.jpg\" alt=\"\" width=\"781\" height=\"759\" \/><\/p>\n<p data-sourcepos=\"26:1-26:24\"><strong>L\u1ee3i \u00edch cho s\u1ee9c kh\u1ecfe<\/strong><\/p>\n<ul data-sourcepos=\"28:1-32:0\">\n<li data-sourcepos=\"28:1-28:171\"><strong>Ngu\u1ed3n protein ch\u1ea5t l\u01b0\u1ee3ng:<\/strong> Salami ch\u1ee9a l\u01b0\u1ee3ng protein cao, h\u1ed7 tr\u1ee3 x\u00e2y d\u1ef1ng v\u00e0 ph\u1ee5c h\u1ed3i c\u01a1 b\u1eafp, \u0111\u1eb7c bi\u1ec7t c\u1ea7n thi\u1ebft cho nh\u1eefng ng\u01b0\u1eddi th\u01b0\u1eddng xuy\u00ean v\u1eadn \u0111\u1ed9ng v\u00e0 t\u1eadp th\u1ec3 d\u1ee5c.<\/li>\n<li data-sourcepos=\"29:1-29:207\"><strong>Cung c\u1ea5p n\u0103ng l\u01b0\u1ee3ng:<\/strong> Salami l\u00e0 ngu\u1ed3n cung c\u1ea5p ch\u1ea5t b\u00e9o v\u00e0 calo gi\u00fap duy tr\u00ec m\u1ee9c n\u0103ng l\u01b0\u1ee3ng cho c\u01a1 th\u1ec3 trong th\u1eddi gian d\u00e0i, l\u00fd t\u01b0\u1edfng cho nh\u1eefng b\u1eefa \u0103n nh\u1eb9 ho\u1eb7c khi b\u1ea1n c\u1ea7n b\u1ed5 sung n\u0103ng l\u01b0\u1ee3ng nhanh ch\u00f3ng.<\/li>\n<li data-sourcepos=\"30:1-30:168\"><strong>Kho\u00e1ng ch\u1ea5t quan tr\u1ecdng:<\/strong> Salami ch\u1ee9a c\u00e1c kho\u00e1ng ch\u1ea5t nh\u01b0 s\u1eaft v\u00e0 k\u1ebdm, quan tr\u1ecdng trong vi\u1ec7c h\u1ed7 tr\u1ee3 h\u1ec7 mi\u1ec5n d\u1ecbch v\u00e0 s\u1ea3n xu\u1ea5t t\u1ebf b\u00e0o m\u00e1u, gi\u00fap gi\u1ea3m nguy c\u01a1 thi\u1ebfu m\u00e1u.<\/li>\n<li data-sourcepos=\"31:1-32:0\"><strong>Vitamin B:<\/strong> V\u1edbi h\u00e0m l\u01b0\u1ee3ng vitamin B (B6 v\u00e0 B12) cao, salami h\u1ed7 tr\u1ee3 ch\u1ee9c n\u0103ng n\u00e3o v\u00e0 th\u1ea7n kinh, gi\u00fap duy tr\u00ec s\u1ee9c kh\u1ecfe tinh th\u1ea7n v\u00e0 c\u1ea3i thi\u1ec7n ch\u1ee9c n\u0103ng chuy\u1ec3n h\u00f3a n\u0103ng l\u01b0\u1ee3ng trong c\u01a1 th\u1ec3.<\/li>\n<\/ul>\n<p><img loading=\"lazy\" decoding=\"async\" class=\"aligncenter\" src=\"https:\/\/havamall.com\/wp-content\/uploads\/2025\/05\/a1.jpg\" width=\"785\" height=\"501\" \/><\/p>\n<p data-sourcepos=\"33:1-33:60\"><strong>Havamall \u2013 ph\u00e2n ph\u1ed1i c\u00e1c s\u1ea3n ph\u1ea9m ch\u00ednh h\u00e3ng, ch\u1ea5t l\u01b0\u1ee3ng<\/strong><\/p>\n<p data-sourcepos=\"35:1-35:235\">V\u1edbi kinh nghi\u1ec7m trong ng\u00e0nh nh\u1eadp kh\u1ea9u v\u00e0 ph\u00e2n ph\u1ed1i th\u1ef1c ph\u1ea9m, \u0111\u1ed3 u\u1ed1ng v\u00e0 nguy\u00ean li\u1ec7u th\u1ef1c ph\u1ea9m, C\u00f4ng ty Havamall Vi\u1ec7t Nam l\u00e0 m\u1ed9t trong nh\u1eefng \u0111\u01a1n v\u1ecb cung \u1ee9ng s\u1ea3n ph\u1ea9m h\u00e0ng \u0111\u1ea7u cho c\u00e1c \u0111\u1ed1i t\u00e1c chuy\u00ean nghi\u1ec7p, danh ti\u1ebfng tr\u00ean kh\u1eafp c\u1ea3 n\u01b0\u1edbc.<\/p>\n<p data-sourcepos=\"37:1-37:333\">C\u00e1c s\u1ea3n ph\u1ea9m do C\u00f4ng ty Havamall Vi\u1ec7t Nam ph\u00e2n ph\u1ed1i \u0111\u1ec1u \u0111\u01b0\u1ee3c nh<span class=\"citation-1 citation-end-1\">\u1eadp kh\u1ea9u t\u1eeb ch\u00e2u \u00c2u, ch\u00e2u \u00dac, \u0111\u1ea3m b\u1ea3o c\u00e1c ti\u00eau chu\u1ea9n v\u1ec1 v\u1ec7 sinh an to\u00e0n th\u1ef1c ph\u1ea9m kh\u1eaft khe nh\u01b0 HACCP, ISO. V\u1edbi h\u1ec7 th\u1ed1ng chi nh\u00e1nh, kho v\u1eadn tr\u1ea3i d\u00e0i kh\u1eafp Vi\u1ec7t Nam,<\/span> C\u00f4ng ty Havamall Vi\u1ec7t Nam c\u00f3 th\u1ec3 \u0111\u00e1p \u1ee9ng \u0111\u01b0\u1ee3c nhu c\u1ea7u v\u1ec1 s\u1ed1 l\u01b0\u1ee3ng v\u00e0 ch\u1ea5t l\u01b0\u1ee3ng c\u1ee7a kh\u00e1ch h\u00e0ng.<\/p>\n<\/div>\n<\/div>\n<\/div>\n<\/div>\n<\/div>","protected":false},"excerpt":{"rendered":"<p>TH\u00d4NG TIN CHUNG Th\u01b0\u01a1ng hi\u1ec7u Casademont Xu\u1ea5t x\u1ee9 T\u00e2y Ban Nha H\u1ea1n s\u1eed d\u1ee5ng 6 th\u00e1ng k\u1ec3 t\u1eeb ng\u00e0y s\u1ea3n<\/p>","protected":false},"featured_media":38431,"comment_status":"open","ping_status":"closed","template":"","meta":[],"product_brand":[],"product_cat":[683,275],"product_tag":[],"class_list":{"0":"post-38430","1":"product","2":"type-product","3":"status-publish","4":"has-post-thumbnail","6":"product_cat-nhap-khau-tay-ban-nha","7":"product_cat-thuc-pham-dong-lanh","9":"first","10":"outofstock","11":"sale","12":"shipping-taxable","13":"purchasable","14":"product-type-simple"},"_links":{"self":[{"href":"https:\/\/havamall.vn\/en\/wp-json\/wp\/v2\/product\/38430"}],"collection":[{"href":"https:\/\/havamall.vn\/en\/wp-json\/wp\/v2\/product"}],"about":[{"href":"https:\/\/havamall.vn\/en\/wp-json\/wp\/v2\/types\/product"}],"replies":[{"embeddable":true,"href":"https:\/\/havamall.vn\/en\/wp-json\/wp\/v2\/comments?post=38430"}],"version-history":[{"count":0,"href":"https:\/\/havamall.vn\/en\/wp-json\/wp\/v2\/product\/38430\/revisions"}],"wp:featuredmedia":[{"embeddable":true,"href":"https:\/\/havamall.vn\/en\/wp-json\/wp\/v2\/media\/38431"}],"wp:attachment":[{"href":"https:\/\/havamall.vn\/en\/wp-json\/wp\/v2\/media?parent=38430"}],"wp:term":[{"taxonomy":"product_brand","embeddable":true,"href":"https:\/\/havamall.vn\/en\/wp-json\/wp\/v2\/product_brand?post=38430"},{"taxonomy":"product_cat","embeddable":true,"href":"https:\/\/havamall.vn\/en\/wp-json\/wp\/v2\/product_cat?post=38430"},{"taxonomy":"product_tag","embeddable":true,"href":"https:\/\/havamall.vn\/en\/wp-json\/wp\/v2\/product_tag?post=38430"}],"curies":[{"name":"wp","href":"https:\/\/api.w.org\/{rel}","templated":true}]}}