{"id":38427,"date":"2025-05-10T14:20:24","date_gmt":"2025-05-10T07:20:24","guid":{"rendered":"https:\/\/havamall.vn\/?post_type=product&#038;p=38427"},"modified":"2025-08-25T17:04:42","modified_gmt":"2025-08-25T10:04:42","slug":"sua-dac-thien-quoc-bao-thuan-chay-vi-vani-tu-nhien-320g","status":"publish","type":"product","link":"https:\/\/havamall.vn\/en\/shop\/sua-dac-thien-quoc-bao-thuan-chay-vi-vani-tu-nhien-320g\/","title":{"rendered":"S\u1eefa \u0110\u1eb7c Thi\u00ean Qu\u1ed1c B\u1ea3o Thu\u1ea7n Chay V\u1ecb Vani T\u1ef1 Nhi\u00ean 320G"},"content":{"rendered":"<p data-sourcepos=\"11:1-11:509\"><strong>Thi\u00ean Qu\u1ed1c B\u1ea3o<\/strong>\u00a0l\u00e0 m\u1ed9t th\u01b0\u01a1ng hi\u1ec7u n\u1eb1m trong h\u1ec7 sinh th\u00e1i c\u1ee7a\u00a0<strong>Loving Vegan Food<\/strong>, doanh nghi\u1ec7p ti\u00ean phong trong l\u0129nh v\u1ef1c th\u1ef1c ph\u1ea9m thu\u1ea7n chay t\u1ea1i Vi\u1ec7t Nam. V\u1edbi cam k\u1ebft mang \u0111\u1ebfn nh\u1eefng s\u1ea3n ph\u1ea9m \u0111\u1ea1t chu\u1ea9n\u00a0<strong>\u201cXanh \u2013 S\u1ea1ch \u2013 Thu\u1ea7n Chay\u201d<\/strong>, Thi\u00ean Qu\u1ed1c B\u1ea3o t\u1eadp trung v\u00e0o vi\u1ec7c ph\u00e1t tri\u1ec3n c\u00e1c s\u1ea3n ph\u1ea9m gia v\u1ecb v\u00e0 th\u1ef1c ph\u1ea9m ti\u1ec7n l\u1ee3i c\u00f3 ngu\u1ed3n g\u1ed1c 100% t\u1eeb th\u1ef1c v\u1eadt. Th\u01b0\u01a1ng hi\u1ec7u n\u00e0y mong mu\u1ed1n cung c\u1ea5p nh\u1eefng gi\u1ea3i ph\u00e1p \u0103n u\u1ed1ng an to\u00e0n, l\u00e0nh m\u1ea1nh v\u00e0 \u0111a d\u1ea1ng cho ng\u01b0\u1eddi ti\u00eau d\u00f9ng, \u0111\u1ed3ng h\u00e0nh c\u00f9ng l\u1ed1i s\u1ed1ng xanh v\u00e0 b\u1ec1n v\u1eefng.<\/p>\n<h3 data-sourcepos=\"13:1-13:83\"><img fetchpriority=\"high\" decoding=\"async\" class=\"aligncenter\" src=\"https:\/\/scontent.fsgn19-1.fna.fbcdn.net\/v\/t39.30808-6\/470192738_122173680680116839_4420013191754137974_n.jpg?_nc_cat=102&amp;ccb=1-7&amp;_nc_sid=127cfc&amp;_nc_ohc=kKn3VJVZgxIQ7kNvwFP5d9N&amp;_nc_oc=AdkJ640987e_ZakTJxdvXumrqyTpS5wIVNCXG1Md9s-RsV50XJGpL9J3yvthJQmp9ROCKMNB1nbeCRGGwiRjv0Tk&amp;_nc_zt=23&amp;_nc_ht=scontent.fsgn19-1.fna&amp;_nc_gid=7bpZgBGarMo75lMiLLjIQg&amp;oh=00_AfJOpwxG_5XDvAVvVauOfdfICYEdc9D0C3PX-DfFw-bV5w&amp;oe=68237C81\" alt=\"Kh\u00f4ng c\u00f3 m\u00f4 t\u1ea3 \u1ea3nh.\" width=\"872\" height=\"872\" \/><\/h3>\n<p data-sourcepos=\"7:1-7:401\">S\u1eefa \u0111\u1eb7c l\u00e0 m\u1ed9t nguy\u00ean li\u1ec7u quen thu\u1ed9c trong nhi\u1ec1u m\u00f3n tr\u00e1ng mi\u1ec7ng, \u0111\u1ed3 u\u1ed1ng v\u00e0 c\u00f4ng th\u1ee9c n\u1ea5u \u0103n. Tuy nhi\u00ean, v\u1edbi nh\u1eefng ng\u01b0\u1eddi theo \u0111u\u1ed5i ch\u1ebf \u0111\u1ed9 \u0103n thu\u1ea7n chay ho\u1eb7c kh\u00f4ng dung n\u1ea1p lactose, vi\u1ec7c t\u00ecm ki\u1ebfm m\u1ed9t s\u1ea3n ph\u1ea9m thay th\u1ebf ph\u00f9 h\u1ee3p lu\u00f4n l\u00e0 m\u1ed1i quan t\u00e2m.\u00a0<strong>S\u1eefa \u0110\u1eb7c Thi\u00ean Qu\u1ed1c B\u1ea3o Thu\u1ea7n Chay V\u1ecb Vani T\u1ef1 Nhi\u00ean<\/strong>\u00a0ra \u0111\u1eddi \u0111\u1ec3 \u0111\u00e1p \u1ee9ng nhu c\u1ea7u \u0111\u00f3, mang \u0111\u1ebfn v\u1ecb ng\u1ecdt ng\u00e0o, s\u00e1nh m\u1ecbn v\u00e0 h\u01b0\u01a1ng vani t\u1ef1 nhi\u00ean t\u1eeb th\u1ef1c v\u1eadt.<\/p>\n<p data-sourcepos=\"7:1-7:401\"><img decoding=\"async\" class=\"aligncenter\" src=\"https:\/\/scontent.fsgn19-1.fna.fbcdn.net\/v\/t39.30808-6\/487315705_979317167739200_5147017925930280384_n.jpg?_nc_cat=102&amp;ccb=1-7&amp;_nc_sid=127cfc&amp;_nc_ohc=o52EQ6x3LKgQ7kNvwEZy3Ok&amp;_nc_oc=Adnz3n8E1REbEGnniGyupQl9FMh2VWdI0wRtH3-4uGqXANfqHQknYYwV7MlUkjp0hpddCXcIwOy_ifh1JySdZPOD&amp;_nc_zt=23&amp;_nc_ht=scontent.fsgn19-1.fna&amp;_nc_gid=YhylaCL6oJPBRi-FIkd22w&amp;oh=00_AfKS8YNMBxAha3_HOeZ5AxKgqmWPG0cbXDrsQjYrvV4sEA&amp;oe=6823A22B\" alt=\"Kh\u00f4ng c\u00f3 m\u00f4 t\u1ea3 \u1ea3nh.\" width=\"886\" height=\"886\" \/><\/p>\n<p><strong>\u0110\u1eb6C \u0110I\u1ec2M N\u1ed4I B\u1eacT<\/strong><\/p>\n<ul>\n<li data-sourcepos=\"21:1-21:165\"><strong>Thu\u1ea7n chay 100%:<\/strong>\u00a0S\u1ea3n ph\u1ea9m ho\u00e0n to\u00e0n kh\u00f4ng ch\u1ee9a c\u00e1c th\u00e0nh ph\u1ea7n t\u1eeb s\u1eefa \u0111\u1ed9ng v\u1eadt, ph\u00f9 h\u1ee3p tuy\u1ec7t \u0111\u1ed1i v\u1edbi ng\u01b0\u1eddi \u0103n chay, thu\u1ea7n chay v\u00e0 ng\u01b0\u1eddi kh\u00f4ng dung n\u1ea1p lactose.<\/li>\n<li data-sourcepos=\"22:1-22:190\"><strong>V\u1ecb Vani t\u1ef1 nhi\u00ean v\u00e0 ng\u1ecdt thanh:<\/strong>\u00a0H\u01b0\u01a1ng vani t\u1ef1 nhi\u00ean mang l\u1ea1i m\u00f9i th\u01a1m d\u1ec5 ch\u1ecbu, k\u1ebft h\u1ee3p v\u1edbi v\u1ecb ng\u1ecdt t\u1eeb \u0111\u01b0\u1eddng m\u00eda v\u00e0 c\u00e1c th\u00e0nh ph\u1ea7n th\u1ef1c v\u1eadt kh\u00e1c t\u1ea1o n\u00ean h\u01b0\u01a1ng v\u1ecb h\u00e0i h\u00f2a, kh\u00f4ng qu\u00e1 g\u1eaft.<\/li>\n<li data-sourcepos=\"23:1-23:129\"><strong>K\u1ebft c\u1ea5u s\u00e1nh m\u1ecbn:<\/strong>\u00a0S\u1ea3n ph\u1ea9m c\u00f3 \u0111\u1ed9 s\u00e1nh, \u0111\u1ed9 \u0111\u1eb7c t\u01b0\u01a1ng t\u1ef1 nh\u01b0 s\u1eefa \u0111\u1eb7c truy\u1ec1n th\u1ed1ng, d\u1ec5 d\u00e0ng s\u1eed d\u1ee5ng trong pha ch\u1ebf v\u00e0 l\u00e0m b\u00e1nh.<\/li>\n<li data-sourcepos=\"24:1-24:138\"><strong>Kh\u00f4ng ch\u1ee9a ch\u1ea5t b\u1ea3o qu\u1ea3n v\u00e0 ph\u1ee5 gia \u0111\u1ed9c h\u1ea1i:<\/strong>\u00a0Tu\u00e2n th\u1ee7 ti\u00eau ch\u00ed \u201cS\u1ea1ch\u201d, s\u1ea3n ph\u1ea9m h\u01b0\u1edbng \u0111\u1ebfn s\u1ef1 an to\u00e0n v\u00e0 l\u00e0nh t\u00ednh cho ng\u01b0\u1eddi s\u1eed d\u1ee5ng.<\/li>\n<li data-sourcepos=\"25:1-25:149\"><strong>Ngu\u1ed3n dinh d\u01b0\u1ee1ng t\u1eeb th\u1ef1c v\u1eadt:<\/strong>\u00a0Cung c\u1ea5p n\u0103ng l\u01b0\u1ee3ng, ch\u1ea5t b\u00e9o v\u00e0 m\u1ed9t s\u1ed1 d\u01b0\u1ee1ng ch\u1ea5t t\u1eeb c\u00e1c th\u00e0nh ph\u1ea7n nh\u01b0 \u0111\u1ea1m \u0111\u1eadu n\u00e0nh, d\u1ea7u th\u1ef1c v\u1eadt, b\u1ed9t s\u1eefa d\u1eeba.<\/li>\n<li data-sourcepos=\"26:1-27:0\"><strong>Thay th\u1ebf s\u1eefa \u0111\u1eb7c truy\u1ec1n th\u1ed1ng:<\/strong>\u00a0L\u00e0 gi\u1ea3i ph\u00e1p thay th\u1ebf ti\u1ec7n l\u1ee3i v\u00e0 hi\u1ec7u qu\u1ea3 cho s\u1eefa \u0111\u1eb7c c\u00f3 ngu\u1ed3n g\u1ed1c \u0111\u1ed9ng v\u1eadt trong m\u1ecdi c\u00f4ng th\u1ee9c.<\/li>\n<\/ul>\n<p><img decoding=\"async\" class=\"aligncenter wp-image-39458\" src=\"https:\/\/havamall.com\/wp-content\/uploads\/2025\/05\/harper-bazaar-sua-dac-bao-nhieu-calo-1.png\" alt=\"\" width=\"882\" height=\"589\" \/><\/p>\n<p data-sourcepos=\"30:1-30:96\"><strong>H\u01af\u1edaNG D\u1eaaN S\u1eec D\u1ee4NG<\/strong><\/p>\n<ul data-sourcepos=\"32:1-36:0\">\n<li data-sourcepos=\"32:1-32:146\"><strong>Pha ch\u1ebf \u0111\u1ed3 u\u1ed1ng:<\/strong>\u00a0L\u00e0 th\u00e0nh ph\u1ea7n kh\u00f4ng th\u1ec3 thi\u1ebfu trong c\u00e0 ph\u00ea s\u1eefa \u0111\u00e1, tr\u00e0 s\u1eefa, sinh t\u1ed1 thu\u1ea7n chay, mang l\u1ea1i v\u1ecb b\u00e9o ng\u1ecdt v\u00e0 h\u01b0\u01a1ng vani h\u1ea5p d\u1eabn.<\/li>\n<li data-sourcepos=\"33:1-33:132\"><strong>L\u00e0m b\u00e1nh v\u00e0 tr\u00e1ng mi\u1ec7ng:<\/strong>\u00a0S\u1eed d\u1ee5ng nh\u01b0 nguy\u00ean li\u1ec7u trong c\u00e1c c\u00f4ng th\u1ee9c l\u00e0m b\u00e1nh ng\u1ecdt, kem, ch\u00e8, pudding, panna cotta thu\u1ea7n chay.<\/li>\n<\/ul>\n<p><img loading=\"lazy\" decoding=\"async\" class=\"aligncenter\" src=\"https:\/\/havamall.com\/wp-content\/uploads\/2025\/05\/z5523752745211-446e1a938dbacad62889a602ead8b284.jpg\" alt=\"S\u1eeeA CHUA THU\u1ea6N CHAY Chef Q Shop\" width=\"886\" height=\"1126\" \/><\/p>\n<ul data-sourcepos=\"32:1-36:0\">\n<li data-sourcepos=\"34:1-34:98\"><strong>\u0102n k\u00e8m tr\u1ef1c ti\u1ebfp:<\/strong>\u00a0Ch\u1ea5m c\u00f9ng b\u00e1nh m\u00ec, tr\u00e1i c\u00e2y ho\u1eb7c l\u00e0m l\u1edbp ph\u1ee7 cho c\u00e1c m\u00f3n tr\u00e1ng mi\u1ec7ng kh\u00e1c.<\/li>\n<li data-sourcepos=\"35:1-36:0\"><strong>Nguy\u00ean li\u1ec7u n\u1ea5u \u0103n:<\/strong>\u00a0C\u00f3 th\u1ec3 s\u1eed d\u1ee5ng trong m\u1ed9t s\u1ed1 m\u00f3n \u0103n c\u1ea7n v\u1ecb ng\u1ecdt v\u00e0 \u0111\u1ed9 b\u00e9o ng\u1eady nh\u1ea5t \u0111\u1ecbnh.<\/li>\n<\/ul>\n<p><img loading=\"lazy\" decoding=\"async\" class=\"aligncenter\" src=\"https:\/\/havamall.com\/wp-content\/uploads\/2025\/05\/6363889_Tinhte.vn_Bac_Xiu_Cafe_Phin_Minh_Long-11.jpg\" alt=\"Tr\u00ean tay phin c\u00e0 ph\u00ea s\u1ee9 Minh Long JV, gi\u00e1 295.000 \u0111\u1ed3ng\" width=\"892\" height=\"595\" \/><\/p>\n<h3 data-sourcepos=\"38:1-38:17\">C\u00c1CH B\u1ea2O QU\u1ea2N<\/h3>\n<ul data-sourcepos=\"41:1-44:0\">\n<li data-sourcepos=\"41:1-41:117\"><strong>Tr\u01b0\u1edbc khi m\u1edf n\u1eafp:<\/strong>\u00a0B\u1ea3o qu\u1ea3n s\u1ea3n ph\u1ea9m \u1edf n\u01a1i kh\u00f4 r\u00e1o, tho\u00e1ng m\u00e1t, tr\u00e1nh \u00e1nh n\u1eafng tr\u1ef1c ti\u1ebfp v\u00e0 n\u01a1i c\u00f3 nhi\u1ec7t \u0111\u1ed9 cao.<\/li>\n<li data-sourcepos=\"42:1-42:203\"><strong>Sau khi m\u1edf n\u1eafp:<\/strong>\u00a0B\u1ea3o qu\u1ea3n trong ng\u0103n m\u00e1t t\u1ee7 l\u1ea1nh \u1edf nhi\u1ec7t \u0111\u1ed9 t\u1eeb 5\u2103 \u2013 16\u2103. \u0110\u1eady k\u00edn n\u1eafp lon sau m\u1ed7i l\u1ea7n s\u1eed d\u1ee5ng. N\u00ean d\u00f9ng h\u1ebft s\u1ea3n ph\u1ea9m trong v\u00f2ng 1-2 tu\u1ea7n sau khi m\u1edf n\u1eafp \u0111\u1ec3 \u0111\u1ea3m b\u1ea3o ch\u1ea5t l\u01b0\u1ee3ng t\u1ed1t nh\u1ea5t.<\/li>\n<li data-sourcepos=\"43:1-44:0\">Kh\u00f4ng d\u00f9ng s\u1ea3n ph\u1ea9m khi \u0111\u00e3 h\u1ebft h\u1ea1n s\u1eed d\u1ee5ng.<\/li>\n<\/ul>\n<p data-sourcepos=\"45:1-45:301\">S\u1eefa \u0110\u1eb7c Thi\u00ean Qu\u1ed1c B\u1ea3o Thu\u1ea7n Chay V\u1ecb Vani T\u1ef1 Nhi\u00ean l\u00e0 minh ch\u1ee9ng cho s\u1ef1 s\u00e1ng t\u1ea1o trong \u1ea9m th\u1ef1c thu\u1ea7n chay, mang \u0111\u1ebfn h\u01b0\u01a1ng v\u1ecb ng\u1ecdt ng\u00e0o, s\u00e1nh m\u1ecbn quen thu\u1ed9c nh\u01b0ng v\u1edbi ngu\u1ed3n g\u1ed1c ho\u00e0n to\u00e0n t\u1eeb th\u1ef1c v\u1eadt. S\u1ea3n ph\u1ea9m n\u00e0y l\u00e0 l\u1ef1a ch\u1ecdn l\u00fd t\u01b0\u1edfng cho nh\u1eefng ai y\u00eau th\u00edch v\u1ecb s\u1eefa \u0111\u1eb7c v\u00e0 mong mu\u1ed1n s\u1ed1ng xanh, kh\u1ecfe m\u1ea1nh. S\u1ea3n ph\u1ea9m nay \u0111\u00e3 c\u00f3 m\u1eb7t t\u1ea1i Havamall !<\/p>","protected":false},"excerpt":{"rendered":"<p>Thi\u00ean Qu\u1ed1c B\u1ea3o\u00a0l\u00e0 m\u1ed9t th\u01b0\u01a1ng hi\u1ec7u n\u1eb1m trong h\u1ec7 sinh th\u00e1i c\u1ee7a\u00a0Loving Vegan Food, doanh nghi\u1ec7p ti\u00ean phong trong l\u0129nh<\/p>","protected":false},"featured_media":38428,"comment_status":"open","ping_status":"closed","template":"","meta":[],"product_brand":[],"product_cat":[496],"product_tag":[],"class_list":{"0":"post-38427","1":"product","2":"type-product","3":"status-publish","4":"has-post-thumbnail","6":"product_cat-thuc-pham-thuan-chay","7":"pa_brand-loving-vegan-food","9":"first","10":"outofstock","11":"sale","12":"shipping-taxable","13":"purchasable","14":"product-type-simple"},"_links":{"self":[{"href":"https:\/\/havamall.vn\/en\/wp-json\/wp\/v2\/product\/38427"}],"collection":[{"href":"https:\/\/havamall.vn\/en\/wp-json\/wp\/v2\/product"}],"about":[{"href":"https:\/\/havamall.vn\/en\/wp-json\/wp\/v2\/types\/product"}],"replies":[{"embeddable":true,"href":"https:\/\/havamall.vn\/en\/wp-json\/wp\/v2\/comments?post=38427"}],"version-history":[{"count":0,"href":"https:\/\/havamall.vn\/en\/wp-json\/wp\/v2\/product\/38427\/revisions"}],"wp:featuredmedia":[{"embeddable":true,"href":"https:\/\/havamall.vn\/en\/wp-json\/wp\/v2\/media\/38428"}],"wp:attachment":[{"href":"https:\/\/havamall.vn\/en\/wp-json\/wp\/v2\/media?parent=38427"}],"wp:term":[{"taxonomy":"product_brand","embeddable":true,"href":"https:\/\/havamall.vn\/en\/wp-json\/wp\/v2\/product_brand?post=38427"},{"taxonomy":"product_cat","embeddable":true,"href":"https:\/\/havamall.vn\/en\/wp-json\/wp\/v2\/product_cat?post=38427"},{"taxonomy":"product_tag","embeddable":true,"href":"https:\/\/havamall.vn\/en\/wp-json\/wp\/v2\/product_tag?post=38427"}],"curies":[{"name":"wp","href":"https:\/\/api.w.org\/{rel}","templated":true}]}}