{"id":38411,"date":"2025-05-10T12:01:59","date_gmt":"2025-05-10T05:01:59","guid":{"rendered":"https:\/\/havamall.vn\/?post_type=product&#038;p=38411"},"modified":"2025-05-10T12:02:00","modified_gmt":"2025-05-10T05:02:00","slug":"nuoc-cham-loving-chai-thuy-tinh-300ml-loving-vegan-dipping-sauce","status":"publish","type":"product","link":"https:\/\/havamall.vn\/en\/shop\/nuoc-cham-loving-chai-thuy-tinh-300ml-loving-vegan-dipping-sauce\/","title":{"rendered":"N\u01b0\u1edbc Ch\u1ea5m Loving Chai Th\u1ee7y Tinh 300ml \u2013 Loving Vegan Dipping Sauce"},"content":{"rendered":"<p>N\u01b0\u1edbc ch\u1ea5m kh\u00f4ng ch\u1ec9 l\u00e0 gia v\u1ecb \u0111i k\u00e8m m\u00e0 c\u00f2n l\u00e0 y\u1ebfu t\u1ed1 quy\u1ebft \u0111\u1ecbnh s\u1ef1 th\u00e0nh c\u00f4ng c\u1ee7a nhi\u1ec1u m\u00f3n \u0103n trong \u1ea9m th\u1ef1c Vi\u1ec7t. \u0110\u1eb7c bi\u1ec7t v\u1edbi c\u00e1c m\u00f3n lu\u1ed9c, h\u1ea5p, hay chi\u00ean, m\u1ed9t ch\u00e9n n\u01b0\u1edbc ch\u1ea5m ngon c\u00f3 th\u1ec3 l\u00e0m b\u1eebng s\u00e1ng h\u01b0\u01a1ng v\u1ecb. V\u1edbi xu h\u01b0\u1edbng \u0103n u\u1ed1ng l\u00e0nh m\u1ea1nh v\u00e0 thu\u1ea7n chay ng\u00e0y c\u00e0ng lan r\u1ed9ng, nhu c\u1ea7u v\u1ec1 c\u00e1c lo\u1ea1i n\u01b0\u1edbc ch\u1ea5m t\u1eeb th\u1ef1c v\u1eadt, an to\u00e0n v\u00e0 b\u1ed5 d\u01b0\u1ee1ng ng\u00e0y c\u00e0ng t\u0103ng cao.\u00a0<strong>N\u01b0\u1edbc Ch\u1ea5m Loving Chai Th\u1ee7y Tinh 300ml<\/strong>\u00a0ra \u0111\u1eddi \u0111\u1ec3 \u0111\u00e1p \u1ee9ng ch\u00ednh x\u00e1c nhu c\u1ea7u \u0111\u00f3, mang \u0111\u1ebfn tr\u1ea3i nghi\u1ec7m ch\u1ea5m tuy\u1ec7t v\u1eddi cho m\u1ecdi nh\u00e0.<\/p>\n<p data-sourcepos=\"13:1-13:526\"><strong>Loving Vegan Food<\/strong>\u00a0l\u00e0 m\u1ed9t th\u01b0\u01a1ng hi\u1ec7u th\u1ef1c ph\u1ea9m thu\u1ea7n chay h\u00e0ng \u0111\u1ea7u t\u1ea1i Vi\u1ec7t Nam, \u0111\u01b0\u1ee3c s\u00e1ng l\u1eadp b\u1edfi ngh\u1ec7 s\u0129 H\u1ed3 Qu\u1ef3nh H\u01b0\u01a1ng. V\u1edbi t\u00e2m huy\u1ebft mang \u0111\u1ebfn nh\u1eefng s\u1ea3n ph\u1ea9m an to\u00e0n, l\u00e0nh t\u00ednh v\u00e0 dinh d\u01b0\u1ee1ng t\u1eeb 100% th\u1ef1c v\u1eadt, Loving Vegan Food \u0111\u00e3 x\u00e2y d\u1ef1ng \u0111\u01b0\u1ee3c ni\u1ec1m tin v\u1eefng ch\u1eafc v\u1edbi ng\u01b0\u1eddi ti\u00eau d\u00f9ng th\u00f4ng qua tri\u1ebft l\u00fd\u00a0<strong>\u201cXanh \u2013 S\u1ea1ch \u2013 Thu\u1ea7n Chay\u201d<\/strong>. Th\u01b0\u01a1ng hi\u1ec7u n\u00e0y kh\u00f4ng ng\u1eebng nghi\u00ean c\u1ee9u v\u00e0 ph\u00e1t tri\u1ec3n c\u00e1c d\u00f2ng s\u1ea3n ph\u1ea9m \u0111a d\u1ea1ng, \u0111\u00e1p \u1ee9ng nhu c\u1ea7u c\u1ee7a ng\u01b0\u1eddi \u0103n chay, thu\u1ea7n chay v\u00e0 c\u1ea3 nh\u1eefng ng\u01b0\u1eddi quan t\u00e2m \u0111\u1ebfn s\u1ee9c kh\u1ecfe, l\u1ed1i s\u1ed1ng b\u1ec1n v\u1eefng.<\/p>\n<h3 data-sourcepos=\"15:1-15:56\"><img fetchpriority=\"high\" decoding=\"async\" class=\"aligncenter\" src=\"https:\/\/havamall.com\/wp-content\/uploads\/2025\/05\/logo-loving-tron.png\" width=\"725\" height=\"725\" \/><\/h3>\n<p data-sourcepos=\"69:1-69:249\"><strong>N\u01b0\u1edbc Ch\u1ea5m Loving Chai Th\u1ee7y Tinh 300ml<\/strong>\u00a0l\u00e0 s\u1ea3n ph\u1ea9m \u0111\u01b0\u1ee3c \u0111\u1eb7c ch\u1ebf d\u00e0nh ri\u00eang cho vi\u1ec7c ch\u1ea5m, gi\u00fap t\u0103ng th\u00eam h\u01b0\u01a1ng v\u1ecb \u0111\u1eadm \u0111\u00e0 v\u00e0 h\u1ea5p d\u1eabn cho c\u00e1c m\u00f3n \u0103n. Chai 300ml nh\u1ecf g\u1ecdn, ti\u1ec7n l\u1ee3i l\u00e0 s\u1ef1 l\u1ef1a ch\u1ecdn ho\u00e0n h\u1ea3o \u0111\u1ec3 lu\u00f4n c\u00f3 s\u1eb5n trong c\u0103n b\u1ebfp v\u00e0 mang theo khi c\u1ea7n.<\/p>\n<p data-sourcepos=\"69:1-69:249\"><img decoding=\"async\" class=\"aligncenter\" src=\"https:\/\/havamall.com\/wp-content\/uploads\/2025\/05\/z4940586053968_2a9c0095bfa956f5539c214c039f53bd-1024x683.jpg\" alt=\"N\u01b0\u1edbc Ch\u1ea5m thu\u1ea7n chay Loving - Chai 300 ml - Loving Vegan Food - Th\u1ef1c ph\u1ea9m  xanh s\u1ea1ch thu\u1ea7n chay\" width=\"915\" height=\"610\" \/><\/p>\n<p data-sourcepos=\"71:1-71:21\"><strong>\u0110\u1eb6C \u0110I\u1ec2M N\u1ed4I B\u1eacT<\/strong><\/p>\n<ul>\n<li data-sourcepos=\"75:1-75:176\"><strong>Thu\u1ea7n Chay Ho\u00e0n To\u00e0n:<\/strong>\u00a0S\u1ea3n ph\u1ea9m cam k\u1ebft 100% t\u1eeb th\u1ef1c v\u1eadt, kh\u00f4ng s\u1eed d\u1ee5ng b\u1ea5t k\u1ef3 th\u00e0nh ph\u1ea7n \u0111\u1ed9ng v\u1eadt n\u00e0o, l\u00e0 l\u1ef1a ch\u1ecdn an to\u00e0n cho ng\u01b0\u1eddi \u0103n chay, \u0103n ki\u00eang v\u00e0 c\u1ea3 ng\u01b0\u1eddi \u0103n m\u1eb7n.<\/li>\n<li data-sourcepos=\"76:1-76:201\"><strong>100% \u0110\u1ea1m Th\u1ef1c V\u1eadt Kh\u00f4ng Bi\u1ebfn \u0110\u1ed5i Gen:<\/strong>\u00a0S\u1eed d\u1ee5ng ngu\u1ed3n \u0111\u1eadu n\u00e0nh v\u00e0 c\u00e1c nguy\u00ean li\u1ec7u th\u1ef1c v\u1eadt ch\u1ea5t l\u01b0\u1ee3ng cao, \u0111\u1ea3m b\u1ea3o kh\u00f4ng bi\u1ebfn \u0111\u1ed5i gen, mang \u0111\u1ebfn ngu\u1ed3n \u0111\u1ea1m th\u1ef1c v\u1eadt l\u00e0nh m\u1ea1nh v\u00e0 an to\u00e0n cho s\u1ee9c kh\u1ecfe.<\/li>\n<\/ul>\n<p><img decoding=\"async\" class=\"aligncenter\" src=\"https:\/\/havamall.com\/wp-content\/uploads\/2025\/05\/nuoc-mam-cong-nghiep-la-gi.jpg\" alt=\"N\u01b0\u1edbc m\u1eafm c\u00f4ng nghi\u1ec7p l\u00e0 g\u00ec? Kh\u00e1c g\u00ec v\u1edbi n\u01b0\u1edbc m\u1eafm truy\u1ec1n th\u1ed1ng?\" width=\"914\" height=\"514\" \/><\/p>\n<ul>\n<li data-sourcepos=\"77:1-77:291\"><strong>H\u01b0\u01a1ng V\u1ecb Ch\u1ea5m \u0110\u1eadm \u0110\u00e0, V\u1eeba V\u1eb7n:<\/strong>\u00a0C\u00f4ng th\u1ee9c pha ch\u1ebf \u0111\u1eb7c bi\u1ec7t t\u1ea1o n\u00ean h\u01b0\u01a1ng v\u1ecb n\u01b0\u1edbc ch\u1ea5m h\u00e0i h\u00f2a, \u0111\u1eadm \u0111\u00e0, c\u00f3 v\u1ecb ng\u1ecdt thanh, m\u1eb7n d\u1ecbu, r\u1ea5t h\u1ee3p \u0111\u1ec3 ch\u1ea5m tr\u1ef1c ti\u1ebfp m\u00e0 kh\u00f4ng c\u1ea7n pha ch\u1ebf th\u00eam (tr\u1eeb khi b\u1ea1n mu\u1ed1n th\u00eam t\u1ecfi \u1edbt theo s\u1edf th\u00edch). H\u00ecnh \u1ea3nh \u1edbt v\u00e0 t\u1ecfi tr\u00ean nh\u00e3n g\u1ee3i \u00fd h\u01b0\u01a1ng v\u1ecb \u0111\u1eb7c tr\u01b0ng n\u00e0y.<\/li>\n<li data-sourcepos=\"78:1-78:149\"><strong>Ti\u1ec7n L\u1ee3i, S\u1eb5n S\u00e0ng S\u1eed D\u1ee5ng:<\/strong>\u00a0S\u1ea3n ph\u1ea9m \u0111\u00e3 \u0111\u01b0\u1ee3c pha ch\u1ebf s\u1eb5n, b\u1ea1n ch\u1ec9 c\u1ea7n m\u1edf n\u1eafp v\u00e0 s\u1eed d\u1ee5ng ngay, v\u00f4 c\u00f9ng ti\u1ec7n l\u1ee3i v\u00e0 ti\u1ebft ki\u1ec7m th\u1eddi gian chu\u1ea9n b\u1ecb.<\/li>\n<li data-sourcepos=\"79:1-80:0\"><strong>Th\u01b0\u01a1ng Hi\u1ec7u \u201cH\u00c0NG \u0110\u1ea6U VI\u1ec6T NAM\u201d:<\/strong>\u00a0S\u1ea3n ph\u1ea9m \u0111\u1ebfn t\u1eeb Loving Vegan Food, th\u01b0\u01a1ng hi\u1ec7u uy t\u00edn h\u00e0ng \u0111\u1ea7u, \u0111\u1ea3m b\u1ea3o v\u1ec1 ch\u1ea5t l\u01b0\u1ee3ng v\u00e0 ngu\u1ed3n g\u1ed1c.<\/li>\n<\/ul>\n<p><img loading=\"lazy\" decoding=\"async\" class=\"aligncenter  wp-image-39503\" src=\"https:\/\/havamall.com\/wp-content\/uploads\/2025\/05\/242145-default-1.jpg\" alt=\"\" width=\"924\" height=\"881\" \/><\/p>\n<p><strong>H\u01af\u1edaNG D\u1eaaN S\u1eec D\u1ee4NG<\/strong><\/p>\n<ul>\n<li data-sourcepos=\"85:1-85:117\"><strong>Ch\u1ea5m c\u00e1c m\u00f3n lu\u1ed9c, h\u1ea5p:<\/strong>\u00a0Rau c\u1ee7 lu\u1ed9c, \u0111\u1eadu h\u0169 h\u1ea5p, n\u1ea5m h\u1ea5p,\u2026 s\u1ebd ngon h\u01a1n r\u1ea5t nhi\u1ec1u khi ch\u1ea5m c\u00f9ng n\u01b0\u1edbc ch\u1ea5m n\u00e0y.<\/li>\n<li data-sourcepos=\"86:1-86:92\"><strong>Ch\u1ea5m m\u00f3n chi\u00ean, r\u00e1n:<\/strong>\u00a0C\u00e1c lo\u1ea1i ch\u1ea3 gi\u00f2, nem r\u00e1n, \u0111\u1eadu h\u0169 chi\u00ean, khoai t\u00e2y chi\u00ean chay,\u2026<\/li>\n<li data-sourcepos=\"87:1-87:82\"><strong>Ch\u1ea5m g\u1ecfi cu\u1ed1n, nem cu\u1ed1n:<\/strong>\u00a0L\u00e0 gia v\u1ecb ch\u1ea5m l\u00fd t\u01b0\u1edfng cho c\u00e1c m\u00f3n cu\u1ed1n thanh m\u00e1t.<\/li>\n<li data-sourcepos=\"88:1-88:54\"><strong>Ch\u1ea5m c\u00e1c lo\u1ea1i b\u00e1nh:<\/strong>\u00a0B\u00e1nh x\u00e8o, b\u00e1nh kh\u1ecdt chay,\u2026<\/li>\n<li data-sourcepos=\"89:1-90:0\"><strong>Th\u00eam t\u1ecfi \u1edbt:<\/strong>\u00a0B\u1ea1n c\u00f3 th\u1ec3 th\u00eam t\u1ecfi \u1edbt b\u0103m v\u00e0o ch\u00e9n n\u01b0\u1edbc ch\u1ea5m \u0111\u1ec3 t\u0103ng th\u00eam v\u1ecb cay n\u1ed3ng n\u1ebfu th\u00edch.<\/li>\n<\/ul>\n<p><img loading=\"lazy\" decoding=\"async\" class=\"aligncenter\" src=\"https:\/\/scontent.fsgn19-1.fna.fbcdn.net\/v\/t39.30808-6\/480521688_122222363144194079_2120134077156907635_n.jpg?_nc_cat=104&amp;ccb=1-7&amp;_nc_sid=127cfc&amp;_nc_ohc=2FGMuG94XlgQ7kNvwHls2fH&amp;_nc_oc=AdkoD1RcU8ksKB_RB79RgjWzBjTnXwwkiIGWv9kDnpDgjTKOueyL7gjUKyH8wHMdXpCERvpbFwjoTVgjuUEl6lUA&amp;_nc_zt=23&amp;_nc_ht=scontent.fsgn19-1.fna&amp;_nc_gid=N4Yp6l1MZZ5UhTyJYZjW-g&amp;oh=00_AfLdPzHTxAYWsKK-5ZrjpY4YOOrvTe003PypieTEthD_Dg&amp;oe=6824AB15\" alt=\"C\u00f3 th\u1ec3 l\u00e0 h\u00ecnh \u1ea3nh v\u1ec1 ch\u00e1o, \u0111\u1eadu ph\u1ee5 v\u00e0 m\u1ef3 ramen\" width=\"928\" height=\"1238\" \/><\/p>\n<h3 data-sourcepos=\"38:1-38:17\">C\u00c1CH B\u1ea2O QU\u1ea2N<\/h3>\n<ul>\n<li data-sourcepos=\"95:1-95:60\">B\u1ea3o qu\u1ea3n n\u01a1i kh\u00f4 r\u00e1o, tho\u00e1ng m\u00e1t, tr\u00e1nh \u00e1nh n\u1eafng m\u1eb7t tr\u1eddi.<\/li>\n<li data-sourcepos=\"96:1-96:34\">\u0110\u1eady k\u00edn n\u1eafp sau m\u1ed7i l\u1ea7n s\u1eed d\u1ee5ng.<\/li>\n<li data-sourcepos=\"97:1-98:0\">N\u00ean b\u1ea3o qu\u1ea3n trong ng\u0103n m\u00e1t t\u1ee7 l\u1ea1nh sau khi m\u1edf n\u1eafp.<\/li>\n<\/ul>\n<p>N\u1ebfu b\u1ea1n \u0111ang t\u00ecm ki\u1ebfm m\u1ed9t lo\u1ea1i n\u01b0\u1edbc ch\u1ea5m thu\u1ea7n chay \u0111\u1eadm \u0111\u00e0, ti\u1ec7n l\u1ee3i v\u00e0 \u0111\u01b0\u1ee3c l\u00e0m t\u1eeb nguy\u00ean li\u1ec7u ch\u1ea5t l\u01b0\u1ee3ng cao kh\u00f4ng bi\u1ebfn \u0111\u1ed5i gen, th\u00ec\u00a0<strong>N\u01b0\u1edbc Ch\u1ea5m Loving Chai Th\u1ee7y Tinh 300ml<\/strong>\u00a0ch\u00ednh l\u00e0 l\u1ef1a ch\u1ecdn ho\u00e0n h\u1ea3o. S\u1ea3n ph\u1ea9m n\u00e0y kh\u00f4ng ch\u1ec9 l\u00e0m t\u0103ng th\u00eam h\u01b0\u01a1ng v\u1ecb cho m\u00f3n \u0103n m\u00e0 c\u00f2n g\u00f3p ph\u1ea7n v\u00e0o ch\u1ebf \u0111\u1ed9 \u0103n u\u1ed1ng l\u00e0nh m\u1ea1nh c\u1ee7a b\u1ea1n. S\u1ea3n ph\u1ea9m nay \u0111\u00e3 c\u00f3 m\u1eb7t t\u1ea1i\u00a0<strong>Havamall<\/strong>\u00a0!<\/p>","protected":false},"excerpt":{"rendered":"<p>N\u01b0\u1edbc ch\u1ea5m kh\u00f4ng ch\u1ec9 l\u00e0 gia v\u1ecb \u0111i k\u00e8m m\u00e0 c\u00f2n l\u00e0 y\u1ebfu t\u1ed1 quy\u1ebft \u0111\u1ecbnh s\u1ef1 th\u00e0nh c\u00f4ng c\u1ee7a<\/p>","protected":false},"featured_media":38412,"comment_status":"open","ping_status":"closed","template":"","meta":[],"product_brand":[],"product_cat":[496],"product_tag":[],"class_list":{"0":"post-38411","1":"product","2":"type-product","3":"status-publish","4":"has-post-thumbnail","6":"product_cat-thuc-pham-thuan-chay","7":"pa_brand-loving-vegan-food","9":"first","10":"instock","11":"sale","12":"shipping-taxable","13":"purchasable","14":"product-type-simple"},"_links":{"self":[{"href":"https:\/\/havamall.vn\/en\/wp-json\/wp\/v2\/product\/38411"}],"collection":[{"href":"https:\/\/havamall.vn\/en\/wp-json\/wp\/v2\/product"}],"about":[{"href":"https:\/\/havamall.vn\/en\/wp-json\/wp\/v2\/types\/product"}],"replies":[{"embeddable":true,"href":"https:\/\/havamall.vn\/en\/wp-json\/wp\/v2\/comments?post=38411"}],"version-history":[{"count":0,"href":"https:\/\/havamall.vn\/en\/wp-json\/wp\/v2\/product\/38411\/revisions"}],"wp:featuredmedia":[{"embeddable":true,"href":"https:\/\/havamall.vn\/en\/wp-json\/wp\/v2\/media\/38412"}],"wp:attachment":[{"href":"https:\/\/havamall.vn\/en\/wp-json\/wp\/v2\/media?parent=38411"}],"wp:term":[{"taxonomy":"product_brand","embeddable":true,"href":"https:\/\/havamall.vn\/en\/wp-json\/wp\/v2\/product_brand?post=38411"},{"taxonomy":"product_cat","embeddable":true,"href":"https:\/\/havamall.vn\/en\/wp-json\/wp\/v2\/product_cat?post=38411"},{"taxonomy":"product_tag","embeddable":true,"href":"https:\/\/havamall.vn\/en\/wp-json\/wp\/v2\/product_tag?post=38411"}],"curies":[{"name":"wp","href":"https:\/\/api.w.org\/{rel}","templated":true}]}}