{"id":38397,"date":"2025-05-10T11:43:53","date_gmt":"2025-05-10T04:43:53","guid":{"rendered":"https:\/\/havamall.vn\/?post_type=product&#038;p=38397"},"modified":"2025-08-25T10:02:35","modified_gmt":"2025-08-25T03:02:35","slug":"cafe-sua-loving-thuan-chay-280g-14-goi-x-20g-loving-vegan-instant-milk-coffee","status":"publish","type":"product","link":"https:\/\/havamall.vn\/en\/shop\/cafe-sua-loving-thuan-chay-280g-14-goi-x-20g-loving-vegan-instant-milk-coffee\/","title":{"rendered":"Caf\u00e9 S\u1eefa Loving Thu\u1ea7n Chay 280g (14 g\u00f3i x 20g) \u2013 Loving Vegan Instant Milk Coffee"},"content":{"rendered":"<p data-sourcepos=\"11:1-11:508\"><strong>Loving Vegan Food<\/strong>\u00a0l\u00e0 th\u01b0\u01a1ng hi\u1ec7u th\u1ef1c ph\u1ea9m thu\u1ea7n chay uy t\u00edn h\u00e0ng \u0111\u1ea7u t\u1ea1i Vi\u1ec7t Nam, \u0111\u01b0\u1ee3c s\u00e1ng l\u1eadp b\u1edfi ngh\u1ec7 s\u0129 H\u1ed3 Qu\u1ef3nh H\u01b0\u01a1ng. V\u1edbi s\u1ee9 m\u1ec7nh lan t\u1ecfa l\u1ed1i s\u1ed1ng xanh v\u00e0 mang \u0111\u1ebfn nh\u1eefng s\u1ea3n ph\u1ea9m an to\u00e0n, l\u00e0nh t\u00ednh t\u1eeb 100% th\u1ef1c v\u1eadt, Loving Vegan Food \u0111\u00e3 x\u00e2y d\u1ef1ng \u0111\u01b0\u1ee3c ch\u1ed7 \u0111\u1ee9ng v\u1eefng ch\u1eafc tr\u00ean th\u1ecb tr\u01b0\u1eddng th\u00f4ng qua tri\u1ebft l\u00fd\u00a0<strong>\u201cXanh \u2013 S\u1ea1ch \u2013 Thu\u1ea7n Chay\u201d<\/strong>. Th\u01b0\u01a1ng hi\u1ec7u n\u00e0y kh\u00f4ng ng\u1eebng s\u00e1ng t\u1ea1o \u0111\u1ec3 \u0111\u01b0a ra c\u00e1c s\u1ea3n ph\u1ea9m \u0111a d\u1ea1ng, \u0111\u00e1p \u1ee9ng nhu c\u1ea7u \u0103n u\u1ed1ng v\u00e0 dinh d\u01b0\u1ee1ng c\u1ee7a c\u1ed9ng \u0111\u1ed3ng, \u0111\u1ed3ng th\u1eddi g\u00f3p ph\u1ea7n b\u1ea3o v\u1ec7 m\u00f4i tr\u01b0\u1eddng.<\/p>\n<h3 data-sourcepos=\"15:1-15:56\"><img fetchpriority=\"high\" decoding=\"async\" class=\"aligncenter\" src=\"https:\/\/havamall.com\/wp-content\/uploads\/2025\/05\/logo-loving-tron.png\" width=\"725\" height=\"725\" \/><\/h3>\n<p data-sourcepos=\"7:1-7:418\">\u0110\u1ed1i v\u1edbi nhi\u1ec1u ng\u01b0\u1eddi, m\u1ed9t ly c\u00e0 ph\u00ea s\u1eefa th\u01a1m l\u1eebng l\u00e0 c\u00e1ch tuy\u1ec7t v\u1eddi \u0111\u1ec3 b\u1eaft \u0111\u1ea7u ng\u00e0y m\u1edbi ho\u1eb7c l\u1ea5y l\u1ea1i n\u0103ng l\u01b0\u1ee3ng gi\u1eefa b\u1ed9n b\u1ec1 c\u00f4ng vi\u1ec7c. Gi\u1edd \u0111\u00e2y, nh\u1eefng ng\u01b0\u1eddi theo \u0111u\u1ed5i l\u1ed1i s\u1ed1ng thu\u1ea7n chay c\u0169ng c\u00f3 th\u1ec3 d\u1ec5 d\u00e0ng th\u01b0\u1edfng th\u1ee9c h\u01b0\u01a1ng v\u1ecb quen thu\u1ed9c n\u00e0y v\u1edbi\u00a0<strong>Caf\u00e9 S\u1eefa Loving Thu\u1ea7n Chay<\/strong>. S\u1ea3n ph\u1ea9m n\u00e0y mang \u0111\u1ebfn v\u1ecb \u0111\u1eadm \u0111\u00e0 \u0111\u1eb7c tr\u01b0ng c\u1ee7a c\u00e0 ph\u00ea Vi\u1ec7t Nam k\u1ebft h\u1ee3p v\u1edbi v\u1ecb b\u00e9o ng\u1eady t\u1eeb s\u1eefa th\u1ef1c v\u1eadt, t\u1ea5t c\u1ea3 trong m\u1ed9t g\u00f3i h\u00f2a tan ti\u1ec7n l\u1ee3i.<\/p>\n<p data-sourcepos=\"7:1-7:418\"><img decoding=\"async\" class=\"aligncenter wp-image-39472\" src=\"https:\/\/havamall.com\/wp-content\/uploads\/2025\/05\/vn-11134207-7qukw-lj6i3q1ph8sydd.jpg\" alt=\"\" width=\"939\" height=\"793\" \/><\/p>\n<p><strong>\u0110\u1eb6C \u0110I\u1ec2M N\u1ed4I B\u1eacT<\/strong><\/p>\n<ul>\n<li data-sourcepos=\"21:1-21:164\"><strong>Thu\u1ea7n chay 100%:<\/strong>\u00a0To\u00e0n b\u1ed9 th\u00e0nh ph\u1ea7n \u0111\u1ec1u c\u00f3 ngu\u1ed3n g\u1ed1c th\u1ef1c v\u1eadt, kh\u00f4ng ch\u1ee9a s\u1eefa \u0111\u1ed9ng v\u1eadt, ph\u00f9 h\u1ee3p v\u1edbi ng\u01b0\u1eddi \u0103n chay, thu\u1ea7n chay v\u00e0 ng\u01b0\u1eddi kh\u00f4ng dung n\u1ea1p lactose.<\/li>\n<li data-sourcepos=\"22:1-22:179\"><strong>V\u1ecb \u0111\u1eadm \u0111\u00e0 \u0111\u1eb7c tr\u01b0ng:<\/strong>\u00a0S\u1ef1 k\u1ebft h\u1ee3p gi\u1eefa c\u00e0 ph\u00ea v\u00e0 s\u1eefa th\u1ef1c v\u1eadt mang \u0111\u1ebfn h\u01b0\u01a1ng v\u1ecb c\u00e0 ph\u00ea s\u1eefa quen thu\u1ed9c, \u0111\u1eadm \u0111\u00e0, th\u01a1m ngon, kh\u00f4ng kh\u00e1c bi\u1ec7t nhi\u1ec1u so v\u1edbi c\u00e0 ph\u00ea s\u1eefa truy\u1ec1n th\u1ed1ng.<\/li>\n<li data-sourcepos=\"23:1-23:146\"><strong>Ti\u1ec7n l\u1ee3i t\u1ed1i \u01b0u:<\/strong>\u00a0D\u1ea1ng g\u00f3i h\u00f2a tan gi\u00fap b\u1ea1n d\u1ec5 d\u00e0ng pha ch\u1ebf m\u1ed9t ly c\u00e0 ph\u00ea s\u1eefa n\u00f3ng ho\u1eb7c \u0111\u00e1 ch\u1ec9 trong t\u00edch t\u1eafc, ph\u00f9 h\u1ee3p v\u1edbi cu\u1ed9c s\u1ed1ng b\u1eadn r\u1ed9n.<\/li>\n<li data-sourcepos=\"24:1-24:148\"><strong>An to\u00e0n v\u00e0 l\u00e0nh t\u00ednh:<\/strong>\u00a0S\u1ea3n ph\u1ea9m \u0111\u01b0\u1ee3c s\u1ea3n xu\u1ea5t theo ti\u00eau ch\u00ed \u201cS\u1ea1ch\u201d c\u1ee7a Loving Vegan Food, h\u1ea1n ch\u1ebf c\u00e1c ch\u1ea5t b\u1ea3o qu\u1ea3n v\u00e0 ph\u1ee5 gia kh\u00f4ng c\u1ea7n thi\u1ebft.<\/li>\n<li data-sourcepos=\"25:1-26:0\"><strong>Th\u01b0\u01a1ng hi\u1ec7u uy t\u00edn:<\/strong>\u00a0S\u1ea3n ph\u1ea9m \u0111\u1ebfn t\u1eeb Loving Vegan Food \u2013 th\u01b0\u01a1ng hi\u1ec7u thu\u1ea7n chay \u201cH\u00e0ng \u0110\u1ea7u Vi\u1ec7t Nam\u201d, mang l\u1ea1i s\u1ef1 y\u00ean t\u00e2m v\u1ec1 ch\u1ea5t l\u01b0\u1ee3ng.<\/li>\n<\/ul>\n<p><img decoding=\"async\" class=\"aligncenter wp-image-39473\" src=\"https:\/\/havamall.com\/wp-content\/uploads\/2025\/05\/488566430_979612597709657_6048333272192200281_n.jpg\" alt=\"\" width=\"960\" height=\"1079\" \/><\/p>\n<p>&nbsp;<\/p>\n<p data-sourcepos=\"30:1-30:96\"><strong>H\u01af\u1edaNG D\u1eaaN S\u1eec D\u1ee4NG<\/strong><\/p>\n<ul>\n<li data-sourcepos=\"31:1-31:103\"><strong>Kh\u1edfi \u0111\u1ea7u ng\u00e0y m\u1edbi:<\/strong>\u00a0M\u1ed9t ly c\u00e0 ph\u00ea s\u1eefa n\u00f3ng v\u00e0o bu\u1ed5i s\u00e1ng gi\u00fap b\u1ea1n t\u1ec9nh t\u00e1o v\u00e0 tr\u00e0n \u0111\u1ea7y n\u0103ng l\u01b0\u1ee3ng.<\/li>\n<li data-sourcepos=\"32:1-32:112\"><strong>L\u1ea5y l\u1ea1i tinh th\u1ea7n gi\u1eefa bu\u1ed5i:<\/strong>\u00a0Th\u01b0\u1edfng th\u1ee9c m\u1ed9t ly c\u00e0 ph\u00ea s\u1eefa \u0111\u00e1 \u0111\u1ec3 gi\u1ea3i kh\u00e1t v\u00e0 t\u1eadp trung h\u01a1n v\u00e0o c\u00f4ng vi\u1ec7c.<\/li>\n<li data-sourcepos=\"33:1-33:109\"><strong>D\u00f9ng t\u1ea1i v\u0103n ph\u00f2ng ho\u1eb7c khi \u0111i du l\u1ecbch:<\/strong>\u00a0D\u1ec5 d\u00e0ng mang theo v\u00e0 pha ch\u1ebf \u1edf b\u1ea5t c\u1ee9 \u0111\u00e2u ch\u1ec9 c\u1ea7n c\u00f3 n\u01b0\u1edbc n\u00f3ng.<\/li>\n<li data-sourcepos=\"34:1-35:0\"><strong>L\u1ef1a ch\u1ecdn cho ng\u01b0\u1eddi \u0103n chay:<\/strong>\u00a0Cung c\u1ea5p m\u1ed9t th\u1ee9c u\u1ed1ng c\u00e0 ph\u00ea s\u1eefa quen thu\u1ed9c, \u0111\u00e1p \u1ee9ng s\u1edf th\u00edch c\u1ee7a ng\u01b0\u1eddi theo ch\u1ebf \u0111\u1ed9 \u0103n th\u1ef1c v\u1eadt.<\/li>\n<\/ul>\n<p><img loading=\"lazy\" decoding=\"async\" class=\"aligncenter wp-image-39474\" src=\"https:\/\/havamall.com\/wp-content\/uploads\/2025\/05\/img_81651-scaled.jpg\" alt=\"\" width=\"963\" height=\"925\" \/><\/p>\n<h3 data-sourcepos=\"38:1-38:17\">C\u00c1CH B\u1ea2O QU\u1ea2N<\/h3>\n<ul data-sourcepos=\"40:1-45:0\">\n<li data-sourcepos=\"40:1-40:46\">B\u1ea3o qu\u1ea3n s\u1ea3n ph\u1ea9m \u1edf n\u01a1i kh\u00f4 r\u00e1o, tho\u00e1ng m\u00e1t.<\/li>\n<li data-sourcepos=\"41:1-41:83\">Tr\u00e1nh \u0111\u1ec3 s\u1ea3n ph\u1ea9m ti\u1ebfp x\u00fac tr\u1ef1c ti\u1ebfp v\u1edbi \u00e1nh n\u1eafng m\u1eb7t tr\u1eddi ho\u1eb7c n\u01a1i c\u00f3 \u0111\u1ed9 \u1ea9m cao.<\/li>\n<li data-sourcepos=\"42:1-42:98\">Sau khi m\u1edf h\u1ed9p, n\u00ean b\u1ea3o qu\u1ea3n k\u00edn c\u00e1c g\u00f3i nh\u1ecf b\u00ean trong. N\u1ebfu \u0111\u00e3 x\u00e9 g\u00f3i nh\u1ecf, n\u00ean s\u1eed d\u1ee5ng h\u1ebft ngay.<\/li>\n<li data-sourcepos=\"43:1-43:64\">Tr\u00e1nh \u0111\u1ec3 s\u1ea3n ph\u1ea9m g\u1ea7n c\u00e1c h\u00f3a ch\u1ea5t ho\u1eb7c nh\u1eefng n\u01a1i c\u00f3 m\u00f9i m\u1ea1nh.<\/li>\n<li data-sourcepos=\"44:1-45:0\">S\u1eed d\u1ee5ng s\u1ea3n ph\u1ea9m tr\u01b0\u1edbc h\u1ea1n s\u1eed d\u1ee5ng in tr\u00ean bao b\u00ec.<\/li>\n<\/ul>\n<p data-sourcepos=\"46:1-46:262\">Caf\u00e9 S\u1eefa Loving Thu\u1ea7n Chay l\u00e0 l\u1ef1a ch\u1ecdn tuy\u1ec7t v\u1eddi cho nh\u1eefng ai y\u00eau th\u00edch c\u00e0 ph\u00ea s\u1eefa v\u00e0 mong mu\u1ed1n m\u1ed9t s\u1ea3n ph\u1ea9m ti\u1ec7n l\u1ee3i, th\u01a1m ngon v\u00e0 ho\u00e0n to\u00e0n t\u1eeb th\u1ef1c v\u1eadt. H\u00e3y \u0111\u1ec3 Caf\u00e9 S\u1eefa Loving Thu\u1ea7n Chay \u0111\u1ed3ng h\u00e0nh c\u00f9ng b\u1ea1n trong nh\u1eefng kho\u1ea3nh kh\u1eafc c\u1ea7n n\u0103ng l\u01b0\u1ee3ng v\u00e0 s\u1ef1 t\u1ec9nh t\u00e1o. S\u1ea3n ph\u1ea9m nay \u0111\u00e3 c\u00f3 m\u1eb7t t\u1ea1i Havamall !<\/p>","protected":false},"excerpt":{"rendered":"<p>Loving Vegan Food\u00a0l\u00e0 th\u01b0\u01a1ng hi\u1ec7u th\u1ef1c ph\u1ea9m thu\u1ea7n chay uy t\u00edn h\u00e0ng \u0111\u1ea7u t\u1ea1i Vi\u1ec7t Nam, \u0111\u01b0\u1ee3c s\u00e1ng l\u1eadp b\u1edfi<\/p>","protected":false},"featured_media":38398,"comment_status":"open","ping_status":"closed","template":"","meta":[],"product_brand":[],"product_cat":[496],"product_tag":[],"class_list":{"0":"post-38397","1":"product","2":"type-product","3":"status-publish","4":"has-post-thumbnail","6":"product_cat-thuc-pham-thuan-chay","7":"pa_brand-loving-vegan-food","9":"first","10":"outofstock","11":"sale","12":"shipping-taxable","13":"purchasable","14":"product-type-simple"},"_links":{"self":[{"href":"https:\/\/havamall.vn\/en\/wp-json\/wp\/v2\/product\/38397"}],"collection":[{"href":"https:\/\/havamall.vn\/en\/wp-json\/wp\/v2\/product"}],"about":[{"href":"https:\/\/havamall.vn\/en\/wp-json\/wp\/v2\/types\/product"}],"replies":[{"embeddable":true,"href":"https:\/\/havamall.vn\/en\/wp-json\/wp\/v2\/comments?post=38397"}],"version-history":[{"count":0,"href":"https:\/\/havamall.vn\/en\/wp-json\/wp\/v2\/product\/38397\/revisions"}],"wp:featuredmedia":[{"embeddable":true,"href":"https:\/\/havamall.vn\/en\/wp-json\/wp\/v2\/media\/38398"}],"wp:attachment":[{"href":"https:\/\/havamall.vn\/en\/wp-json\/wp\/v2\/media?parent=38397"}],"wp:term":[{"taxonomy":"product_brand","embeddable":true,"href":"https:\/\/havamall.vn\/en\/wp-json\/wp\/v2\/product_brand?post=38397"},{"taxonomy":"product_cat","embeddable":true,"href":"https:\/\/havamall.vn\/en\/wp-json\/wp\/v2\/product_cat?post=38397"},{"taxonomy":"product_tag","embeddable":true,"href":"https:\/\/havamall.vn\/en\/wp-json\/wp\/v2\/product_tag?post=38397"}],"curies":[{"name":"wp","href":"https:\/\/api.w.org\/{rel}","templated":true}]}}