{"id":38394,"date":"2025-05-10T11:41:00","date_gmt":"2025-05-10T04:41:00","guid":{"rendered":"https:\/\/havamall.vn\/?post_type=product&#038;p=38394"},"modified":"2025-11-22T16:08:43","modified_gmt":"2025-11-22T09:08:43","slug":"bot-ngu-coc-dong-trung-ha-thao-tao-do-thien-quoc-bao-thuan-chay-200g","status":"publish","type":"product","link":"https:\/\/havamall.vn\/en\/shop\/bot-ngu-coc-dong-trung-ha-thao-tao-do-thien-quoc-bao-thuan-chay-200g\/","title":{"rendered":"B\u1ed9t Ng\u0169 C\u1ed1c \u0110\u00f4ng Tr\u00f9ng H\u1ea1 Th\u1ea3o T\u00e1o \u0110\u1ecf Thi\u00ean Qu\u1ed1c B\u1ea3o Thu\u1ea7n Chay 200g"},"content":{"rendered":"<p data-sourcepos=\"11:1-11:562\"><strong>Thi\u00ean Qu\u1ed1c B\u1ea3o<\/strong>\u00a0l\u00e0 m\u1ed9t th\u01b0\u01a1ng hi\u1ec7u uy t\u00edn thu\u1ed9c\u00a0<strong>Loving Vegan Food<\/strong>, \u0111\u01a1n v\u1ecb ti\u00ean phong trong l\u0129nh v\u1ef1c th\u1ef1c ph\u1ea9m thu\u1ea7n chay t\u1ea1i Vi\u1ec7t Nam. V\u1edbi s\u1ee9 m\u1ec7nh mang \u0111\u1ebfn nh\u1eefng s\u1ea3n ph\u1ea9m \u0111\u1ea1t chu\u1ea9n\u00a0<strong>\u201cXanh \u2013 S\u1ea1ch \u2013 Thu\u1ea7n Chay\u201d<\/strong>, Loving Vegan Food v\u00e0 c\u00e1c th\u01b0\u01a1ng hi\u1ec7u th\u00e0nh vi\u00ean nh\u01b0 Thi\u00ean Qu\u1ed1c B\u1ea3o lu\u00f4n ch\u00fa tr\u1ecdng v\u00e0o vi\u1ec7c ch\u1ecdn l\u1ecdc nguy\u00ean li\u1ec7u 100% t\u1eeb th\u1ef1c v\u1eadt, \u0111\u1ea3m b\u1ea3o \u0111\u1ed9 tinh khi\u1ebft, an to\u00e0n v\u00e0 dinh d\u01b0\u1ee1ng. Thi\u00ean Qu\u1ed1c B\u1ea3o kh\u00f4ng ch\u1ec9 cung c\u1ea5p gia v\u1ecb hay th\u1ef1c ph\u1ea9m ti\u1ec7n l\u1ee3i m\u00e0 c\u00f2n ph\u00e1t tri\u1ec3n c\u00e1c s\u1ea3n ph\u1ea9m ch\u0103m s\u00f3c s\u1ee9c kh\u1ecfe t\u1eeb th\u1ef1c v\u1eadt, trong \u0111\u00f3 c\u00f3 d\u00f2ng b\u1ed9t ng\u0169 c\u1ed1c dinh d\u01b0\u1ee1ng.<\/p>\n<h3 data-sourcepos=\"13:1-13:83\"><img fetchpriority=\"high\" decoding=\"async\" class=\"aligncenter\" src=\"https:\/\/scontent.fsgn19-1.fna.fbcdn.net\/v\/t39.30808-6\/470192738_122173680680116839_4420013191754137974_n.jpg?_nc_cat=102&amp;ccb=1-7&amp;_nc_sid=127cfc&amp;_nc_ohc=kKn3VJVZgxIQ7kNvwFP5d9N&amp;_nc_oc=AdkJ640987e_ZakTJxdvXumrqyTpS5wIVNCXG1Md9s-RsV50XJGpL9J3yvthJQmp9ROCKMNB1nbeCRGGwiRjv0Tk&amp;_nc_zt=23&amp;_nc_ht=scontent.fsgn19-1.fna&amp;_nc_gid=7bpZgBGarMo75lMiLLjIQg&amp;oh=00_AfJOpwxG_5XDvAVvVauOfdfICYEdc9D0C3PX-DfFw-bV5w&amp;oe=68237C81\" alt=\"Kh\u00f4ng c\u00f3 m\u00f4 t\u1ea3 \u1ea3nh.\" width=\"872\" height=\"872\" \/><\/h3>\n<p>Trong xu h\u01b0\u1edbng t\u00ecm ki\u1ebfm nh\u1eefng ngu\u1ed3n dinh d\u01b0\u1ee1ng d\u1ed3i d\u00e0o v\u00e0 l\u00e0nh m\u1ea1nh t\u1eeb th\u1ef1c v\u1eadt, c\u00e1c s\u1ea3n ph\u1ea9m ng\u0169 c\u1ed1c ng\u00e0y c\u00e0ng \u0111\u01b0\u1ee3c \u01b0a chu\u1ed9ng. \u0110\u1eb7c bi\u1ec7t, nh\u1eefng lo\u1ea1i ng\u0169 c\u1ed1c k\u1ebft h\u1ee3p v\u1edbi c\u00e1c nguy\u00ean li\u1ec7u qu\u00fd nh\u01b0 \u0110\u00f4ng Tr\u00f9ng H\u1ea1 Th\u1ea3o v\u00e0 T\u00e1o \u0110\u1ecf mang l\u1ea1i nh\u1eefng l\u1ee3i \u00edch v\u01b0\u1ee3t tr\u1ed9i cho s\u1ee9c kh\u1ecfe.\u00a0<strong>B\u1ed9t Ng\u0169 C\u1ed1c \u0110\u00f4ng Tr\u00f9ng H\u1ea1 Th\u1ea3o T\u00e1o \u0110\u1ecf Thi\u00ean Qu\u1ed1c B\u1ea3o Thu\u1ea7n Chay\u00a0<\/strong>\u00a0l\u00e0 s\u1ea3n ph\u1ea9m mang \u0111\u1ebfn m\u1ed9t ngu\u1ed3n n\u0103ng l\u01b0\u1ee3ng s\u1ea1ch v\u00e0 c\u00e1c d\u01b0\u1ee1ng ch\u1ea5t qu\u00fd gi\u00e1 t\u1eeb c\u00e1c th\u00e0nh ph\u1ea7n t\u1ef1 nhi\u00ean. Kh\u1ed1i l\u01b0\u1ee3ng t\u1ecbnh c\u1ee7a s\u1ea3n ph\u1ea9m l\u00e0 200g, \u0111\u01b0\u1ee3c \u0111\u00f3ng g\u00f3i trong h\u0169 ti\u1ec7n l\u1ee3i.<\/p>\n<p><img decoding=\"async\" class=\"aligncenter\" src=\"https:\/\/scontent.fsgn19-1.fna.fbcdn.net\/v\/t39.30808-6\/486287304_640607712238262_9120526875436228866_n.jpg?_nc_cat=103&amp;ccb=1-7&amp;_nc_sid=f727a1&amp;_nc_ohc=ittmx7Su8WwQ7kNvwE3036F&amp;_nc_oc=AdmGYSYb6TkAmd1i_4ryuj-XaD5UbGMukl8JRUXc6KruEKyBFSOswSFyg-RUA_Q98RtFjQg0PfJDL2BXfamJjwZ5&amp;_nc_zt=23&amp;_nc_ht=scontent.fsgn19-1.fna&amp;_nc_gid=XkGNnWTkajGQFYDswwenqw&amp;oh=00_AfKOs_5fPCyZj_YloCoMFfnmmUuf1Mw260TTmdirnUhw-g&amp;oe=68237FF2\" alt=\"C\u00f3 th\u1ec3 l\u00e0 h\u00ecnh \u1ea3nh v\u1ec1 \u0111\u1eadu ph\u1ee5 v\u00e0 v\u0103n b\u1ea3n\" width=\"885\" height=\"885\" \/><\/p>\n<p><strong>\u0110\u1eb6C \u0110I\u1ec2M N\u1ed4I B\u1eacT<\/strong><\/p>\n<ul data-sourcepos=\"21:1-27:0\">\n<li data-sourcepos=\"21:1-21:166\"><strong>Thu\u1ea7n chay 100%:<\/strong>\u00a0S\u1ea3n ph\u1ea9m \u0111\u01b0\u1ee3c l\u00e0m ho\u00e0n to\u00e0n t\u1eeb th\u1ef1c v\u1eadt, ph\u00f9 h\u1ee3p v\u1edbi ng\u01b0\u1eddi \u0103n chay, thu\u1ea7n chay v\u00e0 c\u1ea3 nh\u1eefng ng\u01b0\u1eddi mu\u1ed1n b\u1ed5 sung dinh d\u01b0\u1ee1ng t\u1eeb ngu\u1ed3n g\u1ed1c t\u1ef1 nhi\u00ean.<\/li>\n<li data-sourcepos=\"22:1-22:281\"><strong>K\u1ebft h\u1ee3p \u0110\u00f4ng Tr\u00f9ng H\u1ea1 Th\u1ea3o v\u00e0 T\u00e1o \u0110\u1ecf:<\/strong>\u00a0\u0110\u00e2y l\u00e0 \u0111i\u1ec3m nh\u1ea5n \u0111\u1eb7c bi\u1ec7t. \u0110\u00f4ng Tr\u00f9ng H\u1ea1 Th\u1ea3o v\u00e0 T\u00e1o \u0110\u1ecf \u0111\u1ec1u l\u00e0 nh\u1eefng nguy\u00ean li\u1ec7u n\u1ed5i ti\u1ebfng v\u1edbi nhi\u1ec1u l\u1ee3i \u00edch cho s\u1ee9c kh\u1ecfe theo y h\u1ecdc c\u1ed5 truy\u1ec1n v\u00e0 nghi\u00ean c\u1ee9u hi\u1ec7n \u0111\u1ea1i, gi\u00fap b\u1ed3i b\u1ed5 c\u01a1 th\u1ec3, t\u0103ng c\u01b0\u1eddng n\u0103ng l\u01b0\u1ee3ng v\u00e0 h\u1ed7 tr\u1ee3 s\u1ee9c kh\u1ecfe t\u1ed5ng th\u1ec3.<\/li>\n<\/ul>\n<p><img decoding=\"async\" class=\"aligncenter\" src=\"https:\/\/havamall.com\/wp-content\/uploads\/2025\/05\/thumb1-1200x676.jpg\" alt=\"Quy tr\u00ecnh nu\u00f4i c\u1ea5y \u0111\u00f4ng tr\u00f9ng h\u1ea1 th\u1ea3o mang l\u1ea1i hi\u1ec7u qu\u1ea3 kinh t\u1ebf cao | B\u00e1o D\u00e2n t\u1ed9c v\u00e0 Ph\u00e1t tri\u1ec3n\" width=\"888\" height=\"500\" \/><\/p>\n<ul data-sourcepos=\"21:1-27:0\">\n<li data-sourcepos=\"23:1-23:228\"><strong>V\u1ecb ng\u1ecdt t\u1ef1 nhi\u00ean:<\/strong>\u00a0S\u1ea3n ph\u1ea9m c\u00f3 v\u1ecb ng\u1ecdt thanh t\u1eeb c\u00e1c th\u00e0nh ph\u1ea7n t\u1ef1 nhi\u00ean, kh\u00f4ng s\u1eed d\u1ee5ng \u0111\u01b0\u1eddng tinh luy\u1ec7n ho\u1eb7c ch\u1ea5t t\u1ea1o ng\u1ecdt nh\u00e2n t\u1ea1o m\u1ed9t c\u00e1ch qu\u00e1 m\u1ee9c, ph\u00f9 h\u1ee3p v\u1edbi xu h\u01b0\u1edbng \u0103n l\u00e0nh m\u1ea1nh.<\/li>\n<li data-sourcepos=\"24:1-24:172\"><strong>Gi\u00e0u dinh d\u01b0\u1ee1ng:<\/strong>\u00a0Cung c\u1ea5p ngu\u1ed3n carbohydrate ph\u1ee9c t\u1ea1p, ch\u1ea5t x\u01a1, protein t\u1eeb c\u00e1c lo\u1ea1i ng\u0169 c\u1ed1c, c\u00f9ng c\u00e1c vitamin v\u00e0 kho\u00e1ng ch\u1ea5t t\u1ef1 nhi\u00ean t\u1eeb \u0110\u00f4ng Tr\u00f9ng H\u1ea1 Th\u1ea3o v\u00e0 T\u00e1o \u0110\u1ecf.<\/li>\n<li data-sourcepos=\"25:1-25:199\"><strong>Ti\u1ec7n l\u1ee3i v\u00e0 d\u1ec5 s\u1eed d\u1ee5ng:<\/strong>\u00a0Ch\u1ec9 c\u1ea7n pha v\u1edbi n\u01b0\u1edbc n\u00f3ng l\u00e0 c\u00f3 ngay m\u1ed9t ly ng\u0169 c\u1ed1c th\u01a1m ngon, n\u00f3ng h\u1ed5i, r\u1ea5t nhanh g\u1ecdn cho b\u1eefa s\u00e1ng ho\u1eb7c b\u1eefa ph\u1ee5. Ch\u1ea5t b\u1ed9t m\u1ecbn c\u0169ng r\u1ea5t ph\u00f9 h\u1ee3p cho ng\u01b0\u1eddi gi\u00e0 v\u00e0 tr\u1ebb nh\u1ecf.<\/li>\n<li data-sourcepos=\"26:1-27:0\"><strong>An to\u00e0n, l\u00e0nh t\u00ednh:<\/strong>\u00a0S\u1ea3n ph\u1ea9m tu\u00e2n th\u1ee7 ti\u00eau ch\u00ed \u201cS\u1ea1ch\u201d c\u1ee7a Loving Vegan Food, h\u1ea1n ch\u1ebf c\u00e1c ch\u1ea5t ph\u1ee5 gia \u0111\u1ed9c h\u1ea1i.<\/li>\n<\/ul>\n<p><img loading=\"lazy\" decoding=\"async\" class=\"aligncenter\" src=\"https:\/\/havamall.com\/wp-content\/uploads\/2025\/05\/taodo_blog_1100x.jpg\" alt=\"T\u00e1c d\u1ee5ng c\u1ee7a t\u00e1o \u0111\u1ecf b\u1ea1n n\u00ean bi\u1ebft khi \u0103n \u2013 Shinnara\" width=\"887\" height=\"591\" \/><\/p>\n<p data-sourcepos=\"30:1-30:96\"><strong>H\u01af\u1edaNG D\u1eaaN S\u1eec D\u1ee4NG<\/strong><\/p>\n<ul data-sourcepos=\"32:1-37:0\">\n<li data-sourcepos=\"32:1-32:101\"><strong>B\u1eefa s\u00e1ng nhanh ch\u00f3ng v\u00e0 b\u1ed5 d\u01b0\u1ee1ng:<\/strong>\u00a0Cung c\u1ea5p n\u0103ng l\u01b0\u1ee3ng d\u1ed3i d\u00e0o \u0111\u1ec3 b\u1eaft \u0111\u1ea7u m\u1ed9t ng\u00e0y m\u1edbi hi\u1ec7u qu\u1ea3.<\/li>\n<li data-sourcepos=\"33:1-33:146\"><strong>B\u1eefa ph\u1ee5 l\u00e0nh m\u1ea1nh:<\/strong>\u00a0L\u00e0 l\u1ef1a ch\u1ecdn tuy\u1ec7t v\u1eddi cho nh\u1eefng l\u00fac c\u1ea3m th\u1ea5y \u0111\u00f3i gi\u1eefa bu\u1ed5i, gi\u00fap b\u1ed5 sung n\u0103ng l\u01b0\u1ee3ng m\u00e0 kh\u00f4ng n\u1ea1p v\u00e0o qu\u00e1 nhi\u1ec1u calo r\u1ed7ng.<\/li>\n<\/ul>\n<p><img loading=\"lazy\" decoding=\"async\" class=\"aligncenter\" src=\"https:\/\/havamall.com\/wp-content\/uploads\/2025\/05\/il_fullxfull.5365079499_49yf.jpg\" alt=\"Ginkgo Leaves Mug - Floral Rustic Handmade Pottery - Etsy UK\" width=\"887\" height=\"887\" \/><\/p>\n<ul data-sourcepos=\"32:1-37:0\">\n<li data-sourcepos=\"34:1-34:177\"><strong>H\u1ed7 tr\u1ee3 b\u1ed3i b\u1ed5 s\u1ee9c kh\u1ecfe:<\/strong>\u00a0\u0110\u1eb7c bi\u1ec7t ph\u00f9 h\u1ee3p v\u1edbi ng\u01b0\u1eddi gi\u00e0, ng\u01b0\u1eddi m\u1edbi \u1ed1m d\u1eady, ng\u01b0\u1eddi suy nh\u01b0\u1ee3c c\u01a1 th\u1ec3 ho\u1eb7c nh\u1eefng ng\u01b0\u1eddi l\u00e0m vi\u1ec7c c\u0103ng th\u1eb3ng c\u1ea7n b\u1ed5 sung n\u0103ng l\u01b0\u1ee3ng v\u00e0 d\u01b0\u1ee1ng ch\u1ea5t.<\/li>\n<li data-sourcepos=\"35:1-35:106\"><strong>Dinh d\u01b0\u1ee1ng cho ng\u01b0\u1eddi \u0103n chay:<\/strong>\u00a0Cung c\u1ea5p \u0111\u1ea7y \u0111\u1ee7 c\u00e1c nh\u00f3m ch\u1ea5t c\u1ea7n thi\u1ebft t\u1eeb th\u1ef1c v\u1eadt m\u1ed9t c\u00e1ch ti\u1ec7n l\u1ee3i.<\/li>\n<li data-sourcepos=\"36:1-37:0\"><strong>Th\u1ee9c u\u1ed1ng n\u00f3ng th\u01b0 gi\u00e3n:<\/strong>\u00a0V\u1ecb ng\u1ecdt t\u1ef1 nhi\u00ean c\u00f9ng h\u01b0\u01a1ng th\u01a1m nh\u1eb9 nh\u00e0ng c\u00f3 th\u1ec3 gi\u00fap b\u1ea1n c\u1ea3m th\u1ea5y th\u01b0 th\u00e1i.<\/li>\n<\/ul>\n<p><img loading=\"lazy\" decoding=\"async\" class=\"aligncenter\" src=\"https:\/\/havamall.com\/wp-content\/uploads\/2025\/05\/LCC_Pouring_01_465e4afd-7174-4298-814e-8cb09f4eb62b_2048x.jpg\" alt=\"Ceremonial Cacao Starter Pack | Soma Cacao \u2013 Soma Cacao Australia\" width=\"896\" height=\"896\" \/><\/p>\n<h3 data-sourcepos=\"38:1-38:17\">C\u00e1ch b\u1ea3o qu\u1ea3n<\/h3>\n<ul data-sourcepos=\"42:1-47:0\">\n<li data-sourcepos=\"42:1-42:46\">B\u1ea3o qu\u1ea3n s\u1ea3n ph\u1ea9m \u1edf n\u01a1i kh\u00f4 r\u00e1o, tho\u00e1ng m\u00e1t.<\/li>\n<li data-sourcepos=\"43:1-43:86\">Tr\u00e1nh \u0111\u1ec3 s\u1ea3n ph\u1ea9m ti\u1ebfp x\u00fac tr\u1ef1c ti\u1ebfp v\u1edbi \u00e1nh n\u1eafng m\u1eb7t tr\u1eddi ho\u1eb7c n\u01a1i c\u00f3 nhi\u1ec7t \u0111\u1ed9 cao.<\/li>\n<li data-sourcepos=\"44:1-44:71\">\u0110\u1eady k\u00edn n\u1eafp h\u0169 ngay sau m\u1ed7i l\u1ea7n s\u1eed d\u1ee5ng \u0111\u1ec3 tr\u00e1nh \u1ea9m m\u1ed1c v\u00e0 c\u00f4n tr\u00f9ng.<\/li>\n<li data-sourcepos=\"45:1-45:64\">Tr\u00e1nh \u0111\u1ec3 s\u1ea3n ph\u1ea9m g\u1ea7n c\u00e1c h\u00f3a ch\u1ea5t ho\u1eb7c nh\u1eefng n\u01a1i c\u00f3 m\u00f9i m\u1ea1nh.<\/li>\n<li data-sourcepos=\"46:1-47:0\">S\u1eed d\u1ee5ng s\u1ea3n ph\u1ea9m tr\u01b0\u1edbc h\u1ea1n s\u1eed d\u1ee5ng in tr\u00ean bao b\u00ec (th\u01b0\u1eddng l\u00e0 18 th\u00e1ng).<\/li>\n<\/ul>\n<p data-sourcepos=\"48:1-48:278\">B\u1ed9t Ng\u0169 C\u1ed1c \u0110\u00f4ng Tr\u00f9ng H\u1ea1 Th\u1ea3o T\u00e1o \u0110\u1ecf Thi\u00ean Qu\u1ed1c B\u1ea3o Thu\u1ea7n Chay kh\u00f4ng ch\u1ec9 l\u00e0 m\u1ed9t s\u1ea3n ph\u1ea9m ng\u0169 c\u1ed1c th\u00f4ng th\u01b0\u1eddng, m\u00e0 c\u00f2n l\u00e0 ngu\u1ed3n dinh d\u01b0\u1ee1ng qu\u00fd gi\u00e1 t\u1eeb thi\u00ean nhi\u00ean, mang \u0111\u1ebfn n\u0103ng l\u01b0\u1ee3ng s\u1ea1ch v\u00e0 h\u1ed7 tr\u1ee3 s\u1ee9c kh\u1ecfe cho c\u1ea3 gia \u0111\u00ecnh, \u0111\u1eb7c bi\u1ec7t ph\u00f9 h\u1ee3p v\u1edbi l\u1ed1i s\u1ed1ng thu\u1ea7n chay v\u00e0 l\u00e0nh m\u1ea1nh. S\u1ea3n ph\u1ea9m nay \u0111\u00e3 c\u00f3 m\u1eb7t t\u1ea1i Havamall !<\/p>","protected":false},"excerpt":{"rendered":"<p>Thi\u00ean Qu\u1ed1c B\u1ea3o\u00a0l\u00e0 m\u1ed9t th\u01b0\u01a1ng hi\u1ec7u uy t\u00edn thu\u1ed9c\u00a0Loving Vegan Food, \u0111\u01a1n v\u1ecb ti\u00ean phong trong l\u0129nh v\u1ef1c th\u1ef1c ph\u1ea9m<\/p>","protected":false},"featured_media":38395,"comment_status":"open","ping_status":"closed","template":"","meta":[],"product_brand":[],"product_cat":[496],"product_tag":[],"class_list":{"0":"post-38394","1":"product","2":"type-product","3":"status-publish","4":"has-post-thumbnail","6":"product_cat-thuc-pham-thuan-chay","7":"pa_brand-loving-vegan-food","9":"first","10":"outofstock","11":"sale","12":"shipping-taxable","13":"purchasable","14":"product-type-simple"},"_links":{"self":[{"href":"https:\/\/havamall.vn\/en\/wp-json\/wp\/v2\/product\/38394"}],"collection":[{"href":"https:\/\/havamall.vn\/en\/wp-json\/wp\/v2\/product"}],"about":[{"href":"https:\/\/havamall.vn\/en\/wp-json\/wp\/v2\/types\/product"}],"replies":[{"embeddable":true,"href":"https:\/\/havamall.vn\/en\/wp-json\/wp\/v2\/comments?post=38394"}],"version-history":[{"count":0,"href":"https:\/\/havamall.vn\/en\/wp-json\/wp\/v2\/product\/38394\/revisions"}],"wp:featuredmedia":[{"embeddable":true,"href":"https:\/\/havamall.vn\/en\/wp-json\/wp\/v2\/media\/38395"}],"wp:attachment":[{"href":"https:\/\/havamall.vn\/en\/wp-json\/wp\/v2\/media?parent=38394"}],"wp:term":[{"taxonomy":"product_brand","embeddable":true,"href":"https:\/\/havamall.vn\/en\/wp-json\/wp\/v2\/product_brand?post=38394"},{"taxonomy":"product_cat","embeddable":true,"href":"https:\/\/havamall.vn\/en\/wp-json\/wp\/v2\/product_cat?post=38394"},{"taxonomy":"product_tag","embeddable":true,"href":"https:\/\/havamall.vn\/en\/wp-json\/wp\/v2\/product_tag?post=38394"}],"curies":[{"name":"wp","href":"https:\/\/api.w.org\/{rel}","templated":true}]}}