{"id":38391,"date":"2025-05-10T11:37:55","date_gmt":"2025-05-10T04:37:55","guid":{"rendered":"https:\/\/havamall.vn\/?post_type=product&#038;p=38391"},"modified":"2025-08-18T17:09:21","modified_gmt":"2025-08-18T10:09:21","slug":"bot-nem-nam-thuan-chay-thien-quoc-bao-500g-mushroom-seasoning","status":"publish","type":"product","link":"https:\/\/havamall.vn\/en\/shop\/bot-nem-nam-thuan-chay-thien-quoc-bao-500g-mushroom-seasoning\/","title":{"rendered":"B\u1ed9t N\u00eam N\u1ea5m Thu\u1ea7n Chay Thi\u00ean Qu\u1ed1c B\u1ea3o 500G \u2013 Mushroom Seasoning"},"content":{"rendered":"<p data-sourcepos=\"11:1-11:524\"><strong>Thi\u00ean Qu\u1ed1c B\u1ea3o<\/strong>\u00a0l\u00e0 m\u1ed9t th\u01b0\u01a1ng hi\u1ec7u uy t\u00edn n\u1eb1m trong h\u1ec7 sinh th\u00e1i c\u1ee7a\u00a0<strong>Loving Vegan Food<\/strong>, doanh nghi\u1ec7p th\u1ef1c ph\u1ea9m thu\u1ea7n chay h\u00e0ng \u0111\u1ea7u t\u1ea1i Vi\u1ec7t Nam. K\u1ebf th\u1eeba tri\u1ebft l\u00fd\u00a0<strong>\u201cXanh \u2013 S\u1ea1ch \u2013 Thu\u1ea7n Chay\u201d<\/strong>\u00a0t\u1eeb c\u00f4ng ty m\u1eb9, Thi\u00ean Qu\u1ed1c B\u1ea3o chuy\u00ean t\u00e2m nghi\u00ean c\u1ee9u v\u00e0 ph\u00e1t tri\u1ec3n c\u00e1c d\u00f2ng s\u1ea3n ph\u1ea9m gia v\u1ecb v\u00e0 th\u1ef1c ph\u1ea9m ti\u1ec7n l\u1ee3i c\u00f3 ngu\u1ed3n g\u1ed1c 100% t\u1eeb th\u1ef1c v\u1eadt. Th\u01b0\u01a1ng hi\u1ec7u h\u01b0\u1edbng \u0111\u1ebfn vi\u1ec7c cung c\u1ea5p nh\u1eefng gi\u1ea3i ph\u00e1p n\u00eam n\u1ebfm an to\u00e0n, dinh d\u01b0\u1ee1ng v\u00e0 ti\u1ec7n l\u1ee3i cho ng\u01b0\u1eddi ti\u00eau d\u00f9ng, \u0111\u1eb7c bi\u1ec7t l\u00e0 c\u1ed9ng \u0111\u1ed3ng \u0103n chay v\u00e0 nh\u1eefng ng\u01b0\u1eddi quan t\u00e2m \u0111\u1ebfn s\u1ee9c kh\u1ecfe.<\/p>\n<h3 data-sourcepos=\"13:1-13:57\"><img fetchpriority=\"high\" decoding=\"async\" class=\"aligncenter\" src=\"https:\/\/scontent.fsgn19-1.fna.fbcdn.net\/v\/t39.30808-6\/487931322_980093134328270_3658430612679117832_n.jpg?_nc_cat=110&amp;ccb=1-7&amp;_nc_sid=127cfc&amp;_nc_ohc=VCtxCvVPkg8Q7kNvwFJX-ce&amp;_nc_oc=Adn_8TSpwPYoLZIicmy3grRTGjrTEN4i7xy4Ppsq_xlW1RbprSIz5Am-yWXttJnM4V0aV3lyPQQZAQXvkSmNgN4e&amp;_nc_zt=23&amp;_nc_ht=scontent.fsgn19-1.fna&amp;_nc_gid=kygHe04w6Mn9l4UgJcOuTg&amp;oh=00_AfIg5G20bxyKEmEOs5v9fUHqhbQinVT2eyAkAHp2FmHpew&amp;oe=68238F50\" alt=\"Kh\u00f4ng c\u00f3 m\u00f4 t\u1ea3 \u1ea3nh.\" width=\"920\" height=\"920\" \/><\/h3>\n<p data-sourcepos=\"15:1-15:430\">B\u1ed9t N\u00eam N\u1ea5m Thi\u00ean Qu\u1ed1c B\u1ea3o Thu\u1ea7n Chay l\u00e0 m\u1ed9t lo\u1ea1i gia v\u1ecb n\u00eam n\u1ebfm d\u1ea1ng b\u1ed9t, \u0111\u01b0\u1ee3c t\u1ea1o n\u00ean t\u1eeb nh\u1eefng nguy\u00ean li\u1ec7u th\u1ef1c v\u1eadt ch\u1ecdn l\u1ecdc, v\u1edbi h\u01b0\u01a1ng v\u1ecb \u0111\u1eb7c tr\u01b0ng l\u00e0 v\u1ecb ng\u1ecdt umami t\u1eeb n\u1ea5m. S\u1ea3n ph\u1ea9m n\u00e0y \u0111\u01b0\u1ee3c \u0111\u1ecbnh v\u1ecb l\u00e0 gia v\u1ecb \u201cthu\u1ea7n chay\u201d, \u201cv\u1ecb n\u1ea5m t\u1ef1 nhi\u00ean\u201d, \u201cngon tinh khi\u1ebft\u201d, \u201cng\u1ecdt t\u1eeb t\u00e2m\u201d, ph\u1ea3n \u00e1nh cam k\u1ebft v\u1ec1 s\u1ef1 t\u1ef1 nhi\u00ean v\u00e0 ch\u1ea5t l\u01b0\u1ee3ng. B\u1ed9t n\u00eam n\u1ea5m Thi\u00ean Qu\u1ed1c B\u1ea3o l\u00e0 l\u1ef1a ch\u1ecdn thay th\u1ebf l\u00e0nh m\u1ea1nh cho c\u00e1c lo\u1ea1i h\u1ea1t n\u00eam v\u00e0 b\u1ed9t ng\u1ecdt th\u00f4ng th\u01b0\u1eddng.<\/p>\n<h3 data-sourcepos=\"17:1-17:19\">\u0110\u1eb6C \u0110I\u1ec2M N\u1ed4I B\u1eacT<\/h3>\n<ul data-sourcepos=\"21:1-27:0\">\n<li data-sourcepos=\"21:1-21:111\"><strong>Thu\u1ea7n chay 100%:<\/strong>\u00a0\u0110\u1ea3m b\u1ea3o ho\u00e0n to\u00e0n kh\u00f4ng ch\u1ee9a c\u00e1c th\u00e0nh ph\u1ea7n t\u1eeb \u0111\u1ed9ng v\u1eadt, ph\u00f9 h\u1ee3p v\u1edbi m\u1ecdi c\u1ea5p \u0111\u1ed9 \u0103n chay.<\/li>\n<li data-sourcepos=\"22:1-22:182\"><strong>V\u1ecb n\u1ea5m t\u1ef1 nhi\u00ean, ng\u1ecdt thanh:<\/strong>\u00a0H\u01b0\u01a1ng v\u1ecb \u0111\u1eb7c tr\u01b0ng t\u1eeb n\u1ea5m (nh\u01b0 n\u1ea5m h\u01b0\u01a1ng) mang l\u1ea1i v\u1ecb ng\u1ecdt umami t\u1ef1 nhi\u00ean, s\u00e2u l\u1eafng cho m\u00f3n \u0103n, kh\u00e1c bi\u1ec7t v\u1edbi v\u1ecb ng\u1ecdt g\u1eaft c\u1ee7a b\u1ed9t ng\u1ecdt c\u00f4ng nghi\u1ec7p.<\/li>\n<li data-sourcepos=\"23:1-23:227\"><strong>\u201cNgon tinh khi\u1ebft, Ng\u1ecdt t\u1eeb t\u00e2m\u201d:<\/strong>\u00a0C\u00e2u slogan n\u00e0y nh\u1ea5n m\u1ea1nh v\u00e0o ngu\u1ed3n g\u1ed1c t\u1ef1 nhi\u00ean, s\u1ef1 tinh khi\u1ebft c\u1ee7a nguy\u00ean li\u1ec7u v\u00e0 v\u1ecb ng\u1ecdt thanh \u0111\u1ebfn t\u1eeb c\u00e1c th\u00e0nh ph\u1ea7n th\u1ef1c v\u1eadt, kh\u00f4ng s\u1eed d\u1ee5ng c\u00e1c ch\u1ea5t t\u1ea1o ng\u1ecdt hay ph\u1ee5 gia t\u1ed5ng h\u1ee3p \u0111\u1ed9c h\u1ea1i.<\/li>\n<\/ul>\n<p><img decoding=\"async\" class=\"aligncenter\" src=\"https:\/\/scontent.fsgn19-1.fna.fbcdn.net\/v\/t39.30808-6\/488201969_979311814406402_2151961684747960219_n.jpg?_nc_cat=109&amp;ccb=1-7&amp;_nc_sid=833d8c&amp;_nc_ohc=DcAuK0Ughh4Q7kNvwEJzK5j&amp;_nc_oc=AdnzerHoBPlRK2XtLunf4rnq21rX5DWFq0enApT_7V5WMzVCZV7kdiUT5hXoUVMV2O8A6-g9o2o1Ktlci80G5mPM&amp;_nc_zt=23&amp;_nc_ht=scontent.fsgn19-1.fna&amp;_nc_gid=AlXmxvWnzlvvCdpfSiiWLw&amp;oh=00_AfLSyMOAqCmEXmSknvew-y-1veTst_Ph3gDRKX-QKlDO_g&amp;oe=68239FFE\" alt=\"Kh\u00f4ng c\u00f3 m\u00f4 t\u1ea3 \u1ea3nh.\" width=\"929\" height=\"525\" \/><\/p>\n<ul data-sourcepos=\"21:1-27:0\">\n<li data-sourcepos=\"24:1-24:155\"><strong>Kh\u00f4ng b\u1ed9t ng\u1ecdt (MSG) c\u00f4ng nghi\u1ec7p:<\/strong>\u00a0S\u1ea3n ph\u1ea9m tu\u00e2n th\u1ee7 ti\u00eau ch\u00ed \u201cS\u1ea1ch\u201d, h\u1ea1n ch\u1ebf t\u1ed1i \u0111a vi\u1ec7c s\u1eed d\u1ee5ng c\u00e1c ch\u1ea5t \u0111i\u1ec1u v\u1ecb t\u1ed5ng h\u1ee3p, an to\u00e0n h\u01a1n cho s\u1ee9c kh\u1ecfe.<\/li>\n<li data-sourcepos=\"25:1-25:94\"><strong>B\u1ed5 sung dinh d\u01b0\u1ee1ng:<\/strong>\u00a0Ch\u1ee9a c\u00e1c d\u01b0\u1ee1ng ch\u1ea5t t\u1ef1 nhi\u00ean t\u1eeb n\u1ea5m v\u00e0 c\u00e1c th\u00e0nh ph\u1ea7n th\u1ef1c v\u1eadt kh\u00e1c.<\/li>\n<li data-sourcepos=\"26:1-27:0\"><strong>K\u1ebft c\u1ea5u d\u1ec5 h\u00f2a tan:<\/strong>\u00a0D\u1ea1ng b\u1ed9t m\u1ecbn gi\u00fap gia v\u1ecb tan nhanh v\u00e0 th\u1ea5m \u0111\u1ec1u v\u00e0o m\u00f3n \u0103n.<\/li>\n<\/ul>\n<h3 data-sourcepos=\"28:1-28:16\">C\u00e1c \u1ee9ng d\u1ee5ng<\/h3>\n<ul data-sourcepos=\"32:1-36:0\">\n<li data-sourcepos=\"32:1-32:128\"><strong>N\u00eam n\u1ebfm c\u00e1c m\u00f3n n\u01b0\u1edbc:<\/strong>\u00a0D\u00f9ng cho c\u00e1c m\u00f3n canh, s\u00fap, l\u1ea9u chay ho\u1eb7c m\u1eb7n \u0111\u1ec3 t\u0103ng v\u1ecb ng\u1ecdt thanh v\u00e0 h\u01b0\u01a1ng th\u01a1m \u0111\u1eb7c tr\u01b0ng c\u1ee7a n\u1ea5m.<\/li>\n<li data-sourcepos=\"33:1-33:127\"><strong>T\u1ea9m \u01b0\u1edbp v\u00e0 ch\u1ebf bi\u1ebfn:<\/strong>\u00a0S\u1eed d\u1ee5ng \u0111\u1ec3 \u01b0\u1edbp c\u00e1c nguy\u00ean li\u1ec7u tr\u01b0\u1edbc khi x\u00e0o, kho, chi\u00ean, gi\u00fap m\u00f3n \u0103n \u0111\u1eadm \u0111\u00e0 v\u00e0 d\u1eady m\u00f9i n\u1ea5m h\u1ea5p d\u1eabn.<\/li>\n<\/ul>\n<p><img decoding=\"async\" class=\"aligncenter\" src=\"https:\/\/havamall.com\/wp-content\/uploads\/2025\/05\/cung-ong-cong-ong-tao-23-thang-chap-1-17062677705701508231391.jpg\" alt=\"M\u00e2m c\u1ed7 c\u00fang \u00f4ng C\u00f4ng \u00f4ng T\u00e1o ng\u00e0y 23 th\u00e1ng Ch\u1ea1p \u0111\u1ee7 \u0111\u1ea7y, chu \u0111\u00e1o g\u1ed3m nh\u1eefng g\u00ec?\" width=\"936\" height=\"624\" \/><\/p>\n<ul data-sourcepos=\"32:1-36:0\">\n<li data-sourcepos=\"34:1-34:87\"><strong>D\u00f9ng trong c\u00e1c m\u00f3n x\u00e0o, kho, rim:<\/strong>\u00a0T\u0103ng th\u00eam h\u01b0\u01a1ng v\u1ecb umami v\u00e0 l\u00e0m tr\u00f2n v\u1ecb m\u00f3n \u0103n.<\/li>\n<li data-sourcepos=\"35:1-36:0\"><strong>Pha ch\u1ebf n\u01b0\u1edbc ch\u1ea5m:<\/strong>\u00a0Th\u00eam m\u1ed9t ch\u00fat b\u1ed9t n\u00eam n\u1ea5m v\u00e0o n\u01b0\u1edbc m\u1eafm chay ho\u1eb7c n\u01b0\u1edbc t\u01b0\u01a1ng s\u1ebd l\u00e0m cho b\u00e1t n\u01b0\u1edbc ch\u1ea5m th\u00eam ph\u1ea7n h\u1ea5p d\u1eabn.<\/li>\n<\/ul>\n<p><img loading=\"lazy\" decoding=\"async\" class=\"aligncenter\" src=\"https:\/\/havamall.com\/wp-content\/uploads\/2025\/05\/1-66.jpg\" alt=\"C\u00e1ch l\u00e0m s\u01b0\u1eddn ram me th\u01a1m ngon, \u0111\u1eadm \u0111\u00e0 - B\u1ebfp t\u1eeb Lorca - an to\u00e0n t\u1ed1i \u0111a\" width=\"938\" height=\"637\" \/><\/p>\n<h3 data-sourcepos=\"37:1-37:17\">C\u00e1ch b\u1ea3o qu\u1ea3n<\/h3>\n<ul data-sourcepos=\"41:1-46:0\">\n<li data-sourcepos=\"41:1-41:46\">B\u1ea3o qu\u1ea3n s\u1ea3n ph\u1ea9m \u1edf n\u01a1i kh\u00f4 r\u00e1o, tho\u00e1ng m\u00e1t.<\/li>\n<li data-sourcepos=\"42:1-42:89\">Tr\u00e1nh \u0111\u1eb7t s\u1ea3n ph\u1ea9m \u1edf n\u01a1i c\u00f3 \u00e1nh n\u1eafng m\u1eb7t tr\u1eddi chi\u1ebfu tr\u1ef1c ti\u1ebfp ho\u1eb7c g\u1ea7n c\u00e1c ngu\u1ed3n nhi\u1ec7t.<\/li>\n<li data-sourcepos=\"43:1-43:108\">\u0110\u1eady k\u00edn n\u1eafp h\u0169 ho\u1eb7c k\u1eb9p ch\u1eb7t mi\u1ec7ng t\u00fai ngay sau khi s\u1eed d\u1ee5ng \u0111\u1ec3 tr\u00e1nh h\u00fat \u1ea9m, v\u00f3n c\u1ee5c v\u00e0 gi\u1eef tr\u1ecdn h\u01b0\u01a1ng v\u1ecb.<\/li>\n<li data-sourcepos=\"44:1-44:59\">Tr\u00e1nh \u0111\u1ec3 g\u1ea7n c\u00e1c lo\u1ea1i h\u00f3a ch\u1ea5t ho\u1eb7c s\u1ea3n ph\u1ea9m c\u00f3 m\u00f9i n\u1ed3ng.<\/li>\n<li data-sourcepos=\"45:1-46:0\">S\u1eed d\u1ee5ng s\u1ea3n ph\u1ea9m trong th\u1eddi h\u1ea1n s\u1eed d\u1ee5ng in tr\u00ean bao b\u00ec (th\u01b0\u1eddng l\u00e0 12 th\u00e1ng).<\/li>\n<\/ul>\n<p data-sourcepos=\"47:1-47:288\"><a href=\"http:\/\/havamall.com\/\" target=\"_blank\" rel=\"noopener\"><strong>B\u1ed9t N\u00eam N\u1ea5m Thi\u00ean Qu\u1ed1c B\u1ea3o Thu\u1ea7n Chay<\/strong><\/a>\u00a0l\u00e0 s\u1ef1 l\u1ef1a ch\u1ecdn th\u00f4ng minh cho nh\u1eefng ai t\u00ecm ki\u1ebfm m\u1ed9t lo\u1ea1i gia v\u1ecb thu\u1ea7n chay ch\u1ea5t l\u01b0\u1ee3ng cao, mang \u0111\u1ebfn h\u01b0\u01a1ng v\u1ecb t\u1ef1 nhi\u00ean, thanh khi\u1ebft v\u00e0 an to\u00e0n cho s\u1ee9c kh\u1ecfe. H\u00e3y \u0111\u1ec3 gia v\u1ecb n\u00e0y \u0111\u1ed3ng h\u00e0nh c\u00f9ng b\u1ea1n trong c\u0103n b\u1ebfp \u0111\u1ec3 t\u1ea1o n\u00ean nh\u1eefng m\u00f3n \u0103n ngon \u201cng\u1ecdt t\u1eeb t\u00e2m\u201d.<\/p>","protected":false},"excerpt":{"rendered":"<p>Thi\u00ean Qu\u1ed1c B\u1ea3o\u00a0l\u00e0 m\u1ed9t th\u01b0\u01a1ng hi\u1ec7u uy t\u00edn n\u1eb1m trong h\u1ec7 sinh th\u00e1i c\u1ee7a\u00a0Loving Vegan Food, doanh nghi\u1ec7p th\u1ef1c ph\u1ea9m<\/p>","protected":false},"featured_media":38392,"comment_status":"open","ping_status":"closed","template":"","meta":[],"product_brand":[],"product_cat":[496],"product_tag":[],"class_list":{"0":"post-38391","1":"product","2":"type-product","3":"status-publish","4":"has-post-thumbnail","6":"product_cat-thuc-pham-thuan-chay","7":"pa_brand-loving-vegan-food","9":"first","10":"outofstock","11":"sale","12":"shipping-taxable","13":"purchasable","14":"product-type-simple"},"_links":{"self":[{"href":"https:\/\/havamall.vn\/en\/wp-json\/wp\/v2\/product\/38391"}],"collection":[{"href":"https:\/\/havamall.vn\/en\/wp-json\/wp\/v2\/product"}],"about":[{"href":"https:\/\/havamall.vn\/en\/wp-json\/wp\/v2\/types\/product"}],"replies":[{"embeddable":true,"href":"https:\/\/havamall.vn\/en\/wp-json\/wp\/v2\/comments?post=38391"}],"version-history":[{"count":0,"href":"https:\/\/havamall.vn\/en\/wp-json\/wp\/v2\/product\/38391\/revisions"}],"wp:featuredmedia":[{"embeddable":true,"href":"https:\/\/havamall.vn\/en\/wp-json\/wp\/v2\/media\/38392"}],"wp:attachment":[{"href":"https:\/\/havamall.vn\/en\/wp-json\/wp\/v2\/media?parent=38391"}],"wp:term":[{"taxonomy":"product_brand","embeddable":true,"href":"https:\/\/havamall.vn\/en\/wp-json\/wp\/v2\/product_brand?post=38391"},{"taxonomy":"product_cat","embeddable":true,"href":"https:\/\/havamall.vn\/en\/wp-json\/wp\/v2\/product_cat?post=38391"},{"taxonomy":"product_tag","embeddable":true,"href":"https:\/\/havamall.vn\/en\/wp-json\/wp\/v2\/product_tag?post=38391"}],"curies":[{"name":"wp","href":"https:\/\/api.w.org\/{rel}","templated":true}]}}