{"id":38384,"date":"2025-05-10T11:28:04","date_gmt":"2025-05-10T04:28:04","guid":{"rendered":"https:\/\/havamall.vn\/?post_type=product&#038;p=38384"},"modified":"2025-05-10T11:28:04","modified_gmt":"2025-05-10T04:28:04","slug":"kem-da-dung-blue-band-nhap-khau-duc-1l-blue-band-professional-cream","status":"publish","type":"product","link":"https:\/\/havamall.vn\/en\/shop\/kem-da-dung-blue-band-nhap-khau-duc-1l-blue-band-professional-cream\/","title":{"rendered":"Kem \u0110a D\u1ee5ng Blue Band Nh\u1eadp Kh\u1ea9u \u0110\u1ee9c 1L \u2013 Blue Band Professional Cream"},"content":{"rendered":"<h3><strong>TH\u00d4NG TIN S\u1ea2N PH\u1ea8M<\/strong><\/h3>\n<table>\n<tbody>\n<tr>\n<td>Th\u01b0\u01a1ng hi\u1ec7u<\/td>\n<td>Blue Band<\/td>\n<\/tr>\n<tr>\n<td>Xu\u1ea5t x\u1ee9<\/td>\n<td>\u0110\u1ee9c (Germany)<\/td>\n<\/tr>\n<tr>\n<td>Th\u00e0nh ph\u1ea7n<\/td>\n<td>Kem s\u1eefa\/N\u1ec1n kem (c\u00f3 th\u1ec3 ch\u1ee9a th\u00e0nh ph\u1ea7n t\u1eeb s\u1eefa v\u00e0\/ho\u1eb7c d\u1ea7u th\u1ef1c v\u1eadt), ch\u1ea5t l\u00e0m d\u00e0y, ch\u1ea5t nh\u0169 h\u00f3a, v.v. (Xem chi ti\u1ebft tr\u00ean bao b\u00ec s\u1ea3n ph\u1ea9m)<\/td>\n<\/tr>\n<tr>\n<td>H\u1ea1n s\u1eed d\u1ee5ng<\/td>\n<td>12 th\u00e1ng k\u1ec3 t\u1eeb ng\u00e0y s\u1ea3n xu\u1ea5t.<\/td>\n<\/tr>\n<tr>\n<td>B\u1ea3o qu\u1ea3n<\/td>\n<td>B\u1ea3o qu\u1ea3n \u1edf nhi\u1ec7t \u0111\u1ed9 l\u1ea1nh t\u1eeb 2\u00b0C \u2013 7\u00b0C. Sau khi m\u1edf n\u1eafp, b\u1ea3o qu\u1ea3n l\u1ea1nh v\u00e0 d\u00f9ng h\u1ebft trong v\u00f2ng 3-7 ng\u00e0y. Kh\u00f4ng c\u1ea5p \u0111\u00f4ng s\u1ea3n ph\u1ea9m ch\u01b0a m\u1edf n\u1eafp.<\/td>\n<\/tr>\n<tr>\n<td>Kh\u1ed1i l\u01b0\u1ee3ng t\u1ecbnh<\/td>\n<td>1 l\u00edt<\/td>\n<\/tr>\n<\/tbody>\n<\/table>\n<h3 data-sourcepos=\"9:1-9:36\">Gi\u1edbi thi\u1ec7u th\u01b0\u01a1ng hi\u1ec7u Blue Band<\/h3>\n<p data-sourcepos=\"11:1-11:540\">Blue Band l\u00e0 m\u1ed9t th\u01b0\u01a1ng hi\u1ec7u c\u00f3 l\u1ecbch s\u1eed l\u00e2u \u0111\u1eddi, b\u1eaft ngu\u1ed3n t\u1eeb H\u00e0 Lan v\u00e0o n\u0103m 1914 v\u00e0 nay thu\u1ed9c s\u1edf h\u1eefu c\u1ee7a Flora Food Group. Ban \u0111\u1ea7u n\u1ed5i ti\u1ebfng v\u1edbi c\u00e1c s\u1ea3n ph\u1ea9m b\u01a1 th\u1ef1c v\u1eadt v\u00e0 b\u01a1 ph\u1ebft ch\u1ea5t l\u01b0\u1ee3ng cao, Blue Band \u0111\u00e3 m\u1edf r\u1ed9ng d\u00f2ng s\u1ea3n ph\u1ea9m c\u1ee7a m\u00ecnh \u0111\u1ec3 ph\u1ee5c v\u1ee5 c\u1ea3 ph\u00e2n kh\u00fac chuy\u00ean nghi\u1ec7p, mang \u0111\u1ebfn nh\u1eefng gi\u1ea3i ph\u00e1p nguy\u00ean li\u1ec7u hi\u1ec7u su\u1ea5t cao cho ng\u00e0nh d\u1ecbch v\u1ee5 th\u1ef1c ph\u1ea9m. V\u1edbi kinh nghi\u1ec7m d\u00e0y d\u1eb7n v\u00e0 quy tr\u00ecnh s\u1ea3n xu\u1ea5t hi\u1ec7n \u0111\u1ea1i (s\u1ea3n ph\u1ea9m kem n\u00e0y \u0111\u01b0\u1ee3c\u00a0<strong>s\u1ea3n xu\u1ea5t t\u1ea1i \u0110\u1ee9c<\/strong>), Blue Band Professional cam k\u1ebft mang \u0111\u1ebfn s\u1ef1 \u1ed5n \u0111\u1ecbnh v\u00e0 ch\u1ea5t l\u01b0\u1ee3ng \u0111\u00e1ng tin c\u1eady.<\/p>\n<p data-sourcepos=\"15:1-15:321\">Blue Band Professional Cream l\u00e0 lo\u1ea1i kem s\u1eefa \u0111a n\u0103ng (Multipurpose Cream) \u0111\u01b0\u1ee3c thi\u1ebft k\u1ebf \u0111\u1eb7c bi\u1ec7t \u0111\u1ec3 \u0111\u00e1p \u1ee9ng nhu c\u1ea7u \u0111a d\u1ea1ng trong b\u1ebfp. V\u1edbi h\u00e0m l\u01b0\u1ee3ng b\u00e9o kho\u1ea3ng\u00a0<strong>31%<\/strong>, s\u1ea3n ph\u1ea9m n\u00e0y l\u00e0 s\u1ef1 k\u1ebft h\u1ee3p gi\u1eefa kh\u1ea3 n\u0103ng \u0111\u00e1nh b\u00f4ng tuy\u1ec7t v\u1eddi v\u00e0 \u0111\u1ed9 \u1ed5n \u0111\u1ecbnh nhi\u1ec7t cao, kh\u00e1c bi\u1ec7t so v\u1edbi nhi\u1ec1u lo\u1ea1i kem s\u1eefa \u0111\u01a1n n\u0103ng kh\u00e1c tr\u00ean th\u1ecb tr\u01b0\u1eddng.<\/p>\n<p data-sourcepos=\"15:1-15:321\"><img fetchpriority=\"high\" decoding=\"async\" class=\"aligncenter\" src=\"https:\/\/havamall.com\/wp-content\/uploads\/2025\/05\/Blue-Band-hinh.webp\" width=\"983\" height=\"821\" \/><\/p>\n<h3 data-sourcepos=\"7:1-7:48\">\u01afu \u0111i\u1ec3m n\u1ed5i b\u1eadt \u2013 Kh\u00e1c bi\u1ec7t l\u00e0m n\u00ean t\u00ean tu\u1ed5i<\/h3>\n<p data-sourcepos=\"9:1-9:568\">\u0110i\u1ec1u l\u00e0m n\u00ean s\u1ef1 kh\u00e1c bi\u1ec7t v\u00e0 \u0111\u1ecbnh v\u1ecb Blue Band Professional Cream tr\u00ean th\u1ecb tr\u01b0\u1eddng ch\u00ednh l\u00e0 t\u00ednh linh ho\u1ea1t v\u00e0 \u0111\u1ed9 \u1ed5n \u0111\u1ecbnh v\u01b0\u1ee3t tr\u1ed9i c\u1ee7a s\u1ea3n ph\u1ea9m. Kh\u00f4ng gi\u1ed1ng nh\u01b0 nhi\u1ec1u lo\u1ea1i kem s\u1eefa ch\u1ec9 chuy\u00ean d\u1ee5ng cho \u0111\u00e1nh b\u00f4ng (whipping cream) ho\u1eb7c ch\u1ec9 d\u00f9ng cho n\u1ea5u \u0103n (cooking cream), Blue Band Professional Cream l\u00e0 m\u1ed9t gi\u1ea3i ph\u00e1p \u0111a n\u0103ng th\u1ef1c s\u1ef1, cho ph\u00e9p b\u1ea1n s\u1eed d\u1ee5ng cho c\u1ea3 ba m\u1ee5c \u0111\u00edch ch\u00ednh:\u00a0<strong>\u0111\u00e1nh b\u00f4ng (Whip), n\u1ea5u \u0103n (Cook) v\u00e0 d\u00f9ng tr\u1ef1c ti\u1ebfp (Pour)<\/strong>. Kh\u1ea3 n\u0103ng chuy\u1ec3n \u0111\u1ed5i m\u01b0\u1ee3t m\u00e0 gi\u1eefa c\u00e1c \u1ee9ng d\u1ee5ng n\u00e0y gi\u00fap \u0111\u01a1n gi\u1ea3n h\u00f3a vi\u1ec7c qu\u1ea3n l\u00fd nguy\u00ean li\u1ec7u v\u00e0 mang l\u1ea1i hi\u1ec7u qu\u1ea3 cao trong b\u1ebfp.<\/p>\n<p data-sourcepos=\"11:1-11:544\">B\u00ean c\u1ea1nh t\u00ednh \u0111a n\u0103ng, Blue Band Professional Cream khi c\u1ea7n trang tr\u00ed hay l\u00e0m topping, kem c\u00f3 th\u1ec3 \u0111\u00e1nh b\u00f4ng d\u1ec5 d\u00e0ng, t\u1ea1o ra th\u00e0nh ph\u1ea9m b\u00f4ng x\u1ed1p v\u00e0 gi\u1eef \u0111\u01b0\u1ee3c h\u00ecnh d\u00e1ng t\u1ed1t, r\u1ea5t l\u00fd t\u01b0\u1edfng cho vi\u1ec7c t\u1ea1o h\u00ecnh ph\u1ee9c t\u1ea1p tr\u00ean b\u00e1nh hay \u0111\u1ed3 u\u1ed1ng. \u0110\u1eb7c bi\u1ec7t, \u0111i\u1ec3m m\u1ea1nh v\u01b0\u1ee3t tr\u1ed9i c\u1ee7a s\u1ea3n ph\u1ea9m n\u00e0y n\u1eb1m \u1edf kh\u1ea3 n\u0103ng ho\u1ea1t \u0111\u1ed9ng t\u1ed1t trong m\u00f4i tr\u01b0\u1eddng nhi\u1ec7t \u0111\u1ed9 cao v\u00e0 m\u00f4i tr\u01b0\u1eddng axit. Kem kh\u00f4ng d\u1ec5 b\u1ecb t\u00e1ch n\u01b0\u1edbc hay v\u00f3n c\u1ee5c khi \u0111un n\u1ea5u c\u00e1c lo\u1ea1i s\u1ed1t, s\u00fap, ho\u1eb7c c\u00e1c m\u00f3n h\u1ea7m, \u0111\u1ea3m b\u1ea3o m\u00f3n \u0103n lu\u00f4n \u0111\u1ea1t \u0111\u01b0\u1ee3c \u0111\u1ed9 s\u00e1nh m\u1ecbn, m\u01b0\u1ee3t m\u00e0 nh\u01b0 \u00fd.<\/p>\n<p data-sourcepos=\"11:1-11:544\"><img decoding=\"async\" class=\"aligncenter\" src=\"https:\/\/havamall.com\/wp-content\/uploads\/2025\/05\/11.jpg\" alt=\"Blue Band Professional Cream Launched As Flora Food Group's Latest  Delicious Product In Malaysia - KL Foodie\" width=\"997\" height=\"601\" \/><\/p>\n<h3 data-sourcepos=\"7:1-7:46\">H\u01b0\u1edbng d\u1eabn s\u1eed d\u1ee5ng v\u00e0 c\u00e1c \u1ee9ng d\u1ee5ng ph\u1ed5 bi\u1ebfn<\/h3>\n<p data-sourcepos=\"9:1-9:214\">V\u1edbi t\u00ednh ch\u1ea5t \u0111a n\u0103ng \u0111\u1eb7c tr\u01b0ng c\u1ee7a Blue Band Professional Cream, b\u1ea1n c\u00f3 th\u1ec3 d\u1ec5 d\u00e0ng t\u00edch h\u1ee3p s\u1ea3n ph\u1ea9m n\u00e0y v\u00e0o nhi\u1ec1u c\u00f4ng th\u1ee9c kh\u00e1c nhau. D\u01b0\u1edbi \u0111\u00e2y l\u00e0 h\u01b0\u1edbng d\u1eabn s\u1eed d\u1ee5ng chi ti\u1ebft c\u00f9ng c\u00e1c \u1ee9ng d\u1ee5ng ph\u1ed5 bi\u1ebfn t\u01b0\u01a1ng \u1ee9ng:<\/p>\n<ul data-sourcepos=\"11:1-19:0\">\n<li data-sourcepos=\"11:1-13:0\">\n<p data-sourcepos=\"11:3-11:374\"><strong>\u0110\u1ec3 \u0111\u00e1nh b\u00f4ng (Whip):<\/strong>\u00a0\u0110\u00e2y l\u00e0 c\u00e1ch d\u00f9ng quen thu\u1ed9c \u0111\u1ec3 t\u1ea1o ra l\u1edbp kem b\u00f4ng x\u1ed1p trang tr\u00ed. \u0110\u1ec3 \u0111\u1ea1t hi\u1ec7u qu\u1ea3 t\u1ed1t nh\u1ea5t, h\u00e3y \u0111\u1ea3m b\u1ea3o kem \u0111\u01b0\u1ee3c l\u00e0m l\u1ea1nh s\u00e2u (t\u1eeb 2\u00b0C \u0111\u1ebfn 4\u00b0C) tr\u01b0\u1edbc khi \u0111\u00e1nh. S\u1eed d\u1ee5ng m\u00e1y \u0111\u00e1nh tr\u1ee9ng, b\u1eaft \u0111\u1ea7u v\u1edbi t\u1ed1c \u0111\u1ed9 trung b\u00ecnh v\u00e0 t\u0103ng d\u1ea7n \u0111\u1ebfn khi kem \u0111\u1ea1t \u0111\u01b0\u1ee3c \u0111\u1ed9 b\u00f4ng mong mu\u1ed1n \u2013 t\u1eeb b\u00f4ng m\u1ec1m cho c\u00e1c m\u00f3n mousse nh\u1eb9 nh\u00e0ng \u0111\u1ebfn b\u00f4ng c\u1ee9ng \u0111\u1ec3 gi\u1eef form khi trang tr\u00ed.<\/p>\n<ul data-sourcepos=\"12:5-13:0\">\n<li data-sourcepos=\"12:5-13:0\"><strong>\u1ee8ng d\u1ee5ng:<\/strong>\u00a0S\u1eed d\u1ee5ng kem sau khi \u0111\u00e1nh b\u00f4ng \u0111\u1ec3\u00a0<strong>trang tr\u00ed b\u00e1nh kem<\/strong>,\u00a0<strong>cupcake<\/strong>, l\u00e0m\u00a0<strong>topping cho c\u00e1c m\u00f3n tr\u00e1ng mi\u1ec7ng<\/strong>\u00a0nh\u01b0 tiramisu, pudding, ho\u1eb7c c\u00e1c lo\u1ea1i\u00a0<strong>\u0111\u1ed3 u\u1ed1ng<\/strong>\u00a0nh\u01b0 c\u00e0 ph\u00ea \u0111\u00e1 xay, chocolate n\u00f3ng. Kem b\u00f4ng c\u0169ng l\u00e0 th\u00e0nh ph\u1ea7n ch\u00ednh trong c\u00e1c lo\u1ea1i\u00a0<strong>nh\u00e2n b\u00e1nh<\/strong>\u00a0ho\u1eb7c\u00a0<strong>kem l\u1ea1nh<\/strong>.<\/li>\n<\/ul>\n<\/li>\n<\/ul>\n<p><img decoding=\"async\" class=\"aligncenter size-full wp-image-39414\" src=\"https:\/\/havamall.com\/wp-content\/uploads\/2025\/05\/465175774_1128485662616534_220181105331989255_n.jpg\" alt=\"\" width=\"1000\" height=\"808\" \/><\/p>\n<ul data-sourcepos=\"11:1-19:0\">\n<li data-sourcepos=\"14:1-16:0\">\n<p data-sourcepos=\"14:3-14:228\"><strong>\u0110\u1ec3 n\u1ea5u \u0103n (Cook):<\/strong>\u00a0Blue Band Professional Cream l\u00e0 l\u1ef1a ch\u1ecdn l\u00fd t\u01b0\u1edfng cho c\u00e1c m\u00f3n n\u00f3ng nh\u1edd kh\u1ea3 n\u0103ng ch\u1ecbu nhi\u1ec7t v\u00e0 kh\u00e1ng axit t\u1ed1t. B\u1ea1n ch\u1ec9 c\u1ea7n th\u00eam kem tr\u1ef1c ti\u1ebfp v\u00e0o m\u00f3n \u0103n trong qu\u00e1 tr\u00ecnh n\u1ea5u \u0111\u1ec3 t\u0103ng \u0111\u1ed9 b\u00e9o ng\u1eady v\u00e0 s\u00e1nh m\u1ecbn.<\/p>\n<ul data-sourcepos=\"15:5-16:0\">\n<li data-sourcepos=\"15:5-16:0\"><strong>\u1ee8ng d\u1ee5ng:<\/strong>\u00a0R\u1ea5t ph\u00f9 h\u1ee3p \u0111\u1ec3 n\u1ea5u c\u00e1c lo\u1ea1i\u00a0<strong>s\u00fap kem<\/strong>\u00a0(s\u00fap b\u00ed \u0111\u1ecf, s\u00fap n\u1ea5m), c\u00e1c lo\u1ea1i\u00a0<strong>s\u1ed1t kem<\/strong>\u00a0\u0103n k\u00e8m pasta, th\u1ecbt, c\u00e1 (nh\u01b0 s\u1ed1t Carbonara b\u00e9o ng\u1eady, s\u1ed1t n\u1ea5m kem th\u01a1m l\u1eebng), ho\u1eb7c th\u00eam v\u00e0o c\u00e1c m\u00f3n\u00a0<strong>h\u1ea7m<\/strong>,\u00a0<strong>\u0111\u00fat l\u00f2<\/strong>\u00a0\u0111\u1ec3 t\u1ea1o \u0111\u1ed9 b\u00e9o ng\u1eady h\u1ea5p d\u1eabn.<\/li>\n<\/ul>\n<\/li>\n<\/ul>\n<p><img loading=\"lazy\" decoding=\"async\" class=\"aligncenter size-full wp-image-39415\" src=\"https:\/\/havamall.com\/wp-content\/uploads\/2025\/05\/465057925_1128485809283186_8196834644553907003_n.jpg\" alt=\"\" width=\"1000\" height=\"810\" \/><\/p>\n<ul data-sourcepos=\"11:1-19:0\">\n<li data-sourcepos=\"17:1-19:0\">\n<p data-sourcepos=\"17:3-17:131\"><strong>\u0110\u1ec3 d\u00f9ng tr\u1ef1c ti\u1ebfp\/pha ch\u1ebf (Pour):<\/strong>\u00a0B\u1ea1n c\u0169ng c\u00f3 th\u1ec3 s\u1eed d\u1ee5ng kem \u1edf d\u1ea1ng l\u1ecfng m\u00e0 kh\u00f4ng c\u1ea7n qua b\u01b0\u1edbc ch\u1ebf bi\u1ebfn nhi\u1ec7t hay \u0111\u00e1nh b\u00f4ng.<\/p>\n<ul data-sourcepos=\"18:5-19:0\">\n<li data-sourcepos=\"18:5-19:0\"><strong>\u1ee8ng d\u1ee5ng:<\/strong>\u00a0R\u00f3t tr\u1ef1c ti\u1ebfp kem v\u00e0o\u00a0<strong>c\u00e0 ph\u00ea<\/strong>,\u00a0<strong>tr\u00e0<\/strong>,\u00a0<strong>sinh t\u1ed1<\/strong>\u00a0\u0111\u1ec3 t\u0103ng h\u01b0\u01a1ng v\u1ecb. Kem l\u1ecfng c\u0169ng l\u00e0 nguy\u00ean li\u1ec7u n\u1ec1n cho m\u1ed9t s\u1ed1 m\u00f3n tr\u00e1ng mi\u1ec7ng kh\u00f4ng c\u1ea7n n\u1ea5u nh\u01b0\u00a0<strong>panna cotta<\/strong>, ho\u1eb7c d\u00f9ng trong c\u00e1c c\u00f4ng th\u1ee9c\u00a0<strong>s\u1ed1t l\u1ea1nh<\/strong>.<\/li>\n<\/ul>\n<\/li>\n<\/ul>\n<p><img loading=\"lazy\" decoding=\"async\" class=\"aligncenter\" src=\"https:\/\/havamall.com\/wp-content\/uploads\/2025\/05\/005.jpg\" width=\"997\" height=\"601\" \/><\/p>\n<p data-sourcepos=\"20:1-20:171\"><strong>L\u01b0u \u00fd chung:<\/strong>\u00a0Tr\u01b0\u1edbc khi s\u1eed d\u1ee5ng cho b\u1ea5t k\u1ef3 m\u1ee5c \u0111\u00edch n\u00e0o, b\u1ea1n n\u00ean\u00a0<strong>l\u1eafc \u0111\u1ec1u h\u1ed9p kem<\/strong>\u00a0\u0111\u1ec3 \u0111\u1ea3m b\u1ea3o c\u00e1c th\u00e0nh ph\u1ea7n \u0111\u01b0\u1ee3c h\u00f2a quy\u1ec7n ho\u00e0n to\u00e0n, gi\u00fap \u0111\u1ea1t \u0111\u01b0\u1ee3c k\u1ebft qu\u1ea3 t\u1ed1t nh\u1ea5t. S\u1ea3n ph\u1ea9m hi\u1ec7n \u0111\u00e3 c\u00f3 m\u1eb7t t\u1ea1i Havamall !<\/p>","protected":false},"excerpt":{"rendered":"<p>TH\u00d4NG TIN S\u1ea2N PH\u1ea8M Th\u01b0\u01a1ng hi\u1ec7u Blue Band Xu\u1ea5t x\u1ee9 \u0110\u1ee9c (Germany) Th\u00e0nh ph\u1ea7n Kem s\u1eefa\/N\u1ec1n kem (c\u00f3 th\u1ec3 ch\u1ee9a<\/p>","protected":false},"featured_media":38385,"comment_status":"open","ping_status":"closed","template":"","meta":[],"product_brand":[],"product_cat":[255,682,131],"product_tag":[],"class_list":{"0":"post-38384","1":"product","2":"type-product","3":"status-publish","4":"has-post-thumbnail","6":"product_cat-nguyen-lieu-lam-banh","7":"product_cat-nhap-khau-duc","8":"product_cat-nguyen-lieu-lam-bep","10":"first","11":"instock","12":"sale","13":"shipping-taxable","14":"purchasable","15":"product-type-simple"},"_links":{"self":[{"href":"https:\/\/havamall.vn\/en\/wp-json\/wp\/v2\/product\/38384"}],"collection":[{"href":"https:\/\/havamall.vn\/en\/wp-json\/wp\/v2\/product"}],"about":[{"href":"https:\/\/havamall.vn\/en\/wp-json\/wp\/v2\/types\/product"}],"replies":[{"embeddable":true,"href":"https:\/\/havamall.vn\/en\/wp-json\/wp\/v2\/comments?post=38384"}],"version-history":[{"count":0,"href":"https:\/\/havamall.vn\/en\/wp-json\/wp\/v2\/product\/38384\/revisions"}],"wp:featuredmedia":[{"embeddable":true,"href":"https:\/\/havamall.vn\/en\/wp-json\/wp\/v2\/media\/38385"}],"wp:attachment":[{"href":"https:\/\/havamall.vn\/en\/wp-json\/wp\/v2\/media?parent=38384"}],"wp:term":[{"taxonomy":"product_brand","embeddable":true,"href":"https:\/\/havamall.vn\/en\/wp-json\/wp\/v2\/product_brand?post=38384"},{"taxonomy":"product_cat","embeddable":true,"href":"https:\/\/havamall.vn\/en\/wp-json\/wp\/v2\/product_cat?post=38384"},{"taxonomy":"product_tag","embeddable":true,"href":"https:\/\/havamall.vn\/en\/wp-json\/wp\/v2\/product_tag?post=38384"}],"curies":[{"name":"wp","href":"https:\/\/api.w.org\/{rel}","templated":true}]}}