{"id":38381,"date":"2025-05-10T11:25:45","date_gmt":"2025-05-10T04:25:45","guid":{"rendered":"https:\/\/havamall.vn\/?post_type=product&#038;p=38381"},"modified":"2025-05-10T11:25:46","modified_gmt":"2025-05-10T04:25:46","slug":"kem-sua-whipping-cream-tatua-1l-tatua-whipping-cream","status":"publish","type":"product","link":"https:\/\/havamall.vn\/en\/shop\/kem-sua-whipping-cream-tatua-1l-tatua-whipping-cream\/","title":{"rendered":"Kem S\u1eefa Whipping Cream Tatua 1L \u2013 Tatua Whipping Cream"},"content":{"rendered":"<h3><strong>TH\u00d4NG TIN S\u1ea2N PH\u1ea8M<\/strong><\/h3>\n<table>\n<tbody>\n<tr>\n<td>Th\u01b0\u01a1ng hi\u1ec7u<\/td>\n<td>TATUA<\/td>\n<\/tr>\n<tr>\n<td>Xu\u1ea5t x\u1ee9<\/td>\n<td>New Zealand<\/td>\n<\/tr>\n<tr>\n<td>Th\u00e0nh ph\u1ea7n<\/td>\n<td>Xem tr\u00ean bao b\u00ec<\/td>\n<\/tr>\n<tr>\n<td>H\u1ea1n s\u1eed d\u1ee5ng<\/td>\n<td>12 th\u00e1ng k\u1ec3 t\u1eeb ng\u00e0y s\u1ea3n xu\u1ea5t.<\/td>\n<\/tr>\n<tr>\n<td>B\u1ea3o qu\u1ea3n<\/td>\n<td>B\u1ea3o qu\u1ea3n \u1edf nhi\u1ec7t \u0111\u1ed9 0 \u2013 4 \u0111\u1ed9 C<\/td>\n<\/tr>\n<tr>\n<td>Kh\u1ed1i l\u01b0\u1ee3ng t\u1ecbnh<\/td>\n<td>\u00a01 l\u00edt<\/td>\n<\/tr>\n<\/tbody>\n<\/table>\n<h3 data-sourcepos=\"9:1-9:32\">Gi\u1edbi thi\u1ec7u th\u01b0\u01a1ng hi\u1ec7u Tatua<\/h3>\n<p data-sourcepos=\"11:1-11:588\">Tatua l\u00e0 m\u1ed9t h\u1ee3p t\u00e1c x\u00e3 s\u1eefa uy t\u00edn \u0111\u1ebfn t\u1eeb\u00a0<strong>New Zealand<\/strong>, \u0111\u01b0\u1ee3c th\u00e0nh l\u1eadp t\u1eeb n\u0103m 1914. V\u1edbi h\u01a1n m\u1ed9t th\u1ebf k\u1ef7 kinh nghi\u1ec7m trong ng\u00e0nh c\u00f4ng nghi\u1ec7p s\u1eefa, Tatua n\u1ed5i ti\u1ebfng to\u00e0n c\u1ea7u nh\u1edd vi\u1ec7c chuy\u00ean s\u1ea3n xu\u1ea5t c\u00e1c s\u1ea3n ph\u1ea9m s\u1eefa chuy\u00ean bi\u1ec7t, ch\u1ea5t l\u01b0\u1ee3ng cao. N\u1eb1m t\u1ea1i v\u00f9ng Waikato \u2013 trung t\u00e2m c\u1ee7a ng\u00e0nh c\u00f4ng nghi\u1ec7p b\u00f2 s\u1eefa New Zealand v\u1edbi \u0111i\u1ec1u ki\u1ec7n t\u1ef1 nhi\u00ean l\u00fd t\u01b0\u1edfng, Tatua lu\u00f4n \u0111\u1ea3m b\u1ea3o ngu\u1ed3n nguy\u00ean li\u1ec7u s\u1eefa t\u01b0\u01a1i ngon, tinh khi\u1ebft nh\u1ea5t. Th\u01b0\u01a1ng hi\u1ec7u n\u00e0y cam k\u1ebft mang \u0111\u1ebfn nh\u1eefng s\u1ea3n ph\u1ea9m s\u00e1ng t\u1ea1o, hi\u1ec7u su\u1ea5t v\u01b0\u1ee3t tr\u1ed9i v\u00e0 \u0111\u00e1ng tin c\u1eady cho ng\u01b0\u1eddi ti\u00eau d\u00f9ng v\u00e0 c\u00e1c chuy\u00ean gia l\u00e0m b\u00e1nh, \u1ea9m th\u1ef1c tr\u00ean kh\u1eafp th\u1ebf gi\u1edbi.<\/p>\n<p data-sourcepos=\"11:1-11:588\"><img fetchpriority=\"high\" decoding=\"async\" class=\"aligncenter\" src=\"https:\/\/havamall.com\/wp-content\/uploads\/2022\/03\/EZZz3GwU4AAm18a.jpg\" width=\"988\" height=\"363\" \/><\/p>\n<p data-sourcepos=\"15:1-15:388\">Kem s\u1eefa Tatua Whipping Cream 36% b\u00e9o l\u00e0 m\u1ed9t trong nh\u1eefng s\u1ea3n ph\u1ea9m n\u1ed5i b\u1eadt v\u00e0 \u0111\u01b0\u1ee3c s\u1eed d\u1ee5ng ph\u1ed5 bi\u1ebfn nh\u1ea5t c\u1ee7a h\u00e3ng. \u0110\u00fang nh\u01b0 t\u00ean g\u1ecdi, \u0111\u00e2y l\u00e0 lo\u1ea1i kem s\u1eefa t\u01b0\u01a1i c\u00f3 h\u00e0m l\u01b0\u1ee3ng b\u00e9o \u0111\u1ea1t\u00a0<strong>36%<\/strong>, \u0111\u01b0\u1ee3c s\u1ea3n xu\u1ea5t \u0111\u1eb7c bi\u1ec7t \u0111\u1ec3 mang l\u1ea1i hi\u1ec7u su\u1ea5t \u0111\u00e1nh b\u00f4ng (whipping) v\u01b0\u1ee3t tr\u1ed9i, l\u00fd t\u01b0\u1edfng cho c\u00e1c \u1ee9ng d\u1ee5ng trong l\u00e0m b\u00e1nh, pha ch\u1ebf v\u00e0 n\u1ea5u \u0103n. S\u1ea3n ph\u1ea9m th\u01b0\u1eddng \u0111\u01b0\u1ee3c \u0111\u00f3ng g\u00f3i ti\u1ec7n l\u1ee3i trong h\u1ed9p ho\u1eb7c t\u00fai 1 l\u00edt.<\/p>\n<p data-sourcepos=\"15:1-15:388\"><img decoding=\"async\" class=\"aligncenter  wp-image-39407\" src=\"https:\/\/havamall.com\/wp-content\/uploads\/2025\/05\/470899519_18036547712359083_3254325553113850165_n.png\" alt=\"\" width=\"999\" height=\"999\" \/><\/p>\n<h3 data-sourcepos=\"17:1-17:48\">\u01afu \u0111i\u1ec3m n\u1ed5i b\u1eadt<\/h3>\n<ul>\n<li><strong>Ch\u1ea5t l\u01b0\u1ee3ng cao:<\/strong>\u00a0\u0110\u01b0\u1ee3c l\u00e0m t\u1eeb s\u1eefa t\u01b0\u01a1i nguy\u00ean ch\u1ea5t t\u1eeb New Zealand, \u0111\u1ea3m b\u1ea3o h\u01b0\u01a1ng v\u1ecb th\u01a1m ngon t\u1ef1 nhi\u00ean v\u00e0 \u0111\u1ed9 tinh khi\u1ebft.<\/li>\n<li><strong>H\u00e0m l\u01b0\u1ee3ng b\u00e9o l\u00fd t\u01b0\u1edfng (36%):<\/strong>\u00a0T\u1ef7 l\u1ec7 b\u00e9o n\u00e0y gi\u00fap kem khi \u0111\u00e1nh b\u00f4ng \u0111\u1ea1t \u0111\u1ed9 \u0111\u1ee9ng, b\u00f4ng x\u1ed1p v\u00e0 gi\u1eef form r\u1ea5t t\u1ed1t, \u00edt b\u1ecb ch\u1ea3y n\u01b0\u1edbc sau khi \u0111\u00e1nh.<\/li>\n<li><strong>Hi\u1ec7u su\u1ea5t \u0111\u00e1nh b\u00f4ng v\u01b0\u1ee3t tr\u1ed9i:<\/strong>\u00a0Kem d\u1ec5 d\u00e0ng \u0111\u00e1nh b\u00f4ng \u0111\u1ebfn \u0111\u1ed9 mong mu\u1ed1n, cho ph\u00e9p t\u1ea1o h\u00ecnh trang tr\u00ed s\u1eafc n\u00e9t, \u0111\u1eb9p m\u1eaft.<\/li>\n<li><strong>\u0110\u1ed9 \u1ed5n \u0111\u1ecbnh cao:<\/strong>\u00a0Kem c\u00f3 kh\u1ea3 n\u0103ng gi\u1eef form t\u1ed1t ngay c\u1ea3 sau khi \u0111\u00e1nh b\u00f4ng, \u00edt b\u1ecb \u1ea3nh h\u01b0\u1edfng b\u1edfi nhi\u1ec7t \u0111\u1ed9 (trong gi\u1edbi h\u1ea1n nh\u1ea5t \u0111\u1ecbnh). N\u00f3 c\u0169ng \u1ed5n \u0111\u1ecbnh v\u1edbi axit v\u00e0 c\u1ed3n, v\u00e0 c\u00f3 kh\u1ea3 n\u0103ng ch\u1ecbu \u0111\u00f4ng\/r\u00e3 \u0111\u00f4ng t\u1ed1t sau khi \u0111\u00e3 \u0111\u00e1nh b\u00f4ng (\u0111\u1eb7c bi\u1ec7t khi c\u00f3 \u0111\u01b0\u1eddng).<\/li>\n<li><strong>\u0110a n\u0103ng trong \u1ee9ng d\u1ee5ng:<\/strong>\u00a0Kh\u00f4ng ch\u1ec9 d\u00f9ng \u0111\u1ec3 \u0111\u00e1nh b\u00f4ng trang tr\u00ed, kem Tatua c\u00f2n ph\u00f9 h\u1ee3p cho nhi\u1ec1u c\u00f4ng th\u1ee9c n\u1ea5u \u0103n v\u00e0 pha ch\u1ebf kh\u00e1c.<\/li>\n<li><strong>H\u1ea1n s\u1eed d\u1ee5ng d\u00e0i (khi ch\u01b0a m\u1edf n\u1eafp):<\/strong>\u00a0S\u1ea3n ph\u1ea9m c\u00f3 h\u1ea1n s\u1eed d\u1ee5ng kh\u00e1 d\u00e0i khi c\u00f2n nguy\u00ean bao b\u00ec v\u00e0 \u0111\u01b0\u1ee3c b\u1ea3o qu\u1ea3n \u0111\u00fang c\u00e1ch, gi\u00fap b\u1ea1n d\u1ec5 d\u00e0ng t\u00edch tr\u1eef.<\/li>\n<\/ul>\n<p><img decoding=\"async\" class=\"aligncenter\" src=\"https:\/\/havamall.com\/wp-content\/uploads\/2025\/05\/cadc276b-39e8-47dd-a09a-7c86a5656986.jpg\" width=\"1016\" height=\"1016\" \/><\/p>\n<h3 data-sourcepos=\"28:1-28:25\">H\u01b0\u1edbng d\u1eabn s\u1eed d\u1ee5ng<\/h3>\n<ul data-sourcepos=\"32:1-37:0\">\n<li data-sourcepos=\"32:1-32:131\"><strong>Trang tr\u00ed b\u00e1nh kem:<\/strong>\u00a0\u0110\u00e1nh b\u00f4ng kem \u0111\u1ec3 ph\u1ee7, ch\u00e0 l\u00e1ng v\u00e0 t\u1ea1o h\u00ecnh trang tr\u00ed cho c\u00e1c lo\u1ea1i b\u00e1nh kem, cupcake, tiramisu, mousse,\u2026<\/li>\n<li data-sourcepos=\"33:1-33:133\"><strong>L\u00e0m nh\u00e2n v\u00e0 l\u1edbp ph\u1ee7:<\/strong>\u00a0S\u1eed d\u1ee5ng l\u00e0m c\u00e1c lo\u1ea1i nh\u00e2n b\u00e1nh (nh\u00e2n su kem, nh\u00e2n mousse), l\u1edbp ph\u1ee7 cho c\u00e1c m\u00f3n tr\u00e1ng mi\u1ec7ng l\u1ea1nh ho\u1eb7c n\u00f3ng.<\/li>\n<li data-sourcepos=\"34:1-34:104\"><strong>Pha ch\u1ebf \u0111\u1ed3 u\u1ed1ng:<\/strong>\u00a0T\u1ea1o b\u1ecdt kem ho\u1eb7c d\u00f9ng k\u00e8m c\u00e1c m\u00f3n \u0111\u1ed3 u\u1ed1ng nh\u01b0 c\u00e0 ph\u00ea, chocolate n\u00f3ng, sinh t\u1ed1,\u2026<\/li>\n<\/ul>\n<p><img loading=\"lazy\" decoding=\"async\" class=\"aligncenter\" src=\"https:\/\/havamall.com\/wp-content\/uploads\/2025\/05\/YA-Chocolate-Pound-Cake-With-Strawberry-Whipped-Cream-gkcq-mediumSquareAt3X.jpg\" alt=\"Chocolate Pound Cake With Strawberry Whipped Cream\" width=\"1022\" height=\"1022\" \/><\/p>\n<ul data-sourcepos=\"32:1-37:0\">\n<li data-sourcepos=\"35:1-35:136\"><strong>N\u1ea5u \u0103n:<\/strong>\u00a0D\u00f9ng \u0111\u1ec3 l\u00e0m c\u00e1c lo\u1ea1i s\u1ed1t kem (s\u1ed1t carbonara, s\u1ed1t n\u1ea5m kem), s\u00fap kem, c\u00e1c m\u00f3n h\u1ea7m ho\u1eb7c \u0111\u00fat l\u00f2 \u0111\u1ec3 t\u0103ng \u0111\u1ed9 b\u00e9o ng\u1eady, s\u00e1nh m\u1ecbn.<\/li>\n<li data-sourcepos=\"36:1-37:0\"><strong>L\u00e0m kem l\u1ea1nh, panna cotta, caramel:<\/strong>\u00a0Th\u00e0nh ph\u1ea7n ch\u00ednh t\u1ea1o n\u00ean \u0111\u1ed9 b\u00e9o v\u00e0 c\u1ea5u tr\u00fac cho c\u00e1c m\u00f3n tr\u00e1ng mi\u1ec7ng n\u00e0y.<\/li>\n<\/ul>\n<p><img loading=\"lazy\" decoding=\"async\" class=\"aligncenter\" src=\"https:\/\/havamall.com\/wp-content\/uploads\/2025\/05\/SES-whipped-brie-recipe-7255250-hero-A-9dbb91569418430e96a87ac1b0f7f870.jpg\" alt=\"Whipped Brie\" width=\"1025\" height=\"683\" \/><\/p>\n<h3 data-sourcepos=\"38:1-38:27\">C\u00e1ch b\u1ea3o qu\u1ea3n \u0111\u00fang c\u00e1ch<\/h3>\n<ul data-sourcepos=\"42:1-44:0\">\n<li data-sourcepos=\"42:1-42:328\"><strong>Tr\u01b0\u1edbc khi m\u1edf n\u1eafp:<\/strong>\u00a0B\u1ea3o qu\u1ea3n trong ng\u0103n m\u00e1t t\u1ee7 l\u1ea1nh \u1edf nhi\u1ec7t \u0111\u1ed9 t\u1eeb\u00a0<strong>0\u00b0C \u0111\u1ebfn 4\u00b0C<\/strong>\u00a0(m\u1ed9t s\u1ed1 ngu\u1ed3n khuy\u1ebfn ngh\u1ecb t\u1eeb 2\u00b0C \u0111\u1ebfn 7\u00b0C, nh\u01b0ng nhi\u1ec7t \u0111\u1ed9 th\u1ea5p h\u01a1n gi\u00fap b\u1ea3o qu\u1ea3n t\u1ed1t h\u01a1n). Tr\u00e1nh \u0111\u1ec3 s\u1ea3n ph\u1ea9m \u1edf nhi\u1ec7t \u0111\u1ed9 ph\u00f2ng ho\u1eb7c n\u01a1i c\u00f3 \u00e1nh n\u1eafng tr\u1ef1c ti\u1ebfp. Tuy\u1ec7t \u0111\u1ed1i\u00a0<strong>kh\u00f4ng \u0111\u00f4ng \u0111\u00e1<\/strong>\u00a0s\u1ea3n ph\u1ea9m khi ch\u01b0a m\u1edf n\u1eafp v\u00ec c\u00f3 th\u1ec3 l\u00e0m h\u1ecfng c\u1ea5u tr\u00fac kem.<\/li>\n<li data-sourcepos=\"43:1-44:0\"><strong>Sau khi m\u1edf n\u1eafp:<\/strong>\u00a0\u0110\u1eady k\u00edn ho\u1eb7c k\u1eb9p ch\u1eb7t mi\u1ec7ng t\u00fai\/h\u1ed9p sau khi s\u1eed d\u1ee5ng. B\u1ea3o qu\u1ea3n trong ng\u0103n m\u00e1t t\u1ee7 l\u1ea1nh \u1edf nhi\u1ec7t \u0111\u1ed9\u00a0<strong>0\u00b0C \u0111\u1ebfn 4\u00b0C<\/strong>. N\u00ean s\u1eed d\u1ee5ng h\u1ebft s\u1ea3n ph\u1ea9m trong v\u00f2ng\u00a0<strong>5 \u0111\u1ebfn 7 ng\u00e0y<\/strong>\u00a0sau khi m\u1edf n\u1eafp \u0111\u1ec3 \u0111\u1ea3m b\u1ea3o ch\u1ea5t l\u01b0\u1ee3ng v\u00e0 an to\u00e0n th\u1ef1c ph\u1ea9m.<\/li>\n<\/ul>\n<p data-sourcepos=\"45:1-45:203\"><strong>L\u01b0u \u00fd:<\/strong>\u00a0Tr\u01b0\u1edbc khi s\u1eed d\u1ee5ng, b\u1ea1n n\u00ean l\u1eafc \u0111\u1ec1u h\u1ed9p\/t\u00fai kem \u0111\u1ec3 c\u00e1c th\u00e0nh ph\u1ea7n \u0111\u01b0\u1ee3c h\u00f2a quy\u1ec7n. Khi \u0111\u00e1nh b\u00f4ng kem, h\u00e3y \u0111\u1ea3m b\u1ea3o kem th\u1eadt l\u1ea1nh (t\u1ed1t nh\u1ea5t l\u00e0 \u1ee7 l\u1ea1nh c\u1ea3 t\u00f4 v\u00e0 que \u0111\u00e1nh) \u0111\u1ec3 kem d\u1ec5 b\u00f4ng v\u00e0 \u0111\u1ee9ng h\u01a1n.<\/p>\n<p data-sourcepos=\"7:1-7:364\">N\u1ebfu b\u1ea1n l\u00e0 m\u1ed9t t\u00edn \u0111\u1ed3 c\u1ee7a l\u00e0m b\u00e1nh hay \u0111\u01a1n gi\u1ea3n l\u00e0 y\u00eau th\u00edch nh\u1eefng m\u00f3n tr\u00e1ng mi\u1ec7ng v\u00e0 m\u00f3n \u0103n c\u00f3 v\u1ecb b\u00e9o ng\u1eady, th\u01a1m ngon t\u1eeb kem s\u1eefa th\u00ec\u00a0<strong>Tatua Whipping Cream\u00a0<\/strong>l\u00e0 s\u1ef1 l\u1ef1a ch\u1ecdn ho\u00e0n h\u1ea3o. S\u1ea3n ph\u1ea9m hi\u1ec7n \u0111\u00e3 c\u00f3 m\u1eb7t t\u1ea1i Havamall !<\/p>","protected":false},"excerpt":{"rendered":"<p>TH\u00d4NG TIN S\u1ea2N PH\u1ea8M Th\u01b0\u01a1ng hi\u1ec7u TATUA Xu\u1ea5t x\u1ee9 New Zealand Th\u00e0nh ph\u1ea7n Xem tr\u00ean bao b\u00ec H\u1ea1n s\u1eed d\u1ee5ng<\/p>","protected":false},"featured_media":38382,"comment_status":"open","ping_status":"closed","template":"","meta":[],"product_brand":[],"product_cat":[255,131],"product_tag":[],"class_list":{"0":"post-38381","1":"product","2":"type-product","3":"status-publish","4":"has-post-thumbnail","6":"product_cat-nguyen-lieu-lam-banh","7":"product_cat-nguyen-lieu-lam-bep","9":"first","10":"instock","11":"sale","12":"shipping-taxable","13":"purchasable","14":"product-type-simple"},"_links":{"self":[{"href":"https:\/\/havamall.vn\/en\/wp-json\/wp\/v2\/product\/38381"}],"collection":[{"href":"https:\/\/havamall.vn\/en\/wp-json\/wp\/v2\/product"}],"about":[{"href":"https:\/\/havamall.vn\/en\/wp-json\/wp\/v2\/types\/product"}],"replies":[{"embeddable":true,"href":"https:\/\/havamall.vn\/en\/wp-json\/wp\/v2\/comments?post=38381"}],"version-history":[{"count":0,"href":"https:\/\/havamall.vn\/en\/wp-json\/wp\/v2\/product\/38381\/revisions"}],"wp:featuredmedia":[{"embeddable":true,"href":"https:\/\/havamall.vn\/en\/wp-json\/wp\/v2\/media\/38382"}],"wp:attachment":[{"href":"https:\/\/havamall.vn\/en\/wp-json\/wp\/v2\/media?parent=38381"}],"wp:term":[{"taxonomy":"product_brand","embeddable":true,"href":"https:\/\/havamall.vn\/en\/wp-json\/wp\/v2\/product_brand?post=38381"},{"taxonomy":"product_cat","embeddable":true,"href":"https:\/\/havamall.vn\/en\/wp-json\/wp\/v2\/product_cat?post=38381"},{"taxonomy":"product_tag","embeddable":true,"href":"https:\/\/havamall.vn\/en\/wp-json\/wp\/v2\/product_tag?post=38381"}],"curies":[{"name":"wp","href":"https:\/\/api.w.org\/{rel}","templated":true}]}}