{"id":38348,"date":"2025-04-23T16:55:39","date_gmt":"2025-04-23T09:55:39","guid":{"rendered":"https:\/\/havamall.vn\/?post_type=product&#038;p=38348"},"modified":"2026-01-21T10:17:27","modified_gmt":"2026-01-21T03:17:27","slug":"bot-kem-pha-ca-phe-nestle-coffee-mate-450g-nestle-coffee-mate-creamer-original","status":"publish","type":"product","link":"https:\/\/havamall.vn\/en\/shop\/bot-kem-pha-ca-phe-nestle-coffee-mate-450g-nestle-coffee-mate-creamer-original\/","title":{"rendered":"B\u1ed9t Kem Pha C\u00e0 Ph\u00ea Nestl\u00e9 Coffee Mate 450g \u2013 Nestl\u00e9 Coffee Mate Creamer Original"},"content":{"rendered":"<h3 class=\"\" data-start=\"176\" data-end=\"202\"><strong data-start=\"180\" data-end=\"202\">Th\u00f4ng tin s\u1ea3n ph\u1ea9m<\/strong><\/h3>\n<table style=\"height: 145px;width: 62.4171%;border-collapse: collapse\">\n<tbody>\n<tr>\n<td style=\"width: 23.913%\">Th\u01b0\u01a1ng hi\u1ec7u<\/td>\n<td style=\"width: 76.087%\">Nestl\u00e9<\/td>\n<\/tr>\n<tr>\n<td style=\"width: 23.913%\">Xu\u1ea5t x\u1ee9<\/td>\n<td style=\"width: 76.087%\">Th\u00e1i Lan<\/td>\n<\/tr>\n<tr>\n<td style=\"width: 23.913%\">Th\u00e0nh ph\u1ea7n<\/td>\n<td style=\"width: 76.087%\">Xem chi ti\u1ebft tr\u00ean bao b\u00ec)<\/td>\n<\/tr>\n<tr>\n<td style=\"width: 23.913%\">H\u1ea1n s\u1eed d\u1ee5ng<\/td>\n<td style=\"width: 76.087%\">Xem tr\u00ean bao b\u00ec<\/td>\n<\/tr>\n<tr>\n<td style=\"width: 23.913%\">B\u1ea3o qu\u1ea3n<\/td>\n<td style=\"width: 76.087%\">N\u01a1i kh\u00f4 r\u00e1o, tho\u00e1ng m\u00e1t, tr\u00e1nh \u00e1nh n\u1eafng tr\u1ef1c ti\u1ebfp. \u0110\u1eady k\u00edn n\u1eafp sau khi m\u1edf.<\/td>\n<\/tr>\n<\/tbody>\n<\/table>\n<p class=\"\" data-start=\"827\" data-end=\"1113\">Nestl\u00e9 \u2013 th\u01b0\u01a1ng hi\u1ec7u th\u1ef1c ph\u1ea9m v\u00e0 \u0111\u1ed3 u\u1ed1ng h\u00e0ng \u0111\u1ea7u th\u1ebf gi\u1edbi \u2013 \u0111\u01b0\u1ee3c th\u00e0nh l\u1eadp t\u1ea1i Th\u1ee5y S\u0129 t\u1eeb n\u0103m 1866. V\u1edbi h\u01a1n 150 n\u0103m h\u00ecnh th\u00e0nh v\u00e0 ph\u00e1t tri\u1ec3n, Nestl\u00e9 hi\u1ec7n c\u00f3 m\u1eb7t t\u1ea1i h\u01a1n 180 qu\u1ed1c gia, lu\u00f4n ti\u00ean phong trong vi\u1ec7c c\u1ea3i ti\u1ebfn ch\u1ea5t l\u01b0\u1ee3ng cu\u1ed9c s\u1ed1ng v\u00e0 g\u00f3p ph\u1ea7n v\u00e0o m\u1ed9t t\u01b0\u01a1ng lai kh\u1ecfe m\u1ea1nh h\u01a1n.<\/p>\n<p data-start=\"827\" data-end=\"1113\"><img fetchpriority=\"high\" decoding=\"async\" class=\"aligncenter\" src=\"https:\/\/havamall.com\/wp-content\/uploads\/2025\/04\/Nestle-Logo-History.jpg\" width=\"998\" height=\"907\" \/><\/p>\n<p class=\"\" data-start=\"1115\" data-end=\"1566\">Trong \u201ch\u1ec7 sinh th\u00e1i\u201d \u0111a d\u1ea1ng c\u1ee7a Nestl\u00e9, <strong data-start=\"1156\" data-end=\"1171\">Coffee Mate<\/strong> l\u00e0 m\u1ed9t trong nh\u1eefng d\u00f2ng s\u1ea3n ph\u1ea9m n\u1ed5i b\u1eadt v\u00e0 \u0111\u01b0\u1ee3c \u01b0a chu\u1ed9ng to\u00e0n c\u1ea7u \u2013 ra \u0111\u1eddi t\u1eeb n\u0103m 1961 t\u1ea1i M\u1ef9, nh\u01b0 m\u1ed9t gi\u1ea3i ph\u00e1p ho\u00e0n h\u1ea3o \u0111\u1ec3 n\u00e2ng t\u1ea7m tr\u1ea3i nghi\u1ec7m th\u01b0\u1edfng th\u1ee9c c\u00e0 ph\u00ea. Kh\u00f4ng ch\u1ee9a lactose v\u00e0 cholesterol, Coffee Mate nhanh ch\u00f3ng chi\u1ebfm \u0111\u01b0\u1ee3c c\u1ea3m t\u00ecnh c\u1ee7a h\u00e0ng tri\u1ec7u ng\u01b0\u1eddi y\u00eau c\u00e0 ph\u00ea tr\u00ean th\u1ebf gi\u1edbi nh\u1edd kh\u1ea3 n\u0103ng <strong data-start=\"1478\" data-end=\"1523\">l\u00e0m d\u1ecbu v\u1ecb \u0111\u1eafng, t\u0103ng \u0111\u1ed9 m\u01b0\u1ee3t m\u00e0, b\u00e9o nh\u1eb9<\/strong> nh\u01b0ng kh\u00f4ng \u00e1t \u0111i h\u01b0\u01a1ng c\u00e0 ph\u00ea nguy\u00ean b\u1ea3n.<\/p>\n<p data-start=\"1115\" data-end=\"1566\"><img decoding=\"async\" class=\"aligncenter wp-image-39328\" src=\"https:\/\/havamall.com\/wp-content\/uploads\/2025\/04\/489927235_12659997782-e1745401719795.png\" alt=\"\" width=\"997\" height=\"571\" \/><\/p>\n<p class=\"\" data-start=\"1659\" data-end=\"2065\"><strong data-start=\"1659\" data-end=\"1686\">Nestl\u00e9 Coffee Mate 450g<\/strong> l\u00e0 d\u00f2ng s\u1ea3n ph\u1ea9m kinh \u0111i\u1ec3n v\u1edbi d\u1ea1ng <strong data-start=\"1723\" data-end=\"1756\">b\u1ed9t kem pha c\u00e0 ph\u00ea nguy\u00ean b\u1ea3n<\/strong>. Ch\u1ec9 c\u1ea7n m\u1ed9t mu\u1ed7ng nh\u1ecf, ly c\u00e0 ph\u00ea \u0111\u1eadm v\u1ecb s\u1ebd l\u1eadp t\u1ee9c tr\u1edf n\u00ean m\u01b0\u1ee3t m\u00e0, h\u00e0i h\u00f2a, v\u00e0 d\u1ec5 u\u1ed1ng h\u01a1n bao gi\u1edd h\u1ebft. Kh\u00f4ng l\u00e0m \u00e1t h\u01b0\u01a1ng c\u00e0 ph\u00ea nh\u01b0 s\u1eefa t\u01b0\u01a1i hay s\u1eefa \u0111\u1eb7c, Coffee Mate gi\u00fap gi\u1eef nguy\u00ean <strong data-start=\"1943\" data-end=\"1968\">v\u1ecb th\u01a1m rang quy\u1ebfn r\u0169<\/strong>, \u0111\u1ed3ng th\u1eddi l\u00e0m d\u1ecbu \u0111\u1ed9 \u0111\u1eafng, mang l\u1ea1i c\u1ea3m gi\u00e1c <strong data-start=\"2015\" data-end=\"2050\">ng\u1ecdt d\u1ecbu \u2013 b\u00e9o nh\u1eb9 \u2013 th\u01a1m thanh<\/strong> m\u00e0 kh\u00f4ng ng\u1ea5y.<\/p>\n<p data-start=\"1659\" data-end=\"2065\"><img decoding=\"async\" class=\"aligncenter\" src=\"https:\/\/havamall.com\/wp-content\/uploads\/2025\/04\/photo-1498653893439-4a6b2ed3b9adfmjpgampq60ampw3000ampixlibrb-4.0.jpg\" width=\"998\" height=\"665\" \/><\/p>\n<p class=\"\" data-start=\"1659\" data-end=\"2065\"><strong data-start=\"2067\" data-end=\"2090\">B\u1ed9t kem m\u1ecbn, d\u1ec5 tan<\/strong>, kh\u00f4ng \u0111\u1ec3 l\u1ea1i c\u1eb7n, ph\u00f9 h\u1ee3p pha ch\u1ebf nhi\u1ec1u lo\u1ea1i th\u1ee9c u\u1ed1ng: c\u00e0 ph\u00ea \u0111en, c\u00e0 ph\u00ea h\u00f2a tan, espresso, c\u00e0 ph\u00ea s\u1eefa \u0111\u00e1 Vi\u1ec7t Nam, ho\u1eb7c d\u00f9ng l\u00e0m n\u1ec1n cho c\u00e1c m\u00f3n latte, cappuccino, th\u1eadm ch\u00ed c\u00f3 th\u1ec3 k\u1ebft h\u1ee3p l\u00e0m b\u00e1nh, n\u1ea5u m\u00f3n \u0103n b\u00e9o nh\u1eb9 nh\u00e0ng.<\/p>\n<h3 class=\"\" data-start=\"2652\" data-end=\"2688\"><strong data-start=\"2656\" data-end=\"2688\">H\u01b0\u1edbng d\u1eabn s\u1eed d\u1ee5ng &amp; b\u1ea3o qu\u1ea3n<\/strong><\/h3>\n<ul data-start=\"2689\" data-end=\"2950\">\n<li class=\"\" data-start=\"2689\" data-end=\"2830\">\n<p class=\"\" data-start=\"2691\" data-end=\"2830\"><strong data-start=\"2691\" data-end=\"2705\">C\u00e1ch d\u00f9ng:<\/strong> Cho 1\u20132 mu\u1ed7ng Coffee Mate v\u00e0o ly c\u00e0 ph\u00ea n\u00f3ng ho\u1eb7c l\u1ea1nh, khu\u1ea5y \u0111\u1ec1u v\u00e0 th\u01b0\u1edfng th\u1ee9c. C\u00f3 th\u1ec3 t\u0103ng gi\u1ea3m l\u01b0\u1ee3ng t\u00f9y theo kh\u1ea9u v\u1ecb.<\/p>\n<\/li>\n<li class=\"\" data-start=\"2831\" data-end=\"2950\">\n<p class=\"\" data-start=\"2833\" data-end=\"2950\"><strong data-start=\"2833\" data-end=\"2846\">B\u1ea3o qu\u1ea3n:<\/strong> \u0110\u1eady n\u1eafp k\u00edn sau khi m\u1edf. \u0110\u1ec3 n\u01a1i kh\u00f4 r\u00e1o, tho\u00e1ng m\u00e1t. Kh\u00f4ng n\u00ean \u0111\u1ec3 g\u1ea7n ngu\u1ed3n nhi\u1ec7t ho\u1eb7c n\u01a1i c\u00f3 \u0111\u1ed9 \u1ea9m cao.<\/p>\n<\/li>\n<\/ul>\n<p><img loading=\"lazy\" decoding=\"async\" class=\"aligncenter\" src=\"https:\/\/havamall.com\/wp-content\/uploads\/2025\/04\/cfm1-min_79e1272d3fdd4cd3ba21bf0ea8d5e41d_1024x1024.jpg\" width=\"990\" height=\"661\" \/><\/p>\n<p>Hi\u1ec7n t\u1ea1i, B\u1ed9t Kem Pha C\u00e0 Ph\u00ea Nestl\u00e9 Coffee Mate 450g \u0111\u00e3 c\u00f3 m\u1eb7t t\u1ea1i c\u00e1c s\u00e0n th\u01b0\u01a1ng m\u1ea1i \u0111i\u1ec7n t\u1eed v\u00e0 c\u1eeda h\u00e0ng nh\u1eadp kh\u1ea9u ch\u00ednh h\u00e3ng c\u1ee7a <a href=\"https:\/\/havamall.vn\/\"><strong>Havamall<\/strong><\/a>, gi\u00fap b\u1ea1n d\u1ec5 d\u00e0ng tr\u1ea3i nghi\u1ec7m h\u01b0\u01a1ng v\u1ecb chu\u1ea9n v\u1edbi m\u1ee9c gi\u00e1 h\u1ee3p l\u00fd v\u00e0 ch\u1ea5t l\u01b0\u1ee3ng \u0111\u1ea3m b\u1ea3o.<\/p>","protected":false},"excerpt":{"rendered":"<p>Th\u00f4ng tin s\u1ea3n ph\u1ea9m Th\u01b0\u01a1ng hi\u1ec7u Nestl\u00e9 Xu\u1ea5t x\u1ee9 Th\u00e1i Lan Th\u00e0nh ph\u1ea7n Xem chi ti\u1ebft tr\u00ean bao b\u00ec) H\u1ea1n<\/p>","protected":false},"featured_media":38349,"comment_status":"open","ping_status":"closed","template":"","meta":[],"product_brand":[],"product_cat":[677,131,135],"product_tag":[],"class_list":{"0":"post-38348","1":"product","2":"type-product","3":"status-publish","4":"has-post-thumbnail","6":"product_cat-cac-nuoc-khac","7":"product_cat-nguyen-lieu-lam-bep","8":"product_cat-sua-do-uong","10":"first","11":"outofstock","12":"sale","13":"shipping-taxable","14":"purchasable","15":"product-type-simple"},"_links":{"self":[{"href":"https:\/\/havamall.vn\/en\/wp-json\/wp\/v2\/product\/38348"}],"collection":[{"href":"https:\/\/havamall.vn\/en\/wp-json\/wp\/v2\/product"}],"about":[{"href":"https:\/\/havamall.vn\/en\/wp-json\/wp\/v2\/types\/product"}],"replies":[{"embeddable":true,"href":"https:\/\/havamall.vn\/en\/wp-json\/wp\/v2\/comments?post=38348"}],"version-history":[{"count":0,"href":"https:\/\/havamall.vn\/en\/wp-json\/wp\/v2\/product\/38348\/revisions"}],"wp:featuredmedia":[{"embeddable":true,"href":"https:\/\/havamall.vn\/en\/wp-json\/wp\/v2\/media\/38349"}],"wp:attachment":[{"href":"https:\/\/havamall.vn\/en\/wp-json\/wp\/v2\/media?parent=38348"}],"wp:term":[{"taxonomy":"product_brand","embeddable":true,"href":"https:\/\/havamall.vn\/en\/wp-json\/wp\/v2\/product_brand?post=38348"},{"taxonomy":"product_cat","embeddable":true,"href":"https:\/\/havamall.vn\/en\/wp-json\/wp\/v2\/product_cat?post=38348"},{"taxonomy":"product_tag","embeddable":true,"href":"https:\/\/havamall.vn\/en\/wp-json\/wp\/v2\/product_tag?post=38348"}],"curies":[{"name":"wp","href":"https:\/\/api.w.org\/{rel}","templated":true}]}}