{"id":38345,"date":"2025-04-23T16:34:19","date_gmt":"2025-04-23T09:34:19","guid":{"rendered":"https:\/\/havamall.vn\/?post_type=product&#038;p=38345"},"modified":"2025-04-24T10:46:09","modified_gmt":"2025-04-24T03:46:09","slug":"thanh-keo-socola-bac-ha-andes-43g-andes-creme-de-menthe-snap-bar","status":"publish","type":"product","link":"https:\/\/havamall.vn\/en\/shop\/thanh-keo-socola-bac-ha-andes-43g-andes-creme-de-menthe-snap-bar\/","title":{"rendered":"Thanh K\u1eb9o Socola B\u1ea1c H\u00e0 Andes 43g &#8211; Andes Cr\u00e8me de Menthe Snap Bar"},"content":{"rendered":"<h3 class=\"\" data-start=\"176\" data-end=\"202\"><strong data-start=\"180\" data-end=\"202\">Th\u00f4ng tin s\u1ea3n ph\u1ea9m<\/strong><\/h3>\n<table style=\"height: 145px; width: 62.4171%; border-collapse: collapse;\">\n<tbody>\n<tr>\n<td style=\"width: 23.913%;\">Th\u01b0\u01a1ng hi\u1ec7u<\/td>\n<td style=\"width: 76.087%;\">Andes<\/td>\n<\/tr>\n<tr>\n<td style=\"width: 23.913%;\">Xu\u1ea5t x\u1ee9<\/td>\n<td style=\"width: 76.087%;\">Hoa K\u1ef3<\/td>\n<\/tr>\n<tr>\n<td style=\"width: 23.913%;\">Th\u00e0nh ph\u1ea7n<\/td>\n<td style=\"width: 76.087%;\">\u0110\u01b0\u1eddng, d\u1ea7u c\u1ecd v\u00e0 d\u1ea7u h\u1ea1t c\u1ecd, ca cao (x\u1eed l\u00fd ki\u1ec1m), s\u1eefa kh\u00f4ng b\u00e9o, lactose, protein s\u1eefa c\u00f4 \u0111\u1eb7c, lecithin \u0111\u1eadu n\u00e0nh (ch\u1ea5t nh\u0169 h\u00f3a), h\u01b0\u01a1ng li\u1ec7u t\u1ef1 nhi\u00ean v\u00e0 nh\u00e2n t\u1ea1o, d\u1ea7u b\u1ea1c h\u00e0, m\u00e0u th\u1ef1c ph\u1ea9m (Yellow 5 Lake, Blue 1 Lake)<\/td>\n<\/tr>\n<tr>\n<td style=\"width: 23.913%;\">H\u1ea1n s\u1eed d\u1ee5ng<\/td>\n<td style=\"width: 76.087%;\">Xem tr\u00ean bao b\u00ec<\/td>\n<\/tr>\n<tr>\n<td style=\"width: 23.913%;\">B\u1ea3o qu\u1ea3n<\/td>\n<td style=\"width: 76.087%;\">N\u01a1i kh\u00f4 r\u00e1o, tho\u00e1ng m\u00e1t, tr\u00e1nh \u00e1nh n\u1eafng tr\u1ef1c ti\u1ebfp ho\u1eb7c b\u1ea3o qu\u1ea3n l\u1ea1nh<\/td>\n<\/tr>\n<tr>\n<td style=\"width: 23.913%;\">Th\u00f4ng tin d\u1ecb \u1ee9ng<\/td>\n<td style=\"width: 76.087%;\">Ch\u1ee9a s\u1eefa v\u00e0 \u0111\u1eadu n\u00e0nh<\/td>\n<\/tr>\n<\/tbody>\n<\/table>\n<p class=\"\" data-start=\"907\" data-end=\"1193\">Ra \u0111\u1eddi t\u1eeb n\u0103m 1950 t\u1ea1i th\u00e0nh ph\u1ed1 Delavan, bang Wisconsin, <strong data-start=\"965\" data-end=\"982\">Andes Candies<\/strong> nhanh ch\u00f3ng tr\u1edf th\u00e0nh m\u1ed9t trong nh\u1eefng th\u01b0\u01a1ng hi\u1ec7u socola n\u1ed5i ti\u1ebfng nh\u1ea5t n\u01b0\u1edbc M\u1ef9 v\u1edbi d\u00f2ng s\u1ea3n ph\u1ea9m <strong data-start=\"1081\" data-end=\"1106\">Andes Creme De Menthe<\/strong> \u2013 bi\u1ec3u t\u01b0\u1ee3ng c\u1ee7a s\u1ef1 k\u1ebft h\u1ee3p ho\u00e0n h\u1ea3o gi\u1eefa s\u00f4 c\u00f4 la m\u1ecbn m\u00e0ng v\u00e0 h\u01b0\u01a1ng b\u1ea1c h\u00e0 thanh m\u00e1t. \u0110\u1ebfn nay, Andes l\u00e0 m\u1ed9t ph\u1ea7n c\u1ee7a t\u1eadp \u0111o\u00e0n <strong data-start=\"1657\" data-end=\"1684\">Tootsie Roll Industries<\/strong>\u00a0\u2013 cha \u0111\u1ebb c\u1ee7a nhi\u1ec1u th\u01b0\u01a1ng hi\u1ec7u k\u1eb9o huy\u1ec1n tho\u1ea1i t\u1ea1i M\u1ef9. V\u1edbi g\u1ea7n m\u1ed9t th\u1ebf k\u1ef7 h\u00ecnh th\u00e0nh v\u00e0 ph\u00e1t tri\u1ec3n, Andes v\u1eabn gi\u1eef v\u1eefng v\u1ecb th\u1ebf l\u00e0 &#8220;ng\u00f4i sao b\u1ea1c h\u00e0&#8221; c\u1ee7a l\u00e0ng socola to\u00e0n c\u1ea7u<\/p>\n<p data-start=\"907\" data-end=\"1193\"><img fetchpriority=\"high\" decoding=\"async\" class=\"aligncenter\" src=\"https:\/\/scontent.fsgn19-1.fna.fbcdn.net\/v\/t39.30808-6\/465056961_27446446274999797_4979538238235455677_n.jpg?_nc_cat=105&amp;ccb=1-7&amp;_nc_sid=86c6b0&amp;_nc_ohc=Q2chadW2xGUQ7kNvwHK6eth&amp;_nc_oc=AdmzyVNV-YNu2hO67wH_sdLlYdjvWa16M9kDMdQ5msB1PV2rmTfMQnrX_p43QqocYd_qjYvoG0jslUErbQFYUPAI&amp;_nc_zt=23&amp;_nc_ht=scontent.fsgn19-1.fna&amp;_nc_gid=HXjgo-A_1W5RbBG99OaOkw&amp;oh=00_AfFvo4PlTsSVbsdNb1haJ_HONNNB5yL06Luqd66xk3ubfA&amp;oe=680E8F7A\" alt=\"Kh\u00f4ng c\u00f3 m\u00f4 t\u1ea3 \u1ea3nh.\" width=\"876\" height=\"324\" \/><\/p>\n<p class=\"\" data-start=\"1195\" data-end=\"1615\"><strong data-start=\"1214\" data-end=\"1229\">Andes Mints l\u00e0 <\/strong>s\u1ea3n ph\u1ea9m \u0111\u1ea7u ti\u00ean &#8211; vi\u00ean k\u1eb9o socola \u2013 b\u1ea1c h\u00e0 nh\u1ecf xinh, \u0111\u01b0\u1ee3c \u0111\u00f3ng g\u00f3i sang tr\u1ecdng, th\u01b0\u1eddng xu\u1ea5t hi\u1ec7n trong c\u00e1c nh\u00e0 h\u00e0ng cao c\u1ea5p nh\u01b0 m\u1ed9t m\u00f3n tr\u00e1ng mi\u1ec7ng tinh t\u1ebf sau b\u1eefa \u0103n. V\u1edbi s\u1ef1 y\u00eau th\u00edch v\u00e0 tin d\u00f9ng r\u1ed9ng r\u00e3i, th\u01b0\u01a1ng hi\u1ec7u Andes \u0111\u00e3 ph\u00e1t tri\u1ec3n th\u00eam nhi\u1ec1u phi\u00ean b\u1ea3n m\u1edbi, trong \u0111\u00f3 c\u00f3 d\u00f2ng <strong data-start=\"1497\" data-end=\"1509\">Snap Bar<\/strong> \u2013 mang \u0111\u1ebfn m\u1ed9t tr\u1ea3i nghi\u1ec7m socola hi\u1ec7n \u0111\u1ea1i, ti\u1ec7n l\u1ee3i nh\u01b0ng v\u1eabn gi\u1eef nguy\u00ean tinh th\u1ea7n thanh l\u1ecbch \u0111\u1eb7c tr\u01b0ng.<\/p>\n<p data-start=\"1195\" data-end=\"1615\"><img decoding=\"async\" class=\"aligncenter\" src=\"https:\/\/scontent.fsgn19-1.fna.fbcdn.net\/v\/t39.30808-6\/464803537_27399652509679174_4310017324778295203_n.png?_nc_cat=111&amp;ccb=1-7&amp;_nc_sid=0b6b33&amp;_nc_ohc=pZbCsbts8HQQ7kNvwECbOWu&amp;_nc_oc=AdnsV1N6P8y4e3wSFUWEgSRu77Je0w-rAvTN3NDUTkRxhu7Ld1CMpisVyiwiZ1BCbE19edgYyCdPNZKcYGQeyCLp&amp;_nc_zt=23&amp;_nc_ht=scontent.fsgn19-1.fna&amp;_nc_gid=uaH34qKxyjw6GlABjzpNVw&amp;oh=00_AfF5Ceev8b3Kdy2PK8Cin3i2mUB5yvs_eKv1WN5hP2sFGQ&amp;oe=680E30F9\" width=\"876\" height=\"876\" \/><\/p>\n<p class=\"\" data-start=\"1929\" data-end=\"2115\"><strong data-start=\"1929\" data-end=\"1963\">Andes Creme De Menthe Snap Bar<\/strong> l\u00e0 phi\u00ean b\u1ea3n n\u00e2ng c\u1ea5p c\u1ee7a vi\u00ean k\u1eb9o b\u1ea1c h\u00e0 truy\u1ec1n th\u1ed1ng, nay \u0111\u01b0\u1ee3c \u201ctr\u00ecnh b\u00e0y\u201d d\u01b0\u1edbi d\u1ea1ng thanh d\u00e0i c\u00f3 th\u1ec3 b\u1ebb g\u1ecdn t\u1eebng mi\u1ebfng \u2013 c\u1ef1c k\u1ef3 ti\u1ec7n l\u1ee3i v\u00e0 \u0111\u1eb9p m\u1eaft. M\u1ed7i thanh bao g\u1ed3m <strong data-start=\"2135\" data-end=\"2154\">ba l\u1edbp ho\u00e0n h\u1ea3o<\/strong>:<\/p>\n<ul data-start=\"2158\" data-end=\"2364\">\n<li class=\"\" data-start=\"2158\" data-end=\"2229\">\n<p class=\"\" data-start=\"2160\" data-end=\"2229\"><strong data-start=\"2160\" data-end=\"2197\">L\u1edbp socola s\u1eefa m\u1ecbn m\u00e0ng b\u00ean ngo\u00e0i<\/strong>, tan ch\u1ea3y \u00eam \u00e1i tr\u00ean \u0111\u1ea7u l\u01b0\u1ee1i<\/p>\n<\/li>\n<li class=\"\" data-start=\"2230\" data-end=\"2289\">\n<p class=\"\" data-start=\"2232\" data-end=\"2289\"><strong data-start=\"2232\" data-end=\"2257\">L\u1edbp kem b\u1ea1c h\u00e0 \u1edf gi\u1eefa<\/strong>, d\u1ecbu nh\u1eb9 v\u00e0 th\u01a1m m\u00e1t t\u1ef1 nhi\u00ean<\/p>\n<\/li>\n<li class=\"\" data-start=\"2290\" data-end=\"2364\">\n<p class=\"\" data-start=\"2292\" data-end=\"2364\"><strong data-start=\"2292\" data-end=\"2327\">L\u1edbp socola n\u1ec1n \u0111\u1eadm v\u1ecb ph\u00eda d\u01b0\u1edbi<\/strong>, c\u00e2n b\u1eb1ng ho\u00e0n h\u1ea3o gi\u1eefa ng\u1ecdt v\u00e0 \u0111\u1eafng<\/p>\n<\/li>\n<\/ul>\n<p><img decoding=\"async\" class=\"aligncenter\" src=\"https:\/\/scontent.fsgn19-1.fna.fbcdn.net\/v\/t39.30808-6\/465031127_27425675890410169_7186268881365571417_n.jpg?_nc_cat=103&amp;ccb=1-7&amp;_nc_sid=127cfc&amp;_nc_ohc=Q8X5PxdcZ1wQ7kNvwG5JKvR&amp;_nc_oc=Adl9Tu3BBJIp2qbPZz0xspLwMBrK3mw4E-hN0RwBe642xD1AIpU2oi7zskLlfrLpwUvoHISESntd89OnXOxvUuL4&amp;_nc_zt=23&amp;_nc_ht=scontent.fsgn19-1.fna&amp;_nc_gid=-oTRg-kMmrAvnYGJCqQz9Q&amp;oh=00_AfHXffMo-f5uOY57AcnIBQAH6D80MRM9rjx7zAXI9vDF-w&amp;oe=680E45A7\" width=\"867\" height=\"578\" \/><\/p>\n<p class=\"\" data-start=\"2366\" data-end=\"2576\">S\u1ef1 k\u1ebft h\u1ee3p n\u00e0y mang \u0111\u1ebfn c\u1ea3m gi\u00e1c <strong data-start=\"2399\" data-end=\"2423\">&#8220;m\u00e1t l\u1ea1nh ng\u1ecdt ng\u00e0o&#8221;<\/strong>, kh\u00f4ng qu\u00e1 n\u1ed3ng v\u1ecb b\u1ea1c h\u00e0 nh\u01b0 k\u1eb9o the, c\u0169ng kh\u00f4ng qu\u00e1 b\u00e9o nh\u01b0 c\u00e1c d\u00f2ng socola truy\u1ec1n th\u1ed1ng \u2013 v\u1eeba \u0111\u1ee7 \u0111\u1ec3 g\u00e2y \u1ea5n t\u01b0\u1ee3ng, v\u1eeba d\u1ec5 ch\u1ecbu \u0111\u1ec3 th\u01b0\u1edfng th\u1ee9c l\u00e2u d\u00e0i. Thanh socola \u0111\u01b0\u1ee3c chia theo c\u00e1c r\u00e3nh b\u1ebb ti\u1ec7n d\u1ee5ng, r\u1ea5t l\u00fd t\u01b0\u1edfng \u0111\u1ec3 chia s\u1ebb v\u1edbi b\u1ea1n b\u00e8, d\u00f9ng trong ti\u1ec7c tr\u00e0, trang tr\u00ed b\u00e1nh ng\u1ecdt, ho\u1eb7c ch\u1ec9 \u0111\u01a1n gi\u1ea3n l\u00e0 m\u1ed9t ch\u00fat &#8220;ng\u1ecdt m\u00e1t&#8221; khi b\u1ea1n c\u1ea7n m\u1ed9t li\u1ec1u dopamine trong ng\u00e0y d\u00e0i.<\/p>\n<p data-start=\"2366\" data-end=\"2576\"><img loading=\"lazy\" decoding=\"async\" class=\"aligncenter\" src=\"https:\/\/scontent.fsgn19-1.fna.fbcdn.net\/v\/t39.30808-6\/487561715_28993691830275226_3911924494352732923_n.jpg?_nc_cat=100&amp;ccb=1-7&amp;_nc_sid=127cfc&amp;_nc_ohc=qHN82QEU9qMQ7kNvwH3r0UN&amp;_nc_oc=Adk9AjnI2uIkOJFnFjVyxOitPtEIpxb82xi_S-kost7QF82nlQdE-xxQZr7P2Uxnl6UtYccGYD9lcQ1iDLrZv8Ii&amp;_nc_zt=23&amp;_nc_ht=scontent.fsgn19-1.fna&amp;_nc_gid=yOBOHZbJQqd5oXp9l_8-AA&amp;oh=00_AfHz7zccQI7WUXVi6L1Hmgqw9QMMp8uLjZf-bf8ziKQIiw&amp;oe=680E3222\" width=\"873\" height=\"873\" \/><\/p>\n<h3 class=\"\" data-start=\"3099\" data-end=\"3137\"><strong data-start=\"3103\" data-end=\"3135\">H\u01b0\u1edbng d\u1eabn s\u1eed d\u1ee5ng &amp; b\u1ea3o qu\u1ea3n<\/strong><\/h3>\n<p class=\"\" data-start=\"3138\" data-end=\"3411\"><strong data-start=\"3138\" data-end=\"3152\">C\u00e1ch d\u00f9ng:<\/strong> D\u00f9ng tr\u1ef1c ti\u1ebfp. C\u00f3 th\u1ec3 k\u1ebft h\u1ee3p v\u1edbi b\u00e1nh quy, kem, c\u00e0 ph\u00ea, ho\u1eb7c d\u00f9ng l\u00e0m topping cho m\u00f3n tr\u00e1ng mi\u1ec7ng.<br data-start=\"3253\" data-end=\"3256\" \/><strong data-start=\"3256\" data-end=\"3269\">B\u1ea3o qu\u1ea3n:<\/strong> \u0110\u1ec3 n\u01a1i kh\u00f4 r\u00e1o, tho\u00e1ng m\u00e1t, tr\u00e1nh nhi\u1ec7t \u0111\u1ed9 cao v\u00e0 \u00e1nh n\u1eafng m\u1eb7t tr\u1eddi. Kh\u00f4ng \u0111\u1ec3 trong t\u1ee7 l\u1ea1nh qu\u00e1 l\u00e2u \u0111\u1ec3 tr\u00e1nh m\u1ea5t k\u1ebft c\u1ea5u m\u1ecbn m\u00e0ng c\u1ee7a socola.<\/p>\n<p data-start=\"3138\" data-end=\"3411\"><img loading=\"lazy\" decoding=\"async\" class=\"aligncenter\" src=\"https:\/\/scontent.fsgn19-1.fna.fbcdn.net\/v\/t39.30808-6\/464784199_27399652223012536_8082182787469171996_n.jpg?_nc_cat=109&amp;ccb=1-7&amp;_nc_sid=0b6b33&amp;_nc_ohc=2om8wGB1g-MQ7kNvwEBzwjr&amp;_nc_oc=Adn518Q7ueK5dS-7vTxlP2bPD2lzeyEdtYYwJBwLUzXWlJVFRcWfhY-1X0agDGF5EvEMRXoynUymemuOPNQlArU7&amp;_nc_zt=23&amp;_nc_ht=scontent.fsgn19-1.fna&amp;_nc_gid=VsClYVzOOkGByrvZVGZDTA&amp;oh=00_AfF5k90MwSR0Blwpok3sr65qg-ImDxGdNGj8JLh97IeQ6g&amp;oe=680E3F88\" width=\"880\" height=\"880\" \/><\/p>\n<p data-start=\"3138\" data-end=\"3411\">Hi\u1ec7n t\u1ea1i, <strong data-start=\"3428\" data-end=\"3462\">Andes Creme De Menthe Snap Bar<\/strong> \u0111\u00e3 c\u00f3 m\u1eb7t t\u1ea1i c\u00e1c s\u00e0n th\u01b0\u01a1ng m\u1ea1i \u0111i\u1ec7n t\u1eed v\u00e0 c\u1eeda h\u00e0ng nh\u1eadp kh\u1ea9u ch\u00ednh h\u00e3ng C\u1ee7a <a href=\"https:\/\/havamall.vn\/\"><strong>Havamall<\/strong><\/a>, gi\u00fap b\u1ea1n d\u1ec5 d\u00e0ng tr\u1ea3i nghi\u1ec7m h\u01b0\u01a1ng v\u1ecb chu\u1ea9n M\u1ef9 v\u1edbi m\u1ee9c gi\u00e1 h\u1ee3p l\u00fd v\u00e0 ch\u1ea5t l\u01b0\u1ee3ng \u0111\u1ea3m b\u1ea3o.<\/p>","protected":false},"excerpt":{"rendered":"<p>Th\u00f4ng tin s\u1ea3n ph\u1ea9m Th\u01b0\u01a1ng hi\u1ec7u Andes Xu\u1ea5t x\u1ee9 Hoa K\u1ef3 Th\u00e0nh ph\u1ea7n \u0110\u01b0\u1eddng, d\u1ea7u c\u1ecd v\u00e0 d\u1ea7u h\u1ea1t c\u1ecd,<\/p>","protected":false},"featured_media":38346,"comment_status":"open","ping_status":"closed","template":"","meta":[],"product_brand":[],"product_cat":[668,133],"product_tag":[],"class_list":{"0":"post-38345","1":"product","2":"type-product","3":"status-publish","4":"has-post-thumbnail","6":"product_cat-san-pham-theo-quoc-gia","7":"product_cat-banh-keo-chocolate","9":"first","10":"instock","11":"sale","12":"shipping-taxable","13":"purchasable","14":"product-type-simple"},"_links":{"self":[{"href":"https:\/\/havamall.vn\/en\/wp-json\/wp\/v2\/product\/38345"}],"collection":[{"href":"https:\/\/havamall.vn\/en\/wp-json\/wp\/v2\/product"}],"about":[{"href":"https:\/\/havamall.vn\/en\/wp-json\/wp\/v2\/types\/product"}],"replies":[{"embeddable":true,"href":"https:\/\/havamall.vn\/en\/wp-json\/wp\/v2\/comments?post=38345"}],"version-history":[{"count":0,"href":"https:\/\/havamall.vn\/en\/wp-json\/wp\/v2\/product\/38345\/revisions"}],"wp:featuredmedia":[{"embeddable":true,"href":"https:\/\/havamall.vn\/en\/wp-json\/wp\/v2\/media\/38346"}],"wp:attachment":[{"href":"https:\/\/havamall.vn\/en\/wp-json\/wp\/v2\/media?parent=38345"}],"wp:term":[{"taxonomy":"product_brand","embeddable":true,"href":"https:\/\/havamall.vn\/en\/wp-json\/wp\/v2\/product_brand?post=38345"},{"taxonomy":"product_cat","embeddable":true,"href":"https:\/\/havamall.vn\/en\/wp-json\/wp\/v2\/product_cat?post=38345"},{"taxonomy":"product_tag","embeddable":true,"href":"https:\/\/havamall.vn\/en\/wp-json\/wp\/v2\/product_tag?post=38345"}],"curies":[{"name":"wp","href":"https:\/\/api.w.org\/{rel}","templated":true}]}}