{"id":38285,"date":"2025-04-20T16:53:21","date_gmt":"2025-04-20T09:53:21","guid":{"rendered":"https:\/\/havamall.vn\/?post_type=product&#038;p=38285"},"modified":"2025-05-13T10:59:55","modified_gmt":"2025-05-13T03:59:55","slug":"kem-oc-que-walls-cornetto-socola-brownie-88g-walls-cornetto-dark-chocolate-brownie","status":"publish","type":"product","link":"https:\/\/havamall.vn\/en\/shop\/kem-oc-que-walls-cornetto-socola-brownie-88g-walls-cornetto-dark-chocolate-brownie\/","title":{"rendered":"Kem \u1ed0c Qu\u1ebf Wall\u2019s Cornetto Dark Chocolate Brownie 66g \u2013 Wall\u2019s Cornetto Dark Chocolate Brownie"},"content":{"rendered":"<h2 class=\"\" data-start=\"319\" data-end=\"344\">Th\u00f4ng tin s\u1ea3n ph\u1ea9m<\/h2>\n<table class=\"min-w-full\" style=\"width: 84.8232%;height: 160px\" data-start=\"346\" data-end=\"845\">\n<thead data-start=\"346\" data-end=\"374\">\n<tr data-start=\"346\" data-end=\"374\">\n<th style=\"width: 15.8963%\" data-start=\"346\" data-end=\"364\"><strong data-start=\"348\" data-end=\"363\">Th\u01b0\u01a1ng hi\u1ec7u<\/strong><\/th>\n<th style=\"width: 83.2018%\" data-start=\"364\" data-end=\"374\">Wall\u2019s<\/th>\n<\/tr>\n<\/thead>\n<tbody data-start=\"404\" data-end=\"845\">\n<tr data-start=\"404\" data-end=\"489\">\n<td class=\"max-w-[calc(var(--thread-content-max-width)*2\/3)]\" style=\"width: 15.8963%\" data-start=\"404\" data-end=\"448\"><span class=\"relative -mx-px my-[-0.2rem] rounded px-px py-[0.2rem] transition-colors duration-100 ease-in-out\"><strong data-start=\"0\" data-end=\"11\" data-is-last-node=\"\" data-is-only-node=\"\">Xu\u1ea5t x\u1ee9<\/strong><\/span><\/td>\n<td class=\"max-w-[calc(var(--thread-content-max-width)*2\/3)]\" style=\"width: 83.2018%\" data-start=\"448\" data-end=\"489\"><span class=\"relative -mx-px my-[-0.2rem] rounded px-px py-[0.2rem] transition-colors duration-100 ease-in-out\">Th\u00e1i Lan<\/span><\/td>\n<\/tr>\n<tr data-start=\"490\" data-end=\"574\">\n<td class=\"max-w-[calc(var(--thread-content-max-width)*2\/3)]\" style=\"width: 15.8963%\" data-start=\"490\" data-end=\"531\"><span class=\"relative -mx-px my-[-0.2rem] rounded px-px py-[0.2rem] transition-colors duration-100 ease-in-out\"><strong data-start=\"0\" data-end=\"14\" data-is-last-node=\"\" data-is-only-node=\"\">Th\u00e0nh ph\u1ea7n<\/strong><\/span><\/td>\n<td class=\"max-w-[calc(var(--thread-content-max-width)*2\/3)]\" style=\"width: 83.2018%\" data-start=\"531\" data-end=\"574\"><span class=\"relative -mx-px my-[-0.2rem] rounded px-px py-[0.2rem] transition-colors duration-100 ease-in-out\">Xem tr\u00ean bao b\u00ec<\/span><\/td>\n<\/tr>\n<tr data-start=\"575\" data-end=\"660\">\n<td class=\"max-w-[calc(var(--thread-content-max-width)*2\/3)]\" style=\"width: 15.8963%\" data-start=\"575\" data-end=\"617\"><span class=\"relative -mx-px my-[-0.2rem] rounded px-px py-[0.2rem] transition-colors duration-100 ease-in-out\"><strong data-start=\"0\" data-end=\"15\" data-is-last-node=\"\" data-is-only-node=\"\">H\u1ea1n s\u1eed d\u1ee5ng<\/strong><\/span><\/td>\n<td class=\"max-w-[calc(var(--thread-content-max-width)*2\/3)]\" style=\"width: 83.2018%\" data-start=\"617\" data-end=\"660\"><span class=\"relative -mx-px my-[-0.2rem] rounded px-px py-[0.2rem] transition-colors duration-100 ease-in-out\">Xem tr\u00ean bao b\u00ec s\u1ea3n ph\u1ea9m<\/span><\/td>\n<\/tr>\n<tr data-start=\"661\" data-end=\"749\">\n<td class=\"max-w-[calc(var(--thread-content-max-width)*2\/3)]\" style=\"width: 15.8963%\" data-start=\"661\" data-end=\"706\"><span class=\"relative -mx-px my-[-0.2rem] rounded px-px py-[0.2rem] transition-colors duration-100 ease-in-out\"><strong data-start=\"0\" data-end=\"12\" data-is-last-node=\"\" data-is-only-node=\"\">B\u1ea3o qu\u1ea3n<\/strong><\/span><\/td>\n<td class=\"max-w-[calc(var(--thread-content-max-width)*2\/3)]\" style=\"width: 83.2018%\" data-start=\"706\" data-end=\"749\"><span class=\"relative -mx-px my-[-0.2rem] rounded px-px py-[0.2rem] transition-colors duration-100 ease-in-out\">B\u1ea3o qu\u1ea3n \u1edf nhi\u1ec7t \u0111\u1ed9 -18\u00b0C ho\u1eb7c trong ng\u0103n \u0111\u00e1 t\u1ee7 l\u1ea1nh<\/span><\/td>\n<\/tr>\n<tr data-start=\"750\" data-end=\"845\">\n<td class=\"max-w-[calc(var(--thread-content-max-width)*2\/3)]\" style=\"width: 15.8963%\" data-start=\"750\" data-end=\"792\"><span class=\"relative -mx-px my-[-0.2rem] rounded px-px py-[0.2rem] transition-colors duration-100 ease-in-out\"><strong data-start=\"0\" data-end=\"19\" data-is-last-node=\"\" data-is-only-node=\"\">Kh\u1ed1i l\u01b0\u1ee3ng t\u1ecbnh<\/strong><\/span><\/td>\n<td class=\"max-w-[calc(var(--thread-content-max-width)*2\/3)]\" style=\"width: 83.2018%\" data-start=\"792\" data-end=\"798\">66g<\/td>\n<\/tr>\n<\/tbody>\n<\/table>\n<p data-sourcepos=\"5:1-5:582\">Kh\u1edfi ngu\u1ed3n t\u1eeb m\u1ed9t c\u1eeda h\u00e0ng th\u1ecbt t\u1ea1i Anh v\u00e0o nh\u1eefng n\u0103m 1920, th\u01b0\u01a1ng hi\u1ec7u <strong>Wall&#8217;s<\/strong> \u0111\u00e3 c\u00f3 m\u1ed9t b\u01b0\u1edbc chuy\u1ec3n m\u00ecnh \u0111\u1ea7y s\u00e1ng t\u1ea1o khi l\u1ea5n s\u00e2n sang l\u0129nh v\u1ef1c kem l\u1ea1nh, t\u1eadn d\u1ee5ng ngu\u1ed3n l\u1ef1c s\u1eb5n c\u00f3 \u0111\u1ec3 mang \u0111\u1ebfn nh\u1eefng s\u1ea3n ph\u1ea9m m\u00e1t l\u1ea1nh v\u00e0 ng\u1ecdt ng\u00e0o. Nhanh ch\u00f3ng chinh ph\u1ee5c kh\u1ea9u v\u1ecb c\u1ee7a ng\u01b0\u1eddi d\u00e2n Anh, Wall&#8217;s ti\u1ebfp t\u1ee5c v\u01b0\u01a1n ra th\u1ecb tr\u01b0\u1eddng qu\u1ed1c t\u1ebf v\u00e0 \u0111\u1ebfn n\u0103m 1922 ch\u00ednh th\u1ee9c tr\u1edf th\u00e0nh m\u1ed9t ph\u1ea7n c\u1ee7a t\u1eadp \u0111o\u00e0n Unilever. V\u1edbi b\u1ec1 d\u00e0y l\u1ecbch s\u1eed v\u00e0 kh\u00f4ng ng\u1eebng \u0111\u1ed5i m\u1edbi, Wall&#8217;s \u0111\u00e3 tr\u1edf th\u00e0nh m\u1ed9t trong nh\u1eefng th\u01b0\u01a1ng hi\u1ec7u kem h\u00e0ng \u0111\u1ea7u th\u1ebf gi\u1edbi, mang \u0111\u1ebfn ni\u1ec1m vui v\u00e0 nh\u1eefng kho\u1ea3nh kh\u1eafc s\u1ea3ng kho\u00e1i cho h\u00e0ng tri\u1ec7u ng\u01b0\u1eddi.<\/p>\n<p data-sourcepos=\"5:1-5:582\"><img fetchpriority=\"high\" decoding=\"async\" class=\"aligncenter\" src=\"https:\/\/havamall.com\/wp-content\/uploads\/2025\/04\/91122370.png\" width=\"947\" height=\"645\" \/><\/p>\n<p data-sourcepos=\"7:1-7:575\">Trong &#8220;gia \u0111\u00ecnh&#8221; kem \u0111a d\u1ea1ng c\u1ee7a Wall&#8217;s, <strong>Cornetto<\/strong> n\u1ed5i b\u1eadt nh\u01b0 m\u1ed9t d\u00f2ng s\u1ea3n ph\u1ea9m kem \u1ed1c qu\u1ebf tr\u1ee9 danh, \u0111\u01b0\u1ee3c y\u00eau th\u00edch tr\u00ean to\u00e0n c\u1ea7u. <strong>\u00dd t\u01b0\u1edfng v\u1ec1 kem \u1ed1c qu\u1ebf<\/strong> manh nha t\u1eeb nh\u1eefng n\u0103m 1950 t\u1ea1i \u00dd, xu\u1ea5t ph\u00e1t t\u1eeb mong mu\u1ed1n mang \u0111\u1ebfn m\u1ed9t c\u00e1ch th\u01b0\u1edfng th\u1ee9c kem ti\u1ec7n l\u1ee3i v\u00e0 th\u00fa v\u1ecb, k\u1ebft h\u1ee3p gi\u1eefa v\u1ecb m\u00e1t l\u1ea1nh c\u1ee7a kem v\u00e0 \u0111\u1ed9 gi\u00f2n tan c\u1ee7a b\u00e1nh \u1ed1c qu\u1ebf. Cornetto ng\u00e0y nay \u0111\u00e3 ph\u00e1t tri\u1ec3n th\u00e0nh nhi\u1ec1u phi\u00ean b\u1ea3n h\u1ea5p d\u1eabn, \u0111\u00e1p \u1ee9ng m\u1ecdi gu th\u01b0\u1edfng th\u1ee9c nh\u01b0 <strong>Cornetto Classic<\/strong> l\u00e0 l\u1ef1a ch\u1ecdn truy\u1ec1n th\u1ed1ng v\u1edbi c\u00e1c h\u01b0\u01a1ng v\u1ecb vani, s\u00f4 c\u00f4 la, d\u00e2u t\u00e2y quen thu\u1ed9c. <strong>Cornetto Soft<\/strong> chinh ph\u1ee5c ng\u01b0\u1eddi d\u00f9ng b\u1eb1ng l\u1edbp kem m\u1ec1m x\u1ed1p, tan ch\u1ea3y. <strong>Cornetto Disc<\/strong> n\u1ed5i b\u1eadt v\u1edbi kem ph\u1eb3ng v\u00e0 l\u1edbp topping \u0111a d\u1ea1ng. <strong>Cornetto King<\/strong> \u0111\u00e1p \u1ee9ng nhu c\u1ea7u th\u01b0\u1edfng th\u1ee9c &#8220;\u0111\u00e3&#8221; h\u01a1n v\u1edbi k\u00edch th\u01b0\u1edbc l\u1edbn. Cu\u1ed1i c\u00f9ng, <strong>Cornetto Special Editions<\/strong> mang \u0111\u1ebfn nh\u1eefng b\u1ea5t ng\u1edd th\u00fa v\u1ecb v\u1edbi s\u1ef1 k\u1ebft h\u1ee3p \u0111\u1ed9c \u0111\u00e1o c\u00f9ng c\u00e1c th\u01b0\u01a1ng hi\u1ec7u b\u00e1nh k\u1eb9o n\u1ed5i ti\u1ebfng ho\u1eb7c h\u01b0\u01a1ng v\u1ecb \u0111\u1eb7c bi\u1ec7t theo m\u00f9a.<\/p>\n<p data-sourcepos=\"7:1-7:575\"><img decoding=\"async\" class=\" wp-image-39271 aligncenter\" src=\"https:\/\/havamall.com\/wp-content\/uploads\/2025\/04\/482096554_1178835393598046_6322817181449752492_n.jpg\" alt=\"\" width=\"948\" height=\"948\" \/><\/p>\n<p class=\"\" data-start=\"1143\" data-end=\"1424\">Sau th\u00e0nh c\u00f4ng c\u1ee7a nh\u1eefng h\u01b0\u01a1ng v\u1ecb kinh \u0111i\u1ec3n, Cornetto ti\u1ebfp t\u1ee5c m\u1edf r\u1ed9ng d\u1ea3i h\u01b0\u01a1ng v\u1ecb \u0111\u1ed9c \u0111\u00e1o \u0111\u1ec3 chi\u1ec1u l\u00f2ng nh\u1eefng t\u00edn \u0111\u1ed3 y\u00eau th\u00edch v\u1ecb \u0111\u1eafng nh\u1eb9 tinh t\u1ebf v\u00e0 chi\u1ec1u s\u00e2u t\u1eeb socola. V\u00e0 Cornetto Dark Chocolate Brownie \u2013 S\u1ef1 k\u1ebft h\u1ee3p gi\u1eefa kem socola \u0111\u1eadm \u0111\u00e0, v\u1ee5n b\u00e1nh brownie m\u1ec1m m\u1ecbn v\u00e0 l\u1edbp \u1ed1c qu\u1ebf gi\u00f2n r\u1ee5m mang \u0111\u1ebfn tr\u1ea3i nghi\u1ec7m tr\u1ecdn v\u1eb9n v\u00e0 th\u1ecfa m\u00e3n m\u1ecdi gi\u00e1c quan.<\/p>\n<p class=\"\" data-start=\"1426\" data-end=\"1806\"><strong data-start=\"590\" data-end=\"629\">L\u1edbp kem socola \u0111en (dark chocolate)<\/strong> d\u00e0y d\u1eb7n, m\u1ecbn m\u00e0ng, tan ch\u1ea3y ngay tr\u00ean \u0111\u1ea7u l\u01b0\u1ee1i, m\u1edf \u0111\u1ea7u b\u1eb1ng v\u1ecb \u0111\u1eafng nh\u1eb9 \u0111\u1eb7c tr\u01b0ng \u2013 m\u1ed9t v\u1ecb socola &#8220;ng\u01b0\u1eddi l\u1edbn&#8221;, sang tr\u1ecdng v\u00e0 quy\u1ebfn r\u0169. K\u1ebft h\u1ee3p c\u00f9ng <strong data-start=\"778\" data-end=\"796\">x\u1ed1t socola \u0111\u1eb7c<\/strong> v\u00e0 <strong data-start=\"800\" data-end=\"824\">v\u1ee5n b\u00e1nh brownie m\u1ec1m<\/strong>, t\u1ea1o n\u00ean c\u1ea3m gi\u00e1c nh\u01b0 \u0111ang th\u01b0\u1edfng th\u1ee9c m\u1ed9t chi\u1ebfc b\u00e1nh ng\u1ecdt ki\u1ec3u \u00c2u nh\u01b0ng trong h\u00ecnh h\u00e0i c\u1ee7a m\u1ed9t c\u00e2y kem ti\u1ec7n l\u1ee3i.<\/p>\n<p data-start=\"1426\" data-end=\"1806\"><img decoding=\"async\" class=\" wp-image-39317 aligncenter\" src=\"https:\/\/havamall.com\/wp-content\/uploads\/2025\/04\/481070812_1178836223597963_3908548274813550498_n.jpg\" alt=\"\" width=\"960\" height=\"960\" \/><\/p>\n<p class=\"\" data-start=\"940\" data-end=\"1141\">Topping b\u00ean tr\u00ean l\u00e0 <strong data-start=\"960\" data-end=\"1024\">s\u1ed1t socola b\u00f3ng m\u1ecbn ph\u1ee7 l\u1edbp v\u1ee5n b\u00e1nh brownie v\u00e0 h\u1ea1t gi\u00f2n nh\u1ecf<\/strong> \u2013 kh\u00f4ng ch\u1ec9 \u0111\u1eb9p m\u1eaft m\u00e0 c\u00f2n t\u0103ng th\u00eam chi\u1ec1u s\u00e2u cho k\u1ebft c\u1ea5u: m\u1ec1m \u2013 gi\u00f2n \u2013 \u0111\u1eadm \u2013 b\u00e9o, t\u1ea5t c\u1ea3 \u0111an xen m\u1ed9t c\u00e1ch m\u01b0\u1ee3t m\u00e0.<\/p>\n<p data-start=\"1143\" data-end=\"1416\"><img loading=\"lazy\" decoding=\"async\" class=\" wp-image-39319 aligncenter\" src=\"https:\/\/havamall.com\/wp-content\/uploads\/2025\/04\/489927235.png\" alt=\"\" width=\"970\" height=\"970\" \/><\/p>\n<p class=\"\" data-start=\"1143\" data-end=\"1416\"><strong data-start=\"1143\" data-end=\"1174\">V\u1ecf \u1ed1c qu\u1ebf m\u00e0u cacao n\u00e2u \u0111\u1eadm<\/strong>, \u0111\u01b0\u1ee3c n\u01b0\u1edbng gi\u00f2n k\u1ef9 l\u01b0\u1ee1ng, v\u1eeba th\u01a1m v\u1ecb b\u00e1nh, v\u1eeba gi\u1eef tr\u1ecdn v\u1eb9n c\u1ea5u tr\u00fac khi c\u1eafn. \u0110\u1eb7c bi\u1ec7t, l\u1edbp \u0111\u00e1y v\u1eabn l\u00e0 <strong data-start=\"1280\" data-end=\"1312\">socola nguy\u00ean ch\u1ea5t \u0111\u00f4ng c\u1ee9ng<\/strong>, quen thu\u1ed9c nh\u01b0ng ch\u01b0a bao gi\u1edd g\u00e2y nh\u00e0m ch\u00e1n \u2013 l\u00e0 ph\u1ea7n \u201ck\u1ebft m\u00e0n\u201d m\u1ea1nh m\u1ebd, \u0111\u1eadm \u0111\u00e0 nh\u01b0 m\u1ed9t d\u1ea5u ch\u1ea5m than!<\/p>\n<p data-start=\"2290\" data-end=\"2776\"><img loading=\"lazy\" decoding=\"async\" class=\"size-full wp-image-39313 aligncenter\" src=\"https:\/\/havamall.com\/wp-content\/uploads\/2025\/04\/EOxt9ehU4AA8mzx.jpg\" alt=\"\" width=\"978\" height=\"978\" \/><\/p>\n<h2 class=\"\" data-start=\"116\" data-end=\"151\"><span style=\"font-size: 14pt\"><strong data-start=\"119\" data-end=\"151\">H\u01af\u1edaNG D\u1eaaN S\u1eec D\u1ee4NG &amp; B\u1ea2O QU\u1ea2N<\/strong><\/span><\/h2>\n<p class=\"\" data-start=\"153\" data-end=\"330\"><strong data-start=\"153\" data-end=\"167\">C\u00e1ch d\u00f9ng:<\/strong> S\u1eed d\u1ee5ng ngay sau khi l\u1ea5y ra kh\u1ecfi t\u1ee7 \u0111\u00f4ng. Kh\u00f4ng t\u00e1i \u0111\u00f4ng s\u1ea3n ph\u1ea9m sau khi \u0111\u00e3 r\u00e3. Ng\u01b0ng s\u1eed d\u1ee5ng n\u1ebfu ph\u00e1t hi\u1ec7n d\u1ea5u hi\u1ec7u b\u1ea5t th\u01b0\u1eddng ho\u1eb7c s\u1ea3n ph\u1ea9m \u0111\u00e3 qu\u00e1 h\u1ea1n s\u1eed d\u1ee5ng.<\/p>\n<p class=\"\" data-start=\"332\" data-end=\"443\"><strong data-start=\"332\" data-end=\"345\">B\u1ea3o qu\u1ea3n:<\/strong> Gi\u1eef l\u1ea1nh \u1edf nhi\u1ec7t \u0111\u1ed9 -20\u00b0C ho\u1eb7c trong ng\u0103n \u0111\u00e1 t\u1ee7 l\u1ea1nh \u0111\u1ec3 duy tr\u00ec ch\u1ea5t l\u01b0\u1ee3ng v\u00e0 \u0111\u1ed9 gi\u00f2n c\u1ee7a \u1ed1c qu\u1ebf.<\/p>\n<p class=\"\" data-start=\"445\" data-end=\"775\">Hi\u1ec7n t\u1ea1i, c\u00e1c s\u1ea3n ph\u1ea9m Cornetto ch\u00ednh h\u00e3ng \u0111\u00e3 c\u00f3 m\u1eb7t t\u1ea1i <strong data-start=\"550\" data-end=\"562\">Havamall<\/strong>, n\u01a1i b\u1ea1n c\u00f3 th\u1ec3 d\u1ec5 d\u00e0ng t\u00ecm mua v\u1edbi m\u1ee9c gi\u00e1 h\u1ee3p l\u00fd, ngu\u1ed3n g\u1ed1c r\u00f5 r\u00e0ng v\u00e0 giao h\u00e0ng nhanh ch\u00f3ng. \u0110\u1eebng b\u1ecf l\u1ee1 c\u01a1 h\u1ed9i tr\u1ea3i nghi\u1ec7m nh\u1eefng h\u01b0\u01a1ng v\u1ecb kem \u1ed1c qu\u1ebf tinh t\u1ebf, th\u01a1m ngon v\u00e0 \u0111\u1ea7y c\u1ea3m x\u00fac \u0111\u1ebfn t\u1eeb th\u01b0\u01a1ng hi\u1ec7u Wall\u2019s!<\/p>\n","protected":false},"excerpt":{"rendered":"<p>Th\u00f4ng tin s\u1ea3n ph\u1ea9m Th\u01b0\u01a1ng hi\u1ec7u Wall\u2019s Xu\u1ea5t x\u1ee9 Th\u00e1i Lan Th\u00e0nh ph\u1ea7n Xem tr\u00ean bao b\u00ec H\u1ea1n s\u1eed d\u1ee5ng<\/p>","protected":false},"featured_media":38343,"comment_status":"open","ping_status":"closed","template":"","meta":[],"product_brand":[],"product_cat":[684,668],"product_tag":[],"class_list":{"0":"post-38285","1":"product","2":"type-product","3":"status-publish","4":"has-post-thumbnail","6":"product_cat-kem-lanh","7":"product_cat-san-pham-theo-quoc-gia","8":"pa_brand-walls","10":"first","11":"instock","12":"sale","13":"shipping-taxable","14":"purchasable","15":"product-type-simple"},"_links":{"self":[{"href":"https:\/\/havamall.vn\/en\/wp-json\/wp\/v2\/product\/38285"}],"collection":[{"href":"https:\/\/havamall.vn\/en\/wp-json\/wp\/v2\/product"}],"about":[{"href":"https:\/\/havamall.vn\/en\/wp-json\/wp\/v2\/types\/product"}],"replies":[{"embeddable":true,"href":"https:\/\/havamall.vn\/en\/wp-json\/wp\/v2\/comments?post=38285"}],"version-history":[{"count":0,"href":"https:\/\/havamall.vn\/en\/wp-json\/wp\/v2\/product\/38285\/revisions"}],"wp:featuredmedia":[{"embeddable":true,"href":"https:\/\/havamall.vn\/en\/wp-json\/wp\/v2\/media\/38343"}],"wp:attachment":[{"href":"https:\/\/havamall.vn\/en\/wp-json\/wp\/v2\/media?parent=38285"}],"wp:term":[{"taxonomy":"product_brand","embeddable":true,"href":"https:\/\/havamall.vn\/en\/wp-json\/wp\/v2\/product_brand?post=38285"},{"taxonomy":"product_cat","embeddable":true,"href":"https:\/\/havamall.vn\/en\/wp-json\/wp\/v2\/product_cat?post=38285"},{"taxonomy":"product_tag","embeddable":true,"href":"https:\/\/havamall.vn\/en\/wp-json\/wp\/v2\/product_tag?post=38285"}],"curies":[{"name":"wp","href":"https:\/\/api.w.org\/{rel}","templated":true}]}}