{"id":38280,"date":"2025-04-20T16:26:33","date_gmt":"2025-04-20T09:26:33","guid":{"rendered":"https:\/\/havamall.vn\/?post_type=product&#038;p=38280"},"modified":"2025-05-13T10:59:35","modified_gmt":"2025-05-13T03:59:35","slug":"kem-oc-que-walls-cornetto-vi-banh-quy-dau-88g-walls-cornetto-classic-strawberry-cookies","status":"publish","type":"product","link":"https:\/\/havamall.vn\/en\/shop\/kem-oc-que-walls-cornetto-vi-banh-quy-dau-88g-walls-cornetto-classic-strawberry-cookies\/","title":{"rendered":"Kem \u1ed0c Qu\u1ebf Vani Wall\u2019s Cornetto 66g \u2013 Wall&#8217;s Cornnetto Vanilla Flavour"},"content":{"rendered":"<h2 class=\"\" data-start=\"319\" data-end=\"344\">Th\u00f4ng tin s\u1ea3n ph\u1ea9m<\/h2>\n<div class=\"group pointer-events-none relative flex justify-center *:pointer-events-auto\">\n<div class=\"tableContainer horzScrollShadows relative\">\n<table class=\"min-w-full\" data-start=\"346\" data-end=\"845\">\n<thead data-start=\"346\" data-end=\"374\">\n<tr data-start=\"346\" data-end=\"374\">\n<th data-start=\"346\" data-end=\"364\"><strong data-start=\"348\" data-end=\"363\">Th\u01b0\u01a1ng hi\u1ec7u<\/strong><\/th>\n<th data-start=\"364\" data-end=\"374\">Wall\u2019s<\/th>\n<\/tr>\n<\/thead>\n<tbody data-start=\"404\" data-end=\"845\">\n<tr data-start=\"404\" data-end=\"489\">\n<td class=\"max-w-[calc(var(--thread-content-max-width)*2\/3)]\" data-start=\"404\" data-end=\"448\"><span class=\"relative -mx-px my-[-0.2rem] rounded px-px py-[0.2rem] transition-colors duration-100 ease-in-out\"><strong data-start=\"0\" data-end=\"11\" data-is-last-node=\"\" data-is-only-node=\"\">Xu\u1ea5t x\u1ee9<\/strong><\/span><\/td>\n<td class=\"max-w-[calc(var(--thread-content-max-width)*2\/3)]\" data-start=\"448\" data-end=\"489\"><span class=\"relative -mx-px my-[-0.2rem] rounded px-px py-[0.2rem] transition-colors duration-100 ease-in-out\">Vi\u1ec7t Nam<\/span><\/td>\n<\/tr>\n<tr data-start=\"490\" data-end=\"574\">\n<td class=\"max-w-[calc(var(--thread-content-max-width)*2\/3)]\" data-start=\"490\" data-end=\"531\"><span class=\"relative -mx-px my-[-0.2rem] rounded px-px py-[0.2rem] transition-colors duration-100 ease-in-out\"><strong data-start=\"0\" data-end=\"14\" data-is-last-node=\"\" data-is-only-node=\"\">Th\u00e0nh ph\u1ea7n<\/strong><\/span><\/td>\n<td class=\"max-w-[calc(var(--thread-content-max-width)*2\/3)]\" data-start=\"531\" data-end=\"574\"><span class=\"relative -mx-px my-[-0.2rem] rounded px-px py-[0.2rem] transition-colors duration-100 ease-in-out\">Xem tr\u00ean bao b\u00ec<\/span><\/td>\n<\/tr>\n<tr data-start=\"575\" data-end=\"660\">\n<td class=\"max-w-[calc(var(--thread-content-max-width)*2\/3)]\" data-start=\"575\" data-end=\"617\"><span class=\"relative -mx-px my-[-0.2rem] rounded px-px py-[0.2rem] transition-colors duration-100 ease-in-out\"><strong data-start=\"0\" data-end=\"15\" data-is-last-node=\"\" data-is-only-node=\"\">H\u1ea1n s\u1eed d\u1ee5ng<\/strong><\/span><\/td>\n<td class=\"max-w-[calc(var(--thread-content-max-width)*2\/3)]\" data-start=\"617\" data-end=\"660\"><span class=\"relative -mx-px my-[-0.2rem] rounded px-px py-[0.2rem] transition-colors duration-100 ease-in-out\">Xem tr\u00ean bao b\u00ec s\u1ea3n ph\u1ea9m<\/span><\/td>\n<\/tr>\n<tr data-start=\"661\" data-end=\"749\">\n<td class=\"max-w-[calc(var(--thread-content-max-width)*2\/3)]\" data-start=\"661\" data-end=\"706\"><span class=\"relative -mx-px my-[-0.2rem] rounded px-px py-[0.2rem] transition-colors duration-100 ease-in-out\"><strong data-start=\"0\" data-end=\"12\" data-is-last-node=\"\" data-is-only-node=\"\">B\u1ea3o qu\u1ea3n<\/strong><\/span><\/td>\n<td class=\"max-w-[calc(var(--thread-content-max-width)*2\/3)]\" data-start=\"706\" data-end=\"749\"><span class=\"relative -mx-px my-[-0.2rem] rounded px-px py-[0.2rem] transition-colors duration-100 ease-in-out\">B\u1ea3o qu\u1ea3n \u1edf nhi\u1ec7t \u0111\u1ed9 -18\u00b0C ho\u1eb7c trong ng\u0103n \u0111\u00e1 t\u1ee7 l\u1ea1nh<\/span><\/td>\n<\/tr>\n<tr data-start=\"750\" data-end=\"845\">\n<td class=\"max-w-[calc(var(--thread-content-max-width)*2\/3)]\" data-start=\"750\" data-end=\"792\"><span class=\"relative -mx-px my-[-0.2rem] rounded px-px py-[0.2rem] transition-colors duration-100 ease-in-out\"><strong data-start=\"0\" data-end=\"19\" data-is-last-node=\"\" data-is-only-node=\"\">Kh\u1ed1i l\u01b0\u1ee3ng t\u1ecbnh<\/strong><\/span><\/td>\n<td class=\"max-w-[calc(var(--thread-content-max-width)*2\/3)]\" data-start=\"792\" data-end=\"798\">66g<\/td>\n<\/tr>\n<\/tbody>\n<\/table>\n<p data-sourcepos=\"5:1-5:582\">Kh\u1edfi ngu\u1ed3n t\u1eeb m\u1ed9t c\u1eeda h\u00e0ng th\u1ecbt t\u1ea1i Anh v\u00e0o nh\u1eefng n\u0103m 1920, th\u01b0\u01a1ng hi\u1ec7u\u00a0<strong>Wall\u2019s<\/strong>\u00a0\u0111\u00e3 c\u00f3 m\u1ed9t b\u01b0\u1edbc chuy\u1ec3n m\u00ecnh \u0111\u1ea7y s\u00e1ng t\u1ea1o khi l\u1ea5n s\u00e2n sang l\u0129nh v\u1ef1c kem l\u1ea1nh, t\u1eadn d\u1ee5ng ngu\u1ed3n l\u1ef1c s\u1eb5n c\u00f3 \u0111\u1ec3 mang \u0111\u1ebfn nh\u1eefng s\u1ea3n ph\u1ea9m m\u00e1t l\u1ea1nh v\u00e0 ng\u1ecdt ng\u00e0o. Nhanh ch\u00f3ng chinh ph\u1ee5c kh\u1ea9u v\u1ecb c\u1ee7a ng\u01b0\u1eddi d\u00e2n Anh, Wall\u2019s ti\u1ebfp t\u1ee5c v\u01b0\u01a1n ra th\u1ecb tr\u01b0\u1eddng qu\u1ed1c t\u1ebf v\u00e0 \u0111\u1ebfn n\u0103m 1922 ch\u00ednh th\u1ee9c tr\u1edf th\u00e0nh m\u1ed9t ph\u1ea7n c\u1ee7a t\u1eadp \u0111o\u00e0n Unilever. V\u1edbi b\u1ec1 d\u00e0y l\u1ecbch s\u1eed v\u00e0 kh\u00f4ng ng\u1eebng \u0111\u1ed5i m\u1edbi, Wall\u2019s \u0111\u00e3 tr\u1edf th\u00e0nh m\u1ed9t trong nh\u1eefng th\u01b0\u01a1ng hi\u1ec7u kem h\u00e0ng \u0111\u1ea7u th\u1ebf gi\u1edbi, mang \u0111\u1ebfn ni\u1ec1m vui v\u00e0 nh\u1eefng kho\u1ea3nh kh\u1eafc s\u1ea3ng kho\u00e1i cho h\u00e0ng tri\u1ec7u ng\u01b0\u1eddi.<\/p>\n<\/div>\n<\/div>\n<div class=\"group pointer-events-none relative flex justify-center *:pointer-events-auto\">\n<div class=\"tableContainer horzScrollShadows relative\">\n<p data-sourcepos=\"5:1-5:582\"><img fetchpriority=\"high\" decoding=\"async\" class=\"aligncenter\" src=\"https:\/\/scontent.fsgn19-1.fna.fbcdn.net\/v\/t1.6435-9\/36913012_2088698271177694_6702127385430458368_n.jpg?_nc_cat=110&amp;ccb=1-7&amp;_nc_sid=127cfc&amp;_nc_ohc=7EJBkiQlkIsQ7kNvwEoMmYf&amp;_nc_oc=AdnWSSVoP0yuHP_Z3HKNoQ_x9-J4cYgbMKBGDSsEwuUEN37ngR1XT3oVXm6X_Lz_9kBFamBMO5Mg8lbE05AKmVmf&amp;_nc_zt=23&amp;_nc_ht=scontent.fsgn19-1.fna&amp;_nc_gid=Uuz9i1dsqtJ0y9fB6cG2bw&amp;oh=00_AfGjhmQTjdaKGJ6eLYA5_dLRnxSmEAShzMb8izUYjHOWyg&amp;oe=682A735A\" alt=\"Kh\u00f4ng c\u00f3 m\u00f4 t\u1ea3 \u1ea3nh.\" width=\"939\" height=\"939\" \/><\/p>\n<p data-sourcepos=\"7:1-7:575\">Trong \u201cgia \u0111\u00ecnh\u201d kem \u0111a d\u1ea1ng c\u1ee7a Wall\u2019s,\u00a0<strong>Cornetto<\/strong>\u00a0n\u1ed5i b\u1eadt nh\u01b0 m\u1ed9t d\u00f2ng s\u1ea3n ph\u1ea9m kem \u1ed1c qu\u1ebf tr\u1ee9 danh, \u0111\u01b0\u1ee3c y\u00eau th\u00edch tr\u00ean to\u00e0n c\u1ea7u.\u00a0<strong>\u00dd t\u01b0\u1edfng v\u1ec1 kem \u1ed1c qu\u1ebf<\/strong>\u00a0manh nha t\u1eeb nh\u1eefng n\u0103m 1950 t\u1ea1i \u00dd, xu\u1ea5t ph\u00e1t t\u1eeb mong mu\u1ed1n mang \u0111\u1ebfn m\u1ed9t c\u00e1ch th\u01b0\u1edfng th\u1ee9c kem ti\u1ec7n l\u1ee3i v\u00e0 th\u00fa v\u1ecb, k\u1ebft h\u1ee3p gi\u1eefa v\u1ecb m\u00e1t l\u1ea1nh c\u1ee7a kem v\u00e0 \u0111\u1ed9 gi\u00f2n tan c\u1ee7a b\u00e1nh \u1ed1c qu\u1ebf. Cornetto ng\u00e0y nay \u0111\u00e3 ph\u00e1t tri\u1ec3n th\u00e0nh nhi\u1ec1u phi\u00ean b\u1ea3n h\u1ea5p d\u1eabn, \u0111\u00e1p \u1ee9ng m\u1ecdi gu th\u01b0\u1edfng th\u1ee9c nh\u01b0\u00a0<strong>Cornetto Classic<\/strong>\u00a0l\u00e0 l\u1ef1a ch\u1ecdn truy\u1ec1n th\u1ed1ng v\u1edbi c\u00e1c h\u01b0\u01a1ng v\u1ecb vani, s\u00f4 c\u00f4 la, d\u00e2u t\u00e2y quen thu\u1ed9c.\u00a0<strong>Cornetto Soft<\/strong>\u00a0chinh ph\u1ee5c ng\u01b0\u1eddi d\u00f9ng b\u1eb1ng l\u1edbp kem m\u1ec1m x\u1ed1p, tan ch\u1ea3y.\u00a0<strong>Cornetto Disc<\/strong>\u00a0n\u1ed5i b\u1eadt v\u1edbi kem ph\u1eb3ng v\u00e0 l\u1edbp topping \u0111a d\u1ea1ng.\u00a0<strong>Cornetto King<\/strong>\u00a0\u0111\u00e1p \u1ee9ng nhu c\u1ea7u th\u01b0\u1edfng th\u1ee9c \u201c\u0111\u00e3\u201d h\u01a1n v\u1edbi k\u00edch th\u01b0\u1edbc l\u1edbn. Cu\u1ed1i c\u00f9ng,\u00a0<strong>Cornetto Special Editions<\/strong>\u00a0mang \u0111\u1ebfn nh\u1eefng b\u1ea5t ng\u1edd th\u00fa v\u1ecb v\u1edbi s\u1ef1 k\u1ebft h\u1ee3p \u0111\u1ed9c \u0111\u00e1o c\u00f9ng c\u00e1c th\u01b0\u01a1ng hi\u1ec7u b\u00e1nh k\u1eb9o n\u1ed5i ti\u1ebfng ho\u1eb7c h\u01b0\u01a1ng v\u1ecb \u0111\u1eb7c bi\u1ec7t theo m\u00f9a.<\/p>\n<p data-sourcepos=\"7:1-7:575\"><img decoding=\"async\" class=\" wp-image-39309 aligncenter\" src=\"https:\/\/havamall.com\/wp-content\/uploads\/2025\/04\/475841069_1158532282295024_5254605238109214015_n.jpg\" alt=\"\" width=\"948\" height=\"948\" \/><\/p>\n<p data-sourcepos=\"7:1-7:575\">D\u00f9 th\u1eddi gian tr\u00f4i qua v\u00e0 nhi\u1ec1u h\u01b0\u01a1ng v\u1ecb m\u1edbi ra \u0111\u1eddi, Cornetto Classic v\u1eabn l\u00e0 bi\u1ec3u t\u01b0\u1ee3ng c\u1ee7a s\u1ef1 \u0111\u01a1n gi\u1ea3n, quen thu\u1ed9c v\u00e0 ni\u1ec1m y\u00eau th\u00edch v\u0129nh c\u1eedu \u0111\u1ed1i v\u1edbi kem \u1ed1c qu\u1ebf. <strong data-start=\"444\" data-end=\"479\">Wall\u2019s Cornetto Vanilla Flavour<\/strong> l\u00e0 l\u1ef1a ch\u1ecdn ho\u00e0n h\u1ea3o cho nh\u1eefng ai y\u00eau th\u00edch v\u1ecb kem d\u1ecbu d\u00e0ng, tinh t\u1ebf v\u00e0 d\u1ec5 \u201cg\u00e2y nghi\u1ec7n\u201d. V\u1edbi ch\u1ea5t kem m\u1ecbn m\u01b0\u1ee3t nh\u01b0 nhung v\u00e0 h\u01b0\u01a1ng vani ng\u1ecdt d\u1ecbu, s\u1ea3n ph\u1ea9m mang l\u1ea1i c\u1ea3m gi\u00e1c m\u00e1t l\u1ea1nh s\u1ea3ng kho\u00e1i, nh\u1eb9 nh\u00e0ng nh\u01b0ng v\u1eabn \u0111\u1ee7 \u0111\u1eadm \u0111\u00e0 \u0111\u1ec3 l\u00e0m h\u00e0i l\u00f2ng c\u1ea3 nh\u1eefng t\u00edn \u0111\u1ed3 kem kh\u00f3 t\u00ednh nh\u1ea5t. <strong data-start=\"755\" data-end=\"772\">Ch\u1ea5t kem vani<\/strong> \u0111\u01b0\u1ee3c l\u00e0m t\u1eeb s\u1eefa t\u01b0\u01a1i, v\u1edbi k\u1ebft c\u1ea5u m\u1ec1m, \u0111\u1eb7c v\u1eeba ph\u1ea3i, tan ngay khi v\u1eeba ch\u1ea1m l\u01b0\u1ee1i. M\u00f9i vani t\u1ef1 nhi\u00ean lan t\u1ecfa nh\u1eb9 nh\u00e0ng, kh\u00f4ng g\u1eaft, mang \u0111\u1ebfn c\u1ea3m gi\u00e1c ng\u1ecdt ng\u00e0o v\u00e0 th\u01b0 gi\u00e3n nh\u01b0 m\u1ed9t bu\u1ed5i chi\u1ec1u d\u1ecbu m\u00e1t.<\/p>\n<p data-sourcepos=\"7:1-7:575\"><img decoding=\"async\" class=\" wp-image-39311 aligncenter\" src=\"https:\/\/havamall.com\/wp-content\/uploads\/2025\/04\/4898710626049035683_n.png\" alt=\"\" width=\"955\" height=\"955\" \/><\/p>\n<p class=\"\" data-start=\"1016\" data-end=\"1380\">B\u00ean tr\u00ean l\u00e0 <strong data-start=\"983\" data-end=\"1006\">l\u1edbp ph\u1ee7 socola m\u1ecfng<\/strong> k\u1ebft h\u1ee3p c\u00f9ng v\u00e0i <strong data-start=\"1024\" data-end=\"1055\">h\u1ea1t \u0111\u1eadu ph\u1ed9ng rang gi\u00f2n nh\u1eb9<\/strong>, t\u1ea1o n\u00ean \u0111i\u1ec3m nh\u1ea5n t\u01b0\u01a1ng ph\u1ea3n \u0111\u1ed9c \u0111\u00e1o c\u1ea3 v\u1ec1 h\u01b0\u01a1ng v\u1ecb l\u1eabn k\u1ebft c\u1ea5u. S\u1ef1 k\u1ebft h\u1ee3p gi\u1eefa <strong data-start=\"1138\" data-end=\"1173\">ng\u1ecdt b\u00e9o \u2013 gi\u00f2n b\u00f9i \u2013 th\u01a1m ng\u00e1t<\/strong> n\u00e0y khi\u1ebfn ph\u1ea7n \u0111\u1ea7u c\u00e2y kem v\u1eeba b\u1eaft m\u1eaft v\u1eeba h\u1ea5p d\u1eabn.<\/p>\n<p data-start=\"1016\" data-end=\"1380\"><img loading=\"lazy\" decoding=\"async\" class=\" wp-image-39312 aligncenter\" src=\"https:\/\/havamall.com\/wp-content\/uploads\/2025\/04\/475976807_1158532258961693_9024288795932642270_n.jpg\" alt=\"\" width=\"959\" height=\"959\" \/><\/p>\n<p class=\"\" data-start=\"1227\" data-end=\"1406\"><strong data-start=\"1227\" data-end=\"1249\">V\u1ecf \u1ed1c qu\u1ebf gi\u00f2n r\u1ee5m<\/strong>, n\u01b0\u1edbng v\u00e0ng \u0111\u1ec1u tay, kh\u00f4ng h\u1ec1 b\u1ecb \u1ec9u d\u00f9 n\u1eb1m d\u01b0\u1edbi l\u1edbp kem l\u1ea1nh. V\u1ecb b\u00f9i b\u00f9i c\u1ee7a b\u00e1nh qu\u1ebf h\u00f2a quy\u1ec7n c\u00f9ng v\u1ecb m\u00e1t ng\u1ecdt c\u1ee7a kem t\u1ea1o n\u00ean t\u1eebng mi\u1ebfng \u0103n \u0111\u1ea7y c\u1ea3m h\u1ee9ng. \u0110\u1eb7c bi\u1ec7t, <strong data-start=\"1418\" data-end=\"1459\">ph\u1ea7n \u0111\u00e1y kem \u0111\u01b0\u1ee3c b\u1ecdc l\u1edbp socola c\u1ee9ng<\/strong> \u2013 m\u1ed9t &#8220;\u0111\u1eb7c s\u1ea3n&#8221; kh\u00f4ng th\u1ec3 thi\u1ebfu c\u1ee7a d\u00f2ng Cornetto, l\u00e0 ph\u1ea7n k\u1ebft ho\u00e0n h\u1ea3o cho h\u00e0nh tr\u00ecnh th\u01b0\u1edfng th\u1ee9c: \u0111\u1eadm v\u1ecb, gi\u00f2n tan, tan ch\u1ea3y \u0111\u1ea7y m\u00ea ho\u1eb7c.<\/p>\n<p data-start=\"1227\" data-end=\"1406\"><img loading=\"lazy\" decoding=\"async\" class=\" wp-image-39304 aligncenter\" src=\"https:\/\/havamall.com\/wp-content\/uploads\/2025\/04\/488255935_1107862208037313_7449843922200938006_n.jpg\" alt=\"\" width=\"955\" height=\"955\" \/><\/p>\n<h2 class=\"\" data-start=\"116\" data-end=\"151\"><span style=\"font-size: 14pt\"><strong data-start=\"119\" data-end=\"151\">H\u01af\u1edaNG D\u1eaaN S\u1eec D\u1ee4NG &amp; B\u1ea2O QU\u1ea2N<\/strong><\/span><\/h2>\n<p class=\"\" data-start=\"153\" data-end=\"330\"><strong data-start=\"153\" data-end=\"167\">C\u00e1ch d\u00f9ng:<\/strong> S\u1eed d\u1ee5ng ngay sau khi l\u1ea5y ra kh\u1ecfi t\u1ee7 \u0111\u00f4ng. Kh\u00f4ng t\u00e1i \u0111\u00f4ng s\u1ea3n ph\u1ea9m sau khi \u0111\u00e3 r\u00e3. Ng\u01b0ng s\u1eed d\u1ee5ng n\u1ebfu ph\u00e1t hi\u1ec7n d\u1ea5u hi\u1ec7u b\u1ea5t th\u01b0\u1eddng ho\u1eb7c s\u1ea3n ph\u1ea9m \u0111\u00e3 qu\u00e1 h\u1ea1n s\u1eed d\u1ee5ng.<\/p>\n<p class=\"\" data-start=\"332\" data-end=\"443\"><strong data-start=\"332\" data-end=\"345\">B\u1ea3o qu\u1ea3n:<\/strong> Gi\u1eef l\u1ea1nh \u1edf nhi\u1ec7t \u0111\u1ed9 -20\u00b0C ho\u1eb7c trong ng\u0103n \u0111\u00e1 t\u1ee7 l\u1ea1nh \u0111\u1ec3 duy tr\u00ec ch\u1ea5t l\u01b0\u1ee3ng v\u00e0 \u0111\u1ed9 gi\u00f2n c\u1ee7a \u1ed1c qu\u1ebf.<\/p>\n<p class=\"\" data-start=\"445\" data-end=\"775\">Hi\u1ec7n t\u1ea1i, c\u00e1c s\u1ea3n ph\u1ea9m Cornetto ch\u00ednh h\u00e3ng \u0111\u00e3 c\u00f3 m\u1eb7t t\u1ea1i <strong data-start=\"550\" data-end=\"562\">Havamall<\/strong>, n\u01a1i b\u1ea1n c\u00f3 th\u1ec3 d\u1ec5 d\u00e0ng t\u00ecm mua v\u1edbi m\u1ee9c gi\u00e1 h\u1ee3p l\u00fd, ngu\u1ed3n g\u1ed1c r\u00f5 r\u00e0ng v\u00e0 giao h\u00e0ng nhanh ch\u00f3ng. \u0110\u1eebng b\u1ecf l\u1ee1 c\u01a1 h\u1ed9i tr\u1ea3i nghi\u1ec7m nh\u1eefng h\u01b0\u01a1ng v\u1ecb kem \u1ed1c qu\u1ebf tinh t\u1ebf, th\u01a1m ngon v\u00e0 \u0111\u1ea7y c\u1ea3m x\u00fac \u0111\u1ebfn t\u1eeb th\u01b0\u01a1ng hi\u1ec7u Wall\u2019s!<\/p>\n<\/div>\n<\/div>\n","protected":false},"excerpt":{"rendered":"<p>Th\u00f4ng tin s\u1ea3n ph\u1ea9m Th\u01b0\u01a1ng hi\u1ec7u Wall\u2019s Xu\u1ea5t x\u1ee9 Vi\u1ec7t Nam Th\u00e0nh ph\u1ea7n Xem tr\u00ean bao b\u00ec H\u1ea1n s\u1eed d\u1ee5ng<\/p>","protected":false},"featured_media":38340,"comment_status":"open","ping_status":"closed","template":"","meta":[],"product_brand":[],"product_cat":[684,668],"product_tag":[],"class_list":{"0":"post-38280","1":"product","2":"type-product","3":"status-publish","4":"has-post-thumbnail","6":"product_cat-kem-lanh","7":"product_cat-san-pham-theo-quoc-gia","8":"pa_brand-walls","10":"first","11":"instock","12":"sale","13":"shipping-taxable","14":"purchasable","15":"product-type-simple"},"_links":{"self":[{"href":"https:\/\/havamall.vn\/en\/wp-json\/wp\/v2\/product\/38280"}],"collection":[{"href":"https:\/\/havamall.vn\/en\/wp-json\/wp\/v2\/product"}],"about":[{"href":"https:\/\/havamall.vn\/en\/wp-json\/wp\/v2\/types\/product"}],"replies":[{"embeddable":true,"href":"https:\/\/havamall.vn\/en\/wp-json\/wp\/v2\/comments?post=38280"}],"version-history":[{"count":0,"href":"https:\/\/havamall.vn\/en\/wp-json\/wp\/v2\/product\/38280\/revisions"}],"wp:featuredmedia":[{"embeddable":true,"href":"https:\/\/havamall.vn\/en\/wp-json\/wp\/v2\/media\/38340"}],"wp:attachment":[{"href":"https:\/\/havamall.vn\/en\/wp-json\/wp\/v2\/media?parent=38280"}],"wp:term":[{"taxonomy":"product_brand","embeddable":true,"href":"https:\/\/havamall.vn\/en\/wp-json\/wp\/v2\/product_brand?post=38280"},{"taxonomy":"product_cat","embeddable":true,"href":"https:\/\/havamall.vn\/en\/wp-json\/wp\/v2\/product_cat?post=38280"},{"taxonomy":"product_tag","embeddable":true,"href":"https:\/\/havamall.vn\/en\/wp-json\/wp\/v2\/product_tag?post=38280"}],"curies":[{"name":"wp","href":"https:\/\/api.w.org\/{rel}","templated":true}]}}