{"id":38271,"date":"2025-04-20T14:44:34","date_gmt":"2025-04-20T07:44:34","guid":{"rendered":"https:\/\/havamall.vn\/?post_type=product&#038;p=38271"},"modified":"2025-05-13T10:48:37","modified_gmt":"2025-05-13T03:48:37","slug":"kem-ly-walls-populaire-vi-dau-vani-90ml-walls-strawberry-vanilla-ice-cream-cup","status":"publish","type":"product","link":"https:\/\/havamall.vn\/en\/shop\/kem-ly-walls-populaire-vi-dau-vani-90ml-walls-strawberry-vanilla-ice-cream-cup\/","title":{"rendered":"Kem Ly Wall\u2019s Populaire V\u1ecb D\u00e2u &amp; Vani 90ml &#8211; Wall\u2019s Strawberry Vanilla Ice Cream Cup"},"content":{"rendered":"<h2><strong>TH\u00d4NG TIN S\u1ea2N PH\u1ea8M<\/strong><\/h2>\n<table style=\"width: 42.1011%;height: 208px\">\n<tbody>\n<tr>\n<td style=\"width: 30.7692%\">Th\u01b0\u01a1ng hi\u1ec7u<\/td>\n<td style=\"width: 66.6667%\">Wall\u2019s<\/td>\n<\/tr>\n<tr>\n<td style=\"width: 30.7692%\">Xu\u1ea5t x\u1ee9<\/td>\n<td style=\"width: 66.6667%\">Th\u00e1i Lan<\/td>\n<\/tr>\n<tr>\n<td style=\"width: 30.7692%\">Th\u00e0nh ph\u1ea7n<\/td>\n<td style=\"width: 66.6667%\">Xem tr\u00ean bao b\u00ec<\/td>\n<\/tr>\n<tr>\n<td style=\"width: 30.7692%\">H\u1ea1n s\u1eed d\u1ee5ng<\/td>\n<td style=\"width: 66.6667%\">Xem tr\u1ef1c ti\u1ebfp tr\u00ean bao b\u00ec<\/td>\n<\/tr>\n<tr>\n<td style=\"width: 30.7692%\">B\u1ea3o qu\u1ea3n<\/td>\n<td style=\"width: 66.6667%\">\u00a0B\u1ea3o qu\u1ea3n ng\u0103n \u0111\u00f4ng t\u1ee7 l\u1ea1nh<\/td>\n<\/tr>\n<tr>\n<td style=\"width: 30.7692%\">Th\u1ec3 t\u00edch<\/td>\n<td style=\"width: 66.6667%\">90ml<\/td>\n<\/tr>\n<\/tbody>\n<\/table>\n<p class=\"\" data-start=\"500\" data-end=\"936\">Wall\u2019s l\u00e0 m\u1ed9t trong nh\u1eefng th\u01b0\u01a1ng hi\u1ec7u kem huy\u1ec1n tho\u1ea1i thu\u1ed9c t\u1eadp \u0111o\u00e0n Unilever \u2013 t\u1eadp \u0111o\u00e0n \u0111a qu\u1ed1c gia h\u00e0ng \u0111\u1ea7u th\u1ebf gi\u1edbi. Ra \u0111\u1eddi t\u1eeb nh\u1eefng n\u0103m 1920 t\u1ea1i Anh, Wall\u2019s kh\u00f4ng ch\u1ec9 \u0111\u01a1n thu\u1ea7n l\u00e0 m\u1ed9t s\u1ea3n ph\u1ea9m kem l\u1ea1nh m\u00e0 c\u00f2n l\u00e0 bi\u1ec3u t\u01b0\u1ee3ng c\u1ee7a nh\u1eefng kho\u1ea3nh kh\u1eafc ng\u1ecdt ng\u00e0o, \u0111\u1ea7y \u1eafp ni\u1ec1m vui. V\u1edbi th\u00f4ng \u0111i\u1ec7p to\u00e0n c\u1ea7u\u00a0<strong data-start=\"801\" data-end=\"838\">\u201cShare Happy \u2013 Chia s\u1ebb h\u1ea1nh ph\u00fac\u201d<\/strong>, Wall\u2019s lu\u00f4n mong mu\u1ed1n tr\u1edf th\u00e0nh m\u1ed9t ph\u1ea7n trong t\u1eebng kho\u1ea3nh kh\u1eafc \u0111\u00e1ng nh\u1edb b\u00ean gia \u0111\u00ecnh v\u00e0 b\u1ea1n b\u00e8.<\/p>\n<p class=\"\" data-start=\"938\" data-end=\"1217\">S\u1ea3n ph\u1ea9m c\u1ee7a Wall\u2019s \u0111\u01b0\u1ee3c s\u1ea3n xu\u1ea5t tr\u00ean d\u00e2y chuy\u1ec1n hi\u1ec7n \u0111\u1ea1i, v\u1edbi ti\u00eau chu\u1ea9n ki\u1ec3m so\u00e1t ch\u1ea5t l\u01b0\u1ee3ng nghi\u00eam ng\u1eb7t v\u00e0 ngu\u1ed3n nguy\u00ean li\u1ec7u an to\u00e0n, \u0111\u00e1ng tin c\u1eady. Ch\u00ednh \u0111i\u1ec1u \u0111\u00f3 \u0111\u00e3 gi\u00fap Wall\u2019s hi\u1ec7n di\u1ec7n t\u1ea1i h\u01a1n 40 qu\u1ed1c gia v\u00e0 tr\u1edf th\u00e0nh c\u00e1i t\u00ean quen thu\u1ed9c trong l\u00f2ng ng\u01b0\u1eddi ti\u00eau d\u00f9ng to\u00e0n c\u1ea7u.<\/p>\n<p data-start=\"938\" data-end=\"1217\"><img decoding=\"async\" class=\"aligncenter\" src=\"https:\/\/scontent.fsgn19-1.fna.fbcdn.net\/v\/t1.6435-9\/36310053_2067524509961737_3713951228367994880_n.png?_nc_cat=101&amp;ccb=1-7&amp;_nc_sid=127cfc&amp;_nc_ohc=5cynLrNlYSwQ7kNvwET41Jg&amp;_nc_oc=AdnwRbbGX9IT450MPpPhILLoBj8rV_KZ-ZiFsPGtzJKjg_1LDBVWsPSfcmOy2O6M5gMNz_Am5EVee-9rPoVPP4xA&amp;_nc_zt=23&amp;_nc_ht=scontent.fsgn19-1.fna&amp;_nc_gid=qsAJ-yjOYHQQxFLTHUt4Jw&amp;oh=00_AfHDPtYntF1YKxAU5IqtIDEodyXAau_FU-UKA9kcnhdH6w&amp;oe=682BBB4C\" \/><\/p>\n<p class=\"\" data-start=\"322\" data-end=\"711\">Kem Wall\u2019s Populaire D\u00e2u Vani ly 90ml l\u00e0 s\u1ef1 h\u00f2a quy\u1ec7n tinh t\u1ebf gi\u1eefa v\u1ecb chua ng\u1ecdt d\u1ecbu d\u00e0ng t\u1eeb d\u00e2u t\u00e2y ch\u00edn m\u1ecdng v\u00e0 h\u01b0\u01a1ng th\u01a1m d\u1ecbu nh\u1eb9, b\u00e9o m\u1ecbn t\u1eeb vani \u2013 t\u1ea1o n\u00ean m\u1ed9t b\u1ea3n h\u00f2a t\u1ea5u ng\u1ecdt ng\u00e0o, m\u00e1t l\u1ea1nh v\u00e0 c\u1ef1c k\u1ef3 d\u1ec5 \u201cg\u00e2y nghi\u1ec7n\u201d. Ngay t\u1eeb mu\u1ed7ng \u0111\u1ea7u ti\u00ean, v\u1ecb d\u00e2u t\u01b0\u01a1i m\u00e1t bung t\u1ecfa \u0111\u1ea7y cu\u1ed1n h\u00fat, k\u1ebft h\u1ee3p c\u00f9ng h\u1eadu v\u1ecb vani d\u1ecbu nh\u1eb9, mang \u0111\u1ebfn c\u1ea3m gi\u00e1c v\u1eeba m\u1edbi l\u1ea1 v\u1eeba th\u00e2n quen, th\u00edch h\u1ee3p cho m\u1ecdi \u0111\u1ed9 tu\u1ed5i.<\/p>\n<p data-start=\"322\" data-end=\"711\"><img fetchpriority=\"high\" decoding=\"async\" class=\"wp-image-39252 aligncenter\" src=\"https:\/\/havamall.com\/wp-content\/uploads\/2025\/04\/id-11134207-7r98x-lv020jkklohg6a.jpg\" alt=\"\" width=\"890\" height=\"890\" \/><\/p>\n<p class=\"\" data-start=\"713\" data-end=\"1036\">L\u1edbp kem c\u00f3 s\u1eafc h\u1ed3ng ph\u1edbt \u0111\u1eb9p m\u1eaft, xen k\u1ebd nh\u1eefng v\u1ec7t kem tr\u1eafng ng\u00e0 \u2013 kh\u00f4ng ch\u1ec9 t\u1ea1o c\u1ea3m gi\u00e1c t\u01b0\u01a1i s\u00e1ng, \u0111\u00e1ng y\u00eau m\u00e0 c\u00f2n g\u1ee3i m\u1edf s\u1ef1 m\u1ecbn m\u00e0ng, m\u1ec1m x\u1ed1p khi th\u01b0\u1edfng th\u1ee9c. K\u1ebft c\u1ea5u kem m\u01b0\u1ee3t m\u00e0, x\u1ed1p nh\u1eb9, tan nhanh n\u01a1i \u0111\u1ea7u l\u01b0\u1ee1i m\u00e0 kh\u00f4ng qu\u00e1 ng\u1ecdt, gi\u00fap ng\u01b0\u1eddi \u0103n lu\u00f4n c\u1ea3m th\u1ea5y d\u1ec5 ch\u1ecbu, tho\u1ea3i m\u00e1i cho nh\u1eefng t\u00edn \u0111\u1ed3 m\u00ea ng\u1ecdt.<\/p>\n<p class=\"\" data-start=\"1038\" data-end=\"1379\">\u0110i\u1ec3m \u0111\u1eb7c bi\u1ec7t c\u1ee7a s\u1ea3n ph\u1ea9m n\u1eb1m \u1edf <strong data-start=\"1071\" data-end=\"1120\">s\u1ef1 c\u00e2n b\u1eb1ng ho\u00e0n h\u1ea3o gi\u1eefa v\u1ecb s\u1eefa, d\u00e2u v\u00e0 vani<\/strong> \u2013 kh\u00f4ng l\u1ea5n \u00e1t nhau m\u00e0 c\u00f9ng t\u00f4n l\u00ean h\u01b0\u01a1ng v\u1ecb t\u1ed5ng th\u1ec3 \u0111\u1ea7y l\u00f4i cu\u1ed1n. V\u1edbi thi\u1ebft k\u1ebf ly nh\u1ef1a nh\u1ecf g\u1ecdn 90ml d\u1ec5 c\u1ea7m tay, s\u1ea3n ph\u1ea9m c\u1ef1c k\u1ef3 l\u00fd t\u01b0\u1edfng \u0111\u1ec3 mang theo b\u00ean m\u00ecnh, d\u00f9ng trong gi\u1edd ngh\u1ec9 tr\u01b0a, sau b\u1eefa \u0103n.<\/p>\n<p data-start=\"1038\" data-end=\"1379\"><img decoding=\"async\" class=\"wp-image-39253 aligncenter\" src=\"https:\/\/havamall.com\/wp-content\/uploads\/2025\/04\/1204924-e1745134514200.avif\" alt=\"\" width=\"892\" height=\"700\" \/><\/p>\n<p data-sourcepos=\"23:1-23:63\"><strong>Th\u01b0\u1edfng Th\u1ee9c Kem Strawberry &amp; Vanilla Theo C\u00e1ch C\u1ee7a B\u1ea1n!<\/strong><\/p>\n<p data-sourcepos=\"25:1-25:124\">S\u1ef1 k\u1ebft h\u1ee3p gi\u1eefa d\u00e2u t\u00e2y v\u00e0 vani l\u00e0 m\u1ed9t &#8220;n\u1ec1n t\u1ea3ng&#8221; tuy\u1ec7t v\u1eddi \u0111\u1ec3 b\u1ea1n th\u1ecfa s\u1ee9c s\u00e1ng t\u1ea1o v\u00e0 k\u1ebft h\u1ee3p v\u1edbi nhi\u1ec1u lo\u1ea1i topping kh\u00e1c:<\/p>\n<ul data-sourcepos=\"27:1-31:0\">\n<li data-sourcepos=\"27:1-27:148\"><strong>Th\u00eam Tr\u00e1i C\u00e2y T\u01b0\u01a1i:<\/strong> Nh\u1eefng l\u00e1t d\u00e2u t\u00e2y t\u01b0\u01a1i, qu\u1ea3 vi\u1ec7t qu\u1ea5t hay \u043c\u0430\u043b\u0438\u043d\u044b s\u1ebd l\u00e0m t\u0103ng th\u00eam h\u01b0\u01a1ng v\u1ecb t\u01b0\u01a1i m\u00e1t v\u00e0 m\u00e0u s\u1eafc h\u1ea5p d\u1eabn cho ly kem c\u1ee7a b\u1ea1n.<\/li>\n<li data-sourcepos=\"28:1-28:97\"><strong>R\u1eafc B\u00e1nh Quy Gi\u00f2n:<\/strong> V\u00e0i m\u1ea9u b\u00e1nh quy gi\u00f2n tan s\u1ebd t\u1ea1o th\u00eam \u0111\u1ed9 th\u00fa v\u1ecb cho k\u1ebft c\u1ea5u c\u1ee7a m\u00f3n kem.<\/li>\n<li data-sourcepos=\"29:1-29:127\"><strong>&#8220;\u0110i\u1ec3m Xuy\u1ebft&#8221; S\u1ed1t Ng\u1ecdt:<\/strong> M\u1ed9t ch\u00fat s\u1ed1t d\u00e2u t\u00e2y ho\u1eb7c s\u00f4 c\u00f4 la tr\u1eafng s\u1ebd l\u00e0m cho ly kem c\u1ee7a b\u1ea1n th\u00eam ph\u1ea7n \u0111\u1eb7c bi\u1ec7t v\u00e0 quy\u1ebfn r\u0169.<\/li>\n<li data-sourcepos=\"30:1-31:0\"><strong>K\u1ebft H\u1ee3p V\u1edbi \u0110\u1ed3 U\u1ed1ng:<\/strong> Th\u1eed th\u00eam m\u1ed9t mu\u1ed7ng kem v\u00e0o ly s\u1eefa l\u1eafc ho\u1eb7c smoothie d\u00e2u t\u00e2y vani \u0111\u1ec3 c\u00f3 m\u1ed9t th\u1ee9c u\u1ed1ng gi\u1ea3i kh\u00e1t th\u01a1m ngon.<\/li>\n<\/ul>\n<p><img decoding=\"async\" class=\"aligncenter\" src=\"https:\/\/preview.redd.it\/vanilla-and-strawberry-ice-cream-with-fresh-strawberries-v0-6qpv24xavr991.jpg?width=1080&amp;crop=smart&amp;auto=webp&amp;s=2036c65b3000dcc652b24e288a9d65211d080909\" alt=\"CDN media\" width=\"896\" height=\"1195\" \/><\/p>\n<h3 class=\"\" data-start=\"1795\" data-end=\"1832\"><strong data-start=\"1799\" data-end=\"1832\">H\u01af\u1edaNG D\u1eaaN S\u1eec D\u1ee4NG V\u00c0 B\u1ea2O QU\u1ea2N<\/strong><\/h3>\n<ul data-start=\"1833\" data-end=\"1978\">\n<li class=\"\" data-start=\"1833\" data-end=\"1923\">\n<p class=\"\" data-start=\"1835\" data-end=\"1923\"><strong data-start=\"1835\" data-end=\"1848\">C\u00e1ch d\u00f9ng<\/strong>: D\u00f9ng ngay sau khi l\u1ea5y ra kh\u1ecfi t\u1ee7 \u0111\u00f4ng. Kh\u00f4ng t\u00e1i \u0111\u00f4ng l\u1ea1i s\u1ea3n ph\u1ea9m \u0111\u00e3 r\u00e3.<\/p>\n<\/li>\n<li class=\"\" data-start=\"1924\" data-end=\"1978\">\n<p class=\"\" data-start=\"1926\" data-end=\"1978\"><strong data-start=\"1926\" data-end=\"1938\">B\u1ea3o qu\u1ea3n<\/strong>: Gi\u1eef l\u1ea1nh \u1edf -20\u00b0C ho\u1eb7c ng\u0103n \u0111\u00e1 t\u1ee7 l\u1ea1nh.<\/p>\n<\/li>\n<\/ul>\n<p class=\"\" data-start=\"1980\" data-end=\"2249\">Hi\u1ec7n t\u1ea1i, Kem Wall\u2019s Populaire D\u00e2u Vani 90ml \u0111\u00e3 c\u00f3 m\u1eb7t t\u1ea1i <strong data-start=\"2039\" data-end=\"2051\">Havamall<\/strong> \u2013 n\u01a1i b\u1ea1n d\u1ec5 d\u00e0ng ch\u1ecdn mua s\u1ea3n ph\u1ea9m ch\u00ednh h\u00e3ng, giao h\u00e0ng nhanh v\u00e0 gi\u00e1 c\u1ea3 h\u1ee3p l\u00fd.<\/p>","protected":false},"excerpt":{"rendered":"<p>TH\u00d4NG TIN S\u1ea2N PH\u1ea8M Th\u01b0\u01a1ng hi\u1ec7u Wall\u2019s Xu\u1ea5t x\u1ee9 Th\u00e1i Lan Th\u00e0nh ph\u1ea7n Xem tr\u00ean bao b\u00ec H\u1ea1n s\u1eed d\u1ee5ng<\/p>","protected":false},"featured_media":38272,"comment_status":"open","ping_status":"closed","template":"","meta":[],"product_brand":[],"product_cat":[684,668],"product_tag":[],"class_list":{"0":"post-38271","1":"product","2":"type-product","3":"status-publish","4":"has-post-thumbnail","6":"product_cat-kem-lanh","7":"product_cat-san-pham-theo-quoc-gia","8":"pa_brand-walls","10":"first","11":"instock","12":"sale","13":"shipping-taxable","14":"purchasable","15":"product-type-simple"},"_links":{"self":[{"href":"https:\/\/havamall.vn\/en\/wp-json\/wp\/v2\/product\/38271"}],"collection":[{"href":"https:\/\/havamall.vn\/en\/wp-json\/wp\/v2\/product"}],"about":[{"href":"https:\/\/havamall.vn\/en\/wp-json\/wp\/v2\/types\/product"}],"replies":[{"embeddable":true,"href":"https:\/\/havamall.vn\/en\/wp-json\/wp\/v2\/comments?post=38271"}],"version-history":[{"count":0,"href":"https:\/\/havamall.vn\/en\/wp-json\/wp\/v2\/product\/38271\/revisions"}],"wp:featuredmedia":[{"embeddable":true,"href":"https:\/\/havamall.vn\/en\/wp-json\/wp\/v2\/media\/38272"}],"wp:attachment":[{"href":"https:\/\/havamall.vn\/en\/wp-json\/wp\/v2\/media?parent=38271"}],"wp:term":[{"taxonomy":"product_brand","embeddable":true,"href":"https:\/\/havamall.vn\/en\/wp-json\/wp\/v2\/product_brand?post=38271"},{"taxonomy":"product_cat","embeddable":true,"href":"https:\/\/havamall.vn\/en\/wp-json\/wp\/v2\/product_cat?post=38271"},{"taxonomy":"product_tag","embeddable":true,"href":"https:\/\/havamall.vn\/en\/wp-json\/wp\/v2\/product_tag?post=38271"}],"curies":[{"name":"wp","href":"https:\/\/api.w.org\/{rel}","templated":true}]}}