{"id":38267,"date":"2025-04-20T12:01:41","date_gmt":"2025-04-20T05:01:41","guid":{"rendered":"https:\/\/havamall.vn\/?post_type=product&#038;p=38267"},"modified":"2025-05-13T10:49:19","modified_gmt":"2025-05-13T03:49:19","slug":"kem-ly-walls-vani-48g-walls-vanilla-ice-cream-cup-2","status":"publish","type":"product","link":"https:\/\/havamall.vn\/en\/shop\/kem-ly-walls-vani-48g-walls-vanilla-ice-cream-cup-2\/","title":{"rendered":"Kem ly Wall\u2019s Socola 90ml \u2013 Wall\u2019s Socola Ice Cream Cup"},"content":{"rendered":"<h2><strong>TH\u00d4NG TIN S\u1ea2N PH\u1ea8M<\/strong><\/h2>\n<table style=\"width: 47.2452%;height: 120px\">\n<tbody>\n<tr>\n<td>Th\u01b0\u01a1ng hi\u1ec7u<\/td>\n<td>Wall\u2019s<\/td>\n<\/tr>\n<tr>\n<td>Xu\u1ea5t x\u1ee9<\/td>\n<td>Th\u00e1i Lan<\/td>\n<\/tr>\n<tr>\n<td>Th\u00e0nh ph\u1ea7n<\/td>\n<td>Xem tr\u00ean bao b\u00ec<\/td>\n<\/tr>\n<tr>\n<td>H\u1ea1n s\u1eed d\u1ee5ng<\/td>\n<td>Xem tr\u1ef1c ti\u1ebfp tr\u00ean bao b\u00ec<\/td>\n<\/tr>\n<tr>\n<td>B\u1ea3o qu\u1ea3n<\/td>\n<td>\u00a0B\u1ea3o qu\u1ea3n ng\u0103n \u0111\u00f4ng t\u1ee7 l\u1ea1nh<\/td>\n<\/tr>\n<tr>\n<td>Th\u1ec3 t\u00edch<\/td>\n<td>48g<\/td>\n<\/tr>\n<\/tbody>\n<\/table>\n<p class=\"\" data-start=\"500\" data-end=\"936\">Wall\u2019s l\u00e0 m\u1ed9t trong nh\u1eefng th\u01b0\u01a1ng hi\u1ec7u kem huy\u1ec1n tho\u1ea1i thu\u1ed9c t\u1eadp \u0111o\u00e0n Unilever \u2013 t\u1eadp \u0111o\u00e0n \u0111a qu\u1ed1c gia h\u00e0ng \u0111\u1ea7u th\u1ebf gi\u1edbi. Ra \u0111\u1eddi t\u1eeb nh\u1eefng n\u0103m 1920 t\u1ea1i Anh, Wall\u2019s kh\u00f4ng ch\u1ec9 \u0111\u01a1n thu\u1ea7n l\u00e0 m\u1ed9t s\u1ea3n ph\u1ea9m kem l\u1ea1nh m\u00e0 c\u00f2n l\u00e0 bi\u1ec3u t\u01b0\u1ee3ng c\u1ee7a nh\u1eefng kho\u1ea3nh kh\u1eafc ng\u1ecdt ng\u00e0o, \u0111\u1ea7y \u1eafp ni\u1ec1m vui. V\u1edbi th\u00f4ng \u0111i\u1ec7p to\u00e0n c\u1ea7u\u00a0<strong data-start=\"801\" data-end=\"838\">\u201cShare Happy \u2013 Chia s\u1ebb h\u1ea1nh ph\u00fac\u201d<\/strong>, Wall\u2019s lu\u00f4n mong mu\u1ed1n tr\u1edf th\u00e0nh m\u1ed9t ph\u1ea7n trong t\u1eebng kho\u1ea3nh kh\u1eafc \u0111\u00e1ng nh\u1edb b\u00ean gia \u0111\u00ecnh v\u00e0 b\u1ea1n b\u00e8.<\/p>\n<p class=\"\" data-start=\"938\" data-end=\"1217\">S\u1ea3n ph\u1ea9m c\u1ee7a Wall\u2019s \u0111\u01b0\u1ee3c s\u1ea3n xu\u1ea5t tr\u00ean d\u00e2y chuy\u1ec1n hi\u1ec7n \u0111\u1ea1i, v\u1edbi ti\u00eau chu\u1ea9n ki\u1ec3m so\u00e1t ch\u1ea5t l\u01b0\u1ee3ng nghi\u00eam ng\u1eb7t v\u00e0 ngu\u1ed3n nguy\u00ean li\u1ec7u an to\u00e0n, \u0111\u00e1ng tin c\u1eady. Ch\u00ednh \u0111i\u1ec1u \u0111\u00f3 \u0111\u00e3 gi\u00fap Wall\u2019s hi\u1ec7n di\u1ec7n t\u1ea1i h\u01a1n 40 qu\u1ed1c gia v\u00e0 tr\u1edf th\u00e0nh c\u00e1i t\u00ean quen thu\u1ed9c trong l\u00f2ng ng\u01b0\u1eddi ti\u00eau d\u00f9ng to\u00e0n c\u1ea7u.<\/p>\n<p data-start=\"938\" data-end=\"1217\"><img decoding=\"async\" class=\"aligncenter\" src=\"https:\/\/scontent.fsgn19-1.fna.fbcdn.net\/v\/t1.6435-9\/36310053_2067524509961737_3713951228367994880_n.png?_nc_cat=101&amp;ccb=1-7&amp;_nc_sid=127cfc&amp;_nc_ohc=5cynLrNlYSwQ7kNvwET41Jg&amp;_nc_oc=AdnwRbbGX9IT450MPpPhILLoBj8rV_KZ-ZiFsPGtzJKjg_1LDBVWsPSfcmOy2O6M5gMNz_Am5EVee-9rPoVPP4xA&amp;_nc_zt=23&amp;_nc_ht=scontent.fsgn19-1.fna&amp;_nc_gid=qsAJ-yjOYHQQxFLTHUt4Jw&amp;oh=00_AfHDPtYntF1YKxAU5IqtIDEodyXAau_FU-UKA9kcnhdH6w&amp;oe=682BBB4C\" \/><\/p>\n<p class=\"\" data-start=\"82\" data-end=\"670\"><strong data-start=\"82\" data-end=\"110\">Kem Socola Wall\u2019s ly 48g<\/strong> l\u00e0 s\u1ef1 h\u00f2a quy\u1ec7n \u0111\u1ea7y quy\u1ebfn r\u0169 gi\u1eefa v\u1ecb \u0111\u1eadm \u0111\u00e0 \u0111\u1eb7c tr\u01b0ng c\u1ee7a socola v\u00e0 k\u1ebft c\u1ea5u kem m\u1ec1m m\u1ecbn, mang \u0111\u1ebfn c\u1ea3m gi\u00e1c ng\u1ecdt ng\u00e0o nh\u01b0ng kh\u00f4ng h\u1ec1 g\u1eaft \u2013 m\u1ed9t tr\u1ea3i nghi\u1ec7m tinh t\u1ebf v\u00e0 d\u1ec5 g\u00e2y nghi\u1ec7n ngay t\u1eeb mu\u1ed7ng \u0111\u1ea7u ti\u00ean. L\u1edbp kem c\u00f3 m\u00e0u n\u00e2u s\u1eefa ho\u1eb7c n\u00e2u \u0111\u1eadm b\u00f3ng m\u1ecbn, g\u1ee3i nh\u1edb \u0111\u1ebfn thanh socola tan ch\u1ea3y \u2013 \u0111\u1ea7y m\u00ea ho\u1eb7c v\u00e0 k\u00edch th\u00edch v\u1ecb gi\u00e1c. Ch\u1ea5t kem \u0111\u01b0\u1ee3c x\u1eed l\u00fd b\u1eb1ng c\u00f4ng ngh\u1ec7 hi\u1ec7n \u0111\u1ea1i gi\u00fap b\u00f4ng m\u1ecbn v\u00e0 x\u1ed1p nh\u1eb9, tan ch\u1ea3y m\u01b0\u1ee3t m\u00e0 trong mi\u1ec7ng, \u0111\u1ec3 l\u1ea1i h\u1eadu v\u1ecb th\u01a1m n\u1ed3ng v\u00e0 tho\u00e1ng ch\u00fat \u0111\u0103ng \u0111\u1eafng r\u1ea5t ri\u00eang c\u1ee7a ca cao nguy\u00ean ch\u1ea5t \u2013 m\u1ed9t s\u1ef1 c\u00e2n b\u1eb1ng l\u00fd t\u01b0\u1edfng gi\u1eefa ng\u1ecdt v\u00e0 \u0111\u1eafng, b\u00e9o v\u00e0 nh\u1eb9.<\/p>\n<p data-start=\"82\" data-end=\"670\"><img fetchpriority=\"high\" decoding=\"async\" class=\"aligncenter\" src=\"https:\/\/buttermilkbysam.com\/wp-content\/uploads\/2023\/07\/no-churn-chocolate-ice-cream-7.jpg\" alt=\"No Churn Chocolate Ice Cream\" width=\"888\" height=\"1059\" \/><\/p>\n<p class=\"\" data-start=\"672\" data-end=\"1185\">\u0110i\u1ec3m \u0111\u1eb7c bi\u1ec7t c\u1ee7a s\u1ea3n ph\u1ea9m n\u1eb1m \u1edf h\u01b0\u01a1ng v\u1ecb \u0111\u1eadm ch\u1ea5t \u201cchocolate lover\u201d nh\u01b0ng l\u1ea1i v\u1eeba ph\u1ea3i, kh\u00f4ng ng\u1ecdt g\u1eaft, kh\u00f4ng qu\u00e1 ng\u1ea5y \u2013 th\u00edch h\u1ee3p cho c\u1ea3 ng\u01b0\u1eddi l\u1edbn l\u1eabn tr\u1ebb nh\u1ecf. V\u1edbi thi\u1ebft k\u1ebf ly nh\u1ecf g\u1ecdn 48g d\u1ec5 th\u01b0\u01a1ng v\u00e0 ti\u1ec7n d\u1ee5ng, b\u1ea1n c\u00f3 th\u1ec3 d\u1ec5 d\u00e0ng mang theo b\u00ean m\u00ecnh, th\u01b0\u1edfng th\u1ee9c b\u1ea5t c\u1ee9 l\u00fac n\u00e0o, ho\u1eb7c \u0111\u1ec3 s\u1eb5n trong ng\u0103n \u0111\u00e1 cho nh\u1eefng l\u00fac c\u1ea7n &#8220;n\u1ea1p l\u1ea1i n\u0103ng l\u01b0\u1ee3ng ng\u1ecdt ng\u00e0o&#8221;. \u0110\u00e2y ch\u00ednh l\u00e0 m\u00f3n tr\u00e1ng mi\u1ec7ng l\u00fd t\u01b0\u1edfng cho nh\u1eefng ng\u00e0y n\u1eafng n\u00f3ng, nh\u1eefng bu\u1ed5i ngh\u1ec9 tr\u01b0a v\u1ed9i v\u00e0ng, hay ch\u1ec9 \u0111\u01a1n gi\u1ea3n l\u00e0 m\u1ed9t ch\u00fat y\u00eau chi\u1ec1u b\u1ea3n th\u00e2n sau ng\u00e0y d\u00e0i.<\/p>\n<p data-start=\"672\" data-end=\"1185\"><img decoding=\"async\" class=\"aligncenter\" src=\"https:\/\/havamall.com\/wp-content\/uploads\/2025\/04\/kem-ly-chocolate-walls-46g-202210091025083992.jpg\" width=\"913\" height=\"685\" \/><\/p>\n<h3 class=\"\" data-start=\"1192\" data-end=\"1237\"><span style=\"font-size: 14pt\">TH\u01af\u1edeNG TH\u1ee8C THEO PHONG C\u00c1CH RI\u00caNG C\u1ee6A B\u1ea0N<\/span><\/h3>\n<p class=\"\" data-start=\"1239\" data-end=\"1343\">Kem Socola Wall\u2019s ngon nh\u1ea5t khi d\u00f9ng tr\u1ef1c ti\u1ebfp, nh\u01b0ng b\u1ea1n c\u0169ng c\u00f3 th\u1ec3 bi\u1ebfn t\u1ea5u theo nhi\u1ec1u c\u00e1ch s\u00e1ng t\u1ea1o:<\/p>\n<ul data-start=\"1345\" data-end=\"1727\">\n<li class=\"\" data-start=\"1345\" data-end=\"1470\">\n<p class=\"\" data-start=\"1347\" data-end=\"1470\"><strong data-start=\"1347\" data-end=\"1368\">Ph\u1ed1i c\u00f9ng topping<\/strong>: Th\u00eam h\u1ea1t d\u1ebb, v\u1ee5n b\u00e1nh cookie, marshmallow ho\u1eb7c tr\u00e1i c\u00e2y kh\u00f4 \u0111\u1ec3 t\u1ea1o th\u00eam \u0111\u1ed9 gi\u00f2n v\u00e0 t\u0103ng v\u1ecb ng\u1ecdt b\u00e9o.<\/p>\n<\/li>\n<li class=\"\" data-start=\"1471\" data-end=\"1599\">\n<p class=\"\" data-start=\"1473\" data-end=\"1599\"><strong data-start=\"1473\" data-end=\"1494\">L\u00e0m m\u00f3n u\u1ed1ng l\u1ea1nh<\/strong>: K\u1ebft h\u1ee3p m\u1ed9t mu\u1ed7ng kem socola v\u00e0o c\u00e0 ph\u00ea \u0111en ho\u1eb7c s\u1eefa t\u01b0\u01a1i l\u1ea1nh \u0111\u1ec3 c\u00f3 m\u00f3n mocha \u0111\u00e1 \u201chomemade\u201d th\u01a1m ngon.<\/p>\n<\/li>\n<li class=\"\" data-start=\"1600\" data-end=\"1727\">\n<p class=\"\" data-start=\"1602\" data-end=\"1727\"><strong data-start=\"1602\" data-end=\"1625\">Trang tr\u00ed b\u00e1nh ng\u1ecdt<\/strong>: D\u00f9ng l\u00e0m l\u1edbp ph\u1ee7 tr\u00ean b\u00e1nh brownie, mousse ho\u1eb7c crepe \u2013 \u0111\u01a1n gi\u1ea3n nh\u01b0ng c\u1ef1c k\u1ef3 b\u1eaft m\u1eaft v\u00e0 ngon mi\u1ec7ng.<\/p>\n<\/li>\n<\/ul>\n<p><img decoding=\"async\" class=\"aligncenter\" src=\"https:\/\/havamall.com\/wp-content\/uploads\/2025\/04\/homemade-chocolate-brownie-ice-cream-vegan_5141-1333x2000.jpg\" alt=\"Easy Homemade Chocolate Brownie Ice Cream (Vegan + Gluten Free) | The Banana Diaries\" width=\"925\" height=\"1388\" \/><\/p>\n<h3 class=\"\" data-start=\"1734\" data-end=\"1766\"><span style=\"font-size: 14pt\">H\u01af\u1edaNG D\u1eaaN S\u1eec D\u1ee4NG &amp; B\u1ea2O QU\u1ea2N<\/span><\/h3>\n<ul data-start=\"1768\" data-end=\"2002\">\n<li class=\"\" data-start=\"1768\" data-end=\"1932\">\n<p class=\"\" data-start=\"1770\" data-end=\"1932\"><strong data-start=\"1770\" data-end=\"1783\">C\u00e1ch d\u00f9ng<\/strong>: D\u00f9ng ngay sau khi l\u1ea5y ra kh\u1ecfi t\u1ee7 \u0111\u00f4ng. Kh\u00f4ng t\u00e1i \u0111\u00f4ng sau khi s\u1ea3n ph\u1ea9m \u0111\u00e3 r\u00e3. Ng\u01b0ng s\u1eed d\u1ee5ng n\u1ebfu ph\u00e1t hi\u1ec7n d\u1ea5u hi\u1ec7u b\u1ea5t th\u01b0\u1eddng ho\u1eb7c qu\u00e1 h\u1ea1n s\u1eed d\u1ee5ng.<\/p>\n<\/li>\n<li class=\"\" data-start=\"1933\" data-end=\"2002\">\n<p class=\"\" data-start=\"1935\" data-end=\"2002\"><strong data-start=\"1935\" data-end=\"1947\">B\u1ea3o qu\u1ea3n<\/strong>: Gi\u1eef l\u1ea1nh \u1edf nhi\u1ec7t \u0111\u1ed9 -20\u00b0C ho\u1eb7c trong ng\u0103n \u0111\u00e1 t\u1ee7 l\u1ea1nh.<\/p>\n<\/li>\n<\/ul>\n<p class=\"\" data-start=\"2004\" data-end=\"2257\">Hi\u1ec7n t\u1ea1i, <strong data-start=\"2014\" data-end=\"2042\">Kem ly Wall\u2019s Socola 48g<\/strong> \u0111\u00e3 c\u00f3 m\u1eb7t t\u1ea1i Havamall \u2013 n\u01a1i b\u1ea1n c\u00f3 th\u1ec3 an t\u00e2m mua s\u1eafm s\u1ea3n ph\u1ea9m ch\u00ednh h\u00e3ng, gi\u00e1 c\u1ea3 h\u1ee3p l\u00fd v\u00e0 giao h\u00e0ng nhanh ch\u00f3ng. \u0110\u1eebng b\u1ecf l\u1ee1 c\u01a1 h\u1ed9i t\u1eadn h\u01b0\u1edfng tr\u1ecdn v\u1eb9n h\u01b0\u01a1ng v\u1ecb \u0111\u1eadm \u0111\u00e0, m\u1ec1m m\u1ecbn v\u00e0 \u0111\u1ea7y m\u00ea ho\u1eb7c c\u1ee7a socola t\u1eeb Wall\u2019s!<\/p>","protected":false},"excerpt":{"rendered":"<p>TH\u00d4NG TIN S\u1ea2N PH\u1ea8M Th\u01b0\u01a1ng hi\u1ec7u Wall\u2019s Xu\u1ea5t x\u1ee9 Th\u00e1i Lan Th\u00e0nh ph\u1ea7n Xem tr\u00ean bao b\u00ec H\u1ea1n s\u1eed d\u1ee5ng<\/p>","protected":false},"featured_media":38268,"comment_status":"open","ping_status":"closed","template":"","meta":[],"product_brand":[],"product_cat":[684,668],"product_tag":[],"class_list":{"0":"post-38267","1":"product","2":"type-product","3":"status-publish","4":"has-post-thumbnail","6":"product_cat-kem-lanh","7":"product_cat-san-pham-theo-quoc-gia","8":"pa_brand-walls","10":"first","11":"instock","12":"sale","13":"shipping-taxable","14":"purchasable","15":"product-type-simple"},"_links":{"self":[{"href":"https:\/\/havamall.vn\/en\/wp-json\/wp\/v2\/product\/38267"}],"collection":[{"href":"https:\/\/havamall.vn\/en\/wp-json\/wp\/v2\/product"}],"about":[{"href":"https:\/\/havamall.vn\/en\/wp-json\/wp\/v2\/types\/product"}],"replies":[{"embeddable":true,"href":"https:\/\/havamall.vn\/en\/wp-json\/wp\/v2\/comments?post=38267"}],"version-history":[{"count":0,"href":"https:\/\/havamall.vn\/en\/wp-json\/wp\/v2\/product\/38267\/revisions"}],"wp:featuredmedia":[{"embeddable":true,"href":"https:\/\/havamall.vn\/en\/wp-json\/wp\/v2\/media\/38268"}],"wp:attachment":[{"href":"https:\/\/havamall.vn\/en\/wp-json\/wp\/v2\/media?parent=38267"}],"wp:term":[{"taxonomy":"product_brand","embeddable":true,"href":"https:\/\/havamall.vn\/en\/wp-json\/wp\/v2\/product_brand?post=38267"},{"taxonomy":"product_cat","embeddable":true,"href":"https:\/\/havamall.vn\/en\/wp-json\/wp\/v2\/product_cat?post=38267"},{"taxonomy":"product_tag","embeddable":true,"href":"https:\/\/havamall.vn\/en\/wp-json\/wp\/v2\/product_tag?post=38267"}],"curies":[{"name":"wp","href":"https:\/\/api.w.org\/{rel}","templated":true}]}}