{"id":38262,"date":"2025-04-20T11:02:32","date_gmt":"2025-04-20T04:02:32","guid":{"rendered":"https:\/\/havamall.vn\/?post_type=product&#038;p=38262"},"modified":"2025-05-13T10:49:42","modified_gmt":"2025-05-13T03:49:42","slug":"kem-ly-walls-vani-48g-walls-vanilla-ice-cream-cup","status":"publish","type":"product","link":"https:\/\/havamall.vn\/en\/shop\/kem-ly-walls-vani-48g-walls-vanilla-ice-cream-cup\/","title":{"rendered":"Kem ly Wall\u2019s Vani 90ml \u2013 Wall\u2019s Vanilla Ice Cream Cup"},"content":{"rendered":"<h2><strong>TH\u00d4NG TIN S\u1ea2N PH\u1ea8M<\/strong><\/h2>\n<table>\n<tbody>\n<tr>\n<td>Th\u01b0\u01a1ng hi\u1ec7u<\/td>\n<td>Wall\u2019s<\/td>\n<\/tr>\n<tr>\n<td>Xu\u1ea5t x\u1ee9<\/td>\n<td>Th\u00e1i Lan<\/td>\n<\/tr>\n<tr>\n<td>Th\u00e0nh ph\u1ea7n<\/td>\n<td>Xem tr\u00ean bao b\u00ec<\/td>\n<\/tr>\n<tr>\n<td>H\u1ea1n s\u1eed d\u1ee5ng<\/td>\n<td>Xem tr\u1ef1c ti\u1ebfp tr\u00ean bao b\u00ec<\/td>\n<\/tr>\n<tr>\n<td>B\u1ea3o qu\u1ea3n<\/td>\n<td>\u00a0B\u1ea3o qu\u1ea3n ng\u0103n \u0111\u00f4ng t\u1ee7 l\u1ea1nh<\/td>\n<\/tr>\n<tr>\n<td>Th\u1ec3 t\u00edch<\/td>\n<td>48g<\/td>\n<\/tr>\n<\/tbody>\n<\/table>\n<p class=\"\" data-start=\"500\" data-end=\"936\">Wall\u2019s l\u00e0 m\u1ed9t trong nh\u1eefng th\u01b0\u01a1ng hi\u1ec7u kem huy\u1ec1n tho\u1ea1i thu\u1ed9c t\u1eadp \u0111o\u00e0n Unilever \u2013 t\u1eadp \u0111o\u00e0n \u0111a qu\u1ed1c gia h\u00e0ng \u0111\u1ea7u th\u1ebf gi\u1edbi. Ra \u0111\u1eddi t\u1eeb nh\u1eefng n\u0103m 1920 t\u1ea1i Anh, Wall\u2019s kh\u00f4ng ch\u1ec9 \u0111\u01a1n thu\u1ea7n l\u00e0 m\u1ed9t s\u1ea3n ph\u1ea9m kem l\u1ea1nh m\u00e0 c\u00f2n l\u00e0 bi\u1ec3u t\u01b0\u1ee3ng c\u1ee7a nh\u1eefng kho\u1ea3nh kh\u1eafc ng\u1ecdt ng\u00e0o, \u0111\u1ea7y \u1eafp ni\u1ec1m vui. V\u1edbi th\u00f4ng \u0111i\u1ec7p to\u00e0n c\u1ea7u <strong data-start=\"801\" data-end=\"838\">&#8220;Share Happy \u2013 Chia s\u1ebb h\u1ea1nh ph\u00fac&#8221;<\/strong>, Wall\u2019s lu\u00f4n mong mu\u1ed1n tr\u1edf th\u00e0nh m\u1ed9t ph\u1ea7n trong t\u1eebng kho\u1ea3nh kh\u1eafc \u0111\u00e1ng nh\u1edb b\u00ean gia \u0111\u00ecnh v\u00e0 b\u1ea1n b\u00e8.<\/p>\n<p class=\"\" data-start=\"938\" data-end=\"1217\">S\u1ea3n ph\u1ea9m c\u1ee7a Wall\u2019s \u0111\u01b0\u1ee3c s\u1ea3n xu\u1ea5t tr\u00ean d\u00e2y chuy\u1ec1n hi\u1ec7n \u0111\u1ea1i, v\u1edbi ti\u00eau chu\u1ea9n ki\u1ec3m so\u00e1t ch\u1ea5t l\u01b0\u1ee3ng nghi\u00eam ng\u1eb7t v\u00e0 ngu\u1ed3n nguy\u00ean li\u1ec7u an to\u00e0n, \u0111\u00e1ng tin c\u1eady. Ch\u00ednh \u0111i\u1ec1u \u0111\u00f3 \u0111\u00e3 gi\u00fap Wall\u2019s hi\u1ec7n di\u1ec7n t\u1ea1i h\u01a1n 40 qu\u1ed1c gia v\u00e0 tr\u1edf th\u00e0nh c\u00e1i t\u00ean quen thu\u1ed9c trong l\u00f2ng ng\u01b0\u1eddi ti\u00eau d\u00f9ng to\u00e0n c\u1ea7u.<\/p>\n<p data-start=\"938\" data-end=\"1217\"><img decoding=\"async\" class=\"aligncenter\" src=\"https:\/\/scontent.fsgn19-1.fna.fbcdn.net\/v\/t1.6435-9\/36310053_2067524509961737_3713951228367994880_n.png?_nc_cat=101&amp;ccb=1-7&amp;_nc_sid=127cfc&amp;_nc_ohc=5cynLrNlYSwQ7kNvwET41Jg&amp;_nc_oc=AdnwRbbGX9IT450MPpPhILLoBj8rV_KZ-ZiFsPGtzJKjg_1LDBVWsPSfcmOy2O6M5gMNz_Am5EVee-9rPoVPP4xA&amp;_nc_zt=23&amp;_nc_ht=scontent.fsgn19-1.fna&amp;_nc_gid=qsAJ-yjOYHQQxFLTHUt4Jw&amp;oh=00_AfHDPtYntF1YKxAU5IqtIDEodyXAau_FU-UKA9kcnhdH6w&amp;oe=682BBB4C\" \/><\/p>\n<p class=\"\" data-start=\"192\" data-end=\"1254\">Kem Vani Wall\u2019s ly 48g l\u00e0 s\u1ef1 k\u1ebft h\u1ee3p ho\u00e0n h\u1ea3o gi\u1eefa h\u01b0\u01a1ng th\u01a1m d\u1ecbu d\u00e0ng v\u00e0 v\u1ecb ng\u1ecdt thanh thu\u1ea7n khi\u1ebft t\u1eeb chi\u1ebft xu\u1ea5t vani, mang \u0111\u1ebfn tr\u1ea3i nghi\u1ec7m nh\u1eb9 nh\u00e0ng v\u00e0 \u0111\u1ea7y th\u01b0 gi\u00e3n ngay t\u1eeb mu\u1ed7ng \u0111\u1ea7u ti\u00ean. L\u1edbp kem c\u00f3 m\u00e0u tr\u1eafng ng\u00e0 t\u1ef1 nhi\u00ean, h\u01a1i \u00e1nh v\u00e0ng nh\u1eb9 \u2013 m\u00e0u s\u1eafc \u0111\u1eb7c tr\u01b0ng c\u1ee7a kem vani nguy\u00ean ch\u1ea5t, t\u1ea1o c\u1ea3m gi\u00e1c an to\u00e0n, g\u1ea7n g\u0169i v\u00e0 d\u1ec5 ch\u1ecbu. Ch\u1ea5t kem \u0111\u01b0\u1ee3c \u0111\u00e1nh b\u00f4ng m\u1ecbn m\u01b0\u1ee3t, x\u1ed1p nh\u1eb9, kh\u00f4ng qu\u00e1 \u0111\u1eb7c hay qu\u00e1 ng\u1ecdt, tan nhanh trong mi\u1ec7ng m\u00e0 kh\u00f4ng \u0111\u1ec3 l\u1ea1i c\u1ea3m gi\u00e1c kh\u00e9 c\u1ed5 hay ng\u1ea5y, nh\u1edd c\u00f4ng ngh\u1ec7 ch\u1ebf bi\u1ebfn hi\u1ec7n \u0111\u1ea1i gi\u00fap gi\u1eef tr\u1ecdn v\u1eb9n k\u1ebft c\u1ea5u m\u1ec1m m\u1ea1i v\u00e0 h\u01b0\u01a1ng v\u1ecb t\u1ef1 nhi\u00ean.<\/p>\n<p data-start=\"192\" data-end=\"1254\"><img fetchpriority=\"high\" decoding=\"async\" class=\"aligncenter\" src=\"https:\/\/whatsthescoop.fun\/wp-content\/uploads\/2020\/05\/vanilla.jpeg\" width=\"915\" height=\"611\" \/><\/p>\n<p class=\"\" data-start=\"192\" data-end=\"1254\">\u0110i\u1ec3m \u0111\u1eb7c bi\u1ec7t n\u1eb1m \u1edf s\u1ef1 tinh t\u1ebf v\u00e0 \u201cv\u1eeba \u0111\u1ee7\u201d trong t\u1eebng chi ti\u1ebft \u2013 t\u1eeb \u0111\u1ed9 ng\u1ecdt \u0111\u1ebfn \u0111\u1ed9 m\u1ecbn \u2013 khi\u1ebfn s\u1ea3n ph\u1ea9m kh\u00f4ng ch\u1ec9 l\u00e0 m\u00f3n tr\u00e1ng mi\u1ec7ng m\u00e1t l\u1ea1nh l\u00fd t\u01b0\u1edfng trong nh\u1eefng ng\u00e0y oi b\u1ee9c, m\u00e0 c\u00f2n l\u00e0 s\u1ef1 l\u1ef1a ch\u1ecdn \u0111\u00e1ng y\u00eau cho nh\u1eefng kho\u1ea3nh kh\u1eafc th\u01b0 gi\u00e3n, gi\u1ea3i lao gi\u1eefa gi\u1edd hay \u0111\u01a1n gi\u1ea3n l\u00e0 m\u1ed9t ch\u00fat ng\u1ecdt ng\u00e0o cu\u1ed1i ng\u00e0y. V\u1edbi thi\u1ebft k\u1ebf ly nh\u1ecf xinh 48g ti\u1ec7n l\u1ee3i, s\u1ea3n ph\u1ea9m c\u1ef1c k\u1ef3 ph\u00f9 h\u1ee3p cho m\u1ecdi \u0111\u1ed1i t\u01b0\u1ee3ng, d\u1ec5 d\u00e0ng mang theo ho\u1eb7c b\u1ea3o qu\u1ea3n trong ng\u0103n \u0111\u00e1 t\u1ee7 l\u1ea1nh m\u00e0 kh\u00f4ng chi\u1ebfm qu\u00e1 nhi\u1ec1u di\u1ec7n t\u00edch \u2013 \u0111\u00fang chu\u1ea9n \u201cnh\u1ecf g\u1ecdn m\u00e0 tr\u00f2n v\u1ecb\u201d.<\/p>\n<p data-start=\"192\" data-end=\"1254\"><img decoding=\"async\" class=\"size-full wp-image-39239 aligncenter\" src=\"https:\/\/havamall.com\/wp-content\/uploads\/2025\/04\/vani.png\" alt=\"\" width=\"800\" height=\"800\" \/><\/p>\n<h2 class=\"\" data-start=\"2106\" data-end=\"2154\"><span style=\"font-size: 14pt\"><strong data-start=\"2109\" data-end=\"2154\">TH\u01af\u1edeNG TH\u1ee8C THEO PHONG C\u00c1CH RI\u00caNG C\u1ee6A B\u1ea0N<\/strong><\/span><\/h2>\n<p class=\"\" data-start=\"2156\" data-end=\"2295\">Kem Vani Wall\u2019s ngon nh\u1ea5t khi th\u01b0\u1edfng th\u1ee9c tr\u1ef1c ti\u1ebfp, nh\u01b0ng b\u1ea1n c\u0169ng c\u00f3 th\u1ec3 d\u1ec5 d\u00e0ng &#8220;n\u00e2ng c\u1ea5p&#8221; m\u00f3n tr\u00e1ng mi\u1ec7ng n\u00e0y theo nhi\u1ec1u c\u00e1ch s\u00e1ng t\u1ea1o:<\/p>\n<ul data-start=\"2297\" data-end=\"2641\">\n<li class=\"\" data-start=\"2297\" data-end=\"2421\">\n<p class=\"\" data-start=\"2299\" data-end=\"2421\"><strong data-start=\"2299\" data-end=\"2320\">Ph\u1ed1i c\u00f9ng topping<\/strong>: Th\u00eam h\u1ea1t kh\u00f4 (h\u1ea1nh nh\u00e2n, \u00f3c ch\u00f3), v\u1ee5n b\u00e1nh quy ho\u1eb7c tr\u00e1i c\u00e2y t\u01b0\u01a1i nh\u01b0 xo\u00e0i, d\u00e2u \u0111\u1ec3 t\u0103ng h\u01b0\u01a1ng v\u1ecb.<\/p>\n<\/li>\n<li class=\"\" data-start=\"2422\" data-end=\"2525\">\n<p class=\"\" data-start=\"2424\" data-end=\"2525\"><strong data-start=\"2424\" data-end=\"2445\">L\u00e0m m\u00f3n u\u1ed1ng l\u1ea1nh<\/strong>: Cho m\u1ed9t mu\u1ed7ng kem vani v\u00e0o ly c\u00e0 ph\u00ea ho\u1eb7c sinh t\u1ed1 \u0111\u1ec3 t\u1ea1o \u0111\u1ed9 b\u00e9o m\u1ecbn h\u1ea5p d\u1eabn.<\/p>\n<\/li>\n<li class=\"\" data-start=\"2526\" data-end=\"2641\">\n<p class=\"\" data-start=\"2528\" data-end=\"2641\"><strong data-start=\"2528\" data-end=\"2551\">Trang tr\u00ed b\u00e1nh ng\u1ecdt<\/strong>: D\u00f9ng l\u00e0m l\u1edbp ph\u1ee7 cho b\u00e1nh cupcake, b\u00e1nh brownie hay tart l\u1ea1nh \u2013 \u0111\u01a1n gi\u1ea3n nh\u01b0ng \u1ea5n t\u01b0\u1ee3ng.<\/p>\n<\/li>\n<\/ul>\n<p><img decoding=\"async\" class=\"aligncenter\" src=\"https:\/\/whiskawayicecream.co.za\/wp-content\/uploads\/2023\/05\/Bibi-Collective_Whisk-Away-Product-Shoot-313.jpg\" width=\"947\" height=\"947\" \/><\/p>\n<h2 class=\"\" data-start=\"2648\" data-end=\"2684\"><span style=\"font-size: 14pt\"><strong data-start=\"2651\" data-end=\"2684\">H\u01af\u1edaNG D\u1eaaN S\u1eec D\u1ee4NG V\u00c0 B\u1ea2O QU\u1ea2N<\/strong><\/span><\/h2>\n<ul data-start=\"2686\" data-end=\"2915\">\n<li class=\"\" data-start=\"2686\" data-end=\"2845\">\n<p class=\"\" data-start=\"2688\" data-end=\"2845\"><strong data-start=\"2688\" data-end=\"2701\">C\u00e1ch d\u00f9ng<\/strong>: D\u00f9ng ngay sau khi l\u1ea5y ra kh\u1ecfi t\u1ee7 \u0111\u00f4ng. Kh\u00f4ng t\u00e1i \u0111\u00f4ng l\u1ea1i s\u1ea3n ph\u1ea9m \u0111\u00e3 r\u00e3. Ng\u01b0ng s\u1eed d\u1ee5ng n\u1ebfu s\u1ea3n ph\u1ea9m c\u00f3 d\u1ea5u hi\u1ec7u b\u1ea5t th\u01b0\u1eddng ho\u1eb7c \u0111\u00e3 h\u1ebft h\u1ea1n.<\/p>\n<\/li>\n<li class=\"\" data-start=\"2846\" data-end=\"2915\">\n<p class=\"\" data-start=\"2848\" data-end=\"2915\"><strong data-start=\"2848\" data-end=\"2860\">B\u1ea3o qu\u1ea3n<\/strong>: Gi\u1eef l\u1ea1nh \u1edf nhi\u1ec7t \u0111\u1ed9 -20\u00b0C ho\u1eb7c trong ng\u0103n \u0111\u00e1 t\u1ee7 l\u1ea1nh.<\/p>\n<\/li>\n<\/ul>\n<p class=\"\" data-start=\"2970\" data-end=\"3220\">Hi\u1ec7n t\u1ea1i, <strong data-start=\"2980\" data-end=\"3006\">Kem ly Wall\u2019s Vani 48g<\/strong> \u0111\u00e3 c\u00f3 m\u1eb7t t\u1ea1i <strong data-start=\"3021\" data-end=\"3033\">Havamall<\/strong>, n\u01a1i b\u1ea1n c\u00f3 th\u1ec3 y\u00ean t\u00e2m l\u1ef1a ch\u1ecdn s\u1ea3n ph\u1ea9m ch\u00ednh h\u00e3ng, gi\u00e1 c\u1ea3 h\u1ee3p l\u00fd v\u00e0 giao h\u00e0ng nhanh ch\u00f3ng. \u0110\u1eebng b\u1ecf l\u1ee1 c\u01a1 h\u1ed9i t\u1eadn h\u01b0\u1edfng m\u1ed9t h\u01b0\u01a1ng v\u1ecb nh\u1eb9 nh\u00e0ng, thu\u1ea7n khi\u1ebft nh\u01b0ng \u0111\u1ea7y h\u1ea5p d\u1eabn t\u1eeb Wall\u2019s!<\/p>","protected":false},"excerpt":{"rendered":"<p>TH\u00d4NG TIN S\u1ea2N PH\u1ea8M Th\u01b0\u01a1ng hi\u1ec7u Wall\u2019s Xu\u1ea5t x\u1ee9 Th\u00e1i Lan Th\u00e0nh ph\u1ea7n Xem tr\u00ean bao b\u00ec H\u1ea1n s\u1eed d\u1ee5ng<\/p>","protected":false},"featured_media":38263,"comment_status":"open","ping_status":"closed","template":"","meta":[],"product_brand":[],"product_cat":[684,668],"product_tag":[],"class_list":{"0":"post-38262","1":"product","2":"type-product","3":"status-publish","4":"has-post-thumbnail","6":"product_cat-kem-lanh","7":"product_cat-san-pham-theo-quoc-gia","8":"pa_brand-walls","10":"first","11":"instock","12":"sale","13":"shipping-taxable","14":"purchasable","15":"product-type-simple"},"_links":{"self":[{"href":"https:\/\/havamall.vn\/en\/wp-json\/wp\/v2\/product\/38262"}],"collection":[{"href":"https:\/\/havamall.vn\/en\/wp-json\/wp\/v2\/product"}],"about":[{"href":"https:\/\/havamall.vn\/en\/wp-json\/wp\/v2\/types\/product"}],"replies":[{"embeddable":true,"href":"https:\/\/havamall.vn\/en\/wp-json\/wp\/v2\/comments?post=38262"}],"version-history":[{"count":0,"href":"https:\/\/havamall.vn\/en\/wp-json\/wp\/v2\/product\/38262\/revisions"}],"wp:featuredmedia":[{"embeddable":true,"href":"https:\/\/havamall.vn\/en\/wp-json\/wp\/v2\/media\/38263"}],"wp:attachment":[{"href":"https:\/\/havamall.vn\/en\/wp-json\/wp\/v2\/media?parent=38262"}],"wp:term":[{"taxonomy":"product_brand","embeddable":true,"href":"https:\/\/havamall.vn\/en\/wp-json\/wp\/v2\/product_brand?post=38262"},{"taxonomy":"product_cat","embeddable":true,"href":"https:\/\/havamall.vn\/en\/wp-json\/wp\/v2\/product_cat?post=38262"},{"taxonomy":"product_tag","embeddable":true,"href":"https:\/\/havamall.vn\/en\/wp-json\/wp\/v2\/product_tag?post=38262"}],"curies":[{"name":"wp","href":"https:\/\/api.w.org\/{rel}","templated":true}]}}