{"id":38256,"date":"2025-04-19T12:03:31","date_gmt":"2025-04-19T05:03:31","guid":{"rendered":"https:\/\/havamall.vn\/?post_type=product&#038;p=38256"},"modified":"2025-05-13T10:52:52","modified_gmt":"2025-05-13T03:52:52","slug":"kem-que-walls-vi-dua-hau-64g-walls-watermelon-ice-cream","status":"publish","type":"product","link":"https:\/\/havamall.vn\/en\/shop\/kem-que-walls-vi-dua-hau-64g-walls-watermelon-ice-cream\/","title":{"rendered":"Kem Que Wall&#8217;s V\u1ecb D\u01b0a H\u1ea5u 57g \u2013 Wall\u2019s Watermelon Ice Cream"},"content":{"rendered":"<h2><strong>TH\u00d4NG TIN S\u1ea2N PH\u1ea8M<\/strong><\/h2>\n<table style=\"width: 53.2516%;height: 140px\">\n<tbody>\n<tr>\n<td>Th\u01b0\u01a1ng hi\u1ec7u<\/td>\n<td>Wall\u2019s<\/td>\n<\/tr>\n<tr>\n<td>Xu\u1ea5t x\u1ee9<\/td>\n<td>Vi\u1ec7t Nam<\/td>\n<\/tr>\n<tr>\n<td>Th\u00e0nh ph\u1ea7n<\/td>\n<td>Xem tr\u00ean bao b\u00ec<\/td>\n<\/tr>\n<tr>\n<td>H\u1ea1n s\u1eed d\u1ee5ng<\/td>\n<td>Xem tr\u1ef1c ti\u1ebfp tr\u00ean bao b\u00ec<\/td>\n<\/tr>\n<tr>\n<td>B\u1ea3o qu\u1ea3n<\/td>\n<td>\u00a0B\u1ea3o qu\u1ea3n ng\u0103n \u0111\u00f4ng t\u1ee7 l\u1ea1nh<\/td>\n<\/tr>\n<tr>\n<td>Th\u1ec3 t\u00edch<\/td>\n<td>64g<\/td>\n<\/tr>\n<\/tbody>\n<\/table>\n<p>Nh\u1eafc \u0111\u1ebfn kem, kh\u00f4ng th\u1ec3 kh\u00f4ng nh\u1eafc \u0111\u1ebfn <strong data-start=\"656\" data-end=\"666\">Wall\u2019s<\/strong> \u2013 th\u01b0\u01a1ng hi\u1ec7u kem l\u00e2u \u0111\u1eddi v\u00e0 uy t\u00edn thu\u1ed9c t\u1eadp \u0111o\u00e0n Unilever. V\u1edbi s\u1ee9 m\u1ec7nh mang \u0111\u1ebfn nh\u1eefng ph\u00fat gi\u00e2y ng\u1ecdt ng\u00e0o, t\u01b0\u01a1i m\u00e1t cho m\u1ecdi gia \u0111\u00ecnh, Wall\u2019s lu\u00f4n kh\u00f4ng ng\u1eebng \u0111\u1ed5i m\u1edbi, s\u00e1ng t\u1ea1o ra c\u00e1c d\u00f2ng s\u1ea3n ph\u1ea9m ph\u00f9 h\u1ee3p v\u1edbi kh\u1ea9u v\u1ecb v\u00e0 nhu c\u1ea7u \u0111a d\u1ea1ng c\u1ee7a ng\u01b0\u1eddi ti\u00eau d\u00f9ng. C\u00e1c s\u1ea3n ph\u1ea9m c\u1ee7a Wall\u2019s n\u1ed5i b\u1eadt nh\u1edd <strong data-start=\"962\" data-end=\"992\">ngu\u1ed3n nguy\u00ean li\u1ec7u t\u1ef1 nhi\u00ean<\/strong>, <strong data-start=\"994\" data-end=\"1016\">ch\u1ea5t l\u01b0\u1ee3ng an to\u00e0n<\/strong> v\u00e0 <strong data-start=\"1020\" data-end=\"1040\">h\u01b0\u01a1ng v\u1ecb h\u1ea5p d\u1eabn<\/strong>, ph\u00f9 h\u1ee3p cho c\u1ea3 ng\u01b0\u1eddi l\u1edbn l\u1eabn tr\u1ebb em.<\/p>\n<p class=\"\" data-start=\"233\" data-end=\"717\"><strong data-start=\"233\" data-end=\"243\">Wall\u2019s<\/strong>\u00a0l\u00e0 m\u1ed9t trong nh\u1eefng th\u01b0\u01a1ng hi\u1ec7u kem huy\u1ec1n tho\u1ea1i thu\u1ed9c t\u1eadp \u0111o\u00e0n\u00a0<strong data-start=\"306\" data-end=\"318\">Unilever<\/strong>, c\u00f3 l\u1ecbch s\u1eed ph\u00e1t tri\u1ec3n l\u00e2u \u0111\u1eddi b\u1eaft \u0111\u1ea7u t\u1eeb n\u01b0\u1edbc Anh v\u00e0o nh\u1eefng n\u0103m\u00a0<strong data-start=\"384\" data-end=\"393\">1920s<\/strong>. Th\u01b0\u01a1ng hi\u1ec7u n\u00e0y kh\u1edfi ngu\u1ed3n t\u1eeb\u00a0<strong data-start=\"425\" data-end=\"440\">Thomas Wall<\/strong>, m\u1ed9t doanh nh\u00e2n ng\u01b0\u1eddi Anh \u0111\u00e3 m\u1edf ti\u1ec7m th\u1ecbt ngu\u1ed9i v\u00e0 x\u00fac x\u00edch \u1edf London v\u00e0o n\u0103m 1786. Sau Th\u1ebf chi\u1ebfn I, c\u00f4ng ty m\u1edf r\u1ed9ng sang l\u0129nh v\u1ef1c kem v\u1edbi m\u1ee5c ti\u00eau\u00a0<strong data-start=\"588\" data-end=\"621\">gi\u1eef ch\u00e2n nh\u00e2n c\u00f4ng v\u00e0o m\u00f9a h\u00e8<\/strong>\u00a0\u2013 khi nhu c\u1ea7u x\u00fac x\u00edch gi\u1ea3m. V\u00e0 t\u1eeb \u0111\u00f3,\u00a0<strong data-start=\"661\" data-end=\"681\">Wall\u2019s Ice Cream<\/strong>\u00a0ch\u00ednh th\u1ee9c ra \u0111\u1eddi v\u00e0o n\u0103m\u00a0<strong data-start=\"708\" data-end=\"716\">1922<\/strong>.<\/p>\n<p class=\"\" data-start=\"1337\" data-end=\"1649\">Wall\u2019s kh\u00f4ng ch\u1ec9 \u0111\u01a1n thu\u1ea7n l\u00e0 th\u01b0\u01a1ng hi\u1ec7u kem, m\u00e0 c\u00f2n l\u00e0 ng\u01b0\u1eddi b\u1ea1n \u0111\u1ed3ng h\u00e0nh trong nh\u1eefng\u00a0<strong data-start=\"1426\" data-end=\"1471\">kho\u1ea3nh kh\u1eafc h\u1ea1nh ph\u00fac v\u00e0 g\u1eafn k\u1ebft gia \u0111\u00ecnh<\/strong>. V\u1edbi kh\u1ea9u hi\u1ec7u to\u00e0n c\u1ea7u\u00a0<strong data-start=\"1496\" data-end=\"1533\">\u201cShare Happy \u2013 Chia s\u1ebb h\u1ea1nh ph\u00fac\u201d<\/strong>, Wall\u2019s lu\u00f4n mong mu\u1ed1n mang l\u1ea1i nh\u1eefng gi\u00e2y ph\u00fat th\u01b0 gi\u00e3n, m\u00e1t l\u1ea1nh v\u00e0 \u0111\u1ea7y y\u00eau th\u01b0\u01a1ng th\u00f4ng qua t\u1eebng c\u00e2y kem nh\u1ecf b\u00e9.<\/p>\n<p data-start=\"1337\" data-end=\"1649\"><img fetchpriority=\"high\" decoding=\"async\" class=\"aligncenter\" src=\"https:\/\/havamall.com\/wp-content\/uploads\/2025\/04\/1cd3a3fa756e9d1c494fd02024f5ab72567c1f15-1920x1080.webp\" width=\"941\" height=\"529\" \/><\/p>\n<p class=\"\" data-start=\"1154\" data-end=\"1478\">V\u1edbi c\u1ea3m h\u1ee9ng t\u1eeb <strong data-start=\"1170\" data-end=\"1202\">nh\u1eefng tr\u00e1i d\u01b0a h\u1ea5u m\u1ecdng n\u01b0\u1edbc<\/strong>, Wall\u2019s \u0111\u00e3 cho ra m\u1eaft <strong data-start=\"1225\" data-end=\"1247\">kem que Watermelon<\/strong> \u2013 m\u1ed9t s\u1ea3n ph\u1ea9m kh\u00f4ng ch\u1ec9 \u0111\u1eb9p m\u1eaft m\u00e0 c\u00f2n b\u00f9ng n\u1ed5 h\u01b0\u01a1ng v\u1ecb. Ngay t\u1eeb \u00e1nh nh\u00ecn \u0111\u1ea7u ti\u00ean, que kem \u0111\u00e3 thu h\u00fat b\u1edfi s\u1eafc \u0111\u1ecf t\u01b0\u01a1i r\u1ef1c r\u1ee1, \u0111\u01b0\u1ee3c \u0111i\u1ec3m xuy\u1ebft th\u00eam nh\u1eefng \u201ch\u1ea1t\u201d nh\u1ecf m\u00e0u \u0111en m\u00f4 ph\u1ecfng h\u1ea1t d\u01b0a, t\u1ea1o n\u00ean c\u1ea3m gi\u00e1c ch\u00e2n th\u1eadt v\u00e0 vui nh\u1ed9n.<\/p>\n<ul>\n<li data-sourcepos=\"15:1-15:217\"><strong>L\u1edbp kem d\u01b0a h\u1ea5u ng\u1ecdt thanh:<\/strong> Ngay khi ch\u1ea1m v\u00e0o \u0111\u1ea7u l\u01b0\u1ee1i, b\u1ea1n s\u1ebd c\u1ea3m nh\u1eadn \u0111\u01b0\u1ee3c v\u1ecb ng\u1ecdt d\u1ecbu, thanh m\u00e1t \u0111\u1eb7c tr\u01b0ng c\u1ee7a d\u01b0a h\u1ea5u ch\u00edn.<\/li>\n<li data-sourcepos=\"16:1-17:0\"><strong>L\u1edbp v\u1ecf xanh m\u00e1t l\u1ea1nh:<\/strong> \u0110i\u1ec3m nh\u1ea5n th\u00fa v\u1ecb ch\u00ednh l\u00e0 l\u1edbp kem m\u00e0u xanh l\u00e1 c\u00e2y \u1edf ph\u1ea7n &#8220;v\u1ecf&#8221;, mang \u0111\u1ebfn m\u1ed9t ch\u00fat the nh\u1eb9, t\u1ea1o n\u00ean s\u1ef1 kh\u00e1c bi\u1ec7t v\u00e0 t\u0103ng th\u00eam c\u1ea3m gi\u00e1c s\u1ea3ng kho\u00e1i.<\/li>\n<\/ul>\n<p><img decoding=\"async\" class=\" wp-image-39225 aligncenter\" src=\"https:\/\/havamall.com\/wp-content\/uploads\/2025\/04\/486178539_24143860358568169_3739004366271296581_n.jpg\" alt=\"\" width=\"929\" height=\"929\" \/><\/p>\n<p class=\"\" data-start=\"1480\" data-end=\"1729\">Khi c\u1eafn mi\u1ebfng \u0111\u1ea7u ti\u00ean, b\u1ea1n s\u1ebd c\u1ea3m nh\u1eadn ngay \u0111\u01b0\u1ee3c <strong data-start=\"1530\" data-end=\"1569\">h\u01b0\u01a1ng v\u1ecb d\u01b0a h\u1ea5u ng\u1ecdt d\u1ecbu, m\u00e1t l\u1ea1nh<\/strong>, lan t\u1ecfa kh\u1eafp \u0111\u1ea7u l\u01b0\u1ee1i. Kem kh\u00f4ng qu\u00e1 ng\u1ecdt, r\u1ea5t d\u1ec5 \u0103n v\u00e0 c\u1ef1c k\u1ef3 ph\u00f9 h\u1ee3p v\u1edbi kh\u1ea9u v\u1ecb c\u1ee7a m\u00f9a h\u00e8 \u2013 v\u1eeba gi\u00fap gi\u1ea3i nhi\u1ec7t, v\u1eeba mang l\u1ea1i c\u1ea3m gi\u00e1c s\u1ea3ng kho\u00e1i t\u1ee9c th\u00ec. Ngo\u00e0i ra, s\u1ea3n ph\u1ea9m c\u00f2n <strong data-start=\"1754\" data-end=\"1806\">\u0111\u01b0\u1ee3c l\u00e0m t\u1eeb s\u1eefa t\u01b0\u01a1i k\u1ebft h\u1ee3p h\u01b0\u01a1ng li\u1ec7u t\u1ef1 nhi\u00ean<\/strong>, ho\u00e0n to\u00e0n an to\u00e0n cho s\u1ee9c kh\u1ecfe, ph\u00f9 h\u1ee3p v\u1edbi c\u1ea3 tr\u1ebb nh\u1ecf v\u00e0 ng\u01b0\u1eddi l\u1edbn y\u00eau th\u00edch nh\u1eefng h\u01b0\u01a1ng v\u1ecb tr\u00e1i c\u00e2y thanh m\u00e1t.<\/p>\n<p data-start=\"1480\" data-end=\"1729\"><img decoding=\"async\" class=\" wp-image-39226 aligncenter\" src=\"https:\/\/havamall.com\/wp-content\/uploads\/2025\/04\/487308253_18489056143056706_8930546199594058729_n.jpg\" alt=\"\" width=\"929\" height=\"929\" \/><\/p>\n<h2 class=\"\" data-start=\"1839\" data-end=\"1876\">H\u01b0\u1edbng d\u1eabn s\u1eed d\u1ee5ng v\u00e0 c\u00e1ch b\u1ea3o qu\u1ea3n<\/h2>\n<ul data-start=\"1878\" data-end=\"2036\">\n<li class=\"\" data-start=\"1878\" data-end=\"1934\">\n<p class=\"\" data-start=\"1880\" data-end=\"1934\"><strong data-start=\"1880\" data-end=\"1894\">C\u00e1ch d\u00f9ng:<\/strong>\u00a0<span class=\"relative -mx-px my-[-0.2rem] rounded px-px py-[0.2rem] transition-colors duration-100 ease-in-out\">D\u00f9ng tr\u1ef1c ti\u1ebfp sau khi l\u1ea5y ra kh\u1ecfi t\u1ee7 \u0111\u00f4ng. Kh\u00f4ng t\u00e1i \u0111\u00f4ng s\u1ea3n ph\u1ea9m \u0111\u00e3 r\u00e3. Ng\u01b0ng s\u1eed d\u1ee5ng n\u1ebfu ph\u00e1t hi\u1ec7n d\u1ea5u hi\u1ec7u b\u1ea5t th\u01b0\u1eddng ho\u1eb7c s\u1ea3n ph\u1ea9m \u0111\u00e3 h\u1ebft h\u1ea1n.<\/span><\/p>\n<\/li>\n<li class=\"\" data-start=\"1935\" data-end=\"2036\">\n<p class=\"\" data-start=\"1937\" data-end=\"2036\"><strong data-start=\"1937\" data-end=\"1950\">B\u1ea3o qu\u1ea3n:<\/strong>\u00a0<span class=\"relative -mx-px my-[-0.2rem] rounded px-px py-[0.2rem] transition-colors duration-100 ease-in-out\">Gi\u1eef l\u1ea1nh \u1edf nhi\u1ec7t \u0111\u1ed9 -20\u00b0C ho\u1eb7c trong ng\u0103n \u0111\u00e1 t\u1ee7 l\u1ea1nh.<\/span>\u200b<\/p>\n<\/li>\n<\/ul>\n<p class=\"\" data-start=\"1667\" data-end=\"1792\">\u200b<span class=\"relative -mx-px my-[-0.2rem] rounded px-px py-[0.2rem] transition-colors duration-100 ease-in-out\">Hi\u1ec7n nay,\u00a0<strong data-start=\"10\" data-end=\"47\">Kem que Wall\u2019s V\u1ecb D\u01b0a H\u1ea5u<\/strong>\u00a0\u0111\u00e3 c\u00f3 m\u1eb7t t\u1ea1i\u00a0<strong data-start=\"62\" data-end=\"74\">Havamall<\/strong>\u00a0\u2013 n\u01a1i b\u1ea1n c\u00f3 th\u1ec3 y\u00ean t\u00e2m mua h\u00e0ng\u00a0<strong data-start=\"109\" data-end=\"128\">ch\u00ednh h\u00e3ng 100%<\/strong>, gi\u00e1 c\u1ea3 h\u1ee3p l\u00fd, ch\u1ea5t l\u01b0\u1ee3ng \u0111\u1ea3m b\u1ea3o.<\/span><\/p>\n","protected":false},"excerpt":{"rendered":"<p>TH\u00d4NG TIN S\u1ea2N PH\u1ea8M Th\u01b0\u01a1ng hi\u1ec7u Wall\u2019s Xu\u1ea5t x\u1ee9 Vi\u1ec7t Nam Th\u00e0nh ph\u1ea7n Xem tr\u00ean bao b\u00ec H\u1ea1n s\u1eed d\u1ee5ng<\/p>","protected":false},"featured_media":38257,"comment_status":"open","ping_status":"closed","template":"","meta":[],"product_brand":[],"product_cat":[684,668],"product_tag":[],"class_list":{"0":"post-38256","1":"product","2":"type-product","3":"status-publish","4":"has-post-thumbnail","6":"product_cat-kem-lanh","7":"product_cat-san-pham-theo-quoc-gia","8":"pa_brand-walls","10":"first","11":"instock","12":"sale","13":"shipping-taxable","14":"purchasable","15":"product-type-simple"},"_links":{"self":[{"href":"https:\/\/havamall.vn\/en\/wp-json\/wp\/v2\/product\/38256"}],"collection":[{"href":"https:\/\/havamall.vn\/en\/wp-json\/wp\/v2\/product"}],"about":[{"href":"https:\/\/havamall.vn\/en\/wp-json\/wp\/v2\/types\/product"}],"replies":[{"embeddable":true,"href":"https:\/\/havamall.vn\/en\/wp-json\/wp\/v2\/comments?post=38256"}],"version-history":[{"count":0,"href":"https:\/\/havamall.vn\/en\/wp-json\/wp\/v2\/product\/38256\/revisions"}],"wp:featuredmedia":[{"embeddable":true,"href":"https:\/\/havamall.vn\/en\/wp-json\/wp\/v2\/media\/38257"}],"wp:attachment":[{"href":"https:\/\/havamall.vn\/en\/wp-json\/wp\/v2\/media?parent=38256"}],"wp:term":[{"taxonomy":"product_brand","embeddable":true,"href":"https:\/\/havamall.vn\/en\/wp-json\/wp\/v2\/product_brand?post=38256"},{"taxonomy":"product_cat","embeddable":true,"href":"https:\/\/havamall.vn\/en\/wp-json\/wp\/v2\/product_cat?post=38256"},{"taxonomy":"product_tag","embeddable":true,"href":"https:\/\/havamall.vn\/en\/wp-json\/wp\/v2\/product_tag?post=38256"}],"curies":[{"name":"wp","href":"https:\/\/api.w.org\/{rel}","templated":true}]}}