{"id":38246,"date":"2025-04-19T11:31:34","date_gmt":"2025-04-19T04:31:34","guid":{"rendered":"https:\/\/havamall.vn\/?post_type=product&#038;p=38246"},"modified":"2025-05-13T10:53:12","modified_gmt":"2025-05-13T03:53:12","slug":"kem-walls-vi-trai-cay-nhiet-doi-da-tang-walls-fruity","status":"publish","type":"product","link":"https:\/\/havamall.vn\/en\/shop\/kem-walls-vi-trai-cay-nhiet-doi-da-tang-walls-fruity\/","title":{"rendered":"Kem Que Wall&#8217;s Paddle Pop Tr\u00e1i C\u00e2y Nhi\u1ec7t \u0110\u1edbi 39g  &#8211; Paddle Pop Tropical Fruit Ice Cream"},"content":{"rendered":"<h2><strong>TH\u00d4NG TIN S\u1ea2N PH\u1ea8M<\/strong><\/h2>\n<table style=\"width: 50.0653%;height: 216px\">\n<tbody>\n<tr style=\"height: 48px\">\n<td style=\"height: 48px;width: 30.9677%\">Th\u01b0\u01a1ng hi\u1ec7u<\/td>\n<td style=\"height: 48px;width: 139.032%\">Paddle Pop (thu\u1ed9c Wall\u2019s \u2013 T\u1eadp \u0111o\u00e0n Unilever)<\/td>\n<\/tr>\n<tr style=\"height: 24px\">\n<td style=\"height: 24px;width: 30.9677%\">Xu\u1ea5t x\u1ee9<\/td>\n<td style=\"height: 24px;width: 139.032%\">Vi\u1ec7t Nam<\/td>\n<\/tr>\n<tr style=\"height: 24px\">\n<td style=\"height: 24px;width: 30.9677%\">Th\u00e0nh ph\u1ea7n<\/td>\n<td style=\"height: 24px;width: 139.032%\">Xem tr\u00ean bao b\u00ec<\/td>\n<\/tr>\n<tr style=\"height: 48px\">\n<td style=\"height: 48px;width: 30.9677%\">H\u1ea1n s\u1eed d\u1ee5ng<\/td>\n<td style=\"height: 48px;width: 139.032%\">Xem tr\u1ef1c ti\u1ebfp tr\u00ean bao b\u00ec<\/td>\n<\/tr>\n<tr style=\"height: 48px\">\n<td style=\"height: 48px;width: 30.9677%\">B\u1ea3o qu\u1ea3n<\/td>\n<td style=\"height: 48px;width: 139.032%\">\u00a0B\u1ea3o qu\u1ea3n ng\u0103n \u0111\u00f4ng t\u1ee7 l\u1ea1nh<\/td>\n<\/tr>\n<tr style=\"height: 24px\">\n<td style=\"height: 24px;width: 30.9677%\">Th\u1ec3 t\u00edch<\/td>\n<td style=\"height: 24px;width: 139.032%\">39g<\/td>\n<\/tr>\n<\/tbody>\n<\/table>\n<p class=\"\" data-start=\"233\" data-end=\"717\"><strong data-start=\"233\" data-end=\"243\">Wall\u2019s<\/strong>\u00a0l\u00e0 m\u1ed9t trong nh\u1eefng th\u01b0\u01a1ng hi\u1ec7u kem huy\u1ec1n tho\u1ea1i thu\u1ed9c t\u1eadp \u0111o\u00e0n\u00a0<strong data-start=\"306\" data-end=\"318\">Unilever<\/strong>, c\u00f3 l\u1ecbch s\u1eed ph\u00e1t tri\u1ec3n l\u00e2u \u0111\u1eddi b\u1eaft \u0111\u1ea7u t\u1eeb n\u01b0\u1edbc Anh v\u00e0o nh\u1eefng n\u0103m\u00a0<strong data-start=\"384\" data-end=\"393\">1920s<\/strong>. Th\u01b0\u01a1ng hi\u1ec7u n\u00e0y kh\u1edfi ngu\u1ed3n t\u1eeb\u00a0<strong data-start=\"425\" data-end=\"440\">Thomas Wall<\/strong>, m\u1ed9t doanh nh\u00e2n ng\u01b0\u1eddi Anh \u0111\u00e3 m\u1edf ti\u1ec7m th\u1ecbt ngu\u1ed9i v\u00e0 x\u00fac x\u00edch \u1edf London v\u00e0o n\u0103m 1786. Sau Th\u1ebf chi\u1ebfn I, c\u00f4ng ty m\u1edf r\u1ed9ng sang l\u0129nh v\u1ef1c kem v\u1edbi m\u1ee5c ti\u00eau\u00a0<strong data-start=\"588\" data-end=\"621\">gi\u1eef ch\u00e2n nh\u00e2n c\u00f4ng v\u00e0o m\u00f9a h\u00e8<\/strong>\u00a0\u2013 khi nhu c\u1ea7u x\u00fac x\u00edch gi\u1ea3m. V\u00e0 t\u1eeb \u0111\u00f3,\u00a0<strong data-start=\"661\" data-end=\"681\">Wall\u2019s Ice Cream<\/strong>\u00a0ch\u00ednh th\u1ee9c ra \u0111\u1eddi v\u00e0o n\u0103m\u00a0<strong data-start=\"708\" data-end=\"716\">1922<\/strong>.<\/p>\n<p class=\"\" data-start=\"1337\" data-end=\"1649\">Wall\u2019s kh\u00f4ng ch\u1ec9 \u0111\u01a1n thu\u1ea7n l\u00e0 th\u01b0\u01a1ng hi\u1ec7u kem, m\u00e0 c\u00f2n l\u00e0 ng\u01b0\u1eddi b\u1ea1n \u0111\u1ed3ng h\u00e0nh trong nh\u1eefng\u00a0<strong data-start=\"1426\" data-end=\"1471\">kho\u1ea3nh kh\u1eafc h\u1ea1nh ph\u00fac v\u00e0 g\u1eafn k\u1ebft gia \u0111\u00ecnh<\/strong>. V\u1edbi kh\u1ea9u hi\u1ec7u to\u00e0n c\u1ea7u\u00a0<strong data-start=\"1496\" data-end=\"1533\">\u201cShare Happy \u2013 Chia s\u1ebb h\u1ea1nh ph\u00fac\u201d<\/strong>, Wall\u2019s lu\u00f4n mong mu\u1ed1n mang l\u1ea1i nh\u1eefng gi\u00e2y ph\u00fat th\u01b0 gi\u00e3n, m\u00e1t l\u1ea1nh v\u00e0 \u0111\u1ea7y y\u00eau th\u01b0\u01a1ng th\u00f4ng qua t\u1eebng c\u00e2y kem nh\u1ecf b\u00e9.<\/p>\n<p data-start=\"1337\" data-end=\"1649\"><img fetchpriority=\"high\" decoding=\"async\" class=\"aligncenter\" src=\"https:\/\/havamall.com\/wp-content\/uploads\/2025\/04\/1cd3a3fa756e9d1c494fd02024f5ab72567c1f15-1920x1080.webp\" width=\"941\" height=\"529\" \/><\/p>\n<p class=\"\" data-start=\"734\" data-end=\"1100\">L\u00e0 m\u1ed9t d\u00f2ng s\u1ea3n ph\u1ea9m n\u1ed5i b\u1eadt c\u1ee7a Wall\u2019s, <strong data-start=\"775\" data-end=\"789\">Paddle Pop<\/strong> \u0111\u01b0\u1ee3c t\u1ea1o ra d\u00e0nh ri\u00eang cho tr\u1ebb em v\u1edbi h\u00ecnh \u1ea3nh ch\u00fa <strong data-start=\"841\" data-end=\"854\">s\u01b0 t\u1eed Leo<\/strong> d\u1ec5 th\u01b0\u01a1ng v\u00e0 tinh ngh\u1ecbch \u2013 bi\u1ec3u t\u01b0\u1ee3ng c\u1ee7a nh\u1eefng cu\u1ed9c phi\u00eau l\u01b0u vui nh\u1ed9n v\u00e0 k\u1ef3 th\u00fa. Paddle Pop kh\u00f4ng ch\u1ec9 mang \u0111\u1ebfn nh\u1eefng que kem nhi\u1ec1u m\u00e0u s\u1eafc v\u00e0 h\u01b0\u01a1ng v\u1ecb phong ph\u00fa m\u00e0 c\u00f2n l\u00e0 ng\u01b0\u1eddi b\u1ea1n \u0111\u1ed3ng h\u00e0nh trong th\u1ebf gi\u1edbi t\u01b0\u1edfng t\u01b0\u1ee3ng \u0111\u1ea7y s\u1ed1ng \u0111\u1ed9ng c\u1ee7a c\u00e1c b\u00e9. M\u1ed7i s\u1ea3n ph\u1ea9m Paddle Pop \u0111\u1ec1u \u0111\u01b0\u1ee3c ph\u00e1t tri\u1ec3n v\u1edbi ti\u00eau ch\u00ed <strong data-start=\"1159\" data-end=\"1180\">ngon \u2013 l\u00e0nh \u2013 vui<\/strong>, s\u1eed d\u1ee5ng nguy\u00ean li\u1ec7u an to\u00e0n, ph\u00f9 h\u1ee3p v\u1edbi tr\u1ebb nh\u1ecf v\u00e0 lu\u00f4n \u0111\u1eb7t s\u1ee9c kh\u1ecfe c\u1ee7a b\u00e9 l\u00ean h\u00e0ng \u0111\u1ea7u.<\/p>\n<p data-start=\"734\" data-end=\"1100\"><img decoding=\"async\" class=\"aligncenter\" src=\"https:\/\/scontent.fsgn19-1.fna.fbcdn.net\/v\/t1.6435-9\/49013296_2044508672293235_3282967327687049216_n.jpg?_nc_cat=103&amp;ccb=1-7&amp;_nc_sid=127cfc&amp;_nc_ohc=OLBzxcVSVZsQ7kNvwFgCVPu&amp;_nc_oc=Adn1ljntcUvw7LHk6zsQBT8AkYkjP2j1rNi-6c8W8rLjZjRHhKjQtK8R1CRnCctit2iLm15i5fztXti9JvY2vGnb&amp;_nc_zt=23&amp;_nc_ht=scontent.fsgn19-1.fna&amp;_nc_gid=63RDTKPMYppWwk1dv5hX2g&amp;oh=00_AfFv8lOWSD5xbmMXhKJ13W_WF3CI3J_YTk28WDpvvB7a4Q&amp;oe=682EB6AD\" width=\"937\" height=\"937\" \/><\/p>\n<p data-sourcepos=\"13:1-13:221\"><span class=\"relative -mx-px my-[-0.2rem] rounded px-px py-[0.2rem] transition-colors duration-100 ease-in-out\">Kem que Paddle Pop tr\u00e1i c\u00e2y nhi\u1ec7t \u0111\u1edbi l\u00e0 s\u1ef1 k\u1ebft h\u1ee3p ho\u00e0n h\u1ea3o gi\u1eefa h\u01b0\u01a1ng v\u1ecb tr\u00e1i c\u00e2y t\u01b0\u01a1i m\u00e1t v\u00e0 thi\u1ebft k\u1ebf b\u1eaft m\u1eaft.<\/span> <span class=\"relative -mx-px my-[-0.2rem] rounded px-px py-[0.2rem] transition-colors duration-100 ease-in-out\">M\u1ed7i que kem bao g\u1ed3m nhi\u1ec1u l\u1edbp h\u01b0\u01a1ng v\u1ecb kh\u00e1c nhau, t\u1ea1o n\u00ean m\u1ed9t h\u00e0nh tr\u00ecnh th\u01b0\u1edfng th\u1ee9c \u0111\u1ea7y th\u00fa v\u1ecb:<\/span>\u200b<\/p>\n<ul data-sourcepos=\"15:1-19:0\">\n<li data-sourcepos=\"15:1-15:105\"><strong>L\u1edbp v\u1ecf xanh m\u00e1t:<\/strong> M\u1edf \u0111\u1ea7u b\u1eb1ng l\u1edbp kem s\u1eefa m\u1ecfng gi\u00f2n, tan ch\u1ea3y nh\u1eb9 nh\u00e0ng, kh\u01a1i g\u1ee3i c\u1ea3m gi\u00e1c t\u01b0\u01a1i m\u1edbi.<\/li>\n<li data-sourcepos=\"16:1-16:113\"><strong>T\u1ea7ng d\u00e2u t\u00e2y ng\u1ecdt ng\u00e0o:<\/strong> Ti\u1ebfp n\u1ed1i l\u00e0 l\u1edbp kem d\u00e2u t\u00e2y chua ng\u1ecdt d\u1ecbu d\u00e0ng, \u0111\u00e1nh th\u1ee9c v\u1ecb gi\u00e1c m\u1ed9t c\u00e1ch tinh t\u1ebf.<\/li>\n<li data-sourcepos=\"17:1-17:107\"><strong>N\u1ed1t cam t\u01b0\u01a1i m\u00e1t:<\/strong> \u0110\u1ebfn l\u1edbp kem cam m\u1ecdng n\u01b0\u1edbc, b\u1ea1n s\u1ebd c\u1ea3m nh\u1eadn \u0111\u01b0\u1ee3c s\u1ef1 thanh m\u00e1t, xua tan m\u1ecdi c\u01a1n kh\u00e1t.<\/li>\n<li data-sourcepos=\"18:1-19:0\"><strong>K\u1ebft th\u00fac b\u1eb1ng d\u1ee9a th\u01a1m l\u1eebng:<\/strong> Cu\u1ed1i c\u00f9ng, l\u1edbp kem d\u1ee9a chua thanh, th\u01a1m m\u00e1t s\u1ebd \u0111\u1ec3 l\u1ea1i d\u01b0 v\u1ecb kh\u00f3 qu\u00ean, \u0111\u1ea7y h\u1ee9ng kh\u1edfi.<\/li>\n<\/ul>\n<p><img decoding=\"async\" class=\"aligncenter\" src=\"https:\/\/pbs.twimg.com\/media\/EX4j0l6X0AQflED?format=jpg&amp;name=large\" width=\"940\" height=\"940\" \/><\/p>\n<p data-sourcepos=\"22:1-22:35\"><strong>Tr\u1ecdn v\u1eb9n d\u01b0\u1ee1ng ch\u1ea5t t\u1eeb s\u1eefa t\u01b0\u01a1i<\/strong><\/p>\n<p data-sourcepos=\"22:1-22:35\">Kh\u00f4ng ch\u1ec9 ngon mi\u1ec7ng, Kem Wall&#8217;s c\u00f2n ch\u00fa tr\u1ecdng \u0111\u1ebfn gi\u00e1 tr\u1ecb dinh d\u01b0\u1ee1ng. S\u1ea3n ph\u1ea9m \u0111\u01b0\u1ee3c l\u00e0m t\u1eeb 100% s\u1eefa t\u01b0\u01a1i nguy\u00ean ch\u1ea5t, kh\u00f4ng ch\u1ec9 mang \u0111\u1ebfn h\u01b0\u01a1ng v\u1ecb th\u01a1m b\u00e9o t\u1ef1 nhi\u00ean m\u00e0 c\u00f2n cung c\u1ea5p nh\u1eefng d\u01b0\u1ee1ng ch\u1ea5t thi\u1ebft y\u1ebfu cho c\u01a1 th\u1ec3.<\/p>\n<p data-sourcepos=\"24:1-24:219\"><img loading=\"lazy\" decoding=\"async\" class=\"aligncenter\" src=\"https:\/\/scontent.fsgn19-1.fna.fbcdn.net\/v\/t39.30808-6\/473177481_1787242382128400_9122580265937562918_n.jpg?_nc_cat=108&amp;ccb=1-7&amp;_nc_sid=833d8c&amp;_nc_ohc=z33h55Gm6R4Q7kNvwGBJ0sd&amp;_nc_oc=AdmmRFXu45q8-SxKLHprtNEs0AHSjGQXoWadaFZdjmWABBq4m-6-L99kTZrMOLtRelu0JWOgvE8Hiis7pAEytGNP&amp;_nc_zt=23&amp;_nc_ht=scontent.fsgn19-1.fna&amp;_nc_gid=80h2AMg6eoYeEadJYDXgmQ&amp;oh=00_AfGSNxZwB4obqZkkCU08V_9DvP8SOpfq9d7SYUUZG89KGA&amp;oe=680CB77C\" width=\"936\" height=\"1170\" \/><\/p>\n<p data-sourcepos=\"26:1-26:316\">M\u00f9a h\u00e8 n\u00e0y, \u0111\u1eebng b\u1ecf l\u1ee1 c\u01a1 h\u1ed9i tr\u1ea3i nghi\u1ec7m <strong>Kem Wall&#8217;s V\u1ecb Tr\u00e1i C\u00e2y Nhi\u1ec7t \u0110\u1edbi \u0110a T\u1ea7ng<\/strong>. H\u00e3y \u0111\u1ec3 h\u01b0\u01a1ng v\u1ecb b\u00f9ng n\u1ed5, thanh m\u00e1t t\u1eeb nh\u1eefng t\u1ea7ng kem tr\u00e1i c\u00e2y nhi\u1ec7t \u0111\u1edbi \u0111\u00e1nh th\u1ee9c m\u1ecdi gi\u00e1c quan, mang \u0111\u1ebfn nh\u1eefng kho\u1ea3nh kh\u1eafc s\u1ea3ng kho\u00e1i v\u00e0 \u0111\u00e1ng nh\u1edb b\u00ean b\u1ea1n b\u00e8 v\u00e0 gia \u0111\u00ecnh! Nhanh tay kh\u00e1m ph\u00e1 v\u00e0 chia s\u1ebb ni\u1ec1m vui n\u00e0y ngay th\u00f4i n\u00e0o! \u200b<span class=\"relative -mx-px my-[-0.2rem] rounded px-px py-[0.2rem] transition-colors duration-100 ease-in-out\">Hi\u1ec7n nay, s\u1ea3n ph\u1ea9m\u00a0\u0111\u00e3 c\u00f3 m\u1eb7t t\u1ea1i\u00a0<strong data-start=\"62\" data-end=\"74\">Havamall<\/strong>\u00a0\u2013 n\u01a1i b\u1ea1n c\u00f3 th\u1ec3 y\u00ean t\u00e2m mua h\u00e0ng\u00a0<strong data-start=\"109\" data-end=\"128\">ch\u00ednh h\u00e3ng 100%<\/strong>, gi\u00e1 c\u1ea3 h\u1ee3p l\u00fd, ch\u1ea5t l\u01b0\u1ee3ng \u0111\u1ea3m b\u1ea3o.<\/span>\u200b<\/p>\n","protected":false},"excerpt":{"rendered":"<p>TH\u00d4NG TIN S\u1ea2N PH\u1ea8M Th\u01b0\u01a1ng hi\u1ec7u Paddle Pop (thu\u1ed9c Wall\u2019s \u2013 T\u1eadp \u0111o\u00e0n Unilever) Xu\u1ea5t x\u1ee9 Vi\u1ec7t Nam Th\u00e0nh ph\u1ea7n<\/p>","protected":false},"featured_media":38330,"comment_status":"open","ping_status":"closed","template":"","meta":[],"product_brand":[],"product_cat":[677,684],"product_tag":[],"class_list":{"0":"post-38246","1":"product","2":"type-product","3":"status-publish","4":"has-post-thumbnail","6":"product_cat-cac-nuoc-khac","7":"product_cat-kem-lanh","8":"pa_brand-walls","10":"first","11":"instock","12":"sale","13":"shipping-taxable","14":"purchasable","15":"product-type-simple"},"_links":{"self":[{"href":"https:\/\/havamall.vn\/en\/wp-json\/wp\/v2\/product\/38246"}],"collection":[{"href":"https:\/\/havamall.vn\/en\/wp-json\/wp\/v2\/product"}],"about":[{"href":"https:\/\/havamall.vn\/en\/wp-json\/wp\/v2\/types\/product"}],"replies":[{"embeddable":true,"href":"https:\/\/havamall.vn\/en\/wp-json\/wp\/v2\/comments?post=38246"}],"version-history":[{"count":0,"href":"https:\/\/havamall.vn\/en\/wp-json\/wp\/v2\/product\/38246\/revisions"}],"wp:featuredmedia":[{"embeddable":true,"href":"https:\/\/havamall.vn\/en\/wp-json\/wp\/v2\/media\/38330"}],"wp:attachment":[{"href":"https:\/\/havamall.vn\/en\/wp-json\/wp\/v2\/media?parent=38246"}],"wp:term":[{"taxonomy":"product_brand","embeddable":true,"href":"https:\/\/havamall.vn\/en\/wp-json\/wp\/v2\/product_brand?post=38246"},{"taxonomy":"product_cat","embeddable":true,"href":"https:\/\/havamall.vn\/en\/wp-json\/wp\/v2\/product_cat?post=38246"},{"taxonomy":"product_tag","embeddable":true,"href":"https:\/\/havamall.vn\/en\/wp-json\/wp\/v2\/product_tag?post=38246"}],"curies":[{"name":"wp","href":"https:\/\/api.w.org\/{rel}","templated":true}]}}