{"id":38236,"date":"2025-04-19T09:49:28","date_gmt":"2025-04-19T02:49:28","guid":{"rendered":"https:\/\/havamall.vn\/?post_type=product&#038;p=38236"},"modified":"2025-05-13T10:54:02","modified_gmt":"2025-05-13T03:54:02","slug":"kem-que-topten-socola-walls-60g-walls-top-ten-socola-ice-cream","status":"publish","type":"product","link":"https:\/\/havamall.vn\/en\/shop\/kem-que-topten-socola-walls-60g-walls-top-ten-socola-ice-cream\/","title":{"rendered":"Kem que Topten Socola Wall&#8217;s 60g &#8211;  Wall&#8217;s Top Ten Socola Ice Cream"},"content":{"rendered":"<h2><strong>TH\u00d4NG TIN S\u1ea2N PH\u1ea8M<\/strong><\/h2>\n<table style=\"width: 65.5886%\">\n<tbody>\n<tr>\n<td style=\"width: 25.911%\">Th\u01b0\u01a1ng hi\u1ec7u<\/td>\n<td style=\"width: 94.2043%\">Wall&#8217;s<\/td>\n<\/tr>\n<tr>\n<td style=\"width: 25.911%\">Xu\u1ea5t x\u1ee9<\/td>\n<td style=\"width: 94.2043%\">Vi\u1ec7t Nam<\/td>\n<\/tr>\n<tr>\n<td style=\"width: 25.911%\">Th\u00e0nh ph\u1ea7n<\/td>\n<td style=\"width: 94.2043%\">Xem tr\u00ean bao b\u00ec<\/td>\n<\/tr>\n<tr>\n<td style=\"width: 25.911%\">H\u1ea1n s\u1eed d\u1ee5ng<\/td>\n<td style=\"width: 94.2043%\">Xem tr\u1ef1c ti\u1ebfp tr\u00ean bao b\u00ec<\/td>\n<\/tr>\n<tr>\n<td style=\"width: 25.911%\">B\u1ea3o qu\u1ea3n<\/td>\n<td style=\"width: 94.2043%\">\u00a0B\u1ea3o qu\u1ea3n ng\u0103n \u0111\u00f4ng t\u1ee7 l\u1ea1nh<\/td>\n<\/tr>\n<tr>\n<td style=\"width: 25.911%\">Th\u1ec3 t\u00edch<\/td>\n<td style=\"width: 94.2043%\">75ml<\/td>\n<\/tr>\n<\/tbody>\n<\/table>\n<p class=\"\" data-start=\"233\" data-end=\"717\"><strong data-start=\"233\" data-end=\"243\">Wall\u2019s<\/strong> l\u00e0 m\u1ed9t trong nh\u1eefng th\u01b0\u01a1ng hi\u1ec7u kem huy\u1ec1n tho\u1ea1i thu\u1ed9c t\u1eadp \u0111o\u00e0n <strong data-start=\"306\" data-end=\"318\">Unilever<\/strong>, c\u00f3 l\u1ecbch s\u1eed ph\u00e1t tri\u1ec3n l\u00e2u \u0111\u1eddi b\u1eaft \u0111\u1ea7u t\u1eeb n\u01b0\u1edbc Anh v\u00e0o nh\u1eefng n\u0103m <strong data-start=\"384\" data-end=\"393\">1920s<\/strong>. Th\u01b0\u01a1ng hi\u1ec7u n\u00e0y kh\u1edfi ngu\u1ed3n t\u1eeb <strong data-start=\"425\" data-end=\"440\">Thomas Wall<\/strong>, m\u1ed9t doanh nh\u00e2n ng\u01b0\u1eddi Anh \u0111\u00e3 m\u1edf ti\u1ec7m th\u1ecbt ngu\u1ed9i v\u00e0 x\u00fac x\u00edch \u1edf London v\u00e0o n\u0103m 1786. Sau Th\u1ebf chi\u1ebfn I, c\u00f4ng ty m\u1edf r\u1ed9ng sang l\u0129nh v\u1ef1c kem v\u1edbi m\u1ee5c ti\u00eau <strong data-start=\"588\" data-end=\"621\">gi\u1eef ch\u00e2n nh\u00e2n c\u00f4ng v\u00e0o m\u00f9a h\u00e8<\/strong> \u2013 khi nhu c\u1ea7u x\u00fac x\u00edch gi\u1ea3m. V\u00e0 t\u1eeb \u0111\u00f3, <strong data-start=\"661\" data-end=\"681\">Wall\u2019s Ice Cream<\/strong> ch\u00ednh th\u1ee9c ra \u0111\u1eddi v\u00e0o n\u0103m <strong data-start=\"708\" data-end=\"716\">1922<\/strong>.<\/p>\n<p class=\"\" data-start=\"1337\" data-end=\"1649\">Wall\u2019s kh\u00f4ng ch\u1ec9 \u0111\u01a1n thu\u1ea7n l\u00e0 th\u01b0\u01a1ng hi\u1ec7u kem, m\u00e0 c\u00f2n l\u00e0 ng\u01b0\u1eddi b\u1ea1n \u0111\u1ed3ng h\u00e0nh trong nh\u1eefng <strong data-start=\"1426\" data-end=\"1471\">kho\u1ea3nh kh\u1eafc h\u1ea1nh ph\u00fac v\u00e0 g\u1eafn k\u1ebft gia \u0111\u00ecnh<\/strong>. V\u1edbi kh\u1ea9u hi\u1ec7u to\u00e0n c\u1ea7u <strong data-start=\"1496\" data-end=\"1533\">\u201cShare Happy \u2013 Chia s\u1ebb h\u1ea1nh ph\u00fac\u201d<\/strong>, Wall\u2019s lu\u00f4n mong mu\u1ed1n mang l\u1ea1i nh\u1eefng gi\u00e2y ph\u00fat th\u01b0 gi\u00e3n, m\u00e1t l\u1ea1nh v\u00e0 \u0111\u1ea7y y\u00eau th\u01b0\u01a1ng th\u00f4ng qua t\u1eebng c\u00e2y kem nh\u1ecf b\u00e9.<\/p>\n<p data-start=\"1337\" data-end=\"1649\"><img fetchpriority=\"high\" decoding=\"async\" class=\"aligncenter\" src=\"https:\/\/havamall.com\/wp-content\/uploads\/2025\/04\/1cd3a3fa756e9d1c494fd02024f5ab72567c1f15-1920x1080.webp\" width=\"941\" height=\"529\" \/><\/p>\n<p class=\"\" data-start=\"1651\" data-end=\"1905\">S\u1ea3n ph\u1ea9m c\u1ee7a Wall\u2019s \u0111\u01b0\u1ee3c s\u1ea3n xu\u1ea5t d\u1ef1a tr\u00ean quy tr\u00ecnh hi\u1ec7n \u0111\u1ea1i, ki\u1ec3m so\u00e1t ch\u1ea5t l\u01b0\u1ee3ng nghi\u00eam ng\u1eb7t, v\u00e0 s\u1eed d\u1ee5ng c\u00e1c <strong data-start=\"1763\" data-end=\"1800\">nguy\u00ean li\u1ec7u an to\u00e0n, \u0111\u00e1ng tin c\u1eady<\/strong>. Ch\u00ednh v\u00ec v\u1eady, Wall\u2019s \u0111\u00e3 v\u00e0 \u0111ang l\u00e0 th\u01b0\u01a1ng hi\u1ec7u kem <strong data-start=\"1853\" data-end=\"1890\">\u0111\u01b0\u1ee3c tin d\u00f9ng t\u1ea1i h\u01a1n 40 qu\u1ed1c gia<\/strong> tr\u00ean th\u1ebf gi\u1edbi.<\/p>\n<p class=\"\" data-start=\"1963\" data-end=\"2328\">T\u1eeb c\u00e1c lo\u1ea1i kem que tr\u00e1i c\u00e2y, kem ly, \u0111\u1ebfn nh\u1eefng thanh kem ph\u1ee7 socola \u0111\u1eadm \u0111\u00e0, Wall\u2019s lu\u00f4n bi\u1ebft c\u00e1ch l\u00e0m m\u1edbi m\u00ecnh \u0111\u1ec3 ph\u00f9 h\u1ee3p v\u1edbi nhi\u1ec1u kh\u1ea9u v\u1ecb kh\u00e1c nhau. M\u1ed9t trong nh\u1eefng d\u00f2ng \u0111\u01b0\u1ee3c y\u00eau th\u00edch nh\u1ea5t t\u1ea1i ch\u00e2u \u00c1 ch\u00ednh l\u00e0 <strong data-start=\"2176\" data-end=\"2187\">Top Ten<\/strong>, v\u1edbi c\u00e1c h\u01b0\u01a1ng v\u1ecb ph\u1ed5 bi\u1ebfn nh\u01b0 <strong data-start=\"2219\" data-end=\"2265\">vani, socola, d\u00e2u, \u0111\u1eadu xanh, d\u1eeba, \u0111\u1eadu \u0111\u1ecf,\u2026<\/strong> \u2013 d\u1ec5 \u0103n, h\u1ee3p kh\u1ea9u v\u1ecb v\u00e0 mang l\u1ea1i c\u1ea3m gi\u00e1c m\u00e1t l\u1ea1nh s\u1ea3ng kho\u00e1i.<\/p>\n<p data-start=\"1963\" data-end=\"2328\"><img decoding=\"async\" class=\"aligncenter\" src=\"https:\/\/scontent.fsgn19-1.fna.fbcdn.net\/v\/t1.6435-9\/36913012_2088698271177694_6702127385430458368_n.jpg?_nc_cat=110&amp;ccb=1-7&amp;_nc_sid=127cfc&amp;_nc_ohc=7EJBkiQlkIsQ7kNvwEoMmYf&amp;_nc_oc=AdnWSSVoP0yuHP_Z3HKNoQ_x9-J4cYgbMKBGDSsEwuUEN37ngR1XT3oVXm6X_Lz_9kBFamBMO5Mg8lbE05AKmVmf&amp;_nc_zt=23&amp;_nc_ht=scontent.fsgn19-1.fna&amp;_nc_gid=Uuz9i1dsqtJ0y9fB6cG2bw&amp;oh=00_AfGjhmQTjdaKGJ6eLYA5_dLRnxSmEAShzMb8izUYjHOWyg&amp;oe=682A735A\" alt=\"Kh\u00f4ng c\u00f3 m\u00f4 t\u1ea3 \u1ea3nh.\" width=\"939\" height=\"939\" \/><\/p>\n<p data-start=\"1963\" data-end=\"2328\"><strong data-start=\"503\" data-end=\"544\">\u0110\u1eb7c bi\u1ec7t, Wall\u2019s Top Ten H\u01b0\u01a1ng Socola<\/strong> v\u1edbi l\u1edbp kem m\u1ecbn m\u01b0\u1ee3t, v\u1ecb socola \u0111\u1eadm \u0111\u00e0, h\u00f2a quy\u1ec7n gi\u1eefa ng\u1ecdt v\u00e0 h\u01a1i \u0111\u1eafng nh\u1eb9, l\u00e0 l\u1ef1a ch\u1ecdn l\u00fd t\u01b0\u1edfng cho nh\u1eefng ai y\u00eau th\u00edch h\u01b0\u01a1ng v\u1ecb c\u1ed5 \u0111i\u1ec3n nh\u01b0ng kh\u00f4ng bao gi\u1edd l\u1ed7i th\u1eddi. <span class=\"relative -mx-px my-[-0.2rem] rounded px-px py-[0.2rem] transition-colors duration-100 ease-in-out\">C\u0169ng nh\u01b0 c\u00e1c lo\u1ea1i kem ch\u1ea5t l\u01b0\u1ee3ng kh\u00e1c,\u00a0<strong data-start=\"39\" data-end=\"63\">Topten Socola Wall\u2019s<\/strong>\u00a0gi\u00fap gi\u1ea3i nhi\u1ec7t hi\u1ec7u qu\u1ea3 trong nh\u1eefng ng\u00e0y n\u1eafng n\u00f3ng, \u0111\u1ed3ng th\u1eddi k\u00edch th\u00edch v\u1ecb gi\u00e1c v\u00e0 mang l\u1ea1i c\u1ea3m gi\u00e1c s\u1ea3ng kho\u00e1i t\u1ee9c th\u00ec.<\/span>\u00a0<span class=\"relative -mx-px my-[-0.2rem] rounded px-px py-[0.2rem] transition-colors duration-100 ease-in-out\">\u0110\u00e2y c\u0169ng l\u00e0 m\u00f3n tr\u00e1ng mi\u1ec7ng l\u00fd t\u01b0\u1edfng cho c\u1ea3 ng\u01b0\u1eddi l\u1edbn v\u00e0 tr\u1ebb em, v\u1eeba ngon mi\u1ec7ng v\u1eeba cung c\u1ea5p n\u0103ng l\u01b0\u1ee3ng nh\u1eb9 nh\u00e0ng cho c\u01a1 th\u1ec3.<\/span><\/p>\n<p data-start=\"367\" data-end=\"668\"><img decoding=\"async\" class=\" wp-image-39198 aligncenter\" src=\"https:\/\/havamall.com\/wp-content\/uploads\/2025\/04\/182266482_4718793678168127_8647758790912454372_n.jpg\" alt=\"\" width=\"941\" height=\"942\" \/><\/p>\n<p data-start=\"367\" data-end=\"668\"><span style=\"font-size: 14pt\"><strong>Th\u00f4ng tin dinh d\u01b0\u1ee1ng<\/strong><\/span><\/p>\n<table class=\"c-product-info__table\" style=\"width: 70.8913%;height: 192px\" width=\"100%\">\n<tbody>\n<tr style=\"height: 24px\">\n<th class=\"ni-facts-0\" style=\"width: 39.6936%;height: 24px\" scope=\"col\">Nh\u00e3n dinh d\u01b0\u1ee1ng<\/th>\n<th class=\"ni-facts-0\" style=\"width: 25.9053%;height: 24px\" scope=\"col\">S\u1ed1 l\u01b0\u1ee3ng m\u1ed7i ph\u1ea7n<\/th>\n<th class=\"ni-facts-1\" style=\"width: 33.0084%;height: 24px\" scope=\"col\">Ph\u1ea7n tr\u0103m tr\u00ean m\u1ed9t ph\u1ea7n<\/th>\n<\/tr>\n<tr style=\"height: 24px\">\n<th class=\"ni-facts-0\" style=\"width: 39.6936%;height: 24px\" scope=\"row\">L\u01b0\u1ee3ng calo<\/th>\n<td class=\"ni-facts-0\" style=\"width: 25.9053%;height: 24px\">110kcal<\/td>\n<td class=\"ni-facts-1\" style=\"width: 33.0084%;height: 24px\">6%<\/td>\n<\/tr>\n<tr style=\"height: 24px\">\n<th class=\"ni-facts-1\" style=\"width: 39.6936%;height: 24px\" scope=\"row\">M\u1eadp<\/th>\n<td class=\"ni-facts-0\" style=\"width: 25.9053%;height: 24px\">12g<\/td>\n<td class=\"ni-facts-1\" style=\"width: 33.0084%;height: 24px\">18%<\/td>\n<\/tr>\n<tr style=\"height: 24px\">\n<th class=\"ni-facts-2\" style=\"width: 39.6936%;height: 24px\" scope=\"row\">Ch\u1ea5t b\u00e9o b\u00e3o h\u00f2a<\/th>\n<td class=\"ni-facts-0\" style=\"width: 25.9053%;height: 24px\">9g<\/td>\n<td class=\"ni-facts-1\" style=\"width: 33.0084%;height: 24px\">45%<\/td>\n<\/tr>\n<tr style=\"height: 24px\">\n<th class=\"ni-facts-3\" style=\"width: 39.6936%;height: 24px\" scope=\"row\">T\u1ed5ng l\u01b0\u1ee3ng carbohydrate<\/th>\n<td class=\"ni-facts-0\" style=\"width: 25.9053%;height: 24px\">16g<\/td>\n<td class=\"ni-facts-1\" style=\"width: 33.0084%;height: 24px\"><\/td>\n<\/tr>\n<tr style=\"height: 24px\">\n<th class=\"ni-facts-4\" style=\"width: 39.6936%;height: 24px\" scope=\"row\">Ch\u1ea5t x\u01a1 trong ch\u1ebf \u0111\u1ed9 \u0103n u\u1ed1ng<\/th>\n<td class=\"ni-facts-0\" style=\"width: 25.9053%;height: 24px\">&lt;1g<\/td>\n<td class=\"ni-facts-1\" style=\"width: 33.0084%;height: 24px\">4%<\/td>\n<\/tr>\n<tr style=\"height: 24px\">\n<th class=\"ni-facts-5\" style=\"width: 39.6936%;height: 24px\" scope=\"row\">\u0110\u01b0\u1eddng<\/th>\n<td class=\"ni-facts-0\" style=\"width: 25.9053%;height: 24px\">13g<\/td>\n<td class=\"ni-facts-1\" style=\"width: 33.0084%;height: 24px\">Kh\u00f4ng c\u00f3<\/td>\n<\/tr>\n<tr style=\"height: 24px\">\n<th class=\"ni-facts-6\" style=\"width: 39.6936%;height: 24px\" scope=\"row\">Ch\u1ea5t \u0111\u1ea1m<\/th>\n<td class=\"ni-facts-0\" style=\"width: 25.9053%;height: 24px\">2g<\/td>\n<td class=\"ni-facts-1\" style=\"width: 33.0084%;height: 24px\"><\/td>\n<\/tr>\n<\/tbody>\n<\/table>\n<h2 data-start=\"1839\" data-end=\"1876\"><img loading=\"lazy\" decoding=\"async\" class=\"aligncenter\" src=\"https:\/\/scontent.fsgn19-1.fna.fbcdn.net\/v\/t1.6435-9\/158193885_4551824528198377_803817844810096283_n.png?_nc_cat=104&amp;ccb=1-7&amp;_nc_sid=127cfc&amp;_nc_ohc=ZI2mfeHRD64Q7kNvwHBSkWj&amp;_nc_oc=AdnbfukXCaRHJA2QirwCAZpnouyH-EEvgJrNcez5-HNBFjldWmxZv6yee9M1wM5kgUT8dtlrZqsspDgl9wv18gKW&amp;_nc_zt=23&amp;_nc_ht=scontent.fsgn19-1.fna&amp;_nc_gid=3Um_R97ycm8IkGny5JdFfQ&amp;oh=00_AfEZXkskNTAMo5UvnVjUoMq-aQadExtU0b3-AAiKsvLgOQ&amp;oe=682A92D8\" alt=\"Kh\u00f4ng c\u00f3 m\u00f4 t\u1ea3 \u1ea3nh.\" width=\"932\" height=\"344\" \/><\/h2>\n<h2 class=\"\" data-start=\"1839\" data-end=\"1876\"><span style=\"font-size: 14pt\">H\u01b0\u1edbng d\u1eabn s\u1eed d\u1ee5ng v\u00e0 c\u00e1ch b\u1ea3o qu\u1ea3n<\/span><\/h2>\n<ul data-start=\"1878\" data-end=\"2036\">\n<li class=\"\" data-start=\"1878\" data-end=\"1934\">\n<p class=\"\" data-start=\"1880\" data-end=\"1934\"><strong data-start=\"1880\" data-end=\"1894\">C\u00e1ch d\u00f9ng:<\/strong> <span class=\"relative -mx-px my-[-0.2rem] rounded px-px py-[0.2rem] transition-colors duration-100 ease-in-out\">D\u00f9ng tr\u1ef1c ti\u1ebfp sau khi l\u1ea5y ra kh\u1ecfi t\u1ee7 \u0111\u00f4ng. Kh\u00f4ng t\u00e1i \u0111\u00f4ng s\u1ea3n ph\u1ea9m \u0111\u00e3 r\u00e3. Ng\u01b0ng s\u1eed d\u1ee5ng n\u1ebfu ph\u00e1t hi\u1ec7n d\u1ea5u hi\u1ec7u b\u1ea5t th\u01b0\u1eddng ho\u1eb7c s\u1ea3n ph\u1ea9m \u0111\u00e3 h\u1ebft h\u1ea1n.<\/span><\/p>\n<\/li>\n<li class=\"\" data-start=\"1935\" data-end=\"2036\">\n<p class=\"\" data-start=\"1937\" data-end=\"2036\"><strong data-start=\"1937\" data-end=\"1950\">B\u1ea3o qu\u1ea3n:<\/strong> <span class=\"relative -mx-px my-[-0.2rem] rounded px-px py-[0.2rem] transition-colors duration-100 ease-in-out\">Gi\u1eef l\u1ea1nh \u1edf nhi\u1ec7t \u0111\u1ed9 -20\u00b0C ho\u1eb7c trong ng\u0103n \u0111\u00e1 t\u1ee7 l\u1ea1nh.<\/span>\u200b<\/p>\n<\/li>\n<\/ul>\n<p class=\"\" data-start=\"2207\" data-end=\"2292\"><span class=\"relative -mx-px my-[-0.2rem] rounded px-px py-[0.2rem] transition-colors duration-100 ease-in-out\">Hi\u1ec7n nay, <strong data-start=\"10\" data-end=\"46\">kem que Topten Socola Wall\u2019s 60g<\/strong> \u0111\u00e3 c\u00f3 m\u1eb7t t\u1ea1i <strong data-start=\"61\" data-end=\"73\">Havamall<\/strong> \u2013 n\u01a1i b\u1ea1n c\u00f3 th\u1ec3 y\u00ean t\u00e2m mua h\u00e0ng <strong data-start=\"108\" data-end=\"127\">ch\u00ednh h\u00e3ng 100%<\/strong>, gi\u00e1 c\u1ea3 h\u1ee3p l\u00fd, ch\u1ea5t l\u01b0\u1ee3ng \u0111\u1ea3m b\u1ea3o.<\/span>\u200b<\/p>\n","protected":false},"excerpt":{"rendered":"<p>TH\u00d4NG TIN S\u1ea2N PH\u1ea8M Th\u01b0\u01a1ng hi\u1ec7u Wall&#8217;s Xu\u1ea5t x\u1ee9 Vi\u1ec7t Nam Th\u00e0nh ph\u1ea7n Xem tr\u00ean bao b\u00ec H\u1ea1n s\u1eed d\u1ee5ng<\/p>","protected":false},"featured_media":38237,"comment_status":"open","ping_status":"closed","template":"","meta":[],"product_brand":[],"product_cat":[677,684],"product_tag":[],"class_list":{"0":"post-38236","1":"product","2":"type-product","3":"status-publish","4":"has-post-thumbnail","6":"product_cat-cac-nuoc-khac","7":"product_cat-kem-lanh","8":"pa_brand-walls","10":"first","11":"instock","12":"sale","13":"shipping-taxable","14":"purchasable","15":"product-type-simple"},"_links":{"self":[{"href":"https:\/\/havamall.vn\/en\/wp-json\/wp\/v2\/product\/38236"}],"collection":[{"href":"https:\/\/havamall.vn\/en\/wp-json\/wp\/v2\/product"}],"about":[{"href":"https:\/\/havamall.vn\/en\/wp-json\/wp\/v2\/types\/product"}],"replies":[{"embeddable":true,"href":"https:\/\/havamall.vn\/en\/wp-json\/wp\/v2\/comments?post=38236"}],"version-history":[{"count":0,"href":"https:\/\/havamall.vn\/en\/wp-json\/wp\/v2\/product\/38236\/revisions"}],"wp:featuredmedia":[{"embeddable":true,"href":"https:\/\/havamall.vn\/en\/wp-json\/wp\/v2\/media\/38237"}],"wp:attachment":[{"href":"https:\/\/havamall.vn\/en\/wp-json\/wp\/v2\/media?parent=38236"}],"wp:term":[{"taxonomy":"product_brand","embeddable":true,"href":"https:\/\/havamall.vn\/en\/wp-json\/wp\/v2\/product_brand?post=38236"},{"taxonomy":"product_cat","embeddable":true,"href":"https:\/\/havamall.vn\/en\/wp-json\/wp\/v2\/product_cat?post=38236"},{"taxonomy":"product_tag","embeddable":true,"href":"https:\/\/havamall.vn\/en\/wp-json\/wp\/v2\/product_tag?post=38236"}],"curies":[{"name":"wp","href":"https:\/\/api.w.org\/{rel}","templated":true}]}}