{"id":38233,"date":"2025-04-19T09:14:49","date_gmt":"2025-04-19T02:14:49","guid":{"rendered":"https:\/\/havamall.vn\/?post_type=product&#038;p=38233"},"modified":"2025-05-13T10:56:50","modified_gmt":"2025-05-13T03:56:50","slug":"kem-que-vi-ca-phe-sua-binggrae-75ml-binggrae-cafe-au-lait-ice-bar","status":"publish","type":"product","link":"https:\/\/havamall.vn\/en\/shop\/kem-que-vi-ca-phe-sua-binggrae-75ml-binggrae-cafe-au-lait-ice-bar\/","title":{"rendered":"Kem Que V\u1ecb C\u00e0 Ph\u00ea S\u1eefa Binggrae 75ML &#8211; Binggrae Cafe Au Lait Ice Bar"},"content":{"rendered":"<h2><strong>TH\u00d4NG TIN S\u1ea2N PH\u1ea8M<\/strong><\/h2>\n<table style=\"width: 55.4227%\">\n<tbody>\n<tr>\n<td style=\"width: 13.0969%\">Th\u01b0\u01a1ng hi\u1ec7u<\/td>\n<td style=\"width: 88.6767%\">Binggrae<\/td>\n<\/tr>\n<tr>\n<td style=\"width: 13.0969%\">Xu\u1ea5t x\u1ee9<\/td>\n<td style=\"width: 88.6767%\">H\u00e0n Qu\u1ed1c<\/td>\n<\/tr>\n<tr>\n<td style=\"width: 13.0969%\">Th\u00e0nh ph\u1ea7n<\/td>\n<td style=\"width: 88.6767%\">S\u1ea3n ph\u1ea9m c\u00f3 ch\u1ee9a s\u1eefa (52%), n\u01b0\u1edbc, \u0111\u01b0\u1eddng, b\u1ed9t c\u00e0 ph\u00ea (0.6%) v\u00e0 c\u00e1c th\u00e0nh ph\u1ea7n kh\u00e1c<\/td>\n<\/tr>\n<tr>\n<td style=\"width: 13.0969%\">H\u1ea1n s\u1eed d\u1ee5ng<\/td>\n<td style=\"width: 88.6767%\">Xem tr\u1ef1c ti\u1ebfp tr\u00ean bao b\u00ec<\/td>\n<\/tr>\n<tr>\n<td style=\"width: 13.0969%\">B\u1ea3o qu\u1ea3n<\/td>\n<td style=\"width: 88.6767%\">\u00a0B\u1ea3o qu\u1ea3n ng\u0103n \u0111\u00f4ng t\u1ee7 l\u1ea1nh<\/td>\n<\/tr>\n<tr>\n<td style=\"width: 13.0969%\">Th\u1ec3 t\u00edch<\/td>\n<td style=\"width: 88.6767%\">75ml<\/td>\n<\/tr>\n<\/tbody>\n<\/table>\n<p class=\"\" data-start=\"267\" data-end=\"424\"><span class=\"relative -mx-px my-[-0.2rem] rounded px-px py-[0.2rem] transition-colors duration-100 ease-in-out\">\u0110\u01b0\u1ee3c th\u00e0nh l\u1eadp t\u1eeb n\u0103m 1967, Binggrae \u0111\u00e3 tr\u1edf th\u00e0nh m\u1ed9t trong nh\u1eefng th\u01b0\u01a1ng hi\u1ec7u h\u00e0ng \u0111\u1ea7u trong ng\u00e0nh th\u1ef1c ph\u1ea9m H\u00e0n Qu\u1ed1c.<\/span> <span class=\"relative -mx-px my-[-0.2rem] rounded px-px py-[0.2rem] transition-colors duration-100 ease-in-out\">V\u1edbi s\u1ee9 m\u1ec7nh mang l\u1ea1i s\u1ee9c kh\u1ecfe v\u00e0 h\u1ea1nh ph\u00fac cho kh\u00e1ch h\u00e0ng, Binggrae kh\u00f4ng ng\u1eebng \u0111\u1ed5i m\u1edbi v\u00e0 m\u1edf r\u1ed9ng l\u0129nh v\u1ef1c kinh doanh, bao g\u1ed3m c\u1ea3 s\u1ee9c kh\u1ecfe, dinh d\u01b0\u1ee1ng v\u00e0 l\u1ed1i s\u1ed1ng l\u00e0nh m\u1ea1nh.<\/span> <span class=\"relative -mx-px my-[-0.2rem] rounded px-px py-[0.2rem] transition-colors duration-100 ease-in-out\">C\u00e1c s\u1ea3n ph\u1ea9m n\u1ed5i b\u1eadt nh\u01b0 s\u1eefa chu\u1ed1i, kem Together, s\u1eefa chua Yoplait v\u00e0 kem Melona \u0111\u00e3 tr\u1edf th\u00e0nh bi\u1ec3u t\u01b0\u1ee3ng v\u00e0 \u0111\u01b0\u1ee3c y\u00eau th\u00edch tr\u00ean to\u00e0n th\u1ebf gi\u1edbi.<\/span><\/p>\n<p class=\"\" data-start=\"267\" data-end=\"424\"><span class=\"relative -mx-px my-[-0.2rem] rounded px-px py-[0.2rem] transition-colors duration-100 ease-in-out\"><img fetchpriority=\"high\" decoding=\"async\" class=\"aligncenter\" src=\"https:\/\/scontent.fsgn19-1.fna.fbcdn.net\/v\/t39.30808-6\/471702171_622371630128503_8578270176369343567_n.jpg?_nc_cat=109&amp;ccb=1-7&amp;_nc_sid=cc71e4&amp;_nc_ohc=Rwp8qBFieMIQ7kNvwGc8UEb&amp;_nc_oc=Adnut89pGg72FCFttWHwD0N_DCRXoYqyUqW2D1UBHZg3ySwK36QEYZCgLiIX7Zd5KUSdIEKpzcRVLY-oSJwTnMeZ&amp;_nc_zt=23&amp;_nc_ht=scontent.fsgn19-1.fna&amp;_nc_gid=b_DWP_ZarQTg4urMU_pEfw&amp;oh=00_AfGAbZfbQH5Vt0ckfrTZc_6LQZevTNbXJc4441WCoFJjHg&amp;oe=6807BE1A\" alt=\"Kh\u00f4ng c\u00f3 m\u00f4 t\u1ea3 \u1ea3nh.\" width=\"847\" height=\"372\" \/><\/span><span class=\"relative -mx-px my-[-0.2rem] rounded px-px py-[0.2rem] transition-colors duration-100 ease-in-out\">Binggrae Cafe Au Lait Ice Barl\u00e0 s\u1ef1 l\u1ef1a ch\u1ecdn l\u00fd t\u01b0\u1edfng cho nh\u1eefng ai y\u00eau th\u00edch h\u01b0\u01a1ng v\u1ecb c\u00e0 ph\u00ea s\u1eefa.<\/span> <span class=\"relative -mx-px my-[-0.2rem] rounded px-px py-[0.2rem] transition-colors duration-100 ease-in-out\">V\u1edbi l\u1edbp kem m\u1ec1m m\u1ecbn, b\u00e9o ng\u1eady h\u00f2a quy\u1ec7n c\u00f9ng h\u01b0\u01a1ng c\u00e0 ph\u00ea rang th\u01a1m l\u1eebng, m\u1ed7i que kem mang \u0111\u1ebfn tr\u1ea3i nghi\u1ec7m nh\u01b0 th\u01b0\u1edfng th\u1ee9c m\u1ed9t ly latte m\u00e1t l\u1ea1nh gi\u1eefa ng\u00e0y h\u00e8 oi \u1ea3.<\/span><\/p>\n<p data-start=\"502\" data-end=\"621\"><img decoding=\"async\" class=\"aligncenter wp-image-39188 \" src=\"https:\/\/havamall.com\/wp-content\/uploads\/2025\/04\/kemm.png\" alt=\"\" width=\"842\" height=\"842\" \/><\/p>\n<div class=\"l_wr\">\n<div class=\"nutrition_wr\">\n<p class=\"b_txt\"><strong>Th\u00f4ng tin dinh d\u01b0\u1ee1ng<\/strong><\/p>\n<table id=\"pdt_idt_info\">\n<tbody>\n<tr>\n<td class=\"bg ko\">Mu\u1ed1i 60 mg<\/td>\n<td>3%<\/td>\n<td class=\"bg ko\">Carbohydrate 14 g<\/td>\n<td>4%<\/td>\n<\/tr>\n<tr>\n<td class=\"bg ko\">\u0110\u01b0\u1eddng 12 g<\/td>\n<td>12%<\/td>\n<td class=\"bg ko\">Ch\u1ea5t b\u00e9o 8 g<\/td>\n<td>15%<\/td>\n<\/tr>\n<tr>\n<td class=\"bg ko\">Ch\u1ea5t b\u00e9o chuy\u1ec3n h\u00f3a 0 g<\/td>\n<td>&#8211;<\/td>\n<td class=\"bg ko\">Ch\u1ea5t b\u00e9o b\u00e3o h\u00f2a 6 g<\/td>\n<td>40%<\/td>\n<\/tr>\n<tr>\n<td class=\"bg ko\">Cholesterol 5 mg<\/td>\n<td>1%<\/td>\n<td class=\"bg ko\">Ch\u1ea5t \u0111\u1ea1m 1 g<\/td>\n<td>2%<\/td>\n<\/tr>\n<\/tbody>\n<\/table>\n<div class=\"sub_txt\">\n<p class=\"\"><em>L\u01b0\u1ee3ng calo (135kcal) tr\u00ean m\u1ed7i kh\u1ea9u ph\u1ea7n \u0103n 75ml \/ *% Gi\u00e1 tr\u1ecb dinh d\u01b0\u1ee1ng h\u00e0ng ng\u00e0y (DV) cho b\u1ea1n bi\u1ebft l\u01b0\u1ee3ng ch\u1ea5t dinh d\u01b0\u1ee1ng trong m\u1ed9t kh\u1ea9u ph\u1ea7n th\u1ef1c ph\u1ea9m \u0111\u00f3ng g\u00f3p v\u00e0o ch\u1ebf \u0111\u1ed9 \u0103n h\u00e0ng ng\u00e0y.<\/em><\/p>\n<p><em><img decoding=\"async\" class=\" wp-image-39189 aligncenter\" src=\"https:\/\/havamall.com\/wp-content\/uploads\/2025\/04\/ken.png\" alt=\"\" width=\"825\" height=\"825\" \/><\/em><\/p>\n<\/div>\n<\/div>\n<\/div>\n<p class=\"\" data-start=\"502\" data-end=\"621\">\u00a0<span class=\"relative -mx-px my-[-0.2rem] rounded px-px py-[0.2rem] transition-colors duration-100 ease-in-out\">Binggrae Cafe Au Lait Ice Bar kh\u00f4ng ch\u1ec9 l\u00e0 m\u00f3n tr\u00e1ng mi\u1ec7ng th\u01a1m ngon m\u00e0 c\u00f2n l\u00e0 ngu\u1ed3n n\u0103ng l\u01b0\u1ee3ng nh\u1eb9 nh\u00e0ng cho ng\u00e0y d\u00e0i.<\/span> <span class=\"relative -mx-px my-[-0.2rem] rounded px-px py-[0.2rem] transition-colors duration-100 ease-in-out\">V\u1edbi h\u01b0\u01a1ng v\u1ecb c\u00e0 ph\u00ea s\u1eefa \u0111\u1eb7c tr\u01b0ng v\u00e0 k\u1ebft c\u1ea5u kem m\u1ecbn m\u00e0ng, s\u1ea3n ph\u1ea9m n\u00e0y ch\u1eafc ch\u1eafn s\u1ebd l\u00e0m h\u00e0i l\u00f2ng c\u1ea3 nh\u1eefng t\u00edn \u0111\u1ed3 c\u00e0 ph\u00ea kh\u00f3 t\u00ednh nh\u1ea5t.<\/span><\/p>\n<h2 class=\"\" data-start=\"2194\" data-end=\"2247\">S\u1ea3n ph\u1ea9m hi\u1ec7n \u0111\u00e3 c\u00f3 m\u1eb7t t\u1ea1i Havamall \u2013 \u0110\u1eebng b\u1ecf l\u1ee1!<\/h2>\n","protected":false},"excerpt":{"rendered":"<p>TH\u00d4NG TIN S\u1ea2N PH\u1ea8M Th\u01b0\u01a1ng hi\u1ec7u Binggrae Xu\u1ea5t x\u1ee9 H\u00e0n Qu\u1ed1c Th\u00e0nh ph\u1ea7n S\u1ea3n ph\u1ea9m c\u00f3 ch\u1ee9a s\u1eefa (52%), n\u01b0\u1edbc,<\/p>","protected":false},"featured_media":38234,"comment_status":"open","ping_status":"closed","template":"","meta":[],"product_brand":[],"product_cat":[684,676],"product_tag":[],"class_list":{"0":"post-38233","1":"product","2":"type-product","3":"status-publish","4":"has-post-thumbnail","6":"product_cat-kem-lanh","7":"product_cat-nhap-khau-han-quoc","8":"pa_brand-binggrae","10":"first","11":"instock","12":"sale","13":"shipping-taxable","14":"purchasable","15":"product-type-simple"},"_links":{"self":[{"href":"https:\/\/havamall.vn\/en\/wp-json\/wp\/v2\/product\/38233"}],"collection":[{"href":"https:\/\/havamall.vn\/en\/wp-json\/wp\/v2\/product"}],"about":[{"href":"https:\/\/havamall.vn\/en\/wp-json\/wp\/v2\/types\/product"}],"replies":[{"embeddable":true,"href":"https:\/\/havamall.vn\/en\/wp-json\/wp\/v2\/comments?post=38233"}],"version-history":[{"count":0,"href":"https:\/\/havamall.vn\/en\/wp-json\/wp\/v2\/product\/38233\/revisions"}],"wp:featuredmedia":[{"embeddable":true,"href":"https:\/\/havamall.vn\/en\/wp-json\/wp\/v2\/media\/38234"}],"wp:attachment":[{"href":"https:\/\/havamall.vn\/en\/wp-json\/wp\/v2\/media?parent=38233"}],"wp:term":[{"taxonomy":"product_brand","embeddable":true,"href":"https:\/\/havamall.vn\/en\/wp-json\/wp\/v2\/product_brand?post=38233"},{"taxonomy":"product_cat","embeddable":true,"href":"https:\/\/havamall.vn\/en\/wp-json\/wp\/v2\/product_cat?post=38233"},{"taxonomy":"product_tag","embeddable":true,"href":"https:\/\/havamall.vn\/en\/wp-json\/wp\/v2\/product_tag?post=38233"}],"curies":[{"name":"wp","href":"https:\/\/api.w.org\/{rel}","templated":true}]}}