{"id":38228,"date":"2025-04-17T12:00:39","date_gmt":"2025-04-17T05:00:39","guid":{"rendered":"https:\/\/havamall.vn\/?post_type=product&#038;p=38228"},"modified":"2025-07-07T14:37:20","modified_gmt":"2025-07-07T07:37:20","slug":"nuoc-khoang-co-gas-singha-325ml-singha-soda-water","status":"publish","type":"product","link":"https:\/\/havamall.vn\/en\/shop\/nuoc-khoang-co-gas-singha-325ml-singha-soda-water\/","title":{"rendered":"N\u01b0\u1edbc Kho\u00e1ng C\u00f3 Gas Singha 325ML \u2013 Singha Soda Water"},"content":{"rendered":"<h2 class=\"product-detail__specs-title\"><strong>TH\u00d4NG TIN CHUNG<\/strong><\/h2>\n<table class=\"min-w-full\" data-start=\"113\" data-end=\"957\">\n<thead data-start=\"113\" data-end=\"206\">\n<tr data-start=\"113\" data-end=\"206\">\n<th data-start=\"113\" data-end=\"141\"><strong data-start=\"115\" data-end=\"127\">Danh m\u1ee5c<\/strong><\/th>\n<th data-start=\"141\" data-end=\"206\"><strong data-start=\"143\" data-end=\"155\">Chi ti\u1ebft<\/strong><\/th>\n<\/tr>\n<\/thead>\n<tbody data-start=\"301\" data-end=\"957\">\n<tr data-start=\"301\" data-end=\"394\">\n<td class=\"max-w-[calc(var(--thread-content-max-width)*2\/3)]\" data-start=\"301\" data-end=\"329\"><strong data-start=\"303\" data-end=\"318\">Th\u01b0\u01a1ng hi\u1ec7u<\/strong><\/td>\n<td class=\"max-w-[calc(var(--thread-content-max-width)*2\/3)]\" data-start=\"329\" data-end=\"394\">Singha<\/td>\n<\/tr>\n<tr data-start=\"395\" data-end=\"488\">\n<td class=\"max-w-[calc(var(--thread-content-max-width)*2\/3)]\" data-start=\"395\" data-end=\"423\"><strong data-start=\"397\" data-end=\"408\">Xu\u1ea5t x\u1ee9<\/strong><\/td>\n<td class=\"max-w-[calc(var(--thread-content-max-width)*2\/3)]\" data-start=\"423\" data-end=\"488\">Th\u00e1i Lan<\/td>\n<\/tr>\n<tr data-start=\"489\" data-end=\"581\">\n<td class=\"max-w-[calc(var(--thread-content-max-width)*2\/3)]\" data-start=\"489\" data-end=\"517\"><strong data-start=\"491\" data-end=\"506\">H\u1ea1n s\u1eed d\u1ee5ng<\/strong><\/td>\n<td class=\"max-w-[calc(var(--thread-content-max-width)*2\/3)] min-w-[calc(var(--thread-content-max-width)\/3)]\" data-start=\"517\" data-end=\"581\">Xem tr\u00ean bao b\u00ec (th\u01b0\u1eddng 12\u201318 th\u00e1ng k\u1ec3 t\u1eeb ng\u00e0y s\u1ea3n xu\u1ea5t)<\/td>\n<\/tr>\n<tr data-start=\"582\" data-end=\"677\">\n<td class=\"max-w-[calc(var(--thread-content-max-width)*2\/3)]\" data-start=\"582\" data-end=\"610\"><strong data-start=\"584\" data-end=\"605\">H\u01b0\u1edbng d\u1eabn s\u1eed d\u1ee5ng<\/strong><\/td>\n<td class=\"max-w-[calc(var(--thread-content-max-width)*2\/3)] min-w-[calc(var(--thread-content-max-width)\/3)]\" data-start=\"610\" data-end=\"677\">U\u1ed1ng tr\u1ef1c ti\u1ebfp, pha ch\u1ebf \u0111\u1ed3 u\u1ed1ng, k\u1ebft h\u1ee3p v\u1edbi r\u01b0\u1ee3u ho\u1eb7c tr\u00e1i c\u00e2y<\/td>\n<\/tr>\n<tr data-start=\"678\" data-end=\"771\">\n<td class=\"max-w-[calc(var(--thread-content-max-width)*2\/3)]\" data-start=\"678\" data-end=\"706\"><strong data-start=\"680\" data-end=\"702\">H\u01b0\u1edbng d\u1eabn b\u1ea3o qu\u1ea3n<\/strong><\/td>\n<td class=\"max-w-[calc(var(--thread-content-max-width)*2\/3)] min-w-[calc(var(--thread-content-max-width)\/3)]\" data-start=\"706\" data-end=\"771\">B\u1ea3o qu\u1ea3n n\u01a1i kh\u00f4 r\u00e1o, tho\u00e1ng m\u00e1t, tr\u00e1nh \u00e1nh n\u1eafng tr\u1ef1c ti\u1ebfp<\/td>\n<\/tr>\n<tr data-start=\"772\" data-end=\"864\">\n<td class=\"max-w-[calc(var(--thread-content-max-width)*2\/3)]\" data-start=\"772\" data-end=\"800\"><strong data-start=\"774\" data-end=\"800\">Th\u00e0nh ph\u1ea7n nguy\u00ean li\u1ec7u<\/strong><\/td>\n<td class=\"max-w-[calc(var(--thread-content-max-width)*2\/3)]\" data-start=\"800\" data-end=\"864\">N\u01b0\u1edbc kho\u00e1ng thi\u00ean nhi\u00ean, kh\u00ed CO\u2082<\/td>\n<\/tr>\n<tr data-start=\"865\" data-end=\"957\">\n<td class=\"max-w-[calc(var(--thread-content-max-width)*2\/3)]\" data-start=\"865\" data-end=\"893\"><strong data-start=\"867\" data-end=\"880\">Dung t\u00edch<\/strong><\/td>\n<td class=\"max-w-[calc(var(--thread-content-max-width)*2\/3)]\" data-start=\"893\" data-end=\"957\">325ml<\/td>\n<\/tr>\n<\/tbody>\n<\/table>\n<p class=\"\" data-start=\"66\" data-end=\"454\">Trong th\u1ebf gi\u1edbi \u0111\u1ed3 u\u1ed1ng, n\u01b0\u1edbc soda \u0111\u00e3 tr\u1edf th\u00e0nh m\u1ed9t ph\u1ea7n kh\u00f4ng th\u1ec3 thi\u1ebfu trong gian b\u1ebfp v\u00e0 qu\u1ea7y bar c\u1ee7a nh\u1eefng ng\u01b0\u1eddi y\u00eau th\u00edch \u1ea9m th\u1ef1c v\u00e0 pha ch\u1ebf. Tuy nhi\u00ean, kh\u00f4ng ph\u1ea3i lo\u1ea1i soda n\u00e0o c\u0169ng gi\u1ed1ng nhau, trong \u0111\u00f3 Singha Soda Water n\u1ed5i l\u00ean nh\u01b0 m\u1ed9t vi\u00ean ng\u1ecdc qu\u00fd, mang theo tinh t\u00fay c\u1ee7a \u0111\u1ea5t tr\u1eddi Th\u00e1i Lan, chinh ph\u1ee5c v\u1ecb gi\u00e1c c\u1ee7a nh\u1eefng ng\u01b0\u1eddi s\u00e0nh \u0111i\u1ec7u nh\u1ea5t.<\/p>\n<p class=\"\" data-start=\"510\" data-end=\"965\">Singha Soda Water l\u00e0 m\u1ed9t s\u1ea3n ph\u1ea9m thu\u1ed9c t\u1eadp \u0111o\u00e0n Singha Corporation \u2013 \u0111\u01a1n v\u1ecb n\u1ed5i ti\u1ebfng v\u1edbi h\u01a1n 80 n\u0103m kinh nghi\u1ec7m trong ng\u00e0nh c\u00f4ng nghi\u1ec7p \u0111\u1ed3 u\u1ed1ng t\u1ea1i Th\u00e1i Lan. Ra \u0111\u1eddi t\u1eeb n\u0103m 1935, Singha Soda nhanh ch\u00f3ng tr\u1edf th\u00e0nh m\u1ed9t bi\u1ec3u t\u01b0\u1ee3ng qu\u1ed1c gia kh\u00f4ng ch\u1ec9 b\u1edfi h\u01b0\u01a1ng v\u1ecb, m\u00e0 c\u00f2n b\u1edfi s\u1ef1 \u1ed5n \u0111\u1ecbnh v\u1ec1 ch\u1ea5t l\u01b0\u1ee3ng qua nhi\u1ec1u th\u1ebf h\u1ec7. \u0110i\u1ec1u \u0111\u1eb7c bi\u1ec7t \u1edf Singha Soda Water l\u00e0 cam k\u1ebft kh\u00f4ng thay \u0111\u1ed5i c\u00f4ng th\u1ee9c su\u1ed1t h\u00e0ng ch\u1ee5c n\u0103m, duy tr\u00ec \u0111\u1ed9 tinh khi\u1ebft c\u1ee7a ngu\u1ed3n n\u01b0\u1edbc t\u1ef1 nhi\u00ean v\u00e0 \u00e1p d\u1ee5ng c\u00f4ng ngh\u1ec7 carbon h\u00f3a hi\u1ec7n \u0111\u1ea1i \u0111\u1ec3 t\u1ea1o ra b\u1ecdt kh\u00ed m\u1ecbn, m\u1ea1nh v\u00e0 l\u00e2u tan \u2013 y\u1ebfu t\u1ed1 c\u1ed1t l\u00f5i t\u1ea1o n\u00ean c\u1ea3m gi\u00e1c s\u1ea3ng kho\u00e1i khi u\u1ed1ng ho\u1eb7c pha ch\u1ebf.<\/p>\n<p data-start=\"510\" data-end=\"965\"><img fetchpriority=\"high\" decoding=\"async\" class=\"aligncenter wp-image-39174 \" src=\"https:\/\/havamall.com\/wp-content\/uploads\/2025\/04\/447955202_465696766146755_4372469546008782175_n.jpg\" alt=\"\" width=\"1001\" height=\"1252\" \/><\/p>\n<p class=\"\" data-start=\"1312\" data-end=\"1612\">Kh\u00f4ng gi\u1ed1ng nhi\u1ec1u lo\u1ea1i soda c\u00f4ng nghi\u1ec7p kh\u00e1c v\u1ed1n s\u1eed d\u1ee5ng n\u01b0\u1edbc tinh l\u1ecdc ho\u1eb7c c\u00f3 b\u1ed5 sung ch\u1ea5t t\u1ea1o v\u1ecb, Singha Soda Water \u0111\u01b0\u1ee3c khai th\u00e1c t\u1eeb gi\u1ebfng khoan s\u00e2u v\u1edbi ngu\u1ed3n n\u01b0\u1edbc kho\u00e1ng t\u1ef1 nhi\u00ean gi\u00e0u kho\u00e1ng ch\u1ea5t, sau \u0111\u00f3 tr\u1ea3i qua quy tr\u00ecnh carbon h\u00f3a nghi\u00eam ng\u1eb7t. Ch\u00ednh \u0111i\u1ec1u n\u00e0y mang l\u1ea1i m\u1ed9t s\u1ed1 kh\u00e1c bi\u1ec7t n\u1ed5i b\u1eadt:<\/p>\n<ul data-start=\"1614\" data-end=\"2353\">\n<li class=\"\" data-start=\"1614\" data-end=\"1830\">\n<p class=\"\" data-start=\"1616\" data-end=\"1830\"><strong data-start=\"1616\" data-end=\"1639\">B\u1ecdt kh\u00ed m\u1ea1nh v\u00e0 b\u1ec1n<\/strong>: Nh\u1edd quy tr\u00ecnh t\u1ea1o kh\u00ed CO\u2082 ti\u00ean ti\u1ebfn, Singha Soda Water c\u00f3 kh\u1ea3 n\u0103ng gi\u1eef b\u1ecdt l\u00e2u h\u01a1n, gi\u00fap c\u00e1c lo\u1ea1i cocktail, mocktail ho\u1eb7c r\u01b0\u1ee3u pha gi\u1eef \u0111\u01b0\u1ee3c h\u01b0\u01a1ng v\u1ecb v\u00e0 c\u1ea5u tr\u00fac h\u1ea5p d\u1eabn trong th\u1eddi gian d\u00e0i.<\/p>\n<\/li>\n<li class=\"\" data-start=\"1832\" data-end=\"2032\">\n<p class=\"\" data-start=\"1834\" data-end=\"2032\"><strong data-start=\"1834\" data-end=\"1861\">Kh\u00f4ng \u0111\u01b0\u1eddng, kh\u00f4ng calo<\/strong>: L\u00e0 s\u1ef1 l\u1ef1a ch\u1ecdn l\u00fd t\u01b0\u1edfng cho nh\u1eefng ng\u01b0\u1eddi theo ch\u1ebf \u0111\u1ed9 \u0103n ki\u00eang ho\u1eb7c \u0111ang theo \u0111u\u1ed5i l\u1ed1i s\u1ed1ng l\u00e0nh m\u1ea1nh. S\u1ea3n ph\u1ea9m ho\u00e0n to\u00e0n kh\u00f4ng ch\u1ee9a ch\u1ea5t t\u1ea1o ng\u1ecdt hay h\u01b0\u01a1ng li\u1ec7u nh\u00e2n t\u1ea1o.<\/p>\n<\/li>\n<li class=\"\" data-start=\"2034\" data-end=\"2163\">\n<p class=\"\" data-start=\"2036\" data-end=\"2163\"><strong data-start=\"2036\" data-end=\"2062\">Chai th\u1ee7y tinh cao c\u1ea5p<\/strong>: Gi\u1eef \u0111\u01b0\u1ee3c h\u01b0\u01a1ng v\u1ecb nguy\u00ean b\u1ea3n, kh\u00f4ng b\u1ecb \u1ea3nh h\u01b0\u1edfng b\u1edfi m\u00f9i nh\u1ef1a, \u0111\u1ed3ng th\u1eddi th\u00e2n thi\u1ec7n v\u1edbi m\u00f4i tr\u01b0\u1eddng.<\/p>\n<\/li>\n<li class=\"\" data-start=\"2165\" data-end=\"2353\">\n<p class=\"\" data-start=\"2167\" data-end=\"2353\"><strong data-start=\"2167\" data-end=\"2206\">V\u1ecb tinh khi\u1ebft, kh\u00f4ng c\u00f3 h\u1eadu v\u1ecb \u0111\u1eafng<\/strong>: \u0110\u00e2y l\u00e0 m\u1ed9t trong nh\u1eefng y\u1ebfu t\u1ed1 khi\u1ebfn Singha Soda \u0111\u01b0\u1ee3c gi\u1edbi bartender v\u00e0 chuy\u00ean gia pha ch\u1ebf \u01b0a chu\u1ed9ng khi k\u1ebft h\u1ee3p v\u1edbi r\u01b0\u1ee3u m\u1ea1nh ho\u1eb7c tr\u00e1i c\u00e2y t\u01b0\u01a1i.<\/p>\n<\/li>\n<\/ul>\n<h3 class=\"\" data-start=\"456\" data-end=\"508\"><img decoding=\"async\" class=\"aligncenter\" src=\"https:\/\/havamall.com\/wp-content\/uploads\/2025\/04\/edadb20af02b985f00d3797822d39e2c.jpg\" \/><\/h3>\n<p class=\"\" data-start=\"2392\" data-end=\"2724\">Kh\u00f4ng ch\u1ec9 \u0111\u01a1n thu\u1ea7n l\u00e0 m\u1ed9t th\u1ee9c u\u1ed1ng gi\u1ea3i kh\u00e1t, Singha Soda Water c\u00f2n l\u00e0 nguy\u00ean li\u1ec7u kh\u00f4ng th\u1ec3 thi\u1ebfu trong nhi\u1ec1u m\u00f3n cocktail, n\u01b0\u1edbc tr\u00e1i c\u00e2y, soda chanh ho\u1eb7c c\u00e1c lo\u1ea1i n\u01b0\u1edbc detox. M\u1ed9t s\u1ed1 bartender \u0111\u00e1nh gi\u00e1 cao s\u1ea3n ph\u1ea9m v\u00ec kh\u1ea3 n\u0103ng c\u00e2n b\u1eb1ng v\u1ecb r\u01b0\u1ee3u m\u1ea1nh, \u0111\u1ed3ng th\u1eddi kh\u00f4ng l\u00e0m \u00e1t m\u00f9i tinh d\u1ea7u t\u1eeb v\u1ecf cam, chanh ho\u1eb7c th\u1ea3o m\u1ed9c khi pha ch\u1ebf.<\/p>\n<p data-start=\"2392\" data-end=\"2724\"><img decoding=\"async\" class=\"aligncenter\" src=\"https:\/\/havamall.com\/wp-content\/uploads\/2025\/04\/vn-11134208-7r98o-lp0e30gnq1cr39.gif\" width=\"996\" height=\"1008\" \/><\/p>\n<p data-start=\"2392\" data-end=\"2724\"><em><span style=\"font-size: 14pt;\"><strong>C\u00c1CH PHA CH\u1ebe COCKTAIL T\u1eea SODA SINGHA<\/strong><\/span><\/em><\/p>\n<ul>\n<li data-sourcepos=\"5:1-5:84\">\n<p data-sourcepos=\"5:3-5:84\"><strong>N\u01b0\u1edbc Soda Singha<\/strong><\/p>\n<\/li>\n<li data-sourcepos=\"6:1-13:0\">\n<p data-sourcepos=\"6:3-6:27\"><strong>C\u00e1c nguy\u00ean li\u1ec7u kh\u00e1c:<\/strong><\/p>\n<ul data-sourcepos=\"7:5-13:0\">\n<li data-sourcepos=\"7:5-7:44\"><strong>N\u01b0\u1edbc c\u1ed1t chanh (Lime Juice):<\/strong> 20 ml<\/li>\n<li data-sourcepos=\"8:5-8:46\"><strong>N\u01b0\u1edbc \u00e9p d\u1ee9a (Pineapple Juice):<\/strong> 40 ml<\/li>\n<li data-sourcepos=\"9:5-9:31\"><strong>R\u01b0\u1ee3u rum (Rum):<\/strong> 60 ml<\/li>\n<li data-sourcepos=\"10:5-10:53\"><strong>Syrup b\u1ea1ch \u0111\u1eadu kh\u1ea5u (Cardamom Syrup):<\/strong> 40 ml<\/li>\n<li data-sourcepos=\"11:5-11:34\"><strong>S\u1ea3 (Lemongrass):<\/strong> 1 nh\u00e1nh<\/li>\n<li data-sourcepos=\"12:5-13:0\"><strong>Hoa ng\u1ecdc lan tr\u1eafng (White Champacas):<\/strong> 3-4 b\u00f4ng<\/li>\n<\/ul>\n<\/li>\n<\/ul>\n<p><img decoding=\"async\" class=\"aligncenter wp-image-39182 size-full\" src=\"https:\/\/havamall.com\/wp-content\/uploads\/2025\/04\/490100915_18048860321520420_2808944128361253111_n-1.jpg\" alt=\"\" width=\"1080\" height=\"1080\" \/><\/p>\n<p class=\"\" data-start=\"2726\" data-end=\"2904\">Ngo\u00e0i ra, m\u1ed9t s\u1ed1 ng\u01b0\u1eddi d\u00f9ng c\u00f2n s\u1eed d\u1ee5ng Singha Soda Water trong ch\u0103m s\u00f3c da m\u1eb7t, l\u00e0m s\u00e1ng r\u0103ng ho\u1eb7c h\u1ed7 tr\u1ee3 ti\u00eau h\u00f3a \u2013 nh\u1edd \u0111\u1eb7c t\u00ednh pH c\u00e2n b\u1eb1ng v\u00e0 kh\u00ed CO\u2082 gi\u00fap l\u00e0m s\u1ea1ch nh\u1eb9 nh\u00e0ng. S\u1ea3n ph\u1ea9m hi\u1ec7n \u0111\u00e3 c\u00f3 m\u1eb7t t\u1ea1i Havamall !<\/p>\n","protected":false},"excerpt":{"rendered":"<p>TH\u00d4NG TIN CHUNG Danh m\u1ee5c Chi ti\u1ebft Th\u01b0\u01a1ng hi\u1ec7u Singha Xu\u1ea5t x\u1ee9 Th\u00e1i Lan H\u1ea1n s\u1eed d\u1ee5ng Xem tr\u00ean bao<\/p>","protected":false},"featured_media":38229,"comment_status":"open","ping_status":"closed","template":"","meta":[],"product_brand":[],"product_cat":[677,135],"product_tag":[],"class_list":{"0":"post-38228","1":"product","2":"type-product","3":"status-publish","4":"has-post-thumbnail","6":"product_cat-cac-nuoc-khac","7":"product_cat-sua-do-uong","9":"first","10":"instock","11":"sale","12":"shipping-taxable","13":"purchasable","14":"product-type-simple"},"_links":{"self":[{"href":"https:\/\/havamall.vn\/en\/wp-json\/wp\/v2\/product\/38228"}],"collection":[{"href":"https:\/\/havamall.vn\/en\/wp-json\/wp\/v2\/product"}],"about":[{"href":"https:\/\/havamall.vn\/en\/wp-json\/wp\/v2\/types\/product"}],"replies":[{"embeddable":true,"href":"https:\/\/havamall.vn\/en\/wp-json\/wp\/v2\/comments?post=38228"}],"version-history":[{"count":0,"href":"https:\/\/havamall.vn\/en\/wp-json\/wp\/v2\/product\/38228\/revisions"}],"wp:featuredmedia":[{"embeddable":true,"href":"https:\/\/havamall.vn\/en\/wp-json\/wp\/v2\/media\/38229"}],"wp:attachment":[{"href":"https:\/\/havamall.vn\/en\/wp-json\/wp\/v2\/media?parent=38228"}],"wp:term":[{"taxonomy":"product_brand","embeddable":true,"href":"https:\/\/havamall.vn\/en\/wp-json\/wp\/v2\/product_brand?post=38228"},{"taxonomy":"product_cat","embeddable":true,"href":"https:\/\/havamall.vn\/en\/wp-json\/wp\/v2\/product_cat?post=38228"},{"taxonomy":"product_tag","embeddable":true,"href":"https:\/\/havamall.vn\/en\/wp-json\/wp\/v2\/product_tag?post=38228"}],"curies":[{"name":"wp","href":"https:\/\/api.w.org\/{rel}","templated":true}]}}