{"id":38220,"date":"2025-04-17T11:01:56","date_gmt":"2025-04-17T04:01:56","guid":{"rendered":"https:\/\/havamall.vn\/?post_type=product&#038;p=38220"},"modified":"2025-09-28T16:25:07","modified_gmt":"2025-09-28T09:25:07","slug":"bot-lam-banh-takoyaki-eiwa-600g-huong-vi-ca-ngu-dam-da","status":"publish","type":"product","link":"https:\/\/havamall.vn\/en\/shop\/bot-lam-banh-takoyaki-eiwa-600g-huong-vi-ca-ngu-dam-da\/","title":{"rendered":"B\u1ed9t L\u00e0m B\u00e1nh Takoyaki EIWA 600g \u2013 H\u01b0\u01a1ng V\u1ecb C\u00e1 Ng\u1eeb \u0110\u1eadm \u0110\u00e0"},"content":{"rendered":"<h2><strong>TH\u00d4NG TIN CHUNG<\/strong><\/h2>\n<div dir=\"auto\">\n<div dir=\"auto\">\n<table style=\"width: 52.7358%;height: 240px\">\n<tbody>\n<tr>\n<td>Th\u01b0\u01a1ng hi\u1ec7u<\/td>\n<td>EIWA (\u6804\u548c\u98df\u54c1)<\/td>\n<\/tr>\n<tr>\n<td>Xu\u1ea5t x\u1ee9 th\u01b0\u01a1ng hi\u1ec7u<\/td>\n<td>Nh\u1eadt B\u1ea3n<\/td>\n<\/tr>\n<tr>\n<td>H\u1ea1n s\u1eed d\u1ee5ng<\/td>\n<td>12 th\u00e1ng k\u1ec3 t\u1eeb ng\u00e0y s\u1ea3n xu\u1ea5t<\/td>\n<\/tr>\n<tr>\n<td>H\u01b0\u1edbng d\u1eabn b\u1ea3o qu\u1ea3n<\/td>\n<td>B\u1ea3o qu\u1ea3n nhi\u1ec7t \u0111\u1ed9 ph\u00f2ng<\/td>\n<\/tr>\n<tr>\n<td>Tr\u1ecdng l\u01b0\u1ee3ng s\u1ea3n ph\u1ea9m<\/td>\n<td>400g<\/td>\n<\/tr>\n<tr>\n<td>Th\u00e0nh ph\u1ea7n<\/td>\n<td>Xem tr\u00ean bao b\u00ec<\/td>\n<\/tr>\n<\/tbody>\n<\/table>\n<h3 class=\"\" data-start=\"714\" data-end=\"788\"><strong data-start=\"721\" data-end=\"788\">Takoyaki \u2013 H\u00e0nh tr\u00ecnh t\u1eeb \u0111\u01b0\u1eddng ph\u1ed1 Osaka \u0111\u1ebfn bi\u1ec3u t\u01b0\u1ee3ng \u1ea9m th\u1ef1c<\/strong><\/h3>\n<p class=\"\" data-start=\"364\" data-end=\"712\">N\u1ebfu nh\u1eafc \u0111\u1ebfn \u1ea9m th\u1ef1c \u0111\u01b0\u1eddng ph\u1ed1 Nh\u1eadt B\u1ea3n, h\u1eb3n kh\u00f4ng th\u1ec3 b\u1ecf qua <strong data-start=\"426\" data-end=\"438\">Takoyaki<\/strong> \u2013 nh\u1eefng vi\u00ean b\u00e1nh tr\u00f2n v\u00e0ng \u01b0\u01a1m v\u1edbi nh\u00e2n b\u1ea1ch tu\u1ed9c dai gi\u00f2n v\u00e0 h\u01b0\u01a1ng v\u1ecb \u0111\u1eadm \u0111\u00e0, h\u1ea5p d\u1eabn. M\u00f3n b\u00e1nh nh\u1ecf xinh n\u00e0y c\u00f3 th\u1ec3 khi\u1ebfn b\u1ea5t k\u1ef3 ai l\u1ea7n \u0111\u1ea7u th\u01b0\u1edfng th\u1ee9c c\u0169ng ph\u1ea3i tr\u1ea7m tr\u1ed3 v\u00ec s\u1ef1 h\u00e0i h\u00f2a gi\u1eefa ph\u1ea7n v\u1ecf gi\u00f2n nh\u1eb9, b\u00ean trong m\u1ec1m m\u1ecbn, th\u01a1m l\u1eebng m\u00f9i n\u01b0\u1edbc d\u00f9ng c\u00e1 ng\u1eeb v\u00e0 b\u1ea1ch tu\u1ed9c.<\/p>\n<p class=\"\" data-start=\"790\" data-end=\"1305\">Takoyaki ra \u0111\u1eddi v\u00e0o nh\u1eefng n\u0103m 1930 t\u1ea1i <strong data-start=\"829\" data-end=\"838\">Osaka<\/strong> \u2013 th\u1ee7 ph\u1ee7 \u1ea9m th\u1ef1c \u0111\u01b0\u1eddng ph\u1ed1 Nh\u1eadt B\u1ea3n, do m\u1ed9t ng\u01b0\u1eddi \u0111\u00e0n \u00f4ng t\u00ean <strong data-start=\"902\" data-end=\"920\">Endo Tomekichi<\/strong> s\u00e1ng t\u1ea1o n\u00ean. L\u1ea5y c\u1ea3m h\u1ee9ng t\u1eeb m\u00f3n Akashiyaki (b\u00e1nh tr\u1ee9ng truy\u1ec1n th\u1ed1ng v\u00f9ng Kobe), \u00f4ng \u0111\u00e3 bi\u1ebfn t\u1ea5u v\u00e0 cho ra \u0111\u1eddi nh\u1eefng vi\u00ean b\u00e1nh tr\u00f2n v\u1edbi nh\u00e2n b\u1ea1ch tu\u1ed9c, \u0111\u01b0\u1ee3c n\u01b0\u1edbng trong khu\u00f4n \u0111\u1eb7c bi\u1ec7t. T\u1eeb m\u1ed9t m\u00f3n \u0103n m\u1edbi l\u1ea1 \u1edf Kansai, Takoyaki nhanh ch\u00f3ng lan r\u1ed9ng kh\u1eafp Nh\u1eadt B\u1ea3n v\u00e0 th\u1ebf gi\u1edbi, tr\u1edf th\u00e0nh bi\u1ec3u t\u01b0\u1ee3ng v\u0103n h\u00f3a g\u1eafn li\u1ec1n v\u1edbi c\u00e1c l\u1ec5 h\u1ed9i (matsuri), c\u00e1c bu\u1ed5i t\u1ee5 h\u1ecdp gia \u0111\u00ecnh v\u00e0 \u1ea9m th\u1ef1c \u0111\u01b0\u1eddng ph\u1ed1.<\/p>\n<p data-start=\"790\" data-end=\"1305\"><img fetchpriority=\"high\" decoding=\"async\" class=\"aligncenter\" src=\"https:\/\/havamall.com\/wp-content\/uploads\/2025\/04\/2696879.jpg\" alt=\"Dive into \u201cTakoyaki\u201d History and Culture at D\u014dtonbori Kukuru Konamon Museum | Nippon.com\" width=\"843\" height=\"475\" \/><\/p>\n<h3 class=\"\" data-start=\"1307\" data-end=\"1378\"><strong data-start=\"1314\" data-end=\"1378\">B\u1ed9t l\u00e0m b\u00e1nh Takoyaki EIWA 600g \u2013 D\u1ec5 l\u00e0m, chu\u1ea9n v\u1ecb, ti\u1ec7n l\u1ee3i<\/strong><\/h3>\n<p class=\"\" data-start=\"1380\" data-end=\"1723\">V\u1edbi mong mu\u1ed1n mang h\u01b0\u01a1ng v\u1ecb truy\u1ec1n th\u1ed1ng \u1ea5y \u0111\u1ebfn m\u1ecdi c\u0103n b\u1ebfp, <strong data-start=\"1441\" data-end=\"1471\">b\u1ed9t l\u00e0m b\u00e1nh Takoyaki EIWA<\/strong> ch\u00ednh l\u00e0 l\u1ef1a ch\u1ecdn tuy\u1ec7t v\u1eddi cho nh\u1eefng ai y\u00eau th\u00edch m\u00f3n \u0103n n\u00e0y. S\u1ea3n ph\u1ea9m \u0111\u1ebfn t\u1eeb th\u01b0\u01a1ng hi\u1ec7u <strong data-start=\"1563\" data-end=\"1578\">\u6804\u548c\u98df\u54c1 \u2013 EIWA<\/strong> n\u1ed5i ti\u1ebfng t\u1ea1i Nh\u1eadt B\u1ea3n, nay \u0111\u00e3 c\u00f3 m\u1eb7t t\u1ea1i th\u1ecb tr\u01b0\u1eddng Vi\u1ec7t Nam d\u01b0\u1edbi d\u1ea1ng <strong data-start=\"1651\" data-end=\"1681\">g\u00f3i 600g (\u672a\u958b\u5c01)<\/strong>, \u0111\u1ea3m b\u1ea3o ch\u1ea5t l\u01b0\u1ee3ng v\u00e0 h\u01b0\u01a1ng v\u1ecb t\u01b0\u01a1i m\u1edbi.<\/p>\n<p class=\"\" data-start=\"1725\" data-end=\"1977\"><strong data-start=\"1725\" data-end=\"1747\">Th\u00e0nh ph\u1ea7n n\u1ed5i b\u1eadt<\/strong>:<br data-start=\"1748\" data-end=\"1751\" \/>B\u1ed9t \u0111\u01b0\u1ee3c l\u00e0m t\u1eeb <strong data-start=\"1767\" data-end=\"1783\">91.2% b\u1ed9t m\u00ec<\/strong>, k\u1ebft h\u1ee3p c\u00f9ng <strong data-start=\"1798\" data-end=\"1819\">chi\u1ebft xu\u1ea5t c\u00e1 ng\u1eeb<\/strong>, <strong data-start=\"1821\" data-end=\"1829\">mu\u1ed1i<\/strong>, <strong data-start=\"1831\" data-end=\"1840\">\u0111\u01b0\u1eddng<\/strong>, ch\u1ea5t t\u1ea1o x\u1ed1p (E500i), b\u1ed9t ng\u1ecdt (E621)\u2026 T\u1ea5t c\u1ea3 h\u00f2a quy\u1ec7n t\u1ea1o n\u00ean m\u00f9i v\u1ecb \u0111\u1eadm \u0111\u00e0, t\u1ef1 nhi\u00ean, mang \u0111\u1eb7c tr\u01b0ng truy\u1ec1n th\u1ed1ng c\u1ee7a takoyaki Nh\u1eadt.<\/p>\n<p class=\"\" data-start=\"1979\" data-end=\"1998\"><strong data-start=\"1979\" data-end=\"1997\">\u0110i\u1ec3m kh\u00e1c bi\u1ec7t<\/strong>:<\/p>\n<ul data-start=\"1999\" data-end=\"2322\">\n<li class=\"\" data-start=\"1999\" data-end=\"2130\">\n<p class=\"\" data-start=\"2001\" data-end=\"2130\"><strong data-start=\"2001\" data-end=\"2047\">\u0110\u00e3 c\u00f3 s\u1eb5n chi\u1ebft xu\u1ea5t c\u00e1 ng\u1eeb (katsuo dashi)<\/strong> trong th\u00e0nh ph\u1ea7n, gi\u00fap b\u00e1nh \u0111\u1eadm v\u1ecb ngay t\u1eeb b\u01b0\u1edbc \u0111\u1ea7u, kh\u00f4ng c\u1ea7n n\u00eam n\u1ebfm th\u00eam nhi\u1ec1u.<\/p>\n<\/li>\n<li class=\"\" data-start=\"2131\" data-end=\"2234\">\n<p class=\"\" data-start=\"2133\" data-end=\"2234\">G\u00f3i l\u1edbn <strong data-start=\"2141\" data-end=\"2149\">600g<\/strong> th\u00edch h\u1ee3p cho c\u1ea3 gia \u0111\u00ecnh ho\u1eb7c c\u00e1c bu\u1ed5i t\u1ee5 t\u1eadp, l\u00e0m \u0111\u01b0\u1ee3c nhi\u1ec1u l\u1ea7n m\u00e0 v\u1eabn ti\u1ebft ki\u1ec7m.<\/p>\n<\/li>\n<li class=\"\" data-start=\"2235\" data-end=\"2322\">\n<p class=\"\" data-start=\"2237\" data-end=\"2322\">C\u00f3 th\u1ec3 d\u00f9ng linh ho\u1ea1t \u0111\u1ec3 l\u00e0m c\u1ea3 <strong data-start=\"2269\" data-end=\"2281\">Takoyaki<\/strong> l\u1eabn <strong data-start=\"2286\" data-end=\"2301\">Okonomiyaki<\/strong> (b\u00e1nh x\u00e8o Nh\u1eadt B\u1ea3n).<\/p>\n<\/li>\n<\/ul>\n<p><img decoding=\"async\" class=\"aligncenter\" src=\"https:\/\/havamall.com\/wp-content\/uploads\/2025\/04\/IMG_7731-1024x768.jpg\" alt=\"\u305f\u3053\u3084\u304d\u305f\u3053\u52a9\u5973\u306e\u90fd\u53e3\u5e97#3 \u98df\u3079\u59cb\u3081\u308b\u3068\u624b\u304c\u6b62\u307e\u3089\u306a\u304f\u306a\u308b\u7f8e\u5473\u3057\u3055!? \u7d0440\u5e74\u306e\u8077\u4eba\u6280\u304c\u5149\u308b\u305f\u3053\u713c\u304d\u3092\u98df\u30ec\u30dd\u3057\u3061\u3083\u3044\u307e\u3059\uff5c \u4e5d\u5dde\u30ac\u30b9\u3010\u516c\u5f0f\u3011\" width=\"850\" height=\"612\" \/><\/p>\n<h3 class=\"\" data-start=\"2329\" data-end=\"2361\"><strong data-start=\"2339\" data-end=\"2360\">H\u01b0\u1edbng d\u1eabn s\u1eed d\u1ee5ng<\/strong>:<\/h3>\n<p class=\"\" data-start=\"2363\" data-end=\"2388\"><strong data-start=\"2363\" data-end=\"2387\">1. L\u00e0m b\u00e1nh Takoyaki<\/strong>:<\/p>\n<ul data-start=\"2389\" data-end=\"2730\">\n<li class=\"\" data-start=\"2389\" data-end=\"2519\">\n<p class=\"\" data-start=\"2391\" data-end=\"2519\">Tr\u1ed9n <strong data-start=\"2396\" data-end=\"2408\">100g b\u1ed9t<\/strong> v\u1edbi <strong data-start=\"2413\" data-end=\"2427\">300ml n\u01b0\u1edbc<\/strong> + <strong data-start=\"2430\" data-end=\"2445\">1 qu\u1ea3 tr\u1ee9ng<\/strong>, th\u00eam <strong data-start=\"2452\" data-end=\"2472\">150\u2013200g b\u1eafp c\u1ea3i<\/strong> v\u00e0 nguy\u00ean li\u1ec7u t\u00f9y th\u00edch nh\u01b0 b\u1ea1ch tu\u1ed9c, t\u00f4m&#8230;<\/p>\n<\/li>\n<li class=\"\" data-start=\"2520\" data-end=\"2588\">\n<p class=\"\" data-start=\"2522\" data-end=\"2588\">L\u00e0m n\u00f3ng khu\u00f4n, \u0111\u1ed5 b\u1ed9t v\u00e0o \u00bd khu\u00f4n, cho nh\u00e2n v\u00e0o r\u1ed3i \u0111\u1ed5 \u0111\u1ea7y khu\u00f4n.<\/p>\n<\/li>\n<li class=\"\" data-start=\"2589\" data-end=\"2654\">\n<p class=\"\" data-start=\"2591\" data-end=\"2654\">Chi\u00ean \u0111\u1ebfn khi b\u00e1nh v\u00e0ng \u0111\u1ec1u, l\u1eadt m\u1eb7t li\u00ean t\u1ee5c \u0111\u1ec3 b\u00e1nh tr\u00f2n \u0111\u1ec1u.<\/p>\n<\/li>\n<li class=\"\" data-start=\"2655\" data-end=\"2730\">\n<p class=\"\" data-start=\"2657\" data-end=\"2730\">D\u00f9ng n\u00f3ng c\u00f9ng s\u1ed1t takoyaki, c\u00e1 b\u00e0o, rong bi\u1ec3n, mayonnaise l\u00e0 chu\u1ea9n Nh\u1eadt!<\/p>\n<\/li>\n<\/ul>\n<p><img decoding=\"async\" class=\"aligncenter\" src=\"https:\/\/havamall.com\/wp-content\/uploads\/2025\/04\/Sws-cW3-5pXz_4oOepkXaTtT1jsnZF_eD8IVTaoOwIxd92iW5239lMvn8nx4aCAEvSzXljnnl4xI9hVKMbAjEUMcNGyHQW4ioRw4dfSRjmsQuYyxdelFUqZC-WHPhCz6naMBKQ0W.jpg\" alt=\"Takoyaki - Japanese Fried Octopus Balls - Tiffy Cooks\" width=\"859\" height=\"859\" \/><\/p>\n<p class=\"\" data-start=\"2732\" data-end=\"2771\"><strong data-start=\"2732\" data-end=\"2770\">2. L\u00e0m b\u00e1nh x\u00e8o Nh\u1eadt (Okonomiyaki)<\/strong>:<\/p>\n<ul data-start=\"2772\" data-end=\"2915\">\n<li class=\"\" data-start=\"2772\" data-end=\"2866\">\n<p class=\"\" data-start=\"2774\" data-end=\"2866\">Tr\u1ed9n <strong data-start=\"2779\" data-end=\"2791\">100g b\u1ed9t<\/strong> v\u1edbi <strong data-start=\"2796\" data-end=\"2810\">200ml n\u01b0\u1edbc<\/strong>, <strong data-start=\"2812\" data-end=\"2827\">2 qu\u1ea3 tr\u1ee9ng<\/strong>, th\u00eam rau c\u1ee7 v\u00e0 nguy\u00ean li\u1ec7u t\u00f9y th\u00edch.<\/p>\n<\/li>\n<li class=\"\" data-start=\"2867\" data-end=\"2915\">\n<p class=\"\" data-start=\"2869\" data-end=\"2915\">Chi\u00ean ch\u00edn \u0111\u1ec1u 2 m\u1eb7t, r\u01b0\u1edbi s\u1ed1t v\u00e0 th\u01b0\u1edfng th\u1ee9c.<\/p>\n<\/li>\n<\/ul>\n<p><img loading=\"lazy\" decoding=\"async\" class=\"aligncenter\" src=\"https:\/\/havamall.com\/wp-content\/uploads\/2025\/04\/opt__aboutcom__coeus__resources__content_migration__serious_eats__seriouseats.com__recipes__20160415-okonomiyaki-mixing-composite-f566cece113f48dd9240f74d02ef0d7e.jpg\" alt=\"Osaka-Style Okonomiyaki (Japanese Cabbage Pancake) Recipe\" width=\"869\" height=\"688\" \/><\/p>\n<p><img loading=\"lazy\" decoding=\"async\" class=\"aligncenter\" src=\"https:\/\/havamall.com\/wp-content\/uploads\/2025\/04\/k2FPhoto2FRecipes2F2022-01-okonomiyaki2Fk-photo-2022-01-okonomiyaki-01-017624-WEB.jpg\" alt=\"Okonomiyaki\" width=\"868\" height=\"864\" \/><\/p>\n<\/div>\n<\/div>","protected":false},"excerpt":{"rendered":"<p>TH\u00d4NG TIN CHUNG Th\u01b0\u01a1ng hi\u1ec7u EIWA (\u6804\u548c\u98df\u54c1) Xu\u1ea5t x\u1ee9 th\u01b0\u01a1ng hi\u1ec7u Nh\u1eadt B\u1ea3n H\u1ea1n s\u1eed d\u1ee5ng 12 th\u00e1ng k\u1ec3 t\u1eeb<\/p>","protected":false},"featured_media":38221,"comment_status":"open","ping_status":"closed","template":"","meta":[],"product_brand":[],"product_cat":[255,675],"product_tag":[],"class_list":{"0":"post-38220","1":"product","2":"type-product","3":"status-publish","4":"has-post-thumbnail","6":"product_cat-nguyen-lieu-lam-banh","7":"product_cat-nhap-khau-nhat-ban","9":"first","10":"outofstock","11":"sale","12":"shipping-taxable","13":"purchasable","14":"product-type-simple"},"_links":{"self":[{"href":"https:\/\/havamall.vn\/en\/wp-json\/wp\/v2\/product\/38220"}],"collection":[{"href":"https:\/\/havamall.vn\/en\/wp-json\/wp\/v2\/product"}],"about":[{"href":"https:\/\/havamall.vn\/en\/wp-json\/wp\/v2\/types\/product"}],"replies":[{"embeddable":true,"href":"https:\/\/havamall.vn\/en\/wp-json\/wp\/v2\/comments?post=38220"}],"version-history":[{"count":0,"href":"https:\/\/havamall.vn\/en\/wp-json\/wp\/v2\/product\/38220\/revisions"}],"wp:featuredmedia":[{"embeddable":true,"href":"https:\/\/havamall.vn\/en\/wp-json\/wp\/v2\/media\/38221"}],"wp:attachment":[{"href":"https:\/\/havamall.vn\/en\/wp-json\/wp\/v2\/media?parent=38220"}],"wp:term":[{"taxonomy":"product_brand","embeddable":true,"href":"https:\/\/havamall.vn\/en\/wp-json\/wp\/v2\/product_brand?post=38220"},{"taxonomy":"product_cat","embeddable":true,"href":"https:\/\/havamall.vn\/en\/wp-json\/wp\/v2\/product_cat?post=38220"},{"taxonomy":"product_tag","embeddable":true,"href":"https:\/\/havamall.vn\/en\/wp-json\/wp\/v2\/product_tag?post=38220"}],"curies":[{"name":"wp","href":"https:\/\/api.w.org\/{rel}","templated":true}]}}