{"id":38216,"date":"2025-04-17T10:06:05","date_gmt":"2025-04-17T03:06:05","guid":{"rendered":"https:\/\/havamall.vn\/?post_type=product&#038;p=38216"},"modified":"2025-04-17T10:06:06","modified_gmt":"2025-04-17T03:06:06","slug":"ruou-gia-vi-hai-thien-cao-cap-450ml-%e6%b5%b7%e5%a4%a9-%e9%ab%98%e7%ba%a7-%e6%96%99%e9%85%92-450ml","status":"publish","type":"product","link":"https:\/\/havamall.vn\/en\/shop\/ruou-gia-vi-hai-thien-cao-cap-450ml-%e6%b5%b7%e5%a4%a9-%e9%ab%98%e7%ba%a7-%e6%96%99%e9%85%92-450ml\/","title":{"rendered":"R\u01b0\u1ee3u Gia V\u1ecb H\u1ea3i Thi\u00ean Cao C\u1ea5p 450ml \u2013 \u6d77\u5929 \u9ad8\u7ea7 \u6599\u9152 450ml"},"content":{"rendered":"<h2><strong>TH\u00d4NG TIN CHUNG<\/strong><\/h2>\n<table style=\"width: 77.4384%;height: 207px\">\n<tbody>\n<tr>\n<td style=\"width: 17.3562%\">Th\u01b0\u01a1ng hi\u1ec7u<\/td>\n<td style=\"width: 84.4628%\">H\u1ea3i Thi\u00ean (Haday &#8211; \u6d77\u5929)<\/td>\n<\/tr>\n<tr>\n<td style=\"width: 17.3562%\">Xu\u1ea5t x\u1ee9<\/td>\n<td style=\"width: 84.4628%\">Trung Qu\u1ed1c<\/td>\n<\/tr>\n<tr>\n<td style=\"width: 17.3562%\">Th\u00e0nh ph\u1ea7n<\/td>\n<td style=\"width: 84.4628%\">N\u01b0\u1edbc, g\u1ea1o, l\u00faa m\u00ec, mu\u1ed1i, \u0111\u01b0\u1eddng, ch\u1ea5t \u0111i\u1ec1u v\u1ecb (mononatri glutamat),&#8230;<\/td>\n<\/tr>\n<tr>\n<td style=\"width: 17.3562%\">H\u01b0\u1edbng d\u1eabn s\u1eed d\u1ee5ng<\/td>\n<td style=\"width: 84.4628%\">D\u00f9ng \u0111\u1ec3 \u01b0\u1edbp c\u00e1c lo\u1ea1i th\u1ecbt, h\u1ea3i s\u1ea3n, n\u00eam n\u1ebfm c\u00e1c m\u00f3n x\u00e0o, kho, l\u1ea9u, gi\u00fap kh\u1eed m\u00f9i tanh v\u00e0 t\u0103ng h\u01b0\u01a1ng v\u1ecb cho m\u00f3n \u0103n.<\/td>\n<\/tr>\n<tr>\n<td style=\"width: 17.3562%\">B\u1ea3o qu\u1ea3n<\/td>\n<td style=\"width: 84.4628%\">N\u01a1i kh\u00f4 r\u00e1o, tho\u00e1ng m\u00e1t, tr\u00e1nh \u00e1nh n\u1eafng tr\u1ef1c ti\u1ebfp.<\/td>\n<\/tr>\n<tr>\n<td style=\"width: 17.3562%\">Th\u1ec3 t\u00edch<\/td>\n<td style=\"width: 84.4628%\">450ml<\/td>\n<\/tr>\n<\/tbody>\n<\/table>\n<p class=\"\" data-start=\"112\" data-end=\"701\">N\u1ebfu \u1ea9m th\u1ef1c Trung Hoa n\u1ed5i ti\u1ebfng v\u1edbi nh\u1eefng lo\u1ea1i r\u01b0\u1ee3u n\u1ea5u \u0103n \u0111\u1eb7c tr\u01b0ng, th\u00ec <strong data-start=\"186\" data-end=\"239\">R\u01b0\u1ee3u Gia V\u1ecb H\u1ea3i Thi\u00ean \u53e4\u9053\u6599\u9152 (Haday Seasoning Wine)<\/strong> ch\u00ednh l\u00e0 m\u1ed9t trong nh\u1eefng b\u00ed quy\u1ebft kh\u00f4ng th\u1ec3 thi\u1ebfu trong gian b\u1ebfp c\u1ee7a ng\u01b0\u1eddi n\u1ed9i tr\u1ee3. \u0110\u01b0\u1ee3c s\u1ea3n xu\u1ea5t b\u1edfi th\u01b0\u01a1ng hi\u1ec7u <strong data-start=\"354\" data-end=\"367\">H\u1ea3i Thi\u00ean<\/strong> \u2013 t\u00ean tu\u1ed5i l\u00e2u \u0111\u1eddi v\u00e0 uy t\u00edn trong ng\u00e0nh gia v\u1ecb t\u1ea1i Trung Qu\u1ed1c, s\u1ea3n ph\u1ea9m mang \u0111\u1ebfn h\u01b0\u01a1ng v\u1ecb \u0111\u1eadm \u0111\u00e0, t\u1ef1 nhi\u00ean v\u00e0 \u0111\u1ed9c \u0111\u00e1o, gi\u00fap m\u00f3n \u0103n th\u00eam ph\u1ea7n th\u01a1m ngon v\u00e0 h\u1ea5p d\u1eabn. R\u01b0\u1ee3u \u0111\u01b0\u1ee3c l\u00e0m t\u1eeb c\u00e1c th\u00e0nh ph\u1ea7n t\u1ef1 nhi\u00ean nh\u01b0 r\u01b0\u1ee3u g\u1ea1o, h\u00e0nh, g\u1eebng, mu\u1ed1i \u0103n,\u2026 v\u00e0 tr\u1ea3i qua quy tr\u00ecnh s\u1ea3n xu\u1ea5t nghi\u00eam ng\u1eb7t, \u0111\u1ea3m b\u1ea3o ch\u1ea5t l\u01b0\u1ee3ng v\u00e0 an to\u00e0n cho ng\u01b0\u1eddi s\u1eed d\u1ee5ng.<\/p>\n<p data-start=\"112\" data-end=\"701\"><img fetchpriority=\"high\" decoding=\"async\" class=\"aligncenter wp-image-39155 size-full\" src=\"https:\/\/havamall.com\/wp-content\/uploads\/2025\/04\/ru.png\" alt=\"\" width=\"800\" height=\"800\" \/><\/p>\n<p class=\"\" data-start=\"703\" data-end=\"1133\">V\u1edbi d\u1ea1ng l\u1ecfng, m\u00e0u n\u00e2u nh\u1ea1t \u0111\u1eb7c tr\u01b0ng v\u00e0 m\u00f9i th\u01a1m d\u1ecbu nh\u1eb9, kh\u00f4ng qu\u00e1 n\u1ed3ng, <strong data-start=\"778\" data-end=\"803\">R\u01b0\u1ee3u Gia V\u1ecb H\u1ea3i Thi\u00ean<\/strong> c\u00f3 t\u00e1c d\u1ee5ng kh\u1eed m\u00f9i tanh hi\u1ec7u qu\u1ea3, l\u00e0m m\u1ec1m th\u1ecbt v\u00e0 t\u0103ng h\u01b0\u01a1ng v\u1ecb cho m\u00f3n \u0103n. S\u1ea3n ph\u1ea9m \u0111\u1eb7c bi\u1ec7t ph\u00f9 h\u1ee3p trong c\u00e1c m\u00f3n kho, h\u1ea7m, x\u00e0o, quay, n\u01b0\u1edbng ho\u1eb7c d\u00f9ng \u0111\u1ec3 \u01b0\u1edbp th\u1ecbt, c\u00e1 tr\u01b0\u1edbc khi ch\u1ebf bi\u1ebfn. \u0110\u00e2y kh\u00f4ng ch\u1ec9 l\u00e0 m\u1ed9t lo\u1ea1i gia v\u1ecb \u0111\u01a1n thu\u1ea7n m\u00e0 c\u00f2n l\u00e0 b\u00ed quy\u1ebft gi\u00fap n\u00e2ng t\u1ea7m h\u01b0\u01a1ng v\u1ecb, mang \u0111\u1ebfn nh\u1eefng b\u1eefa \u0103n \u0111\u1eadm \u0111\u00e0, h\u1ea5p d\u1eabn v\u00e0 tinh t\u1ebf h\u01a1n. S\u1ea3n ph\u1ea9m hi\u1ec7n \u0111\u00e3 c\u00f3 m\u1eb7t t\u1ea1i Havamall !<\/p>\n<p data-start=\"703\" data-end=\"1133\"><img decoding=\"async\" class=\"aligncenter wp-image-39157 size-full\" src=\"https:\/\/havamall.com\/wp-content\/uploads\/2025\/04\/d.png\" alt=\"\" width=\"800\" height=\"800\" \/><\/p>\n<h2 class=\"\" data-start=\"1202\" data-end=\"1224\"><strong data-start=\"1205\" data-end=\"1224\">\u01afU \u0110I\u1ec2M N\u1ed4I B\u1eacT<\/strong><\/h2>\n<ul data-start=\"1226\" data-end=\"1554\">\n<li class=\"\" data-start=\"1226\" data-end=\"1316\">\n<p class=\"\" data-start=\"1228\" data-end=\"1316\"><strong data-start=\"1228\" data-end=\"1253\">Kh\u1eed m\u00f9i tanh hi\u1ec7u qu\u1ea3<\/strong> cho c\u00e1, th\u1ecbt, h\u1ea3i s\u1ea3n nh\u1edd s\u1ef1 k\u1ebft h\u1ee3p c\u1ee7a r\u01b0\u1ee3u, g\u1eebng v\u00e0 h\u00e0nh.<\/p>\n<\/li>\n<li class=\"\" data-start=\"1317\" data-end=\"1377\">\n<p class=\"\" data-start=\"1319\" data-end=\"1377\"><strong data-start=\"1319\" data-end=\"1340\">L\u00e0m m\u1ec1m th\u1ef1c ph\u1ea9m<\/strong>, gi\u00fap th\u1ecbt ch\u00edn nhanh v\u00e0 ngon h\u01a1n.<\/p>\n<\/li>\n<li class=\"\" data-start=\"1378\" data-end=\"1455\">\n<p class=\"\" data-start=\"1380\" data-end=\"1455\"><strong data-start=\"1380\" data-end=\"1404\">T\u0103ng h\u01b0\u01a1ng v\u1ecb m\u00f3n \u0103n<\/strong>, gi\u00fap m\u00f3n \u0103n c\u00f3 h\u01b0\u01a1ng th\u01a1m t\u1ef1 nhi\u00ean, \u0111\u1eadm \u0111\u00e0 h\u01a1n.<\/p>\n<\/li>\n<li class=\"\" data-start=\"1456\" data-end=\"1554\">\n<p class=\"\" data-start=\"1458\" data-end=\"1554\"><strong data-start=\"1458\" data-end=\"1484\">D\u1ec5 s\u1eed d\u1ee5ng v\u00e0 b\u1ea3o qu\u1ea3n<\/strong>, \u0111\u00f3ng chai ti\u1ec7n l\u1ee3i, c\u00f3 th\u1ec3 s\u1eed d\u1ee5ng l\u00e2u d\u00e0i n\u1ebfu b\u1ea3o qu\u1ea3n \u0111\u00fang c\u00e1ch.<\/p>\n<\/li>\n<\/ul>\n<p><img decoding=\"async\" class=\"aligncenter wp-image-39158 size-full\" src=\"https:\/\/havamall.com\/wp-content\/uploads\/2025\/04\/u.png\" alt=\"\" width=\"800\" height=\"800\" \/><\/p>\n<h2 class=\"\" data-start=\"1561\" data-end=\"1585\"><strong data-start=\"1564\" data-end=\"1585\">H\u01af\u1edaNG D\u1eaaN S\u1eec D\u1ee4NG<\/strong><\/h2>\n<ul data-start=\"1587\" data-end=\"1835\">\n<li class=\"\" data-start=\"1587\" data-end=\"1666\">\n<p class=\"\" data-start=\"1589\" data-end=\"1666\">D\u00f9ng \u0111\u1ec3 <strong data-start=\"1597\" data-end=\"1613\">\u01b0\u1edbp th\u1ecbt, c\u00e1<\/strong> tr\u01b0\u1edbc khi ch\u1ebf bi\u1ebfn \u0111\u1ec3 kh\u1eed m\u00f9i tanh v\u00e0 t\u0103ng \u0111\u1ed9 m\u1ec1m.<\/p>\n<\/li>\n<li class=\"\" data-start=\"1667\" data-end=\"1723\">\n<p class=\"\" data-start=\"1669\" data-end=\"1723\">D\u00f9ng trong <strong data-start=\"1680\" data-end=\"1720\">c\u00e1c m\u00f3n chi\u00ean, x\u00e0o, h\u1ea7m, quay, n\u01b0\u1edbng<\/strong>.<\/p>\n<\/li>\n<li class=\"\" data-start=\"1724\" data-end=\"1835\">\n<p class=\"\" data-start=\"1726\" data-end=\"1835\">C\u00f3 th\u1ec3 th\u00eam tr\u1ef1c ti\u1ebfp v\u00e0o m\u00f3n \u0103n trong qu\u00e1 tr\u00ecnh n\u1ea5u \u0111\u1ec3 <strong data-start=\"1782\" data-end=\"1802\">l\u00e0m d\u1eady m\u00f9i th\u01a1m<\/strong> v\u00e0 l\u00e0m n\u01b0\u1edbc d\u00f9ng th\u00eam h\u1ea5p d\u1eabn.<\/p>\n<\/li>\n<\/ul>\n<p><img loading=\"lazy\" decoding=\"async\" class=\"aligncenter\" src=\"https:\/\/havamall.com\/wp-content\/uploads\/2025\/04\/86be2b1ec3024ee79e83e8bbacf70150.jpg\" alt=\"\u6599\u9152\u4e0d\u662f\u5565\u83dc\u90fd\u80fd\u653e\uff0c\u7279\u522b\u662f\u505a\u8fd94\u79cd\u83dc\u201c\u6700\u5fcc\u201d\u653e\u6599\u9152\uff0c\u522b\u4e0d\u77e5\u9053_\u65f6\u5019\" width=\"798\" height=\"519\" \/><\/p>","protected":false},"excerpt":{"rendered":"<p>TH\u00d4NG TIN CHUNG Th\u01b0\u01a1ng hi\u1ec7u H\u1ea3i Thi\u00ean (Haday &#8211; \u6d77\u5929) Xu\u1ea5t x\u1ee9 Trung Qu\u1ed1c Th\u00e0nh ph\u1ea7n N\u01b0\u1edbc, g\u1ea1o, l\u00faa m\u00ec,<\/p>","protected":false},"featured_media":38217,"comment_status":"open","ping_status":"closed","template":"","meta":[],"product_brand":[],"product_cat":[674,154],"product_tag":[],"class_list":{"0":"post-38216","1":"product","2":"type-product","3":"status-publish","4":"has-post-thumbnail","6":"product_cat-nhap-khau-trung-quoc","7":"product_cat-gia-vi","9":"first","10":"instock","11":"sale","12":"shipping-taxable","13":"purchasable","14":"product-type-simple"},"_links":{"self":[{"href":"https:\/\/havamall.vn\/en\/wp-json\/wp\/v2\/product\/38216"}],"collection":[{"href":"https:\/\/havamall.vn\/en\/wp-json\/wp\/v2\/product"}],"about":[{"href":"https:\/\/havamall.vn\/en\/wp-json\/wp\/v2\/types\/product"}],"replies":[{"embeddable":true,"href":"https:\/\/havamall.vn\/en\/wp-json\/wp\/v2\/comments?post=38216"}],"version-history":[{"count":0,"href":"https:\/\/havamall.vn\/en\/wp-json\/wp\/v2\/product\/38216\/revisions"}],"wp:featuredmedia":[{"embeddable":true,"href":"https:\/\/havamall.vn\/en\/wp-json\/wp\/v2\/media\/38217"}],"wp:attachment":[{"href":"https:\/\/havamall.vn\/en\/wp-json\/wp\/v2\/media?parent=38216"}],"wp:term":[{"taxonomy":"product_brand","embeddable":true,"href":"https:\/\/havamall.vn\/en\/wp-json\/wp\/v2\/product_brand?post=38216"},{"taxonomy":"product_cat","embeddable":true,"href":"https:\/\/havamall.vn\/en\/wp-json\/wp\/v2\/product_cat?post=38216"},{"taxonomy":"product_tag","embeddable":true,"href":"https:\/\/havamall.vn\/en\/wp-json\/wp\/v2\/product_tag?post=38216"}],"curies":[{"name":"wp","href":"https:\/\/api.w.org\/{rel}","templated":true}]}}