{"id":38208,"date":"2025-04-16T17:16:05","date_gmt":"2025-04-16T10:16:05","guid":{"rendered":"https:\/\/havamall.vn\/?post_type=product&#038;p=38208"},"modified":"2025-07-02T15:54:23","modified_gmt":"2025-07-02T08:54:23","slug":"kem-whipping-dua-thuan-chay-natures-charm-coconut-whipping-cream-400ml","status":"publish","type":"product","link":"https:\/\/havamall.vn\/en\/shop\/kem-whipping-dua-thuan-chay-natures-charm-coconut-whipping-cream-400ml\/","title":{"rendered":"Kem Whipping D\u1eeba Thu\u1ea7n Chay Nature\u2019s Charm \u2013 Coconut Whipping Cream (400ml)"},"content":{"rendered":"<table class=\"min-w-full\" style=\"width: 54.9343%;\" data-start=\"160\" data-end=\"1499\">\n<thead data-start=\"160\" data-end=\"273\">\n<tr data-start=\"160\" data-end=\"273\">\n<th data-start=\"160\" data-end=\"193\"><strong data-start=\"162\" data-end=\"184\">TH\u00d4NG TIN S\u1ea2N PH\u1ea8M<\/strong><\/th>\n<th data-start=\"193\" data-end=\"273\"><strong data-start=\"195\" data-end=\"207\">CHI TI\u1ebeT<\/strong><\/th>\n<\/tr>\n<\/thead>\n<tbody data-start=\"387\" data-end=\"1499\">\n<tr data-start=\"499\" data-end=\"610\">\n<td class=\"max-w-[calc(var(--thread-content-max-width)*2\/3)]\" data-start=\"499\" data-end=\"531\"><strong data-start=\"501\" data-end=\"516\">Th\u01b0\u01a1ng hi\u1ec7u<\/strong><\/td>\n<td class=\"max-w-[calc(var(--thread-content-max-width)*2\/3)]\" data-start=\"531\" data-end=\"610\">Nature\u2019s Charm<\/td>\n<\/tr>\n<tr data-start=\"611\" data-end=\"722\">\n<td class=\"max-w-[calc(var(--thread-content-max-width)*2\/3)]\" data-start=\"611\" data-end=\"643\"><strong data-start=\"613\" data-end=\"624\">Xu\u1ea5t x\u1ee9<\/strong><\/td>\n<td class=\"max-w-[calc(var(--thread-content-max-width)*2\/3)]\" data-start=\"643\" data-end=\"722\">Th\u00e1i Lan<\/td>\n<\/tr>\n<tr data-start=\"723\" data-end=\"833\">\n<td class=\"max-w-[calc(var(--thread-content-max-width)*2\/3)]\" data-start=\"723\" data-end=\"755\"><strong data-start=\"725\" data-end=\"739\">Th\u00e0nh ph\u1ea7n<\/strong><\/td>\n<td class=\"max-w-[calc(var(--thread-content-max-width)*2\/3)] min-w-[calc(var(--thread-content-max-width)\/3)]\" data-start=\"755\" data-end=\"833\">Chi\u1ebft xu\u1ea5t d\u1eeba (coconut cream), n\u01b0\u1edbc, ch\u1ea5t \u1ed5n \u0111\u1ecbnh th\u1ef1c ph\u1ea9m, ch\u1ea5t nh\u0169 h\u00f3a<\/td>\n<\/tr>\n<tr data-start=\"834\" data-end=\"944\">\n<td class=\"max-w-[calc(var(--thread-content-max-width)*2\/3)]\" data-start=\"834\" data-end=\"866\"><strong data-start=\"836\" data-end=\"851\">H\u1ea1n s\u1eed d\u1ee5ng<\/strong><\/td>\n<td class=\"max-w-[calc(var(--thread-content-max-width)*2\/3)] min-w-[calc(var(--thread-content-max-width)\/3)]\" data-start=\"866\" data-end=\"944\">24 th\u00e1ng k\u1ec3 t\u1eeb ng\u00e0y s\u1ea3n xu\u1ea5t (xem tr\u00ean bao b\u00ec)<\/td>\n<\/tr>\n<tr data-start=\"945\" data-end=\"1055\">\n<td class=\"max-w-[calc(var(--thread-content-max-width)*2\/3)]\" data-start=\"945\" data-end=\"977\"><strong data-start=\"947\" data-end=\"963\">C\u00e1ch s\u1eed d\u1ee5ng<\/strong><\/td>\n<td class=\"max-w-[calc(var(--thread-content-max-width)*2\/3)] min-w-[calc(var(--thread-content-max-width)\/3)]\" data-start=\"977\" data-end=\"1055\">L\u00e0m l\u1ea1nh t\u1eeb 12 \u2013 24 ti\u1ebfng, sau \u0111\u00f3 \u0111\u00e1nh b\u00f4ng nh\u01b0 kem t\u01b0\u01a1i th\u00f4ng th\u01b0\u1eddng<\/td>\n<\/tr>\n<tr data-start=\"1166\" data-end=\"1276\">\n<td class=\"max-w-[calc(var(--thread-content-max-width)*2\/3)]\" data-start=\"1166\" data-end=\"1198\"><strong data-start=\"1168\" data-end=\"1180\">B\u1ea3o qu\u1ea3n<\/strong><\/td>\n<td class=\"max-w-[calc(var(--thread-content-max-width)*2\/3)] min-w-[calc(var(--thread-content-max-width)\/3)]\" data-start=\"1198\" data-end=\"1276\">\u0110\u1ec3 n\u01a1i kh\u00f4 r\u00e1o, tho\u00e1ng m\u00e1t. L\u00e0m l\u1ea1nh tr\u01b0\u1edbc khi s\u1eed d\u1ee5ng<\/td>\n<\/tr>\n<tr data-start=\"1277\" data-end=\"1388\">\n<td class=\"max-w-[calc(var(--thread-content-max-width)*2\/3)]\" data-start=\"1277\" data-end=\"1309\"><strong data-start=\"1279\" data-end=\"1298\">Kh\u1ed1i l\u01b0\u1ee3ng t\u1ecbnh<\/strong><\/td>\n<td class=\"max-w-[calc(var(--thread-content-max-width)*2\/3)]\" data-start=\"1309\" data-end=\"1388\">400ml<\/td>\n<\/tr>\n<\/tbody>\n<\/table>\n<h3 class=\"\" data-start=\"411\" data-end=\"515\"><strong data-start=\"415\" data-end=\"515\">Gi\u1ea3i ph\u00e1p thay th\u1ebf ho\u00e0n h\u1ea3o cho kem t\u01b0\u01a1i truy\u1ec1n th\u1ed1ng \u2013 Kh\u00f4ng s\u1eefa \u2013 Kh\u00f4ng gluten \u2013 100% th\u1ef1c v\u1eadt<\/strong><\/h3>\n<p class=\"\" data-start=\"517\" data-end=\"789\">Kem t\u01b0\u01a1i l\u00e0 nguy\u00ean li\u1ec7u kh\u00f4ng th\u1ec3 thi\u1ebfu trong l\u00e0m b\u00e1nh, pha ch\u1ebf \u0111\u1ed3 u\u1ed1ng hay trang tr\u00ed m\u00f3n tr\u00e1ng mi\u1ec7ng. Tuy nhi\u00ean, v\u1edbi ng\u01b0\u1eddi \u0103n thu\u1ea7n chay ho\u1eb7c kh\u00f4ng dung n\u1ea1p lactose, vi\u1ec7c t\u00ecm m\u1ed9t lo\u1ea1i kem v\u1eeba <strong data-start=\"710\" data-end=\"735\">b\u00e9o m\u1ecbn, d\u1ec5 \u0111\u00e1nh b\u00f4ng<\/strong> m\u00e0 <strong data-start=\"739\" data-end=\"766\">kh\u00f4ng ch\u1ee9a s\u1eefa \u0111\u1ed9ng v\u1eadt<\/strong> lu\u00f4n l\u00e0 m\u1ed9t th\u1eed th\u00e1ch.<\/p>\n<p class=\"\" data-start=\"791\" data-end=\"1085\">Hi\u1ec3u \u0111\u01b0\u1ee3c nhu c\u1ea7u \u0111\u00f3, <strong data-start=\"813\" data-end=\"867\">Nature\u2019s Charm \u2013 th\u01b0\u01a1ng hi\u1ec7u n\u1ed5i ti\u1ebfng t\u1eeb Th\u00e1i Lan<\/strong> \u2013 \u0111\u00e3 nghi\u00ean c\u1ee9u v\u00e0 cho ra \u0111\u1eddi <strong data-start=\"898\" data-end=\"950\">Kem Whipping D\u1eeba Thu\u1ea7n Chay \u2013 Coconut Whipping Cream<\/strong>, mang \u0111\u1ebfn <strong data-start=\"2270\" data-end=\"2306\">h\u01b0\u01a1ng v\u1ecb b\u00e9o nh\u1eb9 t\u1ef1 nhi\u00ean t\u1eeb d\u1eeba<\/strong>, kh\u00f4ng g\u1eaft, kh\u00f4ng \u0111\u01b0\u1eddng \u2013 r\u1ea5t d\u1ec5 k\u1ebft h\u1ee3p v\u1edbi c\u00e1c m\u00f3n ng\u1ecdt ho\u1eb7c m\u00f3n l\u1ea1nh. S\u1ea3n ph\u1ea9m ho\u00e0n to\u00e0n <strong data-start=\"2399\" data-end=\"2449\">kh\u00f4ng ch\u1ee9a s\u1eefa, kh\u00f4ng gluten v\u00e0 kh\u00f4ng \u0111\u1eadu n\u00e0nh<\/strong>, ph\u00f9 h\u1ee3p cho c\u1ea3 ng\u01b0\u1eddi \u0103n chay, ng\u01b0\u1eddi d\u1ecb \u1ee9ng s\u1eefa \u0111\u1ed9ng v\u1eadt ho\u1eb7c \u0111ang theo ch\u1ebf \u0111\u1ed9 \u0103n ki\u00eang l\u00e0nh m\u1ea1nh. Khi \u0111\u01b0\u1ee3c l\u00e0m l\u1ea1nh v\u00e0 \u0111\u00e1nh b\u00f4ng, l\u1edbp kem m\u1ec1m m\u1ecbn tan ch\u1ea3y trong mi\u1ec7ng, mang \u0111\u1ebfn tr\u1ea3i nghi\u1ec7m nh\u01b0 kem s\u1eefa truy\u1ec1n th\u1ed1ng m\u00e0 v\u1eabn an to\u00e0n, t\u1ed1t cho s\u1ee9c kh\u1ecfe.<\/p>\n<p data-start=\"791\" data-end=\"1085\"><img fetchpriority=\"high\" decoding=\"async\" class=\"aligncenter\" src=\"https:\/\/havamall.com\/wp-content\/uploads\/2025\/04\/Screenshot_2024-07-30_at_11.36.31_AM.png\" alt=\"Nature's Charm Coconut Whipping Cream 400ml | Vegan District Malaysia\" width=\"1048\" height=\"1303\" \/><\/p>\n<h3 class=\"\" data-start=\"524\" data-end=\"569\">Th\u00e0nh ph\u1ea7n t\u1ef1 nhi\u00ean, an to\u00e0n cho s\u1ee9c kh\u1ecfe<\/h3>\n<ul data-start=\"632\" data-end=\"1056\">\n<li class=\"\" data-start=\"632\" data-end=\"740\">\n<p class=\"\" data-start=\"634\" data-end=\"740\"><strong data-start=\"634\" data-end=\"651\">Kem d\u1eeba (90%)<\/strong>: \u0110\u01b0\u1ee3c chi\u1ebft xu\u1ea5t t\u1eeb n\u01b0\u1edbc c\u1ed1t d\u1eeba v\u00e0 n\u01b0\u1edbc, t\u1ea1o n\u00ean h\u01b0\u01a1ng v\u1ecb \u0111\u1eb7c tr\u01b0ng v\u00e0 \u0111\u1ed9 b\u00e9o t\u1ef1 nhi\u00ean.<\/p>\n<\/li>\n<li class=\"\" data-start=\"741\" data-end=\"837\">\n<p class=\"\" data-start=\"743\" data-end=\"837\"><strong data-start=\"743\" data-end=\"775\">D\u1ea7u d\u1eeba nguy\u00ean ch\u1ea5t (8.398%)<\/strong>: Cung c\u1ea5p ch\u1ea5t b\u00e9o l\u00e0nh m\u1ea1nh, h\u1ed7 tr\u1ee3 qu\u00e1 tr\u00ecnh \u0111\u00e1nh b\u00f4ng kem.<\/p>\n<\/li>\n<li class=\"\" data-start=\"838\" data-end=\"919\">\n<p class=\"\" data-start=\"840\" data-end=\"919\"><strong data-start=\"840\" data-end=\"860\">\u0110\u01b0\u1eddng d\u1eeba (1.5%)<\/strong>: T\u1ea1o v\u1ecb ng\u1ecdt d\u1ecbu nh\u1eb9, ph\u00f9 h\u1ee3p v\u1edbi kh\u1ea9u v\u1ecb c\u1ee7a nhi\u1ec1u ng\u01b0\u1eddi.<\/p>\n<\/li>\n<li class=\"\" data-start=\"920\" data-end=\"990\">\n<p class=\"\" data-start=\"922\" data-end=\"990\"><strong data-start=\"922\" data-end=\"949\">Ch\u1ea5t l\u00e0m \u0111\u1eb7c (Guar Gum)<\/strong>: Gi\u00fap kem \u0111\u1ea1t \u0111\u01b0\u1ee3c \u0111\u1ed9 s\u00e1nh m\u1ecbn l\u00fd t\u01b0\u1edfng.<\/p>\n<\/li>\n<li class=\"\" data-start=\"991\" data-end=\"1056\">\n<p class=\"\" data-start=\"993\" data-end=\"1056\"><strong data-start=\"993\" data-end=\"1012\">Chi\u1ebft xu\u1ea5t vani<\/strong>: T\u0103ng th\u00eam h\u01b0\u01a1ng th\u01a1m h\u1ea5p d\u1eabn cho s\u1ea3n ph\u1ea9m.<\/p>\n<\/li>\n<\/ul>\n<p class=\"\" data-start=\"1058\" data-end=\"1195\"><strong><em>S\u1ea3n ph\u1ea9m kh\u00f4ng ch\u1ee9a cholesterol, kh\u00f4ng ch\u1ea5t b\u1ea3o qu\u1ea3n, kh\u00f4ng \u0111\u1eadu n\u00e0nh, kh\u00f4ng gluten v\u00e0 kh\u00f4ng lactose, ph\u00f9 h\u1ee3p v\u1edbi nhi\u1ec1u \u0111\u1ed1i t\u01b0\u1ee3ng s\u1eed d\u1ee5ng.<\/em><\/strong><\/p>\n<p data-start=\"1058\" data-end=\"1195\"><img decoding=\"async\" class=\"aligncenter\" src=\"https:\/\/havamall.com\/wp-content\/uploads\/2025\/04\/coconut-cream-pies-blog-1-scaled.jpg\" width=\"1054\" height=\"1580\" \/><\/p>\n<p class=\"\" data-start=\"1044\" data-end=\"1451\">Kem T\u01b0\u01a1i D\u1eeba Nature\u2019s Charm c\u00f3 th\u1ec3 s\u1eed d\u1ee5ng \u0111\u1ec3 \u0111\u00e1nh b\u00f4ng l\u00e0m l\u1edbp ph\u1ee7 trang tr\u00ed b\u00e1nh kem, cupcake, mousse ho\u1eb7c l\u00e0m topping cho tr\u00e0 s\u1eefa, c\u00e0 ph\u00ea, sinh t\u1ed1. Ngo\u00e0i ra, s\u1ea3n ph\u1ea9m c\u0169ng r\u1ea5t ph\u00f9 h\u1ee3p \u0111\u1ec3 \u0103n k\u00e8m v\u1edbi tr\u00e1i c\u00e2y, b\u00e1nh ng\u1ecdt hay c\u00e1c m\u00f3n tr\u00e1ng mi\u1ec7ng nh\u01b0 \u0111\u00e1 b\u00e0o, pudding, b\u00e1nh flan thu\u1ea7n chay. \u0110\u00e2y l\u00e0 l\u1ef1a ch\u1ecdn l\u00fd t\u01b0\u1edfng \u0111\u1ec3 ch\u1ebf bi\u1ebfn m\u00f3n ng\u1ecdt t\u1ea1i nh\u00e0 m\u00e0 v\u1eabn \u0111\u1ea3m b\u1ea3o s\u1ee9c kh\u1ecfe v\u00e0 kh\u00f4ng s\u1eed d\u1ee5ng nguy\u00ean li\u1ec7u t\u1eeb \u0111\u1ed9ng v\u1eadt.<\/p>\n<p data-start=\"1044\" data-end=\"1451\"><img decoding=\"async\" class=\"aligncenter\" src=\"https:\/\/scontent.fsgn19-1.fna.fbcdn.net\/v\/t39.30808-6\/462364595_2907547572718118_890764093370472707_n.jpg?_nc_cat=107&amp;ccb=1-7&amp;_nc_sid=aa7b47&amp;_nc_ohc=XjII8mpIYUoQ7kNvwEJHlPM&amp;_nc_oc=AdkGkdjRQVrUWzkJo5u_yqZ3XCO4YiT7tgPGS00Xyp_eVL_IRQT0e70JfIDHkxyylqqmG43RDVglVb9GG2NoYuEj&amp;_nc_zt=23&amp;_nc_ht=scontent.fsgn19-1.fna&amp;_nc_gid=XbUOipabrIK9ho840G54zQ&amp;oh=00_AfEkCFNpl5cMZktaP6tJN4IFe6KD_meQrbEBI8S6HdxBpA&amp;oe=680508AD\" alt=\"Kh\u00f4ng c\u00f3 m\u00f4 t\u1ea3 \u1ea3nh.\" width=\"1050\" height=\"1043\" \/><\/p>\n<p class=\"\" data-start=\"1453\" data-end=\"1830\">\u0110\u1ec3 s\u1eed d\u1ee5ng, b\u1ea1n c\u1ea7n l\u00e0m l\u1ea1nh lon kem trong ng\u0103n m\u00e1t t\u1ee7 l\u1ea1nh t\u1eeb 12 \u0111\u1ebfn 24 gi\u1edd tr\u01b0\u1edbc khi \u0111\u00e1nh. Khi m\u1edf n\u1eafp, m\u00fac ph\u1ea7n kem \u0111\u1eb7c b\u00ean tr\u00ean (c\u00f3 th\u1ec3 lo\u1ea1i b\u1ecf ph\u1ea7n n\u01b0\u1edbc n\u1ebfu mu\u1ed1n \u0111\u00e1nh b\u00f4ng t\u1ed1t h\u01a1n). S\u1eed d\u1ee5ng m\u00e1y \u0111\u00e1nh tr\u1ee9ng \u1edf t\u1ed1c \u0111\u1ed9 trung b\u00ecnh \u0111\u1ebfn cao \u0111\u1ec3 \u0111\u00e1nh \u0111\u1ebfn khi kem b\u00f4ng m\u1ecbn theo mong mu\u1ed1n. Kem sau khi \u0111\u00e1nh c\u00f3 th\u1ec3 d\u00f9ng ngay ho\u1eb7c b\u1ea3o qu\u1ea3n l\u1ea1nh trong h\u1ed9p k\u00edn v\u00e0 d\u00f9ng trong v\u00f2ng 3\u20135 ng\u00e0y.<\/p>\n<p data-start=\"1453\" data-end=\"1830\"><strong data-start=\"2447\" data-end=\"2484\">Kem T\u01b0\u01a1i D\u1eeba Nature\u2019s Charm 400ml<\/strong> l\u00e0 s\u1ef1 l\u1ef1a ch\u1ecdn ho\u00e0n h\u1ea3o cho nh\u1eefng ai t\u00ecm ki\u1ebfm m\u1ed9t s\u1ea3n ph\u1ea9m kem t\u01b0\u01a1i thu\u1ea7n chay, an to\u00e0n cho s\u1ee9c kh\u1ecfe v\u00e0 d\u1ec5 d\u00e0ng s\u1eed d\u1ee5ng trong nhi\u1ec1u m\u00f3n \u0103n, s\u1ea3n ph\u1ea9m hi\u1ec7n \u0111ang \u0111\u01b0\u1ee3c b\u00e1n t\u1ea1i Havamall!<\/p>\n","protected":false},"excerpt":{"rendered":"<p>TH\u00d4NG TIN S\u1ea2N PH\u1ea8M CHI TI\u1ebeT Th\u01b0\u01a1ng hi\u1ec7u Nature\u2019s Charm Xu\u1ea5t x\u1ee9 Th\u00e1i Lan Th\u00e0nh ph\u1ea7n Chi\u1ebft xu\u1ea5t d\u1eeba (coconut<\/p>","protected":false},"featured_media":38209,"comment_status":"open","ping_status":"closed","template":"","meta":[],"product_brand":[],"product_cat":[677,256,496,135,143],"product_tag":[],"class_list":{"0":"post-38208","1":"product","2":"type-product","3":"status-publish","4":"has-post-thumbnail","6":"product_cat-cac-nuoc-khac","7":"product_cat-thuc-pham-huu-co","8":"product_cat-thuc-pham-thuan-chay","9":"product_cat-sua-do-uong","10":"product_cat-thuc-pham-dong-hop","12":"first","13":"outofstock","14":"sale","15":"shipping-taxable","16":"purchasable","17":"product-type-simple"},"_links":{"self":[{"href":"https:\/\/havamall.vn\/en\/wp-json\/wp\/v2\/product\/38208"}],"collection":[{"href":"https:\/\/havamall.vn\/en\/wp-json\/wp\/v2\/product"}],"about":[{"href":"https:\/\/havamall.vn\/en\/wp-json\/wp\/v2\/types\/product"}],"replies":[{"embeddable":true,"href":"https:\/\/havamall.vn\/en\/wp-json\/wp\/v2\/comments?post=38208"}],"version-history":[{"count":0,"href":"https:\/\/havamall.vn\/en\/wp-json\/wp\/v2\/product\/38208\/revisions"}],"wp:featuredmedia":[{"embeddable":true,"href":"https:\/\/havamall.vn\/en\/wp-json\/wp\/v2\/media\/38209"}],"wp:attachment":[{"href":"https:\/\/havamall.vn\/en\/wp-json\/wp\/v2\/media?parent=38208"}],"wp:term":[{"taxonomy":"product_brand","embeddable":true,"href":"https:\/\/havamall.vn\/en\/wp-json\/wp\/v2\/product_brand?post=38208"},{"taxonomy":"product_cat","embeddable":true,"href":"https:\/\/havamall.vn\/en\/wp-json\/wp\/v2\/product_cat?post=38208"},{"taxonomy":"product_tag","embeddable":true,"href":"https:\/\/havamall.vn\/en\/wp-json\/wp\/v2\/product_tag?post=38208"}],"curies":[{"name":"wp","href":"https:\/\/api.w.org\/{rel}","templated":true}]}}