{"id":38202,"date":"2025-04-16T16:14:31","date_gmt":"2025-04-16T09:14:31","guid":{"rendered":"https:\/\/havamall.vn\/?post_type=product&#038;p=38202"},"modified":"2025-08-25T17:07:58","modified_gmt":"2025-08-25T10:07:58","slug":"bot-ot-trung-quoc-te-cay-kuntai-1-2-goi-100g-chinese-chili-powder","status":"publish","type":"product","link":"https:\/\/havamall.vn\/en\/shop\/bot-ot-trung-quoc-te-cay-kuntai-1-2-goi-100g-chinese-chili-powder\/","title":{"rendered":"B\u1ed9t \u1edat Trung Qu\u1ed1c T\u00ea Cay KunTai 1 +2 G\u00f3i 100g \u2013 Chinese Chili Powder"},"content":{"rendered":"<table class=\"min-w-full\" style=\"width: 74.1038%;height: 202px\" data-start=\"114\" data-end=\"1933\">\n<thead data-start=\"114\" data-end=\"304\">\n<tr style=\"height: 24px\" data-start=\"114\" data-end=\"304\">\n<th style=\"height: 24px\" data-start=\"114\" data-end=\"143\"><strong data-start=\"116\" data-end=\"123\">M\u1ee5c<\/strong><\/th>\n<th style=\"height: 24px\" data-start=\"143\" data-end=\"304\"><strong data-start=\"145\" data-end=\"158\">Th\u00f4ng tin<\/strong><\/th>\n<\/tr>\n<\/thead>\n<tbody data-start=\"496\" data-end=\"1933\">\n<tr style=\"height: 24px\" data-start=\"496\" data-end=\"707\">\n<td class=\"max-w-[calc(var(--thread-content-max-width)*2\/3)]\" style=\"height: 24px\" data-start=\"496\" data-end=\"525\"><strong data-start=\"498\" data-end=\"513\">Th\u01b0\u01a1ng hi\u1ec7u<\/strong><\/td>\n<td class=\"max-w-[calc(var(--thread-content-max-width)*2\/3)]\" style=\"height: 24px\" data-start=\"525\" data-end=\"707\"><span class=\"relative -mx-px my-[-0.2rem] rounded px-px py-[0.2rem] transition-colors duration-100 ease-in-out\">KunTaiZhanShui<\/span><\/td>\n<\/tr>\n<tr style=\"height: 24px\" data-start=\"708\" data-end=\"923\">\n<td class=\"max-w-[calc(var(--thread-content-max-width)*2\/3)]\" style=\"height: 24px\" data-start=\"708\" data-end=\"737\"><strong data-start=\"710\" data-end=\"721\">Xu\u1ea5t x\u1ee9<\/strong><\/td>\n<td class=\"max-w-[calc(var(--thread-content-max-width)*2\/3)]\" style=\"height: 24px\" data-start=\"737\" data-end=\"923\"><span class=\"relative -mx-px my-[-0.2rem] rounded px-px py-[0.2rem] transition-colors duration-100 ease-in-out\">Trung Qu\u1ed1c<\/span><\/td>\n<\/tr>\n<tr style=\"height: 24px\" data-start=\"924\" data-end=\"1032\">\n<td class=\"max-w-[calc(var(--thread-content-max-width)*2\/3)]\" style=\"height: 24px\" data-start=\"924\" data-end=\"953\"><strong data-start=\"926\" data-end=\"940\">Th\u00e0nh ph\u1ea7n<\/strong><\/td>\n<td class=\"max-w-[calc(var(--thread-content-max-width)*2\/3)]\" style=\"height: 24px\" data-start=\"953\" data-end=\"1032\"><span class=\"relative -mx-px my-[-0.2rem] rounded px-px py-[0.2rem] transition-colors duration-100 ease-in-out\">B\u1ed9t \u1edbt, ti\u00eau, m\u00e8, mu\u1ed1i, b\u1ed9t n\u00eam g\u00e0, b\u1ed9t ng\u1ecdt, \u0111\u1eadu n\u00e0nh, \u0111\u1eadu ph\u1ed9ng, c\u00f9ng c\u00e1c gia v\u1ecb kh\u00e1c \u0111\u01b0\u1ee3c xay nhuy\u1ec5n th\u00e0nh d\u1ea1ng b\u1ed9t.<\/span><\/td>\n<\/tr>\n<tr style=\"height: 24px\" data-start=\"1033\" data-end=\"1209\">\n<td class=\"max-w-[calc(var(--thread-content-max-width)*2\/3)]\" style=\"height: 24px\" data-start=\"1033\" data-end=\"1062\"><strong data-start=\"1035\" data-end=\"1050\">H\u1ea1n s\u1eed d\u1ee5ng<\/strong><\/td>\n<td class=\"max-w-[calc(var(--thread-content-max-width)*2\/3)]\" style=\"height: 24px\" data-start=\"1062\" data-end=\"1209\"><span class=\"relative -mx-px my-[-0.2rem] rounded px-px py-[0.2rem] transition-colors duration-100 ease-in-out\">18 th\u00e1ng k\u1ec3 t\u1eeb ng\u00e0y s\u1ea3n xu\u1ea5t (NSX in tr\u00ean bao b\u00ec)<\/span><\/td>\n<\/tr>\n<tr style=\"height: 24px\" data-start=\"1210\" data-end=\"1373\">\n<td class=\"max-w-[calc(var(--thread-content-max-width)*2\/3)]\" style=\"height: 24px\" data-start=\"1210\" data-end=\"1239\"><strong data-start=\"1212\" data-end=\"1228\">C\u00e1ch s\u1eed d\u1ee5ng<\/strong><\/td>\n<td class=\"max-w-[calc(var(--thread-content-max-width)*2\/3)]\" style=\"height: 24px\" data-start=\"1239\" data-end=\"1373\"><span class=\"relative -mx-px my-[-0.2rem] rounded px-px py-[0.2rem] transition-colors duration-100 ease-in-out\">D\u00f9ng \u0111\u1ec3 \u01b0\u1edbp n\u01b0\u1edbng c\u00e1c m\u00f3n \u0103n, l\u00e0m mu\u1ed1i ch\u1ea5m, ho\u1eb7c cho v\u00e0o canh \u0111\u1ec3 t\u0103ng \u0111\u1ed9 cay.<\/span><\/td>\n<\/tr>\n<tr style=\"height: 24px\" data-start=\"1523\" data-end=\"1709\">\n<td class=\"max-w-[calc(var(--thread-content-max-width)*2\/3)]\" style=\"height: 24px\" data-start=\"1523\" data-end=\"1552\"><strong data-start=\"1525\" data-end=\"1537\">B\u1ea3o qu\u1ea3n<\/strong><\/td>\n<td class=\"max-w-[calc(var(--thread-content-max-width)*2\/3)]\" style=\"height: 24px\" data-start=\"1552\" data-end=\"1709\"><span class=\"relative -mx-px my-[-0.2rem] rounded px-px py-[0.2rem] transition-colors duration-100 ease-in-out\">B\u1ea3o qu\u1ea3n n\u01a1i kh\u00f4 r\u00e1o, tho\u00e1ng m\u00e1t, tr\u00e1nh \u00e1nh n\u1eafng tr\u1ef1c ti\u1ebfp.<\/span><\/td>\n<\/tr>\n<tr style=\"height: 24px\" data-start=\"1710\" data-end=\"1933\">\n<td class=\"max-w-[calc(var(--thread-content-max-width)*2\/3)]\" style=\"height: 24px\" data-start=\"1710\" data-end=\"1739\"><strong data-start=\"1712\" data-end=\"1731\">Kh\u1ed1i l\u01b0\u1ee3ng t\u1ecbnh<\/strong><\/td>\n<td class=\"max-w-[calc(var(--thread-content-max-width)*2\/3)]\" style=\"height: 24px\" data-start=\"1739\" data-end=\"1933\"><span class=\"relative -mx-px my-[-0.2rem] rounded px-px py-[0.2rem] transition-colors duration-100 ease-in-out\">100g<\/span><\/td>\n<\/tr>\n<\/tbody>\n<\/table>\n<h2 class=\"\" data-start=\"318\" data-end=\"364\">Th\u01b0\u01a1ng hi\u1ec7u KunTaiZhanShui<\/h2>\n<p class=\"\" data-start=\"366\" data-end=\"755\">KunTaiZhanShui l\u00e0 th\u01b0\u01a1ng hi\u1ec7u gia v\u1ecb n\u1ed5i b\u1eadt \u0111\u1ebfn t\u1eeb Trung Qu\u1ed1c, \u0111\u01b0\u1ee3c bi\u1ebft \u0111\u1ebfn v\u1edbi c\u00e1c d\u00f2ng s\u1ea3n ph\u1ea9m mang h\u01b0\u01a1ng v\u1ecb \u0111\u1eb7c tr\u01b0ng v\u00f9ng T\u1ee9 Xuy\u00ean \u2013 n\u01a1i n\u1ed5i ti\u1ebfng v\u1edbi nh\u1eefng m\u00f3n \u0103n cay t\u00ea \u0111\u1ed9c \u0111\u00e1o. V\u1edbi s\u1ef1 k\u1ebft h\u1ee3p gi\u1eefa truy\u1ec1n th\u1ed1ng \u1ea9m th\u1ef1c l\u00e2u \u0111\u1eddi v\u00e0 k\u1ef9 thu\u1eadt ch\u1ebf bi\u1ebfn hi\u1ec7n \u0111\u1ea1i, KunTaiZhanShui lu\u00f4n h\u01b0\u1edbng \u0111\u1ebfn m\u1ee5c ti\u00eau t\u1ea1o ra nh\u1eefng s\u1ea3n ph\u1ea9m v\u1eeba ti\u1ec7n l\u1ee3i, v\u1eeba gi\u1eef \u0111\u01b0\u1ee3c tr\u1ecdn v\u1eb9n tinh hoa \u1ea9m th\u1ef1c Hoa L\u1ee5c.<\/p>\n<h2 class=\"\" data-start=\"958\" data-end=\"1013\">H\u01b0\u01a1ng v\u1ecb \u0111\u1eb7c tr\u01b0ng v\u00e0 tr\u1ea3i nghi\u1ec7m v\u1ecb gi\u00e1c \u0111\u1ed9c \u0111\u00e1o<\/h2>\n<p class=\"\" data-start=\"1015\" data-end=\"1322\">\u0110i\u1ec3m \u0111\u1eb7c tr\u01b0ng l\u00e0m n\u00ean s\u1ef1 kh\u00e1c bi\u1ec7t c\u1ee7a\u00a0<strong data-start=\"1055\" data-end=\"1080\">B\u1ed9t \u1edat KunTaiZhanShui<\/strong>\u00a0ch\u00ednh l\u00e0 v\u1ecb\u00a0<strong data-start=\"1093\" data-end=\"1111\">cay t\u00ea \u0111a t\u1ea7ng<\/strong>\u00a0\u2013 s\u1ef1 h\u00f2a quy\u1ec7n gi\u1eefa \u1edbt \u0111\u1ecf cay n\u1ed3ng, ti\u00eau th\u01a1m v\u00e0 m\u1ed9t ch\u00fat c\u1ea3m gi\u00e1c t\u00ea nh\u1eb9 n\u01a1i \u0111\u1ea7u l\u01b0\u1ee1i, l\u00e0 h\u01b0\u01a1ng v\u1ecb quen thu\u1ed9c trong c\u00e1c m\u00f3n\u00a0<strong data-start=\"1237\" data-end=\"1253\">l\u1ea9u T\u1ee9 Xuy\u00ean<\/strong>,\u00a0<strong data-start=\"1255\" data-end=\"1273\">th\u1ecbt n\u01b0\u1edbng cay<\/strong>, hay\u00a0<strong data-start=\"1279\" data-end=\"1298\">m\u00ec tr\u1ed9n cay kh\u00f4<\/strong>\u00a0tr\u1ee9 danh c\u1ee7a Trung Hoa.<\/p>\n<p class=\"\" data-start=\"1324\" data-end=\"1598\">S\u1ea3n ph\u1ea9m kh\u00f4ng ch\u1ec9 mang \u0111\u1ebfn \u0111\u1ed9 cay n\u00f3ng k\u00edch th\u00edch v\u1ecb gi\u00e1c m\u00e0 c\u00f2n ch\u1ee9a \u0111\u1ef1ng chi\u1ec1u s\u00e2u h\u01b0\u01a1ng v\u1ecb t\u1eeb\u00a0<strong data-start=\"1422\" data-end=\"1454\">m\u00e8 rang, \u0111\u1eadu n\u00e0nh, \u0111\u1eadu ph\u1ed9ng<\/strong>\u00a0v\u00e0 c\u00e1c lo\u1ea1i\u00a0<strong data-start=\"1467\" data-end=\"1486\">gia v\u1ecb t\u1ed5ng h\u1ee3p<\/strong>. L\u1edbp h\u01b0\u01a1ng th\u01a1m thoang tho\u1ea3ng xen l\u1eabn v\u1ecb b\u00f9i, m\u1eb7n nh\u1eb9 v\u00e0 h\u1eadu ng\u1ecdt, t\u1ea1o n\u00ean s\u1ef1 c\u00e2n b\u1eb1ng tr\u1ecdn v\u1eb9n cho m\u1ecdi m\u00f3n \u0103n.<\/p>\n<p data-start=\"1324\" data-end=\"1598\"><img fetchpriority=\"high\" decoding=\"async\" class=\"aligncenter\" src=\"https:\/\/havamall.com\/wp-content\/uploads\/2025\/04\/O1CN01QVRPOU1HE5dtGiGxF_4116520725.jpg\" alt=\"Yunnan Specialty Kuntai Spicy Chili Noodles Seasoning - 300g x 3 Bags\" width=\"1088\" height=\"1230\" \/><\/p>\n<h3 class=\"\" data-start=\"1673\" data-end=\"1696\">Th\u00e0nh ph\u1ea7n ch\u00ednh:<\/h3>\n<ul data-start=\"1697\" data-end=\"2074\">\n<li class=\"\" data-start=\"1697\" data-end=\"1758\">\n<p class=\"\" data-start=\"1699\" data-end=\"1758\"><strong data-start=\"1699\" data-end=\"1719\">\u1edat \u0111\u1ecf xay nhuy\u1ec5n<\/strong>: T\u1ea1o m\u00e0u s\u1eafc b\u1eaft m\u1eaft v\u00e0 v\u1ecb cay r\u00f5 n\u00e9t.<\/p>\n<\/li>\n<li class=\"\" data-start=\"1759\" data-end=\"1835\">\n<p class=\"\" data-start=\"1761\" data-end=\"1835\"><strong data-start=\"1761\" data-end=\"1789\">Ti\u00eau v\u00e0 gia v\u1ecb \u0111\u1eb7c tr\u01b0ng<\/strong>: G\u00f3p ph\u1ea7n t\u1ea1o v\u1ecb t\u00ea nh\u1eb9, th\u01a1m n\u1ed3ng kh\u00f3 c\u01b0\u1ee1ng.<\/p>\n<\/li>\n<li class=\"\" data-start=\"1836\" data-end=\"1922\">\n<p class=\"\" data-start=\"1838\" data-end=\"1922\"><strong data-start=\"1838\" data-end=\"1862\">M\u00e8 rang v\u00e0 \u0111\u1eadu ph\u1ed9ng<\/strong>: \u0110em l\u1ea1i \u0111\u1ed9 b\u00e9o v\u00e0 b\u00f9i nh\u1eb9 \u0111\u1eb7c tr\u01b0ng c\u1ee7a \u1ea9m th\u1ef1c Trung Hoa.<\/p>\n<\/li>\n<li class=\"\" data-start=\"1923\" data-end=\"2009\">\n<p class=\"\" data-start=\"1925\" data-end=\"2009\"><strong data-start=\"1925\" data-end=\"1955\">B\u1ed9t n\u00eam g\u00e0, mu\u1ed1i, b\u1ed9t ng\u1ecdt<\/strong>: Gi\u00fap c\u00e2n b\u1eb1ng v\u1ecb, t\u0103ng t\u00ednh \u1ee9ng d\u1ee5ng cho c\u00e1c m\u00f3n \u0103n.<\/p>\n<\/li>\n<li class=\"\" data-start=\"2010\" data-end=\"2074\">\n<p class=\"\" data-start=\"2012\" data-end=\"2074\"><strong data-start=\"2012\" data-end=\"2024\">\u0110\u1eadu n\u00e0nh<\/strong>: T\u0103ng th\u00eam \u0111\u1ed9 ng\u1eady v\u00e0 chi\u1ec1u s\u00e2u v\u1ecb ng\u1ecdt t\u1ef1 nhi\u00ean.<\/p>\n<\/li>\n<\/ul>\n<p><img decoding=\"async\" class=\"aligncenter\" src=\"https:\/\/havamall.com\/wp-content\/uploads\/2025\/04\/ABUIABACGAAgjKD69wUo1d3Y6QUw6Ac4vws.jpg\" width=\"1094\" height=\"1557\" \/><\/p>\n<p class=\"\" data-start=\"2272\" data-end=\"2380\"><strong data-start=\"2272\" data-end=\"2302\">B\u1ed9t \u1edat KunTaiZhanShui 100g<\/strong>\u00a0c\u00f3 th\u1ec3 d\u00f9ng nh\u01b0 gia v\u1ecb ch\u00ednh ho\u1eb7c gia v\u1ecb b\u1ed5 sung cho nhi\u1ec1u m\u00f3n \u0103n quen thu\u1ed9c:<\/p>\n<ul data-start=\"2382\" data-end=\"2789\">\n<li class=\"\" data-start=\"2382\" data-end=\"2488\">\n<p class=\"\" data-start=\"2384\" data-end=\"2488\"><strong data-start=\"2384\" data-end=\"2402\">\u01af\u1edbp th\u1ecbt n\u01b0\u1edbng<\/strong>: D\u00f9ng tr\u1ef1c ti\u1ebfp ho\u1eb7c tr\u1ed9n c\u00f9ng n\u01b0\u1edbc t\u01b0\u01a1ng, d\u1ea7u m\u00e8 \u0111\u1ec3 t\u1ea1o s\u1ed1t \u01b0\u1edbp th\u1ecbt ki\u1ec3u Trung Hoa.<\/p>\n<\/li>\n<li class=\"\" data-start=\"2489\" data-end=\"2581\">\n<p class=\"\" data-start=\"2491\" data-end=\"2581\"><strong data-start=\"2491\" data-end=\"2506\">X\u00e0o m\u00f3n cay<\/strong>: K\u1ebft h\u1ee3p v\u1edbi h\u00e0nh, t\u1ecfi, sa t\u1ebf \u0111\u1ec3 x\u00e0o b\u00f2, g\u00e0, h\u1ea3i s\u1ea3n ho\u1eb7c m\u00f3n chay cay t\u00ea.<\/p>\n<\/li>\n<li class=\"\" data-start=\"2582\" data-end=\"2665\">\n<p class=\"\" data-start=\"2584\" data-end=\"2665\"><strong data-start=\"2584\" data-end=\"2612\">M\u00ec tr\u1ed9n, b\u00e1nh tr\u00e1ng tr\u1ed9n<\/strong>: R\u1eafc tr\u1ef1c ti\u1ebfp \u0111\u1ec3 t\u0103ng \u0111\u1ed9 cay v\u00e0 h\u01b0\u01a1ng th\u01a1m h\u1ea5p d\u1eabn.<\/p>\n<\/li>\n<li class=\"\" data-start=\"2666\" data-end=\"2789\">\n<p class=\"\" data-start=\"2668\" data-end=\"2789\"><strong data-start=\"2668\" data-end=\"2685\">L\u00e0m mu\u1ed1i ch\u1ea5m<\/strong>: Tr\u1ed9n c\u00f9ng mu\u1ed1i, \u0111\u01b0\u1eddng v\u00e0 n\u01b0\u1edbc c\u1ed1t chanh cho ra lo\u1ea1i mu\u1ed1i t\u00ea cay ch\u1ea5m tr\u00e1i c\u00e2y ho\u1eb7c \u0111\u1ed3 n\u01b0\u1edbng si\u00eau cu\u1ed1n.<\/p>\n<\/li>\n<\/ul>\n<p><strong>L\u1ea1p x\u01b0\u1edfng n\u01b0\u1edbng \u0111\u00e1 ph\u1ee7 b\u1ed9t \u1edbt cay t\u00ea<\/strong><\/p>\n<p data-sourcepos=\"1:1-1:273\">L\u1ea1p x\u01b0\u1edfng n\u01b0\u1edbng \u0111\u00e1 \u0111ang l\u00e0 m\u00f3n \u0103n v\u1eb7t \u201cl\u00e0m m\u01b0a l\u00e0m gi\u00f3\u201d tr\u00ean kh\u1eafp c\u00e1c con ph\u1ed1 \u1ea9m th\u1ef1c Vi\u1ec7t Nam, \u0111\u1eb7c bi\u1ec7t l\u00e0 \u1edf gi\u1edbi tr\u1ebb. S\u1ef1 k\u1ebft h\u1ee3p \u0111\u1ed9c \u0111\u00e1o gi\u1eefa v\u1ecb ng\u1ecdt \u0111\u1eadm \u0111\u00e0 c\u1ee7a l\u1ea1p x\u01b0\u1edfng truy\u1ec1n th\u1ed1ng v\u00e0 ph\u01b0\u01a1ng ph\u00e1p n\u01b0\u1edbng tr\u00ean \u0111\u00e1 n\u00f3ng \u0111\u00e3 t\u1ea1o n\u00ean m\u1ed9t tr\u1ea3i nghi\u1ec7m \u1ea9m th\u1ef1c m\u1edbi l\u1ea1, kh\u00f3 c\u01b0\u1ee1ng.<\/p>\n<p data-sourcepos=\"5:1-5:253\">L\u1ea1p x\u01b0\u1edfng n\u01b0\u1edbng \u0111\u00e1 th\u01b0\u1eddng \u0111\u01b0\u1ee3c \u0103n k\u00e8m v\u1edbi t\u01b0\u01a1ng \u1edbt ho\u1eb7c t\u01b0\u01a1ng x\u00ed mu\u1ed9i, t\u0103ng th\u00eam h\u01b0\u01a1ng v\u1ecb \u0111\u1eadm \u0111\u00e0 cho m\u00f3n \u0103n khi k\u1ebft h\u1ee3p v\u1edbi l\u1edbp ph\u1ee7 b\u1ed9t \u1edbt KunTai 1+2, \u0111i\u1ec3m \u0111\u1ed9c \u0111\u00e1o gi\u1eefa h\u01b0\u01a1ng v\u1ecb truy\u1ec1n th\u1ed1ng v\u00e0 c\u00e1ch ch\u1ebf bi\u1ebfn m\u1edbi l\u1ea1, l\u1ea1p x\u01b0\u1edfng n\u01b0\u1edbng \u0111\u00e1 \u0111\u00e3 nhanh ch\u00f3ng tr\u1edf th\u00e0nh m\u1ed9t m\u00f3n \u0103n v\u1eb7t \u0111\u01b0\u1ee3c y\u00eau th\u00edch, thu h\u00fat \u0111\u00f4ng \u0111\u1ea3o th\u1ef1c kh\u00e1ch \u0111\u1ebfn th\u01b0\u1edfng th\u1ee9c.<\/p>\n<p data-sourcepos=\"5:1-5:253\"><img decoding=\"async\" class=\"aligncenter\" src=\"https:\/\/havamall.com\/wp-content\/uploads\/2025\/04\/1_img0251-17051657460561530589156.jpg\" alt=\"M\u1edf qu\u1ea7y l\u1ea1p x\u01b0\u1edfng n\u01b0\u1edbng \u0111\u00e1, \u00f4ng ch\u1ee7 GenZ b\u00e1n g\u1ea7n 800 xi\u00ean m\u1ed7i ng\u00e0y\" width=\"1094\" height=\"729\" \/><\/p>\n<p class=\"\" data-start=\"3592\" data-end=\"3802\"><strong data-start=\"3592\" data-end=\"3622\">B\u1ed9t \u1edat KunTaiZhanShui 100g<\/strong>\u00a0\u2013 l\u1ef1a ch\u1ecdn tuy\u1ec7t v\u1eddi cho nh\u1eefng ai y\u00eau th\u00edch m\u00f3n \u0103n cay t\u00ea \u0111\u1eadm \u0111\u00e0 \u0111\u00fang chu\u1ea9n Trung Hoa. C\u00f2n ch\u1ea7n ch\u1edd g\u00ec n\u1eefa m\u00e0 kh\u00f4ng th\u1eed ngay h\u00f4m nay \u0111\u1ec3 kh\u00e1m ph\u00e1 chi\u1ec1u s\u00e2u c\u1ee7a v\u1ecb cay truy\u1ec1n th\u1ed1ng? Hi\u1ec7n s\u1ea3n ph\u1ea9m \u0111ang c\u00f3 m\u1eb7t t\u1ea1i Havamall!<\/p>\n","protected":false},"excerpt":{"rendered":"<p>M\u1ee5c Th\u00f4ng tin Th\u01b0\u01a1ng hi\u1ec7u KunTaiZhanShui Xu\u1ea5t x\u1ee9 Trung Qu\u1ed1c Th\u00e0nh ph\u1ea7n B\u1ed9t \u1edbt, ti\u00eau, m\u00e8, mu\u1ed1i, b\u1ed9t n\u00eam g\u00e0,<\/p>","protected":false},"featured_media":38203,"comment_status":"open","ping_status":"closed","template":"","meta":[],"product_brand":[],"product_cat":[595,674],"product_tag":[],"class_list":{"0":"post-38202","1":"product","2":"type-product","3":"status-publish","4":"has-post-thumbnail","6":"product_cat-gia-vi-va-che-bien","7":"product_cat-nhap-khau-trung-quoc","9":"first","10":"outofstock","11":"sale","12":"shipping-taxable","13":"purchasable","14":"product-type-simple"},"_links":{"self":[{"href":"https:\/\/havamall.vn\/en\/wp-json\/wp\/v2\/product\/38202"}],"collection":[{"href":"https:\/\/havamall.vn\/en\/wp-json\/wp\/v2\/product"}],"about":[{"href":"https:\/\/havamall.vn\/en\/wp-json\/wp\/v2\/types\/product"}],"replies":[{"embeddable":true,"href":"https:\/\/havamall.vn\/en\/wp-json\/wp\/v2\/comments?post=38202"}],"version-history":[{"count":0,"href":"https:\/\/havamall.vn\/en\/wp-json\/wp\/v2\/product\/38202\/revisions"}],"wp:featuredmedia":[{"embeddable":true,"href":"https:\/\/havamall.vn\/en\/wp-json\/wp\/v2\/media\/38203"}],"wp:attachment":[{"href":"https:\/\/havamall.vn\/en\/wp-json\/wp\/v2\/media?parent=38202"}],"wp:term":[{"taxonomy":"product_brand","embeddable":true,"href":"https:\/\/havamall.vn\/en\/wp-json\/wp\/v2\/product_brand?post=38202"},{"taxonomy":"product_cat","embeddable":true,"href":"https:\/\/havamall.vn\/en\/wp-json\/wp\/v2\/product_cat?post=38202"},{"taxonomy":"product_tag","embeddable":true,"href":"https:\/\/havamall.vn\/en\/wp-json\/wp\/v2\/product_tag?post=38202"}],"curies":[{"name":"wp","href":"https:\/\/api.w.org\/{rel}","templated":true}]}}