{"id":38173,"date":"2025-03-31T11:30:26","date_gmt":"2025-03-31T04:30:26","guid":{"rendered":"https:\/\/havamall.vn\/?post_type=product&#038;p=38173"},"modified":"2025-03-31T11:38:36","modified_gmt":"2025-03-31T04:38:36","slug":"trai-tam-bop-dong-lanh-havafoodies-tui-500g-frozen-physalis-havafoodies","status":"publish","type":"product","link":"https:\/\/havamall.vn\/en\/shop\/trai-tam-bop-dong-lanh-havafoodies-tui-500g-frozen-physalis-havafoodies\/","title":{"rendered":"Tr\u00e1i T\u1ea7m B\u00f3p \u0110\u00f4ng L\u1ea1nh Havafoodies T\u00fai 500g &#8211; Frozen Physalis Havafoodies"},"content":{"rendered":"<h2><strong>TH\u00d4NG TIN CHUNG<\/strong><\/h2>\n<table>\n<tbody>\n<tr>\n<td>Th\u01b0\u01a1ng hi\u1ec7u<\/td>\n<td>Havafoodies<\/td>\n<\/tr>\n<tr>\n<td>Xu\u1ea5t x\u1ee9<\/td>\n<td>Vi\u1ec7t Nam<\/td>\n<\/tr>\n<tr>\n<td>Th\u00e0nh ph\u1ea7n<\/td>\n<td>Xem tr\u00ean bao b\u00ec<\/td>\n<\/tr>\n<tr>\n<td>H\u1ea1n s\u1eed d\u1ee5ng<\/td>\n<td>Xem tr\u1ef1c ti\u1ebfp tr\u00ean bao b\u00ec<\/td>\n<\/tr>\n<tr>\n<td>B\u1ea3o qu\u1ea3n<\/td>\n<td>\u0110\u1ec3 n\u01a1i kh\u00f4 r\u00e1o, tho\u00e1ng m\u00e1t, tr\u00e1nh \u00e1nh n\u1eafng tr\u1ef1c ti\u1ebfp<\/td>\n<\/tr>\n<tr>\n<td>Kh\u1ed1i l\u01b0\u1ee3ng<\/td>\n<td>500g<\/td>\n<\/tr>\n<\/tbody>\n<\/table>\n<p data-pm-slice=\"1 1 []\"><strong>T\u1ea7m B\u00f3p \u0110\u00f4ng L\u1ea1nh &#8211; S\u1ef1 L\u1ef1a Ch\u1ecdn Tuy\u1ec7t V\u1eddi Cho S\u1ee9c Kh\u1ecfe V\u00e0 \u1ea8m Th\u1ef1c<\/strong><\/p>\n<p>Trong th\u1ebf gi\u1edbi th\u1ef1c ph\u1ea9m s\u1ea1ch v\u00e0 dinh d\u01b0\u1ee1ng, t\u1ea7m b\u00f3p ng\u00e0y c\u00e0ng \u0111\u01b0\u1ee3c \u01b0a chu\u1ed9ng b\u1edfi nh\u1eefng gi\u00e1 tr\u1ecb tuy\u1ec7t v\u1eddi m\u00e0 n\u00f3 mang l\u1ea1i. \u0110\u01b0\u1ee3c bi\u1ebft \u0111\u1ebfn nh\u01b0 m\u1ed9t lo\u1ea1i qu\u1ea3 gi\u00e0u dinh d\u01b0\u1ee1ng, t\u1ea7m b\u00f3p kh\u00f4ng ch\u1ec9 cung c\u1ea5p c\u00e1c vitamin thi\u1ebft y\u1ebfu m\u00e0 c\u00f2n c\u00f3 nh\u1eefng l\u1ee3i \u00edch \u0111\u00e1ng k\u1ec3 \u0111\u1ed1i v\u1edbi s\u1ee9c kh\u1ecfe. \u0110\u1ec3 \u0111\u00e1p \u1ee9ng nhu c\u1ea7u s\u1eed d\u1ee5ng thu\u1eadn ti\u1ec7n v\u00e0 b\u1ea3o qu\u1ea3n l\u00e2u d\u00e0i, ch\u00fang t\u00f4i xin gi\u1edbi thi\u1ec7u s\u1ea3n ph\u1ea9m <strong>T\u1ea7m B\u00f3p \u0110\u00f4ng L\u1ea1nh<\/strong> \u2013 s\u1ef1 l\u1ef1a ch\u1ecdn ho\u00e0n h\u1ea3o cho nh\u1eefng ng\u01b0\u1eddi y\u00eau th\u00edch th\u1ef1c ph\u1ea9m t\u1ef1 nhi\u00ean v\u00e0 l\u00e0nh m\u1ea1nh.<\/p>\n<h3 data-pm-slice=\"1 1 []\"><strong>Gi\u1edbi Thi\u1ec7u V\u1ec1 T\u1ea7m B\u00f3p<\/strong><\/h3>\n<p>T\u1ea7m b\u00f3p (Physalis angulata) l\u00e0 m\u1ed9t lo\u1ea1i c\u00e2y thu\u1ed9c h\u1ecd C\u00e0 (Solanaceae), c\u00f3 ngu\u1ed3n g\u1ed1c t\u1eeb khu v\u1ef1c nhi\u1ec7t \u0111\u1edbi v\u00e0 c\u1eadn nhi\u1ec7t \u0111\u1edbi. Qu\u1ea3 t\u1ea7m b\u00f3p c\u00f3 h\u00ecnh tr\u00f2n nh\u1ecf, \u0111\u01b0\u1ee3c bao b\u1ecdc b\u1edfi l\u1edbp v\u1ecf m\u1ecfng t\u1ef1 nhi\u00ean nh\u01b0 m\u1ed9t chi\u1ebfc \u0111\u00e8n l\u1ed3ng. Khi ch\u00edn, qu\u1ea3 c\u00f3 m\u00e0u v\u00e0ng cam, v\u1ecb ng\u1ecdt thanh, pha ch\u00fat chua nh\u1eb9, t\u1ea1o n\u00ean m\u1ed9t h\u01b0\u01a1ng v\u1ecb \u0111\u1ed9c \u0111\u00e1o kh\u00f3 qu\u00ean. Kh\u00f4ng ch\u1ec9 c\u00f3 gi\u00e1 tr\u1ecb \u1ea9m th\u1ef1c, t\u1ea7m b\u00f3p c\u00f2n \u0111\u01b0\u1ee3c s\u1eed d\u1ee5ng r\u1ed9ng r\u00e3i trong y h\u1ecdc c\u1ed5 truy\u1ec1n v\u1edbi nhi\u1ec1u c\u00f4ng d\u1ee5ng t\u1ed1t cho s\u1ee9c kh\u1ecfe.<\/p>\n<p><img fetchpriority=\"high\" decoding=\"async\" class=\"aligncenter\" src=\"https:\/\/havamall.com\/wp-content\/uploads\/2025\/03\/ngam-hat-giong-tam-bop-tu-2-4h-truoc-khi-gieo-trong-1-1024x683.jpg\" alt=\"K\u1ef9 thu\u1eadt tr\u1ed3ng v\u00e0 ch\u0103m s\u00f3c t\u1ea7m b\u00f3p hi\u1ec7u qu\u1ea3 cho gi\u00e1 tr\u1ecb kinh t\u1ebf cao\" width=\"1003\" height=\"669\" \/><\/p>\n<h3><strong>L\u1ee3i \u00cdch S\u1ee9c Kh\u1ecfe C\u1ee7a T\u1ea7m B\u00f3p<\/strong><\/h3>\n<ol start=\"1\" data-spread=\"false\">\n<li><strong>Gi\u00e0u ch\u1ea5t ch\u1ed1ng oxy h\u00f3a<\/strong>: T\u1ea7m b\u00f3p ch\u1ee9a nhi\u1ec1u h\u1ee3p ch\u1ea5t ch\u1ed1ng oxy h\u00f3a nh\u01b0 vitamin C, flavonoid v\u00e0 polyphenol, gi\u00fap b\u1ea3o v\u1ec7 t\u1ebf b\u00e0o kh\u1ecfi t\u1ed5n th\u01b0\u01a1ng do c\u00e1c g\u1ed1c t\u1ef1 do g\u00e2y ra.<\/li>\n<li><strong>H\u1ed7 tr\u1ee3 h\u1ec7 mi\u1ec5n d\u1ecbch<\/strong>: H\u00e0m l\u01b0\u1ee3ng vitamin C d\u1ed3i d\u00e0o gi\u00fap t\u0103ng c\u01b0\u1eddng s\u1ee9c \u0111\u1ec1 kh\u00e1ng, h\u1ed7 tr\u1ee3 c\u01a1 th\u1ec3 ch\u1ed1ng l\u1ea1i vi khu\u1ea9n v\u00e0 virus.<\/li>\n<li><strong>C\u1ea3i thi\u1ec7n ti\u00eau h\u00f3a<\/strong>: T\u1ea7m b\u00f3p c\u00f3 ch\u1ee9a nhi\u1ec1u ch\u1ea5t x\u01a1, h\u1ed7 tr\u1ee3 ti\u00eau h\u00f3a t\u1ed1t h\u01a1n, ng\u0103n ng\u1eeba t\u00e1o b\u00f3n v\u00e0 c\u1ea3i thi\u1ec7n h\u1ec7 vi sinh \u0111\u01b0\u1eddng ru\u1ed9t.<\/li>\n<li><strong>Gi\u1ea3m vi\u00eam v\u00e0 \u0111au nh\u1ee9c<\/strong>: C\u00e1c h\u1ee3p ch\u1ea5t t\u1ef1 nhi\u00ean trong t\u1ea7m b\u00f3p c\u00f3 t\u00e1c d\u1ee5ng gi\u1ea3m vi\u00eam, gi\u00fap h\u1ed7 tr\u1ee3 \u0111i\u1ec1u tr\u1ecb c\u00e1c b\u1ec7nh vi\u00eam kh\u1edbp v\u00e0 \u0111au nh\u1ee9c c\u01a1 b\u1eafp.<\/li>\n<li><strong>T\u1ed1t cho tim m\u1ea1ch<\/strong>: H\u00e0m l\u01b0\u1ee3ng kali v\u00e0 c\u00e1c ch\u1ea5t ch\u1ed1ng oxy h\u00f3a gi\u00fap gi\u1ea3m nguy c\u01a1 m\u1eafc c\u00e1c b\u1ec7nh tim m\u1ea1ch, \u0111i\u1ec1u h\u00f2a huy\u1ebft \u00e1p v\u00e0 c\u1ea3i thi\u1ec7n s\u1ee9c kh\u1ecfe tim m\u1ea1ch t\u1ed5ng th\u1ec3.<\/li>\n<\/ol>\n<p><img decoding=\"async\" class=\"aligncenter\" src=\"https:\/\/havamall.com\/wp-content\/uploads\/2025\/03\/closeup_hand_gooseberry_1387056035.jpg\" width=\"1014\" height=\"565\" \/><\/p>\n<h3><strong>T\u1ea1i Sao N\u00ean Ch\u1ecdn T\u1ea7m B\u00f3p \u0110\u00f4ng L\u1ea1nh?<\/strong><\/h3>\n<ol start=\"1\" data-spread=\"false\">\n<li><strong>Gi\u1eef nguy\u00ean gi\u00e1 tr\u1ecb dinh d\u01b0\u1ee1ng<\/strong>: Qu\u00e1 tr\u00ecnh \u0111\u00f4ng l\u1ea1nh gi\u00fap b\u1ea3o to\u00e0n t\u1ed1i \u0111a l\u01b0\u1ee3ng vitamin v\u00e0 kho\u00e1ng ch\u1ea5t c\u00f3 trong qu\u1ea3 t\u1ea7m b\u00f3p.<\/li>\n<li><strong>D\u1ec5 d\u00e0ng b\u1ea3o qu\u1ea3n<\/strong>: S\u1ea3n ph\u1ea9m \u0111\u01b0\u1ee3c \u0111\u00f3ng g\u00f3i theo ti\u00eau chu\u1ea9n an to\u00e0n th\u1ef1c ph\u1ea9m, c\u00f3 th\u1ec3 b\u1ea3o qu\u1ea3n l\u00e2u d\u00e0i trong t\u1ee7 \u0111\u00f4ng m\u00e0 kh\u00f4ng lo b\u1ecb h\u1ecfng.<\/li>\n<li><strong>Ti\u1ec7n l\u1ee3i khi s\u1eed d\u1ee5ng<\/strong>: Ch\u1ec9 c\u1ea7n r\u00e3 \u0111\u00f4ng nh\u1eb9 l\u00e0 c\u00f3 th\u1ec3 s\u1eed d\u1ee5ng ngay trong c\u00e1c m\u00f3n \u0103n ho\u1eb7c ch\u1ebf bi\u1ebfn th\u00e0nh nhi\u1ec1u m\u00f3n ngon kh\u00e1c nhau.<\/li>\n<li><strong>Kh\u00f4ng ch\u1ee9a ch\u1ea5t b\u1ea3o qu\u1ea3n<\/strong>: S\u1ea3n ph\u1ea9m ho\u00e0n to\u00e0n t\u1ef1 nhi\u00ean, kh\u00f4ng s\u1eed d\u1ee5ng h\u00f3a ch\u1ea5t hay ch\u1ea5t b\u1ea3o qu\u1ea3n, \u0111\u1ea3m b\u1ea3o an to\u00e0n cho s\u1ee9c kh\u1ecfe ng\u01b0\u1eddi ti\u00eau d\u00f9ng.<\/li>\n<\/ol>\n<h3><strong>C\u00e1ch S\u1eed D\u1ee5ng T\u1ea7m B\u00f3p \u0110\u00f4ng L\u1ea1nh<\/strong><\/h3>\n<p>T\u1ea7m b\u00f3p \u0111\u00f4ng l\u1ea1nh c\u00f3 th\u1ec3 s\u1eed d\u1ee5ng linh ho\u1ea1t trong nhi\u1ec1u m\u00f3n \u0103n kh\u00e1c nhau, t\u1eeb \u0111\u1ed3 u\u1ed1ng \u0111\u1ebfn c\u00e1c m\u00f3n ch\u00ednh.<\/p>\n<ul data-spread=\"false\">\n<li><strong>Sinh t\u1ed1 v\u00e0 n\u01b0\u1edbc \u00e9p<\/strong>: Cho t\u1ea7m b\u00f3p \u0111\u00f4ng l\u1ea1nh v\u00e0o m\u00e1y xay c\u00f9ng v\u1edbi s\u1eefa chua ho\u1eb7c n\u01b0\u1edbc \u00e9p hoa qu\u1ea3 \u0111\u1ec3 t\u1ea1o ra m\u1ed9t ly sinh t\u1ed1 b\u1ed5 d\u01b0\u1ee1ng.<\/li>\n<li><strong>Salad tr\u00e1i c\u00e2y<\/strong>: K\u1ebft h\u1ee3p t\u1ea7m b\u00f3p v\u1edbi c\u00e1c lo\u1ea1i tr\u00e1i c\u00e2y kh\u00e1c nh\u01b0 d\u00e2u t\u00e2y, vi\u1ec7t qu\u1ea5t, chu\u1ed1i \u0111\u1ec3 l\u00e0m m\u00f3n salad th\u01a1m ngon.<\/li>\n<\/ul>\n<p><img decoding=\"async\" class=\"aligncenter\" src=\"https:\/\/havamall.com\/wp-content\/uploads\/2025\/03\/DSC58340-2.jpg\" alt=\"An Asian salad with clementine and physalis | Margot's Kitchen\" width=\"1030\" height=\"686\" \/><\/p>\n<ul data-spread=\"false\">\n<li><strong>L\u00e0m m\u1ee9t ho\u1eb7c n\u01b0\u1edbc s\u1ed1t<\/strong>: D\u00f9ng t\u1ea7m b\u00f3p \u0111\u1ec3 l\u00e0m m\u1ee9t ho\u1eb7c n\u01b0\u1edbc s\u1ed1t \u0103n k\u00e8m v\u1edbi b\u00e1nh m\u00ec ho\u1eb7c c\u00e1c m\u00f3n tr\u00e1ng mi\u1ec7ng.<\/li>\n<li><strong>Ch\u1ebf bi\u1ebfn c\u00e1c m\u00f3n \u0103n m\u1eb7n<\/strong>: T\u1ea7m b\u00f3p c\u00f3 th\u1ec3 \u0111\u01b0\u1ee3c s\u1eed d\u1ee5ng trong c\u00e1c m\u00f3n x\u00e0o, n\u1ea5u canh ho\u1eb7c k\u1ebft h\u1ee3p v\u1edbi h\u1ea3i s\u1ea3n v\u00e0 th\u1ecbt \u0111\u1ec3 t\u1ea1o h\u01b0\u01a1ng v\u1ecb m\u1edbi l\u1ea1.<\/li>\n<\/ul>\n<p><img loading=\"lazy\" decoding=\"async\" class=\"aligncenter\" src=\"https:\/\/www.crowdfarming.com\/blog\/wp-content\/uploads\/2024\/02\/Header-receta-physalis-1.jpg\" alt=\"physalis recipe archivos | CrowdFarming Blog\" width=\"1032\" height=\"666\" \/><\/p>\n<h3><strong>Cam K\u1ebft Ch\u1ea5t L\u01b0\u1ee3ng<\/strong><\/h3>\n<p>Havamall cam k\u1ebft cung c\u1ea5p s\u1ea3n ph\u1ea9m <strong>T\u1ea7m B\u00f3p \u0110\u00f4ng L\u1ea1nh<\/strong> \u0111\u1ea1t ti\u00eau chu\u1ea9n cao nh\u1ea5t v\u1ec1 ch\u1ea5t l\u01b0\u1ee3ng v\u00e0 an to\u00e0n th\u1ef1c ph\u1ea9m. Quy tr\u00ecnh \u0111\u00f4ng l\u1ea1nh nhanh gi\u00fap b\u1ea3o qu\u1ea3n to\u00e0n b\u1ed9 h\u01b0\u01a1ng v\u1ecb t\u1ef1 nhi\u00ean v\u00e0 gi\u00e1 tr\u1ecb dinh d\u01b0\u1ee1ng c\u1ee7a t\u1ea7m b\u00f3p, mang \u0111\u1ebfn cho kh\u00e1ch h\u00e0ng nh\u1eefng s\u1ea3n ph\u1ea9m t\u1ed1t nh\u1ea5t.<\/p>","protected":false},"excerpt":{"rendered":"<p>TH\u00d4NG TIN CHUNG Th\u01b0\u01a1ng hi\u1ec7u Havafoodies Xu\u1ea5t x\u1ee9 Vi\u1ec7t Nam Th\u00e0nh ph\u1ea7n Xem tr\u00ean bao b\u00ec H\u1ea1n s\u1eed d\u1ee5ng Xem<\/p>","protected":false},"featured_media":38174,"comment_status":"open","ping_status":"closed","template":"","meta":[],"product_brand":[],"product_cat":[275],"product_tag":[],"class_list":{"0":"post-38173","1":"product","2":"type-product","3":"status-publish","4":"has-post-thumbnail","6":"product_cat-thuc-pham-dong-lanh","8":"first","9":"instock","10":"sale","11":"shipping-taxable","12":"purchasable","13":"product-type-simple"},"_links":{"self":[{"href":"https:\/\/havamall.vn\/en\/wp-json\/wp\/v2\/product\/38173"}],"collection":[{"href":"https:\/\/havamall.vn\/en\/wp-json\/wp\/v2\/product"}],"about":[{"href":"https:\/\/havamall.vn\/en\/wp-json\/wp\/v2\/types\/product"}],"replies":[{"embeddable":true,"href":"https:\/\/havamall.vn\/en\/wp-json\/wp\/v2\/comments?post=38173"}],"version-history":[{"count":0,"href":"https:\/\/havamall.vn\/en\/wp-json\/wp\/v2\/product\/38173\/revisions"}],"wp:featuredmedia":[{"embeddable":true,"href":"https:\/\/havamall.vn\/en\/wp-json\/wp\/v2\/media\/38174"}],"wp:attachment":[{"href":"https:\/\/havamall.vn\/en\/wp-json\/wp\/v2\/media?parent=38173"}],"wp:term":[{"taxonomy":"product_brand","embeddable":true,"href":"https:\/\/havamall.vn\/en\/wp-json\/wp\/v2\/product_brand?post=38173"},{"taxonomy":"product_cat","embeddable":true,"href":"https:\/\/havamall.vn\/en\/wp-json\/wp\/v2\/product_cat?post=38173"},{"taxonomy":"product_tag","embeddable":true,"href":"https:\/\/havamall.vn\/en\/wp-json\/wp\/v2\/product_tag?post=38173"}],"curies":[{"name":"wp","href":"https:\/\/api.w.org\/{rel}","templated":true}]}}