{"id":38166,"date":"2025-03-31T10:24:55","date_gmt":"2025-03-31T03:24:55","guid":{"rendered":"https:\/\/havamall.vn\/?post_type=product&#038;p=38166"},"modified":"2025-09-10T17:24:04","modified_gmt":"2025-09-10T10:24:04","slug":"keo-ngam-thao-moc-ricola-original-hop-thiec-100g-swiss-herb-candies","status":"publish","type":"product","link":"https:\/\/havamall.vn\/en\/shop\/keo-ngam-thao-moc-ricola-original-hop-thiec-100g-swiss-herb-candies\/","title":{"rendered":"K\u1eb9o Ng\u1eadm Th\u1ea3o M\u1ed9c Ricola Original H\u1ed9p Thi\u1ebfc 250g \/ 100g \u2013 Swiss Herb Candies"},"content":{"rendered":"<h2 class=\"product-detail__specs-title\"><strong>TH\u00d4NG TIN CHUNG<\/strong><\/h2>\n<div id=\"js-product-detail__specs\" class=\"product-detail__specs\">\n<div class=\"row\">\n<div class=\"col-sm-12\">\n<div><\/div>\n<div class=\"product-specs__table\">\n<table>\n<tbody>\n<tr>\n<td class=\"specs-table__property\">Th\u01b0\u01a1ng hi\u1ec7u<\/td>\n<td class=\"specs-table__value\">Ricola<\/td>\n<\/tr>\n<tr>\n<td class=\"specs-table__property\">Xu\u1ea5t x\u1ee9<\/td>\n<td class=\"specs-table__value\">\u0110\u1ee9c<\/td>\n<\/tr>\n<tr>\n<td class=\"specs-table__property\">H\u1ea1n s\u1eed d\u1ee5ng<\/td>\n<td class=\"specs-table__value\">Xem tr\u00ean bao b\u00ec<\/td>\n<\/tr>\n<tr>\n<td class=\"specs-table__property\">H\u01b0\u1edbng d\u1eabn s\u1eed d\u1ee5ng<\/td>\n<td class=\"specs-table__value\">S\u1eed d\u1ee5ng tr\u1ef1c ti\u1ebfp ho\u1eb7c ch\u1ebf bi\u1ebfn m\u00f3n \u0103n<\/td>\n<\/tr>\n<tr>\n<td class=\"specs-table__property\">H\u01b0\u1edbng d\u1eabn b\u1ea3o qu\u1ea3n<\/td>\n<td class=\"specs-table__value\">N\u01a1i kh\u00f4 r\u00e1o, tho\u00e1ng m\u00e1t, tr\u00e1nh \u00e1nh n\u1eafng tr\u1ef1c ti\u1ebfp<\/td>\n<\/tr>\n<tr>\n<td class=\"specs-table__property\">Th\u00e0nh ph\u1ea7n nguy\u00ean li\u1ec7u<\/td>\n<td class=\"specs-table__value\">Xem tr\u00ean bao b\u00ec<\/td>\n<\/tr>\n<tr>\n<td class=\"specs-table__property\">Kh\u1ed1i l\u01b0\u1ee3ng<\/td>\n<td class=\"specs-table__value\">250g\/100g<\/td>\n<\/tr>\n<\/tbody>\n<\/table>\n<\/div>\n<div>\n<p class=\"\" data-start=\"437\" data-end=\"727\">Nh\u1eefng c\u01a1n ho, \u0111au r\u00e1t c\u1ed5 h\u1ecdng k\u00e9o d\u00e0i c\u00f3 th\u1ec3 khi\u1ebfn b\u1ea1n c\u1ea3m th\u1ea5y kh\u00f3 ch\u1ecbu, \u0111\u1eb7c bi\u1ec7t trong th\u1eddi ti\u1ebft thay \u0111\u1ed5i ho\u1eb7c khi ph\u1ea3i n\u00f3i nhi\u1ec1u. <strong data-start=\"570\" data-end=\"607\">K\u1eb9o Ng\u1eadm Th\u1ea3o M\u1ed9c Ricola Original<\/strong> l\u00e0 s\u1ea3n ph\u1ea9m kh\u00f4ng th\u1ec3 thi\u1ebfu trong t\u00fai x\u00e1ch c\u1ee7a b\u1ea1n, gi\u00fap gi\u1ea3m nhanh c\u00e1c tri\u1ec7u ch\u1ee9ng n\u00e0y m\u1ed9t c\u00e1ch t\u1ef1 nhi\u00ean v\u00e0 an to\u00e0n.<\/p>\n<h3 class=\"\" data-start=\"729\" data-end=\"798\"><strong data-start=\"733\" data-end=\"796\">Ricola \u2013 H\u01a1n 70 n\u0103m kinh nghi\u1ec7m trong l\u0129nh v\u1ef1c k\u1eb9o th\u1ea3o m\u1ed9c<\/strong><\/h3>\n<p class=\"\" data-start=\"799\" data-end=\"1055\">Ricola l\u00e0 th\u01b0\u01a1ng hi\u1ec7u n\u1ed5i ti\u1ebfng to\u00e0n c\u1ea7u v\u1edbi c\u00f4ng th\u1ee9c <strong data-start=\"854\" data-end=\"878\">k\u1eb9o ng\u1eadm kh\u00f4ng \u0111\u01b0\u1eddng<\/strong> chi\u1ebft xu\u1ea5t t\u1eeb <strong data-start=\"893\" data-end=\"917\">th\u1ea3o m\u1ed9c thi\u00ean nhi\u00ean<\/strong>. S\u1ea3n ph\u1ea9m c\u1ee7a Ricola \u0111\u01b0\u1ee3c \u01b0a chu\u1ed9ng t\u1ea1i M\u1ef9 v\u00e0 nhi\u1ec1u qu\u1ed1c gia kh\u00e1c nh\u1edd <strong data-start=\"988\" data-end=\"1052\">h\u01b0\u01a1ng v\u1ecb t\u1ef1 nhi\u00ean, kh\u00f4ng ch\u1ee9a h\u00f3a ch\u1ea5t, an to\u00e0n cho s\u1ee9c kh\u1ecfe<\/strong>.<\/p>\n<p data-start=\"799\" data-end=\"1055\"><img fetchpriority=\"high\" decoding=\"async\" class=\"aligncenter\" src=\"https:\/\/havamall.com\/wp-content\/uploads\/2025\/03\/e6e079d6-f8f5-4554-9f8a-18451f18ebfa_e4dd305db9044ab792f18eaefae111ed_master.jpg\" alt=\"E97 - K\u1eb9o th\u1ea3o m\u1ed9c Ricola \u0110\u1ee9c H\u1ed8P 250g \u2013 Trang Thu\" width=\"1038\" height=\"1055\" \/><\/p>\n<p class=\"\" data-start=\"1057\" data-end=\"1189\"><strong data-start=\"1057\" data-end=\"1094\">K\u1eb9o Ng\u1eadm Th\u1ea3o M\u1ed9c Ricola Original<\/strong> \u0111\u01b0\u1ee3c s\u1ea3n xu\u1ea5t t\u1eeb 13 lo\u1ea1i th\u1ea3o m\u1ed9c qu\u00fd hi\u1ebfm, \u0111\u01b0\u1ee3c tr\u1ed3ng v\u00e0 thu ho\u1ea1ch t\u1eeb v\u00f9ng n\u00fai cao Th\u1ee5y S\u0129:<\/p>\n<ul data-start=\"1190\" data-end=\"1747\">\n<li class=\"\" data-start=\"1190\" data-end=\"1263\">\n<p class=\"\" data-start=\"1192\" data-end=\"1263\"><strong data-start=\"1192\" data-end=\"1220\">B\u1ea1c h\u00e0 cay (Peppermint):<\/strong> Gi\u00fap th\u00f4ng c\u1ed5, m\u00e1t h\u1ecdng, ch\u1ed1ng c\u1ea3m l\u1ea1nh.<\/p>\n<\/li>\n<li class=\"\" data-start=\"1264\" data-end=\"1339\">\n<p class=\"\" data-start=\"1266\" data-end=\"1339\"><strong data-start=\"1266\" data-end=\"1291\">C\u00e2y c\u01a1m ch\u00e1y (Elder):<\/strong> Gi\u00fap c\u01a1 th\u1ec3 to\u00e1t m\u1ed3 h\u00f4i nhanh h\u01a1n khi b\u1ecb s\u1ed1t.<\/p>\n<\/li>\n<li class=\"\" data-start=\"1340\" data-end=\"1407\">\n<p class=\"\" data-start=\"1342\" data-end=\"1407\"><strong data-start=\"1342\" data-end=\"1365\">C\u00e2y x\u00f4 th\u01a1m (Sage):<\/strong> Gi\u00fap gi\u1ea3m ti\u1ebft m\u1ed3 h\u00f4i, l\u00e0m d\u1ecbu c\u1ed5 h\u1ecdng.<\/p>\n<\/li>\n<li class=\"\" data-start=\"1408\" data-end=\"1474\">\n<p class=\"\" data-start=\"1410\" data-end=\"1474\"><strong data-start=\"1410\" data-end=\"1435\">C\u00e2y m\u00e3 \u0111\u1ec1 (Plantain):<\/strong> H\u1ed7 tr\u1ee3 gi\u1ea3m ho, \u0111au h\u1ecdng, vi\u00eam ph\u1ed5i.<\/p>\n<\/li>\n<li class=\"\" data-start=\"1475\" data-end=\"1529\">\n<p class=\"\" data-start=\"1477\" data-end=\"1529\"><strong data-start=\"1477\" data-end=\"1502\">C\u00e2y c\u1ea9m qu\u1ef3 (Mallow):<\/strong> Gi\u00fap ph\u00f2ng ng\u1eeba c\u1ea3m c\u00fam.<\/p>\n<\/li>\n<li class=\"\" data-start=\"1530\" data-end=\"1594\">\n<p class=\"\" data-start=\"1532\" data-end=\"1594\"><strong data-start=\"1532\" data-end=\"1556\">C\u1ecf x\u1ea1 h\u01b0\u01a1ng (Thyme):<\/strong> H\u1ed7 tr\u1ee3 h\u1ea1 huy\u1ebft \u00e1p, gi\u1ea3m vi\u00eam h\u1ecdng.<\/p>\n<\/li>\n<li class=\"\" data-start=\"1595\" data-end=\"1668\">\n<p class=\"\" data-start=\"1597\" data-end=\"1668\"><strong data-start=\"1597\" data-end=\"1630\">C\u00e2y b\u1ea1c h\u00e0 tr\u1eafng (Horehound):<\/strong> Gi\u00fap ti\u00eau h\u00f3a t\u1ed1t, ch\u1ed1ng vi\u00eam h\u1ecdng.<\/p>\n<\/li>\n<li class=\"\" data-start=\"1669\" data-end=\"1747\">\n<p class=\"\" data-start=\"1671\" data-end=\"1747\"><strong data-start=\"1671\" data-end=\"1745\">V\u00e0 nhi\u1ec1u lo\u1ea1i th\u1ea3o m\u1ed9c kh\u00e1c c\u00f3 c\u00f4ng d\u1ee5ng h\u1ed7 tr\u1ee3 s\u1ee9c kh\u1ecfe \u0111\u01b0\u1eddng h\u00f4 h\u1ea5p.<\/strong><\/p>\n<\/li>\n<\/ul>\n<\/div>\n<p class=\"\" data-start=\"1749\" data-end=\"1912\"><img decoding=\"async\" class=\"aligncenter\" src=\"https:\/\/cdn1.npcdn.net\/images\/1662359754aa76998ddc8f2947e7baf121730189a0.webp?md5id=5de01f00bcca93c51daf6bbd95613abf&amp;new_width=1000&amp;new_height=1000&amp;size=max&amp;w=1641539678&amp;from=jpg&amp;type=1\" width=\"1071\" height=\"955\" \/><\/p>\n<div>\n<h3 class=\"\" data-start=\"1914\" data-end=\"1971\"><strong data-start=\"1918\" data-end=\"1969\">C\u00f4ng d\u1ee5ng c\u1ee7a K\u1eb9o Ng\u1eadm Th\u1ea3o M\u1ed9c Ricola Original<\/strong><\/h3>\n<ul>\n<li data-start=\"1972\" data-end=\"2394\">Gi\u00fap l\u00e0m d\u1ecbu c\u1ed5 h\u1ecdng, gi\u1ea3m ho, gi\u1ea3m ng\u1ee9a r\u00e1t h\u1ecdng.<\/li>\n<li data-start=\"1972\" data-end=\"2394\">H\u1ed7 tr\u1ee3 tan \u0111\u1eddm, th\u00f4ng c\u1ed5, kh\u00e1ng vi\u00eam t\u1ef1 nhi\u00ean.<\/li>\n<li data-start=\"1972\" data-end=\"2394\">Gi\u00fap h\u01a1i th\u1edf th\u01a1m m\u00e1t, kh\u1eed m\u00f9i h\u00f4i mi\u1ec7ng hi\u1ec7u qu\u1ea3.<\/li>\n<li data-start=\"1972\" data-end=\"2394\">Gi\u1ea3m kh\u00e0n gi\u1ecdng, m\u1ea5t ti\u1ebfng do n\u00f3i nhi\u1ec1u, th\u1eddi ti\u1ebft l\u1ea1nh.<\/li>\n<li data-start=\"1972\" data-end=\"2394\">Gi\u00fap th\u01b0 gi\u00e3n tinh th\u1ea7n nh\u1edd h\u01b0\u01a1ng th\u01a1m b\u1ea1c h\u00e0 t\u1ef1 nhi\u00ean.<\/li>\n<li data-start=\"1972\" data-end=\"2394\">Kh\u00f4ng ch\u1ee9a \u0111\u01b0\u1eddng, kh\u00f4ng g\u00e2y s\u00e2u r\u0103ng, ph\u00f9 h\u1ee3p cho ng\u01b0\u1eddi \u0103n ki\u00eang.<\/li>\n<li data-start=\"1972\" data-end=\"2394\">Thi\u1ebft k\u1ebf h\u1ed9p thi\u1ebfc nh\u1ecf g\u1ecdn, d\u1ec5 mang theo khi \u0111i du l\u1ecbch, c\u00f4ng t\u00e1c.<\/li>\n<\/ul>\n<p data-start=\"1972\" data-end=\"2394\"><img decoding=\"async\" class=\"aligncenter\" src=\"https:\/\/havamall.com\/wp-content\/uploads\/2025\/03\/vn-11134207-7qukw-lfyspvg4jqlmd3.jpg\" \/><\/p>\n<h3 class=\"\" data-start=\"2396\" data-end=\"2419\"><strong data-start=\"2400\" data-end=\"2417\">C\u00e1ch s\u1eed d\u1ee5ng:<\/strong><\/h3>\n<ul data-start=\"2420\" data-end=\"2532\">\n<li class=\"\" data-start=\"2420\" data-end=\"2496\">\n<p class=\"\" data-start=\"2422\" data-end=\"2496\">D\u00f9ng tr\u1ef1c ti\u1ebfp b\u1eb1ng c\u00e1ch ng\u1eadm 1 vi\u00ean khi c\u00f3 c\u1ea3m gi\u00e1c kh\u00f3 ch\u1ecbu \u1edf c\u1ed5 h\u1ecdng.<\/p>\n<\/li>\n<li class=\"\" data-start=\"2497\" data-end=\"2532\">\n<p class=\"\" data-start=\"2499\" data-end=\"2532\">Kh\u00f4ng d\u00f9ng qu\u00e1 <strong data-start=\"2514\" data-end=\"2529\">6 vi\u00ean\/ng\u00e0y<\/strong>.<\/p>\n<\/li>\n<\/ul>\n<p class=\"\" data-start=\"2534\" data-end=\"2715\">V\u1edbi c\u00f4ng th\u1ee9c <strong data-start=\"2548\" data-end=\"2597\">100% thi\u00ean nhi\u00ean, kh\u00f4ng \u0111\u01b0\u1eddng, kh\u00f4ng h\u00f3a ch\u1ea5t<\/strong>, <strong data-start=\"2599\" data-end=\"2636\">K\u1eb9o Ng\u1eadm Th\u1ea3o M\u1ed9c Ricola Original<\/strong> l\u00e0 gi\u1ea3i ph\u00e1p l\u00fd t\u01b0\u1edfng gi\u00fap b\u1ea1n b\u1ea3o v\u1ec7 c\u1ed5 h\u1ecdng v\u00e0 t\u0103ng c\u01b0\u1eddng s\u1ee9c kh\u1ecfe m\u1ed7i ng\u00e0y! S\u1ea3n ph\u1ea9m hi\u1ec7n \u0111\u00e3 c\u00f3 m\u1eb7t t\u1ea1i Havamall!<\/p>\n<\/div>\n<\/div>\n<\/div>\n<\/div>","protected":false},"excerpt":{"rendered":"<p>TH\u00d4NG TIN CHUNG Th\u01b0\u01a1ng hi\u1ec7u Ricola Xu\u1ea5t x\u1ee9 \u0110\u1ee9c H\u1ea1n s\u1eed d\u1ee5ng Xem tr\u00ean bao b\u00ec H\u01b0\u1edbng d\u1eabn s\u1eed d\u1ee5ng<\/p>","protected":false},"featured_media":38194,"comment_status":"open","ping_status":"closed","template":"","meta":[],"product_brand":[],"product_cat":[677,133],"product_tag":[],"class_list":{"0":"post-38166","1":"product","2":"type-product","3":"status-publish","4":"has-post-thumbnail","6":"product_cat-cac-nuoc-khac","7":"product_cat-banh-keo-chocolate","9":"first","10":"instock","11":"sale","12":"shipping-taxable","13":"purchasable","14":"product-type-variable"},"_links":{"self":[{"href":"https:\/\/havamall.vn\/en\/wp-json\/wp\/v2\/product\/38166"}],"collection":[{"href":"https:\/\/havamall.vn\/en\/wp-json\/wp\/v2\/product"}],"about":[{"href":"https:\/\/havamall.vn\/en\/wp-json\/wp\/v2\/types\/product"}],"replies":[{"embeddable":true,"href":"https:\/\/havamall.vn\/en\/wp-json\/wp\/v2\/comments?post=38166"}],"version-history":[{"count":0,"href":"https:\/\/havamall.vn\/en\/wp-json\/wp\/v2\/product\/38166\/revisions"}],"wp:featuredmedia":[{"embeddable":true,"href":"https:\/\/havamall.vn\/en\/wp-json\/wp\/v2\/media\/38194"}],"wp:attachment":[{"href":"https:\/\/havamall.vn\/en\/wp-json\/wp\/v2\/media?parent=38166"}],"wp:term":[{"taxonomy":"product_brand","embeddable":true,"href":"https:\/\/havamall.vn\/en\/wp-json\/wp\/v2\/product_brand?post=38166"},{"taxonomy":"product_cat","embeddable":true,"href":"https:\/\/havamall.vn\/en\/wp-json\/wp\/v2\/product_cat?post=38166"},{"taxonomy":"product_tag","embeddable":true,"href":"https:\/\/havamall.vn\/en\/wp-json\/wp\/v2\/product_tag?post=38166"}],"curies":[{"name":"wp","href":"https:\/\/api.w.org\/{rel}","templated":true}]}}