{"id":38163,"date":"2025-03-30T15:59:56","date_gmt":"2025-03-30T08:59:56","guid":{"rendered":"https:\/\/havamall.vn\/?post_type=product&#038;p=38163"},"modified":"2025-03-30T15:59:56","modified_gmt":"2025-03-30T08:59:56","slug":"banh-waffle-karo-gau-nhan-cha-bong-pho-mai-192g-4x48g-karo-bear-waffle-chicken-floss-cheese","status":"publish","type":"product","link":"https:\/\/havamall.vn\/en\/shop\/banh-waffle-karo-gau-nhan-cha-bong-pho-mai-192g-4x48g-karo-bear-waffle-chicken-floss-cheese\/","title":{"rendered":"B\u00e1nh Waffle Karo G\u1ea5u Nh\u00e2n Ch\u00e0 B\u00f4ng Ph\u00f4 Mai 192g (4x48g) \u2013 Karo Bear Waffle Chicken Floss &amp; Cheese"},"content":{"rendered":"<div><strong>TH\u00d4NG TIN CHUNG<\/strong><\/div>\n<div>\n<table>\n<tbody>\n<tr>\n<td>Th\u01b0\u01a1ng hi\u1ec7u<\/td>\n<td>\n<p data-pm-slice=\"1 1 []\">Richy<\/p>\n<\/td>\n<\/tr>\n<tr>\n<td>Xu\u1ea5t x\u1ee9<\/td>\n<td>Vi\u1ec7t Nam<\/td>\n<\/tr>\n<tr>\n<td>Th\u00e0nh ph\u1ea7n<\/td>\n<td>B\u1ed9t m\u00ec, \u0111\u01b0\u1eddng, tr\u1ee9ng, s\u1eefa b\u1ed9t, b\u1ed9t ph\u00f4 mai, ch\u00e0 b\u00f4ng g\u00e0, b\u01a1, h\u01b0\u01a1ng vani t\u1ed5ng h\u1ee3p,\u2026 (xem chi ti\u1ebft tr\u00ean bao b\u00ec)<\/td>\n<\/tr>\n<tr>\n<td>H\u1ea1n s\u1eed d\u1ee5ng<\/td>\n<td>Xem tr\u1ef1c ti\u1ebfp tr\u00ean bao b\u00ec<\/td>\n<\/tr>\n<tr>\n<td>B\u1ea3o qu\u1ea3n<\/td>\n<td>\u0110\u1ec3 n\u01a1i kh\u00f4 r\u00e1o, tho\u00e1ng m\u00e1t, tr\u00e1nh \u00e1nh n\u1eafng tr\u1ef1c ti\u1ebfp<\/td>\n<\/tr>\n<tr>\n<td>Kh\u1ed1i l\u01b0\u1ee3ng<\/td>\n<td>192g (4 g\u00f3i nh\u1ecf x 48g)<\/td>\n<\/tr>\n<\/tbody>\n<\/table>\n<h3 class=\"\" data-start=\"0\" data-end=\"71\"><strong data-start=\"4\" data-end=\"69\">B\u00e1nh Karo G\u1ea5u Ch\u00e0 B\u00f4ng Ph\u00f4 Mai \u2013 S\u1ef1 K\u1ebft H\u1ee3p Ho\u00e0n H\u1ea3o T\u1eeb Richy<\/strong><\/h3>\n<h4 class=\"\" data-start=\"73\" data-end=\"119\"><strong data-start=\"78\" data-end=\"117\">Richy \u2013 Th\u01b0\u01a1ng Hi\u1ec7u B\u00e1nh K\u1eb9o Uy T\u00edn<\/strong><\/h4>\n<p class=\"\" data-start=\"120\" data-end=\"577\">Richy l\u00e0 th\u01b0\u01a1ng hi\u1ec7u b\u00e1nh k\u1eb9o n\u1ed5i ti\u1ebfng t\u1ea1i Vi\u1ec7t Nam, chuy\u00ean s\u1ea3n xu\u1ea5t c\u00e1c d\u00f2ng b\u00e1nh cao c\u1ea5p, th\u01a1m ngon v\u00e0 ti\u1ec7n l\u1ee3i. V\u1edbi h\u01a1n 20 n\u0103m kinh nghi\u1ec7m trong ng\u00e0nh th\u1ef1c ph\u1ea9m, Richy kh\u00f4ng ng\u1eebng \u0111\u1ed5i m\u1edbi \u0111\u1ec3 mang \u0111\u1ebfn nh\u1eefng s\u1ea3n ph\u1ea9m ch\u1ea5t l\u01b0\u1ee3ng, \u0111\u00e1p \u1ee9ng nhu c\u1ea7u c\u1ee7a m\u1ecdi l\u1ee9a tu\u1ed5i. M\u1ed9t trong nh\u1eefng s\u1ea3n ph\u1ea9m \u0111\u01b0\u1ee3c y\u00eau th\u00edch nh\u1ea5t c\u1ee7a h\u00e3ng ch\u00ednh l\u00e0\u00a0<strong data-start=\"448\" data-end=\"482\">B\u00e1nh Karo G\u1ea5u Ch\u00e0 B\u00f4ng Ph\u00f4 Mai<\/strong>\u00a0\u2013 s\u1ef1 k\u1ebft h\u1ee3p ho\u00e0n h\u1ea3o gi\u1eefa b\u00e1nh waffle m\u1ec1m x\u1ed1p, nh\u00e2n ph\u00f4 mai b\u00e9o ng\u1eady v\u00e0 ch\u00e0 b\u00f4ng g\u00e0 \u0111\u1eadm \u0111\u00e0.<\/p>\n<p data-start=\"120\" data-end=\"577\"><img fetchpriority=\"high\" decoding=\"async\" class=\"aligncenter\" src=\"https:\/\/scontent.fsgn19-1.fna.fbcdn.net\/v\/t39.30808-6\/480788821_596756359829615_1009395518974411685_n.jpg?_nc_cat=108&amp;ccb=1-7&amp;_nc_sid=833d8c&amp;_nc_ohc=Ms6hiIR90qgQ7kNvgHppRAC&amp;_nc_oc=Adl6klYdh-ebW-12n0lougoHErKuLabB0F6MQ0jmcydqCUX-KT_MbTH8sFgMIDRiyc-ZPXCK_4XBID9gmG-t_YIy&amp;_nc_zt=23&amp;_nc_ht=scontent.fsgn19-1.fna&amp;_nc_gid=xtA8XVnG-_8wOsaF9JlL5g&amp;oh=00_AYESpI7BC_UZCjl33VJXGWWP1XSlKoZ0dzgEN4GfF5-1ng&amp;oe=67ED94A7\" width=\"1047\" height=\"963\" \/><\/p>\n<h2 class=\"\" data-start=\"579\" data-end=\"645\"><strong data-start=\"582\" data-end=\"643\">B\u00e1nh Karo G\u1ea5u \u2013 M\u00f3n B\u00e1nh \u0110\u1ed9c \u0110\u00e1o D\u00e0nh Cho M\u1ecdi L\u1ee9a Tu\u1ed5i<\/strong><\/h2>\n<p class=\"\" data-start=\"704\" data-end=\"946\"><em>S\u1ef1 K\u1ebft H\u1ee3p Gi\u1eefa Waffle, Ph\u00f4 Mai V\u00e0 Ch\u00e0 B\u00f4ng G\u00e0<\/em>\u00a0\u2013 B\u00e1nh Karo G\u1ea5u l\u00e0 s\u1ef1 k\u1ebft h\u1ee3p ho\u00e0n h\u1ea3o gi\u1eefa l\u1edbp v\u1ecf waffle m\u1ec1m m\u1ecbn, nh\u00e2n ph\u00f4 mai b\u00e9o ng\u1eady v\u00e0 ch\u00e0 b\u00f4ng g\u00e0 m\u1eb7n m\u00e0, t\u1ea1o n\u00ean m\u1ed9t tr\u1ea3i nghi\u1ec7m \u1ea9m th\u1ef1c \u0111\u1ea7y th\u00fa v\u1ecb. Ngay khi c\u1eafn v\u00e0o, b\u1ea1n s\u1ebd c\u1ea3m nh\u1eadn \u0111\u01b0\u1ee3c l\u1edbp v\u1ecf b\u00e1nh x\u1ed1p nh\u1eb9, th\u01a1m l\u1eebng m\u00f9i b\u01a1 s\u1eefa, ti\u1ebfp \u0111\u1ebfn l\u00e0 nh\u00e2n ph\u00f4 mai tan ch\u1ea3y, mang \u0111\u1ebfn v\u1ecb b\u00e9o \u0111\u1eb7c tr\u01b0ng h\u00f2a quy\u1ec7n c\u00f9ng ch\u00e0 b\u00f4ng g\u00e0 s\u1ee3i nh\u1ecf, \u0111\u1eadm \u0111\u00e0, t\u1ea1o n\u00ean s\u1ef1 c\u00e2n b\u1eb1ng gi\u1eefa v\u1ecb ng\u1ecdt v\u00e0 m\u1eb7n, t\u1eebng l\u1edbp nh\u00e2n h\u00f2a quy\u1ec7n m\u1ed9t c\u00e1ch tinh t\u1ebf, khi\u1ebfn m\u1ed7i mi\u1ebfng b\u00e1nh tr\u1edf n\u00ean h\u1ea5p d\u1eabn v\u00e0 kh\u00f3 c\u01b0\u1ee1ng.<\/p>\n<p data-start=\"704\" data-end=\"946\"><em>Thi\u1ebft K\u1ebf H\u00ecnh Ch\u00fa G\u1ea5u D\u1ec5 Th\u01b0\u01a1ng<\/em>\u00a0\u2013 B\u00e1nh Karo G\u1ea5u kh\u00f4ng ch\u1ec9 g\u00e2y \u1ea5n t\u01b0\u1ee3ng b\u1edfi h\u01b0\u01a1ng v\u1ecb th\u01a1m ngon m\u00e0 c\u00f2n thu h\u00fat ngay t\u1eeb \u00e1nh nh\u00ecn \u0111\u1ea7u ti\u00ean nh\u1edd thi\u1ebft k\u1ebf h\u00ecnh ch\u00fa g\u1ea5u 3D v\u00f4 c\u00f9ng \u0111\u00e1ng y\u00eau. V\u1edbi t\u1eebng \u0111\u01b0\u1eddng n\u00e9t m\u1ec1m m\u1ea1i, \u0111\u00f4i tai tr\u00f2n ng\u1ed9 ngh\u0129nh v\u00e0 khu\u00f4n m\u1eb7t th\u00e2n thi\u1ec7n, chi\u1ebfc b\u00e1nh kh\u00f4ng ch\u1ec9 l\u00e0 m\u1ed9t m\u00f3n \u0103n m\u00e0 c\u00f2n mang \u0111\u1ebfn ni\u1ec1m vui cho ng\u01b0\u1eddi th\u01b0\u1edfng th\u1ee9c. Thi\u1ebft k\u1ebf n\u00e0y \u0111\u1eb7c bi\u1ec7t ph\u00f9 h\u1ee3p v\u1edbi tr\u1ebb nh\u1ecf, k\u00edch th\u00edch s\u1ef1 th\u00edch th\u00fa v\u00e0 gi\u00fap b\u1eefa \u0103n tr\u1edf n\u00ean h\u1ea5p d\u1eabn h\u01a1n.<\/p>\n<p data-start=\"704\" data-end=\"946\">Kh\u00f4ng ch\u1ec9 d\u1eebng l\u1ea1i \u1edf \u0111\u00f3, b\u00e1nh Karo G\u1ea5u c\u00f2n l\u00e0 c\u00f2n cung c\u1ea5p ngu\u1ed3n n\u0103ng l\u01b0\u1ee3ng thi\u1ebft y\u1ebfu v\u1edbi h\u00e0m l\u01b0\u1ee3ng protein t\u1eeb ch\u00e0 b\u00f4ng g\u00e0 v\u00e0 canxi t\u1eeb ph\u00f4 mai, gi\u00fap c\u01a1 th\u1ec3 duy tr\u00ec s\u1ee9c kh\u1ecfe v\u00e0 tinh th\u1ea7n t\u1ec9nh t\u00e1o su\u1ed1t ng\u00e0y d\u00e0i. m\u1ed9t l\u1ef1a ch\u1ecdn ho\u00e0n h\u1ea3o cho d\u00e2n v\u0103n ph\u00f2ng, nh\u1eefng ng\u01b0\u1eddi b\u1eadn r\u1ed9n c\u1ea7n m\u1ed9t b\u1eefa \u0103n nh\u1eb9 nhanh g\u1ecdn nh\u01b0ng v\u1eabn th\u01a1m ngon, b\u1ed5 d\u01b0\u1ee1ng. D\u00f9 l\u00e0 th\u01b0\u1edfng th\u1ee9c c\u00f9ng m\u1ed9t t\u00e1ch tr\u00e0 v\u00e0o bu\u1ed5i s\u00e1ng hay nh\u00e2m nhi l\u00fac ngh\u1ec9 ng\u01a1i, chi\u1ebfc b\u00e1nh nh\u1ecf xinh n\u00e0y ch\u1eafc ch\u1eafn s\u1ebd mang \u0111\u1ebfn cho b\u1ea1n nh\u1eefng gi\u00e2y ph\u00fat th\u01b0 gi\u00e3n \u0111\u1ea7y th\u00fa v\u1ecb.<\/p>\n<p data-start=\"704\" data-end=\"946\"><img decoding=\"async\" class=\"aligncenter\" src=\"https:\/\/scontent.fsgn19-1.fna.fbcdn.net\/v\/t39.30808-6\/480598582_596756159829635_7118868920806710538_n.jpg?_nc_cat=111&amp;ccb=1-7&amp;_nc_sid=127cfc&amp;_nc_ohc=ttDV6-ZsV3QQ7kNvgFlmCtt&amp;_nc_oc=Adlc8f9Ps1ZASHg5NTpKAclprgh8pqu9k5g3rAphXwdoLW_3nFrIUD527Aob9GGMdncN_-5VWIcMF3B_E3GRNdx4&amp;_nc_zt=23&amp;_nc_ht=scontent.fsgn19-1.fna&amp;_nc_gid=7lXp0dw2Ay-uzDA6u5qtzw&amp;oh=00_AYEKNFLwRDjbglpabn7oGTWs8KiCnZhNFlZBFjod56gMyA&amp;oe=67ED92F2\" width=\"1063\" height=\"1007\" \/><\/p>\n<h2 class=\"\" data-start=\"1233\" data-end=\"1296\"><strong data-start=\"1236\" data-end=\"1294\">2. V\u00ec Sao B\u1ea1n N\u00ean Ch\u1ecdn B\u00e1nh Karo G\u1ea5u Ch\u00e0 B\u00f4ng Ph\u00f4 Mai?<\/strong><\/h2>\n<ul>\n<li data-start=\"1298\" data-end=\"1689\"><strong data-start=\"1300\" data-end=\"1321\">H\u01b0\u01a1ng v\u1ecb \u0111\u1eb7c bi\u1ec7t<\/strong>\u00a0\u2013 K\u1ebft h\u1ee3p ho\u00e0n h\u1ea3o gi\u1eefa v\u1ecb ng\u1ecdt nh\u1eb9 c\u1ee7a b\u00e1nh, v\u1ecb b\u00e9o ng\u1eady c\u1ee7a ph\u00f4 mai v\u00e0 ch\u00e0 b\u00f4ng g\u00e0 \u0111\u1eadm \u0111\u00e0.<\/li>\n<li data-start=\"1298\" data-end=\"1689\"><strong data-start=\"1419\" data-end=\"1431\">B\u1ed5 d\u01b0\u1ee1ng<\/strong>\u00a0\u2013 Ch\u1ee9a protein t\u1eeb ch\u00e0 b\u00f4ng g\u00e0 v\u00e0 canxi t\u1eeb ph\u00f4 mai, gi\u00fap b\u1ed5 sung n\u0103ng l\u01b0\u1ee3ng.<\/li>\n<li data-start=\"1298\" data-end=\"1689\"><strong data-start=\"1512\" data-end=\"1524\">Ti\u1ec7n l\u1ee3i<\/strong>\u00a0\u2013 Ph\u00f9 h\u1ee3p cho b\u1eefa s\u00e1ng nhanh, b\u1eefa \u0103n nh\u1eb9 ho\u1eb7c mang theo khi \u0111i h\u1ecdc, \u0111i l\u00e0m.<\/li>\n<li data-start=\"1298\" data-end=\"1689\"><strong data-start=\"1605\" data-end=\"1625\">Thi\u1ebft k\u1ebf b\u1eaft m\u1eaft<\/strong>\u00a0\u2013 H\u00ecnh ch\u00fa g\u1ea5u \u0111\u00e1ng y\u00eau, t\u1ea1o c\u1ea3m gi\u00e1c vui v\u1ebb khi th\u01b0\u1edfng th\u1ee9c.<\/li>\n<\/ul>\n<p><img decoding=\"async\" class=\"aligncenter\" src=\"https:\/\/vcdn1-kinhdoanh.vnecdn.net\/2024\/09\/27\/2-7101-1727439301.jpg?w=460&amp;h=0&amp;q=100&amp;dpr=2&amp;fit=crop&amp;s=Vb2lOoXkqR7rJvEuCRa-JQ\" width=\"1051\" height=\"1073\" \/><\/p>\n<h2 class=\"\" data-start=\"2174\" data-end=\"2225\"><strong data-start=\"2177\" data-end=\"2223\">Mua Ngay B\u00e1nh Karo G\u1ea5u Ch\u00e0 B\u00f4ng Ph\u00f4 Mai<\/strong><\/h2>\n<p class=\"\" data-start=\"2226\" data-end=\"2466\">B\u00e1nh Karo G\u1ea5u Ch\u00e0 B\u00f4ng Ph\u00f4 Mai hi\u1ec7n c\u00f3 m\u1eb7t t\u1ea1i c\u00e1c si\u00eau th\u1ecb, c\u1eeda h\u00e0ng ti\u1ec7n l\u1ee3i v\u00e0 tr\u00ean c\u00e1c s\u00e0n th\u01b0\u01a1ng m\u1ea1i \u0111i\u1ec7n t\u1eed. H\u00e3y nhanh tay s\u1edf h\u1eefu m\u00f3n b\u00e1nh th\u01a1m ngon, b\u1ed5 d\u01b0\u1ee1ng n\u00e0y \u0111\u1ec3 t\u1eadn h\u01b0\u1edfng nh\u1eefng ph\u00fat gi\u00e2y \u0103n v\u1eb7t tr\u1ecdn v\u1eb9n c\u00f9ng gia \u0111\u00ecnh v\u00e0 b\u1ea1n b\u00e8! S\u1ea3n ph\u1ea9m hi\u1ec7n \u0111\u00e3 c\u00f3 m\u1eb7t t\u1ea1i Havamall, qu\u00fd kh\u00e1ch vui l\u00f2ng li\u00ean h\u1ec7 hotline: 0946 229 642. Ch\u00fang t\u00f4i r\u1ea5t h\u00e2n h\u1ea1nh \u0111\u01b0\u1ee3c ph\u1ee5c v\u1ee5 qu\u00fd kh\u00e1ch!<\/p>\n<ul>\n<li data-start=\"2468\" data-end=\"2500\"><strong data-start=\"2471\" data-end=\"2498\">G\u1ee3i \u00fd c\u00e1ch th\u01b0\u1edfng th\u1ee9c:<\/strong>\n<ul>\n<li class=\"\" data-start=\"2501\" data-end=\"2561\">\n<p class=\"\" data-start=\"2503\" data-end=\"2561\">\u0102n tr\u1ef1c ti\u1ebfp ho\u1eb7c k\u1ebft h\u1ee3p v\u1edbi s\u1eefa t\u01b0\u01a1i \u0111\u1ec3 t\u0103ng h\u01b0\u01a1ng v\u1ecb.<\/p>\n<\/li>\n<li data-start=\"2501\" data-end=\"2561\">\n<div id=\"input_line_0\"><span id=\"input_part_0\" class=\"\" data-mention=\"Th\u01b0\u1edfng th\u1ee9c c\u00f9ng tr\u00e0 ho\u1eb7c c\u00e0 ph\u00ea \u0111\u1ec3 c\u00f3 b\u1eefa \u0103n nh\u1eb9 ho\u00e0n h\u1ea3o.\">Th\u01b0\u1edfng th\u1ee9c c\u00f9ng tr\u00e0 ho\u1eb7c c\u00e0 ph\u00ea \u0111\u1ec3 c\u00f3 b\u1eefa \u0103n nh\u1eb9 ho\u00e0n h\u1ea3o.<\/span><\/div>\n<\/li>\n<\/ul>\n<\/li>\n<\/ul>\n<\/div>","protected":false},"excerpt":{"rendered":"<p>TH\u00d4NG TIN CHUNG Th\u01b0\u01a1ng hi\u1ec7u Richy Xu\u1ea5t x\u1ee9 Vi\u1ec7t Nam Th\u00e0nh ph\u1ea7n B\u1ed9t m\u00ec, \u0111\u01b0\u1eddng, tr\u1ee9ng, s\u1eefa b\u1ed9t, b\u1ed9t ph\u00f4<\/p>","protected":false},"featured_media":38164,"comment_status":"open","ping_status":"closed","template":"","meta":[],"product_brand":[],"product_cat":[677,133],"product_tag":[],"class_list":{"0":"post-38163","1":"product","2":"type-product","3":"status-publish","4":"has-post-thumbnail","6":"product_cat-cac-nuoc-khac","7":"product_cat-banh-keo-chocolate","9":"first","10":"instock","11":"sale","12":"shipping-taxable","13":"purchasable","14":"product-type-simple"},"_links":{"self":[{"href":"https:\/\/havamall.vn\/en\/wp-json\/wp\/v2\/product\/38163"}],"collection":[{"href":"https:\/\/havamall.vn\/en\/wp-json\/wp\/v2\/product"}],"about":[{"href":"https:\/\/havamall.vn\/en\/wp-json\/wp\/v2\/types\/product"}],"replies":[{"embeddable":true,"href":"https:\/\/havamall.vn\/en\/wp-json\/wp\/v2\/comments?post=38163"}],"version-history":[{"count":0,"href":"https:\/\/havamall.vn\/en\/wp-json\/wp\/v2\/product\/38163\/revisions"}],"wp:featuredmedia":[{"embeddable":true,"href":"https:\/\/havamall.vn\/en\/wp-json\/wp\/v2\/media\/38164"}],"wp:attachment":[{"href":"https:\/\/havamall.vn\/en\/wp-json\/wp\/v2\/media?parent=38163"}],"wp:term":[{"taxonomy":"product_brand","embeddable":true,"href":"https:\/\/havamall.vn\/en\/wp-json\/wp\/v2\/product_brand?post=38163"},{"taxonomy":"product_cat","embeddable":true,"href":"https:\/\/havamall.vn\/en\/wp-json\/wp\/v2\/product_cat?post=38163"},{"taxonomy":"product_tag","embeddable":true,"href":"https:\/\/havamall.vn\/en\/wp-json\/wp\/v2\/product_tag?post=38163"}],"curies":[{"name":"wp","href":"https:\/\/api.w.org\/{rel}","templated":true}]}}