{"id":38158,"date":"2025-03-29T15:17:05","date_gmt":"2025-03-29T08:17:05","guid":{"rendered":"https:\/\/havamall.vn\/?post_type=product&#038;p=38158"},"modified":"2025-08-25T17:12:53","modified_gmt":"2025-08-25T10:12:53","slug":"banh-madeleine-dai-van-da-phap-patisserie-tradition-250g-french-long-madeleine-marbled","status":"publish","type":"product","link":"https:\/\/havamall.vn\/en\/shop\/banh-madeleine-dai-van-da-phap-patisserie-tradition-250g-french-long-madeleine-marbled\/","title":{"rendered":"B\u00e1nh Madeleine D\u00e0i V\u00e2n \u0110\u00e1 Ph\u00e1p P\u00e2tisserie Tradition 250g \u2013 French Long Madeleine Marbled"},"content":{"rendered":"<div><strong>TH\u00d4NG TIN CHUNG<\/strong><\/div>\n<div>\n<table>\n<tbody>\n<tr>\n<td>Th\u01b0\u01a1ng hi\u1ec7u<\/td>\n<td>\n<p data-pm-slice=\"1 1 []\">P\u00e2tisserie Tradition<\/p>\n<\/td>\n<\/tr>\n<tr>\n<td>Xu\u1ea5t x\u1ee9<\/td>\n<td>\u00dd<\/td>\n<\/tr>\n<tr>\n<td>Th\u00e0nh ph\u1ea7n<\/td>\n<td>B\u1ed9t m\u00ec, tr\u1ee9ng g\u00e0 nu\u00f4i tr\u00ean s\u00e0n, \u0111\u01b0\u1eddng, b\u01a1, h\u01b0\u01a1ng li\u1ec7u t\u1ef1 nhi\u00ean,\u2026 (xem chi ti\u1ebft tr\u00ean bao b\u00ec)<\/td>\n<\/tr>\n<tr>\n<td>H\u1ea1n s\u1eed d\u1ee5ng<\/td>\n<td>Xem tr\u1ef1c ti\u1ebfp tr\u00ean bao b\u00ec<\/td>\n<\/tr>\n<tr>\n<td>B\u1ea3o qu\u1ea3n<\/td>\n<td>\u0110\u1ec3 n\u01a1i kh\u00f4 r\u00e1o, tho\u00e1ng m\u00e1t, tr\u00e1nh \u00e1nh n\u1eafng tr\u1ef1c ti\u1ebfp<\/td>\n<\/tr>\n<tr>\n<td>Kh\u1ed1i l\u01b0\u1ee3ng<\/td>\n<td>250g<\/td>\n<\/tr>\n<\/tbody>\n<\/table>\n<\/div>\n<h2 class=\"\" data-start=\"220\" data-end=\"272\"><strong data-start=\"223\" data-end=\"270\">Madeleine \u2013 N\u00e9t duy\u00ean d\u00e1ng c\u1ee7a \u1ea9m th\u1ef1c Ph\u00e1p<\/strong><\/h2>\n<p class=\"\" data-start=\"274\" data-end=\"851\">Madeleine, hay c\u00f2n \u0111\u01b0\u1ee3c bi\u1ebft \u0111\u1ebfn v\u1edbi t\u00ean g\u1ecdi \u201cb\u00e1nh con s\u00f2\u201d, l\u00e0 m\u1ed9t lo\u1ea1i b\u00e1nh ng\u1ecdt nh\u1ecf nh\u1eafn c\u00f3 ngu\u1ed3n g\u1ed1c t\u1eeb v\u00f9ng Lorraine, Ph\u00e1p. Xu\u1ea5t hi\u1ec7n t\u1eeb th\u1ebf k\u1ef7 18, lo\u1ea1i b\u00e1nh n\u00e0y g\u1eafn li\u1ec1n v\u1edbi m\u1ed9t giai tho\u1ea1i th\u00fa v\u1ecb: m\u1ed9t \u0111\u1ea7u b\u1ebfp t\u00ean Madeleine Paulmier \u0111\u00e3 t\u1ea1o ra chi\u1ebfc b\u00e1nh \u0111\u1ec3 ph\u1ee5c v\u1ee5 C\u00f4ng t\u01b0\u1edbc Stanis\u0142aw Leszczy\u0144ski, ng\u01b0\u1eddi sau \u0111\u00f3 y\u00eau th\u00edch \u0111\u1ebfn m\u1ee9c \u0111\u1eb7t t\u00ean n\u00f3 theo b\u00e0. T\u1eeb m\u1ed9t m\u00f3n \u0103n qu\u00fd t\u1ed9c, Madeleine nhanh ch\u00f3ng tr\u1edf th\u00e0nh bi\u1ec3u t\u01b0\u1ee3ng trong v\u0103n h\u00f3a \u1ea9m th\u1ef1c Ph\u00e1p, \u0111\u1eb7c bi\u1ec7t khi xu\u1ea5t hi\u1ec7n trong t\u00e1c ph\u1ea9m\u00a0<em data-start=\"759\" data-end=\"784\">\u0110i t\u00ecm th\u1eddi gian \u0111\u00e3 m\u1ea5t<\/em>\u00a0c\u1ee7a Marcel Proust, kh\u01a1i g\u1ee3i nh\u1eefng ho\u00e0i ni\u1ec7m s\u00e2u s\u1eafc v\u1ec1 tu\u1ed5i th\u01a1.<\/p>\n<p class=\"\" data-start=\"892\" data-end=\"1412\">Madeleine c\u00f3 h\u00ecnh d\u00e1ng v\u1ecf s\u00f2 \u0111\u1eb7c tr\u01b0ng v\u1edbi ph\u1ea7n b\u1ee5ng ph\u1ed3ng l\u00ean duy\u00ean d\u00e1ng. B\u00e1nh \u0111\u01b0\u1ee3c l\u00e0m t\u1eeb c\u00e1c nguy\u00ean li\u1ec7u \u0111\u01a1n gi\u1ea3n nh\u01b0 b\u1ed9t m\u00ec, b\u01a1, tr\u1ee9ng, \u0111\u01b0\u1eddng, v\u00e0 th\u01b0\u1eddng c\u00f3 th\u00eam h\u01b0\u01a1ng vani ho\u1eb7c chanh \u0111\u1ec3 t\u1ea1o s\u1ef1 th\u01a1m ngon \u0111\u1eb7c bi\u1ec7t. K\u1ebft c\u1ea5u m\u1ec1m x\u1ed1p, tan nh\u1eb9 trong mi\u1ec7ng k\u1ebft h\u1ee3p v\u1edbi l\u1edbp \u201cgai\u201d b\u00e1nh m\u1ecfng gi\u00f2n t\u1ea1o n\u00ean s\u1ef1 t\u01b0\u01a1ng ph\u1ea3n tinh t\u1ebf, khi\u1ebfn m\u1ed7i chi\u1ebfc Madeleine tr\u1edf th\u00e0nh m\u1ed9t tr\u1ea3i nghi\u1ec7m \u1ea9m th\u1ef1c tr\u1ecdn v\u1eb9n. Ng\u01b0\u1eddi Ph\u00e1p th\u01b0\u1eddng th\u01b0\u1edfng th\u1ee9c Madeleine c\u00f9ng tr\u00e0 ho\u1eb7c c\u00e0 ph\u00ea, bi\u1ebfn n\u00f3 th\u00e0nh m\u00f3n \u0103n nh\u1eb9 ho\u00e0n h\u1ea3o cho nh\u1eefng bu\u1ed5i chi\u1ec1u th\u01b0 gi\u00e3n.<\/p>\n<p data-start=\"892\" data-end=\"1412\"><img fetchpriority=\"high\" decoding=\"async\" class=\"aligncenter\" src=\"https:\/\/havamall.com\/wp-content\/uploads\/2025\/03\/https3A2F2Fsubstack-post-media.s3.amazonaws.com2Fpublic2Fimages2F58962270-5a72-4475-a956-97741d2a23db_1512x1512.jpg\" alt=\"CHEESEY MADELEINES. - Jill Dupleix Eats\" width=\"1054\" height=\"1048\" \/><\/p>\n<h2 class=\"\" data-start=\"1414\" data-end=\"1469\"><strong data-start=\"1417\" data-end=\"1467\">P\u00e2tisserie Tradition \u2013 Tinh hoa b\u00e1nh ng\u1ecdt Ph\u00e1p<\/strong><\/h2>\n<p class=\"\" data-start=\"1471\" data-end=\"1967\">Ti\u1ebfp n\u1ed1i tinh th\u1ea7n \u1ea9m th\u1ef1c Ph\u00e1p,\u00a0<strong data-start=\"1504\" data-end=\"1528\">P\u00e2tisserie Tradition<\/strong>\u00a0l\u00e0 m\u1ed9t th\u01b0\u01a1ng hi\u1ec7u b\u00e1nh ng\u1ecdt danh ti\u1ebfng, chuy\u00ean s\u1ea3n xu\u1ea5t c\u00e1c lo\u1ea1i b\u00e1nh theo c\u00f4ng th\u1ee9c truy\u1ec1n th\u1ed1ng nh\u01b0ng k\u1ebft h\u1ee3p v\u1edbi c\u00f4ng ngh\u1ec7 hi\u1ec7n \u0111\u1ea1i \u0111\u1ec3 \u0111\u1ea3m b\u1ea3o ch\u1ea5t l\u01b0\u1ee3ng cao nh\u1ea5t. Xu\u1ea5t ph\u00e1t t\u1eeb v\u00f9ng Loud\u00e9ac, Brittany \u2013 n\u01a1i n\u1ed5i ti\u1ebfng v\u1edbi c\u00e1c s\u1ea3n ph\u1ea9m b\u00e1nh ng\u1ecdt th\u01b0\u1ee3ng h\u1ea1ng \u2013 th\u01b0\u01a1ng hi\u1ec7u n\u00e0y cam k\u1ebft s\u1eed d\u1ee5ng nguy\u00ean li\u1ec7u ch\u1ecdn l\u1ecdc, kh\u00f4ng ch\u1ee9a ch\u1ea5t b\u1ea3o qu\u1ea3n hay ph\u1ea9m m\u00e0u nh\u00e2n t\u1ea1o, gi\u1eef tr\u1ecdn v\u1eb9n h\u01b0\u01a1ng v\u1ecb nguy\u00ean b\u1ea3n v\u00e0 \u0111\u1ea3m b\u1ea3o s\u1ee9c kh\u1ecfe cho ng\u01b0\u1eddi ti\u00eau d\u00f9ng.<\/p>\n<p class=\"\" data-start=\"2053\" data-end=\"2510\">Trong s\u1ed1 nh\u1eefng s\u1ea3n ph\u1ea9m \u0111\u1eb7c tr\u01b0ng c\u1ee7a\u00a0<strong data-start=\"2091\" data-end=\"2115\">P\u00e2tisserie Tradition<\/strong>,\u00a0<strong data-start=\"2117\" data-end=\"2148\">Madeleines Longues Marbr\u00e9es<\/strong>\u00a0l\u00e0 m\u1ed9t phi\u00ean b\u1ea3n hi\u1ec7n \u0111\u1ea1i \u0111\u1ea7y s\u00e1ng t\u1ea1o. Thay v\u00ec gi\u1eef nguy\u00ean h\u00ecnh d\u00e1ng v\u1ecf s\u00f2 c\u1ed5 \u0111i\u1ec3n, lo\u1ea1i b\u00e1nh n\u00e0y\u00a0<em><strong>c\u00f3 thi\u1ebft k\u1ebf d\u00e0i h\u01a1n<\/strong><\/em>, v\u1edbi l\u1edbp\u00a0<em><strong>b\u1ed9t cacao xen k\u1ebd c\u00f9ng ph\u1ea7n b\u00e1nh vani<\/strong><\/em>, t\u1ea1o n\u00ean hi\u1ec7u \u1ee9ng\u00a0<em><strong>v\u00e2n marble<\/strong><\/em>\u00a0b\u1eaft m\u1eaft. S\u1ef1 k\u1ebft h\u1ee3p gi\u1eefa v\u1ecb b\u01a1 th\u01a1m b\u00e9o, h\u01b0\u01a1ng vani d\u1ecbu nh\u1eb9 v\u00e0 cacao \u0111\u1eadm \u0111\u00e0 mang \u0111\u1ebfn tr\u1ea3i nghi\u1ec7m h\u01b0\u01a1ng v\u1ecb phong ph\u00fa, \u0111\u00e1p \u1ee9ng kh\u1ea9u v\u1ecb c\u1ee7a nh\u1eefng t\u00edn \u0111\u1ed3 \u1ea9m th\u1ef1c tinh t\u1ebf.<\/p>\n<p class=\"\" data-start=\"2512\" data-end=\"2779\">T\u1eeb chi\u1ebfc Madeleine truy\u1ec1n th\u1ed1ng \u0111\u1ebfn nh\u1eefng s\u00e1ng t\u1ea1o mang h\u01a1i th\u1edf hi\u1ec7n \u0111\u1ea1i nh\u01b0\u00a0<strong data-start=\"2589\" data-end=\"2620\">Madeleines Longues Marbr\u00e9es<\/strong>,\u00a0<strong data-start=\"2622\" data-end=\"2646\">P\u00e2tisserie Tradition<\/strong>\u00a0kh\u00f4ng ng\u1eebng t\u00f4n vinh v\u00e0 ph\u00e1t tri\u1ec3n ngh\u1ec7 thu\u1eadt l\u00e0m b\u00e1nh Ph\u00e1p, \u0111\u01b0a h\u01b0\u01a1ng v\u1ecb tinh t\u00fay n\u00e0y \u0111\u1ebfn v\u1edbi ng\u01b0\u1eddi y\u00eau \u1ea9m th\u1ef1c tr\u00ean to\u00e0n th\u1ebf gi\u1edbi.<\/p>\n<p data-start=\"2512\" data-end=\"2779\"><img decoding=\"async\" class=\"aligncenter\" src=\"https:\/\/havamall.com\/wp-content\/uploads\/2025\/03\/Le-Ster-Madeleine-longue-chocolat.jpg\" alt=\"Madeleines au chocolat | Le Ster\" width=\"1067\" height=\"1067\" \/><\/p>\n<h2 class=\"\" data-start=\"1750\" data-end=\"1833\"><strong data-start=\"1753\" data-end=\"1831\">Madeleines Longues Marbr\u00e9es \u2013 Bi\u1ebfn t\u1ea5u hi\u1ec7n \u0111\u1ea1i c\u1ee7a Madeleine truy\u1ec1n th\u1ed1ng<\/strong><\/h2>\n<h3 class=\"\" data-start=\"1984\" data-end=\"2039\"><strong data-start=\"1988\" data-end=\"2037\">\u0110i\u1ec3m \u0111\u1eb7c bi\u1ec7t c\u1ee7a Madeleines Longues Marbr\u00e9es<\/strong><\/h3>\n<ul data-start=\"2041\" data-end=\"2951\">\n<li class=\"\" data-start=\"2041\" data-end=\"2224\">\n<p class=\"\" data-start=\"2043\" data-end=\"2224\"><strong data-start=\"2043\" data-end=\"2091\">H\u01b0\u01a1ng v\u1ecb truy\u1ec1n th\u1ed1ng, ch\u1ea5t l\u01b0\u1ee3ng v\u01b0\u1ee3t tr\u1ed9i:<\/strong>\u00a0B\u00e1nh \u0111\u01b0\u1ee3c l\u00e0m t\u1eeb nguy\u00ean li\u1ec7u t\u01b0\u01a1i ngon, ch\u1ecdn l\u1ecdc k\u1ef9 l\u01b0\u1ee1ng, theo c\u00f4ng th\u1ee9c gia truy\u1ec1n t\u1eeb n\u0103m 1968, mang \u0111\u1ebfn h\u01b0\u01a1ng v\u1ecb \u0111\u1eadm ch\u1ea5t Ph\u00e1p.<\/p>\n<\/li>\n<li class=\"\" data-start=\"2225\" data-end=\"2468\">\n<p class=\"\" data-start=\"2227\" data-end=\"2468\"><strong data-start=\"2227\" data-end=\"2248\">K\u1ebft c\u1ea5u ho\u00e0n h\u1ea3o:<\/strong>\u00a0B\u1ec1 ngo\u00e0i b\u00e1nh m\u1ecbn m\u00e0ng, nh\u01b0ng b\u00ean trong l\u1ea1i m\u1ec1m m\u1ea1i, t\u1ea1o c\u1ea3m gi\u00e1c d\u1ec5 ch\u1ecbu khi th\u01b0\u1edfng th\u1ee9c. S\u1ef1 h\u00f2a quy\u1ec7n gi\u1eefa v\u1ecb b\u01a1 b\u00e9o ng\u1eady v\u00e0 cacao \u0111\u1eadm \u0111\u00e0 t\u1ea1o n\u00ean tr\u1ea3i nghi\u1ec7m \u1ea9m th\u1ef1c phong ph\u00fa h\u01a1n so v\u1edbi b\u00e1nh Madeleine truy\u1ec1n th\u1ed1ng.<\/p>\n<\/li>\n<li class=\"\" data-start=\"2469\" data-end=\"2637\">\n<p class=\"\" data-start=\"2471\" data-end=\"2637\"><strong data-start=\"2471\" data-end=\"2493\">H\u00ecnh d\u00e1ng \u0111\u1ed9c \u0111\u00e1o:<\/strong>\u00a0Thay v\u00ec h\u00ecnh v\u1ecf s\u00f2 c\u1ed5 \u0111i\u1ec3n, phi\u00ean b\u1ea3n n\u00e0y c\u00f3 h\u00ecnh d\u00e1ng d\u00e0i, v\u1edbi nh\u1eefng \u0111\u01b0\u1eddng v\u00e2n cacao xen k\u1ebd ph\u1ea7n b\u00e1nh vani, t\u1ea1o n\u00ean hi\u1ec7u \u1ee9ng v\u00e2n \u0111\u00e1 \u0111\u1eb9p m\u1eaft.<\/p>\n<\/li>\n<li class=\"\" data-start=\"2638\" data-end=\"2776\">\n<p class=\"\" data-start=\"2640\" data-end=\"2776\"><strong data-start=\"2640\" data-end=\"2664\">Th\u00e0nh ph\u1ea7n t\u1ef1 nhi\u00ean:<\/strong>\u00a0B\u00e1nh \u0111\u01b0\u1ee3c l\u00e0m t\u1eeb tr\u1ee9ng g\u00e0 nu\u00f4i tr\u00ean s\u00e0n, kh\u00f4ng ch\u1ee9a ph\u1ea9m m\u00e0u hay ch\u1ea5t b\u1ea3o qu\u1ea3n, \u0111\u1ea3m b\u1ea3o an to\u00e0n cho s\u1ee9c kh\u1ecfe.<\/p>\n<\/li>\n<li class=\"\" data-start=\"2777\" data-end=\"2951\">\n<p class=\"\" data-start=\"2779\" data-end=\"2951\"><strong data-start=\"2779\" data-end=\"2801\">Bao b\u00ec sang tr\u1ecdng:<\/strong>\u00a0\u0110\u01b0\u1ee3c thi\u1ebft k\u1ebf tinh t\u1ebf v\u00e0 \u0111\u1eadm ch\u1ea5t Ph\u00e1p, bao b\u00ec c\u1ee7a\u00a0<strong data-start=\"2853\" data-end=\"2884\">Madeleines Longues Marbr\u00e9es<\/strong>\u00a0kh\u00f4ng ch\u1ec9 th\u1ec3 hi\u1ec7n s\u1ef1 cao c\u1ea5p m\u00e0 c\u00f2n r\u1ea5t th\u00edch h\u1ee3p l\u00e0m qu\u00e0 t\u1eb7ng.<\/p>\n<\/li>\n<\/ul>\n<p><img decoding=\"async\" class=\"aligncenter\" src=\"https:\/\/scontent.fsgn19-1.fna.fbcdn.net\/v\/t39.30808-6\/487387278_1220757106723777_2259065992149355188_n.jpg?_nc_cat=104&amp;ccb=1-7&amp;_nc_sid=833d8c&amp;_nc_ohc=a0n9J42NL0kQ7kNvgFqvS2y&amp;_nc_oc=AdnQaXIm0q9ucIFNXvTIEpaIOKyUBmp6LpYnSKktDKCfiTt-RfoBnbbrmi0UC1K-feNNAfUPQOdkidZGa3D0aFwj&amp;_nc_zt=23&amp;_nc_ht=scontent.fsgn19-1.fna&amp;_nc_gid=iaHvdK32iksbptno0AwNSw&amp;oh=00_AYHpRKzuVDrnzOuqfCAZeY3USdH8iMb1BvCo4wXC4o3rZQ&amp;oe=67ED82D7\" alt=\"C\u00f3 th\u1ec3 l\u00e0 h\u00ecnh \u1ea3nh v\u1ec1 v\u0103n b\u1ea3n\" width=\"1088\" height=\"1344\" \/><\/p>\n<h3 class=\"\" data-start=\"2953\" data-end=\"3023\"><strong data-start=\"2957\" data-end=\"3021\">Th\u01b0\u1edfng th\u1ee9c Madeleines Longues Marbr\u00e9es theo phong c\u00e1ch Ph\u00e1p<\/strong><\/h3>\n<ul data-start=\"3025\" data-end=\"3684\">\n<li class=\"\" data-start=\"3025\" data-end=\"3188\">\n<p class=\"\" data-start=\"3027\" data-end=\"3188\"><strong data-start=\"3027\" data-end=\"3060\">K\u1ebft h\u1ee3p c\u00f9ng tr\u00e0 ho\u1eb7c c\u00e0 ph\u00ea:<\/strong>\u00a0Madeleine l\u00e0 ng\u01b0\u1eddi b\u1ea1n \u0111\u1ed3ng h\u00e0nh l\u00fd t\u01b0\u1edfng cho m\u1ed9t t\u00e1ch tr\u00e0 n\u00f3ng ho\u1eb7c c\u00e0 ph\u00ea \u0111\u1eadm \u0111\u00e0, gi\u00fap t\u00f4n l\u00ean h\u01b0\u01a1ng v\u1ecb \u0111\u1eb7c tr\u01b0ng c\u1ee7a b\u00e1nh.<\/p>\n<\/li>\n<li class=\"\" data-start=\"3189\" data-end=\"3315\">\n<p class=\"\" data-start=\"3191\" data-end=\"3315\"><strong data-start=\"3191\" data-end=\"3219\">M\u00f3n tr\u00e1ng mi\u1ec7ng tinh t\u1ebf:<\/strong>\u00a0B\u00e1nh c\u00f3 th\u1ec3 d\u00f9ng l\u00e0m m\u00f3n tr\u00e1ng mi\u1ec7ng sau b\u1eefa \u0103n, mang \u0111\u1ebfn s\u1ef1 ng\u1ecdt ng\u00e0o nh\u1eb9 nh\u00e0ng v\u00e0 th\u01b0 gi\u00e3n.<\/p>\n<\/li>\n<li class=\"\" data-start=\"3316\" data-end=\"3499\">\n<p class=\"\" data-start=\"3318\" data-end=\"3499\"><strong data-start=\"3318\" data-end=\"3339\">Qu\u00e0 t\u1eb7ng \u00fd ngh\u0129a:<\/strong>\u00a0V\u1edbi h\u01b0\u01a1ng v\u1ecb th\u01a1m ngon v\u00e0 thi\u1ebft k\u1ebf sang tr\u1ecdng,\u00a0<strong data-start=\"3387\" data-end=\"3418\">Madeleines Longues Marbr\u00e9es<\/strong>\u00a0l\u00e0 l\u1ef1a ch\u1ecdn ho\u00e0n h\u1ea3o \u0111\u1ec3 d\u00e0nh t\u1eb7ng ng\u01b0\u1eddi th\u00e2n, b\u1ea1n b\u00e8 trong nh\u1eefng d\u1ecbp \u0111\u1eb7c bi\u1ec7t.<\/p>\n<\/li>\n<li class=\"\" data-start=\"3500\" data-end=\"3684\">\n<p class=\"\" data-start=\"3502\" data-end=\"3684\"><strong data-start=\"3502\" data-end=\"3524\">D\u1ec5 d\u00e0ng mang theo:<\/strong>\u00a0Nh\u1edd thi\u1ebft k\u1ebf nh\u1ecf g\u1ecdn v\u00e0 ti\u1ec7n l\u1ee3i, b\u00e1nh c\u00f3 th\u1ec3 \u0111\u01b0\u1ee3c d\u00f9ng trong c\u00e1c b\u1eefa \u0103n nh\u1eb9 ho\u1eb7c mang theo khi di chuy\u1ec3n, gi\u00fap b\u1ea1n t\u1eadn h\u01b0\u1edfng h\u01b0\u01a1ng v\u1ecb Ph\u00e1p m\u1ecdi l\u00fac, m\u1ecdi n\u01a1i.<\/p>\n<\/li>\n<\/ul>\n<p><img loading=\"lazy\" decoding=\"async\" class=\"aligncenter\" src=\"https:\/\/sdmntprsouthcentralus.oaiusercontent.com\/files\/00000000-f3d4-51f7-801b-253855f740d7\/raw?se=2025-03-29T09%3A03%3A39Z&amp;sp=r&amp;sv=2024-08-04&amp;sr=b&amp;scid=92eb430d-97ce-5996-8b77-d39f6a23e52d&amp;skoid=7c382de0-129f-486b-9922-6e4a89c6eb7d&amp;sktid=a48cca56-e6da-484e-a814-9c849652bcb3&amp;skt=2025-03-29T07%3A59%3A45Z&amp;ske=2025-03-30T07%3A59%3A45Z&amp;sks=b&amp;skv=2024-08-04&amp;sig=TrqoJ8p8ZGMqXeN2q5POq23ObkhuN3hGTpzkB4cGAmU%3D\" width=\"1096\" height=\"940\" \/><\/p>\n<p class=\"\" data-start=\"3686\" data-end=\"3938\">T\u1eeb Madeleine truy\u1ec1n th\u1ed1ng \u0111\u1ebfn nh\u1eefng s\u00e1ng t\u1ea1o hi\u1ec7n \u0111\u1ea1i nh\u01b0\u00a0<strong data-start=\"3744\" data-end=\"3775\">Madeleines Longues Marbr\u00e9es<\/strong>,\u00a0<strong data-start=\"3777\" data-end=\"3801\">P\u00e2tisserie Tradition<\/strong>\u00a0ti\u1ebfp t\u1ee5c g\u00ecn gi\u1eef v\u00e0 ph\u00e1t tri\u1ec3n ngh\u1ec7 thu\u1eadt l\u00e0m b\u00e1nh c\u1ee7a n\u01b0\u1edbc Ph\u00e1p, mang \u0111\u1ebfn cho th\u1ef1c kh\u00e1ch nh\u1eefng tr\u1ea3i nghi\u1ec7m \u1ea9m th\u1ef1c tinh t\u1ebf v\u00e0 \u0111\u00e1ng nh\u1edb. S\u1ea3n ph\u1ea9m hi\u1ec7n \u0111\u00e3 c\u00f3 m\u1eb7t t\u1ea1i Havamall, qu\u00fd kh\u00e1ch vui l\u00f2ng li\u00ean h\u1ec7 hotline: 0946 229 642. Ch\u00fang t\u00f4i r\u1ea5t h\u00e2n h\u1ea1nh \u0111\u01b0\u1ee3c ph\u1ee5c v\u1ee5 qu\u00fd kh\u00e1ch!<\/p>","protected":false},"excerpt":{"rendered":"<p>TH\u00d4NG TIN CHUNG Th\u01b0\u01a1ng hi\u1ec7u P\u00e2tisserie Tradition Xu\u1ea5t x\u1ee9 \u00dd Th\u00e0nh ph\u1ea7n B\u1ed9t m\u00ec, tr\u1ee9ng g\u00e0 nu\u00f4i tr\u00ean s\u00e0n, \u0111\u01b0\u1eddng,<\/p>","protected":false},"featured_media":38159,"comment_status":"open","ping_status":"closed","template":"","meta":[],"product_brand":[],"product_cat":[671,133],"product_tag":[],"class_list":{"0":"post-38158","1":"product","2":"type-product","3":"status-publish","4":"has-post-thumbnail","6":"product_cat-nhap-khau-phap","7":"product_cat-banh-keo-chocolate","9":"first","10":"outofstock","11":"sale","12":"shipping-taxable","13":"purchasable","14":"product-type-simple"},"_links":{"self":[{"href":"https:\/\/havamall.vn\/en\/wp-json\/wp\/v2\/product\/38158"}],"collection":[{"href":"https:\/\/havamall.vn\/en\/wp-json\/wp\/v2\/product"}],"about":[{"href":"https:\/\/havamall.vn\/en\/wp-json\/wp\/v2\/types\/product"}],"replies":[{"embeddable":true,"href":"https:\/\/havamall.vn\/en\/wp-json\/wp\/v2\/comments?post=38158"}],"version-history":[{"count":0,"href":"https:\/\/havamall.vn\/en\/wp-json\/wp\/v2\/product\/38158\/revisions"}],"wp:featuredmedia":[{"embeddable":true,"href":"https:\/\/havamall.vn\/en\/wp-json\/wp\/v2\/media\/38159"}],"wp:attachment":[{"href":"https:\/\/havamall.vn\/en\/wp-json\/wp\/v2\/media?parent=38158"}],"wp:term":[{"taxonomy":"product_brand","embeddable":true,"href":"https:\/\/havamall.vn\/en\/wp-json\/wp\/v2\/product_brand?post=38158"},{"taxonomy":"product_cat","embeddable":true,"href":"https:\/\/havamall.vn\/en\/wp-json\/wp\/v2\/product_cat?post=38158"},{"taxonomy":"product_tag","embeddable":true,"href":"https:\/\/havamall.vn\/en\/wp-json\/wp\/v2\/product_tag?post=38158"}],"curies":[{"name":"wp","href":"https:\/\/api.w.org\/{rel}","templated":true}]}}