{"id":38129,"date":"2025-03-25T17:06:56","date_gmt":"2025-03-25T10:06:56","guid":{"rendered":"https:\/\/havamall.vn\/?post_type=product&#038;p=38129"},"modified":"2025-03-25T17:07:00","modified_gmt":"2025-03-25T10:07:00","slug":"banh-mi-nguyen-cam-nho-delifrance-400g-delifrance-small-farmer-roll","status":"publish","type":"product","link":"https:\/\/havamall.vn\/en\/shop\/banh-mi-nguyen-cam-nho-delifrance-400g-delifrance-small-farmer-roll\/","title":{"rendered":"B\u00e1nh M\u00ec Nguy\u00ean C\u00e1m Nh\u1ecf Delifrance 400g \u2013 Delifrance Small Farmer Roll"},"content":{"rendered":"<h2><strong>TH\u00d4NG TIN CHUNG<\/strong><\/h2>\n<table style=\"width: 65.9862%;height: 192px\">\n<tbody>\n<tr style=\"height: 24px\">\n<td style=\"width: 15.3382%;height: 24px\">Th\u01b0\u01a1ng hi\u1ec7u<\/td>\n<td style=\"width: 90.889%;height: 24px\">Delifrance (Ph\u00e1p)<\/td>\n<\/tr>\n<tr style=\"height: 24px\">\n<td style=\"width: 15.3382%;height: 24px\">Xu\u1ea5t x\u1ee9<\/td>\n<td style=\"width: 90.889%;height: 24px\">Th\u00e1i Lan<\/td>\n<\/tr>\n<tr style=\"height: 72px\">\n<td style=\"width: 15.3382%;height: 72px\">Th\u00e0nh ph\u1ea7n<\/td>\n<td style=\"width: 90.889%;height: 72px\">N\u01b0\u1edbc (36%), b\u1ed9t m\u00ec (28%), b\u1ed9t tr\u1ed9n b\u00e1nh m\u00ec nguy\u00ean c\u00e1m (b\u1ed9t m\u00ec, b\u1ed9t l\u00faa m\u1ea1ch \u0111en, gluten l\u00faa m\u00ec, b\u1ed9t chua l\u00faa m\u1ea1ch \u0111en kh\u1eed ho\u1ea1t t\u00ednh, m\u1ea7m l\u00faa m\u00ec, m\u1ea1ch nha l\u00faa m\u1ea1ch, ch\u1ea5t x\u1eed l\u00fd b\u1ed9t: INS300) 28%, men (3%), mu\u1ed1i, enzyme (1%), protein b\u1ed9t.<\/td>\n<\/tr>\n<tr style=\"height: 24px\">\n<td style=\"width: 15.3382%;height: 24px\">H\u1ea1n s\u1eed d\u1ee5ng<\/td>\n<td style=\"width: 90.889%;height: 24px\">Xem tr\u00ean Bao b\u00ec<\/td>\n<\/tr>\n<tr style=\"height: 24px\">\n<td style=\"width: 15.3382%;height: 24px\">B\u1ea3o qu\u1ea3n<\/td>\n<td style=\"width: 90.889%;height: 24px\">B\u1ea3o qu\u1ea3n \u0111\u00f4ng l\u1ea1nh \u1edf nhi\u1ec7t \u0111\u1ed9 \u2264 -18\u00b0C. Kh\u00f4ng t\u00e1i \u0111\u00f4ng sau khi r\u00e3 \u0111\u00f4ng.<\/td>\n<\/tr>\n<tr style=\"height: 24px\">\n<td style=\"width: 15.3382%;height: 24px\">\u00a0Kh\u1ed1i l\u01b0\u1ee3ng<\/td>\n<td style=\"width: 90.889%;height: 24px\">400g (40g x 10 c\u00e1i)<\/td>\n<\/tr>\n<\/tbody>\n<\/table>\n<h3 class=\"\" data-start=\"233\" data-end=\"292\"><strong data-start=\"237\" data-end=\"290\">Farmer Roll \u2013 Tinh hoa b\u00e1nh m\u00ec nguy\u00ean c\u00e1m ch\u00e2u \u00c2u<\/strong><\/h3>\n<p class=\"\" data-start=\"293\" data-end=\"740\">B\u00e1nh m\u00ec nguy\u00ean c\u00e1m (whole grain bread) \u0111\u00e3 t\u1eeb l\u00e2u tr\u1edf th\u00e0nh m\u1ed9t ph\u1ea7n kh\u00f4ng th\u1ec3 thi\u1ebfu trong v\u0103n h\u00f3a \u1ea9m th\u1ef1c ch\u00e2u \u00c2u. Kh\u00f4ng gi\u1ed1ng nh\u01b0 b\u00e1nh m\u00ec tr\u1eafng th\u00f4ng th\u01b0\u1eddng, b\u00e1nh m\u00ec nguy\u00ean c\u00e1m \u0111\u01b0\u1ee3c l\u00e0m t\u1eeb b\u1ed9t m\u00ec nguy\u00ean h\u1ea1t, gi\u1eef l\u1ea1i l\u1edbp c\u00e1m gi\u00e0u dinh d\u01b0\u1ee1ng v\u00e0 ch\u1ea5t x\u01a1, gi\u00fap b\u00e1nh c\u00f3 m\u00e0u s\u1eafc n\u00e2u t\u1ef1 nhi\u00ean c\u00f9ng h\u01b0\u01a1ng v\u1ecb th\u01a1m ng\u1eady \u0111\u1eb7c tr\u01b0ng. <strong data-start=\"615\" data-end=\"630\">Farmer Roll<\/strong> l\u00e0 m\u1ed9t bi\u1ebfn th\u1ec3 nh\u1ecf g\u1ecdn c\u1ee7a d\u00f2ng b\u00e1nh m\u00ec nguy\u00ean c\u00e1m, ti\u1ec7n l\u1ee3i v\u00e0 ph\u00f9 h\u1ee3p v\u1edbi nhi\u1ec1u c\u00e1ch ch\u1ebf bi\u1ebfn kh\u00e1c nhau.<\/p>\n<p data-start=\"293\" data-end=\"740\"><img decoding=\"async\" class=\"aligncenter\" src=\"https:\/\/www.edna-international.com\/WebRoot\/EdnaINT\/Shops\/EdnaINT\/Products\/197\/197_1.jpg\" \/><\/p>\n<h3 class=\"\" data-start=\"742\" data-end=\"807\"><strong data-start=\"746\" data-end=\"805\">Delifrance \u2013 Th\u01b0\u01a1ng hi\u1ec7u b\u00e1nh m\u00ec Ph\u00e1p \u0111\u1eb3ng c\u1ea5p th\u1ebf gi\u1edbi<\/strong><\/h3>\n<p data-sourcepos=\"7:1-7:331\">Delifrance, th\u01b0\u01a1ng hi\u1ec7u b\u00e1nh m\u00ec v\u00e0 b\u00e1nh ng\u1ecdt n\u1ed5i ti\u1ebfng th\u1ebf gi\u1edbi, \u0111\u00e3 mang tinh hoa \u1ea9m th\u1ef1c Ph\u00e1p \u0111\u1ebfn Vi\u1ec7t Nam v\u00e0 gi\u1edbi thi\u1ec7u s\u1ea3n ph\u1ea9m b\u00e1nh m\u00ec Farmer Roll \u0111\u1ed9c \u0111\u00e1o. V\u1edbi h\u01a1n 30 n\u0103m kinh nghi\u1ec7m, Delifrance lu\u00f4n ch\u00fa tr\u1ecdng v\u00e0o ch\u1ea5t l\u01b0\u1ee3ng nguy\u00ean li\u1ec7u v\u00e0 quy tr\u00ecnh s\u1ea3n xu\u1ea5t, \u0111\u1ea3m b\u1ea3o mang \u0111\u1ebfn cho kh\u00e1ch h\u00e0ng nh\u1eefng s\u1ea3n ph\u1ea9m t\u01b0\u01a1i ngon, b\u1ed5 d\u01b0\u1ee1ng.<\/p>\n<p data-sourcepos=\"9:1-9:466\">B\u00e1nh m\u00ec Farmer Roll c\u1ee7a Delifrance \u0111\u01b0\u1ee3c l\u00e0m t\u1eeb nh\u1eefng nguy\u00ean li\u1ec7u t\u1ef1 nhi\u00ean, ch\u1ecdn l\u1ecdc k\u1ef9 l\u01b0\u1ee1ng nh\u01b0 b\u1ed9t m\u00ec, men t\u01b0\u01a1i, mu\u1ed1i bi\u1ec3n v\u00e0 n\u01b0\u1edbc tinh khi\u1ebft. \u0110\u1eb7c bi\u1ec7t, b\u00e1nh m\u00ec kh\u00f4ng ch\u1ee9a ch\u1ea5t b\u1ea3o qu\u1ea3n, \u0111\u1ea3m b\u1ea3o an to\u00e0n cho s\u1ee9c kh\u1ecfe ng\u01b0\u1eddi ti\u00eau d\u00f9ng. Nh\u1edd quy tr\u00ecnh \u1ee7 b\u1ed9t v\u00e0 n\u01b0\u1edbng b\u00e1nh \u0111\u1eb7c bi\u1ec7t, b\u00e1nh m\u00ec Farmer Roll c\u00f3 l\u1edbp v\u1ecf gi\u00f2n r\u1ee5m, ru\u1ed9t b\u00e1nh m\u1ec1m x\u1ed1p, th\u01a1m ngon v\u00e0 gi\u00e0u dinh d\u01b0\u1ee1ng. B\u00e1nh m\u00ec Farmer Roll cung c\u1ea5p n\u0103ng l\u01b0\u1ee3ng, ch\u1ea5t x\u01a1 v\u00e0 c\u00e1c vitamin, kho\u00e1ng ch\u1ea5t c\u1ea7n thi\u1ebft cho c\u01a1 th\u1ec3.<\/p>\n<p data-sourcepos=\"9:1-9:466\"><img fetchpriority=\"high\" decoding=\"async\" class=\"aligncenter\" src=\"https:\/\/havamall.com\/wp-content\/uploads\/2025\/03\/rustic-dinner-rolls-with-butter-768x1024.jpg\" width=\"1022\" height=\"1363\" \/><\/p>\n<h3 class=\"\" data-start=\"1292\" data-end=\"1334\"><strong data-start=\"1296\" data-end=\"1332\">Th\u00e0nh ph\u1ea7n v\u00e0 gi\u00e1 tr\u1ecb dinh d\u01b0\u1ee1ng<\/strong><\/h3>\n<p class=\"\" data-start=\"1335\" data-end=\"1418\">B\u00e1nh \u0111\u01b0\u1ee3c l\u00e0m t\u1eeb nh\u1eefng nguy\u00ean li\u1ec7u t\u1ef1 nhi\u00ean, gi\u00e0u d\u01b0\u1ee1ng ch\u1ea5t v\u00e0 t\u1ed1t cho s\u1ee9c kh\u1ecfe:<\/p>\n<ul data-start=\"1419\" data-end=\"1811\">\n<li class=\"\" data-start=\"1419\" data-end=\"1679\">\n<p class=\"\" data-start=\"1421\" data-end=\"1679\"><strong data-start=\"1421\" data-end=\"1442\">Th\u00e0nh ph\u1ea7n ch\u00ednh:<\/strong> N\u01b0\u1edbc (36%), b\u1ed9t m\u00ec (28%), b\u1ed9t tr\u1ed9n b\u00e1nh m\u00ec nguy\u00ean c\u00e1m (b\u1ed9t m\u00ec, b\u1ed9t l\u00faa m\u1ea1ch \u0111en, gluten l\u00faa m\u00ec, b\u1ed9t chua l\u00faa m\u1ea1ch \u0111en kh\u1eed ho\u1ea1t t\u00ednh, m\u1ea7m l\u00faa m\u00ec, m\u1ea1ch nha l\u00faa m\u1ea1ch, ch\u1ea5t x\u1eed l\u00fd b\u1ed9t: INS300) 28%, men (3%), mu\u1ed1i, enzyme (1%), protein b\u1ed9t.<\/p>\n<\/li>\n<li class=\"\" data-start=\"1680\" data-end=\"1746\">\n<p class=\"\" data-start=\"1682\" data-end=\"1746\"><strong data-start=\"1682\" data-end=\"1707\">H\u00e0m l\u01b0\u1ee3ng ch\u1ea5t x\u01a1 cao<\/strong>, h\u1ed7 tr\u1ee3 ti\u00eau h\u00f3a v\u00e0 gi\u00fap no l\u00e2u h\u01a1n.<\/p>\n<\/li>\n<li class=\"\" data-start=\"1747\" data-end=\"1811\">\n<p class=\"\" data-start=\"1749\" data-end=\"1811\"><strong data-start=\"1749\" data-end=\"1786\">Kh\u00f4ng ch\u1ee9a ch\u1ea5t b\u1ea3o qu\u1ea3n nh\u00e2n t\u1ea1o<\/strong>, an to\u00e0n cho s\u1ee9c kh\u1ecfe.<\/p>\n<\/li>\n<\/ul>\n<h3 class=\"\" data-start=\"1813\" data-end=\"1889\"><strong data-start=\"1817\" data-end=\"1887\">\u0110i\u1ec3m \u0111\u1eb7c bi\u1ec7t \u2013 T\u1ea1i sao b\u1ea1n n\u00ean ch\u1ecdn Delifrance Small Farmer Roll?<\/strong><\/h3>\n<p data-sourcepos=\"11:1-11:387\">\u0110i\u1ec1u \u0111\u1eb7c bi\u1ec7t c\u1ee7a b\u00e1nh m\u00ec Farmer Roll Delifrance so v\u1edbi c\u00e1c lo\u1ea1i b\u00e1nh m\u00ec th\u00f4ng th\u01b0\u1eddng l\u00e0 h\u01b0\u01a1ng v\u1ecb th\u01a1m ngon \u0111\u1eb7c tr\u01b0ng v\u00e0 k\u1ebft c\u1ea5u \u0111\u1ed9c \u0111\u00e1o. L\u1edbp v\u1ecf b\u00e1nh gi\u00f2n tan, ru\u1ed9t b\u00e1nh m\u1ec1m m\u1ea1i, k\u1ebft h\u1ee3p v\u1edbi h\u01b0\u01a1ng th\u01a1m l\u00faa m\u00ec t\u1ef1 nhi\u00ean, t\u1ea1o n\u00ean m\u1ed9t tr\u1ea3i nghi\u1ec7m \u1ea9m th\u1ef1c kh\u00f3 qu\u00ean. B\u00e1nh m\u00ec Farmer Roll kh\u00f4ng ch\u1ec9 l\u00e0 m\u1ed9t m\u00f3n \u0103n ngon mi\u1ec7ng m\u00e0 c\u00f2n l\u00e0 m\u1ed9t l\u1ef1a ch\u1ecdn b\u1ed5 d\u01b0\u1ee1ng cho b\u1eefa s\u00e1ng, b\u1eefa tr\u01b0a ho\u1eb7c b\u1eefa \u0103n nh\u1eb9.<\/p>\n<ul data-start=\"1890\" data-end=\"2524\">\n<li class=\"\" data-start=\"1890\" data-end=\"2111\">\n<p class=\"\" data-start=\"1892\" data-end=\"2111\"><strong data-start=\"1892\" data-end=\"1957\">H\u01b0\u01a1ng v\u1ecb \u0111\u1eadm \u0111\u00e0, kh\u00e1c bi\u1ec7t so v\u1edbi b\u00e1nh m\u00ec tr\u1eafng th\u00f4ng th\u01b0\u1eddng:<\/strong> V\u1ecb ng\u1ecdt thanh t\u1ef1 nhi\u00ean t\u1eeb l\u00faa m\u1ea1ch nguy\u00ean c\u00e1m k\u1ebft h\u1ee3p c\u00f9ng \u0111\u1ed9 gi\u00f2n b\u00ean ngo\u00e0i v\u00e0 m\u1ec1m dai b\u00ean trong gi\u00fap b\u00e1nh tr\u1edf th\u00e0nh l\u1ef1a ch\u1ecdn l\u00fd t\u01b0\u1edfng cho m\u1ecdi b\u1eefa \u0103n.<\/p>\n<\/li>\n<li class=\"\" data-start=\"2112\" data-end=\"2245\">\n<p class=\"\" data-start=\"2114\" data-end=\"2245\"><strong data-start=\"2114\" data-end=\"2154\">Gi\u00e0u dinh d\u01b0\u1ee1ng v\u00e0 t\u1ed1t cho s\u1ee9c kh\u1ecfe:<\/strong> Ch\u1ea5t x\u01a1 cao gi\u00fap h\u1ed7 tr\u1ee3 ti\u00eau h\u00f3a, ki\u1ec3m so\u00e1t \u0111\u01b0\u1eddng huy\u1ebft v\u00e0 mang l\u1ea1i c\u1ea3m gi\u00e1c no l\u00e2u h\u01a1n.<\/p>\n<\/li>\n<li class=\"\" data-start=\"2246\" data-end=\"2379\">\n<p class=\"\" data-start=\"2248\" data-end=\"2379\"><strong data-start=\"2248\" data-end=\"2279\">Thi\u1ebft k\u1ebf nh\u1ecf g\u1ecdn, ti\u1ec7n l\u1ee3i:<\/strong> K\u00edch th\u01b0\u1edbc mini ph\u00f9 h\u1ee3p \u0111\u1ec3 l\u00e0m b\u00e1nh sandwich, b\u1eefa \u0103n nh\u1eb9 ho\u1eb7c mang theo trong nh\u1eefng chuy\u1ebfn \u0111i xa.<\/p>\n<\/li>\n<li class=\"\" data-start=\"2380\" data-end=\"2524\">\n<p class=\"\" data-start=\"2382\" data-end=\"2524\"><strong data-start=\"2382\" data-end=\"2419\">D\u1ec5 ch\u1ebf bi\u1ebfn, ti\u1ebft ki\u1ec7m th\u1eddi gian:<\/strong> Ch\u1ec9 c\u1ea7n r\u00e3 \u0111\u00f4ng v\u00e0 n\u01b0\u1edbng l\u1ea1i trong 10-15 ph\u00fat l\u00e0 c\u00f3 th\u1ec3 th\u01b0\u1edfng th\u1ee9c ngay m\u00f3n b\u00e1nh n\u00f3ng h\u1ed5i, th\u01a1m ngon.<\/p>\n<\/li>\n<\/ul>\n<p><img decoding=\"async\" class=\"aligncenter\" src=\"https:\/\/www.panesco.com\/getmetafile\/1e93bacb-1b97-4222-9d09-3b8726c166d9\/S_2104379_B.jpg.aspx\" width=\"1033\" height=\"582\" \/><\/p>\n<h3 class=\"\" data-start=\"2526\" data-end=\"2570\"><strong data-start=\"2530\" data-end=\"2568\">C\u00e1ch \u0103n ngon mi\u1ec7ng v\u1edbi Farmer Roll<\/strong><\/h3>\n<p class=\"\" data-start=\"2571\" data-end=\"2680\"><strong data-start=\"2571\" data-end=\"2603\">Delifrance Small Farmer Roll<\/strong> c\u00f3 th\u1ec3 k\u1ebft h\u1ee3p linh ho\u1ea1t v\u1edbi nhi\u1ec1u m\u00f3n \u0103n \u0111\u1ec3 t\u1ea1o n\u00ean nh\u1eefng b\u1eefa \u0103n h\u1ea5p d\u1eabn:<\/p>\n<ul data-start=\"2681\" data-end=\"3126\">\n<li class=\"\" data-start=\"2681\" data-end=\"2788\">\n<p class=\"\" data-start=\"2683\" data-end=\"2788\"><strong data-start=\"2683\" data-end=\"2696\">B\u1eefa s\u00e1ng:<\/strong> K\u1ebft h\u1ee3p c\u00f9ng b\u01a1, m\u1ee9t, ph\u00f4 mai ho\u1eb7c m\u1eadt ong \u0111\u1ec3 t\u1ea1o b\u1eefa s\u00e1ng \u0111\u01a1n gi\u1ea3n nh\u01b0ng \u0111\u1ea7y n\u0103ng l\u01b0\u1ee3ng.<\/p>\n<\/li>\n<li class=\"\" data-start=\"2789\" data-end=\"2892\">\n<p class=\"\" data-start=\"2791\" data-end=\"2892\"><strong data-start=\"2791\" data-end=\"2812\">B\u00e1nh m\u00ec sandwich:<\/strong> K\u1eb9p c\u00f9ng th\u1ecbt ngu\u1ed9i, rau xanh v\u00e0 s\u1ed1t mayonnaise \u0111\u1ec3 t\u1ea1o m\u00f3n sandwich b\u1ed5 d\u01b0\u1ee1ng.<\/p>\n<\/li>\n<li class=\"\" data-start=\"2893\" data-end=\"3009\">\n<p class=\"\" data-start=\"2895\" data-end=\"3009\"><strong data-start=\"2895\" data-end=\"2918\">B\u00e1nh m\u00ec \u0103n k\u00e8m s\u00fap:<\/strong> B\u00e1nh gi\u00f2n nh\u1eb9 khi n\u01b0\u1edbng, k\u1ebft h\u1ee3p c\u00f9ng s\u00fap b\u00ed \u0111\u1ecf ho\u1eb7c s\u00fap kem n\u1ea5m gi\u00fap b\u1eefa \u0103n th\u00eam \u1ea5m \u00e1p.<\/p>\n<\/li>\n<li class=\"\" data-start=\"3010\" data-end=\"3126\">\n<p class=\"\" data-start=\"3012\" data-end=\"3126\"><strong data-start=\"3012\" data-end=\"3028\">M\u00f3n khai v\u1ecb:<\/strong> Bi\u1ebfn t\u1ea5u th\u00e0nh b\u00e1nh m\u00ec n\u01b0\u1edbng b\u01a1 t\u1ecfi, bruschetta ho\u1eb7c d\u00f9ng l\u00e0m \u0111\u1ed3 nh\u1eafm k\u00e8m ph\u00f4 mai v\u00e0 r\u01b0\u1ee3u vang.<\/p>\n<\/li>\n<\/ul>\n<p><img decoding=\"async\" class=\"aligncenter\" src=\"https:\/\/optimise2.assets-servd.host\/bridor-new\/production\/uploads\/52885_Mini_pain-_fonce_Panidor_web.jpg?w=2048&amp;auto=compress%2Cformat&amp;fit=crop&amp;dm=1697635431&amp;s=7a5139316c15ed98787bb13a02b4fc7f\" width=\"1039\" height=\"778\" \/><\/p>\n<p class=\"\" data-start=\"3128\" data-end=\"3418\"><strong data-start=\"3128\" data-end=\"3201\">B\u00e1nh M\u00ec Nguy\u00ean C\u00e1m Nh\u1ecf Delifrance 400g \u2013 Delifrance Small Farmer Roll<\/strong> l\u00e0 l\u1ef1a ch\u1ecdn l\u00fd t\u01b0\u1edfng cho nh\u1eefng ai y\u00eau th\u00edch b\u00e1nh m\u00ec nguy\u00ean c\u00e1m, v\u1eeba gi\u00e0u dinh d\u01b0\u1ee1ng v\u1eeba ti\u1ec7n l\u1ee3i cho cu\u1ed9c s\u1ed1ng hi\u1ec7n \u0111\u1ea1i. H\u00e3y th\u1eed ngay \u0111\u1ec3 tr\u1ea3i nghi\u1ec7m h\u01b0\u01a1ng v\u1ecb b\u00e1nh m\u00ec nguy\u00ean b\u1ea3n t\u1eeb th\u01b0\u01a1ng hi\u1ec7u Delifrance danh ti\u1ebfng!<\/p>","protected":false},"excerpt":{"rendered":"<p>TH\u00d4NG TIN CHUNG Th\u01b0\u01a1ng hi\u1ec7u Delifrance (Ph\u00e1p) Xu\u1ea5t x\u1ee9 Th\u00e1i Lan Th\u00e0nh ph\u1ea7n N\u01b0\u1edbc (36%), b\u1ed9t m\u00ec (28%), b\u1ed9t tr\u1ed9n<\/p>","protected":false},"featured_media":38130,"comment_status":"open","ping_status":"closed","template":"","meta":[],"product_brand":[],"product_cat":[679,671,496],"product_tag":[],"class_list":{"0":"post-38129","1":"product","2":"type-product","3":"status-publish","4":"has-post-thumbnail","6":"product_cat-banh-dong-lanh","7":"product_cat-nhap-khau-phap","8":"product_cat-thuc-pham-thuan-chay","10":"first","11":"instock","12":"sale","13":"shipping-taxable","14":"purchasable","15":"product-type-simple"},"_links":{"self":[{"href":"https:\/\/havamall.vn\/en\/wp-json\/wp\/v2\/product\/38129"}],"collection":[{"href":"https:\/\/havamall.vn\/en\/wp-json\/wp\/v2\/product"}],"about":[{"href":"https:\/\/havamall.vn\/en\/wp-json\/wp\/v2\/types\/product"}],"replies":[{"embeddable":true,"href":"https:\/\/havamall.vn\/en\/wp-json\/wp\/v2\/comments?post=38129"}],"version-history":[{"count":0,"href":"https:\/\/havamall.vn\/en\/wp-json\/wp\/v2\/product\/38129\/revisions"}],"wp:featuredmedia":[{"embeddable":true,"href":"https:\/\/havamall.vn\/en\/wp-json\/wp\/v2\/media\/38130"}],"wp:attachment":[{"href":"https:\/\/havamall.vn\/en\/wp-json\/wp\/v2\/media?parent=38129"}],"wp:term":[{"taxonomy":"product_brand","embeddable":true,"href":"https:\/\/havamall.vn\/en\/wp-json\/wp\/v2\/product_brand?post=38129"},{"taxonomy":"product_cat","embeddable":true,"href":"https:\/\/havamall.vn\/en\/wp-json\/wp\/v2\/product_cat?post=38129"},{"taxonomy":"product_tag","embeddable":true,"href":"https:\/\/havamall.vn\/en\/wp-json\/wp\/v2\/product_tag?post=38129"}],"curies":[{"name":"wp","href":"https:\/\/api.w.org\/{rel}","templated":true}]}}