{"id":38119,"date":"2025-03-25T11:12:28","date_gmt":"2025-03-25T04:12:28","guid":{"rendered":"https:\/\/havamall.vn\/?post_type=product&#038;p=38119"},"modified":"2025-03-25T11:12:31","modified_gmt":"2025-03-25T04:12:31","slug":"sot-pasta-prego-ca-chua-truyen-thong-300g-prego-tradisi-traditional-tomato-sauce","status":"publish","type":"product","link":"https:\/\/havamall.vn\/en\/shop\/sot-pasta-prego-ca-chua-truyen-thong-300g-prego-tradisi-traditional-tomato-sauce\/","title":{"rendered":"S\u1ed1t Pasta Prego C\u00e0 Chua Truy\u1ec1n Th\u1ed1ng 300g \u2013 Prego Tradisi (Traditional) Tomato Sauce"},"content":{"rendered":"<h1 class=\"\" data-start=\"126\" data-end=\"149\"><strong data-start=\"128\" data-end=\"147\">TH\u00d4NG TIN CHUNG<\/strong><\/h1>\n<table>\n<tbody>\n<tr>\n<td>Th\u01b0\u01a1ng hi\u1ec7u<\/td>\n<td>Prego (M\u1ef9)<\/td>\n<\/tr>\n<tr>\n<td>Xu\u1ea5t x\u1ee9<\/td>\n<td>Malaysia<\/td>\n<\/tr>\n<tr>\n<td>Th\u00e0nh ph\u1ea7n<\/td>\n<td>\n<p class=\"\" data-start=\"199\" data-end=\"307\"><span data-spm-anchor-id=\"a2o4n.pdp_revamp.product_detail.i1.1b322c041JUh9j\">C\u00e0 chua xay nhuy\u1ec5n, c\u00e0 chua c\u1eaft h\u1ea1t l\u1ef1u, \u0111\u01b0\u1eddng, d\u1ea7u h\u1ea1t c\u1ea3i, mu\u1ed1i, gia v\u1ecb, t\u1ecfi kh\u1eed n\u01b0\u1edbc, h\u00e0nh t\u00e2y kh\u1eed n\u01b0\u1edbc, ch\u1ee9a ch\u1ea5t \u0111i\u1ec1u ch\u1ec9nh \u0111\u1ed9 axit nh\u01b0 ch\u1ea5t \u0111i\u1ec1u h\u00f2a th\u1ef1c ph\u1ea9m \u0111\u01b0\u1ee3c ph\u00e9p.<\/span><\/p>\n<\/td>\n<\/tr>\n<tr>\n<td>H\u1ea1n s\u1eed d\u1ee5ng<\/td>\n<td>Xem tr\u00ean Bao b\u00ec<\/td>\n<\/tr>\n<tr>\n<td>B\u1ea3o qu\u1ea3n<\/td>\n<td>B\u1ea3o qu\u1ea3n n\u01a1i kh\u00f4 r\u00e1o, tho\u00e1ng m\u00e1t. Sau khi m\u1edf n\u1eafp, b\u1ea3o qu\u1ea3n trong ng\u0103n m\u00e1t t\u1ee7 l\u1ea1nh v\u00e0 s\u1eed d\u1ee5ng trong v\u00f2ng 3 \u2013 5 ng\u00e0y.<\/td>\n<\/tr>\n<tr>\n<td>\u00a0Kh\u1ed1i l\u01b0\u1ee3ng<\/td>\n<td>300g<\/td>\n<\/tr>\n<\/tbody>\n<\/table>\n<h2 class=\"\" data-start=\"510\" data-end=\"551\"><strong data-start=\"513\" data-end=\"549\">M\u00cc \u00dd \u2013 BI\u1ec2U T\u01af\u1ee2NG \u1ea8M TH\u1ef0C N\u01af\u1edaC \u00dd<\/strong><\/h2>\n<p class=\"\" data-start=\"552\" data-end=\"875\">M\u00ec \u00dd (pasta) l\u00e0 m\u1ed9t trong nh\u1eefng m\u00f3n \u0103n n\u1ed5i ti\u1ebfng nh\u1ea5t th\u1ebf gi\u1edbi, g\u1eafn li\u1ec1n v\u1edbi n\u1ec1n \u1ea9m th\u1ef1c tinh hoa c\u1ee7a n\u01b0\u1edbc \u00dd. V\u1edbi h\u00e0ng tr\u0103m lo\u1ea1i m\u00ec kh\u00e1c nhau, t\u1eeb spaghetti, fettuccine \u0111\u1ebfn penne, m\u00f3n \u0103n n\u00e0y c\u00f3 th\u1ec3 k\u1ebft h\u1ee3p v\u1edbi nhi\u1ec1u lo\u1ea1i s\u1ed1t kh\u00e1c nhau \u0111\u1ec3 t\u1ea1o n\u00ean h\u01b0\u01a1ng v\u1ecb \u0111\u1eb7c tr\u01b0ng, t\u1eeb s\u1ed1t kem b\u00e9o ng\u1eady \u0111\u1ebfn s\u1ed1t c\u00e0 chua chua ng\u1ecdt thanh m\u00e1t.<\/p>\n<p class=\"\" data-start=\"877\" data-end=\"1226\">M\u00ec \u00dd kh\u00f4ng ch\u1ec9 ngon m\u00e0 c\u00f2n r\u1ea5t b\u1ed5 d\u01b0\u1ee1ng, cung c\u1ea5p n\u0103ng l\u01b0\u1ee3ng t\u1eeb tinh b\u1ed9t, ch\u1ea5t \u0111\u1ea1m t\u1eeb th\u1ecbt v\u00e0 protein th\u1ef1c v\u1eadt t\u1eeb c\u00e1c lo\u1ea1i rau c\u1ee7, th\u1ea3o m\u1ed9c. M\u1ed9t trong nh\u1eefng c\u00f4ng th\u1ee9c kinh \u0111i\u1ec3n nh\u1ea5t l\u00e0\u00a0<strong data-start=\"1062\" data-end=\"1100\">Spaghetti s\u1ed1t c\u00e0 chua truy\u1ec1n th\u1ed1ng<\/strong>\u00a0\u2013 m\u00f3n \u0103n \u0111\u01a1n gi\u1ea3n nh\u01b0ng \u0111\u1ea7y h\u1ea5p d\u1eabn, v\u1edbi s\u1ee3i m\u00ec dai m\u1ec1m h\u00f2a quy\u1ec7n c\u00f9ng s\u1ed1t c\u00e0 chua \u0111\u1eadm \u0111\u00e0, th\u01a1m m\u00f9i t\u1ecfi v\u00e0 gia v\u1ecb t\u1ef1 nhi\u00ean.<\/p>\n<p data-start=\"877\" data-end=\"1226\"><img fetchpriority=\"high\" decoding=\"async\" class=\"aligncenter\" src=\"https:\/\/havamall.com\/wp-content\/uploads\/2025\/03\/ClassicContadinaSpagSauce_001820copy.jpg\" width=\"1092\" height=\"701\" \/><\/p>\n<p class=\"\" data-start=\"1228\" data-end=\"1476\">D\u00f9 l\u00e0 b\u1eefa \u0103n th\u01b0\u1eddng ng\u00e0y hay nh\u1eefng b\u1eefa ti\u1ec7c gia \u0111\u00ecnh, m\u00ec \u00dd lu\u00f4n l\u00e0 l\u1ef1a ch\u1ecdn ho\u00e0n h\u1ea3o nh\u1edd s\u1ef1 ti\u1ec7n l\u1ee3i, d\u1ec5 ch\u1ebf bi\u1ebfn v\u00e0 h\u01b0\u01a1ng v\u1ecb tuy\u1ec7t v\u1eddi. V\u00e0 \u0111\u1ec3 c\u00f3 m\u00f3n m\u00ec \u00dd ngon chu\u1ea9n v\u1ecb, kh\u00f4ng th\u1ec3 thi\u1ebfu m\u1ed9t lo\u1ea1i s\u1ed1t ch\u1ea5t l\u01b0\u1ee3ng nh\u01b0\u00a0<strong data-start=\"1442\" data-end=\"1473\">Prego Tradisi (Traditional)<\/strong>!<\/p>\n<h2 class=\"\" data-start=\"1483\" data-end=\"1529\"><strong data-start=\"1486\" data-end=\"1527\">PREGO \u2013 TH\u01af\u01a0NG HI\u1ec6U S\u1ed0T M\u00cc \u00dd H\u00c0NG \u0110\u1ea6U<\/strong><\/h2>\n<p class=\"\" data-start=\"1530\" data-end=\"1827\">Prego l\u00e0 th\u01b0\u01a1ng hi\u1ec7u s\u1ed1t pasta n\u1ed5i ti\u1ebfng \u0111\u1ebfn t\u1eeb M\u1ef9, \u0111\u01b0\u1ee3c y\u00eau th\u00edch b\u1edfi h\u01b0\u01a1ng v\u1ecb \u0111\u1eadm \u0111\u00e0, nguy\u00ean li\u1ec7u t\u1ef1 nhi\u00ean v\u00e0 ch\u1ea5t l\u01b0\u1ee3ng \u0111\u1ea1t chu\u1ea9n qu\u1ed1c t\u1ebf. V\u1edbi h\u01a1n 40 n\u0103m kinh nghi\u1ec7m, Prego lu\u00f4n cam k\u1ebft mang \u0111\u1ebfn nh\u1eefng s\u1ea3n ph\u1ea9m th\u01a1m ngon, gi\u00fap ng\u01b0\u1eddi d\u00f9ng d\u1ec5 d\u00e0ng ch\u1ebf bi\u1ebfn c\u00e1c m\u00f3n pasta chu\u1ea9n v\u1ecb \u00dd ngay t\u1ea1i nh\u00e0.<\/p>\n<p class=\"\" data-start=\"1829\" data-end=\"2113\">S\u1ed1t Prego kh\u00f4ng ch\u1ec9 l\u00e0 s\u1ef1 k\u1ebft h\u1ee3p ho\u00e0n h\u1ea3o gi\u1eefa c\u00e0 chua t\u01b0\u01a1i v\u00e0 gia v\u1ecb t\u1ef1 nhi\u00ean m\u00e0 c\u00f2n \u0111\u01b0\u1ee3c ch\u1ebf bi\u1ebfn theo c\u00f4ng th\u1ee9c \u0111\u1eb7c bi\u1ec7t, gi\u00fap gi\u1eef tr\u1ecdn v\u1ecb ng\u1ecdt thanh t\u1ef1 nhi\u00ean c\u1ee7a c\u00e0 chua. Prego lu\u00f4n ch\u00fa tr\u1ecdng \u0111\u1ebfn s\u1ee9c kh\u1ecfe ng\u01b0\u1eddi ti\u00eau d\u00f9ng, kh\u00f4ng ch\u1ee9a ch\u1ea5t b\u1ea3o qu\u1ea3n nh\u00e2n t\u1ea1o hay ph\u1ea9m m\u00e0u \u0111\u1ed9c h\u1ea1i.<\/p>\n<p class=\"\" data-start=\"2115\" data-end=\"2326\">D\u00f9 b\u1ea1n l\u00e0 ng\u01b0\u1eddi y\u00eau th\u00edch h\u01b0\u01a1ng v\u1ecb truy\u1ec1n th\u1ed1ng hay mu\u1ed1n th\u1eed nghi\u1ec7m c\u00e1c c\u00f4ng th\u1ee9c m\u1edbi, Prego \u0111\u1ec1u mang \u0111\u1ebfn tr\u1ea3i nghi\u1ec7m \u1ea9m th\u1ef1c tuy\u1ec7t v\u1eddi, gi\u00fap b\u1ea1n ch\u1ebf bi\u1ebfn nh\u1eefng m\u00f3n \u0103n h\u1ea5p d\u1eabn m\u00e0 kh\u00f4ng m\u1ea5t qu\u00e1 nhi\u1ec1u th\u1eddi gian.<\/p>\n<p data-start=\"2115\" data-end=\"2326\"><img decoding=\"async\" class=\"aligncenter\" src=\"https:\/\/scontent.fhan3-2.fna.fbcdn.net\/v\/t1.6435-9\/71522158_1879827552162925_2792293590728966144_n.jpg?_nc_cat=107&amp;ccb=1-7&amp;_nc_sid=cc71e4&amp;_nc_ohc=4R9nHIopBCoQ7kNvgHnAanU&amp;_nc_oc=AdlDEWtNQ3FN9FDSutp5TIQ_K1uCSUQjuIZ37xV4EYAMsyz4jABFkosLLSxdzKL9-4I&amp;_nc_zt=23&amp;_nc_ht=scontent.fhan3-2.fna&amp;_nc_gid=RpjqcAo1SC8-fJ0K8rYyEw&amp;oh=00_AYGskHvQMkLG0I2fav7Dp4TjMyIEueMcBxalDHYeGbZRZA&amp;oe=680976E4\" alt=\"Kh\u00f4ng c\u00f3 m\u00f4 t\u1ea3 \u1ea3nh.\" width=\"1109\" height=\"742\" \/><\/p>\n<h2 class=\"\" data-start=\"2333\" data-end=\"2390\"><strong data-start=\"2336\" data-end=\"2388\">S\u1ed0T M\u00cc \u00dd C\u00c0 CHUA TRUY\u1ec0N TH\u1ed0NG PREGO TRADISI 300G<\/strong><\/h2>\n<h3 class=\"\" data-start=\"2392\" data-end=\"2436\"><strong data-start=\"2396\" data-end=\"2434\">H\u01b0\u01a1ng v\u1ecb th\u01a1m ngon, \u0111\u1eadm \u0111\u00e0 chu\u1ea9n \u00dd<\/strong><\/h3>\n<p class=\"\" data-start=\"2437\" data-end=\"2739\">S\u1ed1t Prego Tradisi (Traditional) l\u00e0 s\u1ef1 l\u1ef1a ch\u1ecdn ho\u00e0n h\u1ea3o cho nh\u1eefng ai y\u00eau th\u00edch h\u01b0\u01a1ng v\u1ecb s\u1ed1t c\u00e0 chua truy\u1ec1n th\u1ed1ng. \u0110\u01b0\u1ee3c l\u00e0m t\u1eeb c\u00e0 chua ch\u00edn m\u1ecdng k\u1ebft h\u1ee3p v\u1edbi c\u00e1c lo\u1ea1i gia v\u1ecb t\u1ef1 nhi\u00ean nh\u01b0 h\u00e0nh t\u00e2y, t\u1ecfi v\u00e0 th\u1ea3o m\u1ed9c, s\u1ea3n ph\u1ea9m mang \u0111\u1ebfn v\u1ecb ng\u1ecdt t\u1ef1 nhi\u00ean, c\u00e2n b\u1eb1ng gi\u1eefa chua nh\u1eb9 v\u00e0 h\u1eadu v\u1ecb b\u00e9o th\u01a1m \u0111\u1eb7c tr\u01b0ng.<\/p>\n<ul data-start=\"2741\" data-end=\"2975\">\n<li class=\"\" data-start=\"2741\" data-end=\"2827\">\n<p class=\"\" data-start=\"2743\" data-end=\"2827\">V\u1ecb c\u00e0 chua t\u01b0\u01a1i \u0111\u1eadm \u0111\u00e0, c\u00f3 \u0111\u1ed9 s\u1ec7t v\u1eeba ph\u1ea3i, gi\u00fap n\u01b0\u1edbc s\u1ed1t b\u00e1m \u0111\u1ec1u l\u00ean t\u1eebng s\u1ee3i m\u00ec.<\/p>\n<\/li>\n<li class=\"\" data-start=\"2828\" data-end=\"2906\">\n<p class=\"\" data-start=\"2830\" data-end=\"2906\">H\u01b0\u01a1ng th\u01a1m \u0111\u1eb7c tr\u01b0ng t\u1eeb c\u00e1c lo\u1ea1i th\u1ea3o m\u1ed9c \u00dd, t\u1ea1o n\u00ean s\u1ef1 h\u1ea5p d\u1eabn kh\u00f3 c\u01b0\u1ee1ng.<\/p>\n<\/li>\n<li class=\"\" data-start=\"2907\" data-end=\"2975\">\n<p class=\"\" data-start=\"2909\" data-end=\"2975\">Kh\u00f4ng ch\u1ee9a ch\u1ea5t b\u1ea3o qu\u1ea3n nh\u00e2n t\u1ea1o, \u0111\u1ea3m b\u1ea3o an to\u00e0n cho s\u1ee9c kh\u1ecfe.<\/p>\n<\/li>\n<\/ul>\n<h3 class=\"\" data-start=\"2977\" data-end=\"3027\"><strong data-start=\"2981\" data-end=\"3025\">Nguy\u00ean li\u1ec7u cao c\u1ea5p \u2013 \u0110\u1ea3m b\u1ea3o ch\u1ea5t l\u01b0\u1ee3ng<\/strong><\/h3>\n<ul data-start=\"3028\" data-end=\"3227\">\n<li class=\"\" data-start=\"3028\" data-end=\"3100\">\n<p class=\"\" data-start=\"3030\" data-end=\"3100\">C\u00e0 chua ch\u00edn \u0111\u1ecf t\u1ef1 nhi\u00ean, mang \u0111\u1ebfn m\u00e0u s\u1eafc b\u1eaft m\u1eaft v\u00e0 v\u1ecb ng\u1ecdt thanh.<\/p>\n<\/li>\n<li class=\"\" data-start=\"3101\" data-end=\"3170\">\n<p class=\"\" data-start=\"3103\" data-end=\"3170\">Gia v\u1ecb t\u1ecfi, h\u00e0nh t\u00e2y, d\u1ea7u th\u1ef1c v\u1eadt gi\u00fap n\u01b0\u1edbc s\u1ed1t d\u1eady m\u00f9i h\u1ea5p d\u1eabn.<\/p>\n<\/li>\n<li class=\"\" data-start=\"3171\" data-end=\"3227\">\n<p class=\"\" data-start=\"3173\" data-end=\"3227\">Kh\u00f4ng ch\u1ee9a ph\u1ea9m m\u00e0u nh\u00e2n t\u1ea1o hay h\u01b0\u01a1ng li\u1ec7u h\u00f3a h\u1ecdc.<\/p>\n<\/li>\n<\/ul>\n<p><img decoding=\"async\" class=\"aligncenter\" src=\"https:\/\/havamall.com\/wp-content\/uploads\/2025\/03\/rich-and-thick-classic-spaghetti-bolognesewid1300amphei1300ampfmtpng-alpha.jpg\" width=\"1108\" height=\"1252\" \/><\/p>\n<h3 class=\"\" data-start=\"3229\" data-end=\"3278\"><strong data-start=\"3233\" data-end=\"3276\">D\u1ec5 d\u00e0ng ch\u1ebf bi\u1ebfn \u2013 Ph\u00f9 h\u1ee3p nhi\u1ec1u m\u00f3n \u0103n<\/strong><\/h3>\n<p class=\"\" data-start=\"3279\" data-end=\"3378\">S\u1ed1t Prego Tradisi kh\u00f4ng ch\u1ec9 d\u00f9ng \u0111\u1ec3 tr\u1ed9n v\u1edbi m\u00ec \u00dd m\u00e0 c\u00f2n c\u00f3 th\u1ec3 bi\u1ebfn t\u1ea5u th\u00e0nh nhi\u1ec1u m\u00f3n \u0103n kh\u00e1c:<\/p>\n<ul data-start=\"3379\" data-end=\"3798\">\n<li class=\"\" data-start=\"3379\" data-end=\"3488\">\n<p class=\"\" data-start=\"3381\" data-end=\"3488\">\u00a0<strong data-start=\"337\" data-end=\"386\">M\u00ec Spaghetti s\u1ed1t b\u00f2 b\u1eb1m (Spaghetti Bolognese)<\/strong><br data-start=\"386\" data-end=\"389\" \/>M\u00f3n \u0103n kinh \u0111i\u1ec3n c\u1ee7a \u1ea9m th\u1ef1c \u00dd, k\u1ebft h\u1ee3p gi\u1eefa th\u1ecbt b\u00f2 b\u0103m nhuy\u1ec5n, s\u1ed1t Prego Tradisi \u0111\u1eadm \u0111\u00e0 c\u00f9ng m\u00ec spaghetti dai ngon. Ch\u1ec9 c\u1ea7n x\u00e0o th\u1ecbt b\u00f2 v\u1edbi h\u00e0nh t\u00e2y, t\u1ecfi, th\u00eam s\u1ed1t c\u00e0 chua Prego v\u00e0 \u0111un nh\u1ecf l\u1eeda, b\u1ea1n \u0111\u00e3 c\u00f3 ngay ph\u1ea7n s\u1ed1t ho\u00e0n h\u1ea3o \u0111\u1ec3 tr\u1ed9n c\u00f9ng m\u00ec. M\u1ed9t \u00edt ph\u00f4 mai Parmesan b\u00e0o s\u1ee3i s\u1ebd l\u00e0m m\u00f3n \u0103n th\u00eam h\u1ea5p d\u1eabn!<\/p>\n<\/li>\n<\/ul>\n<p><img loading=\"lazy\" decoding=\"async\" class=\"aligncenter\" src=\"https:\/\/myfoodbook.com.au\/sites\/default\/files\/styles\/schema_img\/public\/recipe_photo\/Mush20162732_0.jpg\" alt=\"Mushroom Spaghetti Bolognese\" width=\"1099\" height=\"825\" \/><\/p>\n<ul data-start=\"3379\" data-end=\"3798\">\n<li class=\"\" data-start=\"3489\" data-end=\"3592\">\n<p class=\"\" data-start=\"3491\" data-end=\"3592\"><strong data-start=\"701\" data-end=\"722\">Pizza s\u1ed1t c\u00e0 chua<\/strong><br data-start=\"722\" data-end=\"725\" \/>S\u1ed1t Prego Tradisi c\u00f3 th\u1ec3 \u0111\u01b0\u1ee3c d\u00f9ng l\u00e0m n\u1ec1n cho \u0111\u1ebf b\u00e1nh pizza, gi\u00fap l\u1edbp topping th\u00eam ph\u1ea7n th\u01a1m ngon. Ch\u1ec9 c\u1ea7n ph\u1ebft m\u1ed9t l\u1edbp s\u1ed1t l\u00ean \u0111\u1ebf b\u00e1nh, th\u00eam ph\u00f4 mai, th\u1ecbt ngu\u1ed9i, rau c\u1ee7 ho\u1eb7c h\u1ea3i s\u1ea3n r\u1ed3i n\u01b0\u1edbng gi\u00f2n, b\u1ea1n s\u1ebd c\u00f3 ngay chi\u1ebfc pizza homemade chu\u1ea9n v\u1ecb \u00dd.<\/p>\n<\/li>\n<\/ul>\n<p><img loading=\"lazy\" decoding=\"async\" class=\"aligncenter\" src=\"https:\/\/havamall.com\/wp-content\/uploads\/2025\/03\/Pomi_pizza-4-scaled.jpg\" width=\"1097\" height=\"747\" \/><\/p>\n<ul data-start=\"3379\" data-end=\"3798\">\n<li class=\"\" data-start=\"3593\" data-end=\"3683\">\n<p class=\"\" data-start=\"3595\" data-end=\"3683\"><strong data-start=\"979\" data-end=\"997\">G\u00e0 s\u1ed1t c\u00e0 chua<\/strong><br data-start=\"997\" data-end=\"1000\" \/>\u1ee8c g\u00e0 \u00e1p ch\u1ea3o k\u1ebft h\u1ee3p c\u00f9ng s\u1ed1t c\u00e0 chua Prego t\u1ea1o n\u00ean m\u00f3n \u0103n th\u01a1m ngon, \u0111\u1ea7y \u0111\u1ee7 dinh d\u01b0\u1ee1ng. B\u1ea1n c\u00f3 th\u1ec3 th\u00eam \u1edbt chu\u00f4ng, h\u00e0nh t\u00e2y ho\u1eb7c n\u1ea5m \u0111\u1ec3 t\u0103ng h\u01b0\u01a1ng v\u1ecb. M\u00f3n n\u00e0y \u0103n k\u00e8m v\u1edbi c\u01a1m n\u00f3ng ho\u1eb7c b\u00e1nh m\u00ec \u0111\u1ec1u r\u1ea5t tuy\u1ec7t v\u1eddi!<\/p>\n<\/li>\n<\/ul>\n<p><img loading=\"lazy\" decoding=\"async\" class=\"aligncenter\" src=\"https:\/\/havamall.com\/wp-content\/uploads\/2025\/03\/SES-chicken-in-tomato-chile-sauce-2342675-80bfe9cfdc9b4d17bf60970eeddcbae5.jpg\" alt=\"Pollo Rojo (Chicken in Tomato and Chile Sauce)\" width=\"1097\" height=\"812\" \/><\/p>\n<ul data-start=\"3379\" data-end=\"3798\">\n<li class=\"\" data-start=\"3684\" data-end=\"3798\">\n<p class=\"\" data-start=\"3686\" data-end=\"3798\">\u00a0<strong data-start=\"1219\" data-end=\"1249\">L\u00e0m n\u01b0\u1edbc ch\u1ea5m ho\u1eb7c n\u1ea5u s\u00fap<\/strong><br data-start=\"1249\" data-end=\"1252\" \/>Kh\u00f4ng ch\u1ec9 l\u00e0 s\u1ed1t tr\u1ed9n m\u00ec, Prego Tradisi c\u00f2n c\u00f3 th\u1ec3 d\u00f9ng l\u00e0m n\u01b0\u1edbc ch\u1ea5m cho b\u00e1nh m\u00ec n\u01b0\u1edbng gi\u00f2n, gi\u00fap t\u0103ng th\u00eam v\u1ecb \u0111\u1eadm \u0111\u00e0. Ngo\u00e0i ra, b\u1ea1n c\u00f3 th\u1ec3 t\u1eadn d\u1ee5ng s\u1ed1t n\u00e0y \u0111\u1ec3 n\u1ea5u s\u00fap c\u00e0 chua \u2013 ch\u1ec9 c\u1ea7n th\u00eam m\u1ed9t ch\u00fat kem t\u01b0\u01a1i v\u00e0 rau th\u01a1m, b\u1ea1n \u0111\u00e3 c\u00f3 ngay m\u1ed9t m\u00f3n s\u00fap ngon mi\u1ec7ng, ph\u00f9 h\u1ee3p cho c\u1ea3 ng\u01b0\u1eddi l\u1edbn v\u00e0 tr\u1ebb nh\u1ecf.<\/p>\n<\/li>\n<\/ul>\n<p><img loading=\"lazy\" decoding=\"async\" class=\"aligncenter\" src=\"https:\/\/havamall.com\/wp-content\/uploads\/2025\/03\/roasted-tomato-soup-1-1.jpg\" alt=\"Roasted Tomato Soup\" width=\"1090\" height=\"1349\" \/><\/p>\n<h3 class=\"\" data-start=\"3800\" data-end=\"3854\"><strong data-start=\"3804\" data-end=\"3852\">\u0110\u00f3ng g\u00f3i ti\u1ec7n l\u1ee3i \u2013 Ph\u00f9 h\u1ee3p cho m\u1ecdi gia \u0111\u00ecnh<\/strong><\/h3>\n<ul data-start=\"3855\" data-end=\"4057\">\n<li class=\"\" data-start=\"3855\" data-end=\"3899\">\n<p class=\"\" data-start=\"3857\" data-end=\"3899\">H\u0169 300g nh\u1ecf g\u1ecdn, d\u1ec5 b\u1ea3o qu\u1ea3n v\u00e0 s\u1eed d\u1ee5ng.<\/p>\n<\/li>\n<li class=\"\" data-start=\"3900\" data-end=\"3975\">\n<p class=\"\" data-start=\"3902\" data-end=\"3975\">Ph\u00f9 h\u1ee3p cho b\u1eefa \u0103n gia \u0111\u00ecnh, c\u00e1c b\u1eefa ti\u1ec7c nh\u1ecf ho\u1eb7c d\u00f9ng trong nh\u00e0 h\u00e0ng.<\/p>\n<\/li>\n<li class=\"\" data-start=\"3976\" data-end=\"4057\">\n<p class=\"\" data-start=\"3978\" data-end=\"4057\">Ti\u1ebft ki\u1ec7m th\u1eddi gian n\u1ea5u n\u01b0\u1edbng, gi\u00fap b\u1ea1n d\u1ec5 d\u00e0ng c\u00f3 b\u1eefa \u0103n ngon trong \u00edt ph\u00fat.<\/p>\n<\/li>\n<\/ul>\n<h3 class=\"\" data-start=\"0\" data-end=\"51\"><strong data-start=\"4\" data-end=\"49\">HAVAMALL \u2013 TH\u1ef0C PH\u1ea8M NH\u1eacP KH\u1ea8U CH\u00cdNH H\u00c3NG<\/strong><\/h3>\n<p class=\"\" data-start=\"53\" data-end=\"200\">Havamall cam k\u1ebft mang \u0111\u1ebfn th\u1ef1c ph\u1ea9m nh\u1eadp kh\u1ea9u an to\u00e0n, dinh d\u01b0\u1ee1ng, v\u1edbi ngu\u1ed3n g\u1ed1c r\u00f5 r\u00e0ng, \u0111\u1ed3ng h\u00e0nh c\u00f9ng b\u1ea1n trong vi\u1ec7c b\u1ea3o v\u1ec7 s\u1ee9c kh\u1ecfe gia \u0111\u00ecnh.<\/p>\n<ul data-start=\"202\" data-end=\"462\">\n<li class=\"\" data-start=\"202\" data-end=\"263\">\n<p class=\"\" data-start=\"204\" data-end=\"263\"><strong data-start=\"204\" data-end=\"229\">Nh\u1eadp kh\u1ea9u ch\u00ednh ng\u1ea1ch<\/strong>, \u0111\u1ea3m b\u1ea3o ch\u1ea5t l\u01b0\u1ee3ng ti\u00eau chu\u1ea9n.<\/p>\n<\/li>\n<li class=\"\" data-start=\"264\" data-end=\"322\">\n<p class=\"\" data-start=\"266\" data-end=\"322\"><strong data-start=\"266\" data-end=\"287\">Ki\u1ec3m tra k\u1ef9 l\u01b0\u1ee1ng<\/strong>\u00a0tr\u01b0\u1edbc khi \u0111\u00f3ng g\u00f3i v\u00e0 giao h\u00e0ng.<\/p>\n<\/li>\n<li class=\"\" data-start=\"323\" data-end=\"389\">\n<p class=\"\" data-start=\"325\" data-end=\"389\"><strong data-start=\"325\" data-end=\"354\">H\u1ed7 tr\u1ee3 t\u01b0 v\u1ea5n nhanh ch\u00f3ng<\/strong>, vui l\u00f2ng chat v\u1edbi shop khi c\u1ea7n.<\/p>\n<\/li>\n<li class=\"\" data-start=\"390\" data-end=\"462\">\n<p class=\"\" data-start=\"392\" data-end=\"462\"><strong data-start=\"392\" data-end=\"420\">Quay video khi nh\u1eadn h\u00e0ng<\/strong>\u00a0\u0111\u1ec3 \u0111\u01b0\u1ee3c h\u1ed7 tr\u1ee3 nhanh nh\u1ea5t n\u1ebfu c\u00f3 s\u1ef1 c\u1ed1.<\/p>\n<\/li>\n<\/ul>\n<p class=\"\" data-start=\"4059\" data-end=\"4275\">V\u1edbi\u00a0<strong data-start=\"4063\" data-end=\"4089\">S\u1ed1t Prego Tradisi 300g<\/strong>, b\u1ea1n c\u00f3 th\u1ec3 ch\u1ebf bi\u1ebfn nh\u1eefng m\u00f3n m\u00ec \u00dd ngon \u0111\u00fang \u0111i\u1ec7u ngay t\u1ea1i nh\u00e0 m\u00e0 kh\u00f4ng c\u1ea7n t\u1ed1n qu\u00e1 nhi\u1ec1u th\u1eddi gian. H\u00e3y th\u1eed ngay \u0111\u1ec3 c\u1ea3m nh\u1eadn s\u1ef1 kh\u00e1c bi\u1ec7t t\u1eeb th\u01b0\u01a1ng hi\u1ec7u s\u1ed1t pasta h\u00e0ng \u0111\u1ea7u th\u1ebf gi\u1edbi!\u00a0<strong data-start=\"4280\" data-end=\"4348\" data-is-last-node=\"\">S\u1ea3n ph\u1ea9m hi\u1ec7n \u0111\u00e3 c\u00f3 m\u1eb7t t\u1ea1i\u00a0<a href=\"https:\/\/havamall.vn\/\">Havamall<\/a>.<\/strong><\/p>","protected":false},"excerpt":{"rendered":"<p>TH\u00d4NG TIN CHUNG Th\u01b0\u01a1ng hi\u1ec7u Prego (M\u1ef9) Xu\u1ea5t x\u1ee9 Malaysia Th\u00e0nh ph\u1ea7n C\u00e0 chua xay nhuy\u1ec5n, c\u00e0 chua c\u1eaft h\u1ea1t<\/p>","protected":false},"featured_media":38120,"comment_status":"open","ping_status":"closed","template":"","meta":[],"product_brand":[],"product_cat":[677,595,143],"product_tag":[],"class_list":{"0":"post-38119","1":"product","2":"type-product","3":"status-publish","4":"has-post-thumbnail","6":"product_cat-cac-nuoc-khac","7":"product_cat-gia-vi-va-che-bien","8":"product_cat-thuc-pham-dong-hop","10":"first","11":"instock","12":"sale","13":"shipping-taxable","14":"purchasable","15":"product-type-simple"},"_links":{"self":[{"href":"https:\/\/havamall.vn\/en\/wp-json\/wp\/v2\/product\/38119"}],"collection":[{"href":"https:\/\/havamall.vn\/en\/wp-json\/wp\/v2\/product"}],"about":[{"href":"https:\/\/havamall.vn\/en\/wp-json\/wp\/v2\/types\/product"}],"replies":[{"embeddable":true,"href":"https:\/\/havamall.vn\/en\/wp-json\/wp\/v2\/comments?post=38119"}],"version-history":[{"count":0,"href":"https:\/\/havamall.vn\/en\/wp-json\/wp\/v2\/product\/38119\/revisions"}],"wp:featuredmedia":[{"embeddable":true,"href":"https:\/\/havamall.vn\/en\/wp-json\/wp\/v2\/media\/38120"}],"wp:attachment":[{"href":"https:\/\/havamall.vn\/en\/wp-json\/wp\/v2\/media?parent=38119"}],"wp:term":[{"taxonomy":"product_brand","embeddable":true,"href":"https:\/\/havamall.vn\/en\/wp-json\/wp\/v2\/product_brand?post=38119"},{"taxonomy":"product_cat","embeddable":true,"href":"https:\/\/havamall.vn\/en\/wp-json\/wp\/v2\/product_cat?post=38119"},{"taxonomy":"product_tag","embeddable":true,"href":"https:\/\/havamall.vn\/en\/wp-json\/wp\/v2\/product_tag?post=38119"}],"curies":[{"name":"wp","href":"https:\/\/api.w.org\/{rel}","templated":true}]}}