{"id":38116,"date":"2025-03-24T16:39:53","date_gmt":"2025-03-24T09:39:53","guid":{"rendered":"https:\/\/havamall.vn\/?post_type=product&#038;p=38116"},"modified":"2025-03-24T16:39:53","modified_gmt":"2025-03-24T09:39:53","slug":"pho-mai-tuoi-nhap-khau-an-do-star-organic-500g-fresh-paneer-star-organic","status":"publish","type":"product","link":"https:\/\/havamall.vn\/en\/shop\/pho-mai-tuoi-nhap-khau-an-do-star-organic-500g-fresh-paneer-star-organic\/","title":{"rendered":"Ph\u00f4 Mai T\u01b0\u01a1i Nh\u1eadp Kh\u1ea9u \u1ea4n \u0110\u1ed9 Star Organic 500g &#8211; Fresh Paneer Star Organic"},"content":{"rendered":"<h2><strong>TH\u00d4NG TIN CHUNG<\/strong><\/h2>\n<table style=\"width: 61.4886%\">\n<tbody>\n<tr>\n<td style=\"width: 13.7681%\">Th\u01b0\u01a1ng hi\u1ec7u<\/td>\n<td style=\"width: 85.1449%\">Star Organic<\/td>\n<\/tr>\n<tr>\n<td style=\"width: 13.7681%\">Xu\u1ea5t x\u1ee9<\/td>\n<td style=\"width: 85.1449%\">\u1ea4n \u0110\u1ed9<\/td>\n<\/tr>\n<tr>\n<td style=\"width: 13.7681%\">Th\u00e0nh ph\u1ea7n<\/td>\n<td style=\"width: 85.1449%\">Xem tr\u00ean bao b\u00ec<\/td>\n<\/tr>\n<tr>\n<td style=\"width: 13.7681%\">H\u1ea1n s\u1eed d\u1ee5ng<\/td>\n<td style=\"width: 85.1449%\">Xem tr\u00ean Bao b\u00ec<\/td>\n<\/tr>\n<tr>\n<td style=\"width: 13.7681%\">B\u1ea3o qu\u1ea3n<\/td>\n<td style=\"width: 85.1449%\">\n<ul>\n<li class=\"\" data-start=\"160\" data-end=\"205\">\n<p class=\"\" data-start=\"162\" data-end=\"205\"><strong data-start=\"162\" data-end=\"175\">Ng\u0103n m\u00e1t:<\/strong> B\u1ea3o qu\u1ea3n t\u1ed1i \u0111a <strong data-start=\"192\" data-end=\"203\" data-is-only-node=\"\">1 th\u00e1ng<\/strong><\/p>\n<\/li>\n<li class=\"\" data-start=\"206\" data-end=\"275\">\n<p class=\"\" data-start=\"208\" data-end=\"275\"><strong data-start=\"208\" data-end=\"222\">Ng\u0103n \u0111\u00f4ng:<\/strong> B\u1ea3o qu\u1ea3n t\u1ed1i \u0111a <strong data-start=\"239\" data-end=\"248\" data-is-only-node=\"\">1 n\u0103m<\/strong><\/p>\n<\/li>\n<\/ul>\n<\/td>\n<\/tr>\n<tr>\n<td style=\"width: 13.7681%\">\u00a0Kh\u1ed1i l\u01b0\u1ee3ng<\/td>\n<td style=\"width: 85.1449%\">500g<\/td>\n<\/tr>\n<\/tbody>\n<\/table>\n<p>Paneer, hay c\u00f2n g\u1ecdi l\u00e0 ph\u00f4 mai t\u01b0\u01a1i \u1ea4n \u0110\u1ed9, l\u00e0 m\u1ed9t lo\u1ea1i ph\u00f4 mai kh\u00f4ng l\u00ean men, \u0111\u01b0\u1ee3c l\u00e0m t\u1eeb s\u1eefa b\u00f2 ho\u1eb7c s\u1eefa tr\u00e2u b\u1eb1ng c\u00e1ch t\u00e1ch \u0111\u1ea1m s\u1eefa v\u1edbi axit t\u1ef1 nhi\u00ean nh\u01b0 n\u01b0\u1edbc c\u1ed1t chanh ho\u1eb7c gi\u1ea5m. Kh\u00f4ng gi\u1ed1ng nh\u01b0 nhi\u1ec1u lo\u1ea1i ph\u00f4 mai ph\u01b0\u01a1ng T\u00e2y, Paneer kh\u00f4ng c\u1ea7n qu\u00e1 tr\u00ecnh \u1ee7 m\u00e0 c\u00f3 k\u1ebft c\u1ea5u m\u1ec1m m\u1ea1i, d\u1ec5 c\u1eaft l\u00e1t nh\u01b0ng v\u1eabn gi\u1eef \u0111\u01b0\u1ee3c \u0111\u1ed9 \u0111\u00e0n h\u1ed3i nh\u1ea5t \u0111\u1ecbnh. \u0110\u1eb7c bi\u1ec7t, lo\u1ea1i ph\u00f4 mai n\u00e0y kh\u00f4ng tan ch\u1ea3y khi n\u1ea5u, gi\u00fap n\u00f3 tr\u1edf th\u00e0nh nguy\u00ean li\u1ec7u kh\u00f4ng th\u1ec3 thi\u1ebfu trong nhi\u1ec1u m\u00f3n \u0103n chay truy\u1ec1n th\u1ed1ng c\u1ee7a \u1ea4n \u0110\u1ed9. Nh\u1edd kh\u1ea3 n\u0103ng h\u1ea5p th\u1ee5 gia v\u1ecb t\u1ed1t c\u00f9ng h\u01b0\u01a1ng v\u1ecb nh\u1eb9 nh\u00e0ng, Paneer t\u1ea1o n\u00ean n\u00e9t \u0111\u1eb7c tr\u01b0ng cho nhi\u1ec1u m\u00f3n \u0103n Nam \u00c1.<\/p>\n<p><img fetchpriority=\"high\" decoding=\"async\" class=\"aligncenter\" src=\"https:\/\/havamall.com\/wp-content\/uploads\/2025\/03\/738c0e9b2414e5e77cd7a5e7ca4a9c85f1dcc654.jpg\" width=\"1024\" height=\"1325\" \/><\/p>\n<p>Ngu\u1ed3n g\u1ed1c c\u1ee7a Paneer \u0111\u01b0\u1ee3c cho l\u00e0 b\u1eaft ngu\u1ed3n t\u1eeb v\u00f9ng B\u1eafc \u1ea4n \u0110\u1ed9, n\u01a1i s\u1eefa b\u00f2 v\u00e0 tr\u00e2u l\u00e0 th\u1ef1c ph\u1ea9m ch\u1ee7 \u0111\u1ea1o trong b\u1eefa \u0103n h\u1eb1ng ng\u00e0y. Theo nhi\u1ec1u t\u00e0i li\u1ec7u l\u1ecbch s\u1eed, Paneer c\u00f3 th\u1ec3 \u0111\u00e3 xu\u1ea5t hi\u1ec7n t\u1eeb th\u1eddi k\u1ef3 Mughal (th\u1ebf k\u1ef7 16 &#8211; 18), khi c\u00e1c \u0111\u1ea7u b\u1ebfp ho\u00e0ng gia s\u00e1ng t\u1ea1o ra m\u00f3n \u0103n n\u00e0y \u0111\u1ec3 ph\u1ee5c v\u1ee5 gi\u1edbi qu\u00fd t\u1ed9c. Ng\u00e0y nay, Paneer kh\u00f4ng ch\u1ec9 ph\u1ed5 bi\u1ebfn trong \u1ea9m th\u1ef1c \u1ea4n \u0110\u1ed9 m\u00e0 c\u00f2n \u0111\u01b0\u1ee3c \u01b0a chu\u1ed9ng tr\u00ean to\u00e0n th\u1ebf gi\u1edbi nh\u1edd h\u01b0\u01a1ng v\u1ecb th\u01a1m ngon v\u00e0 gi\u00e1 tr\u1ecb dinh d\u01b0\u1ee1ng cao.<\/p>\n<p><strong>Quy tr\u00ecnh l\u00e0m Paneer \u2013 B\u00ed quy\u1ebft t\u1ea1o n\u00ean s\u1ef1 t\u01b0\u01a1i ngon<\/strong><\/p>\n<p>Paneer \u0111\u01b0\u1ee3c l\u00e0m theo m\u1ed9t quy tr\u00ecnh \u0111\u01a1n gi\u1ea3n nh\u01b0ng \u0111\u00f2i h\u1ecfi s\u1ef1 kh\u00e9o l\u00e9o \u0111\u1ec3 \u0111\u1ea1t \u0111\u01b0\u1ee3c k\u1ebft c\u1ea5u m\u1ec1m m\u1ecbn v\u00e0 h\u01b0\u01a1ng v\u1ecb t\u01b0\u01a1i ngon. Tr\u01b0\u1edbc ti\u00ean, s\u1eefa b\u00f2 ho\u1eb7c s\u1eefa tr\u00e2u t\u01b0\u01a1i \u0111\u01b0\u1ee3c \u0111un n\u00f3ng t\u1eeb t\u1eeb \u0111\u1ebfn g\u1ea7n \u0111i\u1ec3m s\u00f4i, gi\u00fap b\u1ea3o to\u00e0n \u0111\u1ed9 b\u00e9o t\u1ef1 nhi\u00ean. Khi s\u1eefa \u0111\u1ea1t nhi\u1ec7t \u0111\u1ed9 l\u00fd t\u01b0\u1edfng, ng\u01b0\u1eddi ta th\u00eam v\u00e0o m\u1ed9t ch\u1ea5t t\u1ea1o \u0111\u00f4ng nh\u01b0 n\u01b0\u1edbc c\u1ed1t chanh, gi\u1ea5m ho\u1eb7c s\u1eefa chua \u0111\u1ec3 t\u00e1ch \u0111\u1ea1m s\u1eefa kh\u1ecfi ph\u1ea7n n\u01b0\u1edbc. H\u1ed7n h\u1ee3p n\u00e0y \u0111\u01b0\u1ee3c khu\u1ea5y nh\u1eb9 \u0111\u1ec3 \u0111\u1ea3m b\u1ea3o s\u1ef1 \u0111\u00f4ng t\u1ee5 \u0111\u1ed3ng \u0111\u1ec1u, t\u1ea1o ra nh\u1eefng m\u1ea3ng s\u1eefa \u0111\u00f4ng tr\u1eafng m\u1ecbn.<\/p>\n<p>Sau \u0111\u00f3, ph\u1ea7n s\u1eefa \u0111\u00f4ng \u0111\u01b0\u1ee3c l\u1ecdc qua m\u1ed9t l\u1edbp v\u1ea3i th\u01b0a, lo\u1ea1i b\u1ecf ph\u1ea7n n\u01b0\u1edbc th\u1eeba v\u00e0 gi\u1eef l\u1ea1i ph\u1ea7n ph\u00f4 mai m\u1ec1m m\u1ecbn. Ti\u1ebfp theo, kh\u1ed1i s\u1eefa \u0111\u00f4ng n\u00e0y \u0111\u01b0\u1ee3c \u00e9p nh\u1eb9 \u0111\u1ec3 \u0111\u1ecbnh h\u00ecnh v\u00e0 l\u00e0m r\u00e1o ho\u00e0n to\u00e0n n\u01b0\u1edbc, t\u1ea1o ra k\u1ebft c\u1ea5u d\u1ebbo dai nh\u01b0ng v\u1eabn \u0111\u1ee7 m\u1ec1m \u0111\u1ec3 d\u1ec5 d\u00e0ng c\u1eaft l\u00e1t. Khi ho\u00e0n th\u00e0nh, Paneer c\u00f3 th\u1ec3 \u0111\u01b0\u1ee3c s\u1eed d\u1ee5ng ngay trong c\u00e1c m\u00f3n \u0103n ho\u1eb7c l\u00e0m l\u1ea1nh \u0111\u1ec3 gi\u1eef \u0111\u1ed9 t\u01b0\u01a1i ngon l\u00e2u h\u01a1n.<\/p>\n<p><img decoding=\"async\" class=\"aligncenter\" src=\"https:\/\/havamall.com\/wp-content\/uploads\/2025\/03\/Untitled-design-12-1-1024x1024.jpg\" \/><\/p>\n<p><strong>Paneer trong \u1ea9m th\u1ef1c \u1ea4n \u0110\u1ed9 \u2013 Linh h\u1ed3n c\u1ee7a nh\u1eefng m\u00f3n \u0103n huy\u1ec1n tho\u1ea1i<\/strong><\/p>\n<p>V\u1edbi k\u1ebft c\u1ea5u m\u1ec1m m\u1ecbn, d\u1ebbo dai c\u00f9ng kh\u1ea3 n\u0103ng h\u1ea5p th\u1ee5 gia v\u1ecb tuy\u1ec7t v\u1eddi, Paneer \u0111\u00e3 tr\u1edf th\u00e0nh linh h\u1ed3n c\u1ee7a nhi\u1ec1u m\u00f3n \u0103n huy\u1ec1n tho\u1ea1i trong \u1ea9m th\u1ef1c \u1ea4n \u0110\u1ed9. T\u1eeb nh\u1eefng m\u00f3n h\u1ea7m \u0111\u1eadm \u0111\u00e0 \u0111\u1ebfn c\u00e1c m\u00f3n n\u01b0\u1edbng th\u01a1m l\u1eebng, Paneer lu\u00f4n gi\u1eef \u0111\u01b0\u1ee3c v\u1ecb tr\u00ed \u0111\u1eb7c bi\u1ec7t trong l\u00f2ng th\u1ef1c kh\u00e1ch.<\/p>\n<p><img decoding=\"async\" class=\"aligncenter\" src=\"https:\/\/havamall.com\/wp-content\/uploads\/2025\/03\/Top-10-Paneer-Dishes-of-All-Time.webp\" width=\"1048\" height=\"1048\" \/><\/p>\n<p>M\u1ed9t trong nh\u1eefng m\u00f3n \u0103n n\u1ed5i ti\u1ebfng nh\u1ea5t l\u00e0 <strong>Paneer Makhani<\/strong>, n\u01a1i nh\u1eefng mi\u1ebfng ph\u00f4 mai m\u1ec1m m\u1ea1i \u0111\u01b0\u1ee3c n\u1ea5u ch\u00edn trong s\u1ed1t c\u00e0 chua kem b\u00e9o ng\u1eady, h\u00f2a quy\u1ec7n c\u00f9ng b\u01a1, kem t\u01b0\u01a1i v\u00e0 gia v\u1ecb \u1ea4n \u0110\u1ed9 \u0111\u1eb7c tr\u01b0ng. H\u01b0\u01a1ng v\u1ecb ng\u1ecdt d\u1ecbu, b\u00e9o b\u00f9i c\u1ee7a m\u00f3n \u0103n n\u00e0y khi\u1ebfn b\u1ea5t k\u1ef3 ai c\u0169ng kh\u00f3 l\u00f2ng c\u01b0\u1ee1ng l\u1ea1i.<\/p>\n<p><img decoding=\"async\" class=\"aligncenter\" src=\"https:\/\/havamall.com\/wp-content\/uploads\/2025\/03\/NandiShah-2022-04-05-food-1297-scaled.jpg\" width=\"1043\" height=\"1283\" \/><\/p>\n<p>N\u1ebfu y\u00eau th\u00edch s\u1ef1 thanh m\u00e1t v\u00e0 gi\u00e0u dinh d\u01b0\u1ee1ng, <strong>Palak Paneer<\/strong> l\u00e0 l\u1ef1a ch\u1ecdn ho\u00e0n h\u1ea3o. M\u00f3n \u0103n n\u00e0y k\u1ebft h\u1ee3p gi\u1eefa Paneer v\u00e0 rau bina xay nhuy\u1ec5n, t\u1ea1o n\u00ean l\u1edbp s\u1ed1t xanh m\u01b0\u1edbt, v\u1eeba b\u00e9o v\u1eeba th\u01a1m. S\u1ef1 h\u00f2a quy\u1ec7n gi\u1eefa v\u1ecb ng\u1eady c\u1ee7a ph\u00f4 mai v\u00e0 v\u1ecb thanh nh\u1eb9 c\u1ee7a rau bina mang l\u1ea1i tr\u1ea3i nghi\u1ec7m \u1ea9m th\u1ef1c \u0111\u1ed9c \u0111\u00e1o.<\/p>\n<p><img loading=\"lazy\" decoding=\"async\" class=\"aligncenter\" src=\"https:\/\/havamall.com\/wp-content\/uploads\/2025\/03\/palak-paneer-with-pressed-ricotta-FT-RECIPE0322-4c6f0e411c6444bd81152cb2d078f2bd.jpg\" width=\"1035\" height=\"690\" \/><\/p>\n<p>Kh\u00f4ng ch\u1ec9 xu\u1ea5t hi\u1ec7n trong c\u00e1c m\u00f3n s\u1ed1t, Paneer c\u00f2n t\u1ecfa s\u00e1ng trong nh\u1eefng m\u00f3n n\u01b0\u1edbng h\u1ea5p d\u1eabn nh\u01b0 <strong>Paneer Tikka<\/strong>. Mi\u1ebfng Paneer \u0111\u01b0\u1ee3c t\u1ea9m \u01b0\u1edbp \u0111\u1eadm \u0111\u00e0 v\u1edbi s\u1eefa chua, b\u1ed9t gia v\u1ecb Tandoori, r\u1ed3i xi\u00ean que v\u00e0 n\u01b0\u1edbng tr\u00ean than h\u1ed3ng. L\u1edbp v\u1ecf ch\u00e1y x\u00e9m, h\u01b0\u01a1ng th\u01a1m quy\u1ebfn r\u0169 v\u00e0 v\u1ecb cay nh\u1eb9 \u0111\u1eb7c tr\u01b0ng l\u00e0m n\u00ean m\u00f3n \u0103n ho\u00e0n h\u1ea3o cho nh\u1eefng b\u1eefa ti\u1ec7c n\u01b0\u1edbng.<\/p>\n<p><img loading=\"lazy\" decoding=\"async\" class=\"aligncenter\" src=\"https:\/\/havamall.com\/wp-content\/uploads\/2025\/03\/Paneer-Tikka-Featured.jpg\" width=\"1044\" height=\"1038\" \/><\/p>\n<p>D\u00f9 \u0111\u01b0\u1ee3c ch\u1ebf bi\u1ebfn theo c\u00e1ch n\u00e0o, Paneer v\u1eabn lu\u00f4n gi\u1eef \u0111\u01b0\u1ee3c v\u1ecb thanh nh\u1eb9, h\u1ea5p d\u1eabn, g\u00f3p ph\u1ea7n t\u1ea1o n\u00ean n\u00e9t \u0111\u1eb7c s\u1eafc c\u1ee7a n\u1ec1n \u1ea9m th\u1ef1c \u1ea4n \u0110\u1ed9.<\/p>\n<p data-sourcepos=\"23:1-23:32\"><strong>Gi\u00e1 tr\u1ecb dinh d\u01b0\u1ee1ng tuy\u1ec7t v\u1eddi<\/strong><\/p>\n<p data-sourcepos=\"25:1-25:138\">Paneer kh\u00f4ng ch\u1ec9 ngon mi\u1ec7ng m\u00e0 c\u00f2n gi\u00e0u dinh d\u01b0\u1ee1ng. \u0110\u00e2y l\u00e0 ngu\u1ed3n cung c\u1ea5p protein, canxi v\u00e0 c\u00e1c vitamin, kho\u00e1ng ch\u1ea5t thi\u1ebft y\u1ebfu cho c\u01a1 th\u1ec3.<\/p>\n<ul data-sourcepos=\"27:1-30:0\">\n<li data-sourcepos=\"27:1-27:175\"><strong>Protein:<\/strong> Paneer l\u00e0 ngu\u1ed3n protein th\u1ef1c v\u1eadt tuy\u1ec7t v\u1eddi, \u0111\u1eb7c bi\u1ec7t quan tr\u1ecdng \u0111\u1ed1i v\u1edbi ng\u01b0\u1eddi \u0103n chay. Protein gi\u00fap x\u00e2y d\u1ef1ng v\u00e0 ph\u1ee5c h\u1ed3i c\u01a1 b\u1eafp, h\u1ed7 tr\u1ee3 qu\u00e1 tr\u00ecnh trao \u0111\u1ed5i ch\u1ea5t.<\/li>\n<li data-sourcepos=\"28:1-28:165\"><strong>Canxi:<\/strong> Canxi l\u00e0 kho\u00e1ng ch\u1ea5t c\u1ea7n thi\u1ebft cho x\u01b0\u01a1ng v\u00e0 r\u0103ng ch\u1eafc kh\u1ecfe. Paneer cung c\u1ea5p l\u01b0\u1ee3ng canxi d\u1ed3i d\u00e0o, gi\u00fap ng\u0103n ng\u1eeba lo\u00e3ng x\u01b0\u01a1ng v\u00e0 c\u00e1c v\u1ea5n \u0111\u1ec1 v\u1ec1 x\u01b0\u01a1ng kh\u1edbp.<\/li>\n<li data-sourcepos=\"29:1-30:0\"><strong>Vitamin v\u00e0 kho\u00e1ng ch\u1ea5t:<\/strong> Paneer c\u00f2n ch\u1ee9a nhi\u1ec1u vitamin v\u00e0 kho\u00e1ng ch\u1ea5t kh\u00e1c nh\u01b0 vitamin D, vitamin B12, ph\u1ed1t pho, k\u1ebdm,&#8230;<\/li>\n<\/ul>\n<p data-pm-slice=\"1 1 []\">B\u1ea1n mu\u1ed1n th\u01b0\u1edfng th\u1ee9c h\u01b0\u01a1ng v\u1ecb tuy\u1ec7t v\u1eddi c\u1ee7a Paneer t\u01b0\u01a1i? \u0110\u1eb7t ngay Paneer t\u01b0\u01a1i Star Organie t\u1ea1i <strong>Havamall.com<\/strong> \u0111\u1ec3 tr\u1ea3i nghi\u1ec7m ch\u1ea5t l\u01b0\u1ee3ng tuy\u1ec7t h\u1ea3o!<\/p>\n<p><strong>\u0110\u1eb7t h\u00e0ng ngay h\u00f4m nay t\u1ea1i <a href=\"https:\/\/havamall.com\/\" target=\"_blank\" rel=\"noopener\">Havamall<\/a> ho\u1eb7c li\u00ean h\u1ec7 \u0111\u1ec3 \u0111\u01b0\u1ee3c t\u01b0 v\u1ea5n chi ti\u1ebft!<\/strong><\/p>","protected":false},"excerpt":{"rendered":"<p>TH\u00d4NG TIN CHUNG Th\u01b0\u01a1ng hi\u1ec7u Star Organic Xu\u1ea5t x\u1ee9 \u1ea4n \u0110\u1ed9 Th\u00e0nh ph\u1ea7n Xem tr\u00ean bao b\u00ec H\u1ea1n s\u1eed d\u1ee5ng<\/p>","protected":false},"featured_media":38117,"comment_status":"open","ping_status":"closed","template":"","meta":[],"product_brand":[],"product_cat":[681,36],"product_tag":[],"class_list":{"0":"post-38116","1":"product","2":"type-product","3":"status-publish","4":"has-post-thumbnail","6":"product_cat-nhap-khau-an-do","7":"product_cat-thuc-pham-tieu-dung","9":"first","10":"instock","11":"sale","12":"shipping-taxable","13":"purchasable","14":"product-type-simple"},"_links":{"self":[{"href":"https:\/\/havamall.vn\/en\/wp-json\/wp\/v2\/product\/38116"}],"collection":[{"href":"https:\/\/havamall.vn\/en\/wp-json\/wp\/v2\/product"}],"about":[{"href":"https:\/\/havamall.vn\/en\/wp-json\/wp\/v2\/types\/product"}],"replies":[{"embeddable":true,"href":"https:\/\/havamall.vn\/en\/wp-json\/wp\/v2\/comments?post=38116"}],"version-history":[{"count":0,"href":"https:\/\/havamall.vn\/en\/wp-json\/wp\/v2\/product\/38116\/revisions"}],"wp:featuredmedia":[{"embeddable":true,"href":"https:\/\/havamall.vn\/en\/wp-json\/wp\/v2\/media\/38117"}],"wp:attachment":[{"href":"https:\/\/havamall.vn\/en\/wp-json\/wp\/v2\/media?parent=38116"}],"wp:term":[{"taxonomy":"product_brand","embeddable":true,"href":"https:\/\/havamall.vn\/en\/wp-json\/wp\/v2\/product_brand?post=38116"},{"taxonomy":"product_cat","embeddable":true,"href":"https:\/\/havamall.vn\/en\/wp-json\/wp\/v2\/product_cat?post=38116"},{"taxonomy":"product_tag","embeddable":true,"href":"https:\/\/havamall.vn\/en\/wp-json\/wp\/v2\/product_tag?post=38116"}],"curies":[{"name":"wp","href":"https:\/\/api.w.org\/{rel}","templated":true}]}}