{"id":38103,"date":"2025-03-24T15:30:02","date_gmt":"2025-03-24T08:30:02","guid":{"rendered":"https:\/\/havamall.vn\/?post_type=product&#038;p=38103"},"modified":"2025-11-23T11:04:21","modified_gmt":"2025-11-23T04:04:21","slug":"sot-com-deo-ha-noi-lotusfood-150g-lotusfood-green-rice-sauce","status":"publish","type":"product","link":"https:\/\/havamall.vn\/en\/shop\/sot-com-deo-ha-noi-lotusfood-150g-lotusfood-green-rice-sauce\/","title":{"rendered":"S\u1ed1t C\u1ed1m D\u1ebbo H\u00e0 N\u1ed9i Lotusfood 1Kg \u2013 Lotusfood Green Rice Sauce"},"content":{"rendered":"<h2><strong>TH\u00d4NG TIN CHUNG<\/strong><\/h2>\n<table>\n<tbody>\n<tr>\n<td>Th\u01b0\u01a1ng hi\u1ec7u<\/td>\n<td>Lotusfood<\/td>\n<\/tr>\n<tr>\n<td>Xu\u1ea5t x\u1ee9<\/td>\n<td>Vi\u1ec7t Nam<\/td>\n<\/tr>\n<tr>\n<td>Th\u00e0nh ph\u1ea7n<\/td>\n<td>C\u1ed1m t\u01b0\u01a1i 90%, \u0111\u01b0\u1eddng 5%, s\u1eefa t\u01b0\u01a1i 5%<\/td>\n<\/tr>\n<tr>\n<td>H\u1ea1n s\u1eed d\u1ee5ng<\/td>\n<td>Xem tr\u00ean Bao b\u00ec<\/td>\n<\/tr>\n<tr>\n<td>B\u1ea3o qu\u1ea3n<\/td>\n<td>B\u1ea3o qu\u1ea3n n\u01a1i kh\u00f4 r\u00e1o, tho\u00e1ng m\u00e1t, tr\u00e1nh n\u01a1i c\u00f3 \u0111\u1ed9 cao ho\u1eb7c b\u1ea3o qu\u1ea3n l\u1ea1nh<\/td>\n<\/tr>\n<tr>\n<td>\u00a0Kh\u1ed1i l\u01b0\u1ee3ng<\/td>\n<td>1 kg<\/td>\n<\/tr>\n<\/tbody>\n<\/table>\n<p data-sourcepos=\"3:1-3:669\">\u1ea8m th\u1ef1c Vi\u1ec7t Nam lu\u00f4n \u1ea9n ch\u1ee9a nh\u1eefng \u0111i\u1ec1u k\u1ef3 di\u1ec7u, t\u1eeb nh\u1eefng m\u00f3n \u0103n truy\u1ec1n th\u1ed1ng \u0111\u1eadm \u0111\u00e0 h\u01b0\u01a1ng v\u1ecb qu\u00ea h\u01b0\u01a1ng \u0111\u1ebfn nh\u1eefng s\u00e1ng t\u1ea1o \u0111\u1ed9c \u0111\u00e1o, mang \u0111\u1eadm d\u1ea5u \u1ea5n hi\u1ec7n \u0111\u1ea1i. V\u00e0 trong th\u1ebf gi\u1edbi \u1ea9m th\u1ef1c \u0111\u1ea7y m\u00e0u s\u1eafc \u1ea5y, c\u1ed1m \u2013 m\u1ed9t th\u1ee9c qu\u00e0 \u0111\u1eb7c tr\u01b0ng c\u1ee7a m\u00f9a thu H\u00e0 N\u1ed9i \u2013 \u0111ang d\u1ea7n tr\u1edf l\u1ea1i v\u00e0 \u201cl\u00e0m m\u01b0a l\u00e0m gi\u00f3\u201d tr\u00ean c\u00e1c di\u1ec5n \u0111\u00e0n \u1ea9m th\u1ef1c. Kh\u00f4ng ch\u1ec9 d\u1eebng l\u1ea1i \u1edf nh\u1eefng m\u00f3n c\u1ed1m truy\u1ec1n th\u1ed1ng nh\u01b0 c\u1ed1m x\u00e0o, ch\u1ea3 c\u1ed1m, c\u1ed1m d\u1eb9t\u2026 c\u1ed1m c\u00f2n \u0111\u01b0\u1ee3c bi\u1ebfn t\u1ea5u \u0111\u1ea7y s\u00e1ng t\u1ea1o trong nhi\u1ec1u m\u00f3n \u0103n, th\u1ee9c u\u1ed1ng h\u1ea5p d\u1eabn, \u0111\u00e1p \u1ee9ng nhu c\u1ea7u th\u01b0\u1edfng th\u1ee9c c\u1ee7a gi\u1edbi tr\u1ebb. T\u1eeb nh\u1eefng ly kem c\u1ed1m m\u00e1t l\u1ea1nh, b\u00e1nh c\u1ed1m hi\u1ec7n \u0111\u1ea1i, cho \u0111\u1ebfn nh\u1eefng m\u00f3n ch\u00e8 c\u1ed1m \u0111\u1ed9c \u0111\u00e1o\u2026 c\u1ed1m \u0111ang d\u1ea7n kh\u1eb3ng \u0111\u1ecbnh v\u1ecb th\u1ebf c\u1ee7a m\u00ecnh trong l\u00f2ng ng\u01b0\u1eddi y\u00eau \u1ea9m th\u1ef1c.<\/p>\n<p data-sourcepos=\"3:1-3:669\"><img decoding=\"async\" class=\"aligncenter\" src=\"https:\/\/havamall.vn\/wp-content\/uploads\/2025\/03\/1_com-ha-noi-01.jpg\" \/><\/p>\n<p data-sourcepos=\"5:1-5:317\">V\u00e0 m\u1edbi \u0111\u00e2y, m\u1ed9t s\u1ea3n ph\u1ea9m \u0111\u1ed9c \u0111\u00e1o \u0111\u00e3 xu\u1ea5t hi\u1ec7n, mang \u0111\u1ebfn m\u1ed9t l\u00e0n gi\u00f3 m\u1edbi cho nh\u1eefng ng\u01b0\u1eddi y\u00eau th\u00edch h\u01b0\u01a1ng v\u1ecb c\u1ed1m: S\u1ed1t C\u1ed1m D\u1ebbo Lotusfood. S\u1ea3n ph\u1ea9m n\u00e0y kh\u00f4ng ch\u1ec9 ti\u1ec7n l\u1ee3i, d\u1ec5 s\u1eed d\u1ee5ng m\u00e0 c\u00f2n gi\u1eef tr\u1ecdn v\u1eb9n h\u01b0\u01a1ng v\u1ecb \u0111\u1eb7c tr\u01b0ng c\u1ee7a c\u1ed1m non, h\u1ee9a h\u1eb9n s\u1ebd l\u00e0 m\u1ed9t nguy\u00ean li\u1ec7u \u201chot trend\u201d trong gian b\u1ebfp c\u1ee7a nh\u1eefng ng\u01b0\u1eddi y\u00eau \u1ea9m th\u1ef1c.<\/p>\n<h3 class=\"\" data-start=\"0\" data-end=\"66\"><strong data-start=\"4\" data-end=\"64\">LotusFood \u2013 B\u00ed Quy\u1ebft Pha Ch\u1ebf \u0110\u1ec9nh Cao Cho T\u00edn \u0110\u1ed3 \u1ea8m Th\u1ef1c<\/strong><\/h3>\n<p class=\"\" data-start=\"68\" data-end=\"208\">B\u1ea1n m\u00ea m\u1ea9n tr\u00e0 s\u1eefa, \u0111am m\u00ea s\u00e1ng t\u1ea1o \u0111\u1ed3 u\u1ed1ng hay th\u00edch th\u1eed th\u00e1ch nh\u1eefng m\u00f3n hot trend m\u1edbi nh\u1ea5t? LotusFood ch\u00ednh l\u00e0 th\u01b0\u01a1ng hi\u1ec7u d\u00e0nh cho b\u1ea1n.<\/p>\n<p class=\"\" data-start=\"210\" data-end=\"555\">LotusFood kh\u00f4ng ch\u1ec9 l\u00e0 m\u1ed9t nh\u00e0 cung c\u1ea5p nguy\u00ean li\u1ec7u pha ch\u1ebf th\u00f4ng th\u01b0\u1eddng \u2013 ch\u00fang t\u00f4i l\u00e0 ng\u01b0\u1eddi \u0111\u1ed3ng h\u00e0nh gi\u00fap b\u1ea1n t\u1ea1o n\u00ean nh\u1eefng ly tr\u00e0 s\u1eefa \u201cg\u00e2y nghi\u1ec7n\u201d v\u00e0 m\u00f3n \u0103n v\u1eb7t xu h\u01b0\u1edbng. T\u1eeb tr\u00e2n ch\u00e2u dai gi\u00f2n, th\u1ea1ch rau c\u00e2u \u0111\u1ee7 m\u00e0u s\u1eafc \u0111\u1ebfn s\u1ed1t c\u1ed1m d\u1ebbo b\u00e9o ng\u1eady \u2013 t\u1ea5t c\u1ea3 \u0111\u1ec1u \u0111\u01b0\u1ee3c s\u1ea3n xu\u1ea5t theo c\u00f4ng ngh\u1ec7 hi\u1ec7n \u0111\u1ea1i, \u0111\u1ea3m b\u1ea3o chu\u1ea9n v\u1ecb ngon v\u00e0 an to\u00e0n tuy\u1ec7t \u0111\u1ed1i.<\/p>\n<p class=\"\" data-start=\"557\" data-end=\"851\">Ch\u1ea5t l\u01b0\u1ee3ng chu\u1ea9n qu\u00e1n, tr\u1ea3i nghi\u1ec7m chu\u1ea9n trend. LotusFood lu\u00f4n c\u1eadp nh\u1eadt c\u00e1c c\u00f4ng th\u1ee9c pha ch\u1ebf hot nh\u1ea5t \u0111\u1ec3 b\u1ea1n d\u1ec5 d\u00e0ng t\u00e1i hi\u1ec7n ngay t\u1ea1i nh\u00e0. B\u1ea1n y\u00eau th\u00edch tr\u00e0 s\u1eefa c\u1ed1m l\u00e0i \u0111ang g\u00e2y b\u00e3o? Kh\u00f4ng v\u1ea5n \u0111\u1ec1 g\u00ec \u2013 v\u1edbi S\u1ed1t C\u1ed1m D\u1ebbo c\u1ee7a LotusFood, b\u1ea1n s\u1ebd c\u00f3 ngay ly tr\u00e0 s\u1eefa xanh m\u01b0\u1edbt, b\u00e9o th\u01a1m \u0111\u1ea7y h\u1ea5p d\u1eabn.<\/p>\n<p data-start=\"557\" data-end=\"851\"><img fetchpriority=\"high\" decoding=\"async\" class=\"aligncenter\" src=\"https:\/\/scontent.fsgn19-1.fna.fbcdn.net\/v\/t39.30808-6\/482197712_122172789770046282_2873409954146238485_n.jpg?_nc_cat=109&amp;ccb=1-7&amp;_nc_sid=127cfc&amp;_nc_ohc=ksL5MdHRNxAQ7kNvgErzC10&amp;_nc_oc=AdkhQHBZJm2ub79pdPjOFW6hZudH7WF4k9oUc-DTvXJ8uIIiivQbyN4_CG-czeFcdjXih11RBzipahJ2Vi1bjbJe&amp;_nc_zt=23&amp;_nc_ht=scontent.fsgn19-1.fna&amp;_nc_gid=OOaMaiCqzBsAdz6d_MyJhQ&amp;oh=00_AYH-29WvvokqH479_kv-iSWu7csmQrK0xkfkiCHPzLVggA&amp;oe=67E6E49C\" width=\"1202\" height=\"621\" \/><\/p>\n<p data-sourcepos=\"11:1-11:58\"><strong>\u0110i\u1ec1u g\u00ec l\u00e0m n\u00ean s\u1ef1 \u0111\u1eb7c bi\u1ec7t c\u1ee7a S\u1ed1t C\u1ed1m D\u1ebbo Lotusfood?<\/strong><\/p>\n<ul data-sourcepos=\"13:1-17:0\">\n<li data-sourcepos=\"13:1-13:175\"><strong>H\u01b0\u01a1ng v\u1ecb t\u1ef1 nhi\u00ean, nguy\u00ean ch\u1ea5t:<\/strong>\u00a0V\u1edbi th\u00e0nh ph\u1ea7n ch\u00ednh l\u00e0 c\u1ed1m t\u01b0\u01a1i, s\u1ea3n ph\u1ea9m gi\u1eef tr\u1ecdn v\u1eb9n h\u01b0\u01a1ng v\u1ecb \u0111\u1eb7c tr\u01b0ng c\u1ee7a c\u1ed1m non, kh\u00f4ng pha tr\u1ed9n th\u00eam h\u01b0\u01a1ng li\u1ec7u hay ch\u1ea5t b\u1ea3o qu\u1ea3n.<\/li>\n<li data-sourcepos=\"14:1-14:132\"><strong>Ti\u1ec7n l\u1ee3i, d\u1ec5 s\u1eed d\u1ee5ng:<\/strong>\u00a0S\u1ed1t C\u1ed1m D\u1ebbo Lotusfood \u0111\u01b0\u1ee3c \u0111\u00f3ng g\u00f3i ti\u1ec7n l\u1ee3i, gi\u00fap b\u1ea1n d\u1ec5 d\u00e0ng th\u01b0\u1edfng th\u1ee9c h\u01b0\u01a1ng v\u1ecb c\u1ed1m m\u1ecdi l\u00fac m\u1ecdi n\u01a1i.<\/li>\n<li data-sourcepos=\"15:1-15:182\"><strong>\u0110a d\u1ea1ng c\u00e1ch th\u01b0\u1edfng th\u1ee9c:<\/strong>\u00a0B\u1ea1n c\u00f3 th\u1ec3 d\u00f9ng s\u1ed1t c\u1ed1m \u0111\u1ec3 \u0103n k\u00e8m v\u1edbi nhi\u1ec1u m\u00f3n tr\u00e1ng mi\u1ec7ng kh\u00e1c nhau nh\u01b0 ch\u00e8, kem, b\u00e1nh, ho\u1eb7c \u0111\u01a1n gi\u1ea3n l\u00e0 \u0103n tr\u1ef1c ti\u1ebfp \u0111\u1ec3 c\u1ea3m nh\u1eadn tr\u1ecdn v\u1eb9n h\u01b0\u01a1ng v\u1ecb.<\/li>\n<li data-sourcepos=\"16:1-17:0\"><strong>S\u1ea3n ph\u1ea9m ch\u1ea5t l\u01b0\u1ee3ng t\u1eeb th\u01b0\u01a1ng hi\u1ec7u uy t\u00edn:<\/strong>\u00a0Lotusfood l\u00e0 m\u1ed9t th\u01b0\u01a1ng hi\u1ec7u th\u1ef1c ph\u1ea9m uy t\u00edn t\u1ea1i Vi\u1ec7t Nam, cam k\u1ebft mang \u0111\u1ebfn cho ng\u01b0\u1eddi ti\u00eau d\u00f9ng nh\u1eefng s\u1ea3n ph\u1ea9m ch\u1ea5t l\u01b0\u1ee3ng, an to\u00e0n cho s\u1ee9c kh\u1ecfe.<\/li>\n<\/ul>\n<p><img decoding=\"async\" class=\"aligncenter\" src=\"https:\/\/scontent.fsgn19-1.fna.fbcdn.net\/v\/t39.30808-6\/482323341_122172789836046282_4086636424534086714_n.jpg?_nc_cat=106&amp;ccb=1-7&amp;_nc_sid=127cfc&amp;_nc_ohc=wNp-NPAQzPEQ7kNvgH9LJ71&amp;_nc_oc=AdnHtZIXkl6YJ5RhHNjnxjIxwZ-1DGx4TfrlUhJ6ZPWI-U1vSH-L83MV3iVxBRp5in3iUQ4m_h_NEMOeFknjFqMf&amp;_nc_zt=23&amp;_nc_ht=scontent.fsgn19-1.fna&amp;_nc_gid=N3AQmTENLgMxuMVBqlOZGQ&amp;oh=00_AYGxKHmjxZ_t22ck5Kaw_8kt0VaNiOC3uAm8K-7psBvz7w&amp;oe=67E6F346\" width=\"1195\" height=\"1195\" \/><\/p>\n<p data-sourcepos=\"18:1-18:48\"><strong>G\u1ee3i \u00fd c\u00e1ch th\u01b0\u1edfng th\u1ee9c S\u1ed1t C\u1ed1m D\u1ebbo Lotusfood<\/strong><\/p>\n<ul data-sourcepos=\"20:1-25:0\">\n<li data-sourcepos=\"20:1-20:140\"><strong>Ch\u00e8 c\u1ed1m:<\/strong>\u00a0K\u1ebft h\u1ee3p s\u1ed1t c\u1ed1m v\u1edbi c\u00e1c lo\u1ea1i ch\u00e8 truy\u1ec1n th\u1ed1ng nh\u01b0 ch\u00e8 \u0111\u1eadu xanh, ch\u00e8 b\u00e0 c\u1ed1t \u0111\u1ec3 t\u1ea1o n\u00ean m\u1ed9t m\u00f3n tr\u00e1ng mi\u1ec7ng th\u01a1m ngon, h\u1ea5p d\u1eabn.<\/li>\n<li data-sourcepos=\"21:1-21:115\"><strong>Kem c\u1ed1m:<\/strong>\u00a0R\u01b0\u1edbi s\u1ed1t c\u1ed1m l\u00ean kem vani ho\u1eb7c kem d\u1eeba \u0111\u1ec3 t\u0103ng th\u00eam h\u01b0\u01a1ng v\u1ecb \u0111\u1eb7c bi\u1ec7t cho m\u00f3n kem y\u00eau th\u00edch c\u1ee7a b\u1ea1n.<\/li>\n<li data-sourcepos=\"22:1-22:88\"><strong>B\u00e1nh c\u1ed1m:<\/strong>\u00a0D\u00f9ng s\u1ed1t c\u1ed1m \u0111\u1ec3 l\u00e0m nh\u00e2n b\u00e1nh c\u1ed1m ho\u1eb7c \u0103n k\u00e8m v\u1edbi b\u00e1nh c\u1ed1m truy\u1ec1n th\u1ed1ng.<\/li>\n<li data-sourcepos=\"23:1-23:105\"><strong>S\u1eefa chua c\u1ed1m:<\/strong>\u00a0Tr\u1ed9n s\u1ed1t c\u1ed1m v\u1edbi s\u1eefa chua \u0111\u1ec3 t\u1ea1o n\u00ean m\u1ed9t m\u00f3n \u0103n s\u00e1ng ho\u1eb7c \u0103n v\u1eb7t b\u1ed5 d\u01b0\u1ee1ng, th\u01a1m ngon.<\/li>\n<li data-sourcepos=\"24:1-25:0\"><strong>Sinh t\u1ed1 c\u1ed1m:<\/strong>\u00a0Xay s\u1ed1t c\u1ed1m c\u00f9ng v\u1edbi s\u1eefa t\u01b0\u01a1i, \u0111\u00e1 v\u00e0 c\u00e1c lo\u1ea1i tr\u00e1i c\u00e2y y\u00eau th\u00edch \u0111\u1ec3 t\u1ea1o n\u00ean m\u1ed9t ly sinh t\u1ed1 m\u00e1t l\u1ea1nh, b\u1ed5 d\u01b0\u1ee1ng.<\/li>\n<\/ul>\n<p><img decoding=\"async\" class=\"aligncenter\" src=\"https:\/\/havamall.vn\/wp-content\/uploads\/2025\/03\/thumne-1200x676.jpg\" \/><\/p>\n<p><em><strong>Tr\u00e0 S\u1eefa C\u1ed1m L\u00e0i \u2013 Hot Trend M\u00f9a H\u00e8 2025, Th\u01a1m Ngon Kh\u00f3 C\u01b0\u1ee1ng!<\/strong><\/em><\/p>\n<p>Tr\u00e0 s\u1eefa c\u1ed1m \u0111ang l\u00e0 m\u1ed9t m\u00f3n hot trend \u0111\u01b0\u1ee3c nhi\u1ec1u ng\u01b0\u1eddi y\u00eau th\u00edch. D\u01b0\u1edbi \u0111\u00e2y l\u00e0 h\u01b0\u1edbng d\u1eabn chi ti\u1ebft c\u00e1ch l\u00e0m tr\u00e0 s\u1eefa c\u1ed1m k\u1ebft h\u1ee3p v\u1edbi s\u1ea3n ph\u1ea9m S\u1ed1t C\u1ed1m D\u1ebbo Lotusfood, gi\u00fap b\u1ea1n t\u1ea1o ra m\u1ed9t th\u1ee9c u\u1ed1ng th\u01a1m ngon, \u0111\u1ed9c \u0111\u00e1o:<\/p>\n<p data-sourcepos=\"3:1-3:16\"><strong>Nguy\u00ean li\u1ec7u:<\/strong><\/p>\n<ul data-sourcepos=\"5:1-12:0\">\n<li data-sourcepos=\"5:1-5:53\">S\u1ed1t C\u1ed1m D\u1ebbo Lotusfood: 2-3 mu\u1ed7ng canh (t\u00f9y kh\u1ea9u v\u1ecb)<\/li>\n<li data-sourcepos=\"6:1-6:24\">Tr\u00e0 \u0111en t\u00fai l\u1ecdc: 2 t\u00fai<\/li>\n<li data-sourcepos=\"7:1-7:29\">S\u1eefa t\u01b0\u01a1i kh\u00f4ng \u0111\u01b0\u1eddng: 200ml<\/li>\n<li data-sourcepos=\"8:1-8:29\">S\u1eefa \u0111\u1eb7c: 30ml (t\u00f9y kh\u1ea9u v\u1ecb)<\/li>\n<li data-sourcepos=\"9:1-9:37\">\u0110\u01b0\u1eddng: 1-2 mu\u1ed7ng canh (t\u00f9y kh\u1ea9u v\u1ecb)<\/li>\n<li data-sourcepos=\"10:1-10:9\">\u0110\u00e1 vi\u00ean<\/li>\n<li data-sourcepos=\"11:1-12:0\">Topping: tr\u00e2n ch\u00e2u tr\u1eafng, d\u1eeba kh\u00f4, c\u1ed1m d\u1eb9t (t\u00f9y ch\u1ecdn)<\/li>\n<\/ul>\n<p><img decoding=\"async\" class=\"aligncenter\" src=\"https:\/\/havamall.vn\/wp-content\/uploads\/2025\/03\/1741930101_2.jpg\" width=\"1205\" height=\"779\" \/><\/p>\n<p data-sourcepos=\"13:1-13:13\"><strong>C\u00e1ch l\u00e0m:<\/strong><\/p>\n<ol data-sourcepos=\"15:1-28:0\">\n<li data-sourcepos=\"15:1-17:35\"><strong>Pha tr\u00e0:<\/strong>\n<ul data-sourcepos=\"16:5-17:35\">\n<li data-sourcepos=\"16:5-16:89\">Cho 2 t\u00fai tr\u00e0 \u0111en v\u00e0o 200ml n\u01b0\u1edbc n\u00f3ng, \u1ee7 trong kho\u1ea3ng 5-7 ph\u00fat cho tr\u00e0 ra h\u1ebft ch\u1ea5t.<\/li>\n<li data-sourcepos=\"17:5-17:35\">L\u1ecdc b\u1ecf t\u00fai tr\u00e0, \u0111\u1ec3 tr\u00e0 ngu\u1ed9i.<\/li>\n<\/ul>\n<\/li>\n<li data-sourcepos=\"18:1-20:19\"><strong>L\u00e0m s\u1ed1t c\u1ed1m:<\/strong>\n<ul data-sourcepos=\"19:5-20:19\">\n<li data-sourcepos=\"19:5-19:127\">N\u1ebfu b\u1ea1n mu\u1ed1n s\u1ed1t c\u1ed1m s\u00e1nh m\u1ecbn h\u01a1n, c\u00f3 th\u1ec3 cho S\u1ed1t C\u1ed1m D\u1ebbo Lotusfood v\u00e0o n\u1ed3i nh\u1ecf, \u0111un l\u1eeda nh\u1ecf cho \u0111\u1ebfn khi s\u1ed1t h\u01a1i s\u1ec7t l\u1ea1i.<\/li>\n<li data-sourcepos=\"20:5-20:19\">\u0110\u1ec3 s\u1ed1t ngu\u1ed9i.<\/li>\n<\/ul>\n<\/li>\n<li data-sourcepos=\"21:1-25:66\"><strong>Pha tr\u00e0 s\u1eefa:<\/strong>\n<ul data-sourcepos=\"22:5-25:66\">\n<li data-sourcepos=\"22:5-22:25\">Cho \u0111\u00e1 vi\u00ean v\u00e0o ly.<\/li>\n<li data-sourcepos=\"23:5-23:34\">R\u00f3t tr\u00e0 \u0111en \u0111\u00e3 ngu\u1ed9i v\u00e0o ly.<\/li>\n<li data-sourcepos=\"24:5-24:56\">Th\u00eam s\u1eefa t\u01b0\u01a1i, s\u1eefa \u0111\u1eb7c v\u00e0 \u0111\u01b0\u1eddng v\u00e0o ly, khu\u1ea5y \u0111\u1ec1u.<\/li>\n<li data-sourcepos=\"25:5-25:66\">Th\u00eam 2-3 mu\u1ed7ng canh S\u1ed1t C\u1ed1m D\u1ebbo Lotusfood v\u00e0o ly, khu\u1ea5y nh\u1eb9.<\/li>\n<\/ul>\n<\/li>\n<li data-sourcepos=\"26:1-28:0\"><strong>Th\u00eam topping (t\u00f9y ch\u1ecdn):<\/strong>\n<ul data-sourcepos=\"27:5-28:0\">\n<li data-sourcepos=\"27:5-28:0\">Th\u00eam tr\u00e2n ch\u00e2u tr\u1eafng, d\u1eeba kh\u00f4 ho\u1eb7c c\u1ed1m d\u1eb9t l\u00ean tr\u00ean \u0111\u1ec3 t\u0103ng th\u00eam h\u01b0\u01a1ng v\u1ecb v\u00e0 \u0111\u1ed9 h\u1ea5p d\u1eabn cho ly tr\u00e0 s\u1eefa.<\/li>\n<\/ul>\n<\/li>\n<\/ol>\n<p><img loading=\"lazy\" decoding=\"async\" class=\"aligncenter\" src=\"https:\/\/scontent.fsgn19-1.fna.fbcdn.net\/v\/t39.30808-6\/480960144_1113853447204931_730200854034916526_n.jpg?stp=cp6_dst-jpg_tt6&amp;_nc_cat=101&amp;ccb=1-7&amp;_nc_sid=833d8c&amp;_nc_ohc=TSnxmlVBVr0Q7kNvgFn4dn1&amp;_nc_oc=AdlRXD05AWXPIUPQ212bC8O7lJlm_iN-hEdZ0b53p7_MjfWv-nNvXLumGB3sbaRSaBczhQAp9RKOh3w-t_uqNdGy&amp;_nc_zt=23&amp;_nc_ht=scontent.fsgn19-1.fna&amp;_nc_gid=2Fd65DvZf880vSaXF7JhhQ&amp;oh=00_AYFo0FSk9JT_hUw3LOvRZUYhGDfqA8ewSGjLeQyzkddfJA&amp;oe=67E6FF4D\" alt=\"Kh\u00f4ng c\u00f3 m\u00f4 t\u1ea3 \u1ea3nh.\" width=\"1202\" height=\"1133\" \/><\/p>\n<div id=\"c7d58410d7becee9\" class=\"conversation-container message-actions-hover-boundary response-optimization tts-removed ng-star-inserted\">\n<div>\n<div class=\"response-container ng-tns-c3907490670-40 response-optimization response-container-with-gpi tts-removed ng-star-inserted\">\n<div class=\"presented-response-container ng-tns-c3907490670-40\">\n<div class=\"response-container-content ng-tns-c3907490670-40\">\n<div class=\"response-content ng-tns-c3907490670-40\">\n<div id=\"model-response-message-contentr_c7d58410d7becee9\" class=\"markdown markdown-main-panel\" dir=\"ltr\">\n<p data-sourcepos=\"41:1-41:164\">V\u1edbi S\u1ed1t C\u1ed1m D\u1ebbo Lotusfood, b\u1ea1n c\u00f3 th\u1ec3 d\u1ec5 d\u00e0ng t\u1ea1o ra m\u1ed9t ly tr\u00e0 s\u1eefa c\u1ed1m th\u01a1m ngon, \u0111\u1ed9c \u0111\u00e1o ngay t\u1ea1i nh\u00e0. Ch\u00fac b\u1ea1n th\u00e0nh c\u00f4ng v\u00e0 c\u00f3 nh\u1eefng tr\u1ea3i nghi\u1ec7m \u1ea9m th\u1ef1c th\u00fa v\u1ecb! S\u1ea3n ph\u1ea9m hi\u1ec7n \u0111\u00e3 c\u00f3 m\u1eb7t t\u1ea1i Havamall.<\/p>\n<\/div>\n<\/div>\n<\/div>\n<\/div>\n<\/div>\n<\/div>\n<\/div>","protected":false},"excerpt":{"rendered":"<p>TH\u00d4NG TIN CHUNG Th\u01b0\u01a1ng hi\u1ec7u Lotusfood Xu\u1ea5t x\u1ee9 Vi\u1ec7t Nam Th\u00e0nh ph\u1ea7n C\u1ed1m t\u01b0\u01a1i 90%, \u0111\u01b0\u1eddng 5%, s\u1eefa t\u01b0\u01a1i 5%<\/p>","protected":false},"featured_media":38104,"comment_status":"open","ping_status":"closed","template":"","meta":[],"product_brand":[],"product_cat":[131],"product_tag":[],"class_list":{"0":"post-38103","1":"product","2":"type-product","3":"status-publish","4":"has-post-thumbnail","6":"product_cat-nguyen-lieu-lam-bep","8":"first","9":"instock","10":"sale","11":"shipping-taxable","12":"purchasable","13":"product-type-simple"},"_links":{"self":[{"href":"https:\/\/havamall.vn\/en\/wp-json\/wp\/v2\/product\/38103"}],"collection":[{"href":"https:\/\/havamall.vn\/en\/wp-json\/wp\/v2\/product"}],"about":[{"href":"https:\/\/havamall.vn\/en\/wp-json\/wp\/v2\/types\/product"}],"replies":[{"embeddable":true,"href":"https:\/\/havamall.vn\/en\/wp-json\/wp\/v2\/comments?post=38103"}],"version-history":[{"count":0,"href":"https:\/\/havamall.vn\/en\/wp-json\/wp\/v2\/product\/38103\/revisions"}],"wp:featuredmedia":[{"embeddable":true,"href":"https:\/\/havamall.vn\/en\/wp-json\/wp\/v2\/media\/38104"}],"wp:attachment":[{"href":"https:\/\/havamall.vn\/en\/wp-json\/wp\/v2\/media?parent=38103"}],"wp:term":[{"taxonomy":"product_brand","embeddable":true,"href":"https:\/\/havamall.vn\/en\/wp-json\/wp\/v2\/product_brand?post=38103"},{"taxonomy":"product_cat","embeddable":true,"href":"https:\/\/havamall.vn\/en\/wp-json\/wp\/v2\/product_cat?post=38103"},{"taxonomy":"product_tag","embeddable":true,"href":"https:\/\/havamall.vn\/en\/wp-json\/wp\/v2\/product_tag?post=38103"}],"curies":[{"name":"wp","href":"https:\/\/api.w.org\/{rel}","templated":true}]}}