{"id":38040,"date":"2025-03-21T16:31:58","date_gmt":"2025-03-21T09:31:58","guid":{"rendered":"https:\/\/havamall.vn\/?post_type=product&#038;p=38040"},"modified":"2025-12-10T15:01:26","modified_gmt":"2025-12-10T08:01:26","slug":"hat-ke-cao-cap-goodwill-altai-800g-premium-millet-groats","status":"publish","type":"product","link":"https:\/\/havamall.vn\/en\/shop\/hat-ke-cao-cap-goodwill-altai-800g-premium-millet-groats\/","title":{"rendered":"H\u1ea1t K\u00ea Cao C\u1ea5p Goodwill Altai 800g \u2013 Premium Millet Groats"},"content":{"rendered":"<p data-pm-slice=\"1 3 []\"><strong>TH\u00d4NG TIN S\u1ea2N PH\u1ea8M<\/strong><\/p>\n<table>\n<tbody>\n<tr>\n<td><strong>Th\u01b0\u01a1ng hi\u1ec7u:<\/strong><\/td>\n<td>Goodwill<\/td>\n<\/tr>\n<tr>\n<td><strong>Xu\u1ea5t x\u1ee9:<\/strong><\/td>\n<td>Altai, Nga<\/td>\n<\/tr>\n<tr>\n<td><strong>Th\u00e0nh ph\u1ea7n:<\/strong><\/td>\n<td>100% h\u1ea1t k\u00ea nguy\u00ean ch\u1ea5t<\/td>\n<\/tr>\n<tr>\n<td><strong>Kh\u1ed1i l\u01b0\u1ee3ng t\u1ecbnh:<\/strong><\/td>\n<td>\u00a0700 g<\/td>\n<\/tr>\n<tr>\n<td><strong>H\u1ea1n s\u1eed d\u1ee5ng:<\/strong><\/td>\n<td>xem tr\u00ean bao b\u00ec<\/td>\n<\/tr>\n<tr>\n<td><strong>B\u1ea3o qu\u1ea3n:<\/strong><\/td>\n<td>\u00a0N\u01a1i kh\u00f4 r\u00e1o, tho\u00e1ng m\u00e1t, tr\u00e1nh \u00e1nh n\u1eafng m\u1eb7t tr\u1eddi, nhi\u1ec7t \u0111\u1ed9 kh\u00f4ng qu\u00e1 +23\u00b0C, \u0111\u1ed9 \u1ea9m t\u01b0\u01a1ng \u0111\u1ed1i kh\u00f4ng qu\u00e1 70%<\/td>\n<\/tr>\n<tr>\n<td><strong>Nh\u00e0 s\u1ea3n xu\u1ea5t:<\/strong><\/td>\n<td>JSC \u201cAltai Krupa\u201d, Nga<\/td>\n<\/tr>\n<\/tbody>\n<\/table>\n<h2 data-pm-slice=\"1 1 []\">Kh\u00e1m ph\u00e1 b\u00ed m\u1eadt dinh d\u01b0\u1ee1ng t\u1eeb h\u1ea1t k\u00ea Goodwill Altai<\/h2>\n<h3>H\u1ea1t k\u00ea v\u00e0ng \u2013 S\u1ee9c kh\u1ecfe v\u00e0ng<\/h3>\n<p>H\u1ea1t k\u00ea l\u00e0 m\u1ed9t trong nh\u1eefng lo\u1ea1i ng\u0169 c\u1ed1c c\u1ed5 x\u01b0a nh\u1ea5t m\u00e0 con ng\u01b0\u1eddi s\u1eed d\u1ee5ng t\u1eeb h\u00e0ng ng\u00e0n n\u0103m tr\u01b0\u1edbc, \u0111\u01b0\u1ee3c tr\u1ed3ng r\u1ed9ng r\u00e3i t\u1eeb ch\u00e2u \u00c1 \u0111\u1ebfn ch\u00e2u Phi v\u00e0 \u0111\u01b0\u1ee3c coi l\u00e0 \u201csi\u00eau th\u1ef1c ph\u1ea9m\u201d nh\u1edd gi\u00e1 tr\u1ecb dinh d\u01b0\u1ee1ng v\u01b0\u1ee3t tr\u1ed9i. V\u1edbi h\u00ecnh d\u00e1ng nh\u1ecf nh\u1eafn, m\u00e0u v\u00e0ng \u00f3ng \u00e1nh t\u1ef1 nhi\u00ean, h\u1ea1t k\u00ea mang \u0111\u1ebfn h\u01b0\u01a1ng v\u1ecb thanh b\u00f9i, th\u01a1m nh\u1eb9 v\u00e0 d\u1ec5 d\u00e0ng ch\u1ebf bi\u1ebfn th\u00e0nh nhi\u1ec1u m\u00f3n \u0103n b\u1ed5 d\u01b0\u1ee1ng. \u0110\u1eb7c bi\u1ec7t, h\u1ea1t k\u00ea\u00a0<strong data-start=\"367\" data-end=\"388\">kh\u00f4ng ch\u1ee9a gluten<\/strong>, l\u00e0 l\u1ef1a ch\u1ecdn l\u00fd t\u01b0\u1edfng cho nh\u1eefng ng\u01b0\u1eddi c\u00f3 h\u1ec7 ti\u00eau h\u00f3a nh\u1ea1y c\u1ea3m ho\u1eb7c m\u1eafc b\u1ec7nh celiac. Nh\u1edd k\u1ebft c\u1ea5u m\u1ec1m m\u1ecbn khi n\u1ea5u ch\u00edn v\u00e0 kh\u1ea3 n\u0103ng h\u1ea5p th\u1ee5 n\u01b0\u1edbc t\u1ed1t, h\u1ea1t k\u00ea d\u1ec5 ti\u00eau h\u00f3a h\u01a1n nhi\u1ec1u lo\u1ea1i ng\u0169 c\u1ed1c kh\u00e1c, gi\u00fap gi\u1ea3m \u00e1p l\u1ef1c l\u00ean d\u1ea1 d\u00e0y v\u00e0 c\u1ea3i thi\u1ec7n h\u1ec7 ti\u00eau h\u00f3a, r\u1ea5t ph\u00f9 h\u1ee3p cho tr\u1ebb em, ng\u01b0\u1eddi gi\u00e0 v\u00e0 nh\u1eefng ng\u01b0\u1eddi c\u00f3 v\u1ea5n \u0111\u1ec1 v\u1ec1 \u0111\u01b0\u1eddng ru\u1ed9t. Kh\u00f4ng ch\u1ec9 l\u00e0 ngu\u1ed3n tinh b\u1ed9t t\u1ef1 nhi\u00ean b\u1ed5 sung n\u0103ng l\u01b0\u1ee3ng, h\u1ea1t k\u00ea c\u00f2n gi\u00e0u vitamin, kho\u00e1ng ch\u1ea5t v\u00e0 ch\u1ea5t x\u01a1, mang l\u1ea1i nhi\u1ec1u l\u1ee3i \u00edch s\u1ee9c kh\u1ecfe nh\u01b0\u00a0<strong data-start=\"854\" data-end=\"938\">h\u1ed7 tr\u1ee3 tim m\u1ea1ch, \u1ed5n \u0111\u1ecbnh \u0111\u01b0\u1eddng huy\u1ebft, ki\u1ec3m so\u00e1t c\u00e2n n\u1eb7ng v\u00e0 t\u0103ng c\u01b0\u1eddng mi\u1ec5n d\u1ecbch<\/strong>. \u0110\u1eb7c bi\u1ec7t, h\u00e0m l\u01b0\u1ee3ng magie cao trong h\u1ea1t k\u00ea gi\u00fap th\u01b0 gi\u00e3n m\u1ea1ch m\u00e1u, c\u1ea3i thi\u1ec7n tu\u1ea7n ho\u00e0n m\u00e1u v\u00e0 gi\u1ea3m nguy c\u01a1 m\u1eafc b\u1ec7nh tim m\u1ea1ch. Ngo\u00e0i ra, h\u1ea1t k\u00ea c\u00f2n v\u00f4 c\u00f9ng linh ho\u1ea1t trong \u1ea9m th\u1ef1c, c\u00f3 th\u1ec3 ch\u1ebf bi\u1ebfn th\u00e0nh nhi\u1ec1u m\u00f3n \u0103n th\u01a1m ngon nh\u01b0\u00a0<strong data-start=\"1169\" data-end=\"1221\">ch\u00e1o k\u00ea, x\u00f4i k\u00ea, s\u00fap k\u00ea, b\u00e1nh v\u00e0 ng\u0169 c\u1ed1c \u0103n s\u00e1ng<\/strong>, ph\u00f9 h\u1ee3p v\u1edbi m\u1ecdi l\u1ee9a tu\u1ed5i. V\u1edbi\u00a0<strong data-start=\"1253\" data-end=\"1306\">H\u1ea1t K\u00ea Goodwill Altai 800g \u2013 Premium Millet Groats<\/strong>, b\u1ea1n kh\u00f4ng ch\u1ec9 c\u00f3 m\u1ed9t lo\u1ea1i ng\u0169 c\u1ed1c th\u01a1m ngon m\u00e0 c\u00f2n s\u1edf h\u1eefu m\u1ed9t\u00a0<strong data-start=\"1370\" data-end=\"1395\">ngu\u1ed3n dinh d\u01b0\u1ee1ng v\u00e0ng<\/strong>\u00a0gi\u00fap c\u01a1 th\u1ec3 kh\u1ecfe m\u1ea1nh h\u01a1n m\u1ed7i ng\u00e0y. \u0110\u01b0\u1ee3c s\u1ea3n xu\u1ea5t theo ti\u00eau chu\u1ea9n GOST 572-2016, s\u1ea3n ph\u1ea9m \u0111\u1ea3m b\u1ea3o \u0111\u1ed9 tinh khi\u1ebft cao, kh\u00f4ng ch\u1ee9a GMO, kh\u00f4ng ch\u1ea5t b\u1ea3o qu\u1ea3n, mang l\u1ea1i s\u1ef1 an t\u00e2m tuy\u1ec7t \u0111\u1ed1i cho ng\u01b0\u1eddi ti\u00eau d\u00f9ng.<\/p>\n<p><img fetchpriority=\"high\" decoding=\"async\" class=\"aligncenter\" src=\"https:\/\/havamall.vn\/wp-content\/uploads\/2025\/03\/L2Ntcy9hbGwtaW1hZ2VzL2E3MjRhN2Q4LTA4NTMtNGYwZC1iMGY5LTY2ZjM5OWYzYTlkMC5qcGc.webp\" width=\"1102\" height=\"606\" \/><\/p>\n<h2 data-pm-slice=\"1 3 []\">\u0110\u1eb7c \u0111i\u1ec3m n\u1ed5i b\u1eadt<\/h2>\n<ul data-spread=\"false\">\n<li><strong>Ch\u1ea5t l\u01b0\u1ee3ng th\u01b0\u1ee3ng h\u1ea1ng:<\/strong>\u00a0H\u1ea1t k\u00ea \u0111\u01b0\u1ee3c ch\u1ecdn l\u1ecdc k\u1ef9 l\u01b0\u1ee1ng t\u1eeb v\u00f9ng Altai, Nga \u2013 n\u01a1i n\u1ed5i ti\u1ebfng v\u1edbi ngu\u1ed3n n\u00f4ng s\u1ea3n s\u1ea1ch v\u00e0 dinh d\u01b0\u1ee1ng.<\/li>\n<li><strong>Kh\u00f4ng ch\u1ee9a GMO:<\/strong>\u00a0Cam k\u1ebft kh\u00f4ng ch\u1ee9a sinh v\u1eadt bi\u1ebfn \u0111\u1ed5i gen, \u0111\u1ea3m b\u1ea3o an to\u00e0n cho s\u1ee9c kh\u1ecfe.<\/li>\n<li><strong>Dinh d\u01b0\u1ee1ng v\u01b0\u1ee3t tr\u1ed9i:<\/strong>\u00a0Gi\u00e0u ch\u1ea5t x\u01a1, vitamin B, magie, s\u1eaft v\u00e0 protein th\u1ef1c v\u1eadt.<\/li>\n<li><strong>D\u1ec5 d\u00e0ng ch\u1ebf bi\u1ebfn:<\/strong>\u00a0Ph\u00f9 h\u1ee3p cho nhi\u1ec1u m\u00f3n \u0103n nh\u01b0 ch\u00e1o k\u00ea, x\u00f4i k\u00ea, s\u00fap ho\u1eb7c l\u00e0m b\u00e1nh.<\/li>\n<\/ul>\n<h3 data-pm-slice=\"1 1 []\">Gi\u00e1 tr\u1ecb dinh d\u01b0\u1ee1ng (trong 100g h\u1ea1t k\u00ea)<\/h3>\n<table>\n<tbody>\n<tr>\n<th>Ch\u1ea5t dinh d\u01b0\u1ee1ng<\/th>\n<th>H\u00e0m l\u01b0\u1ee3ng<\/th>\n<\/tr>\n<tr>\n<td>Protein<\/td>\n<td>11,5g<\/td>\n<\/tr>\n<tr>\n<td>Ch\u1ea5t b\u00e9o<\/td>\n<td>3,3g<\/td>\n<\/tr>\n<tr>\n<td>Carbohydrate<\/td>\n<td>66,5g<\/td>\n<\/tr>\n<tr>\n<td>L\u01b0\u1ee3ng calo<\/td>\n<td>342 kcal<\/td>\n<\/tr>\n<\/tbody>\n<\/table>\n<h2 data-pm-slice=\"1 3 []\"><\/h2>\n<h2 data-pm-slice=\"1 3 []\"><img decoding=\"async\" class=\"aligncenter\" src=\"https:\/\/havamall.vn\/wp-content\/uploads\/2025\/03\/347119862226028.jpg\" width=\"1099\" height=\"733\" \/><\/h2>\n<h2 data-pm-slice=\"1 3 []\">C\u00f4ng d\u1ee5ng tuy\u1ec7t v\u1eddi c\u1ee7a h\u1ea1t k\u00ea<\/h2>\n<ul data-spread=\"false\">\n<li><strong>T\u1ed1t cho h\u1ec7 ti\u00eau h\u00f3a:<\/strong>\u00a0H\u00e0m l\u01b0\u1ee3ng ch\u1ea5t x\u01a1 cao gi\u00fap h\u1ed7 tr\u1ee3 ti\u00eau h\u00f3a v\u00e0 ng\u0103n ng\u1eeba t\u00e1o b\u00f3n.<\/li>\n<li><strong>T\u0103ng c\u01b0\u1eddng s\u1ee9c kh\u1ecfe tim m\u1ea1ch:<\/strong>\u00a0Gi\u1ea3m cholesterol x\u1ea5u, gi\u00fap tu\u1ea7n ho\u00e0n m\u00e1u t\u1ed1t h\u01a1n.<\/li>\n<li><strong>Ph\u00f9 h\u1ee3p cho ng\u01b0\u1eddi \u0103n ki\u00eang:<\/strong>\u00a0Ch\u1ec9 s\u1ed1 \u0111\u01b0\u1eddng huy\u1ebft th\u1ea5p, h\u1ed7 tr\u1ee3 ki\u1ec3m so\u00e1t c\u00e2n n\u1eb7ng.<\/li>\n<\/ul>\n<h2 data-pm-slice=\"1 3 []\">H\u01af\u1edaNG D\u1eaaN S\u1eec D\u1ee4NG<\/h2>\n<p>H\u1ea1t k\u00ea Gudvill r\u1ea5t d\u1ec5 ch\u1ebf bi\u1ebfn v\u00e0 c\u00f3 th\u1ec3 d\u00f9ng trong nhi\u1ec1u m\u00f3n \u0103n:<\/p>\n<ul data-spread=\"false\">\n<li><strong>N\u1ea5u ch\u00e1o:<\/strong>\u00a0D\u00f9ng h\u1ea1t k\u00ea n\u1ea5u ch\u00e1o v\u1edbi n\u01b0\u1edbc ho\u1eb7c s\u1eefa, th\u00eam h\u1ea1t sen, \u0111\u1eadu xanh \u0111\u1ec3 t\u0103ng h\u01b0\u01a1ng v\u1ecb.<\/li>\n<li><strong>L\u00e0m x\u00f4i k\u00ea:<\/strong>\u00a0K\u1ebft h\u1ee3p v\u1edbi g\u1ea1o n\u1ebfp \u0111\u1ec3 t\u1ea1o n\u00ean m\u00f3n x\u00f4i th\u01a1m ngon, d\u1ebbo b\u00f9i.<\/li>\n<li><strong>L\u00e0m b\u00e1nh:<\/strong>\u00a0Xay nhuy\u1ec5n \u0111\u1ec3 l\u00e0m b\u00e1nh \u0111a k\u00ea, b\u00e1nh quy h\u1ea1t k\u00ea.<\/li>\n<li><strong>N\u1ea5u s\u00fap:<\/strong>\u00a0Th\u00eam v\u00e0o c\u00e1c m\u00f3n s\u00fap \u0111\u1ec3 t\u0103ng \u0111\u1ed9 dinh d\u01b0\u1ee1ng v\u00e0 t\u1ea1o h\u01b0\u01a1ng v\u1ecb \u0111\u1eb7c bi\u1ec7t.<\/li>\n<li><strong>Pha b\u1ed9t h\u1ea1t k\u00ea:<\/strong>\u00a0D\u00f9ng nh\u01b0 m\u1ed9t lo\u1ea1i b\u1ed9t dinh d\u01b0\u1ee1ng \u0111\u1ec3 b\u1ed5 sung v\u00e0o ch\u1ebf \u0111\u1ed9 \u0103n h\u1eb1ng ng\u00e0y.<\/li>\n<\/ul>\n<p><img decoding=\"async\" class=\"aligncenter\" src=\"https:\/\/havamall.vn\/wp-content\/uploads\/2025\/03\/pshennaya-kasha-na-moloke-i-vode_1671654293_7_max.jpg\" width=\"1089\" height=\"759\" \/><\/p>\n<h2 data-pm-slice=\"1 1 []\">\u0110\u1eb7t h\u00e0ng ngay h\u00f4m nay!<\/h2>\n<p>\u0110\u1eebng b\u1ecf l\u1ee1 c\u01a1 h\u1ed9i s\u1edf h\u1eefu H\u1ea1t K\u00ea Goodwill Altai 800g \u2013 Premium Millet Groats cho b\u1eefa \u0103n dinh d\u01b0\u1ee1ng m\u1ed7i ng\u00e0y. H\u00e3y \u0111\u1eb7t h\u00e0ng ngay \u0111\u1ec3 tr\u1ea3i nghi\u1ec7m ch\u1ea5t l\u01b0\u1ee3ng v\u01b0\u1ee3t tr\u1ed9i t\u1eeb thi\u00ean nhi\u00ean! S\u1ea3n ph\u1ea9m hi\u1ec7n \u0111\u00e3 c\u00f3 m\u1eb7t t\u1ea1i\u00a0<a href=\"https:\/\/havamall.vn\/\">Havamall<\/a>, qu\u00fd kh\u00e1ch vui l\u00f2ng li\u00ean h\u1ec7 hotline: 0946 229 642.<\/p>","protected":false},"excerpt":{"rendered":"<p>TH\u00d4NG TIN S\u1ea2N PH\u1ea8M Th\u01b0\u01a1ng hi\u1ec7u: Goodwill Xu\u1ea5t x\u1ee9: Altai, Nga Th\u00e0nh ph\u1ea7n: 100% h\u1ea1t k\u00ea nguy\u00ean ch\u1ea5t Kh\u1ed1i l\u01b0\u1ee3ng<\/p>","protected":false},"featured_media":38041,"comment_status":"open","ping_status":"closed","template":"","meta":[],"product_brand":[],"product_cat":[673,134],"product_tag":[],"class_list":{"0":"post-38040","1":"product","2":"type-product","3":"status-publish","4":"has-post-thumbnail","6":"product_cat-nhap-khau-nga","7":"product_cat-thucpham-saykho","9":"first","10":"outofstock","11":"sale","12":"shipping-taxable","13":"purchasable","14":"product-type-simple"},"_links":{"self":[{"href":"https:\/\/havamall.vn\/en\/wp-json\/wp\/v2\/product\/38040"}],"collection":[{"href":"https:\/\/havamall.vn\/en\/wp-json\/wp\/v2\/product"}],"about":[{"href":"https:\/\/havamall.vn\/en\/wp-json\/wp\/v2\/types\/product"}],"replies":[{"embeddable":true,"href":"https:\/\/havamall.vn\/en\/wp-json\/wp\/v2\/comments?post=38040"}],"version-history":[{"count":0,"href":"https:\/\/havamall.vn\/en\/wp-json\/wp\/v2\/product\/38040\/revisions"}],"wp:featuredmedia":[{"embeddable":true,"href":"https:\/\/havamall.vn\/en\/wp-json\/wp\/v2\/media\/38041"}],"wp:attachment":[{"href":"https:\/\/havamall.vn\/en\/wp-json\/wp\/v2\/media?parent=38040"}],"wp:term":[{"taxonomy":"product_brand","embeddable":true,"href":"https:\/\/havamall.vn\/en\/wp-json\/wp\/v2\/product_brand?post=38040"},{"taxonomy":"product_cat","embeddable":true,"href":"https:\/\/havamall.vn\/en\/wp-json\/wp\/v2\/product_cat?post=38040"},{"taxonomy":"product_tag","embeddable":true,"href":"https:\/\/havamall.vn\/en\/wp-json\/wp\/v2\/product_tag?post=38040"}],"curies":[{"name":"wp","href":"https:\/\/api.w.org\/{rel}","templated":true}]}}