{"id":38033,"date":"2025-03-21T14:13:05","date_gmt":"2025-03-21T07:13:05","guid":{"rendered":"https:\/\/havamall.vn\/?post_type=product&#038;p=38033"},"modified":"2025-10-19T11:36:26","modified_gmt":"2025-10-19T04:36:26","slug":"banh-ho-dao-dan-cheo-dong-lanh-40g-x-6-cai-maple-pecan-danish-frozen","status":"publish","type":"product","link":"https:\/\/havamall.vn\/en\/shop\/banh-ho-dao-dan-cheo-dong-lanh-40g-x-6-cai-maple-pecan-danish-frozen\/","title":{"rendered":"B\u00e1nh H\u1ed3 \u0110\u00e0o \u0110an Ch\u00e9o \u0110\u00f4ng L\u1ea1nh 40g &#8211; Maple Pecan Danish Frozen"},"content":{"rendered":"<h2><strong>TH\u00d4NG TIN CHUNG<\/strong><\/h2>\n<table>\n<tbody>\n<tr>\n<td>Th\u01b0\u01a1ng hi\u1ec7u<\/td>\n<td>Vandemoortele<\/td>\n<\/tr>\n<tr>\n<td>Xu\u1ea5t x\u1ee9<\/td>\n<td>Ph\u00e1p<\/td>\n<\/tr>\n<tr>\n<td>Th\u00e0nh ph\u1ea7n<\/td>\n<td>B\u1ed9t m\u00ec, b\u01a1, s\u1eefa, \u0111\u01b0\u1eddng, mu\u1ed1i, men, tinh b\u1ed9t,\u2026<\/td>\n<\/tr>\n<tr>\n<td>H\u1ea1n s\u1eed d\u1ee5ng<\/td>\n<td>3 th\u00e1ng k\u1ec3 t\u1eeb ng\u00e0y s\u1ea3n xu\u1ea5t.<\/td>\n<\/tr>\n<tr>\n<td>B\u1ea3o qu\u1ea3n<\/td>\n<td>B\u1ea3o qu\u1ea3n \u0111\u00f4ng l\u1ea1nh<\/td>\n<\/tr>\n<tr>\n<td>\u00a0Kh\u1ed1i l\u01b0\u1ee3ng<\/td>\n<td>40g x 6 c\u00e1i ( x 10 c\u00e1i )<\/td>\n<\/tr>\n<\/tbody>\n<\/table>\n<p>\u0110\u1ebfn t\u1eeb th\u01b0\u01a1ng hi\u1ec7u Banquet D\u2019or c\u1ee7a t\u1eadp \u0111o\u00e0n Vandemoortele d\u1eabn \u0111\u1ea7u ch\u00e2u \u00c2u v\u1ec1 th\u1ecb tr\u01b0\u1eddng b\u00e1nh, mang \u0111\u1ebfn s\u1ef1 ti\u1ec7n l\u1ee3i nh\u1ea5t cho kh\u00e1ch h\u00e0ng h\u00e0ng v\u00e0 th\u01b0\u1edfng th\u1ee9c h\u01b0\u01a1ng v\u1ecb b\u00e1nh #chu\u1ea9n_ch\u00e2u_\u00c2u<br \/>\nB\u1ea5t c\u1ee9 b\u00e0 n\u1ed9i tr\u1ee3 n\u00e0o c\u0169ng c\u00f3 th\u1ec3 cho ra l\u00f2 nh\u1eefng chi\u1ebfc b\u00e1nh \u201cchu\u1ea9n Ph\u00e1p \ud83c\uddeb\ud83c\uddf7 \u201d ngay t\u1ea1i nh\u00e0.<br \/>\nB\u1ecf qua nh\u1eefng c\u00f4ng \u0111o\u1ea1n m\u1ea5t nhi\u1ec1u c\u00f4ng s\u1ee9c v\u00e0 th\u1eddi gian; ch\u1ec9 c\u1ea7n mang nh\u1eefng chi\u1ebfc b\u00e1nh c\u1ea5p \u0111\u00f4ng \u0111\u01b0\u1ee3c l\u00e0m s\u1eb5n v\u00e0o th\u1eb3ng l\u00f2 n\u01b0\u1edbng.<\/p>\n<ul>\n<li>\u00a0Kh\u00f4ng c\u1ea7n gi\u00e3 \u0111\u00f4ng<\/li>\n<li>\u00a0Kh\u00f4ng c\u1ea7n ch\u1edd b\u1ed9t n\u1edf<\/li>\n<li>\u00a0Kh\u00f4ng c\u1ea7n thao t\u00e1c ph\u1ebft m\u1eb7t<\/li>\n<\/ul>\n<p>Cho b\u1eefa s\u00e1ng ti\u1ec7n l\u1ee3i, b\u1eefa ph\u1ee5 \u0111\u1ea7y dinh d\u01b0\u1ee1ng hay cho c\u1ea3 nh\u1eefng b\u1eefa ti\u1ec7c \u1ea5m c\u0169ng c\u1ee7a gia \u0111\u00ecnh. H\u01b0\u01a1ng v\u1ecb ng\u1ecdt ng\u00e0o \u0111\u1eadm ch\u1ea5t Ph\u00e1p ch\u1ec9 c\u00e1ch b\u1ea1n 15-20 ph\u00fat n\u01b0\u1edbng b\u00e1nh.M\u1ed7i chi\u1ebfc Croissant Sultana quy\u1ebfn r\u0169 v\u1edbi m\u00f9i th\u01a1m b\u00e9o ng\u1ecdt ng\u00e0o c\u1ee7a b\u01a1 s\u1eefa, \u0111\u01b0\u1ee3c k\u1ebft h\u1ee3p tinh t\u1ebf v\u1edbi c\u00e1c lo\u1ea1i h\u1ea1t, s\u1ebd mang \u0111\u1ebfn tr\u1ea3i nghi\u1ec7m \u1ea9m th\u1ef1c tinh t\u1ebf cho b\u1eefa s\u00e1ng ho\u1eb7c m\u00f3n tr\u00e1ng mi\u1ec7ng dinh d\u01b0\u1ee1ng c\u1ee7a gia \u0111\u00ecnh b\u1ea1n!<\/p>\n<p><img fetchpriority=\"high\" decoding=\"async\" class=\"sFlh5c FyHeAf iPVvYb aligncenter\" src=\"https:\/\/havamall.vn\/wp-content\/uploads\/2024\/10\/e1a75831799e83a5b8d8bbfc36ec909ed760720c.jpg\" alt=\"Maple pecan plait, preglazed | Vandemoortele\" width=\"466\" height=\"699\" aria-hidden=\"false\" \/><\/p>\n<h2><strong>B\u00c1NH CROISSANT C\u1ea4P \u0110\u00d4NG<\/strong><\/h2>\n<p>B\u00e1nh v\u1edbi l\u1edbp v\u1ecf b\u00e1nh gi\u00f2n, ph\u1ea7n ru\u1ed9t b\u00e1nh n\u1edf x\u1ed1p \u0111\u1ec1u, h\u00ecnh t\u1ed5 ong, h\u01b0\u01a1ng th\u01a1m t\u1eeb 100% b\u01a1 nguy\u00ean ch\u1ea5t, t\u1ea5t c\u1ea3 \u0111\u00e3 h\u00f2a quy\u1ec7n v\u00e0 t\u1ea1o n\u00ean d\u1ea5u \u1ea5n kh\u00f3 qu\u00ean cho nh\u1eefng chi\u1ebfc b\u00e1nh \u0111\u1ed1i v\u1edbi nh\u1eefng th\u1ef1c kh\u00e1ch y\u00eau th\u00edch \u1ea9m th\u1ef1c ph\u01b0\u01a1ng T\u00e2y.<\/p>\n<p>Nh\u1eefng chi\u1ebfc b\u00e1nh khi n\u01b0\u1edbng l\u00ean s\u1ebd c\u00f3 \u0111\u1ed9 ph\u1ed3ng v\u1edbi v\u1ecf ngo\u00e0i v\u00e0ng \u00f3ng, gi\u00f2n tan v\u00e0 bung t\u00e1ch r\u00f5 r\u00e0ng \u0111\u1eb9p m\u1eaft. Ph\u1ea7n ru\u1ed9t b\u00e1nh c\u00f3 \u0111\u1ed9 b\u00f4ng x\u1ed1p khi th\u01b0\u1edfng th\u1ee9c, ch\u1eafc ch\u1eafn s\u1ebd l\u00e0m b\u1ea1n \u0111\u1eafm ch\u00ecm b\u1edfi v\u1ecb th\u01a1m b\u01a1 ng\u1ecdt ng\u00e0o.<\/p>\n<div class=\"x11i5rnm xat24cr x1mh8g0r x1vvkbs xtlvy1s x126k92a\">\n<p dir=\"auto\">V\u1edbi ch\u1ea5t l\u01b0\u1ee3ng \u1ed5n \u0111\u1ecbnh, ti\u1ec7n l\u1ee3i, b\u00e1nh \u0111\u00f4ng l\u1ea1nh ch\u00ednh l\u00e0 gi\u1ea3i ph\u00e1p hi\u1ec7u qu\u1ea3 gi\u00fap c\u00e1c doanh nghi\u1ec7p ki\u1ec3m so\u00e1t v\u1eadn h\u00e0nh v\u00e0 ti\u1ebft ki\u1ec7m chi ph\u00ed h\u01a1n. \u0110\u00e2y s\u1ebd l\u00e0 s\u1ef1 l\u1ef1a ch\u1ecdn l\u00fd t\u01b0\u1edfng \u0111\u1ec3 ph\u1ee5c v\u1ee5 b\u1eefa \u0103n s\u00e1ng hay s\u00e1ng t\u1ea1o c\u00e1c c\u00f4ng th\u1ee9c m\u00f3n tr\u00e1ng mi\u1ec7ng cho nh\u00e0 h\u00e0ng, kh\u00e1ch s\u1ea1n c\u1ee7a b\u1ea1n.<\/p>\n<\/div>\n<h2><strong>\u0110\u1eb6C \u0110I\u1ec2M N\u1ed4I B\u1eacT C\u1ee6A S\u1ea2N PH\u1ea8M<\/strong><\/h2>\n<ul>\n<li>Ngu\u1ed3n nguy\u00ean li\u1ec7u t\u1eeb 100% b\u01a1 nguy\u00ean ch\u1ea5t cao c\u1ea5p.<\/li>\n<li>Mang l\u1ea1i s\u1ef1 \u0111a d\u1ea1ng cho menu nh\u00e0 h\u00e0ng, ti\u1ec7m b\u00e1nh c\u1ee7a b\u1ea1n.<\/li>\n<li>Ki\u1ec3m so\u00e1t hao h\u1ee5t t\u1ed1t v\u00e0 ti\u1ebft ki\u1ec7m th\u1eddi gian ch\u1ebf bi\u1ebfn.<\/li>\n<li>Ch\u1ea5t l\u01b0\u1ee3ng \u1ed5n \u0111\u1ecbnh, gi\u00e1 c\u1ea3 c\u1ea1nh tranh gi\u00fap th\u00fac \u0111\u1ea9y hi\u1ec7u su\u1ea5t v\u00e0 t\u1ed1i \u01b0u chi ph\u00ed cho doanh nghi\u1ec7p.<\/li>\n<\/ul>\n<p><img decoding=\"async\" class=\"sFlh5c FyHeAf iPVvYb aligncenter\" src=\"https:\/\/havamall.vn\/wp-content\/uploads\/2024\/10\/6EF403BE-3B20-4387-A616-2044599B04F8_1_201_a.jpg\" alt=\"Shop Frozen Bread &amp; Pastries | Singapore | The New Grocer\" width=\"504\" height=\"504\" aria-hidden=\"false\" \/><\/p>\n<h2><strong>H\u01af\u1edaNG D\u1eaaN S\u1eec D\u1ee4NG<\/strong><\/h2>\n<p>&gt; R\u00e3 \u0111\u00f4ng \u1edf nhi\u1ec7t \u0111\u1ed9 ph\u00f2ng, tr\u00e1nh gi\u00f3 tr\u1ef1c ti\u1ebfp trong 150 ph\u00fat<\/p>\n<p>&gt; Qu\u1ebft tr\u1ee9ng l\u00ean m\u1eb7t b\u00e1nh tr\u01b0\u1edbc khi n\u01b0\u1edbng<\/p>\n<p>&gt; N\u01b0\u1edbng \u1edf nhi\u1ec7t \u0111\u1ed9 165 \u2013 175 \u0111\u1ed9 C trong 20 ph\u00fat<\/p>","protected":false},"excerpt":{"rendered":"<p>TH\u00d4NG TIN CHUNG Th\u01b0\u01a1ng hi\u1ec7u Vandemoortele Xu\u1ea5t x\u1ee9 Ph\u00e1p Th\u00e0nh ph\u1ea7n B\u1ed9t m\u00ec, b\u01a1, s\u1eefa, \u0111\u01b0\u1eddng, mu\u1ed1i, men, tinh b\u1ed9t,\u2026<\/p>","protected":false},"featured_media":38034,"comment_status":"open","ping_status":"closed","template":"","meta":[],"product_brand":[],"product_cat":[679,671],"product_tag":[],"class_list":{"0":"post-38033","1":"product","2":"type-product","3":"status-publish","4":"has-post-thumbnail","6":"product_cat-banh-dong-lanh","7":"product_cat-nhap-khau-phap","9":"first","10":"instock","11":"sale","12":"shipping-taxable","13":"purchasable","14":"product-type-variable"},"_links":{"self":[{"href":"https:\/\/havamall.vn\/en\/wp-json\/wp\/v2\/product\/38033"}],"collection":[{"href":"https:\/\/havamall.vn\/en\/wp-json\/wp\/v2\/product"}],"about":[{"href":"https:\/\/havamall.vn\/en\/wp-json\/wp\/v2\/types\/product"}],"replies":[{"embeddable":true,"href":"https:\/\/havamall.vn\/en\/wp-json\/wp\/v2\/comments?post=38033"}],"version-history":[{"count":0,"href":"https:\/\/havamall.vn\/en\/wp-json\/wp\/v2\/product\/38033\/revisions"}],"wp:featuredmedia":[{"embeddable":true,"href":"https:\/\/havamall.vn\/en\/wp-json\/wp\/v2\/media\/38034"}],"wp:attachment":[{"href":"https:\/\/havamall.vn\/en\/wp-json\/wp\/v2\/media?parent=38033"}],"wp:term":[{"taxonomy":"product_brand","embeddable":true,"href":"https:\/\/havamall.vn\/en\/wp-json\/wp\/v2\/product_brand?post=38033"},{"taxonomy":"product_cat","embeddable":true,"href":"https:\/\/havamall.vn\/en\/wp-json\/wp\/v2\/product_cat?post=38033"},{"taxonomy":"product_tag","embeddable":true,"href":"https:\/\/havamall.vn\/en\/wp-json\/wp\/v2\/product_tag?post=38033"}],"curies":[{"name":"wp","href":"https:\/\/api.w.org\/{rel}","templated":true}]}}