{"id":38027,"date":"2025-03-21T14:02:56","date_gmt":"2025-03-21T07:02:56","guid":{"rendered":"https:\/\/havamall.vn\/?post_type=product&#038;p=38027"},"modified":"2025-03-21T14:02:57","modified_gmt":"2025-03-21T07:02:57","slug":"banh-croissant-danish-mini-nhan-trung-sua-dong-lanh-350g-10x35g-frozen-croissant-danish-custard","status":"publish","type":"product","link":"https:\/\/havamall.vn\/en\/shop\/banh-croissant-danish-mini-nhan-trung-sua-dong-lanh-350g-10x35g-frozen-croissant-danish-custard\/","title":{"rendered":"B\u00e1nh Croissant Danish Mini Nh\u00e2n Tr\u1ee9ng S\u1eefa \u0110\u00f4ng L\u1ea1nh 350g (10x35g) \u2013 Frozen Croissant Danish Custard"},"content":{"rendered":"<h2><strong>TH\u00d4NG TIN CHUNG<\/strong><\/h2>\n<table>\n<tbody>\n<tr>\n<td>Th\u01b0\u01a1ng hi\u1ec7u<\/td>\n<td>Viennoiserie<\/td>\n<\/tr>\n<tr>\n<td>Xu\u1ea5t x\u1ee9<\/td>\n<td>Ph\u00e1p<\/td>\n<\/tr>\n<tr>\n<td>Th\u00e0nh ph\u1ea7n<\/td>\n<td>B\u1ed9t m\u00ec, b\u01a1, s\u1eefa, \u0111\u01b0\u1eddng, mu\u1ed1i, men, tinh b\u1ed9t,\u2026<\/td>\n<\/tr>\n<tr>\n<td>H\u1ea1n s\u1eed d\u1ee5ng<\/td>\n<td>3 th\u00e1ng k\u1ec3 t\u1eeb ng\u00e0y s\u1ea3n xu\u1ea5t.<\/td>\n<\/tr>\n<tr>\n<td>B\u1ea3o qu\u1ea3n<\/td>\n<td>B\u1ea3o qu\u1ea3n \u0111\u00f4ng l\u1ea1nh<\/td>\n<\/tr>\n<tr>\n<td>\u00a0Kh\u1ed1i l\u01b0\u1ee3ng<\/td>\n<td>35g x 10 c\u00e1i<\/td>\n<\/tr>\n<\/tbody>\n<\/table>\n<p>Custard Danish l\u00e0 m\u1ed9t lo\u1ea1i b\u00e1nh ng\u1ecdt \u0110an M\u1ea1ch m\u1ec1m m\u1ecbn v\u00e0 x\u1ed1p \u0111\u01b0\u1ee3c l\u00e0m t\u1eeb b\u1ed9t ph\u1ed3ng \u0111\u00f4ng l\u1ea1nh, nh\u00e2n kem ph\u00f4 mai ng\u1ecdt b\u00e9o ng\u1eady v\u00e0 tr\u1ee9ng s\u1eefa. Ph\u1ee7 l\u00ean tr\u00ean nh\u1eefng chi\u1ebfc b\u00e1nh kem Custard d\u1ec5 l\u00e0m n\u00e0y b\u1eb1ng m\u1ee9t d\u00e2u t\u00e2y \u1ea5m ho\u1eb7c l\u1edbp ph\u1ee7 vani. \u0110\u00e2y l\u00e0 m\u00f3n \u0103n s\u00e1ng ho\u1eb7c tr\u00e1ng mi\u1ec7ng ho\u00e0n h\u1ea3o, nhanh ch\u00f3ng, \u0111\u01a1n gi\u1ea3n v\u00e0 \u0111\u1eb9p m\u1eaft.M\u1ed7i chi\u1ebfc Croissant quy\u1ebfn r\u0169 v\u1edbi m\u00f9i th\u01a1m b\u00e9o ng\u1ecdt ng\u00e0o c\u1ee7a b\u01a1 s\u1eefa, \u0111\u01b0\u1ee3c k\u1ebft h\u1ee3p tinh t\u1ebf v\u1edbi nho kh\u00f4 chua d\u1ecbu, s\u1ebd mang \u0111\u1ebfn tr\u1ea3i nghi\u1ec7m \u1ea9m th\u1ef1c tinh t\u1ebf cho b\u1eefa s\u00e1ng ho\u1eb7c m\u00f3n tr\u00e1ng mi\u1ec7ng dinh d\u01b0\u1ee1ng c\u1ee7a gia \u0111\u00ecnh b\u1ea1n!<\/p>\n<p><img fetchpriority=\"high\" decoding=\"async\" class=\"aligncenter\" src=\"https:\/\/havamall.vn\/wp-content\/uploads\/2024\/11\/DSC06441-min-scaled.jpg\" alt=\"Easy Cheese Danish - Lauren's Latest\" width=\"528\" height=\"792\" \/><\/p>\n<h2><strong>B\u00c1NH CROISSANT C\u1ea4P \u0110\u00d4NG<\/strong><\/h2>\n<p>B\u00e1nh Croissant V\u1edbi l\u1edbp v\u1ecf b\u00e1nh gi\u00f2n, ph\u1ea7n ru\u1ed9t b\u00e1nh n\u1edf x\u1ed1p \u0111\u1ec1u, h\u00ecnh t\u1ed5 ong, h\u01b0\u01a1ng th\u01a1m t\u1eeb 100% b\u01a1 nguy\u00ean ch\u1ea5t, t\u1ea5t c\u1ea3 \u0111\u00e3 h\u00f2a quy\u1ec7n v\u00e0 t\u1ea1o n\u00ean d\u1ea5u \u1ea5n kh\u00f3 qu\u00ean cho nh\u1eefng chi\u1ebfc b\u00e1nh \u201cs\u1eebng tr\u00e2u\u201d Croissant hay nh\u1eefng chi\u1ebfc Pain au Chocolate \u0111\u1ed1i v\u1edbi nh\u1eefng th\u1ef1c kh\u00e1ch y\u00eau th\u00edch \u1ea9m th\u1ef1c ph\u01b0\u01a1ng T\u00e2y.<\/p>\n<p>Nh\u1eefng chi\u1ebfc Croissant khi n\u01b0\u1edbng l\u00ean s\u1ebd c\u00f3 \u0111\u1ed9 ph\u1ed3ng v\u1edbi v\u1ecf ngo\u00e0i v\u00e0ng \u00f3ng, gi\u00f2n tan v\u00e0 bung t\u00e1ch r\u00f5 r\u00e0ng \u0111\u1eb9p m\u1eaft. Ph\u1ea7n ru\u1ed9t b\u00e1nh c\u00f3 \u0111\u1ed9 b\u00f4ng x\u1ed1p khi th\u01b0\u1edfng th\u1ee9c, ch\u1eafc ch\u1eafn s\u1ebd l\u00e0m b\u1ea1n \u0111\u1eafm ch\u00ecm b\u1edfi v\u1ecb th\u01a1m b\u01a1 ng\u1ecdt ng\u00e0o.<\/p>\n<p>Nh\u1eefng chi\u1ebfc Croissant khi n\u01b0\u1edbng l\u00ean s\u1ebd c\u00f3 \u0111\u1ed9 ph\u1ed3ng v\u1edbi v\u1ecf ngo\u00e0i v\u00e0ng \u00f3ng, gi\u00f2n tan v\u00e0 bung t\u00e1ch r\u00f5 r\u00e0ng \u0111\u1eb9p m\u1eaft. Ph\u1ea7n ru\u1ed9t b\u00e1nh c\u00f3 \u0111\u1ed9 b\u00f4ng x\u1ed1p khi th\u01b0\u1edfng th\u1ee9c, ch\u1eafc ch\u1eafn s\u1ebd l\u00e0m b\u1ea1n \u0111\u1eafm ch\u00ecm b\u1edfi v\u1ecb th\u01a1m b\u01a1 ng\u1ecdt ng\u00e0o.<\/p>\n<div class=\"x11i5rnm xat24cr x1mh8g0r x1vvkbs xtlvy1s x126k92a\">\n<div dir=\"auto\">\u0110\u01b0\u1ee3c l\u00e0m t\u1eeb b\u01a1 nguy\u00ean ch\u1ea5t v\u00e0 ngu\u1ed3n nguy\u00ean li\u1ec7u ch\u1ea5t l\u01b0\u1ee3ng \u0111\u01b0\u1ee3c tuy\u1ec3n ch\u1ecdn k\u1ef9 l\u01b0\u1ee1ng c\u00f9ng k\u1ef9 thu\u1eadt \u1ee7 b\u1ed9t chuy\u00ean nghi\u1ec7p t\u1eeb c\u00e1c \u0111\u1ea7u b\u1ebfp b\u00e1nh l\u00e0nh ngh\u1ec1, Bottega Zelachi t\u1ef1 h\u00e0o mang \u0111\u1ebfn cho Qu\u00fd kh\u00e1ch h\u00e0ng hai s\u1ea3n ph\u1ea9m b\u00e1nh c\u00e1n l\u1edbp \u0111\u00f4ng l\u1ea1nh Pain Au Chocolate v\u00e0 Croissant, c\u00f3 k\u1ebft c\u1ea5u v\u00e0 h\u01b0\u01a1ng v\u1ecb chu\u1ea9n Ph\u00e1p.<\/div>\n<p dir=\"auto\">V\u1edbi ch\u1ea5t l\u01b0\u1ee3ng \u1ed5n \u0111\u1ecbnh, ti\u1ec7n l\u1ee3i, b\u00e1nh \u0111\u00f4ng l\u1ea1nh ch\u00ednh l\u00e0 gi\u1ea3i ph\u00e1p hi\u1ec7u qu\u1ea3 gi\u00fap c\u00e1c doanh nghi\u1ec7p ki\u1ec3m so\u00e1t v\u1eadn h\u00e0nh v\u00e0 ti\u1ebft ki\u1ec7m chi ph\u00ed h\u01a1n. \u0110\u00e2y s\u1ebd l\u00e0 s\u1ef1 l\u1ef1a ch\u1ecdn l\u00fd t\u01b0\u1edfng \u0111\u1ec3 ph\u1ee5c v\u1ee5 b\u1eefa \u0103n s\u00e1ng hay s\u00e1ng t\u1ea1o c\u00e1c c\u00f4ng th\u1ee9c m\u00f3n tr\u00e1ng mi\u1ec7ng cho nh\u00e0 h\u00e0ng, kh\u00e1ch s\u1ea1n c\u1ee7a b\u1ea1n.<\/p>\n<p dir=\"auto\"><img decoding=\"async\" class=\"aligncenter\" src=\"https:\/\/havamall.vn\/wp-content\/uploads\/2024\/11\/99175a_e3c007b3edec45f1b7b86ffe72bb1924mv2_d_1200_1200_s_2.jpg\" alt=\"Mini Danish Custard | Baker's Oven\" width=\"530\" height=\"530\" \/><\/p>\n<\/div>\n<h2><strong>\u0110\u1eb6C \u0110I\u1ec2M N\u1ed4I B\u1eacT C\u1ee6A S\u1ea2N PH\u1ea8M<\/strong><\/h2>\n<ul>\n<li>Ngu\u1ed3n nguy\u00ean li\u1ec7u t\u1eeb 100% b\u01a1 nguy\u00ean ch\u1ea5t cao c\u1ea5p.<\/li>\n<li>Mang l\u1ea1i s\u1ef1 \u0111a d\u1ea1ng cho menu nh\u00e0 h\u00e0ng, ti\u1ec7m b\u00e1nh c\u1ee7a b\u1ea1n.<\/li>\n<li>Ki\u1ec3m so\u00e1t hao h\u1ee5t t\u1ed1t v\u00e0 ti\u1ebft ki\u1ec7m th\u1eddi gian ch\u1ebf bi\u1ebfn.<\/li>\n<li>Ch\u1ea5t l\u01b0\u1ee3ng \u1ed5n \u0111\u1ecbnh, gi\u00e1 c\u1ea3 c\u1ea1nh tranh gi\u00fap th\u00fac \u0111\u1ea9y hi\u1ec7u su\u1ea5t v\u00e0 t\u1ed1i \u01b0u chi ph\u00ed cho doanh nghi\u1ec7p.<\/li>\n<\/ul>\n<h2><strong>H\u01af\u1edaNG D\u1eaaN S\u1eec D\u1ee4NG<\/strong><\/h2>\n<p>C\u00e1c b\u1ea1n x\u1ebfp b\u00e1nh v\u00e0o khay n\u01b0\u1edbng v\u00e0 r\u00e3 \u0111\u00f4ng t\u1ef1 nhi\u00ean t\u1ea7m 10 ph\u00fat. Sau \u0111\u00f3 n\u01b0\u1edbng b\u00e1nh \u1edf nhi\u1ec7t \u0111\u1ed9 kho\u1ea3ng 170 \u0111\u1ed9 C trong v\u00f2ng 13-15 ph\u00fat t\u00f9y v\u00e0o t\u1eebng lo\u1ea1i l\u00f2 n\u01b0\u1edbng ho\u1eb7c n\u1ed3i chi\u00ean kh\u00f4ng d\u1ea7u. Sau \u0111\u00f3 c\u00e1c b\u1ea1n \u0111\u1ec3 b\u00e1nh ngu\u1ed9i kho\u1ea3ng 10\u2032 r\u1ed3i s\u1eed d\u1ee5ng nh\u00e9. C\u00e1c b\u1ea1n kh\u00f4ng n\u00ean qu\u00e9t tr\u1ee9ng l\u00ean b\u1ec1 m\u1eb7t b\u00e1nh \u0111\u1ec3 tr\u00e1nh b\u00e1nh b\u1ecb ch\u00e1y nh\u00e9.<\/p>\n<p><strong>!! Ch\u00fa \u00fd:\u00a0<\/strong>Kh\u00f4ng t\u00e1i \u0111\u00f4ng s\u1ea3n ph\u1ea9m sau khi r\u00e3 \u0111\u00f4ng ho\u00e0n to\u00e0n.<\/p>","protected":false},"excerpt":{"rendered":"<p>TH\u00d4NG TIN CHUNG Th\u01b0\u01a1ng hi\u1ec7u Viennoiserie Xu\u1ea5t x\u1ee9 Ph\u00e1p Th\u00e0nh ph\u1ea7n B\u1ed9t m\u00ec, b\u01a1, s\u1eefa, \u0111\u01b0\u1eddng, mu\u1ed1i, men, tinh b\u1ed9t,\u2026<\/p>","protected":false},"featured_media":38028,"comment_status":"open","ping_status":"closed","template":"","meta":[],"product_brand":[],"product_cat":[679,671],"product_tag":[],"class_list":{"0":"post-38027","1":"product","2":"type-product","3":"status-publish","4":"has-post-thumbnail","6":"product_cat-banh-dong-lanh","7":"product_cat-nhap-khau-phap","9":"first","10":"instock","11":"sale","12":"shipping-taxable","13":"purchasable","14":"product-type-simple"},"_links":{"self":[{"href":"https:\/\/havamall.vn\/en\/wp-json\/wp\/v2\/product\/38027"}],"collection":[{"href":"https:\/\/havamall.vn\/en\/wp-json\/wp\/v2\/product"}],"about":[{"href":"https:\/\/havamall.vn\/en\/wp-json\/wp\/v2\/types\/product"}],"replies":[{"embeddable":true,"href":"https:\/\/havamall.vn\/en\/wp-json\/wp\/v2\/comments?post=38027"}],"version-history":[{"count":0,"href":"https:\/\/havamall.vn\/en\/wp-json\/wp\/v2\/product\/38027\/revisions"}],"wp:featuredmedia":[{"embeddable":true,"href":"https:\/\/havamall.vn\/en\/wp-json\/wp\/v2\/media\/38028"}],"wp:attachment":[{"href":"https:\/\/havamall.vn\/en\/wp-json\/wp\/v2\/media?parent=38027"}],"wp:term":[{"taxonomy":"product_brand","embeddable":true,"href":"https:\/\/havamall.vn\/en\/wp-json\/wp\/v2\/product_brand?post=38027"},{"taxonomy":"product_cat","embeddable":true,"href":"https:\/\/havamall.vn\/en\/wp-json\/wp\/v2\/product_cat?post=38027"},{"taxonomy":"product_tag","embeddable":true,"href":"https:\/\/havamall.vn\/en\/wp-json\/wp\/v2\/product_tag?post=38027"}],"curies":[{"name":"wp","href":"https:\/\/api.w.org\/{rel}","templated":true}]}}