{"id":36512,"date":"2025-03-16T11:16:10","date_gmt":"2025-03-16T04:16:10","guid":{"rendered":"https:\/\/havamall.vn\/?post_type=product&#038;p=36512"},"modified":"2025-03-18T15:16:15","modified_gmt":"2025-03-18T08:16:15","slug":"gia-vi-cot-lau-trung-khanh-sanwu-150g-sanwu-hotpot-seasoning-soup-base","status":"publish","type":"product","link":"https:\/\/havamall.vn\/en\/shop\/gia-vi-cot-lau-trung-khanh-sanwu-150g-sanwu-hotpot-seasoning-soup-base\/","title":{"rendered":"Gia V\u1ecb C\u1ed1t L\u1ea9u Tr\u00f9ng Kh\u00e1nh Sanwu 150g \u2013 Sanwu Hotpot Seasoning Soup Base"},"content":{"rendered":"<h3>1. Gi\u1edbi thi\u1ec7u v\u1ec1 th\u01b0\u01a1ng hi\u1ec7u Sanwu<\/h3>\n<p>Sanwu (\u4e09\u4e94) l\u00e0 th\u01b0\u01a1ng hi\u1ec7u gia v\u1ecb l\u1ea9u danh ti\u1ebfng \u0111\u1ebfn t\u1eeb Tr\u00f9ng Kh\u00e1nh, Trung Qu\u1ed1c, \u0111\u01b0\u1ee3c th\u00e0nh l\u1eadp t\u1eeb nh\u1eefng n\u0103m 1990. V\u1edbi s\u1ee9 m\u1ec7nh l\u01b0u gi\u1eef tinh hoa c\u1ee7a l\u1ea9u Tr\u00f9ng Kh\u00e1nh, Sanwu k\u1ebft h\u1ee3p nguy\u00ean li\u1ec7u ch\u1ecdn l\u1ecdc c\u00f9ng quy tr\u00ecnh s\u1ea3n xu\u1ea5t hi\u1ec7n \u0111\u1ea1i \u0111\u1ec3 t\u1ea1o ra nh\u1eefng s\u1ea3n ph\u1ea9m gia v\u1ecb ch\u1ea5t l\u01b0\u1ee3ng cao. Th\u01b0\u01a1ng hi\u1ec7u kh\u00f4ng ng\u1eebng nghi\u00ean c\u1ee9u v\u00e0 c\u1ea3i ti\u1ebfn nh\u1eb1m mang \u0111\u1ebfn h\u01b0\u01a1ng v\u1ecb chu\u1ea9n m\u1ef1c, \u0111\u00e1p \u1ee9ng nhu c\u1ea7u c\u1ee7a ng\u01b0\u1eddi y\u00eau \u1ea9m th\u1ef1c cay n\u1ed3ng kh\u00f4ng ch\u1ec9 t\u1ea1i Trung Qu\u1ed1c m\u00e0 c\u00f2n tr\u00ean th\u1ecb tr\u01b0\u1eddng qu\u1ed1c t\u1ebf.<\/p>\n<h3>2. H\u01b0\u01a1ng v\u1ecb \u0111\u1eb7c tr\u01b0ng v\u00e0 Truy\u1ec1n th\u1ed1ng<\/h3>\n<p>Gia v\u1ecb l\u1ea9u Tr\u00f9ng Kh\u00e1nh Sanwu mang \u0111\u1ebfn tr\u1ea3i nghi\u1ec7m cay t\u00ea \u0111\u1eadm \u0111\u00e0 nh\u1edd s\u1ef1 k\u1ebft h\u1ee3p tinh t\u1ebf gi\u1eefa ti\u00eau T\u00e2y Xuy\u00ean, \u1edbt kh\u00f4, t\u00e0o kh\u00ea, h\u1ed3i, qu\u1ebf, h\u00e0nh, t\u1ecfi c\u00f9ng nhi\u1ec1u nguy\u00ean li\u1ec7u t\u1ef1 nhi\u00ean kh\u00e1c. Trong \u0111\u00f3, ti\u00eau T\u00e2y Xuy\u00ean \u0111\u00f3ng vai tr\u00f2 quan tr\u1ecdng khi t\u1ea1o ra c\u1ea3m gi\u00e1c t\u00ea nh\u1eb9 tr\u00ean \u0111\u1ea7u l\u01b0\u1ee1i, k\u1ebft h\u1ee3p v\u1edbi v\u1ecb cay n\u1ed3ng c\u1ee7a \u1edbt kh\u00f4 \u0111\u1ec3 k\u00edch th\u00edch v\u1ecb gi\u00e1c m\u1ea1nh m\u1ebd. Kh\u00f4ng ch\u1ec9 v\u1eady, l\u1edbp h\u01b0\u01a1ng th\u01a1m \u1ea5m \u00e1p t\u1eeb qu\u1ebf, h\u1ed3i v\u00e0 t\u1ecfi gi\u00fap n\u01b0\u1edbc l\u1ea9u tr\u1edf n\u00ean phong ph\u00fa, c\u00f3 chi\u1ec1u s\u00e2u v\u00e0 h\u1ea5p d\u1eabn h\u01a1n. H\u01b0\u01a1ng v\u1ecb c\u1ee7a l\u1ea9u Tr\u00f9ng Kh\u00e1nh kh\u00f4ng \u0111\u01a1n thu\u1ea7n ch\u1ec9 l\u00e0 m\u1ed9t m\u00f3n \u0103n m\u00e0 c\u00f2n g\u1eafn li\u1ec1n v\u1edbi v\u0103n h\u00f3a \u1ea9m th\u1ef1c Trung Hoa, n\u01a1i c\u00e1c m\u00f3n cay lu\u00f4n \u0111\u01b0\u1ee3c \u01b0a chu\u1ed9ng \u0111\u1ec3 gi\u1eef \u1ea5m c\u01a1 th\u1ec3, k\u00edch th\u00edch s\u1ef1 tu\u1ea7n ho\u00e0n m\u00e1u v\u00e0 t\u1ea1o b\u1ea7u kh\u00f4ng kh\u00ed s\u00f4i \u0111\u1ed9ng trong nh\u1eefng b\u1eefa \u0103n sum h\u1ecdp. Ch\u00ednh s\u1ef1 c\u00e2n b\u1eb1ng gi\u1eefa cay, t\u00ea v\u00e0 h\u01b0\u01a1ng th\u01a1m n\u1ed3ng n\u00e0n \u0111\u00e3 gi\u00fap Sanwu tr\u1edf th\u00e0nh l\u1ef1a ch\u1ecdn h\u00e0ng \u0111\u1ea7u c\u1ee7a nh\u1eefng t\u00edn \u0111\u1ed3 \u1ea9m th\u1ef1c \u0111am m\u00ea v\u1ecb cay chu\u1ea9n Tr\u00f9ng Kh\u00e1nh.<\/p>\n<p><img decoding=\"async\" class=\"aligncenter\" src=\"https:\/\/havamall.vn\/wp-content\/uploads\/2025\/03\/C389C3A3C38DC2BCC38DC3B8_501406207-1-scaled.jpg\" \/><\/p>\n<h3>4.\u00a0<strong data-start=\"108\" data-end=\"165\">Th\u00e0nh ph\u1ea7n ch\u00ednh \u2013 B\u00ed quy\u1ebft t\u1ea1o n\u00ean h\u01b0\u01a1ng v\u1ecb \u0111\u1eb7c bi\u1ec7t<\/strong><\/h3>\n<p data-start=\"169\" data-end=\"424\">Gia v\u1ecb l\u1ea9u Sanwu \u0111\u01b0\u1ee3c ch\u1ebf bi\u1ebfn t\u1eeb nh\u1eefng nguy\u00ean li\u1ec7u tinh t\u00fay nh\u1ea5t, mang \u0111\u1ebfn h\u01b0\u01a1ng v\u1ecb \u0111\u1eadm \u0111\u00e0, cay t\u00ea \u0111\u00fang chu\u1ea9n Tr\u00f9ng Kh\u00e1nh. S\u1ef1 k\u1ebft h\u1ee3p h\u00e0i h\u00f2a gi\u1eefa c\u00e1c th\u00e0nh ph\u1ea7n t\u1ef1 nhi\u00ean kh\u00f4ng ch\u1ec9 t\u1ea1o n\u00ean n\u01b0\u1edbc l\u1ea9u th\u01a1m ngon m\u00e0 c\u00f2n k\u00edch th\u00edch v\u1ecb gi\u00e1c m\u1ed9t c\u00e1ch ho\u00e0n h\u1ea3o:<\/p>\n<ul data-start=\"426\" data-end=\"1068\">\n<li data-start=\"426\" data-end=\"548\"><strong data-start=\"428\" data-end=\"438\">D\u1ea7u \u0111\u1ecf<\/strong>: Lo\u1ea1i d\u1ea7u \u1edbt \u0111\u1eb7c tr\u01b0ng, \u0111\u01b0\u1ee3c n\u1ea5u ch\u1eadm \u0111\u1ec3 \u0111\u1ea1t m\u00e0u s\u1eafc r\u1ef1c r\u1ee1 v\u00e0 h\u01b0\u01a1ng v\u1ecb b\u00e9o ng\u1eady, gi\u00fap n\u01b0\u1edbc l\u1ea9u \u0111\u1eadm \u0111\u00e0 h\u01a1n.<\/li>\n<li data-start=\"549\" data-end=\"688\"><strong data-start=\"551\" data-end=\"569\">Ti\u00eau T\u00e2y Xuy\u00ean<\/strong>: Th\u00e0nh ph\u1ea7n quan tr\u1ecdng t\u1ea1o n\u00ean v\u1ecb\u00a0<strong data-start=\"604\" data-end=\"612\">\u201cma\u201d<\/strong>\u00a0\u2013 c\u1ea3m gi\u00e1c t\u00ea nh\u1eb9 tr\u00ean \u0111\u1ea7u l\u01b0\u1ee1i, l\u00e0m n\u00ean n\u00e9t \u0111\u1ed9c \u0111\u00e1o c\u1ee7a l\u1ea9u Tr\u00f9ng Kh\u00e1nh.<\/li>\n<li data-start=\"689\" data-end=\"799\"><strong data-start=\"691\" data-end=\"701\">\u1edat kh\u00f4<\/strong>: S\u1eed d\u1ee5ng lo\u1ea1i \u1edbt cay n\u1ed3ng, \u0111\u01b0\u1ee3c ph\u01a1i kh\u00f4 t\u1ef1 nhi\u00ean \u0111\u1ec3 gi\u1eef nguy\u00ean \u0111\u1ed9 cay v\u00e0 h\u01b0\u01a1ng th\u01a1m \u0111\u1eb7c tr\u01b0ng.<\/li>\n<li data-start=\"800\" data-end=\"905\"><strong data-start=\"802\" data-end=\"824\">H\u00e0nh, t\u1ecfi, t\u00e0o kh\u00ea<\/strong>: T\u1ea1o l\u1edbp h\u01b0\u01a1ng th\u01a1m phong ph\u00fa, gi\u00fap n\u01b0\u1edbc l\u1ea9u c\u00f3 chi\u1ec1u s\u00e2u v\u00e0 v\u1ecb ng\u1ecdt t\u1ef1 nhi\u00ean.<\/li>\n<li data-start=\"906\" data-end=\"1068\"><strong data-start=\"908\" data-end=\"936\">C\u00e1c lo\u1ea1i gia v\u1ecb t\u1ef1 nhi\u00ean<\/strong>: H\u1ed3i, qu\u1ebf v\u00e0 th\u1ea3o m\u1ed9c \u0111\u01b0\u1ee3c tuy\u1ec3n ch\u1ecdn k\u1ef9 l\u01b0\u1ee1ng, g\u00f3p ph\u1ea7n c\u00e2n b\u1eb1ng v\u1ecb cay, t\u00ea v\u00e0 t\u1ea1o n\u00ean h\u01b0\u01a1ng th\u01a1m \u0111\u1eb7c tr\u01b0ng c\u1ee7a l\u1ea9u Tr\u00f9ng Kh\u00e1nh.<\/li>\n<\/ul>\n<p><img decoding=\"async\" class=\"aligncenter\" src=\"https:\/\/havamall.vn\/wp-content\/uploads\/2025\/03\/BA0322hotpot04_2.jpg\" \/><\/p>\n<h3>5.\u00a0<strong data-start=\"1235\" data-end=\"1276\">C\u00e1ch s\u1eed d\u1ee5ng \u2013 \u0110\u01a1n gi\u1ea3n nh\u01b0ng tr\u1ecdn v\u1ecb<\/strong><\/h3>\n<p data-start=\"1280\" data-end=\"1387\">Ch\u1ec9 v\u1edbi v\u00e0i b\u01b0\u1edbc \u0111\u01a1n gi\u1ea3n, b\u1ea1n c\u00f3 th\u1ec3 t\u1ef1 tay ch\u1ebf bi\u1ebfn m\u1ed9t n\u1ed3i l\u1ea9u Tr\u00f9ng Kh\u00e1nh th\u01a1m ngon nh\u01b0 t\u1ea1i nh\u00e0 h\u00e0ng:<\/p>\n<ol data-start=\"1389\" data-end=\"1871\">\n<li data-start=\"1389\" data-end=\"1487\"><strong data-start=\"1392\" data-end=\"1412\">Chu\u1ea9n b\u1ecb n\u1ed3i l\u1ea9u<\/strong>: \u0110un s\u00f4i kho\u1ea3ng\u00a0<strong data-start=\"1429\" data-end=\"1443\">1 l\u00edt n\u01b0\u1edbc<\/strong>\u00a0trong n\u1ed3i l\u1ea9u \u0111i\u1ec7n ho\u1eb7c n\u1ed3i th\u00f4ng th\u01b0\u1eddng.<\/li>\n<li data-start=\"1488\" data-end=\"1586\"><strong data-start=\"1491\" data-end=\"1506\">Th\u00eam gia v\u1ecb<\/strong>: Cho\u00a0<strong data-start=\"1512\" data-end=\"1544\">to\u00e0n b\u1ed9 g\u00f3i gia v\u1ecb l\u1ea9u Sanwu<\/strong>\u00a0v\u00e0o n\u1ed3i n\u01b0\u1edbc s\u00f4i, khu\u1ea5y \u0111\u1ec1u \u0111\u1ec3 h\u00f2a tan.<\/li>\n<li data-start=\"1587\" data-end=\"1693\"><strong data-start=\"1590\" data-end=\"1601\">N\u1ea5u s\u00f4i<\/strong>: \u0110un trong v\u00f2ng\u00a0<strong data-start=\"1618\" data-end=\"1633\">5 \u2013 10 ph\u00fat<\/strong>, gi\u00fap gia v\u1ecb th\u1ea5m s\u00e2u v\u00e0 n\u01b0\u1edbc l\u1ea9u \u0111\u1ea1t \u0111\u1ed9 \u0111\u1eadm \u0111\u00e0 l\u00fd t\u01b0\u1edfng.<\/li>\n<li data-start=\"1694\" data-end=\"1796\"><strong data-start=\"1697\" data-end=\"1717\">Th\u00eam nguy\u00ean li\u1ec7u<\/strong>: Cho th\u1ecbt b\u00f2, g\u00e0, h\u1ea3i s\u1ea3n, n\u1ea5m, rau xanh, \u0111\u1eadu ph\u1ee5 ho\u1eb7c m\u00ec t\u00f9y theo s\u1edf th\u00edch.<\/li>\n<li data-start=\"1797\" data-end=\"1871\"><strong data-start=\"1800\" data-end=\"1815\">Th\u01b0\u1edfng th\u1ee9c<\/strong>: D\u00f9ng k\u00e8m v\u1edbi n\u01b0\u1edbc ch\u1ea5m \u0111\u1eadm \u0111\u00e0 \u0111\u1ec3 t\u0103ng th\u00eam h\u01b0\u01a1ng v\u1ecb.<\/li>\n<\/ol>\n<p><img decoding=\"async\" class=\"aligncenter\" src=\"https:\/\/havamall.vn\/wp-content\/uploads\/2025\/03\/hot-pot-1862w.jpg\" alt=\"Hot Pot at Home\" \/><\/p>\n<h3>6.\u00a0<strong data-start=\"2053\" data-end=\"2080\">T\u1ea1i sao n\u00ean ch\u1ecdn Sanwu?<\/strong><\/h3>\n<p data-start=\"2084\" data-end=\"2229\">Sanwu kh\u00f4ng ch\u1ec9 \u0111\u01a1n thu\u1ea7n l\u00e0 m\u1ed9t th\u01b0\u01a1ng hi\u1ec7u gia v\u1ecb m\u00e0 c\u00f2n l\u00e0 bi\u1ec3u t\u01b0\u1ee3ng c\u1ee7a l\u1ea9u Tr\u00f9ng Kh\u00e1nh ch\u00ednh th\u1ed1ng. Khi l\u1ef1a ch\u1ecdn Sanwu, b\u1ea1n s\u1ebd nh\u1eadn \u0111\u01b0\u1ee3c:<\/p>\n<ul data-start=\"2231\" data-end=\"2820\">\n<li data-start=\"2231\" data-end=\"2383\"><strong data-start=\"2233\" data-end=\"2255\">Ch\u1ea5t l\u01b0\u1ee3ng \u0111\u1ea3m b\u1ea3o<\/strong>: Nguy\u00ean li\u1ec7u \u0111\u01b0\u1ee3c ch\u1ecdn l\u1ecdc t\u1eeb nh\u1eefng ngu\u1ed3n t\u1ed1t nh\u1ea5t, s\u1ea3n xu\u1ea5t theo quy tr\u00ecnh hi\u1ec7n \u0111\u1ea1i v\u00e0 \u0111\u1ea1t c\u00e1c ti\u00eau chu\u1ea9n an to\u00e0n th\u1ef1c ph\u1ea9m.<\/li>\n<li data-start=\"2384\" data-end=\"2501\"><strong data-start=\"2386\" data-end=\"2411\">H\u01b0\u01a1ng v\u1ecb truy\u1ec1n th\u1ed1ng<\/strong>: Gi\u1eef tr\u1ecdn phong c\u00e1ch l\u1ea9u Tr\u00f9ng Kh\u00e1nh v\u1edbi s\u1ef1 k\u1ebft h\u1ee3p ho\u00e0n h\u1ea3o gi\u1eefa v\u1ecb cay, t\u00ea v\u00e0 \u0111\u1eadm \u0111\u00e0.<\/li>\n<li data-start=\"2502\" data-end=\"2638\"><strong data-start=\"2504\" data-end=\"2530\">Ti\u1ec7n l\u1ee3i v\u00e0 d\u1ec5 s\u1eed d\u1ee5ng<\/strong>: Ch\u1ec9 c\u1ea7n m\u1ed9t g\u00f3i gia v\u1ecb, b\u1ea1n c\u00f3 th\u1ec3 n\u1ea5u ngay m\u1ed9t n\u1ed3i l\u1ea9u th\u01a1m ngon m\u00e0 kh\u00f4ng m\u1ea5t nhi\u1ec1u th\u1eddi gian chu\u1ea9n b\u1ecb.<\/li>\n<li data-start=\"2639\" data-end=\"2820\"><strong data-start=\"2641\" data-end=\"2664\">Ph\u00f9 h\u1ee3p v\u1edbi m\u1ecdi d\u1ecbp<\/strong>: D\u00f9 l\u00e0 b\u1eefa \u0103n gia \u0111\u00ecnh, ti\u1ec7c li\u00ean hoan hay nh\u1eefng bu\u1ed5i g\u1eb7p g\u1ee1 b\u1ea1n b\u00e8, Sanwu lu\u00f4n l\u00e0 l\u1ef1a ch\u1ecdn ho\u00e0n h\u1ea3o \u0111\u1ec3 t\u1ea1o n\u00ean kho\u1ea3nh kh\u1eafc \u1ea5m c\u00fang v\u00e0 tr\u00e0n \u0111\u1ea7y h\u01b0\u01a1ng v\u1ecb.<\/li>\n<\/ul>\n<p>Gia v\u1ecb l\u1ea9u Tr\u00f9ng Kh\u00e1nh Sanwu ch\u00ednh l\u00e0 s\u1ef1 l\u1ef1a ch\u1ecdn ho\u00e0n h\u1ea3o cho nh\u1eefng ai y\u00eau th\u00edch h\u01b0\u01a1ng v\u1ecb cay t\u00ea tr\u1ed1 danh! H\u00e3y th\u1eed ngay v\u00e0 c\u00f9ng tr\u1ea3i nghi\u1ec7m n\u1ed3i l\u1ea9u ch\u00ednh hi\u1ec7u Trung Hoa ngay t\u1ea1i nh\u00e0. S\u1ea3n ph\u1ea9m hi\u1ec7n \u0111\u01b0\u1ee3c b\u00e1n t\u1ea1i Havamall.<\/p>","protected":false},"excerpt":{"rendered":"<p>1. Gi\u1edbi thi\u1ec7u v\u1ec1 th\u01b0\u01a1ng hi\u1ec7u Sanwu Sanwu (\u4e09\u4e94) l\u00e0 th\u01b0\u01a1ng hi\u1ec7u gia v\u1ecb l\u1ea9u danh ti\u1ebfng \u0111\u1ebfn t\u1eeb Tr\u00f9ng<\/p>","protected":false},"featured_media":36515,"comment_status":"open","ping_status":"closed","template":"","meta":[],"product_brand":[],"product_cat":[595,674,154,36,143],"product_tag":[],"class_list":{"0":"post-36512","1":"product","2":"type-product","3":"status-publish","4":"has-post-thumbnail","6":"product_cat-gia-vi-va-che-bien","7":"product_cat-nhap-khau-trung-quoc","8":"product_cat-gia-vi","9":"product_cat-thuc-pham-tieu-dung","10":"product_cat-thuc-pham-dong-hop","12":"first","13":"instock","14":"sale","15":"shipping-taxable","16":"purchasable","17":"product-type-simple"},"_links":{"self":[{"href":"https:\/\/havamall.vn\/en\/wp-json\/wp\/v2\/product\/36512"}],"collection":[{"href":"https:\/\/havamall.vn\/en\/wp-json\/wp\/v2\/product"}],"about":[{"href":"https:\/\/havamall.vn\/en\/wp-json\/wp\/v2\/types\/product"}],"replies":[{"embeddable":true,"href":"https:\/\/havamall.vn\/en\/wp-json\/wp\/v2\/comments?post=36512"}],"version-history":[{"count":0,"href":"https:\/\/havamall.vn\/en\/wp-json\/wp\/v2\/product\/36512\/revisions"}],"wp:featuredmedia":[{"embeddable":true,"href":"https:\/\/havamall.vn\/en\/wp-json\/wp\/v2\/media\/36515"}],"wp:attachment":[{"href":"https:\/\/havamall.vn\/en\/wp-json\/wp\/v2\/media?parent=36512"}],"wp:term":[{"taxonomy":"product_brand","embeddable":true,"href":"https:\/\/havamall.vn\/en\/wp-json\/wp\/v2\/product_brand?post=36512"},{"taxonomy":"product_cat","embeddable":true,"href":"https:\/\/havamall.vn\/en\/wp-json\/wp\/v2\/product_cat?post=36512"},{"taxonomy":"product_tag","embeddable":true,"href":"https:\/\/havamall.vn\/en\/wp-json\/wp\/v2\/product_tag?post=36512"}],"curies":[{"name":"wp","href":"https:\/\/api.w.org\/{rel}","templated":true}]}}