{"id":36421,"date":"2025-03-12T10:20:44","date_gmt":"2025-03-12T03:20:44","guid":{"rendered":"https:\/\/havamall.vn\/?post_type=product&#038;p=36421"},"modified":"2025-03-20T15:28:02","modified_gmt":"2025-03-20T08:28:02","slug":"bot-dau-ga-havafoodies-500g-besan-flour-500g","status":"publish","type":"product","link":"https:\/\/havamall.vn\/en\/shop\/bot-dau-ga-havafoodies-500g-besan-flour-500g\/","title":{"rendered":"B\u1ed9t \u0110\u1eadu G\u00e0 Havafoodies 500g \u2013 Besan Flour 500g"},"content":{"rendered":"<div><strong>TH\u00d4NG TIN CHUNG<\/strong><\/div>\n<div>\n<table>\n<tbody>\n<tr>\n<td>Th\u01b0\u01a1ng hi\u1ec7u<\/td>\n<td>Havafoodies<\/td>\n<\/tr>\n<tr>\n<td>Xu\u1ea5t x\u1ee9<\/td>\n<td>\u1ea4n \u0110\u1ed9<\/td>\n<\/tr>\n<tr>\n<td>Th\u00e0nh ph\u1ea7n<\/td>\n<td>Xem tr\u1ef1c ti\u1ebfp tr\u00ean bao b\u00ec<\/td>\n<\/tr>\n<tr>\n<td>H\u1ea1n s\u1eed d\u1ee5ng<\/td>\n<td>Xem tr\u1ef1c ti\u1ebfp tr\u00ean bao b\u00ec<\/td>\n<\/tr>\n<tr>\n<td>B\u1ea3o qu\u1ea3n<\/td>\n<td>\u0110\u1ec3 n\u01a1i kh\u00f4 r\u00e1o, tho\u00e1ng m\u00e1t, tr\u00e1nh \u00e1nh n\u1eafng tr\u1ef1c ti\u1ebfp<\/td>\n<\/tr>\n<tr>\n<td>Kh\u1ed1i l\u01b0\u1ee3ng<\/td>\n<td>500g<\/td>\n<\/tr>\n<\/tbody>\n<\/table>\n<p>B\u1ed9t \u0111\u1eadu g\u00e0, \u0111\u01b0\u1ee3c l\u00e0m t\u1eeb h\u1ea1t \u0111\u1eadu g\u00e0 nghi\u1ec1n m\u1ecbn, l\u00e0 m\u1ed9t nguy\u00ean li\u1ec7u gi\u00e0u dinh d\u01b0\u1ee1ng v\u00e0 \u0111a d\u1ee5ng trong \u1ea9m th\u1ef1c. \u0110\u1eadu g\u00e0, c\u00f2n g\u1ecdi l\u00e0 chickpeas, ch\u1ee9a nhi\u1ec1u protein, ch\u1ea5t x\u01a1, vitamin v\u00e0 kho\u00e1ng ch\u1ea5t, mang l\u1ea1i nhi\u1ec1u l\u1ee3i \u00edch cho s\u1ee9c kh\u1ecfe.<\/p>\n<p><img decoding=\"async\" class=\"aligncenter\" src=\"https:\/\/havamall.vn\/wp-content\/uploads\/2025\/03\/bot-dau-ga-2.png\" \/><\/p>\n<p data-start=\"229\" data-end=\"269\"><strong data-start=\"229\" data-end=\"269\">Th\u00e0nh ph\u1ea7n dinh d\u01b0\u1ee1ng c\u1ee7a b\u1ed9t \u0111\u1eadu g\u00e0<\/strong><\/p>\n<p data-start=\"271\" data-end=\"302\">Trong 100g b\u1ed9t \u0111\u1eadu g\u00e0, c\u00f3 ch\u1ee9a:<\/p>\n<ul data-start=\"304\" data-end=\"550\">\n<li data-start=\"304\" data-end=\"330\"><strong data-start=\"306\" data-end=\"320\">N\u0103ng l\u01b0\u1ee3ng<\/strong>: 366 kcal<\/li>\n<li data-start=\"331\" data-end=\"349\"><strong data-start=\"333\" data-end=\"344\">Protein<\/strong>: 22g<\/li>\n<li data-start=\"350\" data-end=\"373\"><strong data-start=\"352\" data-end=\"368\">Carbohydrate<\/strong>: 61g<\/li>\n<li data-start=\"374\" data-end=\"392\"><strong data-start=\"376\" data-end=\"387\">Ch\u1ea5t x\u01a1<\/strong>: 12g<\/li>\n<li data-start=\"393\" data-end=\"411\"><strong data-start=\"395\" data-end=\"407\">Ch\u1ea5t b\u00e9o<\/strong>: 6g<\/li>\n<li data-start=\"412\" data-end=\"430\"><strong data-start=\"414\" data-end=\"423\">Canxi<\/strong>: 80 mg<\/li>\n<li data-start=\"431\" data-end=\"448\"><strong data-start=\"433\" data-end=\"440\">S\u1eaft<\/strong>: 4,7 mg<\/li>\n<li data-start=\"449\" data-end=\"469\"><strong data-start=\"451\" data-end=\"460\">Magi\u00ea<\/strong>: 78,7 mg<\/li>\n<li data-start=\"470\" data-end=\"492\"><strong data-start=\"472\" data-end=\"484\">Ph\u1ed1t pho<\/strong>: 274 mg<\/li>\n<li data-start=\"493\" data-end=\"511\"><strong data-start=\"495\" data-end=\"503\">Kali<\/strong>: 474 mg<\/li>\n<li data-start=\"512\" data-end=\"529\"><strong data-start=\"514\" data-end=\"521\">K\u1ebdm<\/strong>: 2,5 mg<\/li>\n<li data-start=\"530\" data-end=\"550\"><strong data-start=\"532\" data-end=\"542\">Folate<\/strong>: 280 \u00b5g<\/li>\n<\/ul>\n<p>Nh\u1edd h\u00e0m l\u01b0\u1ee3ng dinh d\u01b0\u1ee1ng phong ph\u00fa, b\u1ed9t \u0111\u1eadu g\u00e0 kh\u00f4ng ch\u1ec9 cung c\u1ea5p n\u0103ng l\u01b0\u1ee3ng m\u00e0 c\u00f2n b\u1ed5 sung c\u00e1c d\u01b0\u1ee1ng ch\u1ea5t thi\u1ebft y\u1ebfu cho c\u01a1 th\u1ec3.<\/p>\n<p><img fetchpriority=\"high\" decoding=\"async\" class=\"aligncenter\" src=\"https:\/\/havamall.vn\/wp-content\/uploads\/2025\/03\/chickpea-flour_annotated2-265f5aa899c14357a8a94873dc8372de.jpg\" width=\"1006\" height=\"671\" \/><\/p>\n<p data-start=\"720\" data-end=\"748\"><strong data-start=\"720\" data-end=\"748\">C\u00f4ng d\u1ee5ng c\u1ee7a b\u1ed9t \u0111\u1eadu g\u00e0<\/strong><\/p>\n<ul data-start=\"750\" data-end=\"1783\">\n<li data-start=\"750\" data-end=\"891\">\n<p data-start=\"752\" data-end=\"891\"><strong data-start=\"752\" data-end=\"771\">H\u1ed7 tr\u1ee3 ti\u00eau h\u00f3a<\/strong>: Ch\u1ea5t x\u01a1 trong b\u1ed9t \u0111\u1eadu g\u00e0 gi\u00fap c\u1ea3i thi\u1ec7n ch\u1ee9c n\u0103ng ti\u00eau h\u00f3a v\u00e0 ng\u0103n ng\u1eeba t\u00e1o b\u00f3n.<\/p>\n<\/li>\n<li data-start=\"750\" data-end=\"891\">\n<p data-start=\"752\" data-end=\"891\"><strong data-start=\"895\" data-end=\"917\">Ki\u1ec3m so\u00e1t c\u00e2n n\u1eb7ng<\/strong>: V\u1edbi h\u00e0m l\u01b0\u1ee3ng protein v\u00e0 ch\u1ea5t x\u01a1 cao, b\u1ed9t \u0111\u1eadu g\u00e0 t\u1ea1o c\u1ea3m gi\u00e1c no l\u00e2u, h\u1ed7 tr\u1ee3 qu\u00e1 tr\u00ecnh gi\u1ea3m c\u00e2n hi\u1ec7u qu\u1ea3.<\/p>\n<\/li>\n<li data-start=\"750\" data-end=\"891\"><strong data-start=\"1066\" data-end=\"1094\">Ph\u00f2ng ng\u1eeba b\u1ec7nh tim m\u1ea1ch<\/strong>: Ch\u1ea5t x\u01a1 h\u00f2a tan trong b\u1ed9t \u0111\u1eadu g\u00e0 gi\u00fap gi\u1ea3m m\u1ee9c cholesterol x\u1ea5u (LDL), t\u1eeb \u0111\u00f3 gi\u1ea3m nguy c\u01a1 m\u1eafc c\u00e1c b\u1ec7nh tim m\u1ea1ch.<\/li>\n<li data-start=\"1247\" data-end=\"1431\">\n<p data-start=\"1249\" data-end=\"1431\"><strong data-start=\"1249\" data-end=\"1274\">Ki\u1ec3m so\u00e1t \u0111\u01b0\u1eddng huy\u1ebft<\/strong>: Ch\u1ec9 s\u1ed1 \u0111\u01b0\u1eddng huy\u1ebft th\u1ea5p c\u00f9ng v\u1edbi ch\u1ea5t x\u01a1 gi\u00fap duy tr\u00ec m\u1ee9c \u0111\u01b0\u1eddng huy\u1ebft \u1ed5n \u0111\u1ecbnh, ph\u00f9 h\u1ee3p cho ng\u01b0\u1eddi m\u1eafc b\u1ec7nh ti\u1ec3u \u0111\u01b0\u1eddng.<\/p>\n<\/li>\n<li data-start=\"1433\" data-end=\"1618\">\n<p data-start=\"1435\" data-end=\"1618\"><strong data-start=\"1435\" data-end=\"1460\">H\u1ed7 tr\u1ee3 s\u1ee9c kh\u1ecfe x\u01b0\u01a1ng<\/strong>: B\u1ed9t \u0111\u1eadu g\u00e0 cung c\u1ea5p canxi, magi\u00ea v\u00e0 ph\u1ed1t pho, c\u00e1c kho\u00e1ng ch\u1ea5t quan tr\u1ecdng cho s\u1ef1 ph\u00e1t tri\u1ec3n v\u00e0 duy tr\u00ec x\u01b0\u01a1ng ch\u1eafc kh\u1ecfe.<\/p>\n<\/li>\n<li data-start=\"1620\" data-end=\"1783\">\n<p data-start=\"1622\" data-end=\"1783\"><strong data-start=\"1622\" data-end=\"1645\">Ng\u0103n ng\u1eeba thi\u1ebfu m\u00e1u<\/strong>: H\u00e0m l\u01b0\u1ee3ng s\u1eaft trong b\u1ed9t \u0111\u1eadu g\u00e0 gi\u00fap t\u0103ng c\u01b0\u1eddng s\u1ea3n xu\u1ea5t h\u1ed3ng c\u1ea7u, ph\u00f2ng ng\u1eeba t\u00ecnh tr\u1ea1ng thi\u1ebfu m\u00e1u.<\/p>\n<\/li>\n<\/ul>\n<p><img decoding=\"async\" class=\"aligncenter\" src=\"https:\/\/havamall.vn\/wp-content\/uploads\/2025\/03\/Chickpea-flour-min-min-1.png\" width=\"991\" height=\"495\" \/><\/p>\n<p data-start=\"1819\" data-end=\"1889\">B\u1ed9t \u0111\u1eadu g\u00e0 c\u00f3 th\u1ec3 \u0111\u01b0\u1ee3c s\u1eed d\u1ee5ng trong nhi\u1ec1u c\u00f4ng th\u1ee9c n\u1ea5u \u0103n kh\u00e1c nhau:<\/p>\n<ul data-start=\"1891\" data-end=\"2422\">\n<li data-start=\"1891\" data-end=\"2002\">\n<p data-start=\"1893\" data-end=\"2002\"><strong data-start=\"1893\" data-end=\"1905\">L\u00e0m b\u00e1nh<\/strong>: S\u1eed d\u1ee5ng b\u1ed9t \u0111\u1eadu g\u00e0 \u0111\u1ec3 l\u00e0m b\u00e1nh m\u00ec, b\u00e1nh quy ho\u1eb7c b\u00e1nh k\u1ebfp, t\u1ea1o ra h\u01b0\u01a1ng v\u1ecb \u0111\u1ed9c \u0111\u00e1o v\u00e0 b\u1ed5 d\u01b0\u1ee1ng.<\/p>\n<\/li>\n<li data-start=\"2004\" data-end=\"2126\">\n<p data-start=\"2006\" data-end=\"2126\"><strong data-start=\"2006\" data-end=\"2027\">N\u1ea5u ch\u00e1o ho\u1eb7c s\u00fap<\/strong>: Th\u00eam b\u1ed9t \u0111\u1eadu g\u00e0 v\u00e0o ch\u00e1o ho\u1eb7c s\u00fap \u0111\u1ec3 t\u0103ng c\u01b0\u1eddng gi\u00e1 tr\u1ecb dinh d\u01b0\u1ee1ng v\u00e0 t\u1ea1o \u0111\u1ed9 s\u00e1nh m\u1ecbn cho m\u00f3n \u0103n.<\/p>\n<\/li>\n<li data-start=\"2128\" data-end=\"2274\">\n<p data-start=\"2130\" data-end=\"2274\"><strong data-start=\"2130\" data-end=\"2156\">L\u00e0m s\u1ed1t ho\u1eb7c n\u01b0\u1edbc ch\u1ea5m<\/strong>: B\u1ed9t \u0111\u1eadu g\u00e0 c\u00f3 th\u1ec3 \u0111\u01b0\u1ee3c d\u00f9ng \u0111\u1ec3 l\u00e0m s\u1ed1t hummus ho\u1eb7c c\u00e1c lo\u1ea1i n\u01b0\u1edbc ch\u1ea5m kh\u00e1c, mang l\u1ea1i h\u01b0\u01a1ng v\u1ecb th\u01a1m ngon v\u00e0 b\u1ed5 d\u01b0\u1ee1ng.<\/p>\n<\/li>\n<li data-start=\"2276\" data-end=\"2422\">\n<p data-start=\"2278\" data-end=\"2422\"><strong data-start=\"2278\" data-end=\"2297\">Thay th\u1ebf b\u1ed9t m\u00ec<\/strong>: Trong m\u1ed9t s\u1ed1 c\u00f4ng th\u1ee9c, b\u1ed9t \u0111\u1eadu g\u00e0 c\u00f3 th\u1ec3 thay th\u1ebf b\u1ed9t m\u00ec, ph\u00f9 h\u1ee3p cho ng\u01b0\u1eddi \u0103n chay ho\u1eb7c ng\u01b0\u1eddi c\u1ea7n ch\u1ebf \u0111\u1ed9 \u0103n kh\u00f4ng gluten.<\/p>\n<\/li>\n<\/ul>\n<p><img decoding=\"async\" class=\"aligncenter\" src=\"https:\/\/havamall.vn\/wp-content\/uploads\/2025\/03\/12-Yummy-Chickpea-Flour-Recipes-Savoury-Sweet.png\" width=\"983\" height=\"685\" \/><\/p>\n<p data-start=\"2424\" data-end=\"2552\">V\u1edbi nh\u1eefng l\u1ee3i \u00edch v\u00e0 \u1ee9ng d\u1ee5ng \u0111a d\u1ea1ng, b\u1ed9t \u0111\u1eadu g\u00e0 l\u00e0 l\u1ef1a ch\u1ecdn tuy\u1ec7t v\u1eddi cho nh\u1eefng ai quan t\u00e2m \u0111\u1ebfn s\u1ee9c kh\u1ecfe v\u00e0 \u1ea9m th\u1ef1c l\u00e0nh m\u1ea1nh. S\u1ea3n ph\u1ea9m hi\u1ec7n \u0111ang \u0111\u01b0\u1ee3c b\u00e1n t\u1ea1i Havamall.<\/p>\n<\/div>","protected":false},"excerpt":{"rendered":"<p>TH\u00d4NG TIN CHUNG Th\u01b0\u01a1ng hi\u1ec7u Havafoodies Xu\u1ea5t x\u1ee9 \u1ea4n \u0110\u1ed9 Th\u00e0nh ph\u1ea7n Xem tr\u1ef1c ti\u1ebfp tr\u00ean bao b\u00ec H\u1ea1n s\u1eed<\/p>","protected":false},"featured_media":36422,"comment_status":"open","ping_status":"closed","template":"","meta":[],"product_brand":[],"product_cat":[595,681,154,36,134],"product_tag":[],"class_list":{"0":"post-36421","1":"product","2":"type-product","3":"status-publish","4":"has-post-thumbnail","6":"product_cat-gia-vi-va-che-bien","7":"product_cat-nhap-khau-an-do","8":"product_cat-gia-vi","9":"product_cat-thuc-pham-tieu-dung","10":"product_cat-thucpham-saykho","12":"first","13":"instock","14":"shipping-taxable","15":"product-type-simple"},"_links":{"self":[{"href":"https:\/\/havamall.vn\/en\/wp-json\/wp\/v2\/product\/36421"}],"collection":[{"href":"https:\/\/havamall.vn\/en\/wp-json\/wp\/v2\/product"}],"about":[{"href":"https:\/\/havamall.vn\/en\/wp-json\/wp\/v2\/types\/product"}],"replies":[{"embeddable":true,"href":"https:\/\/havamall.vn\/en\/wp-json\/wp\/v2\/comments?post=36421"}],"version-history":[{"count":0,"href":"https:\/\/havamall.vn\/en\/wp-json\/wp\/v2\/product\/36421\/revisions"}],"wp:featuredmedia":[{"embeddable":true,"href":"https:\/\/havamall.vn\/en\/wp-json\/wp\/v2\/media\/36422"}],"wp:attachment":[{"href":"https:\/\/havamall.vn\/en\/wp-json\/wp\/v2\/media?parent=36421"}],"wp:term":[{"taxonomy":"product_brand","embeddable":true,"href":"https:\/\/havamall.vn\/en\/wp-json\/wp\/v2\/product_brand?post=36421"},{"taxonomy":"product_cat","embeddable":true,"href":"https:\/\/havamall.vn\/en\/wp-json\/wp\/v2\/product_cat?post=36421"},{"taxonomy":"product_tag","embeddable":true,"href":"https:\/\/havamall.vn\/en\/wp-json\/wp\/v2\/product_tag?post=36421"}],"curies":[{"name":"wp","href":"https:\/\/api.w.org\/{rel}","templated":true}]}}