{"id":36415,"date":"2025-03-12T10:14:25","date_gmt":"2025-03-12T03:14:25","guid":{"rendered":"https:\/\/havamall.vn\/?post_type=product&#038;p=36415"},"modified":"2025-09-28T16:32:37","modified_gmt":"2025-09-28T09:32:37","slug":"dua-muoi-hon-hop-mothers-recipe-400g-mothers-recipe-mixed-pickle","status":"publish","type":"product","link":"https:\/\/havamall.vn\/en\/shop\/dua-muoi-hon-hop-mothers-recipe-400g-mothers-recipe-mixed-pickle\/","title":{"rendered":"D\u01b0a Mu\u1ed1i H\u1ed7n H\u1ee3p Mother\u2019s Recipe 400g \u2013 Mother\u2019s Recipe Mixed Pickle"},"content":{"rendered":"<h4><strong>TH\u00d4NG TIN CHUNG<\/strong><\/h4>\n<table>\n<thead>\n<tr>\n<th><strong>Th\u01b0\u01a1ng hi\u1ec7u<\/strong><\/th>\n<th>Mother\u2019s Recipe<\/th>\n<\/tr>\n<\/thead>\n<tbody>\n<tr>\n<td><strong>Xu\u1ea5t x\u1ee9<\/strong><\/td>\n<td>\u1ea4n \u0110\u1ed9<\/td>\n<\/tr>\n<tr>\n<td><strong>Th\u00e0nh ph\u1ea7n<\/strong><\/td>\n<td>Xo\u00e0i, chanh, c\u00e0 r\u1ed1t, \u1edbt xanh, mu\u1ed1i, d\u1ea7u b\u00f4ng v\u1ea3i, n\u01b0\u1edbc, gia v\u1ecb (b\u1ed9t \u1edbt \u0111\u1ecf, h\u1ea1t methi, hing)<\/td>\n<\/tr>\n<tr>\n<td><strong>H\u1ea1n s\u1eed d\u1ee5ng<\/strong><\/td>\n<td>Xem tr\u1ef1c ti\u1ebfp tr\u00ean bao b\u00ec<\/td>\n<\/tr>\n<tr>\n<td><strong>B\u1ea3o qu\u1ea3n<\/strong><\/td>\n<td>\u0110\u1ec3 n\u01a1i kh\u00f4 r\u00e1o, tho\u00e1ng m\u00e1t, tr\u00e1nh \u00e1nh n\u1eafng tr\u1ef1c ti\u1ebfp. \u0110\u00f3ng k\u00edn n\u1eafp sau khi s\u1eed d\u1ee5ng<\/td>\n<\/tr>\n<tr>\n<td><strong>Kh\u1ed1i l\u01b0\u1ee3ng<\/strong><\/td>\n<td>400g<\/td>\n<\/tr>\n<\/tbody>\n<\/table>\n<h3><strong>1. Gi\u1edbi thi\u1ec7u v\u1ec1 th\u01b0\u01a1ng hi\u1ec7u Mother\u2019s Recipe<\/strong><\/h3>\n<p>Mother\u2019s Recipe l\u00e0 m\u1ed9t trong nh\u1eefng th\u01b0\u01a1ng hi\u1ec7u th\u1ef1c ph\u1ea9m h\u00e0ng \u0111\u1ea7u c\u1ee7a \u1ea4n \u0110\u1ed9, n\u1ed5i ti\u1ebfng v\u1edbi c\u00e1c s\u1ea3n ph\u1ea9m \u0111\u01b0\u1ee3c ch\u1ebf bi\u1ebfn theo c\u00f4ng th\u1ee9c truy\u1ec1n th\u1ed1ng, mang \u0111\u1eadm h\u01b0\u01a1ng v\u1ecb gia \u0111\u00ecnh. V\u1edbi h\u01a1n 20 n\u0103m kinh nghi\u1ec7m trong ng\u00e0nh, Mother\u2019s Recipe \u0111\u00e3 chinh ph\u1ee5c th\u1ecb tr\u01b0\u1eddng to\u00e0n c\u1ea7u b\u1eb1ng s\u1ef1 k\u1ebft h\u1ee3p gi\u1eefa nguy\u00ean li\u1ec7u ch\u1ea5t l\u01b0\u1ee3ng cao v\u00e0 b\u00ed quy\u1ebft \u1ea9m th\u1ef1c l\u00e2u \u0111\u1eddi. S\u1ea3n ph\u1ea9m c\u1ee7a th\u01b0\u01a1ng hi\u1ec7u n\u00e0y kh\u00f4ng ch\u1ec9 \u0111\u01b0\u1ee3c \u01b0a chu\u1ed9ng t\u1ea1i \u1ea4n \u0110\u1ed9 m\u00e0 c\u00f2n xu\u1ea5t kh\u1ea9u \u0111\u1ebfn nhi\u1ec1u qu\u1ed1c gia, bao g\u1ed3m M\u1ef9, Anh, \u00dac v\u00e0 khu v\u1ef1c Trung \u0110\u00f4ng.<\/p>\n<p><img decoding=\"async\" class=\"aligncenter\" src=\"https:\/\/scontent.fhan3-3.fna.fbcdn.net\/v\/t39.30808-6\/379226372_712756237554484_8707545033639038820_n.jpg?_nc_cat=111&amp;ccb=1-7&amp;_nc_sid=127cfc&amp;_nc_ohc=mPFrjKfO4SMQ7kNvgFfHn8h&amp;_nc_oc=AdioH0dOFP_-3kS5j7vJRcdvZF0kM1QmF_nsEh30yxhRVybfBKzvZOprtlHuq_44ID8&amp;_nc_zt=23&amp;_nc_ht=scontent.fhan3-3.fna&amp;_nc_gid=Ac09wc0jjwOI-3oD2Xea0eF&amp;oh=00_AYGDSCXjCh9TO40GX7wHAge3q0aQOkKdUpoFHAHN_flN6w&amp;oe=67D6B98C\" alt=\"Kh\u00f4ng c\u00f3 m\u00f4 t\u1ea3 \u1ea3nh.\" \/><\/p>\n<h3><strong>2. Gi\u1edbi thi\u1ec7u s\u1ea3n ph\u1ea9m Mother\u2019s Recipe Mixed Pickle 400g<\/strong><\/h3>\n<p>Mother\u2019s Recipe Mixed Pickle 400g l\u00e0 m\u1ed9t lo\u1ea1i d\u01b0a mu\u1ed1i h\u1ed7n h\u1ee3p \u0111\u1eb7c tr\u01b0ng c\u1ee7a \u1ea4n \u0110\u1ed9, k\u1ebft h\u1ee3p nhi\u1ec1u lo\u1ea1i rau c\u1ee7 nh\u01b0 xo\u00e0i, chanh, c\u00e0 r\u1ed1t v\u00e0 \u1edbt xanh, t\u1ea1o n\u00ean s\u1ef1 c\u00e2n b\u1eb1ng ho\u00e0n h\u1ea3o gi\u1eefa v\u1ecb chua, cay, m\u1eb7n v\u00e0 m\u1ed9t ch\u00fat ng\u1ecdt. C\u00e1c nguy\u00ean li\u1ec7u \u0111\u01b0\u1ee3c l\u1ef1a ch\u1ecdn k\u1ef9 l\u01b0\u1ee1ng, sau \u0111\u00f3 ng\u00e2m trong d\u1ea7u m\u00f9 t\u1ea1t c\u00f9ng h\u1ed7n h\u1ee3p gia v\u1ecb \u0111\u1eb7c tr\u01b0ng, mang \u0111\u1ebfn h\u01b0\u01a1ng v\u1ecb \u0111\u1eadm \u0111\u00e0, k\u00edch th\u00edch v\u1ecb gi\u00e1c.<\/p>\n<h3><strong>3. Th\u00e0nh ph\u1ea7n ch\u00ednh<\/strong><\/h3>\n<ul>\n<li><strong>Rau c\u1ee7 h\u1ed7n h\u1ee3p (68%)<\/strong>: Xo\u00e0i, chanh, c\u00e0 r\u1ed1t, \u1edbt xanh v\u00e0 c\u00e1c lo\u1ea1i rau c\u1ee7 theo m\u00f9a<\/li>\n<li><strong>Mu\u1ed1i<\/strong>: T\u0103ng \u0111\u1ed9 \u0111\u1eadm \u0111\u00e0 v\u00e0 gi\u00fap b\u1ea3o qu\u1ea3n t\u1ef1 nhi\u00ean<\/li>\n<li><strong>D\u1ea7u b\u00f4ng v\u1ea3i<\/strong>: B\u1ea3o qu\u1ea3n nguy\u00ean li\u1ec7u v\u00e0 t\u0103ng \u0111\u1ed9 b\u00f3ng b\u1ea9y cho d\u01b0a mu\u1ed1i<\/li>\n<li><strong>N\u01b0\u1edbc<\/strong>: H\u1ed7 tr\u1ee3 qu\u00e1 tr\u00ecnh h\u00f2a tr\u1ed9n h\u01b0\u01a1ng v\u1ecb<\/li>\n<li><strong>Gia v\u1ecb \u0111\u1eb7c tr\u01b0ng<\/strong>: B\u1ed9t \u1edbt \u0111\u1ecf, h\u1ea1t methi (fenugreek), hing (asafoetida)<\/li>\n<\/ul>\n<p><img fetchpriority=\"high\" decoding=\"async\" class=\"aligncenter\" src=\"https:\/\/scontent.fhan3-2.fna.fbcdn.net\/v\/t39.30808-6\/280969933_5929233380437068_1634841244177581740_n.jpg?_nc_cat=107&amp;ccb=1-7&amp;_nc_sid=127cfc&amp;_nc_ohc=ZpC4cI6VC1IQ7kNvgHnqtxe&amp;_nc_oc=AdhZwZyrmZg5EJFm3ihZcdT_blfvlEPlsEaw1hO5QmUos25GGs4PC0RB1skbjkDtcOM&amp;_nc_zt=23&amp;_nc_ht=scontent.fhan3-2.fna&amp;_nc_gid=A9dOIt8KhUUXcfHZF79HZf1&amp;oh=00_AYGGd-hs7Nmm5npXkh9O5oUgq-vbzkIhc7BHsgwjG1qe9A&amp;oe=67D6D5E2\" alt=\"Kh\u00f4ng c\u00f3 m\u00f4 t\u1ea3 \u1ea3nh.\" width=\"1085\" height=\"1074\" \/><\/p>\n<h3><strong>4. H\u01b0\u1edbng d\u1eabn s\u1eed d\u1ee5ng<\/strong><\/h3>\n<ul>\n<li><strong>\u0102n k\u00e8m v\u1edbi c\u01a1m<\/strong>: M\u1ed9t \u00edt d\u01b0a mu\u1ed1i c\u00f9ng c\u01a1m tr\u1eafng ho\u1eb7c c\u01a1m chi\u00ean gi\u00fap m\u00f3n \u0103n th\u00eam \u0111\u1eadm \u0111\u00e0.<\/li>\n<li><strong>D\u00f9ng v\u1edbi b\u00e1nh m\u00ec, paratha, roti<\/strong>: H\u01b0\u01a1ng v\u1ecb chua cay c\u1ee7a d\u01b0a mu\u1ed1i k\u1ebft h\u1ee3p ho\u00e0n h\u1ea3o v\u1edbi b\u00e1nh m\u00ec truy\u1ec1n th\u1ed1ng c\u1ee7a \u1ea4n \u0110\u1ed9.<\/li>\n<li><strong>K\u1ebft h\u1ee3p v\u1edbi salad<\/strong>: C\u1eaft nh\u1ecf d\u01b0a mu\u1ed1i v\u00e0 tr\u1ed9n c\u00f9ng rau xanh \u0111\u1ec3 t\u1ea1o m\u00f3n salad \u0111\u1ea7y h\u01b0\u01a1ng v\u1ecb.<\/li>\n<li><strong>Th\u00eam v\u00e0o m\u00f3n c\u00e0 ri ho\u1eb7c h\u1ea7m<\/strong>: M\u1ed9t ch\u00fat d\u01b0a mu\u1ed1i gi\u00fap m\u00f3n \u0103n t\u0103ng th\u00eam \u0111\u1ed9 phong ph\u00fa v\u00e0 h\u1ea5p d\u1eabn.<\/li>\n<\/ul>\n<p><img decoding=\"async\" class=\"aligncenter\" src=\"https:\/\/scontent.fhan3-2.fna.fbcdn.net\/v\/t39.30808-6\/353029452_7162195470474180_4203011783783639021_n.jpg?_nc_cat=101&amp;ccb=1-7&amp;_nc_sid=127cfc&amp;_nc_ohc=lR-hEydCs8cQ7kNvgHLoNqK&amp;_nc_oc=AdixLTT9h8OtrU0xIudNNdk3Jkyh7OuBlfq5hPIpZhfKdPYOQqfNpEv2TRfI-PqVcDI&amp;_nc_zt=23&amp;_nc_ht=scontent.fhan3-2.fna&amp;_nc_gid=ARC5sIIXMyQII3aYqiETuhx&amp;oh=00_AYEAGm_EXjFhRlM2liZgqSmWrumDFq5xRsbE4_GvbUs2oA&amp;oe=67D6E2E3\" alt=\"May be an image of \u200etext that says &quot;\u200eMother's RECIPE TASTE THE THELOVE Ek Atrangi Yaari ki Shuruwat Mother's RECIPE MIXED PICKLE (SOUTIIN STYLE) No added preservatives Made with Love \u0647 #GharKaPyaar\u200e&quot;\u200e\" \/><\/p>\n<h3><strong>5. \u0110i\u1ec3m \u0111\u1eb7c bi\u1ec7t c\u1ee7a Mother\u2019s Recipe Mixed Pickle 400g<\/strong><\/h3>\n<ul>\n<li><strong>C\u00f4ng th\u1ee9c truy\u1ec1n th\u1ed1ng<\/strong>: \u0110\u01b0\u1ee3c ch\u1ebf bi\u1ebfn theo c\u00f4ng th\u1ee9c gia truy\u1ec1n c\u1ee7a \u1ea4n \u0110\u1ed9, gi\u1eef tr\u1ecdn h\u01b0\u01a1ng v\u1ecb nguy\u00ean b\u1ea3n.<\/li>\n<li><strong>Nguy\u00ean li\u1ec7u t\u1ef1 nhi\u00ean<\/strong>: Kh\u00f4ng ch\u1ee9a ch\u1ea5t b\u1ea3o qu\u1ea3n nh\u00e2n t\u1ea1o, \u0111\u1ea3m b\u1ea3o s\u1ef1 an to\u00e0n v\u00e0 l\u00e0nh m\u1ea1nh cho s\u1ee9c kh\u1ecfe.<\/li>\n<li><strong>H\u01b0\u01a1ng v\u1ecb \u0111\u1eadm \u0111\u00e0<\/strong>: S\u1ef1 k\u1ebft h\u1ee3p ho\u00e0n h\u1ea3o gi\u1eefa nhi\u1ec1u lo\u1ea1i rau c\u1ee7 v\u00e0 gia v\u1ecb, mang \u0111\u1ebfn v\u1ecb chua cay m\u1eb7n ng\u1ecdt \u0111\u1ed9c \u0111\u00e1o.<\/li>\n<li><strong>\u0110a d\u1ea1ng c\u00e1ch s\u1eed d\u1ee5ng<\/strong>: Ph\u00f9 h\u1ee3p v\u1edbi nhi\u1ec1u m\u00f3n \u0103n, t\u1eeb c\u01a1m, b\u00e1nh m\u00ec cho \u0111\u1ebfn salad v\u00e0 m\u00f3n h\u1ea7m.<\/li>\n<li><strong>Ti\u1ec7n l\u1ee3i v\u00e0 d\u1ec5 b\u1ea3o qu\u1ea3n<\/strong>: \u0110\u00f3ng g\u00f3i trong h\u0169 400g, d\u1ec5 d\u00e0ng b\u1ea3o qu\u1ea3n v\u00e0 s\u1eed d\u1ee5ng l\u00e2u d\u00e0i.<\/li>\n<\/ul>\n<p>Mother\u2019s Recipe Mixed Pickle 400g kh\u00f4ng ch\u1ec9 l\u00e0 m\u1ed9t m\u00f3n \u0103n k\u00e8m ngon mi\u1ec7ng m\u00e0 c\u00f2n l\u00e0 m\u1ed9t ph\u1ea7n c\u1ee7a v\u0103n h\u00f3a \u1ea9m th\u1ef1c \u1ea4n \u0110\u1ed9, mang \u0111\u1ebfn tr\u1ea3i nghi\u1ec7m v\u1ecb gi\u00e1c \u0111\u1ed9c \u0111\u00e1o. \u0110\u00e2y l\u00e0 l\u1ef1a ch\u1ecdn ho\u00e0n h\u1ea3o cho nh\u1eefng ai y\u00eau th\u00edch s\u1ef1 phong ph\u00fa trong h\u01b0\u01a1ng v\u1ecb v\u00e0 mong mu\u1ed1n kh\u00e1m ph\u00e1 n\u00e9t \u0111\u1eb7c s\u1eafc c\u1ee7a \u1ea9m th\u1ef1c \u1ea4n \u0110\u1ed9. S\u1ea3n ph\u1ea9m hi\u1ec7n \u0111ang \u0111\u01b0\u1ee3c b\u00e1n t\u1ea1i Havamall.<\/p>\n<p><em><strong>L\u01b0u \u00fd<\/strong>: S\u1ea3n ph\u1ea9m c\u00f3 ch\u1ee9a d\u1ea7u m\u00f9 t\u1ea1t v\u00e0 gia v\u1ecb m\u1ea1nh, n\u00ean th\u1eed m\u1ed9t l\u01b0\u1ee3ng nh\u1ecf tr\u01b0\u1edbc khi s\u1eed d\u1ee5ng \u0111\u1ec3 \u0111\u1ea3m b\u1ea3o ph\u00f9 h\u1ee3p v\u1edbi kh\u1ea9u v\u1ecb c\u00e1 nh\u00e2n.<\/em><\/p>","protected":false},"excerpt":{"rendered":"<p>TH\u00d4NG TIN CHUNG Th\u01b0\u01a1ng hi\u1ec7u Mother\u2019s Recipe Xu\u1ea5t x\u1ee9 \u1ea4n \u0110\u1ed9 Th\u00e0nh ph\u1ea7n Xo\u00e0i, chanh, c\u00e0 r\u1ed1t, \u1edbt xanh, mu\u1ed1i,<\/p>","protected":false},"featured_media":36416,"comment_status":"open","ping_status":"closed","template":"","meta":[],"product_brand":[],"product_cat":[595,681,154,36,143],"product_tag":[],"class_list":{"0":"post-36415","1":"product","2":"type-product","3":"status-publish","4":"has-post-thumbnail","6":"product_cat-gia-vi-va-che-bien","7":"product_cat-nhap-khau-an-do","8":"product_cat-gia-vi","9":"product_cat-thuc-pham-tieu-dung","10":"product_cat-thuc-pham-dong-hop","12":"first","13":"outofstock","14":"sale","15":"shipping-taxable","16":"purchasable","17":"product-type-simple"},"_links":{"self":[{"href":"https:\/\/havamall.vn\/en\/wp-json\/wp\/v2\/product\/36415"}],"collection":[{"href":"https:\/\/havamall.vn\/en\/wp-json\/wp\/v2\/product"}],"about":[{"href":"https:\/\/havamall.vn\/en\/wp-json\/wp\/v2\/types\/product"}],"replies":[{"embeddable":true,"href":"https:\/\/havamall.vn\/en\/wp-json\/wp\/v2\/comments?post=36415"}],"version-history":[{"count":0,"href":"https:\/\/havamall.vn\/en\/wp-json\/wp\/v2\/product\/36415\/revisions"}],"wp:featuredmedia":[{"embeddable":true,"href":"https:\/\/havamall.vn\/en\/wp-json\/wp\/v2\/media\/36416"}],"wp:attachment":[{"href":"https:\/\/havamall.vn\/en\/wp-json\/wp\/v2\/media?parent=36415"}],"wp:term":[{"taxonomy":"product_brand","embeddable":true,"href":"https:\/\/havamall.vn\/en\/wp-json\/wp\/v2\/product_brand?post=36415"},{"taxonomy":"product_cat","embeddable":true,"href":"https:\/\/havamall.vn\/en\/wp-json\/wp\/v2\/product_cat?post=36415"},{"taxonomy":"product_tag","embeddable":true,"href":"https:\/\/havamall.vn\/en\/wp-json\/wp\/v2\/product_tag?post=36415"}],"curies":[{"name":"wp","href":"https:\/\/api.w.org\/{rel}","templated":true}]}}