{"id":36412,"date":"2025-03-12T10:11:18","date_gmt":"2025-03-12T03:11:18","guid":{"rendered":"https:\/\/havamall.vn\/?post_type=product&#038;p=36412"},"modified":"2025-09-28T16:35:16","modified_gmt":"2025-09-28T09:35:16","slug":"bot-xoai-kho-everest-100g-everest-dry-mango-powder","status":"publish","type":"product","link":"https:\/\/havamall.vn\/en\/shop\/bot-xoai-kho-everest-100g-everest-dry-mango-powder\/","title":{"rendered":"B\u1ed9t Xo\u00e0i Kh\u00f4 Everest 100g \u2013 Everest Dry Mango Powder"},"content":{"rendered":"<div class=\"wd-nav-wrapper wd-nav-tabs-wrapper text-center\">\n<p style=\"text-align: left\"><span style=\"font-size: 18pt\"><strong>TH\u00d4NG TIN CHUNG<\/strong><\/span><\/p>\n<\/div>\n<div id=\"tab-description\" class=\"woocommerce-Tabs-panel panel entry-content wc-tab woocommerce-Tabs-panel--description\" role=\"tabpanel\" aria-labelledby=\"tab-title-description\" data-accordion-index=\"description\">\n<table style=\"width: 41.8036%;height: 144px\">\n<tbody>\n<tr style=\"height: 24px\">\n<td style=\"width: 26.7687%;height: 24px\">Th\u01b0\u01a1ng hi\u1ec7u<\/td>\n<td style=\"width: 86.3726%;height: 24px\">Everest<\/td>\n<\/tr>\n<tr style=\"height: 24px\">\n<td style=\"width: 26.7687%;height: 24px\">Xu\u1ea5t x\u1ee9<\/td>\n<td style=\"width: 86.3726%;height: 24px\">\u1ea4n \u0110\u1ed9<\/td>\n<\/tr>\n<tr style=\"height: 24px\">\n<td style=\"width: 26.7687%;height: 24px\">Th\u00e0nh ph\u1ea7n<\/td>\n<td style=\"width: 86.3726%;height: 24px\">Xem tr\u1ef1c ti\u1ebfp tr\u00ean bao b\u00ec<\/td>\n<\/tr>\n<tr style=\"height: 24px\">\n<td style=\"width: 26.7687%;height: 24px\">H\u1ea1n s\u1eed d\u1ee5ng<\/td>\n<td style=\"width: 86.3726%;height: 24px\">Xem tr\u1ef1c ti\u1ebfp tr\u00ean bao b\u00ec<\/td>\n<\/tr>\n<tr style=\"height: 24px\">\n<td style=\"width: 26.7687%;height: 24px\">B\u1ea3o qu\u1ea3n<\/td>\n<td style=\"width: 86.3726%;height: 24px\">\u0110\u1ec3 n\u01a1i kh\u00f4 r\u00e1o, tho\u00e1ng m\u00e1t, tr\u00e1nh \u00e1nh n\u1eafng tr\u1ef1c ti\u1ebfp<\/td>\n<\/tr>\n<tr style=\"height: 24px\">\n<td style=\"width: 26.7687%;height: 24px\">Kh\u1ed1i l\u01b0\u1ee3ng<\/td>\n<td style=\"width: 86.3726%;height: 24px\">100g<\/td>\n<\/tr>\n<\/tbody>\n<\/table>\n<p><span style=\"font-size: 18pt\"><strong>EVEREST DRY MANGO 100G \u2013 V\u1eca XO\u00c0I KH\u00d4 CHU\u1ea8N \u1ea4N \u0110\u1ed8, TH\u01af\u1edeNG TH\u1ee8C TR\u1eccN V\u1eb8N TINH HOA THI\u00caN NHI\u00caN<\/strong><\/span><\/p>\n<h3><span style=\"font-size: 14pt\"><strong>1. Gi\u1edbi thi\u1ec7u th\u01b0\u01a1ng hi\u1ec7u Everest<\/strong><\/span><\/h3>\n<p>Everest l\u00e0 m\u1ed9t trong nh\u1eefng th\u01b0\u01a1ng hi\u1ec7u gia v\u1ecb v\u00e0 th\u1ef1c ph\u1ea9m h\u00e0ng \u0111\u1ea7u \u1ea4n \u0110\u1ed9, n\u1ed5i ti\u1ebfng v\u1edbi ch\u1ea5t l\u01b0\u1ee3ng cao v\u00e0 h\u01b0\u01a1ng v\u1ecb \u0111\u1eadm \u0111\u00e0. V\u1edbi h\u01a1n 50 n\u0103m kinh nghi\u1ec7m trong ng\u00e0nh th\u1ef1c ph\u1ea9m, Everest cam k\u1ebft mang \u0111\u1ebfn nh\u1eefng s\u1ea3n ph\u1ea9m \u0111\u01b0\u1ee3c ch\u1ebf bi\u1ebfn t\u1eeb ngu\u1ed3n nguy\u00ean li\u1ec7u tuy\u1ec3n ch\u1ecdn k\u1ef9 l\u01b0\u1ee1ng, \u0111\u1ea3m b\u1ea3o s\u1ef1 tinh khi\u1ebft v\u00e0 an to\u00e0n cho s\u1ee9c kh\u1ecfe. Th\u01b0\u01a1ng hi\u1ec7u n\u00e0y \u0111\u01b0\u1ee3c tin d\u00f9ng kh\u00f4ng ch\u1ec9 t\u1ea1i \u1ea4n \u0110\u1ed9 m\u00e0 c\u00f2n \u1edf nhi\u1ec1u qu\u1ed1c gia tr\u00ean th\u1ebf gi\u1edbi, \u0111\u1eb7c bi\u1ec7t l\u00e0 nh\u1eefng ng\u01b0\u1eddi y\u00eau th\u00edch \u1ea9m th\u1ef1c truy\u1ec1n th\u1ed1ng v\u00e0 h\u01b0\u01a1ng v\u1ecb \u0111\u1eb7c tr\u01b0ng t\u1eeb c\u00e1c lo\u1ea1i gia v\u1ecb, tr\u00e1i c\u00e2y s\u1ea5y.<\/p>\n<h3><span style=\"font-size: 14pt\"><strong>2. Gi\u1edbi thi\u1ec7u s\u1ea3n ph\u1ea9m Everest Dry Mango 100g<\/strong><\/span><\/h3>\n<p>Everest Dry Mango 100g l\u00e0 s\u1ea3n ph\u1ea9m xo\u00e0i s\u1ea5y d\u1ebbo cao c\u1ea5p, mang \u0111\u1ebfn h\u01b0\u01a1ng v\u1ecb chua ng\u1ecdt t\u1ef1 nhi\u00ean t\u1eeb nh\u1eefng tr\u00e1i xo\u00e0i ch\u00edn m\u1ecdng \u0111\u01b0\u1ee3c tuy\u1ec3n ch\u1ecdn k\u1ef9 c\u00e0ng. V\u1edbi quy tr\u00ecnh s\u1ea3n xu\u1ea5t hi\u1ec7n \u0111\u1ea1i, Everest gi\u1eef tr\u1ecdn v\u1eb9n h\u01b0\u01a1ng v\u1ecb th\u01a1m ngon, m\u00e0u s\u1eafc t\u01b0\u01a1i s\u00e1ng v\u00e0 gi\u00e1 tr\u1ecb dinh d\u01b0\u1ee1ng c\u1ee7a xo\u00e0i. S\u1ea3n ph\u1ea9m n\u00e0y kh\u00f4ng ch\u1ec9 l\u00e0 m\u1ed9t m\u00f3n \u0103n v\u1eb7t h\u1ea5p d\u1eabn m\u00e0 c\u00f2n l\u00e0 ngu\u1ed3n b\u1ed5 sung vitamin v\u00e0 kho\u00e1ng ch\u1ea5t c\u1ea7n thi\u1ebft cho c\u01a1 th\u1ec3.<\/p>\n<p><img decoding=\"async\" class=\"aligncenter\" src=\"https:\/\/havamall.vn\/wp-content\/uploads\/2025\/03\/my-11134207-7rasm-m2usrl7r0o0y3d.jpg\" \/><\/p>\n<h3><span style=\"font-size: 14pt\"><strong>3. Th\u00e0nh ph\u1ea7n<\/strong><\/span><\/h3>\n<ul>\n<li>Xo\u00e0i t\u1ef1 nhi\u00ean<\/li>\n<li>\u0110\u01b0\u1eddng tinh luy\u1ec7n<\/li>\n<li>Ch\u1ea5t \u0111i\u1ec1u ch\u1ec9nh \u0111\u1ed9 chua (330)<\/li>\n<li>Kh\u00f4ng ch\u1ee9a ph\u1ea9m m\u00e0u nh\u00e2n t\u1ea1o<\/li>\n<li>Kh\u00f4ng ch\u1ea5t b\u1ea3o qu\u1ea3n \u0111\u1ed9c h\u1ea1i<\/li>\n<\/ul>\n<p>Everest Dry Mango \u0111\u1ea3m b\u1ea3o mang \u0111\u1ebfn s\u1ef1 an t\u00e2m cho ng\u01b0\u1eddi d\u00f9ng v\u1edbi th\u00e0nh ph\u1ea7n t\u1ef1 nhi\u00ean, kh\u00f4ng ch\u1ee9a h\u00f3a ch\u1ea5t g\u00e2y h\u1ea1i, ph\u00f9 h\u1ee3p cho c\u1ea3 tr\u1ebb em v\u00e0 ng\u01b0\u1eddi l\u1edbn.<\/p>\n<p><img fetchpriority=\"high\" decoding=\"async\" class=\"aligncenter\" src=\"https:\/\/havamall.vn\/wp-content\/uploads\/2025\/03\/MANGO_004_02.jpg\" width=\"1018\" height=\"1142\" \/><\/p>\n<h3><span style=\"font-size: 14pt\"><strong>4. C\u00e1ch d\u00f9ng<\/strong><\/span><\/h3>\n<ul>\n<li><strong>\u0102n tr\u1ef1c ti\u1ebfp<\/strong>: Th\u01b0\u1edfng th\u1ee9c ngay sau khi m\u1edf g\u00f3i, ph\u00f9 h\u1ee3p l\u00e0m m\u00f3n \u0103n nh\u1eb9 cho m\u1ecdi l\u1ee9a tu\u1ed5i.<\/li>\n<li><strong>K\u1ebft h\u1ee3p v\u1edbi s\u1eefa chua<\/strong>: Tr\u1ed9n c\u00f9ng s\u1eefa chua \u0111\u1ec3 t\u0103ng th\u00eam v\u1ecb chua ng\u1ecdt h\u1ea5p d\u1eabn.<\/li>\n<li><strong>L\u00e0m topping cho b\u00e1nh, kem<\/strong>: T\u0103ng th\u00eam s\u1ef1 phong ph\u00fa v\u00e0 m\u00e0u s\u1eafc cho c\u00e1c m\u00f3n tr\u00e1ng mi\u1ec7ng.<\/li>\n<li><strong>D\u00f9ng trong pha ch\u1ebf \u0111\u1ed3 u\u1ed1ng<\/strong>: K\u1ebft h\u1ee3p v\u1edbi tr\u00e0, sinh t\u1ed1 ho\u1eb7c cocktail \u0111\u1ec3 t\u1ea1o ra h\u01b0\u01a1ng v\u1ecb \u0111\u1ed9c \u0111\u00e1o.<\/li>\n<li><strong>Nguy\u00ean li\u1ec7u n\u1ea5u \u0103n<\/strong>: C\u00f3 th\u1ec3 s\u1eed d\u1ee5ng trong c\u00e1c m\u00f3n salad ho\u1eb7c m\u00f3n \u0103n \u00c1 \u2013 \u00c2u \u0111\u1ec3 t\u0103ng \u0111\u1ed9 ngon mi\u1ec7ng.<\/li>\n<li><img decoding=\"async\" class=\"aligncenter\" src=\"https:\/\/havamall.vn\/wp-content\/uploads\/2025\/03\/Instanty-Gujarati-Dal-1-960x1358.jpg\" width=\"988\" height=\"1419\" \/><\/li>\n<\/ul>\n<h3><span style=\"font-size: 14pt\"><strong>5. V\u00ec sao b\u1ea1n n\u00ean ch\u1ecdn Everest Dry Mango 100g ?<\/strong><\/span><\/h3>\n<ul>\n<li><strong>H\u01b0\u01a1ng v\u1ecb t\u1ef1 nhi\u00ean, kh\u00f4ng h\u00f3a ch\u1ea5t<\/strong>: \u0110\u01b0\u1ee3c l\u00e0m t\u1eeb nh\u1eefng tr\u00e1i xo\u00e0i t\u01b0\u01a1i ngon nh\u1ea5t, gi\u1eef tr\u1ecdn h\u01b0\u01a1ng v\u1ecb nguy\u00ean b\u1ea3n c\u1ee7a xo\u00e0i.<\/li>\n<li><strong>Gi\u00e0u dinh d\u01b0\u1ee1ng<\/strong>: Cung c\u1ea5p l\u01b0\u1ee3ng l\u1edbn vitamin A, C, c\u00f9ng c\u00e1c ch\u1ea5t ch\u1ed1ng oxy h\u00f3a gi\u00fap t\u0103ng c\u01b0\u1eddng h\u1ec7 mi\u1ec5n d\u1ecbch v\u00e0 l\u00e0m \u0111\u1eb9p da.<\/li>\n<li><strong>Kh\u00f4ng ch\u1ea5t b\u1ea3o qu\u1ea3n \u0111\u1ed9c h\u1ea1i<\/strong>: An to\u00e0n cho s\u1ee9c kh\u1ecfe, ph\u00f9 h\u1ee3p v\u1edbi m\u1ecdi \u0111\u1ed1i t\u01b0\u1ee3ng, k\u1ec3 c\u1ea3 tr\u1ebb nh\u1ecf.<\/li>\n<li><strong>Ti\u1ec7n l\u1ee3i, d\u1ec5 b\u1ea3o qu\u1ea3n<\/strong>: \u0110\u00f3ng g\u00f3i nh\u1ecf g\u1ecdn, d\u1ec5 d\u00e0ng mang theo khi \u0111i du l\u1ecbch, c\u00f4ng t\u00e1c hay d\u00f9ng l\u00e0m qu\u00e0 bi\u1ebfu t\u1eb7ng.<\/li>\n<li><strong>S\u1ea3n ph\u1ea9m t\u1eeb th\u01b0\u01a1ng hi\u1ec7u uy t\u00edn<\/strong>: Everest l\u00e0 m\u1ed9t trong nh\u1eefng th\u01b0\u01a1ng hi\u1ec7u h\u00e0ng \u0111\u1ea7u t\u1ea1i \u1ea4n \u0110\u1ed9 v\u1edbi s\u1ef1 tin t\u01b0\u1edfng c\u1ee7a h\u00e0ng tri\u1ec7u ng\u01b0\u1eddi ti\u00eau d\u00f9ng.<\/li>\n<\/ul>\n<p><img decoding=\"async\" class=\"aligncenter\" src=\"https:\/\/havamall.vn\/wp-content\/uploads\/2025\/03\/Instanty-Gujarati-Dal-3-960x1358.jpg\" width=\"1009\" height=\"1278\" \/><\/p>\n<p>Everest Dry Mango 100g kh\u00f4ng ch\u1ec9 l\u00e0 m\u1ed9t m\u00f3n \u0103n v\u1eb7t th\u01a1m ngon m\u00e0 c\u00f2n l\u00e0 s\u1ef1 l\u1ef1a ch\u1ecdn tuy\u1ec7t v\u1eddi cho nh\u1eefng ai y\u00eau th\u00edch th\u1ef1c ph\u1ea9m t\u1ef1 nhi\u00ean, t\u1ed1t cho s\u1ee9c kh\u1ecfe. Tr\u1ea3i nghi\u1ec7m ngay h\u01b0\u01a1ng v\u1ecb \u0111\u1ed9c \u0111\u00e1o c\u1ee7a xo\u00e0i s\u1ea5y d\u1ebbo t\u1eeb Everest v\u00e0 t\u1eadn h\u01b0\u1edfng v\u1ecb ngon ng\u1ecdt tinh t\u00fay t\u1eeb thi\u00ean nhi\u00ean! S\u1ea3n ph\u1ea9m hi\u1ec7n \u0111ang \u0111\u01b0\u1ee3c b\u00e1n t\u1ea1i Havamall.<\/p>\n<\/div>","protected":false},"excerpt":{"rendered":"<p>TH\u00d4NG TIN CHUNG Th\u01b0\u01a1ng hi\u1ec7u Everest Xu\u1ea5t x\u1ee9 \u1ea4n \u0110\u1ed9 Th\u00e0nh ph\u1ea7n Xem tr\u1ef1c ti\u1ebfp tr\u00ean bao b\u00ec H\u1ea1n s\u1eed<\/p>","protected":false},"featured_media":36413,"comment_status":"open","ping_status":"closed","template":"","meta":[],"product_brand":[],"product_cat":[595,681,154,36,143],"product_tag":[],"class_list":{"0":"post-36412","1":"product","2":"type-product","3":"status-publish","4":"has-post-thumbnail","6":"product_cat-gia-vi-va-che-bien","7":"product_cat-nhap-khau-an-do","8":"product_cat-gia-vi","9":"product_cat-thuc-pham-tieu-dung","10":"product_cat-thuc-pham-dong-hop","12":"first","13":"outofstock","14":"sale","15":"shipping-taxable","16":"purchasable","17":"product-type-simple"},"_links":{"self":[{"href":"https:\/\/havamall.vn\/en\/wp-json\/wp\/v2\/product\/36412"}],"collection":[{"href":"https:\/\/havamall.vn\/en\/wp-json\/wp\/v2\/product"}],"about":[{"href":"https:\/\/havamall.vn\/en\/wp-json\/wp\/v2\/types\/product"}],"replies":[{"embeddable":true,"href":"https:\/\/havamall.vn\/en\/wp-json\/wp\/v2\/comments?post=36412"}],"version-history":[{"count":0,"href":"https:\/\/havamall.vn\/en\/wp-json\/wp\/v2\/product\/36412\/revisions"}],"wp:featuredmedia":[{"embeddable":true,"href":"https:\/\/havamall.vn\/en\/wp-json\/wp\/v2\/media\/36413"}],"wp:attachment":[{"href":"https:\/\/havamall.vn\/en\/wp-json\/wp\/v2\/media?parent=36412"}],"wp:term":[{"taxonomy":"product_brand","embeddable":true,"href":"https:\/\/havamall.vn\/en\/wp-json\/wp\/v2\/product_brand?post=36412"},{"taxonomy":"product_cat","embeddable":true,"href":"https:\/\/havamall.vn\/en\/wp-json\/wp\/v2\/product_cat?post=36412"},{"taxonomy":"product_tag","embeddable":true,"href":"https:\/\/havamall.vn\/en\/wp-json\/wp\/v2\/product_tag?post=36412"}],"curies":[{"name":"wp","href":"https:\/\/api.w.org\/{rel}","templated":true}]}}