{"id":36409,"date":"2025-03-08T12:00:58","date_gmt":"2025-03-08T05:00:58","guid":{"rendered":"https:\/\/havamall.vn\/?post_type=product&#038;p=36409"},"modified":"2025-03-08T12:00:58","modified_gmt":"2025-03-08T05:00:58","slug":"bun-bo-hue-ca-men-250g-bao-quan-dong-lanh-ca-men-foods","status":"publish","type":"product","link":"https:\/\/havamall.vn\/en\/shop\/bun-bo-hue-ca-men-250g-bao-quan-dong-lanh-ca-men-foods\/","title":{"rendered":"B\u00fan B\u00f2 Hu\u1ebf C\u00e0 M\u00e8n 250g \u2013 B\u1ea3o qu\u1ea3n \u0111\u00f4ng l\u1ea1nh C\u00e0 M\u00e8n Foods"},"content":{"rendered":"<p><strong>C\u00c0 M\u00c8N FOODS \u2013 H\u00c0NH TR\u00ccNH MANG \u1ea8M TH\u1ef0C VI\u1ec6T \u0110I MU\u00d4N PH\u01af\u01a0NG<\/strong><\/p>\n<p><strong>C\u00e0 M\u00e8n Foods<\/strong>\u00a0l\u00e0 m\u1ed9t th\u01b0\u01a1ng hi\u1ec7u \u1ea9m th\u1ef1c Vi\u1ec7t Nam, \u0111\u01b0\u1ee3c th\u00e0nh l\u1eadp v\u00e0o n\u0103m 2015 b\u1edfi nh\u00e0 s\u00e1ng l\u1eadp Nguy\u1ec5n \u0110\u1ee9c Nh\u1eadt Thu\u1eadn, v\u1edbi s\u1ee9 m\u1ec7nh mang \u1ea9m th\u1ef1c Qu\u1ea3ng Tr\u1ecb \u0111\u1ebfn v\u1edbi th\u1ef1c kh\u00e1ch trong v\u00e0 ngo\u00e0i n\u01b0\u1edbc. Th\u01b0\u01a1ng hi\u1ec7u n\u00e0y \u0111\u00e3 ph\u1ee5c v\u1ee5 h\u00e0ng tri\u1ec7u b\u1eefa \u0103n ch\u1ea5t l\u01b0\u1ee3ng, \u0111\u1eadm h\u01b0\u01a1ng v\u1ecb Qu\u1ea3ng Tr\u1ecb nh\u01b0 b\u00e1nh \u01b0\u1edbt Ph\u01b0\u01a1ng Lang, ch\u00e1o b\u1ed9t c\u00e1 l\u00f3c, ch\u00e1o b\u1ed9t v\u1ecbt, g\u00e0 b\u00f3p rau r\u0103m v\u00e0 mi\u1ebfn l\u01b0\u01a1n x\u00e0o.<\/p>\n<p><img fetchpriority=\"high\" decoding=\"async\" class=\"aligncenter\" src=\"https:\/\/havamall.vn\/wp-content\/uploads\/2025\/03\/logo_camenlogo-4.png\" width=\"958\" height=\"746\" \/><\/p>\n<p><strong>C\u00e0 M\u00e8n Foods<\/strong>\u00a0kh\u00f4ng ch\u1ec9 \u0111\u01a1n thu\u1ea7n l\u00e0 m\u1ed9t th\u01b0\u01a1ng hi\u1ec7u th\u1ef1c ph\u1ea9m, m\u00e0 c\u00f2n mang trong m\u00ecnh s\u1ee9 m\u1ec7nh lan t\u1ecfa tinh hoa \u1ea9m th\u1ef1c Vi\u1ec7t \u0111\u1ebfn kh\u1eafp n\u01a1i tr\u00ean th\u1ebf gi\u1edbi. V\u1edbi\u00a0<strong>t\u1ea7m nh\u00ecn<\/strong>\u00a0\u201c\u1ede \u0111\u00e2u c\u00f3 ng\u01b0\u1eddi Vi\u1ec7t, \u1edf \u0111\u00f3 c\u00f3 \u1ea9m th\u1ef1c Vi\u1ec7t,\u201d C\u00e0 M\u00e8n h\u01b0\u1edbng \u0111\u1ebfn vi\u1ec7c \u0111\u01b0a nh\u1eefng m\u00f3n \u0103n truy\u1ec1n th\u1ed1ng \u0111\u1ebfn g\u1ea7n h\u01a1n v\u1edbi c\u1ed9ng \u0111\u1ed3ng ng\u01b0\u1eddi Vi\u1ec7t xa qu\u00ea c\u0169ng nh\u01b0 gi\u1edbi thi\u1ec7u \u1ea9m th\u1ef1c Vi\u1ec7t Nam \u0111\u1ebfn b\u1ea1n b\u00e8 qu\u1ed1c t\u1ebf.<\/p>\n<p>B\u00ean c\u1ea1nh \u0111\u00f3, C\u00e0 M\u00e8n lu\u00f4n gi\u1eef v\u1eefng\u00a0<strong>gi\u00e1 tr\u1ecb c\u1ed1t l\u00f5i<\/strong>:<br \/>\n\u2714 Ch\u00e2n th\u00e0nh \u2013 T\u1eed t\u1ebf \u2013 Tinh th\u1ea7n kh\u1edfi nghi\u1ec7p<br \/>\n\u2714 Y\u00eau th\u01b0\u01a1ng v\u00e0 bi\u1ebft \u01a1n<br \/>\n\u2714 Ch\u1ea5t l\u01b0\u1ee3ng h\u00e0ng \u0111\u1ea7u<\/p>\n<p>\u0110\u1eb7t\u00a0<strong>s\u1ee9 m\u1ec7nh<\/strong>\u00a0\u201cMang \u1ea9m th\u1ef1c Vi\u1ec7t \u0111i mu\u00f4n ph\u01b0\u01a1ng\u201d l\u00e0m kim ch\u1ec9 nam, C\u00e0 M\u00e8n kh\u00f4ng ng\u1eebng \u0111\u1ed5i m\u1edbi, ph\u00e1t tri\u1ec3n v\u00e0 gi\u1eef v\u1eefng b\u1ea3n s\u1eafc d\u00e2n t\u1ed9c trong t\u1eebng s\u1ea3n ph\u1ea9m. T\u1eebng m\u00f3n \u0103n kh\u00f4ng ch\u1ec9 \u0111\u1ea3m b\u1ea3o ch\u1ea5t l\u01b0\u1ee3ng m\u00e0 c\u00f2n mang \u0111\u1eadm h\u01b0\u01a1ng v\u1ecb qu\u00ea h\u01b0\u01a1ng, gi\u00fap m\u1ecdi ng\u01b0\u1eddi d\u00f9 \u1edf b\u1ea5t c\u1ee9 \u0111\u00e2u c\u0169ng c\u00f3 th\u1ec3 th\u01b0\u1edfng th\u1ee9c h\u01b0\u01a1ng v\u1ecb Vi\u1ec7t Nam m\u1ed9t c\u00e1ch tr\u1ecdn v\u1eb9n nh\u1ea5t.<\/p>\n<p><img decoding=\"async\" class=\"aligncenter\" src=\"https:\/\/havamall.vn\/wp-content\/uploads\/2025\/03\/founder3.png\" width=\"962\" height=\"767\" \/><\/p>\n<h3 data-start=\"0\" data-end=\"51\"><strong data-start=\"4\" data-end=\"49\">B\u00daN B\u00d2 HU\u1ebe C\u00c0 M\u00c8N \u2013 \u0110\u1eacM \u0110\u00c0 H\u01af\u01a0NG V\u1eca C\u1ed0 \u0110\u00d4<\/strong><\/h3>\n<p data-start=\"53\" data-end=\"154\"><strong data-start=\"53\" data-end=\"69\">Th\u01b0\u01a1ng hi\u1ec7u:<\/strong>\u00a0C\u00e0 M\u00e8n (Vi\u1ec7t Nam)<br data-start=\"87\" data-end=\"90\" \/><strong data-start=\"90\" data-end=\"108\">Lo\u1ea1i s\u1ea3n ph\u1ea9m:<\/strong>\u00a0B\u00fan b\u00f2 Hu\u1ebf \u0111\u00f4ng l\u1ea1nh<br data-start=\"129\" data-end=\"132\" \/><strong data-start=\"132\" data-end=\"147\">Kh\u1ed1i l\u01b0\u1ee3ng:<\/strong>\u00a0250g<\/p>\n<h3 data-start=\"156\" data-end=\"210\"><strong data-start=\"160\" data-end=\"208\">H\u01b0\u01a1ng v\u1ecb truy\u1ec1n th\u1ed1ng \u2013 Tinh t\u00fay \u1ea9m th\u1ef1c Hu\u1ebf<\/strong><\/h3>\n<p data-start=\"211\" data-end=\"406\">B\u00fan b\u00f2 Hu\u1ebf C\u00e0 M\u00e8n mang \u0111\u1ebfn t\u00f4 b\u00fan \u0111\u1eadm \u0111\u00e0, cay th\u01a1m, chu\u1ea9n v\u1ecb Hu\u1ebf. S\u1ee3i b\u00fan m\u1ec1m dai, n\u01b0\u1edbc d\u00f9ng \u0111\u1eadm h\u01b0\u01a1ng s\u1ea3 \u1edbt, h\u00f2a quy\u1ec7n c\u00f9ng th\u1ecbt b\u00f2 th\u01a1m ngon, ch\u1ea3 Hu\u1ebf \u0111\u1eadm v\u1ecb, t\u1ea1o n\u00ean m\u00f3n \u0103n h\u1ea5p d\u1eabn kh\u00f3 c\u01b0\u1ee1ng.<\/p>\n<h3 data-start=\"429\" data-end=\"461\"><strong data-start=\"433\" data-end=\"459\">Th\u00e0nh ph\u1ea7n nguy\u00ean li\u1ec7u<\/strong><\/h3>\n<ul data-start=\"462\" data-end=\"734\">\n<li data-start=\"462\" data-end=\"511\"><strong data-start=\"443\" data-end=\"459\">S\u1ee3i b\u00fan t\u01b0\u01a1i<\/strong>\u00a0\u2013 tr\u1eafng trong, m\u1ec1m dai t\u1ef1 nhi\u00ean<\/li>\n<li data-start=\"462\" data-end=\"511\"><strong data-start=\"496\" data-end=\"517\">Th\u1ecbt b\u00f2 &amp; ch\u1ea3 Hu\u1ebf<\/strong>\u00a0\u2013 \u0111\u01b0\u1ee3c n\u1ea5u ch\u00edn, gi\u1eef tr\u1ecdn v\u1ecb ng\u1ecdt t\u1ef1 nhi\u00ean<\/li>\n<li data-start=\"462\" data-end=\"511\"><strong data-start=\"565\" data-end=\"589\">G\u00f3i n\u01b0\u1edbc d\u00f9ng c\u00f4 \u0111\u1eb7c<\/strong>\u00a0\u2013 n\u1ea5u t\u1eeb x\u01b0\u01a1ng b\u00f2, s\u1ea3, \u1edbt, m\u1eafm ru\u1ed1c Hu\u1ebf, t\u1ea1o \u0111\u1ed9 th\u01a1m ngon \u0111\u1eb7c tr\u01b0ng<\/li>\n<li data-start=\"462\" data-end=\"511\"><strong data-start=\"662\" data-end=\"682\">G\u00f3i h\u00e0nh ng\u00f2 kh\u00f4<\/strong>\u00a0\u2013 ti\u1ec7n l\u1ee3i, gi\u1eef tr\u1ecdn h\u01b0\u01a1ng v\u1ecb th\u01a1m n\u1ed3ng<\/li>\n<li data-start=\"462\" data-end=\"511\"><strong data-start=\"727\" data-end=\"752\">G\u00f3i t\u01b0\u01a1ng n\u00e9m &amp; sa t\u1ebf<\/strong>\u00a0\u2013 t\u0103ng v\u1ecb cay n\u1ed3ng, \u0111\u1eadm \u0111\u00e0 h\u01a1n khi th\u01b0\u1edfng th\u1ee9c<\/li>\n<\/ul>\n<p data-start=\"736\" data-end=\"800\">C\u00f3 th\u1ec3 \u0103n k\u00e8m v\u1edbi rau r\u0103m, h\u00e0nh l\u00e1, ti\u00eau xay \u0111\u1ec3 t\u0103ng h\u01b0\u01a1ng v\u1ecb.<\/p>\n<p><img decoding=\"async\" class=\"aligncenter\" src=\"https:\/\/havamall.vn\/wp-content\/uploads\/2025\/03\/vn-11134207-7ras8-m1mkq4kg8yprf9.webp\" width=\"972\" height=\"972\" \/><\/p>\n<h3 data-start=\"802\" data-end=\"828\"><strong data-start=\"806\" data-end=\"826\">\u0110\u1eb7c \u0111i\u1ec3m n\u1ed5i b\u1eadt<\/strong><\/h3>\n<p data-start=\"829\" data-end=\"971\">\u2714 Nguy\u00ean li\u1ec7u t\u01b0\u01a1i ngon, kh\u00f4ng ch\u1ea5t b\u1ea3o qu\u1ea3n<br data-start=\"874\" data-end=\"877\" \/>\u2714 H\u01b0\u01a1ng v\u1ecb \u0111\u1eadm \u0111\u00e0, chu\u1ea9n v\u1ecb Hu\u1ebf<br data-start=\"908\" data-end=\"911\" \/>\u2714 Ti\u1ec7n l\u1ee3i, d\u1ec5 ch\u1ebf bi\u1ebfn, ch\u1ec9 m\u1ea5t v\u00e0i ph\u00fat \u0111\u1ec3 c\u00f3 ngay t\u00f4 b\u00fan b\u00f2 Hu\u1ebf n\u00f3ng h\u1ed5i<\/p>\n<h3><strong>H\u01b0\u1edbng d\u1eabn s\u1eed d\u1ee5ng<\/strong><\/h3>\n<ul>\n<li data-start=\"1019\" data-end=\"1074\"><strong data-start=\"1022\" data-end=\"1042\">R\u00e3 \u0111\u00f4ng s\u1ea3n ph\u1ea9m<\/strong>\u00a0kho\u1ea3ng 30 ph\u00fat tr\u01b0\u1edbc khi n\u1ea5u.<\/li>\n<li data-start=\"1075\" data-end=\"1142\">Pha t\u00fai n\u01b0\u1edbc c\u1ed1t v\u1edbi n\u01b0\u1edbc s\u00f4i theo t\u1ec9 l\u1ec7 1:1 \u0111\u1ec3 l\u00e0m n\u01b0\u1edbc d\u00f9ng.<\/li>\n<li data-start=\"1143\" data-end=\"1238\">\u0110un s\u00f4i n\u01b0\u1edbc d\u00f9ng trong 2 ph\u00fat, sau \u0111\u00f3 cho b\u00fan, th\u1ecbt b\u00f2 v\u00e0 ch\u1ea3 Hu\u1ebf v\u00e0o, n\u1ea5u th\u00eam 3-5 ph\u00fat.<\/li>\n<li data-start=\"1239\" data-end=\"1310\">R\u1eafc h\u00e0nh ng\u00f2, th\u00eam t\u01b0\u01a1ng n\u00e9m v\u00e0 sa t\u1ebf \u0111\u1ec3 th\u01b0\u1edfng th\u1ee9c chu\u1ea9n v\u1ecb Hu\u1ebf.<\/li>\n<\/ul>\n<p><img loading=\"lazy\" decoding=\"async\" class=\"aligncenter\" src=\"https:\/\/scontent.fhan4-6.fna.fbcdn.net\/v\/t1.6435-9\/41350853_1000222420149496_5835401962895441920_n.jpg?_nc_cat=108&amp;ccb=1-7&amp;_nc_sid=833d8c&amp;_nc_ohc=a6cYrXu-WFcQ7kNvgETFt9C&amp;_nc_oc=AdgTzTzwlXMr8Dn1sjoyBx2UaTHi2V2lJLTzbdwZuoThP081BFJfUbx28OrX2ZrJgsA&amp;_nc_zt=23&amp;_nc_ht=scontent.fhan4-6.fna&amp;_nc_gid=AfHCr5RJPz7BCLgr3I3T6lV&amp;oh=00_AYETk_1prcsk3a9xuavBrYazzX2GhgLN1FXeGzaQoWXWrg&amp;oe=67F327FF\" alt=\"Kh\u00f4ng c\u00f3 m\u00f4 t\u1ea3 \u1ea3nh.\" width=\"980\" height=\"735\" \/><\/p>\n<h3><strong>B\u1ea3o qu\u1ea3n<\/strong><\/h3>\n<ul>\n<li>B\u1ea3o qu\u1ea3n \u1edf ng\u0103n \u0111\u00f4ng t\u1ee7 l\u1ea1nh.<\/li>\n<li>S\u1eed d\u1ee5ng t\u1ed1t nh\u1ea5t trong v\u00f2ng 30 ng\u00e0y.<\/li>\n<\/ul>\n<h3><strong>Mua B\u00e1nh Canh C\u00e1 L\u00f3c C\u00e0 M\u00e8n \u1ede \u0110\u00e2u?<\/strong><\/h3>\n<p>N\u1ebfu b\u1ea1n \u0111ang t\u00ecm mua b\u00e1nh canh c\u00e1 l\u00f3c C\u00e0 M\u00e8n t\u1ea1i TP.HCM, h\u00e3y gh\u00e9 ngay\u00a0<strong>Havamall<\/strong>. T\u1ea1i \u0111\u00e2y, b\u1ea1n s\u1ebd d\u1ec5 d\u00e0ng ch\u1ecdn \u0111\u01b0\u1ee3c s\u1ea3n ph\u1ea9m \u0111\u1ea1t chu\u1ea9n ch\u1ea5t l\u01b0\u1ee3ng, an t\u00e2m v\u1ec1 ngu\u1ed3n g\u1ed1c v\u1edbi m\u1ee9c gi\u00e1 t\u1ed1t nh\u1ea5t.<\/p>","protected":false},"excerpt":{"rendered":"<p>C\u00c0 M\u00c8N FOODS \u2013 H\u00c0NH TR\u00ccNH MANG \u1ea8M TH\u1ef0C VI\u1ec6T \u0110I MU\u00d4N PH\u01af\u01a0NG C\u00e0 M\u00e8n Foods\u00a0l\u00e0 m\u1ed9t th\u01b0\u01a1ng hi\u1ec7u \u1ea9m<\/p>","protected":false},"featured_media":36410,"comment_status":"open","ping_status":"closed","template":"","meta":[],"product_brand":[],"product_cat":[626],"product_tag":[],"class_list":{"0":"post-36409","1":"product","2":"type-product","3":"status-publish","4":"has-post-thumbnail","6":"product_cat-het-hang","7":"pa_brand-ca-men","9":"first","10":"instock","11":"sale","12":"shipping-taxable","13":"purchasable","14":"product-type-simple"},"_links":{"self":[{"href":"https:\/\/havamall.vn\/en\/wp-json\/wp\/v2\/product\/36409"}],"collection":[{"href":"https:\/\/havamall.vn\/en\/wp-json\/wp\/v2\/product"}],"about":[{"href":"https:\/\/havamall.vn\/en\/wp-json\/wp\/v2\/types\/product"}],"replies":[{"embeddable":true,"href":"https:\/\/havamall.vn\/en\/wp-json\/wp\/v2\/comments?post=36409"}],"version-history":[{"count":0,"href":"https:\/\/havamall.vn\/en\/wp-json\/wp\/v2\/product\/36409\/revisions"}],"wp:featuredmedia":[{"embeddable":true,"href":"https:\/\/havamall.vn\/en\/wp-json\/wp\/v2\/media\/36410"}],"wp:attachment":[{"href":"https:\/\/havamall.vn\/en\/wp-json\/wp\/v2\/media?parent=36409"}],"wp:term":[{"taxonomy":"product_brand","embeddable":true,"href":"https:\/\/havamall.vn\/en\/wp-json\/wp\/v2\/product_brand?post=36409"},{"taxonomy":"product_cat","embeddable":true,"href":"https:\/\/havamall.vn\/en\/wp-json\/wp\/v2\/product_cat?post=36409"},{"taxonomy":"product_tag","embeddable":true,"href":"https:\/\/havamall.vn\/en\/wp-json\/wp\/v2\/product_tag?post=36409"}],"curies":[{"name":"wp","href":"https:\/\/api.w.org\/{rel}","templated":true}]}}